{"id":13337,"date":"2024-08-04T04:55:00","date_gmt":"2024-08-04T01:55:00","guid":{"rendered":"https:\/\/yildizpolietilen.com\/urun\/alin-kaynak-makinasi\/"},"modified":"2025-06-24T15:06:43","modified_gmt":"2025-06-24T12:06:43","slug":"alin-kaynak-makinasi","status":"publish","type":"product","link":"https:\/\/www.yildizpolietilen.com\/fr\/urun\/alin-kaynak-makinasi\/","title":{"rendered":"MACHINE \u00c0 SOUDER LE FRONT"},"content":{"rendered":"<p data-start=\"84\" data-end=\"170\"><strong data-start=\"84\" data-end=\"170\">Machine \u00e0 souder bout \u00e0 bout &#8211; Solution de soudage haute performance pour les syst\u00e8mes de tubes PEHD<\/strong><\/p>\n<p data-start=\"172\" data-end=\"651\">\n<p data-start=\"653\" data-end=\"677\"><strong data-start=\"653\" data-end=\"675\">Domaines d&#8217;utilisation :<\/strong><\/p>\n<ul data-start=\"678\" data-end=\"861\">\n<li data-start=\"678\" data-end=\"711\">\n<p data-start=\"680\" data-end=\"711\">Syst\u00e8mes de canalisations d&#8217;eau et d&#8217;eaux us\u00e9es<\/p>\n<\/li>\n<li data-start=\"712\" data-end=\"740\">\n<p data-start=\"714\" data-end=\"740\">Lignes de distribution de gaz naturel<\/p>\n<\/li>\n<li data-start=\"741\" data-end=\"787\">\n<p data-start=\"743\" data-end=\"787\">Transport des fluides industriels et tuyauterie de process<\/p>\n<\/li>\n<li data-start=\"788\" data-end=\"819\">\n<p data-start=\"790\" data-end=\"819\">Infrastructures d&#8217;irrigation agricole<\/p>\n<\/li>\n<li data-start=\"820\" data-end=\"861\">\n<p data-start=\"822\" data-end=\"861\">Travaux de soudage de tuyaux dans les projets d&#8217;infrastructure<\/p>\n<\/li>\n<\/ul>\n<p data-start=\"863\" data-end=\"881\"><strong data-start=\"863\" data-end=\"879\">Avantages :<\/strong><\/p>\n<ul data-start=\"882\" data-end=\"1132\">\n<li data-start=\"882\" data-end=\"933\">\n<p data-start=\"884\" data-end=\"933\">Contr\u00f4le de haute pr\u00e9cision de la temp\u00e9rature et de la pression<\/p>\n<\/li>\n<li data-start=\"934\" data-end=\"974\">\n<p data-start=\"936\" data-end=\"974\">Adaptateurs pour une large gamme de diam\u00e8tres<\/p>\n<\/li>\n<li data-start=\"975\" data-end=\"1009\">\n<p data-start=\"977\" data-end=\"1009\">Conception durable et ergonomique<\/p>\n<\/li>\n<li data-start=\"1010\" data-end=\"1045\">\n<p data-start=\"1012\" data-end=\"1045\">Manipulation ais\u00e9e et installation rapide<\/p>\n<\/li>\n<li data-start=\"1046\" data-end=\"1092\">\n<p data-start=\"1048\" data-end=\"1092\">Connexion par soudure fiable et durable<\/p>\n<\/li>\n<li data-start=\"1093\" data-end=\"1132\">\n<p data-start=\"1095\" data-end=\"1132\">Portable et adapt\u00e9 aux conditions de terrain<\/p>\n<\/li>\n<\/ul>\n<p data-start=\"1134\" data-end=\"1158\"><strong data-start=\"1134\" data-end=\"1156\">Sp\u00e9cifications techniques :<\/strong><\/p>\n<ul data-start=\"1159\" data-end=\"1502\">\n<li data-start=\"1159\" data-end=\"1241\">\n<p data-start=\"1161\" data-end=\"1241\">Diam\u00e8tre de tuyau adapt\u00e9 : \u00d820 mm \u00e0 \u00d81600 mm (selon le mod\u00e8le et l&#8217;adaptateur)<\/p>\n<\/li>\n<li data-start=\"1242\" data-end=\"1307\">\n<p data-start=\"1244\" data-end=\"1307\">Puissance de l&#8217;\u00e9l\u00e9ment chauffant : Variable selon le mod\u00e8le (par exemple, 220 V, 2400 W)<\/p>\n<\/li>\n<li data-start=\"1308\" data-end=\"1360\">\n<p data-start=\"1310\" data-end=\"1360\">Contr\u00f4le de la temp\u00e9rature : Contr\u00f4le num\u00e9rique ou analogique<\/p>\n<\/li>\n<li data-start=\"1361\" data-end=\"1414\">\n<p data-start=\"1363\" data-end=\"1414\">M\u00e9canisme d&#8217;application de la pression : hydraulique ou manuel<\/p>\n<\/li>\n<li data-start=\"1415\" data-end=\"1447\">\n<p data-start=\"1417\" data-end=\"1447\">Poids Variable selon le mod\u00e8le<\/p>\n<\/li>\n<li data-start=\"1448\" data-end=\"1502\">\n<p data-start=\"1450\" data-end=\"1502\">Portabilit\u00e9 : L\u00e9ger et compact pour une utilisation sur le terrain<\/p>\n<\/li>\n<\/ul>\n\n","protected":false},"excerpt":{"rendered":"<p>La machine \u00e0 souder bout \u00e0 bout est un \u00e9quipement professionnel utilis\u00e9 pour cr\u00e9er des connexions solides, \u00e9tanches et durables en chauffant et en faisant fondre les extr\u00e9mit\u00e9s des tuyaux et des raccords en PEHD (PE100). C&#8217;est la solution id\u00e9ale pour raccorder en toute s\u00e9curit\u00e9 des canalisations dans le cadre de projets industriels et d&#8217;infrastructure. Il offre une large gamme d&#8217;applications gr\u00e2ce \u00e0 sa facilit\u00e9 d&#8217;utilisation, son contr\u00f4le pr\u00e9cis de la temp\u00e9rature et ses diff\u00e9rentes options d&#8217;adaptateurs convenant \u00e0 divers diam\u00e8tres de tuyaux.    <\/p>\n","protected":false},"featured_media":13339,"template":"","meta":{"pgc_sgb_lightbox_settings":""},"product_brand":[152],"product_cat":[48],"product_tag":[324,319,321,323,320,325,322,326,327],"class_list":{"0":"post-13337","1":"product","2":"type-product","3":"status-publish","4":"has-post-thumbnail","6":"product_brand-yildiz-polietilen","7":"product_cat-makinalar-ekipmanlar","8":"product_tag-alin-kaynak-makinasi","9":"product_tag-alin-kaynak-makinesi","10":"product_tag-boru-kaynak-makinesi","11":"product_tag-endustriyel-kaynak-ekipmani","12":"product_tag-hdpe-alin-kaynak-cihazi","13":"product_tag-hdpe-boru-birlestirme-makinesi","14":"product_tag-pe100-kaynak-makinesi","15":"product_tag-plastik-boru-kaynak-cihazi","16":"product_tag-yuksek-kapasiteli-alin-kaynak-makinesi","18":"first","19":"instock","20":"shipping-taxable","21":"product-type-simple"},"_links":{"self":[{"href":"https:\/\/www.yildizpolietilen.com\/fr\/wp-json\/wp\/v2\/product\/13337","targetHints":{"allow":["GET"]}}],"collection":[{"href":"https:\/\/www.yildizpolietilen.com\/fr\/wp-json\/wp\/v2\/product"}],"about":[{"href":"https:\/\/www.yildizpolietilen.com\/fr\/wp-json\/wp\/v2\/types\/product"}],"wp:featuredmedia":[{"embeddable":true,"href":"https:\/\/www.yildizpolietilen.com\/fr\/wp-json\/wp\/v2\/media\/13339"}],"wp:attachment":[{"href":"https:\/\/www.yildizpolietilen.com\/fr\/wp-json\/wp\/v2\/media?parent=13337"}],"wp:term":[{"taxonomy":"product_brand","embeddable":true,"href":"https:\/\/www.yildizpolietilen.com\/fr\/wp-json\/wp\/v2\/product_brand?post=13337"},{"taxonomy":"product_cat","embeddable":true,"href":"https:\/\/www.yildizpolietilen.com\/fr\/wp-json\/wp\/v2\/product_cat?post=13337"},{"taxonomy":"product_tag","embeddable":true,"href":"https:\/\/www.yildizpolietilen.com\/fr\/wp-json\/wp\/v2\/product_tag?post=13337"}],"curies":[{"name":"wp","href":"https:\/\/api.w.org\/{rel}","templated":true}]}}