{"id":13332,"date":"2024-08-04T04:53:21","date_gmt":"2024-08-04T01:53:21","guid":{"rendered":"https:\/\/yildizpolietilen.com\/urun\/celik-kor-flans\/"},"modified":"2025-06-24T15:06:40","modified_gmt":"2025-06-24T12:06:40","slug":"celik-kor-flans","status":"publish","type":"product","link":"https:\/\/www.yildizpolietilen.com\/fr\/urun\/celik-kor-flans\/","title":{"rendered":"BRIDE AVEUGLE EN ACIER PN 10"},"content":{"rendered":"<p data-start=\"87\" data-end=\"156\"><strong data-start=\"87\" data-end=\"156\">Bride aveugle en acier PN 10 &#8211; \u00c9tanch\u00e9it\u00e9 \u00c9l\u00e9ment d&#8217;\u00e9tanch\u00e9it\u00e9 dans les pipelines<\/strong><\/p>\n<p data-start=\"158\" data-end=\"557\">\n<p data-start=\"559\" data-end=\"583\"><strong data-start=\"559\" data-end=\"581\">Domaines d&#8217;utilisation :<\/strong><\/p>\n<ul data-start=\"584\" data-end=\"801\">\n<li data-start=\"584\" data-end=\"620\">\n<p data-start=\"586\" data-end=\"620\">Syst\u00e8mes d&#8217;infrastructure pour l&#8217;eau et les eaux us\u00e9es<\/p>\n<\/li>\n<li data-start=\"621\" data-end=\"660\">\n<p data-start=\"623\" data-end=\"660\">Conduites de gaz naturel et de gaz industriel<\/p>\n<\/li>\n<li data-start=\"661\" data-end=\"707\">\n<p data-start=\"663\" data-end=\"707\">Centrales \u00e9lectriques et installations industrielles<\/p>\n<\/li>\n<li data-start=\"708\" data-end=\"743\">\n<p data-start=\"710\" data-end=\"743\">Pipelines de produits chimiques et de proc\u00e9d\u00e9s<\/p>\n<\/li>\n<li data-start=\"744\" data-end=\"801\">\n<p data-start=\"746\" data-end=\"801\">Fermeture du pipeline pendant les travaux de projet et d&#8217;entretien<\/p>\n<\/li>\n<\/ul>\n<p data-start=\"803\" data-end=\"821\"><strong data-start=\"803\" data-end=\"819\">Avantages :<\/strong><\/p>\n<ul data-start=\"822\" data-end=\"1061\">\n<li data-start=\"822\" data-end=\"847\">\n<p data-start=\"824\" data-end=\"847\">PN 10 r\u00e9sistance \u00e0 la pression<\/p>\n<\/li>\n<li data-start=\"848\" data-end=\"892\">\n<p data-start=\"850\" data-end=\"892\">R\u00e9sistance m\u00e9canique et durabilit\u00e9 \u00e9lev\u00e9es<\/p>\n<\/li>\n<li data-start=\"893\" data-end=\"956\">\n<p data-start=\"895\" data-end=\"956\">Prot\u00e9g\u00e9 contre la corrosion (rev\u00eatement en option)<\/p>\n<\/li>\n<li data-start=\"957\" data-end=\"995\">\n<p data-start=\"959\" data-end=\"995\">Adaptation exacte aux brides de taille standard<\/p>\n<\/li>\n<li data-start=\"996\" data-end=\"1021\">\n<p data-start=\"998\" data-end=\"1021\">Montage et d\u00e9montage faciles<\/p>\n<\/li>\n<li data-start=\"1022\" data-end=\"1061\">\n<p data-start=\"1024\" data-end=\"1061\">Etanch\u00e9it\u00e9 durable et fiable<\/p>\n<\/li>\n<\/ul>\n<div id=\"footable_parent_16498\"\n         class=\" footable_parent ninja_table_wrapper loading_ninja_table wp_table_data_press_parent semantic_ui \">\n                <table data-ninja_table_instance=\"ninja_table_instance_0\" data-footable_id=\"16498\" data-filter-delay=\"1000\" aria-label=\"Flans-Celik-Kor-Flans-PN-10\"            id=\"footable_16498\"\n           data-unique_identifier=\"ninja_table_unique_id_663958446_16498\"\n           class=\" foo-table ninja_footable foo_table_16498 ninja_table_unique_id_663958446_16498 ui table  nt_type_legacy_table celled striped compact vertical_centered  footable-paging-right ninja_table_search_disabled ninja_table_pro\">\n                <colgroup>\n                            <col class=\"ninja_column_0 \">\n                            <col class=\"ninja_column_1 \">\n                            <col class=\"ninja_column_2 \">\n                            <col class=\"ninja_column_3 \">\n                            <col class=\"ninja_column_4 \">\n                            <col class=\"ninja_column_5 \">\n                            <col class=\"ninja_column_6 \">\n                            <col class=\"ninja_column_7 \">\n                            <col class=\"ninja_column_8 \">\n                            <col class=\"ninja_column_9 \">\n                            <col class=\"ninja_column_10 \">\n                            <col class=\"ninja_column_11 \">\n                    <\/colgroup>\n        <thead>\n<tr class=\"footable-header\">\n                                                                                                                                                                                                        <th scope=\"col\"  class=\"ninja_column_0 ninja_clmn_nm_SIRA \">SIRA<\/th><th scope=\"col\"  class=\"ninja_column_1 ninja_clmn_nm_\u00dcR\u00dcN KODU \">\u00dcR\u00dcN KODU<\/th><th scope=\"col\"  class=\"ninja_column_2 ninja_clmn_nm_\u00c7EL\u0130K ANMA \u00c7API \">\u00c7EL\u0130K ANMA \u00c7API<\/th><th scope=\"col\"  class=\"ninja_column_3 ninja_clmn_nm_PE ANMA \u00c7API \">PE ANMA \u00c7API<\/th><th scope=\"col\"  class=\"ninja_column_4 ninja_clmn_nm_DEL\u0130KLER ARASI MESAFE \">DEL\u0130KLER ARASI MESAFE<\/th><th scope=\"col\"  class=\"ninja_column_5 ninja_clmn_nm_FLAN\u015e DI\u015e \u00c7API \">FLAN\u015e DI\u015e \u00c7API<\/th><th scope=\"col\"  class=\"ninja_column_6 ninja_clmn_nm_DEL\u0130K \u00c7API \">DEL\u0130K \u00c7API<\/th><th scope=\"col\"  class=\"ninja_column_7 ninja_clmn_nm_KALINLIK \">KALINLIK<\/th><th scope=\"col\"  class=\"ninja_column_8 ninja_clmn_nm_DEL\u0130K SAYISI \">DEL\u0130K SAYISI<\/th><th scope=\"col\"  class=\"ninja_column_9 ninja_clmn_nm_A\u011eIRLIK [kg] \">A\u011eIRLIK [kg]<\/th><th scope=\"col\"  class=\"ninja_column_10 ninja_clmn_nm_KOL\u0130 ADED\u0130 \">KOL\u0130 ADED\u0130<\/th><th scope=\"col\"  class=\"ninja_column_11 ninja_clmn_nm_KOL\u0130 EBATI \">KOL\u0130 EBATI<\/th><\/tr>\n<\/thead>\n<tbody>\n\n        <tr data-row_id=\"7258\" class=\"ninja_table_row_0 nt_row_id_7258\">\n            <td>SEQ<\/td><td>PRODUCT CODE<\/td><td>SIZE OF STEEL dN [mm]<\/td><td>SIZE OF PE dN [mm]<\/td><td>K [mm]<\/td><td>D [mm]<\/td><td>d [mm]<\/td><td>b [mm]<\/td><td>n<\/td><td>WEIGHT [kg]<\/td><td>IN A PARCEL<\/td><td>PCS PRICE<\/td>        <\/tr>\n            <tr data-row_id=\"7259\" class=\"ninja_table_row_1 nt_row_id_7259\">\n            <td>1<\/td><td>970835700015<\/td><td>15<\/td><td>20<\/td><td>65<\/td><td>95<\/td><td>14<\/td><td>14<\/td><td>4<\/td><td>0.71<\/td><td>-<\/td><td>-<\/td>        <\/tr>\n            <tr data-row_id=\"7260\" class=\"ninja_table_row_2 nt_row_id_7260\">\n            <td>2<\/td><td>970835700020<\/td><td>20<\/td><td>25<\/td><td>75<\/td><td>105<\/td><td>14<\/td><td>16<\/td><td>4<\/td><td>1.01<\/td><td>-<\/td><td>-<\/td>        <\/tr>\n            <tr data-row_id=\"7261\" class=\"ninja_table_row_3 nt_row_id_7261\">\n            <td>3<\/td><td>970835700025<\/td><td>25<\/td><td>32<\/td><td>85<\/td><td>115<\/td><td>14<\/td><td>16<\/td><td>4<\/td><td>1.23<\/td><td>-<\/td><td>-<\/td>        <\/tr>\n            <tr data-row_id=\"7262\" class=\"ninja_table_row_4 nt_row_id_7262\">\n            <td>4<\/td><td>970835700032<\/td><td>32<\/td><td>40<\/td><td>100<\/td><td>140<\/td><td>18<\/td><td>16<\/td><td>4<\/td><td>1.81<\/td><td>-<\/td><td>-<\/td>        <\/tr>\n            <tr data-row_id=\"7263\" class=\"ninja_table_row_5 nt_row_id_7263\">\n            <td>5<\/td><td>970835700040<\/td><td>40<\/td><td>50<\/td><td>110<\/td><td>150<\/td><td>18<\/td><td>16<\/td><td>4<\/td><td>2.1<\/td><td>-<\/td><td>-<\/td>        <\/tr>\n            <tr data-row_id=\"7264\" class=\"ninja_table_row_6 nt_row_id_7264\">\n            <td>6<\/td><td>970835700050<\/td><td>50<\/td><td>63<\/td><td>125<\/td><td>165<\/td><td>18<\/td><td>18<\/td><td>4<\/td><td>2.88<\/td><td>-<\/td><td>-<\/td>        <\/tr>\n            <tr data-row_id=\"7265\" class=\"ninja_table_row_7 nt_row_id_7265\">\n            <td>7<\/td><td>970835700065<\/td><td>65<\/td><td>75<\/td><td>145<\/td><td>185<\/td><td>18<\/td><td>18<\/td><td>4<\/td><td>3.66<\/td><td>-<\/td><td>-<\/td>        <\/tr>\n            <tr data-row_id=\"7266\" class=\"ninja_table_row_8 nt_row_id_7266\">\n            <td>8<\/td><td>970835700080<\/td><td>80<\/td><td>90<\/td><td>160<\/td><td>200<\/td><td>18<\/td><td>20<\/td><td>8<\/td><td>4.62<\/td><td>-<\/td><td>-<\/td>        <\/tr>\n            <tr data-row_id=\"7267\" class=\"ninja_table_row_9 nt_row_id_7267\">\n            <td>9<\/td><td>970835700100<\/td><td>100<\/td><td>110<\/td><td>180<\/td><td>220<\/td><td>18<\/td><td>20<\/td><td>8<\/td><td>5.66<\/td><td>-<\/td><td>-<\/td>        <\/tr>\n            <tr data-row_id=\"7268\" class=\"ninja_table_row_10 nt_row_id_7268\">\n            <td>10<\/td><td>970835700100<\/td><td>100<\/td><td>125<\/td><td>180<\/td><td>220<\/td><td>18<\/td><td>20<\/td><td>8<\/td><td>5.66<\/td><td>-<\/td><td>-<\/td>        <\/tr>\n            <tr data-row_id=\"7269\" class=\"ninja_table_row_11 nt_row_id_7269\">\n            <td>11<\/td><td>970835700125<\/td><td>125<\/td><td>140<\/td><td>210<\/td><td>250<\/td><td>18<\/td><td>22<\/td><td>8<\/td><td>8.15<\/td><td>-<\/td><td>-<\/td>        <\/tr>\n            <tr data-row_id=\"7270\" class=\"ninja_table_row_12 nt_row_id_7270\">\n            <td>12<\/td><td>970835700150<\/td><td>150<\/td><td>160<\/td><td>240<\/td><td>285<\/td><td>22<\/td><td>22<\/td><td>8<\/td><td>10.52<\/td><td>-<\/td><td>-<\/td>        <\/tr>\n            <tr data-row_id=\"7271\" class=\"ninja_table_row_13 nt_row_id_7271\">\n            <td>13<\/td><td>970835700150<\/td><td>150<\/td><td>180<\/td><td>240<\/td><td>285<\/td><td>22<\/td><td>22<\/td><td>8<\/td><td>10.52<\/td><td>-<\/td><td>-<\/td>        <\/tr>\n            <tr data-row_id=\"7272\" class=\"ninja_table_row_14 nt_row_id_7272\">\n            <td>14<\/td><td>970835700200<\/td><td>200<\/td><td>200<\/td><td>295<\/td><td>340<\/td><td>22<\/td><td>24<\/td><td>8<\/td><td>16.57<\/td><td>-<\/td><td>-<\/td>        <\/tr>\n            <tr data-row_id=\"7273\" class=\"ninja_table_row_15 nt_row_id_7273\">\n            <td>15<\/td><td>970835700200<\/td><td>200<\/td><td>225<\/td><td>295<\/td><td>340<\/td><td>22<\/td><td>24<\/td><td>8<\/td><td>16.57<\/td><td>-<\/td><td>-<\/td>        <\/tr>\n            <tr data-row_id=\"7274\" class=\"ninja_table_row_16 nt_row_id_7274\">\n            <td>16<\/td><td>970835700250<\/td><td>250<\/td><td>250<\/td><td>350<\/td><td>395<\/td><td>22<\/td><td>26<\/td><td>12<\/td><td>24.14<\/td><td>-<\/td><td>-<\/td>        <\/tr>\n            <tr data-row_id=\"7275\" class=\"ninja_table_row_17 nt_row_id_7275\">\n            <td>17<\/td><td>970835700250<\/td><td>250<\/td><td>280<\/td><td>350<\/td><td>395<\/td><td>22<\/td><td>26<\/td><td>12<\/td><td>24.14<\/td><td>-<\/td><td>-<\/td>        <\/tr>\n            <tr data-row_id=\"7276\" class=\"ninja_table_row_18 nt_row_id_7276\">\n            <td>18<\/td><td>970835700300<\/td><td>300<\/td><td>315<\/td><td>400<\/td><td>445<\/td><td>22<\/td><td>26<\/td><td>12<\/td><td>30.89<\/td><td>-<\/td><td>-<\/td>        <\/tr>\n            <tr data-row_id=\"7277\" class=\"ninja_table_row_19 nt_row_id_7277\">\n            <td>19<\/td><td>970835700350<\/td><td>350<\/td><td>355<\/td><td>460<\/td><td>505<\/td><td>22<\/td><td>26<\/td><td>16<\/td><td>39.73<\/td><td>-<\/td><td>-<\/td>        <\/tr>\n            <tr data-row_id=\"7278\" class=\"ninja_table_row_20 nt_row_id_7278\">\n            <td>20<\/td><td>970835700400<\/td><td>400<\/td><td>400<\/td><td>515<\/td><td>565<\/td><td>26<\/td><td>26<\/td><td>16<\/td><td>49.56<\/td><td>-<\/td><td>-<\/td>        <\/tr>\n            <tr data-row_id=\"7279\" class=\"ninja_table_row_21 nt_row_id_7279\">\n            <td>21<\/td><td>970835700450<\/td><td>450<\/td><td>450<\/td><td>565<\/td><td>615<\/td><td>26<\/td><td>28<\/td><td>20<\/td><td>63.11<\/td><td>-<\/td><td>-<\/td>        <\/tr>\n            <tr data-row_id=\"7280\" class=\"ninja_table_row_22 nt_row_id_7280\">\n            <td>22<\/td><td>970835700500<\/td><td>500<\/td><td>500<\/td><td>620<\/td><td>670<\/td><td>26<\/td><td>28<\/td><td>20<\/td><td>75.34<\/td><td>-<\/td><td>-<\/td>        <\/tr>\n            <tr data-row_id=\"7281\" class=\"ninja_table_row_23 nt_row_id_7281\">\n            <td>23<\/td><td>970835700600<\/td><td>600<\/td><td>560<\/td><td>725<\/td><td>780<\/td><td>30<\/td><td>28<\/td><td>20<\/td><td>102.16<\/td><td>-<\/td><td>-<\/td>        <\/tr>\n            <tr data-row_id=\"7282\" class=\"ninja_table_row_24 nt_row_id_7282\">\n            <td>24<\/td><td>970835700600<\/td><td>600<\/td><td>630<\/td><td>725<\/td><td>780<\/td><td>30<\/td><td>28<\/td><td>20<\/td><td>102.16<\/td><td>-<\/td><td>-<\/td>        <\/tr>\n            <tr data-row_id=\"7283\" class=\"ninja_table_row_25 nt_row_id_7283\">\n            <td>25<\/td><td>970835700700<\/td><td>700<\/td><td>710<\/td><td>840<\/td><td>895<\/td><td>30<\/td><td>30<\/td><td>24<\/td><td>144.51<\/td><td>-<\/td><td>-<\/td>        <\/tr>\n            <tr data-row_id=\"7284\" class=\"ninja_table_row_26 nt_row_id_7284\">\n            <td>26<\/td><td>970835700800<\/td><td>800<\/td><td>800<\/td><td>950<\/td><td>1015<\/td><td>33<\/td><td>32<\/td><td>24<\/td><td>198.57<\/td><td>-<\/td><td>-<\/td>        <\/tr>\n            <tr data-row_id=\"7285\" class=\"ninja_table_row_27 nt_row_id_7285\">\n            <td>27<\/td><td>970835700900<\/td><td>900<\/td><td>900<\/td><td>1050<\/td><td>1115<\/td><td>33<\/td><td>34<\/td><td>28<\/td><td>254.82<\/td><td>-<\/td><td>-<\/td>        <\/tr>\n            <tr data-row_id=\"7286\" class=\"ninja_table_row_28 nt_row_id_7286\">\n            <td>28<\/td><td>970835701000<\/td><td>1000<\/td><td>1000<\/td><td>1150<\/td><td>1200<\/td><td>36<\/td><td>34<\/td><td>28<\/td><td>310.26<\/td><td>-<\/td><td>-<\/td>        <\/tr>\n            <tr data-row_id=\"7287\" class=\"ninja_table_row_29 nt_row_id_7287\">\n            <td>29<\/td><td>970835701200<\/td><td>1200<\/td><td>1200<\/td><td>1380<\/td><td>1455<\/td><td>39<\/td><td>38<\/td><td>32<\/td><td>485.73<\/td><td>-<\/td><td>-<\/td>        <\/tr>\n            <tr data-row_id=\"7288\" class=\"ninja_table_row_30 nt_row_id_7288\">\n            <td>30<\/td><td>970835701400<\/td><td>1400<\/td><td>1400<\/td><td>1590<\/td><td>1675<\/td><td>42<\/td><td>42<\/td><td>36<\/td><td>711.74<\/td><td>-<\/td><td>-<\/td>        <\/tr>\n            <tr data-row_id=\"7289\" class=\"ninja_table_row_31 nt_row_id_7289\">\n            <td>31<\/td><td>970835701600<\/td><td>1600<\/td><td>1600<\/td><td>1820<\/td><td>1915<\/td><td>48<\/td><td>46<\/td><td>40<\/td><td>1016.31<\/td><td>-<\/td><td>-<\/td>        <\/tr>\n    <\/tbody><!--ninja_tobody_rendering_done-->\n    <\/table>\n    \n    \n    \n<\/div>\n\n","protected":false},"excerpt":{"rendered":"<p><br data-start=\"178\" data-end=\"181\">La bride aveugle en acier PN 10 est un \u00e9l\u00e9ment de connexion durable et fiable utilis\u00e9 dans les syst\u00e8mes de tuyauterie pour terminer les lignes ou pour une fermeture temporaire pendant la maintenance. Produite conform\u00e9ment \u00e0 la classe de pression PN 10, cette bride aveugle est fabriqu\u00e9e en acier au carbone et pr\u00e9sente une r\u00e9sistance \u00e9lev\u00e9e et une longue dur\u00e9e de vie. Des options de production sont disponibles dans diff\u00e9rentes normes et tailles.    <\/p>\n","protected":false},"featured_media":11930,"template":"","meta":{"pgc_sgb_lightbox_settings":""},"product_brand":[152],"product_cat":[47],"product_tag":[338,336,340,341,223,342,339,337,343],"class_list":{"0":"post-13332","1":"product","2":"type-product","3":"status-publish","4":"has-post-thumbnail","6":"product_brand-yildiz-polietilen","7":"product_cat-flans","8":"product_tag-boru-kor-flans-pn-10","9":"product_tag-celik-kor-flans-pn-10","10":"product_tag-endustriyel-kor-flans","11":"product_tag-flans-kapama-elemani","12":"product_tag-karbon-celik-kor-flans","13":"product_tag-pn-10-boru-flansi","14":"product_tag-pn-10-flans-kapak","15":"product_tag-pn-10-kor-flans","16":"product_tag-sizdirmaz-kor-flans","18":"first","19":"instock","20":"shipping-taxable","21":"product-type-simple"},"_links":{"self":[{"href":"https:\/\/www.yildizpolietilen.com\/fr\/wp-json\/wp\/v2\/product\/13332","targetHints":{"allow":["GET"]}}],"collection":[{"href":"https:\/\/www.yildizpolietilen.com\/fr\/wp-json\/wp\/v2\/product"}],"about":[{"href":"https:\/\/www.yildizpolietilen.com\/fr\/wp-json\/wp\/v2\/types\/product"}],"wp:featuredmedia":[{"embeddable":true,"href":"https:\/\/www.yildizpolietilen.com\/fr\/wp-json\/wp\/v2\/media\/11930"}],"wp:attachment":[{"href":"https:\/\/www.yildizpolietilen.com\/fr\/wp-json\/wp\/v2\/media?parent=13332"}],"wp:term":[{"taxonomy":"product_brand","embeddable":true,"href":"https:\/\/www.yildizpolietilen.com\/fr\/wp-json\/wp\/v2\/product_brand?post=13332"},{"taxonomy":"product_cat","embeddable":true,"href":"https:\/\/www.yildizpolietilen.com\/fr\/wp-json\/wp\/v2\/product_cat?post=13332"},{"taxonomy":"product_tag","embeddable":true,"href":"https:\/\/www.yildizpolietilen.com\/fr\/wp-json\/wp\/v2\/product_tag?post=13332"}],"curies":[{"name":"wp","href":"https:\/\/api.w.org\/{rel}","templated":true}]}}