{"id":13329,"date":"2024-08-04T04:52:31","date_gmt":"2024-08-04T01:52:31","guid":{"rendered":"https:\/\/yildizpolietilen.com\/urun\/celik-flans\/"},"modified":"2025-06-24T15:06:36","modified_gmt":"2025-06-24T12:06:36","slug":"celik-flans","status":"publish","type":"product","link":"https:\/\/www.yildizpolietilen.com\/fr\/urun\/celik-flans\/","title":{"rendered":"BRIDE EN ACIER PN10"},"content":{"rendered":"<p data-start=\"81\" data-end=\"149\"><strong data-start=\"81\" data-end=\"149\">Bride en acier PN 10 &#8211; Raccord de tuyauterie durable et fiable<\/strong><\/p>\n<p data-start=\"151\" data-end=\"550\"><br data-start=\"171\" data-end=\"174\"><\/p>\n<p data-start=\"552\" data-end=\"576\"><strong data-start=\"552\" data-end=\"574\">Domaines d&#8217;utilisation :<\/strong><\/p>\n<ul data-start=\"577\" data-end=\"749\">\n<li data-start=\"577\" data-end=\"613\">\n<p data-start=\"579\" data-end=\"613\">Syst\u00e8mes de distribution d&#8217;eau et d&#8217;assainissement<\/p>\n<\/li>\n<li data-start=\"614\" data-end=\"646\">\n<p data-start=\"616\" data-end=\"646\">Installations de gaz naturel et d&#8217;\u00e9nergie<\/p>\n<\/li>\n<li data-start=\"647\" data-end=\"682\">\n<p data-start=\"649\" data-end=\"682\">Conduites de process industriel<\/p>\n<\/li>\n<li data-start=\"683\" data-end=\"718\">\n<p data-start=\"685\" data-end=\"718\">Usines chimiques<\/p>\n<\/li>\n<li data-start=\"719\" data-end=\"749\">\n<p data-start=\"721\" data-end=\"749\">Projets d&#8217;infrastructure et de superstructure<\/p>\n<\/li>\n<\/ul>\n<p data-start=\"751\" data-end=\"769\"><strong data-start=\"751\" data-end=\"767\">Avantages :<\/strong><\/p>\n<ul data-start=\"770\" data-end=\"1030\">\n<li data-start=\"770\" data-end=\"816\">\n<p data-start=\"772\" data-end=\"816\">Connexion s\u00e9curis\u00e9e avec une r\u00e9sistance \u00e0 la pression de PN 10<\/p>\n<\/li>\n<li data-start=\"817\" data-end=\"861\">\n<p data-start=\"819\" data-end=\"861\">Durabilit\u00e9 m\u00e9canique \u00e9lev\u00e9e et longue dur\u00e9e de vie<\/p>\n<\/li>\n<li data-start=\"862\" data-end=\"901\">\n<p data-start=\"864\" data-end=\"901\">Adaptation exacte aux tailles de brides standard<\/p>\n<\/li>\n<li data-start=\"902\" data-end=\"950\">\n<p data-start=\"904\" data-end=\"950\">Options de rev\u00eatement de protection contre la corrosion<\/p>\n<\/li>\n<li data-start=\"951\" data-end=\"983\">\n<p data-start=\"953\" data-end=\"983\">Installation et entretien faciles<\/p>\n<\/li>\n<li data-start=\"984\" data-end=\"1030\">\n<p data-start=\"986\" data-end=\"1030\">Possibilit\u00e9 de production en diff\u00e9rents diam\u00e8tres et \u00e9paisseurs<\/p>\n<\/li>\n<\/ul>\n","protected":false},"excerpt":{"rendered":"<p>La bride en acier PN 10 est un raccord durable et fiable utilis\u00e9 dans les syst\u00e8mes de tuyauterie, adapt\u00e9 \u00e0 la classe de pression PN 10. Fabriqu\u00e9e en acier au carbone, cette bride assure l&#8217;\u00e9tanch\u00e9it\u00e9 lors du raccordement de tuyaux, de vannes, de pompes et d&#8217;autres \u00e9quipements dans diverses applications industrielles. Elle offre des solutions flexibles aux besoins des projets en \u00e9tant produite dans des tailles standard et des diam\u00e8tres diff\u00e9rents.    <\/p>\n","protected":false},"featured_media":11895,"template":"","meta":{"pgc_sgb_lightbox_settings":""},"product_brand":[152],"product_cat":[47],"product_tag":[347,350,344,351,348,346,352,349,345],"class_list":{"0":"post-13329","1":"product","2":"type-product","3":"status-publish","4":"has-post-thumbnail","6":"product_brand-yildiz-polietilen","7":"product_cat-flans","8":"product_tag-boru-flansi-pn-10","9":"product_tag-celik-flans-cesitleri","10":"product_tag-celik-flans-pn-10","11":"product_tag-dayanikli-flans","12":"product_tag-endustriyel-flans","13":"product_tag-karbon-celik-flans","14":"product_tag-pn-10-basinc-flansi","15":"product_tag-pn-10-boru-baglanti-elemani","16":"product_tag-pn-10-flans","18":"first","19":"instock","20":"shipping-taxable","21":"product-type-simple"},"_links":{"self":[{"href":"https:\/\/www.yildizpolietilen.com\/fr\/wp-json\/wp\/v2\/product\/13329","targetHints":{"allow":["GET"]}}],"collection":[{"href":"https:\/\/www.yildizpolietilen.com\/fr\/wp-json\/wp\/v2\/product"}],"about":[{"href":"https:\/\/www.yildizpolietilen.com\/fr\/wp-json\/wp\/v2\/types\/product"}],"wp:featuredmedia":[{"embeddable":true,"href":"https:\/\/www.yildizpolietilen.com\/fr\/wp-json\/wp\/v2\/media\/11895"}],"wp:attachment":[{"href":"https:\/\/www.yildizpolietilen.com\/fr\/wp-json\/wp\/v2\/media?parent=13329"}],"wp:term":[{"taxonomy":"product_brand","embeddable":true,"href":"https:\/\/www.yildizpolietilen.com\/fr\/wp-json\/wp\/v2\/product_brand?post=13329"},{"taxonomy":"product_cat","embeddable":true,"href":"https:\/\/www.yildizpolietilen.com\/fr\/wp-json\/wp\/v2\/product_cat?post=13329"},{"taxonomy":"product_tag","embeddable":true,"href":"https:\/\/www.yildizpolietilen.com\/fr\/wp-json\/wp\/v2\/product_tag?post=13329"}],"curies":[{"name":"wp","href":"https:\/\/api.w.org\/{rel}","templated":true}]}}