{"id":13316,"date":"2024-08-04T04:48:20","date_gmt":"2024-08-04T01:48:20","guid":{"rendered":"https:\/\/yildizpolietilen.com\/urun\/celik-gecis-ic-disli\/"},"modified":"2025-06-24T15:06:33","modified_gmt":"2025-06-24T12:06:33","slug":"celik-gecis-ic-disli","status":"publish","type":"product","link":"https:\/\/www.yildizpolietilen.com\/fr\/urun\/celik-gecis-ic-disli\/","title":{"rendered":"TRANSITION \u00c0 FILETAGE INTERNE EN ACIER"},"content":{"rendered":"<div id=\"footable_parent_16484\"\n         class=\" footable_parent ninja_table_wrapper loading_ninja_table wp_table_data_press_parent semantic_ui \">\n                <table data-ninja_table_instance=\"ninja_table_instance_0\" data-footable_id=\"16484\" data-filter-delay=\"1000\" aria-label=\"GP-Celik-Gecis-Ic-Disli\"            id=\"footable_16484\"\n           data-unique_identifier=\"ninja_table_unique_id_1226283234_16484\"\n           class=\" foo-table ninja_footable foo_table_16484 ninja_table_unique_id_1226283234_16484 ui table  nt_type_legacy_table celled striped compact vertical_centered  footable-paging-right ninja_table_search_disabled ninja_table_pro\">\n                <colgroup>\n                            <col class=\"ninja_column_0 \">\n                            <col class=\"ninja_column_1 \">\n                            <col class=\"ninja_column_2 \">\n                            <col class=\"ninja_column_3 \">\n                            <col class=\"ninja_column_4 \">\n                            <col class=\"ninja_column_5 \">\n                            <col class=\"ninja_column_6 \">\n                            <col class=\"ninja_column_7 \">\n                            <col class=\"ninja_column_8 \">\n                    <\/colgroup>\n        <thead>\n<tr class=\"footable-header\">\n                                                                                                                                                        <th scope=\"col\"  class=\"ninja_column_0 ninja_clmn_nm_SIRA \">SIRA<\/th><th scope=\"col\"  class=\"ninja_column_1 ninja_clmn_nm_\u00dcR\u00dcN KODU \">\u00dcR\u00dcN KODU<\/th><th scope=\"col\"  class=\"ninja_column_2 ninja_clmn_nm_\u00c7AP d [mm] \">\u00c7AP d [mm]<\/th><th scope=\"col\"  class=\"ninja_column_3 ninja_clmn_nm_L [mm] \">L [mm]<\/th><th scope=\"col\"  class=\"ninja_column_4 ninja_clmn_nm_L1 [mm] \">L1 [mm]<\/th><th scope=\"col\"  class=\"ninja_column_5 ninja_clmn_nm_L2 [mm] \">L2 [mm]<\/th><th scope=\"col\"  class=\"ninja_column_6 ninja_clmn_nm_A\u011eIRLIK [kg] \">A\u011eIRLIK [kg]<\/th><th scope=\"col\"  class=\"ninja_column_7 ninja_clmn_nm_KOL\u0130 ADED\u0130 \">KOL\u0130 ADED\u0130<\/th><th scope=\"col\"  class=\"ninja_column_8 ninja_clmn_nm_KOL\u0130 EBATI \">KOL\u0130 EBATI<\/th><\/tr>\n<\/thead>\n<tbody>\n\n        <tr data-row_id=\"7155\" class=\"ninja_table_row_0 nt_row_id_7155\">\n            <td>SEQ<\/td><td>PRODUCT CODE<\/td><td>SIZE d [mm]<\/td><td>L [mm]<\/td><td>L1 [mm]<\/td><td>L2 [mm]<\/td><td>WEIGHT [kg]<\/td><td>IN A PARCEL<\/td><td>PCS PRICE<\/td>        <\/tr>\n            <tr data-row_id=\"7156\" class=\"ninja_table_row_1 nt_row_id_7156\">\n            <td>1<\/td><td>974822100063<\/td><td>63<\/td><td>212.8<\/td><td>106.8<\/td><td>44.5<\/td><td>1.84<\/td><td>12<\/td><td>27*33\/27<\/td>        <\/tr>\n            <tr data-row_id=\"7157\" class=\"ninja_table_row_2 nt_row_id_7157\">\n            <td>2<\/td><td>974822100090<\/td><td>90<\/td><td>188<\/td><td>84.5<\/td><td>43.8<\/td><td>2.67<\/td><td>6<\/td><td>27*33*27<\/td>        <\/tr>\n    <\/tbody><!--ninja_tobody_rendering_done-->\n    <\/table>\n    \n    \n    \n<\/div>\n\n","protected":false},"excerpt":{"rendered":"<p data-start=\"108\" data-end=\"199\"><strong data-start=\"108\" data-end=\"199\">Transition en acier \u00e0 filetage interne &#8211; Raccordement robuste et \u00e9tanche dans les syst\u00e8mes de tuyauterie en plastique et en m\u00e9tal<\/strong><\/p>\n<p data-start=\"201\" data-end=\"631\"><strong data-start=\"201\" data-end=\"221\">Description du produit :<\/strong><br data-start=\"221\" data-end=\"224\">Steel Transition Internal Thread est un raccord con\u00e7u pour assurer la transition entre les tuyaux en plastique poly\u00e9thyl\u00e8ne (PE) et les tuyaux en m\u00e9tal. Les filets sur la surface int\u00e9rieure de la partie en acier sont sp\u00e9cialement fabriqu\u00e9s pour renforcer la connexion et augmenter l&#8217;\u00e9tanch\u00e9it\u00e9. L&#8217;acier est le mat\u00e9riau de choix pour ces raccords en raison de sa grande solidit\u00e9, de sa durabilit\u00e9 et de sa r\u00e9sistance \u00e0 la corrosion.    <\/p>\n<p data-start=\"633\" data-end=\"979\">La partie en plastique est raccord\u00e9e \u00e0 la partie en plastique de la canalisation par soudage bout \u00e0 bout ou par des raccords d&#8217;\u00e9lectrofusion (EF) appropri\u00e9s. Gr\u00e2ce \u00e0 sa large gamme de produits adapt\u00e9s \u00e0 diff\u00e9rents diam\u00e8tres et tailles de filetage, elle offre des solutions id\u00e9ales pour tous les types de raccordements requis dans divers projets. Les domaines d&#8217;application sont nombreux, notamment les conduites de gaz naturel et d&#8217;eau.    <\/p>\n<p data-start=\"981\" data-end=\"1005\"><strong data-start=\"981\" data-end=\"1003\">Domaines d&#8217;utilisation :<\/strong><\/p>\n<ul data-start=\"1006\" data-end=\"1176\">\n<li data-start=\"1006\" data-end=\"1037\">\n<p data-start=\"1008\" data-end=\"1037\">Syst\u00e8mes de distribution de gaz naturel<\/p>\n<\/li>\n<li data-start=\"1038\" data-end=\"1071\">\n<p data-start=\"1040\" data-end=\"1071\">Conduites d&#8217;eau potable<\/p>\n<\/li>\n<li data-start=\"1072\" data-end=\"1114\">\n<p data-start=\"1074\" data-end=\"1114\">Lignes de transport de liquides et de gaz industriels<\/p>\n<\/li>\n<li data-start=\"1115\" data-end=\"1145\">\n<p data-start=\"1117\" data-end=\"1145\">Syst\u00e8mes d&#8217;irrigation agricole<\/p>\n<\/li>\n<li data-start=\"1146\" data-end=\"1176\">\n<p data-start=\"1148\" data-end=\"1176\">Projets d&#8217;infrastructure et d&#8217;installation<\/p>\n<\/li>\n<\/ul>\n<p data-start=\"1178\" data-end=\"1196\"><strong data-start=\"1178\" data-end=\"1194\">Avantages :<\/strong><\/p>\n<ul data-start=\"1197\" data-end=\"1509\">\n<li data-start=\"1197\" data-end=\"1248\">\n<p data-start=\"1199\" data-end=\"1248\">Structure en acier \u00e0 haute r\u00e9sistance \u00e0 la corrosion<\/p>\n<\/li>\n<li data-start=\"1249\" data-end=\"1297\">\n<p data-start=\"1251\" data-end=\"1297\">Etanch\u00e9it\u00e9 accrue gr\u00e2ce \u00e0 la conception du filetage interne<\/p>\n<\/li>\n<li data-start=\"1298\" data-end=\"1356\">\n<p data-start=\"1300\" data-end=\"1356\">Transition robuste entre les syst\u00e8mes de tuyaux en plastique et en m\u00e9tal<\/p>\n<\/li>\n<li data-start=\"1357\" data-end=\"1420\">\n<p data-start=\"1359\" data-end=\"1420\">Assemblage facile et s\u00fbr par \u00e9lectrofusion ou soudage bout \u00e0 bout<\/p>\n<\/li>\n<li data-start=\"1421\" data-end=\"1473\">\n<p data-start=\"1423\" data-end=\"1473\">Possibilit\u00e9s de production dans diff\u00e9rents diam\u00e8tres et tailles de filets<\/p>\n<\/li>\n<li data-start=\"1474\" data-end=\"1509\">\n<p data-start=\"1476\" data-end=\"1509\">Connexion durable et r\u00e9sistante<\/p>\n<\/li>\n<\/ul>\n<p data-start=\"1511\" data-end=\"1535\"><strong data-start=\"1511\" data-end=\"1533\">Sp\u00e9cifications techniques :<\/strong><\/p>\n<ul data-start=\"1536\" data-end=\"1794\">\n<li data-start=\"1536\" data-end=\"1561\">\n<p data-start=\"1538\" data-end=\"1561\">Mat\u00e9riau : Acier au carbone<\/p>\n<\/li>\n<li data-start=\"1562\" data-end=\"1606\">\n<p data-start=\"1564\" data-end=\"1606\">Type de connexion : Raccord de transition filet\u00e9 interne<\/p>\n<\/li>\n<li data-start=\"1607\" data-end=\"1669\">\n<p data-start=\"1609\" data-end=\"1669\">Raccord en plastique : Soudure bout \u00e0 bout ou raccord d&#8217;\u00e9lectrofusion<\/p>\n<\/li>\n<li data-start=\"1670\" data-end=\"1708\">\n<p data-start=\"1672\" data-end=\"1708\">Gamme de diam\u00e8tres : Variable selon le projet<\/p>\n<\/li>\n<li data-start=\"1709\" data-end=\"1739\">\n<p data-start=\"1711\" data-end=\"1739\">Classe de pression : PN10 \/ PN16<\/p>\n<\/li>\n<li data-start=\"1740\" data-end=\"1794\">\n<p data-start=\"1742\" data-end=\"1794\">Traitement de surface : Galvanis\u00e9 ou options de rev\u00eatement sp\u00e9cial<\/p>\n<\/li>\n<\/ul>\n","protected":false},"featured_media":10167,"template":"","meta":{"pgc_sgb_lightbox_settings":""},"product_brand":[152],"product_cat":[46],"product_tag":[371,376,374,372,377,369,378,379],"class_list":{"0":"post-13316","1":"product","2":"type-product","3":"status-publish","4":"has-post-thumbnail","6":"product_brand-yildiz-polietilen","7":"product_cat-hdpe-gecis-parcalari","8":"product_tag-alin-kaynakli-gecis-adaptoru","9":"product_tag-celik-gecis-ic-disli","10":"product_tag-dogalgaz-boru-gecisi","11":"product_tag-elektrofuzyon-gecis-parcasi","12":"product_tag-ic-disli-gecis-baglantisi","13":"product_tag-pe-plastik-boru-gecis-parcasi","14":"product_tag-pn10-ic-disli-baglanti","15":"product_tag-su-hatti-ic-disli-adaptor","17":"first","18":"instock","19":"shipping-taxable","20":"product-type-simple"},"_links":{"self":[{"href":"https:\/\/www.yildizpolietilen.com\/fr\/wp-json\/wp\/v2\/product\/13316","targetHints":{"allow":["GET"]}}],"collection":[{"href":"https:\/\/www.yildizpolietilen.com\/fr\/wp-json\/wp\/v2\/product"}],"about":[{"href":"https:\/\/www.yildizpolietilen.com\/fr\/wp-json\/wp\/v2\/types\/product"}],"wp:featuredmedia":[{"embeddable":true,"href":"https:\/\/www.yildizpolietilen.com\/fr\/wp-json\/wp\/v2\/media\/10167"}],"wp:attachment":[{"href":"https:\/\/www.yildizpolietilen.com\/fr\/wp-json\/wp\/v2\/media?parent=13316"}],"wp:term":[{"taxonomy":"product_brand","embeddable":true,"href":"https:\/\/www.yildizpolietilen.com\/fr\/wp-json\/wp\/v2\/product_brand?post=13316"},{"taxonomy":"product_cat","embeddable":true,"href":"https:\/\/www.yildizpolietilen.com\/fr\/wp-json\/wp\/v2\/product_cat?post=13316"},{"taxonomy":"product_tag","embeddable":true,"href":"https:\/\/www.yildizpolietilen.com\/fr\/wp-json\/wp\/v2\/product_tag?post=13316"}],"curies":[{"name":"wp","href":"https:\/\/api.w.org\/{rel}","templated":true}]}}