{"id":13314,"date":"2024-08-04T04:46:43","date_gmt":"2024-08-04T01:46:43","guid":{"rendered":"https:\/\/yildizpolietilen.com\/urun\/ic-disli-princ-gecis\/"},"modified":"2025-06-24T15:06:27","modified_gmt":"2025-06-24T12:06:27","slug":"ic-disli-princ-gecis","status":"publish","type":"product","link":"https:\/\/www.yildizpolietilen.com\/fr\/urun\/ic-disli-princ-gecis\/","title":{"rendered":"RACCORD DE PRESSE POUR ENGRENAGE INTERNE"},"content":{"rendered":"<div id=\"footable_parent_16486\"\n         class=\" footable_parent ninja_table_wrapper loading_ninja_table wp_table_data_press_parent semantic_ui \">\n                <table data-ninja_table_instance=\"ninja_table_instance_0\" data-footable_id=\"16486\" data-filter-delay=\"1000\" aria-label=\"GP-Ic-Disli-Princ-Gecis\"            id=\"footable_16486\"\n           data-unique_identifier=\"ninja_table_unique_id_1627660226_16486\"\n           class=\" foo-table ninja_footable foo_table_16486 ninja_table_unique_id_1627660226_16486 ui table  nt_type_legacy_table celled striped compact vertical_centered  footable-paging-right ninja_table_search_disabled ninja_table_pro\">\n                <colgroup>\n                            <col class=\"ninja_column_0 \">\n                            <col class=\"ninja_column_1 \">\n                            <col class=\"ninja_column_2 \">\n                            <col class=\"ninja_column_3 \">\n                            <col class=\"ninja_column_4 \">\n                            <col class=\"ninja_column_5 \">\n                            <col class=\"ninja_column_6 \">\n                            <col class=\"ninja_column_7 \">\n                    <\/colgroup>\n        <thead>\n<tr class=\"footable-header\">\n                                                                                                                                        <th scope=\"col\"  class=\"ninja_column_0 ninja_clmn_nm_SIRA \">SIRA<\/th><th scope=\"col\"  class=\"ninja_column_1 ninja_clmn_nm_\u00dcR\u00dcN KODU \">\u00dcR\u00dcN KODU<\/th><th scope=\"col\"  class=\"ninja_column_2 ninja_clmn_nm_\u00c7AP d [mm] \">\u00c7AP d [mm]<\/th><th scope=\"col\"  class=\"ninja_column_3 ninja_clmn_nm_L [mm] \">L [mm]<\/th><th scope=\"col\"  class=\"ninja_column_4 ninja_clmn_nm_L1 [mm] \">L1 [mm]<\/th><th scope=\"col\"  class=\"ninja_column_5 ninja_clmn_nm_A\u011eIRLIK [kg] \">A\u011eIRLIK [kg]<\/th><th scope=\"col\"  class=\"ninja_column_6 ninja_clmn_nm_KOL\u0130 ADED\u0130 \">KOL\u0130 ADED\u0130<\/th><th scope=\"col\"  class=\"ninja_column_7 ninja_clmn_nm_KOL\u0130 EBATI \">KOL\u0130 EBATI<\/th><\/tr>\n<\/thead>\n<tbody>\n\n        <tr data-row_id=\"7165\" class=\"ninja_table_row_0 nt_row_id_7165\">\n            <td>SEQ<\/td><td>PRODUCT CODE<\/td><td>SIZE d [mm]<\/td><td>L [mm]<\/td><td>L1 [mm]<\/td><td>WEIGHT [kg]<\/td><td>IN A PARCEL<\/td><td>PCS PRICE<\/td>        <\/tr>\n            <tr data-row_id=\"7166\" class=\"ninja_table_row_1 nt_row_id_7166\">\n            <td>1<\/td><td>974871100025<\/td><td>3\/4<\/td><td>73.1<\/td><td>40.4<\/td><td>0.104<\/td><td>170<\/td><td>27*33*27<\/td>        <\/tr>\n            <tr data-row_id=\"7167\" class=\"ninja_table_row_2 nt_row_id_7167\">\n            <td>2<\/td><td>974871100032<\/td><td>32\/1<\/td><td>78.5<\/td><td>47.2<\/td><td>0.11<\/td><td>105<\/td><td>27*33*27<\/td>        <\/tr>\n            <tr data-row_id=\"7168\" class=\"ninja_table_row_3 nt_row_id_7168\">\n            <td>3<\/td><td>974871102532<\/td><td>32\/\u00be<\/td><td>72.2<\/td><td>40.7<\/td><td>0.108<\/td><td>150<\/td><td>27*33*27<\/td>        <\/tr>\n            <tr data-row_id=\"7169\" class=\"ninja_table_row_4 nt_row_id_7169\">\n            <td>4<\/td><td>974871100040<\/td><td>40\/1\u00bc<\/td><td>87.2<\/td><td>52.5<\/td><td>0.184<\/td><td>90<\/td><td>27*33*27<\/td>        <\/tr>\n            <tr data-row_id=\"7170\" class=\"ninja_table_row_5 nt_row_id_7170\">\n            <td>5<\/td><td>974871100050<\/td><td>50\/1\u00bd<\/td><td>91.4<\/td><td>52.5<\/td><td>0.24<\/td><td>50<\/td><td>27*33*27<\/td>        <\/tr>\n            <tr data-row_id=\"7171\" class=\"ninja_table_row_6 nt_row_id_7171\">\n            <td>6<\/td><td>974871100063<\/td><td>63\/2<\/td><td>106<\/td><td>69.2<\/td><td>0.336<\/td><td>28<\/td><td>27*33*27<\/td>        <\/tr>\n    <\/tbody><!--ninja_tobody_rendering_done-->\n    <\/table>\n    \n    \n    \n<\/div>\n\n","protected":false},"excerpt":{"rendered":"<p data-start=\"122\" data-end=\"214\"><strong data-start=\"122\" data-end=\"214\">Transition en laiton \u00e0 filetage interne &#8211; Connexion robuste et \u00e9tanche dans les syst\u00e8mes de tuyauterie en plastique et en m\u00e9tal<\/strong><\/p>\n<p data-start=\"216\" data-end=\"650\"><strong data-start=\"216\" data-end=\"236\">Description du produit :<\/strong><br data-start=\"236\" data-end=\"239\">Internal Threaded Brass Transition est un raccord con\u00e7u pour assurer la transition entre les tuyaux en plastique poly\u00e9thyl\u00e8ne (PE) et les tuyaux en m\u00e9tal. Les filets sur la surface int\u00e9rieure de la partie en laiton sont sp\u00e9cialement fabriqu\u00e9s pour renforcer la connexion et augmenter l&#8217;\u00e9tanch\u00e9it\u00e9. Le laiton est le mat\u00e9riau pr\u00e9f\u00e9r\u00e9 pour ces raccords en raison de sa grande durabilit\u00e9, de sa r\u00e9sistance \u00e0 la corrosion et de sa facilit\u00e9 d&#8217;usinage.    <\/p>\n<p data-start=\"652\" data-end=\"976\">La partie en plastique est assembl\u00e9e \u00e0 la section en plastique de la canalisation par soudage bout \u00e0 bout ou par des raccords d&#8217;\u00e9lectrofusion (EF) appropri\u00e9s. Gr\u00e2ce \u00e0 sa large gamme de produits adapt\u00e9s \u00e0 diff\u00e9rents diam\u00e8tres et tailles de filetage, il offre des solutions de raccordement n\u00e9cessaires \u00e0 divers projets. Il peut \u00eatre utilis\u00e9 en toute s\u00e9curit\u00e9 dans de nombreuses applications, en particulier dans les conduites de gaz naturel et d&#8217;eau.    <\/p>\n<p data-start=\"978\" data-end=\"1002\"><strong data-start=\"978\" data-end=\"1000\">Domaines d&#8217;utilisation :<\/strong><\/p>\n<ul data-start=\"1003\" data-end=\"1173\">\n<li data-start=\"1003\" data-end=\"1034\">\n<p data-start=\"1005\" data-end=\"1034\">Syst\u00e8mes de distribution de gaz naturel<\/p>\n<\/li>\n<li data-start=\"1035\" data-end=\"1068\">\n<p data-start=\"1037\" data-end=\"1068\">Conduites d&#8217;eau potable<\/p>\n<\/li>\n<li data-start=\"1069\" data-end=\"1111\">\n<p data-start=\"1071\" data-end=\"1111\">Lignes de transport de liquides et de gaz industriels<\/p>\n<\/li>\n<li data-start=\"1112\" data-end=\"1142\">\n<p data-start=\"1114\" data-end=\"1142\">Syst\u00e8mes d&#8217;irrigation agricole<\/p>\n<\/li>\n<li data-start=\"1143\" data-end=\"1173\">\n<p data-start=\"1145\" data-end=\"1173\">Projets d&#8217;infrastructure et d&#8217;installation<\/p>\n<\/li>\n<\/ul>\n<p data-start=\"1175\" data-end=\"1193\"><strong data-start=\"1175\" data-end=\"1191\">Avantages :<\/strong><\/p>\n<ul data-start=\"1194\" data-end=\"1485\">\n<li data-start=\"1194\" data-end=\"1248\">\n<p data-start=\"1196\" data-end=\"1248\">Construction en laiton tr\u00e8s robuste et r\u00e9sistant \u00e0 la corrosion<\/p>\n<\/li>\n<li data-start=\"1249\" data-end=\"1297\">\n<p data-start=\"1251\" data-end=\"1297\">Etanch\u00e9it\u00e9 accrue gr\u00e2ce \u00e0 la conception du filetage interne<\/p>\n<\/li>\n<li data-start=\"1298\" data-end=\"1356\">\n<p data-start=\"1300\" data-end=\"1356\">Transition robuste entre les syst\u00e8mes de tuyaux en plastique et en m\u00e9tal<\/p>\n<\/li>\n<li data-start=\"1357\" data-end=\"1409\">\n<p data-start=\"1359\" data-end=\"1409\">Assemblage facile par \u00e9lectrofusion ou soudure bout \u00e0 bout<\/p>\n<\/li>\n<li data-start=\"1410\" data-end=\"1449\">\n<p data-start=\"1412\" data-end=\"1449\">Large gamme de diam\u00e8tres et de tailles de filets<\/p>\n<\/li>\n<li data-start=\"1450\" data-end=\"1485\">\n<p data-start=\"1452\" data-end=\"1485\">Connexion durable et r\u00e9sistante<\/p>\n<\/li>\n<\/ul>\n<p data-start=\"1487\" data-end=\"1511\"><strong data-start=\"1487\" data-end=\"1509\">Sp\u00e9cifications techniques :<\/strong><\/p>\n<ul data-start=\"1512\" data-end=\"1767\">\n<li data-start=\"1512\" data-end=\"1531\">\n<p data-start=\"1514\" data-end=\"1531\">Mat\u00e9riau : Laiton<\/p>\n<\/li>\n<li data-start=\"1532\" data-end=\"1576\">\n<p data-start=\"1534\" data-end=\"1576\">Type de connexion : Raccord de transition filet\u00e9 interne<\/p>\n<\/li>\n<li data-start=\"1577\" data-end=\"1639\">\n<p data-start=\"1579\" data-end=\"1639\">Raccord en plastique : Soudure bout \u00e0 bout ou raccord d&#8217;\u00e9lectrofusion<\/p>\n<\/li>\n<li data-start=\"1640\" data-end=\"1678\">\n<p data-start=\"1642\" data-end=\"1678\">Gamme de diam\u00e8tres : Variable selon le projet<\/p>\n<\/li>\n<li data-start=\"1679\" data-end=\"1709\">\n<p data-start=\"1681\" data-end=\"1709\">Classe de pression : PN10 \/ PN16<\/p>\n<\/li>\n<li data-start=\"1710\" data-end=\"1767\">\n<p data-start=\"1712\" data-end=\"1767\">Traitement de surface : Options de polissage ou de chromage<\/p>\n<\/li>\n<\/ul>\n","protected":false},"featured_media":10155,"template":"","meta":{"pgc_sgb_lightbox_settings":""},"product_brand":[152],"product_cat":[46],"product_tag":[384,386,387,382,388,383,389],"class_list":{"0":"post-13314","1":"product","2":"type-product","3":"status-publish","4":"has-post-thumbnail","6":"product_brand-yildiz-polietilen","7":"product_cat-hdpe-gecis-parcalari","8":"product_tag-dogalgaz-pirinc-adaptor","9":"product_tag-elektrofuzyon-pirinc-gecis","10":"product_tag-ic-disli-pirinc-gecis","11":"product_tag-pe-plastik-boru-pirinc-gecis","12":"product_tag-pirinc-ic-disli-baglanti","13":"product_tag-pn10-pirinc-gecis-parcasi","14":"product_tag-su-hatti-pirinc-ic-disli","16":"first","17":"instock","18":"shipping-taxable","19":"product-type-simple"},"_links":{"self":[{"href":"https:\/\/www.yildizpolietilen.com\/fr\/wp-json\/wp\/v2\/product\/13314","targetHints":{"allow":["GET"]}}],"collection":[{"href":"https:\/\/www.yildizpolietilen.com\/fr\/wp-json\/wp\/v2\/product"}],"about":[{"href":"https:\/\/www.yildizpolietilen.com\/fr\/wp-json\/wp\/v2\/types\/product"}],"wp:featuredmedia":[{"embeddable":true,"href":"https:\/\/www.yildizpolietilen.com\/fr\/wp-json\/wp\/v2\/media\/10155"}],"wp:attachment":[{"href":"https:\/\/www.yildizpolietilen.com\/fr\/wp-json\/wp\/v2\/media?parent=13314"}],"wp:term":[{"taxonomy":"product_brand","embeddable":true,"href":"https:\/\/www.yildizpolietilen.com\/fr\/wp-json\/wp\/v2\/product_brand?post=13314"},{"taxonomy":"product_cat","embeddable":true,"href":"https:\/\/www.yildizpolietilen.com\/fr\/wp-json\/wp\/v2\/product_cat?post=13314"},{"taxonomy":"product_tag","embeddable":true,"href":"https:\/\/www.yildizpolietilen.com\/fr\/wp-json\/wp\/v2\/product_tag?post=13314"}],"curies":[{"name":"wp","href":"https:\/\/api.w.org\/{rel}","templated":true}]}}