{"id":13293,"date":"2024-08-04T04:45:07","date_gmt":"2024-08-04T01:45:07","guid":{"rendered":"https:\/\/yildizpolietilen.com\/urun\/egal-quadrilatere-te\/"},"modified":"2025-06-24T15:06:27","modified_gmt":"2025-06-24T12:06:27","slug":"egal-quadrilatere-te","status":"publish","type":"product","link":"https:\/\/www.yildizpolietilen.com\/fr\/urun\/egal-quadrilatere-te\/","title":{"rendered":"TEE A QUATRE VOIES"},"content":{"rendered":"<p data-start=\"82\" data-end=\"156\"><strong data-start=\"82\" data-end=\"156\">T\u00e9 \u00e0 quatre coins en PEHD &#8211; Solution de raccordement polyvalente pour les syst\u00e8mes de tuyaux en PEHD<\/strong><\/p>\n<p data-start=\"158\" data-end=\"532\"><strong data-start=\"158\" data-end=\"178\">Description du produit :<\/strong><br data-start=\"178\" data-end=\"181\">La production sp\u00e9ciale peut \u00eatre r\u00e9alis\u00e9e en fonction de diam\u00e8tres identiques ou diff\u00e9rents dans les projets. Gr\u00e2ce \u00e0 sa structure durable, il peut \u00eatre utilis\u00e9 en toute s\u00e9curit\u00e9 dans les canalisations d&#8217;eau, de gaz naturel, d&#8217;eaux us\u00e9es et industrielles.   <\/p>\n<p data-start=\"705\" data-end=\"729\"><strong data-start=\"705\" data-end=\"727\">Domaines d&#8217;utilisation :<\/strong><\/p>\n<ul data-start=\"730\" data-end=\"915\">\n<li data-start=\"730\" data-end=\"766\">\n<p data-start=\"732\" data-end=\"766\">Syst\u00e8mes de distribution d&#8217;eau et d&#8217;infrastructure<\/p>\n<\/li>\n<li data-start=\"767\" data-end=\"792\">\n<p data-start=\"769\" data-end=\"792\">Gazoducs<\/p>\n<\/li>\n<li data-start=\"793\" data-end=\"833\">\n<p data-start=\"795\" data-end=\"833\">Transport industriel de liquides et de gaz<\/p>\n<\/li>\n<li data-start=\"834\" data-end=\"864\">\n<p data-start=\"836\" data-end=\"864\">Syst\u00e8mes d&#8217;irrigation agricole<\/p>\n<\/li>\n<li data-start=\"865\" data-end=\"915\">\n<p data-start=\"867\" data-end=\"915\">Acheminement et connexion dans des pipelines complexes<\/p>\n<\/li>\n<\/ul>\n<p data-start=\"917\" data-end=\"935\"><strong data-start=\"917\" data-end=\"933\">Avantages :<\/strong><\/p>\n<ul data-start=\"936\" data-end=\"1184\">\n<li data-start=\"936\" data-end=\"993\">\n<p data-start=\"938\" data-end=\"993\">Utilisation flexible et polyvalente avec quatre ports<\/p>\n<\/li>\n<li data-start=\"994\" data-end=\"1052\">\n<p data-start=\"996\" data-end=\"1052\">Raccordement robuste et \u00e9tanche par soudure par \u00e9lectrofusion<\/p>\n<\/li>\n<li data-start=\"1053\" data-end=\"1098\">\n<p data-start=\"1055\" data-end=\"1098\">Grande durabilit\u00e9 et longue dur\u00e9e de vie<\/p>\n<\/li>\n<li data-start=\"1099\" data-end=\"1153\">\n<p data-start=\"1101\" data-end=\"1153\">Compatibilit\u00e9 des projets avec diff\u00e9rents diam\u00e8tres et angles<\/p>\n<\/li>\n<li data-start=\"1154\" data-end=\"1184\">\n<p data-start=\"1156\" data-end=\"1184\">Installation et entretien faciles<\/p>\n<\/li>\n<\/ul>\n<p data-start=\"1186\" data-end=\"1210\"><strong data-start=\"1186\" data-end=\"1208\">Sp\u00e9cifications techniques :<\/strong><\/p>\n<ul data-start=\"1211\" data-end=\"1407\">\n<li data-start=\"1211\" data-end=\"1236\">\n<p data-start=\"1213\" data-end=\"1236\">Mat\u00e9riau : PEHD (PE100)<\/p>\n<\/li>\n<li data-start=\"1237\" data-end=\"1279\">\n<p data-start=\"1239\" data-end=\"1279\">M\u00e9thode de connexion : Soudage par \u00e9lectrofusion<\/p>\n<\/li>\n<li data-start=\"1280\" data-end=\"1321\">\n<p data-start=\"1282\" data-end=\"1321\">Gamme de diam\u00e8tres : Production sp\u00e9ciale selon le projet<\/p>\n<\/li>\n<li data-start=\"1322\" data-end=\"1374\">\n<p data-start=\"1324\" data-end=\"1374\">Adaptation : Conduites d&#8217;eau, de gaz, d&#8217;eaux us\u00e9es et industrielles<\/p>\n<\/li>\n<li data-start=\"1375\" data-end=\"1407\">\n<p data-start=\"1377\" data-end=\"1407\">Normes ISO 4427, EN 1555<\/p>\n<\/li>\n<\/ul>\n<div id=\"footable_parent_16460\"\n         class=\" footable_parent ninja_table_wrapper loading_ninja_table wp_table_data_press_parent semantic_ui \">\n                <table data-ninja_table_instance=\"ninja_table_instance_0\" data-footable_id=\"16460\" data-filter-delay=\"1000\" aria-label=\"Konfeksiyon-Dort-Kose-TE\"            id=\"footable_16460\"\n           data-unique_identifier=\"ninja_table_unique_id_1402658355_16460\"\n           class=\" foo-table ninja_footable foo_table_16460 ninja_table_unique_id_1402658355_16460 ui table  nt_type_legacy_table celled striped compact vertical_centered  footable-paging-right ninja_table_search_disabled ninja_table_pro\">\n                <colgroup>\n                            <col class=\"ninja_column_0 \">\n                            <col class=\"ninja_column_1 \">\n                            <col class=\"ninja_column_2 \">\n                            <col class=\"ninja_column_3 \">\n                            <col class=\"ninja_column_4 \">\n                            <col class=\"ninja_column_5 \">\n                            <col class=\"ninja_column_6 \">\n                            <col class=\"ninja_column_7 \">\n                            <col class=\"ninja_column_8 \">\n                            <col class=\"ninja_column_9 \">\n                    <\/colgroup>\n        <thead>\n<tr class=\"footable-header\">\n                                                                                                                                                                        <th scope=\"col\"  class=\"ninja_column_0 ninja_clmn_nm_SIRA \">SIRA<\/th><th scope=\"col\"  class=\"ninja_column_1 ninja_clmn_nm_\u00dcR\u00dcN KODU \">\u00dcR\u00dcN KODU<\/th><th scope=\"col\"  class=\"ninja_column_2 ninja_clmn_nm_\u00c7AP d [mm] \">\u00c7AP d [mm]<\/th><th scope=\"col\"  class=\"ninja_column_3 ninja_clmn_nm_BASIN\u00c7 [bar] \">BASIN\u00c7 [bar]<\/th><th scope=\"col\"  class=\"ninja_column_4 ninja_clmn_nm_L [mm] \">L [mm]<\/th><th scope=\"col\"  class=\"ninja_column_5 ninja_clmn_nm_L1 [mm] \">L1 [mm]<\/th><th scope=\"col\"  class=\"ninja_column_6 ninja_clmn_nm_e [mm] \">e [mm]<\/th><th scope=\"col\"  class=\"ninja_column_7 ninja_clmn_nm_A\u011eIRLIK [kg] \">A\u011eIRLIK [kg]<\/th><th scope=\"col\"  class=\"ninja_column_8 ninja_clmn_nm_KOL\u0130 ADED\u0130 \">KOL\u0130 ADED\u0130<\/th><th scope=\"col\"  class=\"ninja_column_9 ninja_clmn_nm_KOL\u0130 EBATI \">KOL\u0130 EBATI<\/th><\/tr>\n<\/thead>\n<tbody>\n\n        <tr data-row_id=\"5812\" class=\"ninja_table_row_0 nt_row_id_5812\">\n            <td>SEQ<\/td><td>PRODUCT CODE<\/td><td>SIZE d [mm]<\/td><td>PRESSURE [bar]<\/td><td>L [mm]<\/td><td>L1 [mm]<\/td><td>e [mm]<\/td><td>WEIGHT [kg]<\/td><td>IN A PARCEL<\/td><td>PCS PRICE<\/td>        <\/tr>\n            <tr data-row_id=\"5813\" class=\"ninja_table_row_1 nt_row_id_5813\">\n            <td>1<\/td><td>975678709090<\/td><td>90*90<\/td><td>PN10<\/td><td>380<\/td><td>145<\/td><td>5.4<\/td><td>0.98<\/td><td>9<\/td><td>41\/60\/31<\/td>        <\/tr>\n            <tr data-row_id=\"5814\" class=\"ninja_table_row_2 nt_row_id_5814\">\n            <td>2<\/td><td>975678109090<\/td><td>90*90<\/td><td>PN16<\/td><td>380<\/td><td>145<\/td><td>8.2<\/td><td>1.42<\/td><td>9<\/td><td>41\/60\/31<\/td>        <\/tr>\n            <tr data-row_id=\"5815\" class=\"ninja_table_row_3 nt_row_id_5815\">\n            <td>3<\/td><td>975678711110<\/td><td>110*110<\/td><td>PN10<\/td><td>380<\/td><td>135<\/td><td>6.6<\/td><td>1.41<\/td><td>7<\/td><td>41\/60\/46<\/td>        <\/tr>\n            <tr data-row_id=\"5816\" class=\"ninja_table_row_4 nt_row_id_5816\">\n            <td>4<\/td><td>975678111110<\/td><td>110*110<\/td><td>PN16<\/td><td>380<\/td><td>135<\/td><td>10<\/td><td>2.04<\/td><td>7<\/td><td>41\/60\/46<\/td>        <\/tr>\n            <tr data-row_id=\"5817\" class=\"ninja_table_row_5 nt_row_id_5817\">\n            <td>5<\/td><td>975678712125<\/td><td>125*125<\/td><td>PN10<\/td><td>380<\/td><td>127.5<\/td><td>7.4<\/td><td>1.75<\/td><td>6<\/td><td>41\/60\/46<\/td>        <\/tr>\n            <tr data-row_id=\"5818\" class=\"ninja_table_row_6 nt_row_id_5818\">\n            <td>6<\/td><td>975678112125<\/td><td>125*125<\/td><td>PN16<\/td><td>380<\/td><td>127.5<\/td><td>11.4<\/td><td>2.59<\/td><td>6<\/td><td>41\/60\/46<\/td>        <\/tr>\n            <tr data-row_id=\"5819\" class=\"ninja_table_row_7 nt_row_id_5819\">\n            <td>7<\/td><td>975678714140<\/td><td>140*140<\/td><td>PN10<\/td><td>500<\/td><td>180<\/td><td>8.3<\/td><td>2.98<\/td><td>3<\/td><td>50\/60\/50<\/td>        <\/tr>\n            <tr data-row_id=\"5820\" class=\"ninja_table_row_8 nt_row_id_5820\">\n            <td>8<\/td><td>975678114140<\/td><td>140*140<\/td><td>PN16<\/td><td>500<\/td><td>180<\/td><td>12.7<\/td><td>4.37<\/td><td>3<\/td><td>50\/60\/50<\/td>        <\/tr>\n            <tr data-row_id=\"5821\" class=\"ninja_table_row_9 nt_row_id_5821\">\n            <td>9<\/td><td>975678716160<\/td><td>160*160<\/td><td>PN10<\/td><td>550<\/td><td>195<\/td><td>9.5<\/td><td>4.25<\/td><td>3<\/td><td>50\/60\/50<\/td>        <\/tr>\n            <tr data-row_id=\"5822\" class=\"ninja_table_row_10 nt_row_id_5822\">\n            <td>10<\/td><td>975678116160<\/td><td>160*160<\/td><td>PN16<\/td><td>550<\/td><td>195<\/td><td>14.6<\/td><td>6.27<\/td><td>3<\/td><td>50\/60\/50<\/td>        <\/tr>\n            <tr data-row_id=\"5823\" class=\"ninja_table_row_11 nt_row_id_5823\">\n            <td>11<\/td><td>975678718180<\/td><td>180*180<\/td><td>PN10<\/td><td>550<\/td><td>185<\/td><td>10.7<\/td><td>5.25<\/td><td>-<\/td><td>-<\/td>        <\/tr>\n            <tr data-row_id=\"5824\" class=\"ninja_table_row_12 nt_row_id_5824\">\n            <td>12<\/td><td>975678118180<\/td><td>180*180<\/td><td>PN16<\/td><td>550<\/td><td>185<\/td><td>16.4<\/td><td>7.75<\/td><td>-<\/td><td>-<\/td>        <\/tr>\n            <tr data-row_id=\"5825\" class=\"ninja_table_row_13 nt_row_id_5825\">\n            <td>13<\/td><td>975678720200<\/td><td>200*200<\/td><td>PN10<\/td><td>600<\/td><td>200<\/td><td>11.9<\/td><td>7.05<\/td><td>-<\/td><td>-<\/td>        <\/tr>\n            <tr data-row_id=\"5826\" class=\"ninja_table_row_14 nt_row_id_5826\">\n            <td>14<\/td><td>975678120200<\/td><td>200*200<\/td><td>PN16<\/td><td>600<\/td><td>200<\/td><td>18.2<\/td><td>10.4<\/td><td>-<\/td><td>-<\/td>        <\/tr>\n            <tr data-row_id=\"5827\" class=\"ninja_table_row_15 nt_row_id_5827\">\n            <td>15<\/td><td>975678722225<\/td><td>225*225<\/td><td>PN10<\/td><td>640<\/td><td>207.5<\/td><td>13.4<\/td><td>9.42<\/td><td>-<\/td><td>-<\/td>        <\/tr>\n            <tr data-row_id=\"5828\" class=\"ninja_table_row_16 nt_row_id_5828\">\n            <td>16<\/td><td>975678122225<\/td><td>225*225<\/td><td>PN16<\/td><td>640<\/td><td>207.5<\/td><td>20.5<\/td><td>13.82<\/td><td>-<\/td><td>-<\/td>        <\/tr>\n            <tr data-row_id=\"5829\" class=\"ninja_table_row_17 nt_row_id_5829\">\n            <td>17<\/td><td>975678725250<\/td><td>250*250<\/td><td>PN10<\/td><td>640<\/td><td>195<\/td><td>14.8<\/td><td>11.33<\/td><td>-<\/td><td>-<\/td>        <\/tr>\n            <tr data-row_id=\"5830\" class=\"ninja_table_row_18 nt_row_id_5830\">\n            <td>18<\/td><td>975678125250<\/td><td>250*250<\/td><td>PN16<\/td><td>640<\/td><td>195<\/td><td>22.7<\/td><td>16.69<\/td><td>-<\/td><td>-<\/td>        <\/tr>\n            <tr data-row_id=\"5831\" class=\"ninja_table_row_19 nt_row_id_5831\">\n            <td>19<\/td><td>975678728280<\/td><td>280*280<\/td><td>PN10<\/td><td>680<\/td><td>200<\/td><td>16.6<\/td><td>14.8<\/td><td>-<\/td><td>-<\/td>        <\/tr>\n            <tr data-row_id=\"5832\" class=\"ninja_table_row_20 nt_row_id_5832\">\n            <td>20<\/td><td>975678128280<\/td><td>280*280<\/td><td>PN16<\/td><td>680<\/td><td>200<\/td><td>25.4<\/td><td>21.92<\/td><td>-<\/td><td>-<\/td>        <\/tr>\n            <tr data-row_id=\"5833\" class=\"ninja_table_row_21 nt_row_id_5833\">\n            <td>21<\/td><td>975678731315<\/td><td>315*315<\/td><td>PN10<\/td><td>750<\/td><td>217.5<\/td><td>18.7<\/td><td>16.83<\/td><td>-<\/td><td>-<\/td>        <\/tr>\n            <tr data-row_id=\"5834\" class=\"ninja_table_row_22 nt_row_id_5834\">\n            <td>22<\/td><td>975678131315<\/td><td>315*315<\/td><td>PN16<\/td><td>750<\/td><td>217.5<\/td><td>28.6<\/td><td>30.34<\/td><td>-<\/td><td>-<\/td>        <\/tr>\n            <tr data-row_id=\"5835\" class=\"ninja_table_row_23 nt_row_id_5835\">\n            <td>23<\/td><td>975678735355<\/td><td>355*355<\/td><td>PN10<\/td><td>800<\/td><td>222.5<\/td><td>21.1<\/td><td>34.86<\/td><td>-<\/td><td>-<\/td>        <\/tr>\n            <tr data-row_id=\"5836\" class=\"ninja_table_row_24 nt_row_id_5836\">\n            <td>24<\/td><td>975678135355<\/td><td>355*355<\/td><td>PN16<\/td><td>800<\/td><td>222.5<\/td><td>32.2<\/td><td>51.42<\/td><td>-<\/td><td>-<\/td>        <\/tr>\n            <tr data-row_id=\"5837\" class=\"ninja_table_row_25 nt_row_id_5837\">\n            <td>25<\/td><td>975678740400<\/td><td>400*400<\/td><td>PN10<\/td><td>850<\/td><td>225<\/td><td>23.7<\/td><td>36.4<\/td><td>-<\/td><td>-<\/td>        <\/tr>\n            <tr data-row_id=\"5838\" class=\"ninja_table_row_26 nt_row_id_5838\">\n            <td>26<\/td><td>975678140400<\/td><td>400*400<\/td><td>PN16<\/td><td>850<\/td><td>225<\/td><td>36.3<\/td><td>53.69<\/td><td>-<\/td><td>-<\/td>        <\/tr>\n            <tr data-row_id=\"5839\" class=\"ninja_table_row_27 nt_row_id_5839\">\n            <td>27<\/td><td>975678745450<\/td><td>450*450<\/td><td>PN10<\/td><td>900<\/td><td>225<\/td><td>26.7<\/td><td>47.79<\/td><td>-<\/td><td>-<\/td>        <\/tr>\n            <tr data-row_id=\"5840\" class=\"ninja_table_row_28 nt_row_id_5840\">\n            <td>28<\/td><td>975678145450<\/td><td>450*450<\/td><td>PN16<\/td><td>900<\/td><td>225<\/td><td>40.9<\/td><td>70.61<\/td><td>-<\/td><td>-<\/td>        <\/tr>\n            <tr data-row_id=\"5841\" class=\"ninja_table_row_29 nt_row_id_5841\">\n            <td>29<\/td><td>975678750500<\/td><td>500*500<\/td><td>PN10<\/td><td>1000<\/td><td>250<\/td><td>29.7<\/td><td>65.7<\/td><td>-<\/td><td>-<\/td>        <\/tr>\n            <tr data-row_id=\"5842\" class=\"ninja_table_row_30 nt_row_id_5842\">\n            <td>30<\/td><td>975678150500<\/td><td>500*500<\/td><td>PN16<\/td><td>1000<\/td><td>250<\/td><td>45.4<\/td><td>96.75<\/td><td>-<\/td><td>-<\/td>        <\/tr>\n            <tr data-row_id=\"5843\" class=\"ninja_table_row_31 nt_row_id_5843\">\n            <td>31<\/td><td>975678756560<\/td><td>560*560<\/td><td>PN10<\/td><td>1050<\/td><td>245<\/td><td>33.2<\/td><td>84.39<\/td><td>-<\/td><td>-<\/td>        <\/tr>\n            <tr data-row_id=\"5844\" class=\"ninja_table_row_32 nt_row_id_5844\">\n            <td>32<\/td><td>975678156560<\/td><td>560*560<\/td><td>PN16<\/td><td>1050<\/td><td>245<\/td><td>50.8<\/td><td>124.43<\/td><td>-<\/td><td>-<\/td>        <\/tr>\n            <tr data-row_id=\"5845\" class=\"ninja_table_row_33 nt_row_id_5845\">\n            <td>33<\/td><td>975678763630<\/td><td>630*630<\/td><td>PN10<\/td><td>1100<\/td><td>235<\/td><td>37.4<\/td><td>108.96<\/td><td>-<\/td><td>-<\/td>        <\/tr>\n            <tr data-row_id=\"5846\" class=\"ninja_table_row_34 nt_row_id_5846\">\n            <td>34<\/td><td>975678163630<\/td><td>630*630<\/td><td>PN16<\/td><td>1100<\/td><td>235<\/td><td>57.2<\/td><td>160.14<\/td><td>-<\/td><td>-<\/td>        <\/tr>\n    <\/tbody><!--ninja_tobody_rendering_done-->\n    <\/table>\n    \n    \n    \n<\/div>\n\n","protected":false},"excerpt":{"rendered":"<p align=\"justify\">Le t\u00e9 \u00e0 quatre coins HDPE est un type sp\u00e9cial de raccord con\u00e7u pour relier quatre points diff\u00e9rents dans les syst\u00e8mes de tuyaux en poly\u00e9thyl\u00e8ne haute densit\u00e9 (PE100). Il offre des solutions flexibles dans les syst\u00e8mes de conduites complexes gr\u00e2ce aux points de connexion \u00e9mergeant des quatre coins. Il assure des connexions solides, \u00e9tanches et durables gr\u00e2ce \u00e0 la m\u00e9thode de soudage par \u00e9lectrofusion.    <\/p>\n","protected":false},"featured_media":13294,"template":"","meta":{"pgc_sgb_lightbox_settings":""},"product_brand":[152],"product_cat":[45],"product_tag":[404,398,400,399,402,397,401,403],"class_list":{"0":"post-13293","1":"product","2":"type-product","3":"status-publish","4":"has-post-thumbnail","6":"product_brand-yildiz-polietilen","7":"product_cat-hdpe-konfeksiyon","8":"product_tag-cok-yonlu-hdpe-tee","9":"product_tag-dort-yonlu-hdpe-tee","10":"product_tag-elektrofuzyon-dort-kose-tee","11":"product_tag-hdpe-boru-baglanti-tee","12":"product_tag-hdpe-boru-ek-parcasi","13":"product_tag-hdpe-dort-kose-tee","14":"product_tag-hdpe-tee-baglanti-parcasi","15":"product_tag-pn16-hdpe-tee","17":"first","18":"instock","19":"shipping-taxable","20":"product-type-simple"},"_links":{"self":[{"href":"https:\/\/www.yildizpolietilen.com\/fr\/wp-json\/wp\/v2\/product\/13293","targetHints":{"allow":["GET"]}}],"collection":[{"href":"https:\/\/www.yildizpolietilen.com\/fr\/wp-json\/wp\/v2\/product"}],"about":[{"href":"https:\/\/www.yildizpolietilen.com\/fr\/wp-json\/wp\/v2\/types\/product"}],"wp:featuredmedia":[{"embeddable":true,"href":"https:\/\/www.yildizpolietilen.com\/fr\/wp-json\/wp\/v2\/media\/13294"}],"wp:attachment":[{"href":"https:\/\/www.yildizpolietilen.com\/fr\/wp-json\/wp\/v2\/media?parent=13293"}],"wp:term":[{"taxonomy":"product_brand","embeddable":true,"href":"https:\/\/www.yildizpolietilen.com\/fr\/wp-json\/wp\/v2\/product_brand?post=13293"},{"taxonomy":"product_cat","embeddable":true,"href":"https:\/\/www.yildizpolietilen.com\/fr\/wp-json\/wp\/v2\/product_cat?post=13293"},{"taxonomy":"product_tag","embeddable":true,"href":"https:\/\/www.yildizpolietilen.com\/fr\/wp-json\/wp\/v2\/product_tag?post=13293"}],"curies":[{"name":"wp","href":"https:\/\/api.w.org\/{rel}","templated":true}]}}