{"id":13290,"date":"2024-08-04T04:44:30","date_gmt":"2024-08-04T01:44:30","guid":{"rendered":"https:\/\/yildizpolietilen.com\/urun\/raccord-en-y\/"},"modified":"2025-06-24T15:06:26","modified_gmt":"2025-06-24T12:06:26","slug":"raccord-en-y","status":"publish","type":"product","link":"https:\/\/www.yildizpolietilen.com\/fr\/urun\/raccord-en-y\/","title":{"rendered":"Y-BRANCH"},"content":{"rendered":"<p data-start=\"96\" data-end=\"170\"><strong data-start=\"96\" data-end=\"170\">Garment Fork &#8211; Solution d&#8217;acheminement et de distribution pour les canalisations PEHD<\/strong><\/p>\n<p data-start=\"172\" data-end=\"516\"><strong data-start=\"172\" data-end=\"192\">Description du produit :<\/strong><br data-start=\"192\" data-end=\"195\">Il est sp\u00e9cialement produit dans les angles et diam\u00e8tres d\u00e9sir\u00e9s avec la m\u00e9thode de production de confection. Il s&#8217;int\u00e8gre facilement dans les tuyaux en PEHD par \u00e9lectrofusion ou par soudage bout \u00e0 bout. Gr\u00e2ce \u00e0 sa r\u00e9sistance \u00e0 la haute pression et aux conditions environnementales difficiles, il offre des solutions s\u00fbres et durables dans les projets d&#8217;infrastructure.    <\/p>\n<p data-start=\"807\" data-end=\"831\"><strong data-start=\"807\" data-end=\"829\">Domaines d&#8217;utilisation :<\/strong><\/p>\n<ul data-start=\"832\" data-end=\"1071\">\n<li data-start=\"832\" data-end=\"863\">\n<p data-start=\"834\" data-end=\"863\">Conduites principales et conduites d&#8217;eau potable<\/p>\n<\/li>\n<li data-start=\"864\" data-end=\"895\">\n<p data-start=\"866\" data-end=\"895\">Syst\u00e8mes de distribution de gaz naturel<\/p>\n<\/li>\n<li data-start=\"896\" data-end=\"935\">\n<p data-start=\"898\" data-end=\"935\">Conduites d&#8217;\u00e9gouts et d&#8217;eaux pluviales<\/p>\n<\/li>\n<li data-start=\"936\" data-end=\"982\">\n<p data-start=\"938\" data-end=\"982\">Installations industrielles de transport de liquides et de gaz<\/p>\n<\/li>\n<li data-start=\"983\" data-end=\"1012\">\n<p data-start=\"985\" data-end=\"1012\">Projets d&#8217;irrigation agricole<\/p>\n<\/li>\n<li data-start=\"1013\" data-end=\"1071\">\n<p data-start=\"1015\" data-end=\"1071\">Points o\u00f9 les lignes doivent \u00eatre achemin\u00e9es ou s\u00e9par\u00e9es<\/p>\n<\/li>\n<\/ul>\n<p data-start=\"1073\" data-end=\"1091\"><strong data-start=\"1073\" data-end=\"1089\">Avantages :<\/strong><\/p>\n<ul data-start=\"1092\" data-end=\"1408\">\n<li data-start=\"1092\" data-end=\"1155\">\n<p data-start=\"1094\" data-end=\"1155\">Possibilit\u00e9 d&#8217;organiser et de d\u00e9river la direction du flux gr\u00e2ce \u00e0 la structure en Y<\/p>\n<\/li>\n<li data-start=\"1156\" data-end=\"1203\">\n<p data-start=\"1158\" data-end=\"1203\">Option de production sp\u00e9ciale dans diff\u00e9rents diam\u00e8tres et angles<\/p>\n<\/li>\n<li data-start=\"1204\" data-end=\"1258\">\n<p data-start=\"1206\" data-end=\"1258\">Raccordement robuste par \u00e9lectrofusion ou soudure bout \u00e0 bout<\/p>\n<\/li>\n<li data-start=\"1259\" data-end=\"1319\">\n<p data-start=\"1261\" data-end=\"1319\">R\u00e9sistance \u00e9lev\u00e9e \u00e0 la corrosion, aux produits chimiques et aux chocs<\/p>\n<\/li>\n<li data-start=\"1320\" data-end=\"1363\">\n<p data-start=\"1322\" data-end=\"1363\">Longue dur\u00e9e de vie et construction sans entretien<\/p>\n<\/li>\n<li data-start=\"1364\" data-end=\"1408\">\n<p data-start=\"1366\" data-end=\"1408\">Facilit\u00e9 d&#8217;installation et adaptation aux applications sur le terrain<\/p>\n<\/li>\n<\/ul>\n<p data-start=\"1410\" data-end=\"1434\"><strong data-start=\"1410\" data-end=\"1432\">Sp\u00e9cifications techniques :<\/strong><\/p>\n<ul data-start=\"1435\" data-end=\"1699\">\n<li data-start=\"1435\" data-end=\"1460\">\n<p data-start=\"1437\" data-end=\"1460\">Mat\u00e9riau : PEHD (PE100)<\/p>\n<\/li>\n<li data-start=\"1461\" data-end=\"1520\">\n<p data-start=\"1463\" data-end=\"1520\">M\u00e9thode d&#8217;assemblage : Soudage par \u00e9lectrofusion ou soudage bout \u00e0 bout<\/p>\n<\/li>\n<li data-start=\"1521\" data-end=\"1582\">\n<p data-start=\"1523\" data-end=\"1582\">Angle de production : Habituellement 45\u00b0 &#8211; 60\u00b0, angles sp\u00e9ciaux possibles<\/p>\n<\/li>\n<li data-start=\"1583\" data-end=\"1628\">\n<p data-start=\"1585\" data-end=\"1628\">Gamme de diam\u00e8tres : Variable en fonction du projet<\/p>\n<\/li>\n<li data-start=\"1629\" data-end=\"1659\">\n<p data-start=\"1631\" data-end=\"1659\">Classe de pression : PN10 \/ PN16<\/p>\n<\/li>\n<li data-start=\"1660\" data-end=\"1699\">\n<p data-start=\"1662\" data-end=\"1699\">Conformit\u00e9 ISO 4427, EN 12201, EN 1555<\/p>\n<\/li>\n<\/ul>\n<div id=\"footable_parent_16456\"\n         class=\" footable_parent ninja_table_wrapper loading_ninja_table wp_table_data_press_parent semantic_ui \">\n                <table data-ninja_table_instance=\"ninja_table_instance_0\" data-footable_id=\"16456\" data-filter-delay=\"1000\" aria-label=\"Konfeksiyon-Catal\"            id=\"footable_16456\"\n           data-unique_identifier=\"ninja_table_unique_id_850405712_16456\"\n           class=\" foo-table ninja_footable foo_table_16456 ninja_table_unique_id_850405712_16456 ui table  nt_type_legacy_table celled striped compact vertical_centered  footable-paging-right ninja_table_search_disabled ninja_table_pro\">\n                <colgroup>\n                            <col class=\"ninja_column_0 \">\n                            <col class=\"ninja_column_1 \">\n                            <col class=\"ninja_column_2 \">\n                            <col class=\"ninja_column_3 \">\n                            <col class=\"ninja_column_4 \">\n                            <col class=\"ninja_column_5 \">\n                            <col class=\"ninja_column_6 \">\n                            <col class=\"ninja_column_7 \">\n                            <col class=\"ninja_column_8 \">\n                            <col class=\"ninja_column_9 \">\n                            <col class=\"ninja_column_10 \">\n                    <\/colgroup>\n        <thead>\n<tr class=\"footable-header\">\n                                                                                                                                                                                        <th scope=\"col\"  class=\"ninja_column_0 ninja_clmn_nm_SIRA \">SIRA<\/th><th scope=\"col\"  class=\"ninja_column_1 ninja_clmn_nm_\u00dcR\u00dcN KODU \">\u00dcR\u00dcN KODU<\/th><th scope=\"col\"  class=\"ninja_column_2 ninja_clmn_nm_\u00c7AP d [mm] \">\u00c7AP d [mm]<\/th><th scope=\"col\"  class=\"ninja_column_3 ninja_clmn_nm_BASIN\u00c7 [bar] \">BASIN\u00c7 [bar]<\/th><th scope=\"col\"  class=\"ninja_column_4 ninja_clmn_nm_L [mm] \">L [mm]<\/th><th scope=\"col\"  class=\"ninja_column_5 ninja_clmn_nm_L1 [mm] \">L1 [mm]<\/th><th scope=\"col\"  class=\"ninja_column_6 ninja_clmn_nm_L2 [mm] \">L2 [mm]<\/th><th scope=\"col\"  class=\"ninja_column_7 ninja_clmn_nm_e [mm] \">e [mm]<\/th><th scope=\"col\"  class=\"ninja_column_8 ninja_clmn_nm_A\u011eIRLIK [kg] \">A\u011eIRLIK [kg]<\/th><th scope=\"col\"  class=\"ninja_column_9 ninja_clmn_nm_KOL\u0130 ADED\u0130 \">KOL\u0130 ADED\u0130<\/th><th scope=\"col\"  class=\"ninja_column_10 ninja_clmn_nm_KOL\u0130 EBATI \">KOL\u0130 EBATI<\/th><\/tr>\n<\/thead>\n<tbody>\n\n        <tr data-row_id=\"5777\" class=\"ninja_table_row_0 nt_row_id_5777\">\n            <td>SEQ<\/td><td>PRODUCT CODE<\/td><td>SIZE d [mm]<\/td><td>PRESSURE [bar]<\/td><td>L [mm]<\/td><td>L1 [mm]<\/td><td>L2 [mm]<\/td><td>e [mm]<\/td><td>WEIGHT [kg]<\/td><td>IN A PARCEL<\/td><td>PCS PRICE<\/td>        <\/tr>\n            <tr data-row_id=\"5778\" class=\"ninja_table_row_1 nt_row_id_5778\">\n            <td>1<\/td><td>975693700090<\/td><td>90*90<\/td><td>PN10<\/td><td>450<\/td><td>140<\/td><td>150<\/td><td>5.4<\/td><td>0.92<\/td><td>10<\/td><td>41\/60\/46<\/td>        <\/tr>\n            <tr data-row_id=\"5779\" class=\"ninja_table_row_2 nt_row_id_5779\">\n            <td>2<\/td><td>975693100090<\/td><td>90*90<\/td><td>PN16<\/td><td>450<\/td><td>140<\/td><td>150<\/td><td>8.2<\/td><td>1.34<\/td><td>10<\/td><td>41\/60\/46<\/td>        <\/tr>\n            <tr data-row_id=\"5780\" class=\"ninja_table_row_3 nt_row_id_5780\">\n            <td>3<\/td><td>975693700110<\/td><td>110*110<\/td><td>PN10<\/td><td>450<\/td><td>140<\/td><td>150<\/td><td>6.6<\/td><td>1.39<\/td><td>7<\/td><td>41\/60\/46<\/td>        <\/tr>\n            <tr data-row_id=\"5781\" class=\"ninja_table_row_4 nt_row_id_5781\">\n            <td>4<\/td><td>975693100110<\/td><td>110*110<\/td><td>PN16<\/td><td>450<\/td><td>140<\/td><td>150<\/td><td>10<\/td><td>2.01<\/td><td>7<\/td><td>41\/60\/46<\/td>        <\/tr>\n            <tr data-row_id=\"5782\" class=\"ninja_table_row_5 nt_row_id_5782\">\n            <td>5<\/td><td>975693700125<\/td><td>125*125<\/td><td>PN10<\/td><td>480<\/td><td>140<\/td><td>150<\/td><td>7.4<\/td><td>1.85<\/td><td>6<\/td><td>41\/60\/46<\/td>        <\/tr>\n            <tr data-row_id=\"5783\" class=\"ninja_table_row_6 nt_row_id_5783\">\n            <td>6<\/td><td>975693100125<\/td><td>125*125<\/td><td>PN16<\/td><td>480<\/td><td>140<\/td><td>150<\/td><td>11.4<\/td><td>2.75<\/td><td>6<\/td><td>41\/60\/46<\/td>        <\/tr>\n            <tr data-row_id=\"5784\" class=\"ninja_table_row_7 nt_row_id_5784\">\n            <td>7<\/td><td>975693700140<\/td><td>140*140<\/td><td>PN10<\/td><td>550<\/td><td>160<\/td><td>180<\/td><td>8.3<\/td><td>2.7<\/td><td>5<\/td><td>50\/60\/50<\/td>        <\/tr>\n            <tr data-row_id=\"5785\" class=\"ninja_table_row_8 nt_row_id_5785\">\n            <td>8<\/td><td>975693100140<\/td><td>140*140<\/td><td>PN16<\/td><td>550<\/td><td>160<\/td><td>180<\/td><td>12.7<\/td><td>3.96<\/td><td>5<\/td><td>50\/60\/50<\/td>        <\/tr>\n            <tr data-row_id=\"5786\" class=\"ninja_table_row_9 nt_row_id_5786\">\n            <td>9<\/td><td>975693700160<\/td><td>160*160<\/td><td>PN10<\/td><td>550<\/td><td>160<\/td><td>180<\/td><td>9.5<\/td><td>3.56<\/td><td>4<\/td><td>50\/60\/50<\/td>        <\/tr>\n            <tr data-row_id=\"5787\" class=\"ninja_table_row_10 nt_row_id_5787\">\n            <td>10<\/td><td>975693100160<\/td><td>160*160<\/td><td>PN16<\/td><td>550<\/td><td>160<\/td><td>180<\/td><td>14.6<\/td><td>5.25<\/td><td>4<\/td><td>50\/60\/50<\/td>        <\/tr>\n            <tr data-row_id=\"5788\" class=\"ninja_table_row_11 nt_row_id_5788\">\n            <td>11<\/td><td>975693700180<\/td><td>180*180<\/td><td>PN10<\/td><td>600<\/td><td>180<\/td><td>200<\/td><td>10.7<\/td><td>4.93<\/td><td>3<\/td><td>50\/60\/50<\/td>        <\/tr>\n            <tr data-row_id=\"5789\" class=\"ninja_table_row_12 nt_row_id_5789\">\n            <td>12<\/td><td>975693100180<\/td><td>180*180<\/td><td>PN16<\/td><td>600<\/td><td>180<\/td><td>200<\/td><td>16.4<\/td><td>7.27<\/td><td>3<\/td><td>50\/60\/50<\/td>        <\/tr>\n            <tr data-row_id=\"5790\" class=\"ninja_table_row_13 nt_row_id_5790\">\n            <td>13<\/td><td>975693700200<\/td><td>200*200<\/td><td>PN10<\/td><td>600<\/td><td>180<\/td><td>200<\/td><td>11.9<\/td><td>6.14<\/td><td>2<\/td><td>41\/60\/46<\/td>        <\/tr>\n            <tr data-row_id=\"5791\" class=\"ninja_table_row_14 nt_row_id_5791\">\n            <td>14<\/td><td>975693100200<\/td><td>200*200<\/td><td>PN16<\/td><td>600<\/td><td>180<\/td><td>200<\/td><td>18.2<\/td><td>9.06<\/td><td>2<\/td><td>41\/60\/46<\/td>        <\/tr>\n            <tr data-row_id=\"5792\" class=\"ninja_table_row_15 nt_row_id_5792\">\n            <td>15<\/td><td>975693700225<\/td><td>225*225<\/td><td>PN10<\/td><td>700<\/td><td>180<\/td><td>200<\/td><td>13.4<\/td><td>8.75<\/td><td>2<\/td><td>50\/60\/50<\/td>        <\/tr>\n            <tr data-row_id=\"5793\" class=\"ninja_table_row_16 nt_row_id_5793\">\n            <td>16<\/td><td>975693100225<\/td><td>225*225<\/td><td>PN16<\/td><td>700<\/td><td>180<\/td><td>200<\/td><td>20.5<\/td><td>12.83<\/td><td>2<\/td><td>50\/60\/50<\/td>        <\/tr>\n            <tr data-row_id=\"5794\" class=\"ninja_table_row_17 nt_row_id_5794\">\n            <td>17<\/td><td>975693700250<\/td><td>250*250<\/td><td>PN10<\/td><td>700<\/td><td>180<\/td><td>200<\/td><td>14.8<\/td><td>10.87<\/td><td>-<\/td><td>-<\/td>        <\/tr>\n            <tr data-row_id=\"5795\" class=\"ninja_table_row_18 nt_row_id_5795\">\n            <td>18<\/td><td>975693100250<\/td><td>250*250<\/td><td>PN16<\/td><td>700<\/td><td>180<\/td><td>200<\/td><td>22.7<\/td><td>16.01<\/td><td>-<\/td><td>-<\/td>        <\/tr>\n            <tr data-row_id=\"5796\" class=\"ninja_table_row_19 nt_row_id_5796\">\n            <td>19<\/td><td>975693700280<\/td><td>280*280<\/td><td>PN10<\/td><td>750<\/td><td>180<\/td><td>200<\/td><td>16.6<\/td><td>14.37<\/td><td>-<\/td><td>-<\/td>        <\/tr>\n            <tr data-row_id=\"5797\" class=\"ninja_table_row_20 nt_row_id_5797\">\n            <td>20<\/td><td>975693100280<\/td><td>280*280<\/td><td>PN16<\/td><td>750<\/td><td>180<\/td><td>200<\/td><td>25.4<\/td><td>21.29<\/td><td>-<\/td><td>-<\/td>        <\/tr>\n            <tr data-row_id=\"5798\" class=\"ninja_table_row_21 nt_row_id_5798\">\n            <td>21<\/td><td>975693700315<\/td><td>315*315<\/td><td>PN10<\/td><td>820<\/td><td>180<\/td><td>200<\/td><td>18.7<\/td><td>19.69<\/td><td>-<\/td><td>-<\/td>        <\/tr>\n            <tr data-row_id=\"5799\" class=\"ninja_table_row_22 nt_row_id_5799\">\n            <td>22<\/td><td>975693100315<\/td><td>315*315<\/td><td>PN16<\/td><td>820<\/td><td>180<\/td><td>200<\/td><td>28.6<\/td><td>28.96<\/td><td>-<\/td><td>-<\/td>        <\/tr>\n            <tr data-row_id=\"5800\" class=\"ninja_table_row_23 nt_row_id_5800\">\n            <td>23<\/td><td>975693700355<\/td><td>355*355<\/td><td>PN10<\/td><td>920<\/td><td>200<\/td><td>220<\/td><td>21.1<\/td><td>27.97<\/td><td>-<\/td><td>-<\/td>        <\/tr>\n            <tr data-row_id=\"5801\" class=\"ninja_table_row_24 nt_row_id_5801\">\n            <td>24<\/td><td>975693100355<\/td><td>355*355<\/td><td>PN16<\/td><td>920<\/td><td>200<\/td><td>220<\/td><td>32.2<\/td><td>41.13<\/td><td>-<\/td><td>-<\/td>        <\/tr>\n            <tr data-row_id=\"5802\" class=\"ninja_table_row_25 nt_row_id_5802\">\n            <td>25<\/td><td>975693700400<\/td><td>400*400<\/td><td>PN10<\/td><td>1050<\/td><td>200<\/td><td>220<\/td><td>23.7<\/td><td>39.52<\/td><td>-<\/td><td>-<\/td>        <\/tr>\n            <tr data-row_id=\"5803\" class=\"ninja_table_row_26 nt_row_id_5803\">\n            <td>26<\/td><td>975693100400<\/td><td>400*400<\/td><td>PN16<\/td><td>1050<\/td><td>200<\/td><td>220<\/td><td>36.3<\/td><td>58.29<\/td><td>-<\/td><td>-<\/td>        <\/tr>\n            <tr data-row_id=\"5804\" class=\"ninja_table_row_27 nt_row_id_5804\">\n            <td>27<\/td><td>975693700450<\/td><td>450*450<\/td><td>PN10<\/td><td>1150<\/td><td>200<\/td><td>220<\/td><td>26.7<\/td><td>54.13<\/td><td>-<\/td><td>-<\/td>        <\/tr>\n            <tr data-row_id=\"5805\" class=\"ninja_table_row_28 nt_row_id_5805\">\n            <td>28<\/td><td>975693100450<\/td><td>450*450<\/td><td>PN16<\/td><td>1150<\/td><td>200<\/td><td>220<\/td><td>40.9<\/td><td>79.97<\/td><td>-<\/td><td>-<\/td>        <\/tr>\n            <tr data-row_id=\"5806\" class=\"ninja_table_row_29 nt_row_id_5806\">\n            <td>29<\/td><td>975693700500<\/td><td>500*500<\/td><td>PN10<\/td><td>1300<\/td><td>200<\/td><td>220<\/td><td>29.7<\/td><td>74.32<\/td><td>-<\/td><td>-<\/td>        <\/tr>\n            <tr data-row_id=\"5807\" class=\"ninja_table_row_30 nt_row_id_5807\">\n            <td>30<\/td><td>975693100500<\/td><td>500*500<\/td><td>PN16<\/td><td>1300<\/td><td>200<\/td><td>220<\/td><td>45.4<\/td><td>109.44<\/td><td>-<\/td><td>-<\/td>        <\/tr>\n            <tr data-row_id=\"5808\" class=\"ninja_table_row_31 nt_row_id_5808\">\n            <td>31<\/td><td>975693700560<\/td><td>560*560<\/td><td>PN10<\/td><td>1400<\/td><td>200<\/td><td>220<\/td><td>33.2<\/td><td>99.63<\/td><td>-<\/td><td>-<\/td>        <\/tr>\n            <tr data-row_id=\"5809\" class=\"ninja_table_row_32 nt_row_id_5809\">\n            <td>32<\/td><td>975693100560<\/td><td>560*560<\/td><td>PN16<\/td><td>1400<\/td><td>200<\/td><td>220<\/td><td>50.8<\/td><td>146.89<\/td><td>-<\/td><td>-<\/td>        <\/tr>\n            <tr data-row_id=\"5810\" class=\"ninja_table_row_33 nt_row_id_5810\">\n            <td>33<\/td><td>975693700630<\/td><td>630*630<\/td><td>PN10<\/td><td>1500<\/td><td>200<\/td><td>220<\/td><td>37.4<\/td><td>134.83<\/td><td>-<\/td><td>-<\/td>        <\/tr>\n            <tr data-row_id=\"5811\" class=\"ninja_table_row_34 nt_row_id_5811\">\n            <td>34<\/td><td>975693100630<\/td><td>630*630<\/td><td>PN16<\/td><td>1500<\/td><td>200<\/td><td>220<\/td><td>57.2<\/td><td>198.16<\/td><td>-<\/td><td>-<\/td>        <\/tr>\n    <\/tbody><!--ninja_tobody_rendering_done-->\n    <\/table>\n    \n    \n    \n<\/div>\n\n","protected":false},"excerpt":{"rendered":"<p align=\"justify\">La fourche de confections est un raccord sp\u00e9cial utilis\u00e9 dans les syst\u00e8mes de canalisations en PEHD (poly\u00e9thyl\u00e8ne haute densit\u00e9) pour cr\u00e9er une nouvelle sortie de ligne \u00e0 un angle par rapport \u00e0 la ligne principale. Cette structure, souvent appel\u00e9e &#8220;type Y&#8221;, est utilis\u00e9e lorsqu&#8217;il est n\u00e9cessaire de distribuer ou de rediriger le sens d&#8217;\u00e9coulement d&#8217;un liquide ou d&#8217;un gaz dans deux directions diff\u00e9rentes.   <\/p>\n","protected":false},"featured_media":13291,"template":"","meta":{"pgc_sgb_lightbox_settings":""},"product_brand":[152],"product_cat":[45],"product_tag":[314,440,444,441,442,439,438,445,443],"class_list":{"0":"post-13290","1":"product","2":"type-product","3":"status-publish","4":"has-post-thumbnail","6":"product_brand-yildiz-polietilen","7":"product_cat-hdpe-konfeksiyon","8":"product_tag-alin-kaynakli-catal","9":"product_tag-boru-hatti-catal-baglanti","10":"product_tag-dogalgaz-boru-catali","11":"product_tag-elektrofuzyon-catal-parcasi","12":"product_tag-hdpe-catal-fittings","13":"product_tag-hdpe-y-tipi-catal","14":"product_tag-konfeksiyon-catal","15":"product_tag-pn16-catal-ek-parca","16":"product_tag-su-hatti-y-catal","18":"first","19":"instock","20":"shipping-taxable","21":"product-type-simple"},"_links":{"self":[{"href":"https:\/\/www.yildizpolietilen.com\/fr\/wp-json\/wp\/v2\/product\/13290","targetHints":{"allow":["GET"]}}],"collection":[{"href":"https:\/\/www.yildizpolietilen.com\/fr\/wp-json\/wp\/v2\/product"}],"about":[{"href":"https:\/\/www.yildizpolietilen.com\/fr\/wp-json\/wp\/v2\/types\/product"}],"wp:featuredmedia":[{"embeddable":true,"href":"https:\/\/www.yildizpolietilen.com\/fr\/wp-json\/wp\/v2\/media\/13291"}],"wp:attachment":[{"href":"https:\/\/www.yildizpolietilen.com\/fr\/wp-json\/wp\/v2\/media?parent=13290"}],"wp:term":[{"taxonomy":"product_brand","embeddable":true,"href":"https:\/\/www.yildizpolietilen.com\/fr\/wp-json\/wp\/v2\/product_brand?post=13290"},{"taxonomy":"product_cat","embeddable":true,"href":"https:\/\/www.yildizpolietilen.com\/fr\/wp-json\/wp\/v2\/product_cat?post=13290"},{"taxonomy":"product_tag","embeddable":true,"href":"https:\/\/www.yildizpolietilen.com\/fr\/wp-json\/wp\/v2\/product_tag?post=13290"}],"curies":[{"name":"wp","href":"https:\/\/api.w.org\/{rel}","templated":true}]}}