{"id":13284,"date":"2024-08-04T04:43:45","date_gmt":"2024-08-04T01:43:45","guid":{"rendered":"https:\/\/yildizpolietilen.com\/urun\/coude-60-2\/"},"modified":"2025-06-24T15:06:21","modified_gmt":"2025-06-24T12:06:21","slug":"coude-60-2","status":"publish","type":"product","link":"https:\/\/www.yildizpolietilen.com\/fr\/urun\/coude-60-2\/","title":{"rendered":"COUDE \u00b060"},"content":{"rendered":"<p data-start=\"88\" data-end=\"159\"><strong data-start=\"88\" data-end=\"159\">Confection Elbow 60\u00b0 &#8211; Solution de retour d&#8217;angle dans les syst\u00e8mes de tuyauterie PEHD<\/strong><\/p>\n<p data-start=\"161\" data-end=\"543\"><strong data-start=\"161\" data-end=\"181\">Description du produit :<\/strong><br data-start=\"181\" data-end=\"184\">Ce coude, qui peut \u00eatre sp\u00e9cialement produit dans diff\u00e9rents diam\u00e8tres et \u00e9paisseurs de paroi gr\u00e2ce \u00e0 sa fabrication, est pr\u00e9f\u00e9r\u00e9 en toute s\u00e9curit\u00e9 dans les projets d&#8217;infrastructure gr\u00e2ce \u00e0 sa structure durable et \u00e0 sa r\u00e9sistance aux conditions difficiles.<\/p>\n<p data-start=\"744\" data-end=\"768\"><strong data-start=\"744\" data-end=\"766\">Domaines d&#8217;utilisation :<\/strong><\/p>\n<ul data-start=\"769\" data-end=\"1000\">\n<li data-start=\"769\" data-end=\"800\">\n<p data-start=\"771\" data-end=\"800\">Eau potable et lignes de r\u00e9seau<\/p>\n<\/li>\n<li data-start=\"801\" data-end=\"831\">\n<p data-start=\"803\" data-end=\"831\">Syst\u00e8mes de transport de gaz naturel<\/p>\n<\/li>\n<li data-start=\"832\" data-end=\"859\">\n<p data-start=\"834\" data-end=\"859\">Lignes d&#8217;irrigation agricole<\/p>\n<\/li>\n<li data-start=\"860\" data-end=\"897\">\n<p data-start=\"862\" data-end=\"897\">Syst\u00e8mes d&#8217;assainissement et de drainage<\/p>\n<\/li>\n<li data-start=\"898\" data-end=\"944\">\n<p data-start=\"900\" data-end=\"944\">Projets de tuyauterie industrielle pour les liquides et les gaz<\/p>\n<\/li>\n<li data-start=\"945\" data-end=\"1000\">\n<p data-start=\"947\" data-end=\"1000\">Pipelines devant \u00eatre achemin\u00e9s en fonction de l&#8217;alignement du terrain<\/p>\n<\/li>\n<\/ul>\n<p data-start=\"1002\" data-end=\"1020\"><strong data-start=\"1002\" data-end=\"1018\">Avantages :<\/strong><\/p>\n<ul data-start=\"1021\" data-end=\"1294\">\n<li data-start=\"1021\" data-end=\"1078\">\n<p data-start=\"1023\" data-end=\"1078\">Facilit\u00e9 d&#8217;acheminement des canalisations dans les virages \u00e0 60\u00b0.<\/p>\n<\/li>\n<li data-start=\"1079\" data-end=\"1124\">\n<p data-start=\"1081\" data-end=\"1124\">R\u00e9sistance aux chocs et \u00e0 la corrosion du PEHD<\/p>\n<\/li>\n<li data-start=\"1125\" data-end=\"1175\">\n<p data-start=\"1127\" data-end=\"1175\">Conception compatible avec l&#8217;\u00e9lectrofusion et le soudage bout \u00e0 bout<\/p>\n<\/li>\n<li data-start=\"1176\" data-end=\"1216\">\n<p data-start=\"1178\" data-end=\"1216\">Possibilit\u00e9 de production dans des dimensions sp\u00e9cifiques au projet<\/p>\n<\/li>\n<li data-start=\"1217\" data-end=\"1253\">\n<p data-start=\"1219\" data-end=\"1253\">Longue dur\u00e9e de vie et utilisation sans entretien<\/p>\n<\/li>\n<li data-start=\"1254\" data-end=\"1294\">\n<p data-start=\"1256\" data-end=\"1294\">Installation rapide et faibles co\u00fbts d&#8217;exploitation<\/p>\n<\/li>\n<\/ul>\n<p data-start=\"1296\" data-end=\"1320\"><strong data-start=\"1296\" data-end=\"1318\">Sp\u00e9cifications techniques :<\/strong><\/p>\n<ul data-start=\"1321\" data-end=\"1563\">\n<li data-start=\"1321\" data-end=\"1346\">\n<p data-start=\"1323\" data-end=\"1346\">Mat\u00e9riau : PEHD (PE100)<\/p>\n<\/li>\n<li data-start=\"1347\" data-end=\"1365\">\n<p data-start=\"1349\" data-end=\"1365\">Angle de 60 degr\u00e9s<\/p>\n<\/li>\n<li data-start=\"1366\" data-end=\"1418\">\n<p data-start=\"1368\" data-end=\"1418\">M\u00e9thode de raccordement : \u00c9lectrofusion ou soudure bout \u00e0 bout<\/p>\n<\/li>\n<li data-start=\"1419\" data-end=\"1479\">\n<p data-start=\"1421\" data-end=\"1479\">Gamme de diam\u00e8tres : \u00d820 mm &#8211; \u00d81200 mm (possibilit\u00e9 de production sp\u00e9ciale)<\/p>\n<\/li>\n<li data-start=\"1480\" data-end=\"1510\">\n<p data-start=\"1482\" data-end=\"1510\">Classe de pression : PN10 \/ PN16<\/p>\n<\/li>\n<li data-start=\"1511\" data-end=\"1563\">\n<p data-start=\"1513\" data-end=\"1563\">Normes de conformit\u00e9 : ISO 4427, EN 1555, EN 12201<\/p>\n<\/li>\n<\/ul>\n<div id=\"footable_parent_16471\"\n         class=\" footable_parent ninja_table_wrapper loading_ninja_table wp_table_data_press_parent semantic_ui \">\n                <table data-ninja_table_instance=\"ninja_table_instance_0\" data-footable_id=\"16471\" data-filter-delay=\"1000\" aria-label=\"Konfeksiyon-60\u00b0-Dirsek\"            id=\"footable_16471\"\n           data-unique_identifier=\"ninja_table_unique_id_1629706935_16471\"\n           class=\" foo-table ninja_footable foo_table_16471 ninja_table_unique_id_1629706935_16471 ui table  nt_type_legacy_table celled striped compact vertical_centered  footable-paging-right ninja_table_search_disabled ninja_table_pro\">\n                <colgroup>\n                            <col class=\"ninja_column_0 \">\n                            <col class=\"ninja_column_1 \">\n                            <col class=\"ninja_column_2 \">\n                            <col class=\"ninja_column_3 \">\n                            <col class=\"ninja_column_4 \">\n                            <col class=\"ninja_column_5 \">\n                            <col class=\"ninja_column_6 \">\n                            <col class=\"ninja_column_7 \">\n                            <col class=\"ninja_column_8 \">\n                            <col class=\"ninja_column_9 \">\n                            <col class=\"ninja_column_10 \">\n                    <\/colgroup>\n        <thead>\n<tr class=\"footable-header\">\n                                                                                                                                                                                        <th scope=\"col\"  class=\"ninja_column_0 ninja_clmn_nm_SIRA \">SIRA<\/th><th scope=\"col\"  class=\"ninja_column_1 ninja_clmn_nm_\u00dcR\u00dcN KODU \">\u00dcR\u00dcN KODU<\/th><th scope=\"col\"  class=\"ninja_column_2 ninja_clmn_nm_\u00c7AP d [mm] \">\u00c7AP d [mm]<\/th><th scope=\"col\"  class=\"ninja_column_3 ninja_clmn_nm_BASIN\u00c7 [bar] \">BASIN\u00c7 [bar]<\/th><th scope=\"col\"  class=\"ninja_column_4 ninja_clmn_nm_L [mm] \">L [mm]<\/th><th scope=\"col\"  class=\"ninja_column_5 ninja_clmn_nm_z [mm] \">z [mm]<\/th><th scope=\"col\"  class=\"ninja_column_6 ninja_clmn_nm_r [mm] \">r [mm]<\/th><th scope=\"col\"  class=\"ninja_column_7 ninja_clmn_nm_e [mm] \">e [mm]<\/th><th scope=\"col\"  class=\"ninja_column_8 ninja_clmn_nm_A\u011eIRLIK [kg] \">A\u011eIRLIK [kg]<\/th><th scope=\"col\"  class=\"ninja_column_9 ninja_clmn_nm_KOL\u0130 ADED\u0130 \">KOL\u0130 ADED\u0130<\/th><th scope=\"col\"  class=\"ninja_column_10 ninja_clmn_nm_KOL\u0130 EBATI \">KOL\u0130 EBATI<\/th><\/tr>\n<\/thead>\n<tbody>\n\n        <tr data-row_id=\"6085\" class=\"ninja_table_row_0 nt_row_id_6085\">\n            <td>SEQ<\/td><td>PRODUCT CODE<\/td><td>SIZE d [mm]<\/td><td>PRESSURE [bar]<\/td><td>L [mm]<\/td><td>z [mm]<\/td><td>r [mm]<\/td><td>e [mm]<\/td><td>WEIGHT [kg]<\/td><td>IN A PARCEL<\/td><td>PCS PRICE<\/td>        <\/tr>\n            <tr data-row_id=\"6086\" class=\"ninja_table_row_1 nt_row_id_6086\">\n            <td>1<\/td><td>975636700250<\/td><td>250<\/td><td>PN10<\/td><td>185<\/td><td>291.81<\/td><td>185<\/td><td>14.8<\/td><td>8.21<\/td><td>-<\/td><td>-<\/td>        <\/tr>\n            <tr data-row_id=\"6087\" class=\"ninja_table_row_2 nt_row_id_6087\">\n            <td>2<\/td><td>975636100250<\/td><td>250<\/td><td>PN16<\/td><td>185<\/td><td>291.81<\/td><td>185<\/td><td>22.7<\/td><td>12.6<\/td><td>-<\/td><td>-<\/td>        <\/tr>\n            <tr data-row_id=\"6088\" class=\"ninja_table_row_3 nt_row_id_6088\">\n            <td>3<\/td><td>975636700280<\/td><td>280<\/td><td>PN10<\/td><td>200<\/td><td>315.47<\/td><td>200<\/td><td>16.6<\/td><td>9.96<\/td><td>-<\/td><td>-<\/td>        <\/tr>\n            <tr data-row_id=\"6089\" class=\"ninja_table_row_4 nt_row_id_6089\">\n            <td>4<\/td><td>975636100280<\/td><td>280<\/td><td>PN16<\/td><td>200<\/td><td>315.47<\/td><td>200<\/td><td>25.4<\/td><td>15.24<\/td><td>-<\/td><td>-<\/td>        <\/tr>\n            <tr data-row_id=\"6090\" class=\"ninja_table_row_5 nt_row_id_6090\">\n            <td>5<\/td><td>975636700315<\/td><td>315<\/td><td>PN10<\/td><td>210<\/td><td>331.24<\/td><td>210<\/td><td>18.7<\/td><td>11.78<\/td><td>-<\/td><td>-<\/td>        <\/tr>\n            <tr data-row_id=\"6091\" class=\"ninja_table_row_6 nt_row_id_6091\">\n            <td>6<\/td><td>975636100315<\/td><td>315<\/td><td>PN16<\/td><td>210<\/td><td>331.24<\/td><td>210<\/td><td>28.6<\/td><td>18.02<\/td><td>-<\/td><td>-<\/td>        <\/tr>\n            <tr data-row_id=\"6092\" class=\"ninja_table_row_7 nt_row_id_6092\">\n            <td>7<\/td><td>975636700355<\/td><td>355<\/td><td>PN10<\/td><td>233<\/td><td>367.52<\/td><td>233<\/td><td>21.1<\/td><td>14.75<\/td><td>-<\/td><td>-<\/td>        <\/tr>\n            <tr data-row_id=\"6093\" class=\"ninja_table_row_8 nt_row_id_6093\">\n            <td>8<\/td><td>975636100355<\/td><td>355<\/td><td>PN16<\/td><td>233<\/td><td>367.52<\/td><td>233<\/td><td>32.2<\/td><td>22.51<\/td><td>-<\/td><td>-<\/td>        <\/tr>\n            <tr data-row_id=\"6094\" class=\"ninja_table_row_9 nt_row_id_6094\">\n            <td>9<\/td><td>975636700400<\/td><td>400<\/td><td>PN10<\/td><td>247<\/td><td>389.61<\/td><td>247<\/td><td>23.7<\/td><td>17.56<\/td><td>-<\/td><td>-<\/td>        <\/tr>\n            <tr data-row_id=\"6095\" class=\"ninja_table_row_10 nt_row_id_6095\">\n            <td>10<\/td><td>975636100400<\/td><td>400<\/td><td>PN16<\/td><td>247<\/td><td>389.61<\/td><td>247<\/td><td>36.3<\/td><td>26.9<\/td><td>-<\/td><td>-<\/td>        <\/tr>\n            <tr data-row_id=\"6096\" class=\"ninja_table_row_11 nt_row_id_6096\">\n            <td>11<\/td><td>975636700450<\/td><td>450<\/td><td>PN10<\/td><td>260<\/td><td>410.11<\/td><td>260<\/td><td>26.7<\/td><td>20.83<\/td><td>-<\/td><td>-<\/td>        <\/tr>\n            <tr data-row_id=\"6097\" class=\"ninja_table_row_12 nt_row_id_6097\">\n            <td>12<\/td><td>975636100450<\/td><td>450<\/td><td>PN16<\/td><td>260<\/td><td>410.11<\/td><td>260<\/td><td>40.9<\/td><td>31.9<\/td><td>-<\/td><td>-<\/td>        <\/tr>\n            <tr data-row_id=\"6098\" class=\"ninja_table_row_13 nt_row_id_6098\">\n            <td>13<\/td><td>975636700500<\/td><td>500<\/td><td>PN10<\/td><td>273<\/td><td>430.62<\/td><td>273<\/td><td>29.7<\/td><td>24.32<\/td><td>-<\/td><td>-<\/td>        <\/tr>\n            <tr data-row_id=\"6099\" class=\"ninja_table_row_14 nt_row_id_6099\">\n            <td>14<\/td><td>975636100500<\/td><td>500<\/td><td>PN16<\/td><td>273<\/td><td>430.62<\/td><td>273<\/td><td>45.4<\/td><td>37.18<\/td><td>-<\/td><td>-<\/td>        <\/tr>\n            <tr data-row_id=\"6100\" class=\"ninja_table_row_15 nt_row_id_6100\">\n            <td>15<\/td><td>975636700560<\/td><td>560<\/td><td>PN10<\/td><td>287<\/td><td>452.7<\/td><td>287<\/td><td>33.2<\/td><td>28.59<\/td><td>-<\/td><td>-<\/td>        <\/tr>\n            <tr data-row_id=\"6101\" class=\"ninja_table_row_16 nt_row_id_6101\">\n            <td>16<\/td><td>975636100560<\/td><td>560<\/td><td>PN16<\/td><td>287<\/td><td>452.7<\/td><td>287<\/td><td>50.8<\/td><td>43.74<\/td><td>-<\/td><td>-<\/td>        <\/tr>\n            <tr data-row_id=\"6102\" class=\"ninja_table_row_17 nt_row_id_6102\">\n            <td>17<\/td><td>975636700630<\/td><td>630<\/td><td>PN10<\/td><td>320<\/td><td>504.75<\/td><td>320<\/td><td>37.4<\/td><td>35.9<\/td><td>-<\/td><td>-<\/td>        <\/tr>\n            <tr data-row_id=\"6103\" class=\"ninja_table_row_18 nt_row_id_6103\">\n            <td>18<\/td><td>975636100630<\/td><td>630<\/td><td>PN16<\/td><td>320<\/td><td>504.75<\/td><td>320<\/td><td>57.2<\/td><td>54.91<\/td><td>-<\/td><td>-<\/td>        <\/tr>\n            <tr data-row_id=\"6104\" class=\"ninja_table_row_19 nt_row_id_6104\">\n            <td>19<\/td><td>975636700710<\/td><td>710<\/td><td>PN10<\/td><td>368<\/td><td>580.46<\/td><td>368<\/td><td>42.1<\/td><td>46.48<\/td><td>-<\/td><td>-<\/td>        <\/tr>\n            <tr data-row_id=\"6105\" class=\"ninja_table_row_20 nt_row_id_6105\">\n            <td>20<\/td><td>975636100710<\/td><td>710<\/td><td>PN16<\/td><td>368<\/td><td>580.46<\/td><td>368<\/td><td>64.5<\/td><td>71.21<\/td><td>-<\/td><td>-<\/td>        <\/tr>\n            <tr data-row_id=\"6106\" class=\"ninja_table_row_21 nt_row_id_6106\">\n            <td>21<\/td><td>975636700800<\/td><td>800<\/td><td>PN10<\/td><td>383<\/td><td>604.13<\/td><td>383<\/td><td>47.4<\/td><td>54.46<\/td><td>-<\/td><td>-<\/td>        <\/tr>\n            <tr data-row_id=\"6107\" class=\"ninja_table_row_22 nt_row_id_6107\">\n            <td>22<\/td><td>975636100800<\/td><td>800<\/td><td>PN16<\/td><td>383<\/td><td>604.13<\/td><td>383<\/td><td>72.8<\/td><td>83.65<\/td><td>-<\/td><td>-<\/td>        <\/tr>\n            <tr data-row_id=\"6108\" class=\"ninja_table_row_23 nt_row_id_6108\">\n            <td>23<\/td><td>975636700900<\/td><td>900<\/td><td>PN10<\/td><td>433<\/td><td>683<\/td><td>433<\/td><td>53.3<\/td><td>69.24<\/td><td>-<\/td><td>-<\/td>        <\/tr>\n            <tr data-row_id=\"6109\" class=\"ninja_table_row_24 nt_row_id_6109\">\n            <td>24<\/td><td>975636100900<\/td><td>900<\/td><td>PN16<\/td><td>433<\/td><td>683<\/td><td>433<\/td><td>81.7<\/td><td>106.13<\/td><td>-<\/td><td>-<\/td>        <\/tr>\n            <tr data-row_id=\"6110\" class=\"ninja_table_row_25 nt_row_id_6110\">\n            <td>25<\/td><td>975636701000<\/td><td>1000<\/td><td>PN10<\/td><td>450<\/td><td>709.8<\/td><td>450<\/td><td>59.3<\/td><td>80.06<\/td><td>-<\/td><td>-<\/td>        <\/tr>\n            <tr data-row_id=\"6111\" class=\"ninja_table_row_26 nt_row_id_6111\">\n            <td>26<\/td><td>975636101000<\/td><td>1000<\/td><td>PN16<\/td><td>450<\/td><td>709.8<\/td><td>450<\/td><td>90.8<\/td><td>122.58<\/td><td>-<\/td><td>-<\/td>        <\/tr>\n            <tr data-row_id=\"6112\" class=\"ninja_table_row_27 nt_row_id_6112\">\n            <td>27<\/td><td>975636701200<\/td><td>1200<\/td><td>PN10<\/td><td>500<\/td><td>788.68<\/td><td>500<\/td><td>70.6<\/td><td>105.9<\/td><td>-<\/td><td>-<\/td>        <\/tr>\n            <tr data-row_id=\"6113\" class=\"ninja_table_row_28 nt_row_id_6113\">\n            <td>28<\/td><td>975636101200<\/td><td>1200<\/td><td>PN16<\/td><td>500<\/td><td>788.68<\/td><td>500<\/td><td>-<\/td><td>-<\/td><td>-<\/td><td>-<\/td>        <\/tr>\n            <tr data-row_id=\"6114\" class=\"ninja_table_row_29 nt_row_id_6114\">\n            <td>29<\/td><td>975636701400<\/td><td>1400<\/td><td>PN10<\/td><td>633<\/td><td>998.46<\/td><td>633<\/td><td>83<\/td><td>157.62<\/td><td>-<\/td><td>-<\/td>        <\/tr>\n            <tr data-row_id=\"6115\" class=\"ninja_table_row_30 nt_row_id_6115\">\n            <td>30<\/td><td>975636101400<\/td><td>1400<\/td><td>PN16<\/td><td>633<\/td><td>998.46<\/td><td>633<\/td><td>-<\/td><td>-<\/td><td>-<\/td><td>-<\/td>        <\/tr>\n            <tr data-row_id=\"6116\" class=\"ninja_table_row_31 nt_row_id_6116\">\n            <td>31<\/td><td>975636701600<\/td><td>1600<\/td><td>PN10<\/td><td>733<\/td><td>1156.2<\/td><td>733<\/td><td>94.8<\/td><td>208.47<\/td><td>-<\/td><td>-<\/td>        <\/tr>\n            <tr data-row_id=\"6117\" class=\"ninja_table_row_32 nt_row_id_6117\">\n            <td>32<\/td><td>975636101600<\/td><td>1600<\/td><td>PN16<\/td><td>733<\/td><td>1156.2<\/td><td>733<\/td><td>-<\/td><td>-<\/td><td>-<\/td><td>-<\/td>        <\/tr>\n    <\/tbody><!--ninja_tobody_rendering_done-->\n    <\/table>\n    \n    \n    \n<\/div>\n\n","protected":false},"excerpt":{"rendered":"<p data-start=\"161\" data-end=\"543\">Le coude Confection 60\u00b0 est un raccord sp\u00e9cialement con\u00e7u pour les canalisations en PEHD (poly\u00e9thyl\u00e8ne haute densit\u00e9) o\u00f9 un changement de direction de 60\u00b0 est n\u00e9cessaire. Il est utilis\u00e9 dans les projets qui n\u00e9cessitent un changement de direction plus doux sur la ligne. Il fournit une connexion tr\u00e8s r\u00e9sistante et \u00e9tanche en se raccordant aux tuyaux en PEHD par \u00e9lectrofusion ou par soudage bout \u00e0 bout.    <\/p>\n<p data-start=\"545\" data-end=\"742\">\n","protected":false},"featured_media":13285,"template":"","meta":{"pgc_sgb_lightbox_settings":""},"product_brand":[],"product_cat":[45],"product_tag":[435,437],"class_list":{"0":"post-13284","1":"product","2":"type-product","3":"status-publish","4":"has-post-thumbnail","6":"product_cat-hdpe-konfeksiyon","7":"product_tag-konfeksiyon-dirsek","8":"product_tag-konfeksiyon-ek-oparca","10":"first","11":"instock","12":"shipping-taxable","13":"product-type-simple"},"_links":{"self":[{"href":"https:\/\/www.yildizpolietilen.com\/fr\/wp-json\/wp\/v2\/product\/13284","targetHints":{"allow":["GET"]}}],"collection":[{"href":"https:\/\/www.yildizpolietilen.com\/fr\/wp-json\/wp\/v2\/product"}],"about":[{"href":"https:\/\/www.yildizpolietilen.com\/fr\/wp-json\/wp\/v2\/types\/product"}],"wp:featuredmedia":[{"embeddable":true,"href":"https:\/\/www.yildizpolietilen.com\/fr\/wp-json\/wp\/v2\/media\/13285"}],"wp:attachment":[{"href":"https:\/\/www.yildizpolietilen.com\/fr\/wp-json\/wp\/v2\/media?parent=13284"}],"wp:term":[{"taxonomy":"product_brand","embeddable":true,"href":"https:\/\/www.yildizpolietilen.com\/fr\/wp-json\/wp\/v2\/product_brand?post=13284"},{"taxonomy":"product_cat","embeddable":true,"href":"https:\/\/www.yildizpolietilen.com\/fr\/wp-json\/wp\/v2\/product_cat?post=13284"},{"taxonomy":"product_tag","embeddable":true,"href":"https:\/\/www.yildizpolietilen.com\/fr\/wp-json\/wp\/v2\/product_tag?post=13284"}],"curies":[{"name":"wp","href":"https:\/\/api.w.org\/{rel}","templated":true}]}}