{"id":13282,"date":"2024-08-04T04:41:44","date_gmt":"2024-08-04T01:41:44","guid":{"rendered":"https:\/\/yildizpolietilen.com\/urun\/coude-90-2\/"},"modified":"2025-06-24T15:06:21","modified_gmt":"2025-06-24T12:06:21","slug":"coude-90-2","status":"publish","type":"product","link":"https:\/\/www.yildizpolietilen.com\/fr\/urun\/coude-90-2\/","title":{"rendered":"COUVERCLE \u00b090"},"content":{"rendered":"<p data-start=\"88\" data-end=\"170\"><strong data-start=\"88\" data-end=\"170\">Coude Confection 90\u00b0 &#8211; Solution pour les changements de direction brusques dans les syst\u00e8mes de tuyaux PEHD<\/strong><\/p>\n<p data-start=\"172\" data-end=\"589\"><strong data-start=\"172\" data-end=\"192\">Description du produit :<\/strong><br data-start=\"192\" data-end=\"195\">Ce coude, qui est sp\u00e9cialement produit dans les diam\u00e8tres et \u00e9paisseurs de paroi souhait\u00e9s avec une technique de production de v\u00eatements, est particuli\u00e8rement appr\u00e9ci\u00e9 dans les conduites d&#8217;eau, de gaz naturel, d&#8217;eaux us\u00e9es et les conduites industrielles en raison de sa grande r\u00e9sistance et de sa longue dur\u00e9e de vie.<\/p>\n<p data-start=\"800\" data-end=\"824\"><strong data-start=\"800\" data-end=\"822\">Domaines d&#8217;utilisation :<\/strong><\/p>\n<ul data-start=\"825\" data-end=\"1040\">\n<li data-start=\"825\" data-end=\"863\">\n<p data-start=\"827\" data-end=\"863\">Conduites d&#8217;eau potable<\/p>\n<\/li>\n<li data-start=\"864\" data-end=\"903\">\n<p data-start=\"866\" data-end=\"903\">Syst\u00e8mes de gaz naturel et de gaz sous pression<\/p>\n<\/li>\n<li data-start=\"904\" data-end=\"942\">\n<p data-start=\"906\" data-end=\"942\">Infrastructures d&#8217;assainissement et de drainage<\/p>\n<\/li>\n<li data-start=\"943\" data-end=\"981\">\n<p data-start=\"945\" data-end=\"981\">Syst\u00e8mes de transport de liquides industriels<\/p>\n<\/li>\n<li data-start=\"982\" data-end=\"1009\">\n<p data-start=\"984\" data-end=\"1009\">Lignes d&#8217;irrigation agricole<\/p>\n<\/li>\n<li data-start=\"1010\" data-end=\"1040\">\n<p data-start=\"1012\" data-end=\"1040\">Applications sur les chantiers et sur le terrain<\/p>\n<\/li>\n<\/ul>\n<p data-start=\"1042\" data-end=\"1060\"><strong data-start=\"1042\" data-end=\"1058\">Avantages :<\/strong><\/p>\n<ul data-start=\"1061\" data-end=\"1327\">\n<li data-start=\"1061\" data-end=\"1104\">\n<p data-start=\"1063\" data-end=\"1104\">Efficacit\u00e9 \u00e9lev\u00e9e dans les virages serr\u00e9s \u00e0 90<\/p>\n<\/li>\n<li data-start=\"1105\" data-end=\"1151\">\n<p data-start=\"1107\" data-end=\"1151\">Flexibilit\u00e9 et r\u00e9sistance aux chocs du PEHD<\/p>\n<\/li>\n<li data-start=\"1152\" data-end=\"1196\">\n<p data-start=\"1154\" data-end=\"1196\">Convient pour l&#8217;\u00e9lectrofusion et le soudage bout \u00e0 bout<\/p>\n<\/li>\n<li data-start=\"1197\" data-end=\"1238\">\n<p data-start=\"1199\" data-end=\"1238\">Structure durable et sans entretien<\/p>\n<\/li>\n<li data-start=\"1239\" data-end=\"1283\">\n<p data-start=\"1241\" data-end=\"1283\">Options de diam\u00e8tre et d&#8217;\u00e9paisseur sp\u00e9cifiques au projet<\/p>\n<\/li>\n<li data-start=\"1284\" data-end=\"1327\">\n<p data-start=\"1286\" data-end=\"1327\">R\u00e9sistance sup\u00e9rieure aux produits chimiques et \u00e0 la corrosion<\/p>\n<\/li>\n<\/ul>\n<p data-start=\"1329\" data-end=\"1353\"><strong data-start=\"1329\" data-end=\"1351\">Sp\u00e9cifications techniques :<\/strong><\/p>\n<ul data-start=\"1354\" data-end=\"1605\">\n<li data-start=\"1354\" data-end=\"1403\">\n<p data-start=\"1356\" data-end=\"1403\">Mat\u00e9riau : PE100 &#8211; Poly\u00e9thyl\u00e8ne haute densit\u00e9<\/p>\n<\/li>\n<li data-start=\"1404\" data-end=\"1456\">\n<p data-start=\"1406\" data-end=\"1456\">M\u00e9thode de raccordement : \u00c9lectrofusion ou soudure bout \u00e0 bout<\/p>\n<\/li>\n<li data-start=\"1457\" data-end=\"1475\">\n<p data-start=\"1459\" data-end=\"1475\">Angle de 90 degr\u00e9s<\/p>\n<\/li>\n<li data-start=\"1476\" data-end=\"1531\">\n<p data-start=\"1478\" data-end=\"1531\">Gamme de diam\u00e8tres : \u00d820 mm &#8211; \u00d81200 mm (production sp\u00e9ciale possible)<\/p>\n<\/li>\n<li data-start=\"1532\" data-end=\"1562\">\n<p data-start=\"1534\" data-end=\"1562\">Classe de pression : PN10 \/ PN16<\/p>\n<\/li>\n<li data-start=\"1563\" data-end=\"1605\">\n<p data-start=\"1565\" data-end=\"1605\">Normes ISO 4427, EN 1555, EN 12201<\/p>\n<\/li>\n<\/ul>\n<div id=\"footable_parent_16472\"\n         class=\" footable_parent ninja_table_wrapper loading_ninja_table wp_table_data_press_parent semantic_ui \">\n                <table data-ninja_table_instance=\"ninja_table_instance_0\" data-footable_id=\"16472\" data-filter-delay=\"1000\" aria-label=\"Konfeksiyon-90\u00b0-Dirsek\"            id=\"footable_16472\"\n           data-unique_identifier=\"ninja_table_unique_id_3541014802_16472\"\n           class=\" foo-table ninja_footable foo_table_16472 ninja_table_unique_id_3541014802_16472 ui table  nt_type_legacy_table celled striped compact vertical_centered  footable-paging-right ninja_table_search_disabled ninja_table_pro\">\n                <colgroup>\n                            <col class=\"ninja_column_0 \">\n                            <col class=\"ninja_column_1 \">\n                            <col class=\"ninja_column_2 \">\n                            <col class=\"ninja_column_3 \">\n                            <col class=\"ninja_column_4 \">\n                            <col class=\"ninja_column_5 \">\n                            <col class=\"ninja_column_6 \">\n                            <col class=\"ninja_column_7 \">\n                            <col class=\"ninja_column_8 \">\n                            <col class=\"ninja_column_9 \">\n                            <col class=\"ninja_column_10 \">\n                    <\/colgroup>\n        <thead>\n<tr class=\"footable-header\">\n                                                                                                                                                                                        <th scope=\"col\"  class=\"ninja_column_0 ninja_clmn_nm_SIRA \">SIRA<\/th><th scope=\"col\"  class=\"ninja_column_1 ninja_clmn_nm_\u00dcR\u00dcN KODU \">\u00dcR\u00dcN KODU<\/th><th scope=\"col\"  class=\"ninja_column_2 ninja_clmn_nm_\u00c7AP d [mm] \">\u00c7AP d [mm]<\/th><th scope=\"col\"  class=\"ninja_column_3 ninja_clmn_nm_BASIN\u00c7 [bar] \">BASIN\u00c7 [bar]<\/th><th scope=\"col\"  class=\"ninja_column_4 ninja_clmn_nm_L [mm] \">L [mm]<\/th><th scope=\"col\"  class=\"ninja_column_5 ninja_clmn_nm_z [mm] \">z [mm]<\/th><th scope=\"col\"  class=\"ninja_column_6 ninja_clmn_nm_L1 [mm] \">L1 [mm]<\/th><th scope=\"col\"  class=\"ninja_column_7 ninja_clmn_nm_e [mm] \">e [mm]<\/th><th scope=\"col\"  class=\"ninja_column_8 ninja_clmn_nm_A\u011eIRLIK [kg] \">A\u011eIRLIK [kg]<\/th><th scope=\"col\"  class=\"ninja_column_9 ninja_clmn_nm_KOL\u0130 ADED\u0130 \">KOL\u0130 ADED\u0130<\/th><th scope=\"col\"  class=\"ninja_column_10 ninja_clmn_nm_KOL\u0130 EBATI \">KOL\u0130 EBATI<\/th><\/tr>\n<\/thead>\n<tbody>\n\n        <tr data-row_id=\"6118\" class=\"ninja_table_row_0 nt_row_id_6118\">\n            <td>SEQ<\/td><td>PRODUCT CODE<\/td><td>SIZE d [mm]<\/td><td>PRESSURE [bar]<\/td><td>L [mm]<\/td><td>z [mm]<\/td><td>L1 [mm]<\/td><td>e [mm]<\/td><td>WEIGHT [kg]<\/td><td>IN A PARCEL<\/td><td>PCS PRICE<\/td>        <\/tr>\n            <tr data-row_id=\"6119\" class=\"ninja_table_row_1 nt_row_id_6119\">\n            <td>1<\/td><td>975639700250<\/td><td>250<\/td><td>PN10<\/td><td>200<\/td><td>473.21<\/td><td>386.37<\/td><td>14.8<\/td><td>11.84<\/td><td>-<\/td><td>-<\/td>        <\/tr>\n            <tr data-row_id=\"6120\" class=\"ninja_table_row_2 nt_row_id_6120\">\n            <td>2<\/td><td>975639100250<\/td><td>250<\/td><td>PN16<\/td><td>200<\/td><td>473.21<\/td><td>386.37<\/td><td>22.7<\/td><td>18.16<\/td><td>-<\/td><td>-<\/td>        <\/tr>\n            <tr data-row_id=\"6121\" class=\"ninja_table_row_3 nt_row_id_6121\">\n            <td>3<\/td><td>975639700280<\/td><td>280<\/td><td>PN10<\/td><td>220<\/td><td>520.53<\/td><td>425<\/td><td>16.6<\/td><td>14.61<\/td><td>-<\/td><td>-<\/td>        <\/tr>\n            <tr data-row_id=\"6122\" class=\"ninja_table_row_4 nt_row_id_6122\">\n            <td>4<\/td><td>975639100280<\/td><td>280<\/td><td>PN16<\/td><td>220<\/td><td>520.53<\/td><td>425<\/td><td>25.4<\/td><td>22.35<\/td><td>-<\/td><td>-<\/td>        <\/tr>\n            <tr data-row_id=\"6123\" class=\"ninja_table_row_5 nt_row_id_6123\">\n            <td>5<\/td><td>975639700315<\/td><td>315<\/td><td>PN10<\/td><td>225<\/td><td>532.36<\/td><td>434.66<\/td><td>18.7<\/td><td>16.83<\/td><td>-<\/td><td>-<\/td>        <\/tr>\n            <tr data-row_id=\"6124\" class=\"ninja_table_row_6 nt_row_id_6124\">\n            <td>6<\/td><td>975639100315<\/td><td>315<\/td><td>PN16<\/td><td>225<\/td><td>532.36<\/td><td>434.66<\/td><td>28.6<\/td><td>25.74<\/td><td>-<\/td><td>-<\/td>        <\/tr>\n            <tr data-row_id=\"6125\" class=\"ninja_table_row_7 nt_row_id_6125\">\n            <td>7<\/td><td>975639700355<\/td><td>355<\/td><td>PN10<\/td><td>240<\/td><td>567.85<\/td><td>463.64<\/td><td>21.1<\/td><td>20.26<\/td><td>-<\/td><td>-<\/td>        <\/tr>\n            <tr data-row_id=\"6126\" class=\"ninja_table_row_8 nt_row_id_6126\">\n            <td>8<\/td><td>975639100355<\/td><td>355<\/td><td>PN16<\/td><td>240<\/td><td>567.85<\/td><td>463.64<\/td><td>32.2<\/td><td>30.91<\/td><td>-<\/td><td>-<\/td>        <\/tr>\n            <tr data-row_id=\"6127\" class=\"ninja_table_row_9 nt_row_id_6127\">\n            <td>9<\/td><td>975639700400<\/td><td>400<\/td><td>PN10<\/td><td>250<\/td><td>591.51<\/td><td>482.96<\/td><td>23.7<\/td><td>23.7<\/td><td>-<\/td><td>-<\/td>        <\/tr>\n            <tr data-row_id=\"6128\" class=\"ninja_table_row_10 nt_row_id_6128\">\n            <td>10<\/td><td>975639100400<\/td><td>400<\/td><td>PN16<\/td><td>250<\/td><td>591.51<\/td><td>482.96<\/td><td>36.3<\/td><td>36.3<\/td><td>-<\/td><td>-<\/td>        <\/tr>\n            <tr data-row_id=\"6129\" class=\"ninja_table_row_11 nt_row_id_6129\">\n            <td>11<\/td><td>975639700450<\/td><td>450<\/td><td>PN10<\/td><td>265<\/td><td>627<\/td><td>511.93<\/td><td>26.7<\/td><td>28.3<\/td><td>-<\/td><td>-<\/td>        <\/tr>\n            <tr data-row_id=\"6130\" class=\"ninja_table_row_12 nt_row_id_6130\">\n            <td>12<\/td><td>975639100450<\/td><td>450<\/td><td>PN16<\/td><td>265<\/td><td>627<\/td><td>511.93<\/td><td>40.9<\/td><td>43.35<\/td><td>-<\/td><td>-<\/td>        <\/tr>\n            <tr data-row_id=\"6131\" class=\"ninja_table_row_13 nt_row_id_6131\">\n            <td>13<\/td><td>975639700500<\/td><td>500<\/td><td>PN10<\/td><td>287.5<\/td><td>680.23<\/td><td>555.4<\/td><td>29.7<\/td><td>34.16<\/td><td>-<\/td><td>-<\/td>        <\/tr>\n            <tr data-row_id=\"6132\" class=\"ninja_table_row_14 nt_row_id_6132\">\n            <td>14<\/td><td>975639100500<\/td><td>500<\/td><td>PN16<\/td><td>287.5<\/td><td>680.23<\/td><td>555.4<\/td><td>45.4<\/td><td>52.21<\/td><td>-<\/td><td>-<\/td>        <\/tr>\n            <tr data-row_id=\"6133\" class=\"ninja_table_row_15 nt_row_id_6133\">\n            <td>15<\/td><td>975639700560<\/td><td>560<\/td><td>PN10<\/td><td>310<\/td><td>733.47<\/td><td>598.87<\/td><td>33.2<\/td><td>41.17<\/td><td>-<\/td><td>-<\/td>        <\/tr>\n            <tr data-row_id=\"6134\" class=\"ninja_table_row_16 nt_row_id_6134\">\n            <td>16<\/td><td>975639100560<\/td><td>560<\/td><td>PN16<\/td><td>310<\/td><td>733.47<\/td><td>598.87<\/td><td>50.8<\/td><td>62.99<\/td><td>-<\/td><td>-<\/td>        <\/tr>\n            <tr data-row_id=\"6135\" class=\"ninja_table_row_17 nt_row_id_6135\">\n            <td>17<\/td><td>975639700630<\/td><td>630<\/td><td>PN10<\/td><td>355<\/td><td>839.94<\/td><td>685.8<\/td><td>37.4<\/td><td>53.11<\/td><td>-<\/td><td>-<\/td>        <\/tr>\n            <tr data-row_id=\"6136\" class=\"ninja_table_row_18 nt_row_id_6136\">\n            <td>18<\/td><td>975639100630<\/td><td>630<\/td><td>PN16<\/td><td>355<\/td><td>839.94<\/td><td>685.8<\/td><td>57.2<\/td><td>81.22<\/td><td>-<\/td><td>-<\/td>        <\/tr>\n            <tr data-row_id=\"6137\" class=\"ninja_table_row_19 nt_row_id_6137\">\n            <td>19<\/td><td>975639700710<\/td><td>710<\/td><td>PN10<\/td><td>375<\/td><td>887.26<\/td><td>724.43<\/td><td>42.1<\/td><td>63.15<\/td><td>-<\/td><td>-<\/td>        <\/tr>\n            <tr data-row_id=\"6138\" class=\"ninja_table_row_20 nt_row_id_6138\">\n            <td>20<\/td><td>975639100710<\/td><td>710<\/td><td>PN16<\/td><td>375<\/td><td>887.26<\/td><td>724.43<\/td><td>64.5<\/td><td>96.75<\/td><td>-<\/td><td>-<\/td>        <\/tr>\n            <tr data-row_id=\"6139\" class=\"ninja_table_row_21 nt_row_id_6139\">\n            <td>21<\/td><td>975639700800<\/td><td>800<\/td><td>PN10<\/td><td>405<\/td><td>958.24<\/td><td>782.39<\/td><td>47.4<\/td><td>76.79<\/td><td>-<\/td><td>-<\/td>        <\/tr>\n            <tr data-row_id=\"6140\" class=\"ninja_table_row_22 nt_row_id_6140\">\n            <td>22<\/td><td>975639100800<\/td><td>800<\/td><td>PN16<\/td><td>405<\/td><td>958.24<\/td><td>782.39<\/td><td>72.8<\/td><td>117.94<\/td><td>-<\/td><td>-<\/td>        <\/tr>\n            <tr data-row_id=\"6141\" class=\"ninja_table_row_23 nt_row_id_6141\">\n            <td>23<\/td><td>975639700900<\/td><td>900<\/td><td>PN10<\/td><td>425<\/td><td>1005.56<\/td><td>821.03<\/td><td>53.3<\/td><td>90.61<\/td><td>-<\/td><td>-<\/td>        <\/tr>\n            <tr data-row_id=\"6142\" class=\"ninja_table_row_24 nt_row_id_6142\">\n            <td>24<\/td><td>975639100900<\/td><td>900<\/td><td>PN16<\/td><td>425<\/td><td>1005.56<\/td><td>821.03<\/td><td>81.7<\/td><td>138.89<\/td><td>-<\/td><td>-<\/td>        <\/tr>\n            <tr data-row_id=\"6143\" class=\"ninja_table_row_25 nt_row_id_6143\">\n            <td>25<\/td><td>975639701000<\/td><td>1000<\/td><td>PN10<\/td><td>450<\/td><td>1064.71<\/td><td>869.32<\/td><td>59.3<\/td><td>106.74<\/td><td>-<\/td><td>-<\/td>        <\/tr>\n            <tr data-row_id=\"6144\" class=\"ninja_table_row_26 nt_row_id_6144\">\n            <td>26<\/td><td>975639101000<\/td><td>1000<\/td><td>PN16<\/td><td>450<\/td><td>1064.71<\/td><td>869.32<\/td><td>90.8<\/td><td>163.44<\/td><td>-<\/td><td>-<\/td>        <\/tr>\n            <tr data-row_id=\"6145\" class=\"ninja_table_row_27 nt_row_id_6145\">\n            <td>27<\/td><td>975639701200<\/td><td>1200<\/td><td>PN10<\/td><td>575<\/td><td>1360.46<\/td><td>1110.8<\/td><td>70.6<\/td><td>162.38<\/td><td>-<\/td><td>-<\/td>        <\/tr>\n            <tr data-row_id=\"6146\" class=\"ninja_table_row_28 nt_row_id_6146\">\n            <td>28<\/td><td>975639101200<\/td><td>1200<\/td><td>PN16<\/td><td>575<\/td><td>1360.46<\/td><td>1110.8<\/td><td>-<\/td><td>-<\/td><td>-<\/td><td>-<\/td>        <\/tr>\n            <tr data-row_id=\"6147\" class=\"ninja_table_row_29 nt_row_id_6147\">\n            <td>29<\/td><td>975639701400<\/td><td>1400<\/td><td>PN10<\/td><td>675<\/td><td>1597.07<\/td><td>1303.98<\/td><td>83<\/td><td>224.1<\/td><td>-<\/td><td>-<\/td>        <\/tr>\n            <tr data-row_id=\"6148\" class=\"ninja_table_row_30 nt_row_id_6148\">\n            <td>30<\/td><td>975639101400<\/td><td>1400<\/td><td>PN16<\/td><td>675<\/td><td>1597.07<\/td><td>1303.98<\/td><td>-<\/td><td>-<\/td><td>-<\/td><td>-<\/td>        <\/tr>\n            <tr data-row_id=\"6149\" class=\"ninja_table_row_31 nt_row_id_6149\">\n            <td>31<\/td><td>975639701600<\/td><td>1600<\/td><td>PN10<\/td><td>800<\/td><td>1892.82<\/td><td>1545.46<\/td><td>94.8<\/td><td>303.36<\/td><td>-<\/td><td>-<\/td>        <\/tr>\n            <tr data-row_id=\"6150\" class=\"ninja_table_row_32 nt_row_id_6150\">\n            <td>32<\/td><td>975639101600<\/td><td>1600<\/td><td>PN16<\/td><td>800<\/td><td>1892.82<\/td><td>1545.46<\/td><td>-<\/td><td>-<\/td><td>-<\/td><td>-<\/td>        <\/tr>\n    <\/tbody><!--ninja_tobody_rendering_done-->\n    <\/table>\n    \n    \n    \n<\/div>\n\n","protected":false},"excerpt":{"rendered":"<p align=\"justify\">Le coude 90\u00b0 de Confection est un \u00e9l\u00e9ment de raccordement sp\u00e9cial utilis\u00e9 dans les conduites en PEHD (poly\u00e9thyl\u00e8ne haute densit\u00e9) lorsqu&#8217;un changement de direction de 90 degr\u00e9s est n\u00e9cessaire. Ce coude, qui peut \u00eatre soud\u00e9 aux deux extr\u00e9mit\u00e9s, est id\u00e9al pour les projets qui n\u00e9cessitent des virages serr\u00e9s dans les conduites. Il est assembl\u00e9 par \u00e9lectrofusion ou par soudage bout \u00e0 bout, ce qui permet d&#8217;obtenir une connexion solide et \u00e9tanche.    <\/p>\n","protected":false},"featured_media":13283,"template":"","meta":{"pgc_sgb_lightbox_settings":""},"product_brand":[152],"product_cat":[45],"product_tag":[421,174,422,420,426,423,419,424,425],"class_list":{"0":"post-13282","1":"product","2":"type-product","3":"status-publish","4":"has-post-thumbnail","6":"product_brand-yildiz-polietilen","7":"product_cat-hdpe-konfeksiyon","8":"product_tag-90-alin-kaynak-dirsek","9":"product_tag-dogalgaz-boru-dirsegi","10":"product_tag-elektrofuzyon-90-derece-dirsek","11":"product_tag-hdpe-90-derece-dirsek","12":"product_tag-hdpe-boru-90-donus","13":"product_tag-hdpe-boru-donus-parcasi","14":"product_tag-konfeksiyon-dirsek-90","15":"product_tag-pn16-dirsek","16":"product_tag-su-hatti-90-dirsek","18":"first","19":"instock","20":"shipping-taxable","21":"product-type-simple"},"_links":{"self":[{"href":"https:\/\/www.yildizpolietilen.com\/fr\/wp-json\/wp\/v2\/product\/13282","targetHints":{"allow":["GET"]}}],"collection":[{"href":"https:\/\/www.yildizpolietilen.com\/fr\/wp-json\/wp\/v2\/product"}],"about":[{"href":"https:\/\/www.yildizpolietilen.com\/fr\/wp-json\/wp\/v2\/types\/product"}],"wp:featuredmedia":[{"embeddable":true,"href":"https:\/\/www.yildizpolietilen.com\/fr\/wp-json\/wp\/v2\/media\/13283"}],"wp:attachment":[{"href":"https:\/\/www.yildizpolietilen.com\/fr\/wp-json\/wp\/v2\/media?parent=13282"}],"wp:term":[{"taxonomy":"product_brand","embeddable":true,"href":"https:\/\/www.yildizpolietilen.com\/fr\/wp-json\/wp\/v2\/product_brand?post=13282"},{"taxonomy":"product_cat","embeddable":true,"href":"https:\/\/www.yildizpolietilen.com\/fr\/wp-json\/wp\/v2\/product_cat?post=13282"},{"taxonomy":"product_tag","embeddable":true,"href":"https:\/\/www.yildizpolietilen.com\/fr\/wp-json\/wp\/v2\/product_tag?post=13282"}],"curies":[{"name":"wp","href":"https:\/\/api.w.org\/{rel}","templated":true}]}}