{"id":13255,"date":"2024-08-04T04:37:33","date_gmt":"2024-08-04T01:37:33","guid":{"rendered":"https:\/\/yildizpolietilen.com\/urun\/adaptateur-de-flange-court\/"},"modified":"2025-06-25T13:34:04","modified_gmt":"2025-06-25T10:34:04","slug":"adaptateur-de-flange-court","status":"publish","type":"product","link":"https:\/\/www.yildizpolietilen.com\/fr\/urun\/adaptateur-de-flange-court\/","title":{"rendered":"ADAPTATEUR DE FLANGE \u2013 COURT"},"content":{"rendered":"<div id=\"footable_parent_16413\"\n         class=\" footable_parent ninja_table_wrapper loading_ninja_table wp_table_data_press_parent semantic_ui \">\n                <table data-ninja_table_instance=\"ninja_table_instance_0\" data-footable_id=\"16413\" data-filter-delay=\"1000\" aria-label=\"Spigot-Flans-Adaptoru-K\u0131sa\"            id=\"footable_16413\"\n           data-unique_identifier=\"ninja_table_unique_id_1930035967_16413\"\n           class=\" foo-table ninja_footable foo_table_16413 ninja_table_unique_id_1930035967_16413 ui table  nt_type_legacy_table celled striped compact vertical_centered  footable-paging-right ninja_table_search_disabled ninja_table_pro\">\n                <colgroup>\n                            <col class=\"ninja_column_0 \">\n                            <col class=\"ninja_column_1 \">\n                            <col class=\"ninja_column_2 \">\n                            <col class=\"ninja_column_3 \">\n                            <col class=\"ninja_column_4 \">\n                            <col class=\"ninja_column_5 \">\n                            <col class=\"ninja_column_6 \">\n                            <col class=\"ninja_column_7 \">\n                            <col class=\"ninja_column_8 \">\n                            <col class=\"ninja_column_9 \">\n                            <col class=\"ninja_column_10 \">\n                            <col class=\"ninja_column_11 \">\n                            <col class=\"ninja_column_12 \">\n                    <\/colgroup>\n        <thead>\n<tr class=\"footable-header\">\n                                                                                                                                                                                                                        <th scope=\"col\"  class=\"ninja_column_0 ninja_clmn_nm_SIRA \">SIRA<\/th><th scope=\"col\"  class=\"ninja_column_1 ninja_clmn_nm_\u00dcR\u00dcN KODU \">\u00dcR\u00dcN KODU<\/th><th scope=\"col\"  class=\"ninja_column_2 ninja_clmn_nm_\u00c7AP d [mm] \">\u00c7AP d [mm]<\/th><th scope=\"col\"  class=\"ninja_column_3 ninja_clmn_nm_BASIN\u00c7 [bar] \">BASIN\u00c7 [bar]<\/th><th scope=\"col\"  class=\"ninja_column_4 ninja_clmn_nm_L [mm] \">L [mm]<\/th><th scope=\"col\"  class=\"ninja_column_5 ninja_clmn_nm_L1 [mm] \">L1 [mm]<\/th><th scope=\"col\"  class=\"ninja_column_6 ninja_clmn_nm_h [mm] \">h [mm]<\/th><th scope=\"col\"  class=\"ninja_column_7 ninja_clmn_nm_d1 [mm] \">d1 [mm]<\/th><th scope=\"col\"  class=\"ninja_column_8 ninja_clmn_nm_d2 [mm] \">d2 [mm]<\/th><th scope=\"col\"  class=\"ninja_column_9 ninja_clmn_nm_e [mm] \">e [mm]<\/th><th scope=\"col\"  class=\"ninja_column_10 ninja_clmn_nm_A\u011eIRLIK [kg] \">A\u011eIRLIK [kg]<\/th><th scope=\"col\"  class=\"ninja_column_11 ninja_clmn_nm_KOL\u0130 ADED\u0130 \">KOL\u0130 ADED\u0130<\/th><th scope=\"col\"  class=\"ninja_column_12 ninja_clmn_nm_KOL\u0130 EBATI \">KOL\u0130 EBATI<\/th><\/tr>\n<\/thead>\n<tbody>\n\n        <tr data-row_id=\"4885\" class=\"ninja_table_row_0 nt_row_id_4885\">\n            <td>SEQ.<\/td><td>PRODUCT CODE<\/td><td>SIZE d [mm]<\/td><td>PRESSURE [bar]<\/td><td>L [mm]<\/td><td>L1 [mm]<\/td><td>h [mm]<\/td><td>d1 [mm]<\/td><td>d2 [mm]<\/td><td>e [mm]<\/td><td>WEIGHT [kg]<\/td><td>IN A PARCEL<\/td><td>PCS PRICE<\/td>        <\/tr>\n            <tr data-row_id=\"4886\" class=\"ninja_table_row_1 nt_row_id_4886\">\n            <td>1<\/td><td>974625700315<\/td><td>315<\/td><td>PN10<\/td><td>109.8<\/td><td>68.2<\/td><td>35<\/td><td>325.8<\/td><td>368<\/td><td>20<\/td><td>3.05<\/td><td>6<\/td><td>41\/60\/46<\/td>        <\/tr>\n            <tr data-row_id=\"4887\" class=\"ninja_table_row_2 nt_row_id_4887\">\n            <td>2<\/td><td>974625100315<\/td><td>315<\/td><td>PN16<\/td><td>109.8<\/td><td>68.2<\/td><td>35<\/td><td>325.8<\/td><td>368<\/td><td>30<\/td><td>3.74<\/td><td>6<\/td><td>41\/60\/46<\/td>        <\/tr>\n            <tr data-row_id=\"4888\" class=\"ninja_table_row_3 nt_row_id_4888\">\n            <td>3<\/td><td>974625700355<\/td><td>355<\/td><td>PN10<\/td><td>110<\/td><td>62<\/td><td>36<\/td><td>375<\/td><td>415<\/td><td>21.5<\/td><td>5<\/td><td>5<\/td><td>41\/60\/46<\/td>        <\/tr>\n            <tr data-row_id=\"4889\" class=\"ninja_table_row_4 nt_row_id_4889\">\n            <td>4<\/td><td>974625100355<\/td><td>355<\/td><td>PN16<\/td><td>110<\/td><td>62<\/td><td>36<\/td><td>375<\/td><td>415<\/td><td>32.75<\/td><td>7.7<\/td><td>5<\/td><td>41\/60\/46<\/td>        <\/tr>\n            <tr data-row_id=\"4890\" class=\"ninja_table_row_5 nt_row_id_4890\">\n            <td>5<\/td><td>974625700400<\/td><td>400<\/td><td>PN10<\/td><td>178.7<\/td><td>104<\/td><td>55<\/td><td>417.5<\/td><td>480<\/td><td>26.2<\/td><td>7.8<\/td><td>3<\/td><td>50\/60\/50<\/td>        <\/tr>\n            <tr data-row_id=\"4891\" class=\"ninja_table_row_6 nt_row_id_4891\">\n            <td>6<\/td><td>974625100400<\/td><td>400<\/td><td>PN16<\/td><td>178.7<\/td><td>104<\/td><td>55<\/td><td>417.5<\/td><td>480<\/td><td>39<\/td><td>9.9<\/td><td>3<\/td><td>50\/60\/50<\/td>        <\/tr>\n            <tr data-row_id=\"4892\" class=\"ninja_table_row_7 nt_row_id_4892\">\n            <td>7<\/td><td>974625700450<\/td><td>450<\/td><td>PN10<\/td><td>173<\/td><td>116<\/td><td>50<\/td><td>458<\/td><td>520<\/td><td>29.2<\/td><td>10.3<\/td><td>2<\/td><td>50\/60\/50<\/td>        <\/tr>\n            <tr data-row_id=\"4893\" class=\"ninja_table_row_8 nt_row_id_4893\">\n            <td>8<\/td><td>974625100450<\/td><td>450<\/td><td>PN16<\/td><td>173<\/td><td>116<\/td><td>50<\/td><td>458<\/td><td>520<\/td><td>45.1<\/td><td>11.7<\/td><td>2<\/td><td>50\/60\/50<\/td>        <\/tr>\n            <tr data-row_id=\"4894\" class=\"ninja_table_row_9 nt_row_id_4894\">\n            <td>9<\/td><td>974625700500<\/td><td>500<\/td><td>PN10<\/td><td>149<\/td><td>71<\/td><td>64<\/td><td>517<\/td><td>588<\/td><td>30.6<\/td><td>10.35<\/td><td>-<\/td><td>-<\/td>        <\/tr>\n            <tr data-row_id=\"4895\" class=\"ninja_table_row_10 nt_row_id_4895\">\n            <td>10<\/td><td>974625100500<\/td><td>500<\/td><td>PN16<\/td><td>149<\/td><td>71<\/td><td>64<\/td><td>517<\/td><td>588<\/td><td>45.5<\/td><td>13.2<\/td><td>-<\/td><td>-<\/td>        <\/tr>\n            <tr data-row_id=\"4896\" class=\"ninja_table_row_11 nt_row_id_4896\">\n            <td>11<\/td><td>974625700560<\/td><td>560<\/td><td>PN10<\/td><td>200<\/td><td>119<\/td><td>65<\/td><td>569<\/td><td>22.6<\/td><td>33.78<\/td><td>18.5<\/td><td>-<\/td><td>-<\/td>        <\/tr>\n            <tr data-row_id=\"4897\" class=\"ninja_table_row_12 nt_row_id_4897\">\n            <td>12<\/td><td>974625100560<\/td><td>560<\/td><td>PN16<\/td><td>200<\/td><td>119<\/td><td>65<\/td><td>569<\/td><td>22.6<\/td><td>52.2<\/td><td>22.6<\/td><td>-<\/td><td>-<\/td>        <\/tr>\n            <tr data-row_id=\"4898\" class=\"ninja_table_row_13 nt_row_id_4898\">\n            <td>13<\/td><td>974625700630<\/td><td>630<\/td><td>PN10<\/td><td>186<\/td><td>108.5<\/td><td>65<\/td><td>645<\/td><td>675<\/td><td>40<\/td><td>16.6<\/td><td>-<\/td><td>-<\/td>        <\/tr>\n            <tr data-row_id=\"4899\" class=\"ninja_table_row_14 nt_row_id_4899\">\n            <td>14<\/td><td>974625100630<\/td><td>630<\/td><td>PN16<\/td><td>186<\/td><td>108.5<\/td><td>65<\/td><td>645<\/td><td>675<\/td><td>57.2<\/td><td>21<\/td><td>-<\/td><td>-<\/td>        <\/tr>\n            <tr data-row_id=\"4900\" class=\"ninja_table_row_15 nt_row_id_4900\">\n            <td>15<\/td><td>974625700710<\/td><td>710<\/td><td>PN10<\/td><td>153.5<\/td><td>58.5<\/td><td>75<\/td><td>717.4<\/td><td>800<\/td><td>44<\/td><td>20.5<\/td><td>-<\/td><td>-<\/td>        <\/tr>\n            <tr data-row_id=\"4901\" class=\"ninja_table_row_16 nt_row_id_4901\">\n            <td>16<\/td><td>974625100710<\/td><td>710<\/td><td>PN16<\/td><td>153.5<\/td><td>58.5<\/td><td>75<\/td><td>717.4<\/td><td>800<\/td><td>68.6<\/td><td>26.3<\/td><td>-<\/td><td>-<\/td>        <\/tr>\n            <tr data-row_id=\"4902\" class=\"ninja_table_row_17 nt_row_id_4902\">\n            <td>17<\/td><td>974625700800<\/td><td>800<\/td><td>PN10<\/td><td>144<\/td><td>90<\/td><td>50<\/td><td>801<\/td><td>905<\/td><td>50<\/td><td>23.97<\/td><td>-<\/td><td>-<\/td>        <\/tr>\n            <tr data-row_id=\"4903\" class=\"ninja_table_row_18 nt_row_id_4903\">\n            <td>18<\/td><td>974625100800<\/td><td>800<\/td><td>PN16<\/td><td>144<\/td><td>90<\/td><td>50<\/td><td>801<\/td><td>905<\/td><td>74.2<\/td><td>29.2<\/td><td>-<\/td><td>-<\/td>        <\/tr>\n            <tr data-row_id=\"4904\" class=\"ninja_table_row_19 nt_row_id_4904\">\n            <td>19<\/td><td>974625700900<\/td><td>900<\/td><td>PN10<\/td><td>155<\/td><td>60<\/td><td>55<\/td><td>985<\/td><td>1010<\/td><td>55<\/td><td>31.51<\/td><td>-<\/td><td>-<\/td>        <\/tr>\n            <tr data-row_id=\"4905\" class=\"ninja_table_row_20 nt_row_id_4905\">\n            <td>20<\/td><td>974625100900<\/td><td>900<\/td><td>PN16<\/td><td>155<\/td><td>60<\/td><td>55<\/td><td>985<\/td><td>1010<\/td><td>86.5<\/td><td>42.08<\/td><td>-<\/td><td>-<\/td>        <\/tr>\n            <tr data-row_id=\"4906\" class=\"ninja_table_row_21 nt_row_id_4906\">\n            <td>21<\/td><td>974625701000<\/td><td>1000<\/td><td>PN10<\/td><td>150<\/td><td>70<\/td><td>55<\/td><td>1047<\/td><td>1120<\/td><td>62.5<\/td><td>35.46<\/td><td>-<\/td><td>-<\/td>        <\/tr>\n            <tr data-row_id=\"4907\" class=\"ninja_table_row_22 nt_row_id_4907\">\n            <td>22<\/td><td>974625101000<\/td><td>1000<\/td><td>PN16<\/td><td>150<\/td><td>70<\/td><td>55<\/td><td>1047<\/td><td>1120<\/td><td>99.1<\/td><td>45.41<\/td><td>-<\/td><td>-<\/td>        <\/tr>\n            <tr data-row_id=\"4908\" class=\"ninja_table_row_23 nt_row_id_4908\">\n            <td>23<\/td><td>974625701200<\/td><td>1200<\/td><td>PN10<\/td><td>150<\/td><td>70<\/td><td>60<\/td><td>1245<\/td><td>1330<\/td><td>74.5<\/td><td>44.9<\/td><td>-<\/td><td>-<\/td>        <\/tr>\n            <tr data-row_id=\"4909\" class=\"ninja_table_row_24 nt_row_id_4909\">\n            <td>24<\/td><td>974625701400<\/td><td>1400<\/td><td>PN10<\/td><td>200<\/td><td>85<\/td><td>75<\/td><td>1450<\/td><td>1535<\/td><td>87.2<\/td><td>77.53<\/td><td>-<\/td><td>-<\/td>        <\/tr>\n            <tr data-row_id=\"4910\" class=\"ninja_table_row_25 nt_row_id_4910\">\n            <td>25<\/td><td>974625701600<\/td><td>1600<\/td><td>PN10<\/td><td>200<\/td><td>80<\/td><td>80<\/td><td>1645<\/td><td>1737<\/td><td>102.1<\/td><td>98.97<\/td><td>-<\/td><td>-<\/td>        <\/tr>\n    <\/tbody><!--ninja_tobody_rendering_done-->\n    <\/table>\n    \n    \n    \n<\/div>\n\n","protected":false},"excerpt":{"rendered":"<p><strong>ADAPTATEUR DE BRIDE \u00c0 EMBO\u00ceTEMENT EN HDPE (ADAPTATEUR DE BRIDE \u00c0 EMBO\u00ceTEMENT) :<\/strong><\/p>\n<p>Il est utilis\u00e9 pour raccorder des tuyaux en PEHD \u00e0 des \u00e9quipements \u00e0 brides ou \u00e0 d&#8217;autres syst\u00e8mes de tuyauterie \u00e0 brides. L&#8217;extr\u00e9mit\u00e9 du bout uni est soud\u00e9e au tuyau PEHD, tandis que l&#8217;extr\u00e9mit\u00e9 de la bride est raccord\u00e9e \u00e0 la bride correspondante. Dans les raccords adaptateurs \u00e0 bride \u00e0 embo\u00eetement Hdpe, la m\u00e9thode de soudage bout \u00e0 bout est utilis\u00e9e comme m\u00e9thode d&#8217;assemblage. L&#8217;utilisation de la m\u00e9thode de soudage bout \u00e0 bout dans les adaptateurs \u00e0 bride \u00e0 embo\u00eetement Hdpe permet de gagner du temps et est plus facile \u00e0 appliquer.   <\/p>\n<p><strong>Domaines d&#8217;utilisation<\/strong>: Largement utilis\u00e9 pour raccorder des tuyaux PEHD \u00e0 des vannes, des pompes ou d&#8217;autres composants \u00e0 brides.<\/p>\n","protected":false},"featured_media":13257,"template":"","meta":{"pgc_sgb_lightbox_settings":""},"product_brand":[152],"product_cat":[44],"product_tag":[655,656],"class_list":{"0":"post-13255","1":"product","2":"type-product","3":"status-publish","4":"has-post-thumbnail","6":"product_brand-yildiz-polietilen","7":"product_cat-hdpe-spigot","8":"product_tag-flans-adaptoru","9":"product_tag-kisa","11":"first","12":"instock","13":"shipping-taxable","14":"product-type-simple"},"_links":{"self":[{"href":"https:\/\/www.yildizpolietilen.com\/fr\/wp-json\/wp\/v2\/product\/13255","targetHints":{"allow":["GET"]}}],"collection":[{"href":"https:\/\/www.yildizpolietilen.com\/fr\/wp-json\/wp\/v2\/product"}],"about":[{"href":"https:\/\/www.yildizpolietilen.com\/fr\/wp-json\/wp\/v2\/types\/product"}],"wp:featuredmedia":[{"embeddable":true,"href":"https:\/\/www.yildizpolietilen.com\/fr\/wp-json\/wp\/v2\/media\/13257"}],"wp:attachment":[{"href":"https:\/\/www.yildizpolietilen.com\/fr\/wp-json\/wp\/v2\/media?parent=13255"}],"wp:term":[{"taxonomy":"product_brand","embeddable":true,"href":"https:\/\/www.yildizpolietilen.com\/fr\/wp-json\/wp\/v2\/product_brand?post=13255"},{"taxonomy":"product_cat","embeddable":true,"href":"https:\/\/www.yildizpolietilen.com\/fr\/wp-json\/wp\/v2\/product_cat?post=13255"},{"taxonomy":"product_tag","embeddable":true,"href":"https:\/\/www.yildizpolietilen.com\/fr\/wp-json\/wp\/v2\/product_tag?post=13255"}],"curies":[{"name":"wp","href":"https:\/\/api.w.org\/{rel}","templated":true}]}}