{"id":13237,"date":"2024-09-25T18:21:09","date_gmt":"2024-09-25T15:21:09","guid":{"rendered":"https:\/\/yildizpolietilen.com\/urun\/egal-te\/"},"modified":"2025-06-24T15:06:43","modified_gmt":"2025-06-24T12:06:43","slug":"egal-te","status":"publish","type":"product","link":"https:\/\/www.yildizpolietilen.com\/fr\/urun\/egal-te\/","title":{"rendered":"EQUAL TE"},"content":{"rendered":"<p data-start=\"106\" data-end=\"171\"><strong data-start=\"106\" data-end=\"171\">HDPE Spigot Equal Tee &#8211; Butt Weld, Triple Line Connection Solution<\/strong><\/p>\n<p data-start=\"173\" data-end=\"526\"><strong data-start=\"173\" data-end=\"193\">Description du produit :<\/strong><br data-start=\"193\" data-end=\"196\">Gr\u00e2ce \u00e0 sa structure \u00e0 embo\u00eetement (bouche plate), il est soud\u00e9 directement aux tuyaux PEHD par la m\u00e9thode de soudage bout \u00e0 bout. Cette m\u00e9thode de soudage offre \u00e0 la fois une facilit\u00e9 d&#8217;application et l&#8217;avantage d&#8217;une connexion durable et \u00e9tanche. Il peut \u00eatre produit dans diff\u00e9rentes classes de diam\u00e8tre et de pression sp\u00e9cifiques aux projets.    <\/p>\n<p data-start=\"795\" data-end=\"819\"><strong data-start=\"795\" data-end=\"817\">Domaines d&#8217;utilisation :<\/strong><\/p>\n<ul data-start=\"820\" data-end=\"1061\">\n<li data-start=\"820\" data-end=\"851\">\n<p data-start=\"822\" data-end=\"851\">R\u00e9seaux principaux d&#8217;eau potable<\/p>\n<\/li>\n<li data-start=\"852\" data-end=\"886\">\n<p data-start=\"854\" data-end=\"886\">Lignes de transport de gaz naturel et de GPL<\/p>\n<\/li>\n<li data-start=\"887\" data-end=\"919\">\n<p data-start=\"889\" data-end=\"919\">Eaux us\u00e9es et syst\u00e8mes de drainage<\/p>\n<\/li>\n<li data-start=\"920\" data-end=\"951\">\n<p data-start=\"922\" data-end=\"951\">Infrastructures d&#8217;irrigation agricole<\/p>\n<\/li>\n<li data-start=\"952\" data-end=\"999\">\n<p data-start=\"954\" data-end=\"999\">Pipelines de transport de liquides et de gaz industriels<\/p>\n<\/li>\n<li data-start=\"1000\" data-end=\"1061\">\n<p data-start=\"1002\" data-end=\"1061\">Toutes les applications o\u00f9 une nouvelle sortie de la ligne principale est n\u00e9cessaire au m\u00eame diam\u00e8tre.<\/p>\n<\/li>\n<\/ul>\n<p data-start=\"1063\" data-end=\"1081\"><strong data-start=\"1063\" data-end=\"1079\">Avantages :<\/strong><\/p>\n<ul data-start=\"1082\" data-end=\"1372\">\n<li data-start=\"1082\" data-end=\"1139\">\n<p data-start=\"1084\" data-end=\"1139\">Raccordement solide et durable par soudure bout \u00e0 bout<\/p>\n<\/li>\n<li data-start=\"1140\" data-end=\"1180\">\n<p data-start=\"1142\" data-end=\"1180\">Raccordement d&#8217;une ligne de diam\u00e8tre \u00e9gal dans trois directions<\/p>\n<\/li>\n<li data-start=\"1181\" data-end=\"1246\">\n<p data-start=\"1183\" data-end=\"1246\">Haute r\u00e9sistance \u00e0 la corrosion, aux rayons UV et aux produits chimiques<\/p>\n<\/li>\n<li data-start=\"1247\" data-end=\"1287\">\n<p data-start=\"1249\" data-end=\"1287\">Faible co\u00fbt de main-d&#8217;\u0153uvre, assemblage facile<\/p>\n<\/li>\n<li data-start=\"1288\" data-end=\"1317\">\n<p data-start=\"1290\" data-end=\"1317\">L\u00e9ger et portable<\/p>\n<\/li>\n<li data-start=\"1318\" data-end=\"1372\">\n<p data-start=\"1320\" data-end=\"1372\">Possibilit\u00e9 de production dans diff\u00e9rents diam\u00e8tres et classes de pression<\/p>\n<\/li>\n<\/ul>\n<p data-start=\"1374\" data-end=\"1398\"><strong data-start=\"1374\" data-end=\"1396\">Sp\u00e9cifications techniques :<\/strong><\/p>\n<ul data-start=\"1399\" data-end=\"1583\">\n<li data-start=\"1399\" data-end=\"1424\">\n<p data-start=\"1401\" data-end=\"1424\">Mat\u00e9riau : PE100 &#8211; HDPE<\/p>\n<\/li>\n<li data-start=\"1425\" data-end=\"1470\">\n<p data-start=\"1427\" data-end=\"1470\">Type de connexion : Soudure bout \u00e0 bout<\/p>\n<\/li>\n<li data-start=\"1471\" data-end=\"1505\">\n<p data-start=\"1473\" data-end=\"1505\">Gamme de diam\u00e8tres : \u00d820 mm &#8211; \u00d81200 mm<\/p>\n<\/li>\n<li data-start=\"1506\" data-end=\"1536\">\n<p data-start=\"1508\" data-end=\"1536\">Classe de pression : PN10 \/ PN16<\/p>\n<\/li>\n<li data-start=\"1537\" data-end=\"1583\">\n<p data-start=\"1539\" data-end=\"1583\">Normes ISO 4427, EN 12201, DIN 8074-75<\/p>\n<\/li>\n<\/ul>\n<div id=\"footable_parent_16512\"\n         class=\" footable_parent ninja_table_wrapper loading_ninja_table wp_table_data_press_parent semantic_ui \">\n                <table data-ninja_table_instance=\"ninja_table_instance_0\" data-footable_id=\"16512\" data-filter-delay=\"1000\" aria-label=\"Spigot-Esit-TE\"            id=\"footable_16512\"\n           data-unique_identifier=\"ninja_table_unique_id_738301537_16512\"\n           class=\" foo-table ninja_footable foo_table_16512 ninja_table_unique_id_738301537_16512 ui table  nt_type_legacy_table celled striped compact vertical_centered  footable-paging-right ninja_table_search_disabled ninja_table_pro\">\n                <colgroup>\n                            <col class=\"ninja_column_0 \">\n                            <col class=\"ninja_column_1 \">\n                            <col class=\"ninja_column_2 \">\n                            <col class=\"ninja_column_3 \">\n                            <col class=\"ninja_column_4 \">\n                            <col class=\"ninja_column_5 \">\n                            <col class=\"ninja_column_6 \">\n                            <col class=\"ninja_column_7 \">\n                            <col class=\"ninja_column_8 \">\n                            <col class=\"ninja_column_9 \">\n                            <col class=\"ninja_column_10 \">\n                    <\/colgroup>\n        <thead>\n<tr class=\"footable-header\">\n                                                                                                                                                                                        <th scope=\"col\"  class=\"ninja_column_0 ninja_clmn_nm_SIRA \">SIRA<\/th><th scope=\"col\"  class=\"ninja_column_1 ninja_clmn_nm_\u00dcR\u00dcN KODU \">\u00dcR\u00dcN KODU<\/th><th scope=\"col\"  class=\"ninja_column_2 ninja_clmn_nm_\u00c7AP d [mm] \">\u00c7AP d [mm]<\/th><th scope=\"col\"  class=\"ninja_column_3 ninja_clmn_nm_BASIN\u00c7 [bar] \">BASIN\u00c7 [bar]<\/th><th scope=\"col\"  class=\"ninja_column_4 ninja_clmn_nm_L [mm] \">L [mm]<\/th><th scope=\"col\"  class=\"ninja_column_5 ninja_clmn_nm_z [mm] \">z [mm]<\/th><th scope=\"col\"  class=\"ninja_column_6 ninja_clmn_nm_L1 [mm] \">L1 [mm]<\/th><th scope=\"col\"  class=\"ninja_column_7 ninja_clmn_nm_e [mm] \">e [mm]<\/th><th scope=\"col\"  class=\"ninja_column_8 ninja_clmn_nm_A\u011eIRLIK [kg] \">A\u011eIRLIK [kg]<\/th><th scope=\"col\"  class=\"ninja_column_9 ninja_clmn_nm_KOL\u0130 ADED\u0130 \">KOL\u0130 ADED\u0130<\/th><th scope=\"col\"  class=\"ninja_column_10 ninja_clmn_nm_KOL\u0130 EBATI \">KOL\u0130 EBATI<\/th><\/tr>\n<\/thead>\n<tbody>\n\n        <tr data-row_id=\"7367\" class=\"ninja_table_row_0 nt_row_id_7367\">\n            <td>SEQ.<\/td><td>PRODUCT CODE<\/td><td>SIZE d [mm]<\/td><td>PRESSURE [bar]<\/td><td>L [mm]<\/td><td>z [mm]<\/td><td>L1 [mm]<\/td><td>e [mm]<\/td><td>WEIGHT [kg]<\/td><td>IN A PARCEL<\/td><td>PCS PRICE<\/td>        <\/tr>\n            <tr data-row_id=\"7368\" class=\"ninja_table_row_1 nt_row_id_7368\">\n            <td>1<\/td><td>974638700032<\/td><td>32\u04ff32<\/td><td>PN10<\/td><td>175.5<\/td><td>81<\/td><td>49<\/td><td>2.3<\/td><td>0.06<\/td><td>100<\/td><td>30\/60\/41<\/td>        <\/tr>\n            <tr data-row_id=\"7369\" class=\"ninja_table_row_2 nt_row_id_7369\">\n            <td>2<\/td><td>974638100032<\/td><td>32\u04ff32<\/td><td>PN16<\/td><td>175.5<\/td><td>81<\/td><td>49<\/td><td>3<\/td><td>0.094<\/td><td>100<\/td><td>30\/60\/41<\/td>        <\/tr>\n            <tr data-row_id=\"7370\" class=\"ninja_table_row_3 nt_row_id_7370\">\n            <td>3<\/td><td>974638700040<\/td><td>40\u04ff40<\/td><td>PN10<\/td><td>188.6<\/td><td>97.5<\/td><td>55.6<\/td><td>2.8<\/td><td>0.11<\/td><td>80<\/td><td>30\/60\/41<\/td>        <\/tr>\n            <tr data-row_id=\"7371\" class=\"ninja_table_row_4 nt_row_id_7371\">\n            <td>4<\/td><td>974638100040<\/td><td>40\u04ff40<\/td><td>PN16<\/td><td>188.6<\/td><td>97.5<\/td><td>55.6<\/td><td>4.05<\/td><td>0.164<\/td><td>80<\/td><td>30\/60\/41<\/td>        <\/tr>\n            <tr data-row_id=\"7372\" class=\"ninja_table_row_5 nt_row_id_7372\">\n            <td>5<\/td><td>974638700050<\/td><td>50\u04ff50<\/td><td>PN10<\/td><td>214.1<\/td><td>111.7<\/td><td>61.2<\/td><td>3.4<\/td><td>0.18<\/td><td>50<\/td><td>30\/60\/41<\/td>        <\/tr>\n            <tr data-row_id=\"7373\" class=\"ninja_table_row_6 nt_row_id_7373\">\n            <td>6<\/td><td>974638100050<\/td><td>50\u04ff50<\/td><td>PN16<\/td><td>214.1<\/td><td>111.7<\/td><td>61.2<\/td><td>4.8<\/td><td>0.275<\/td><td>50<\/td><td>30\/60\/41<\/td>        <\/tr>\n            <tr data-row_id=\"7374\" class=\"ninja_table_row_7 nt_row_id_7374\">\n            <td>7<\/td><td>974638700063<\/td><td>63\u04ff63<\/td><td>PN10<\/td><td>246<\/td><td>123<\/td><td>66<\/td><td>4.12<\/td><td>0.3<\/td><td>32<\/td><td>30\/60\/41<\/td>        <\/tr>\n            <tr data-row_id=\"7375\" class=\"ninja_table_row_8 nt_row_id_7375\">\n            <td>8<\/td><td>974638100063<\/td><td>63\u04ff63<\/td><td>PN16<\/td><td>246<\/td><td>123<\/td><td>66<\/td><td>6.37<\/td><td>0.45<\/td><td>32<\/td><td>30\/60\/41<\/td>        <\/tr>\n            <tr data-row_id=\"7376\" class=\"ninja_table_row_9 nt_row_id_7376\">\n            <td>9<\/td><td>974638700075<\/td><td>75\u04ff75<\/td><td>PN10<\/td><td>276.6<\/td><td>133.5<\/td><td>70.2<\/td><td>4.79<\/td><td>0.49<\/td><td>20<\/td><td>30\/60\/41<\/td>        <\/tr>\n            <tr data-row_id=\"7377\" class=\"ninja_table_row_10 nt_row_id_7377\">\n            <td>10<\/td><td>974638100075<\/td><td>75\u04ff75<\/td><td>PN16<\/td><td>276.6<\/td><td>133.5<\/td><td>70.2<\/td><td>7.4<\/td><td>0.73<\/td><td>20<\/td><td>30\/60\/41<\/td>        <\/tr>\n            <tr data-row_id=\"7378\" class=\"ninja_table_row_11 nt_row_id_7378\">\n            <td>11<\/td><td>974638700090<\/td><td>90\u04ff90<\/td><td>PN10<\/td><td>288.9<\/td><td>147<\/td><td>79.5<\/td><td>5.8<\/td><td>0.75<\/td><td>16<\/td><td>30\/60\/41<\/td>        <\/tr>\n            <tr data-row_id=\"7379\" class=\"ninja_table_row_12 nt_row_id_7379\">\n            <td>12<\/td><td>974638100090<\/td><td>90\u04ff90<\/td><td>PN16<\/td><td>288.9<\/td><td>147<\/td><td>79.5<\/td><td>9.2<\/td><td>1.12<\/td><td>16<\/td><td>30\/60\/41<\/td>        <\/tr>\n            <tr data-row_id=\"7380\" class=\"ninja_table_row_13 nt_row_id_7380\">\n            <td>13<\/td><td>974638700110<\/td><td>110\u04ff110<\/td><td>PN10<\/td><td>343<\/td><td>167<\/td><td>91.1<\/td><td>6.6<\/td><td>1.3<\/td><td>14<\/td><td>41\/60\/46<\/td>        <\/tr>\n            <tr data-row_id=\"7381\" class=\"ninja_table_row_14 nt_row_id_7381\">\n            <td>14<\/td><td>974638100110<\/td><td>110\u04ff110<\/td><td>PN16<\/td><td>343<\/td><td>167<\/td><td>91.1<\/td><td>10.2<\/td><td>2.458<\/td><td>14<\/td><td>41\/60\/46<\/td>        <\/tr>\n            <tr data-row_id=\"7382\" class=\"ninja_table_row_15 nt_row_id_7382\">\n            <td>15<\/td><td>974638700125<\/td><td>125\u04ff125<\/td><td>PN10<\/td><td>369.1<\/td><td>189<\/td><td>95.5<\/td><td>8.15<\/td><td>1.55<\/td><td>10<\/td><td>41\/60\/46<\/td>        <\/tr>\n            <tr data-row_id=\"7383\" class=\"ninja_table_row_16 nt_row_id_7383\">\n            <td>16<\/td><td>974638100125<\/td><td>125\u04ff125<\/td><td>PN16<\/td><td>369.1<\/td><td>189<\/td><td>95.5<\/td><td>12.6<\/td><td>2.32<\/td><td>10<\/td><td>41\/60\/46<\/td>        <\/tr>\n            <tr data-row_id=\"7384\" class=\"ninja_table_row_17 nt_row_id_7384\">\n            <td>17<\/td><td>974638700140<\/td><td>140\u04ff140<\/td><td>PN10<\/td><td>355.5<\/td><td>179.4<\/td><td>90.4<\/td><td>8.54<\/td><td>1.67<\/td><td>8<\/td><td>41\/60\/46<\/td>        <\/tr>\n            <tr data-row_id=\"7385\" class=\"ninja_table_row_18 nt_row_id_7385\">\n            <td>18<\/td><td>974638100140<\/td><td>140\u04ff140<\/td><td>PN16<\/td><td>355.5<\/td><td>179.4<\/td><td>90.4<\/td><td>13.2<\/td><td>2.5<\/td><td>8<\/td><td>41\/60\/46<\/td>        <\/tr>\n            <tr data-row_id=\"7386\" class=\"ninja_table_row_19 nt_row_id_7386\">\n            <td>19<\/td><td>974638700160<\/td><td>160\u04ff160<\/td><td>PN10<\/td><td>430.7<\/td><td>208.5<\/td><td>108.5<\/td><td>10.6<\/td><td>3.4<\/td><td>7<\/td><td>50\/60\/50<\/td>        <\/tr>\n            <tr data-row_id=\"7387\" class=\"ninja_table_row_20 nt_row_id_7387\">\n            <td>20<\/td><td>974638100160<\/td><td>160\u04ff160<\/td><td>PN16<\/td><td>430.7<\/td><td>208.5<\/td><td>108.5<\/td><td>14.65<\/td><td>4.7<\/td><td>7<\/td><td>50\/60\/50<\/td>        <\/tr>\n            <tr data-row_id=\"7388\" class=\"ninja_table_row_21 nt_row_id_7388\">\n            <td>21<\/td><td>974638700180<\/td><td>180\u04ff180<\/td><td>PN10<\/td><td>516<\/td><td>230<\/td><td>115<\/td><td>10.8<\/td><td>3.86<\/td><td>4<\/td><td>50\/60\/50<\/td>        <\/tr>\n            <tr data-row_id=\"7389\" class=\"ninja_table_row_22 nt_row_id_7389\">\n            <td>22<\/td><td>974638100180<\/td><td>180\u04ff180<\/td><td>PN16<\/td><td>516<\/td><td>230<\/td><td>115<\/td><td>16.5<\/td><td>5.786<\/td><td>4<\/td><td>50\/60\/50<\/td>        <\/tr>\n            <tr data-row_id=\"7390\" class=\"ninja_table_row_23 nt_row_id_7390\">\n            <td>23<\/td><td>974638700200<\/td><td>200\u04ff200<\/td><td>PN10<\/td><td>505<\/td><td>243.2<\/td><td>122.5<\/td><td>11.7<\/td><td>5.7<\/td><td>3<\/td><td>50\/60\/50<\/td>        <\/tr>\n            <tr data-row_id=\"7391\" class=\"ninja_table_row_24 nt_row_id_7391\">\n            <td>24<\/td><td>974638100200<\/td><td>200\u04ff200<\/td><td>PN16<\/td><td>505<\/td><td>243.2<\/td><td>122.5<\/td><td>18.7<\/td><td>7.72<\/td><td>3<\/td><td>50\/60\/50<\/td>        <\/tr>\n            <tr data-row_id=\"7392\" class=\"ninja_table_row_25 nt_row_id_7392\">\n            <td>25<\/td><td>974638700225<\/td><td>225\u04ff225<\/td><td>PN10<\/td><td>533<\/td><td>256.9<\/td><td>123.7<\/td><td>13.5<\/td><td>6.53<\/td><td>3<\/td><td>50\/60\/50<\/td>        <\/tr>\n            <tr data-row_id=\"7393\" class=\"ninja_table_row_26 nt_row_id_7393\">\n            <td>26<\/td><td>974638100225<\/td><td>225\u04ff225<\/td><td>PN16<\/td><td>533<\/td><td>256.9<\/td><td>123.7<\/td><td>20.6<\/td><td>9.05<\/td><td>3<\/td><td>50\/60\/50<\/td>        <\/tr>\n            <tr data-row_id=\"7394\" class=\"ninja_table_row_27 nt_row_id_7394\">\n            <td>27<\/td><td>974638700250<\/td><td>250\u04ff250<\/td><td>PN10<\/td><td>581<\/td><td>292<\/td><td>137<\/td><td>20.5<\/td><td>11.2<\/td><td>2<\/td><td>50\/60\/50<\/td>        <\/tr>\n            <tr data-row_id=\"7395\" class=\"ninja_table_row_28 nt_row_id_7395\">\n            <td>28<\/td><td>974638100250<\/td><td>250\u04ff250<\/td><td>PN16<\/td><td>581<\/td><td>292<\/td><td>137<\/td><td>23.2<\/td><td>12.94<\/td><td>2<\/td><td>50\/60\/50<\/td>        <\/tr>\n            <tr data-row_id=\"7396\" class=\"ninja_table_row_29 nt_row_id_7396\">\n            <td>29<\/td><td>974638700280<\/td><td>280*280<\/td><td>PN10<\/td><td>565<\/td><td>280.2<\/td><td>123<\/td><td>16.7<\/td><td>11.5<\/td><td>1<\/td><td>50\/60\/50<\/td>        <\/tr>\n            <tr data-row_id=\"7397\" class=\"ninja_table_row_30 nt_row_id_7397\">\n            <td>30<\/td><td>974638100280<\/td><td>280*280<\/td><td>PN16<\/td><td>565<\/td><td>280.2<\/td><td>123<\/td><td>25.5<\/td><td>15.13<\/td><td>1<\/td><td>50\/60\/50<\/td>        <\/tr>\n            <tr data-row_id=\"7398\" class=\"ninja_table_row_31 nt_row_id_7398\">\n            <td>31<\/td><td>974638700315<\/td><td>315*315<\/td><td>PN10<\/td><td>708<\/td><td>334.3<\/td><td>152.4<\/td><td>20.7<\/td><td>17.9<\/td><td>-<\/td><td>-<\/td>        <\/tr>\n            <tr data-row_id=\"7399\" class=\"ninja_table_row_32 nt_row_id_7399\">\n            <td>32<\/td><td>974638100315<\/td><td>315*315<\/td><td>PN16<\/td><td>708<\/td><td>334.3<\/td><td>152.4<\/td><td>31.2<\/td><td>23.688<\/td><td>-<\/td><td>-<\/td>        <\/tr>\n    <\/tbody><!--ninja_tobody_rendering_done-->\n    <\/table>\n    \n    \n    \n<\/div>\n\n","protected":false},"excerpt":{"rendered":"<p>Le T\u00e9 \u00e9gal \u00e0 embo\u00eetement HDPE est un raccord soud\u00e9 bout \u00e0 bout utilis\u00e9 dans les syst\u00e8mes de tuyauterie HDPE (poly\u00e9thyl\u00e8ne haute densit\u00e9 &#8211; PE100) pour r\u00e9aliser des raccordements \u00e0 trois voies et de m\u00eame diam\u00e8tre. Toutes les extr\u00e9mit\u00e9s de ce raccord en forme de T sont de m\u00eame diam\u00e8tre et sont utilis\u00e9es pour cr\u00e9er une nouvelle sortie de ligne \u00e0 partir de la canalisation principale ou pour diviser la ligne en trois.   <\/p>\n","protected":false},"featured_media":13238,"template":"","meta":{"pgc_sgb_lightbox_settings":""},"product_brand":[152],"product_cat":[44],"product_tag":[529,534,531,528,532,533,530,535],"class_list":{"0":"post-13237","1":"product","2":"type-product","3":"status-publish","4":"has-post-thumbnail","6":"product_brand-yildiz-polietilen","7":"product_cat-hdpe-spigot","8":"product_tag-alin-kaynakli-tee-parcasi","9":"product_tag-boru-hatti-t-baglanti-parcasi","10":"product_tag-es-capli-tee-fitting","11":"product_tag-hdpe-spigot-esit-te","12":"product_tag-hdpe-tee-ek-parca","13":"product_tag-pn16-hdpe-spigot-tee","14":"product_tag-spigot-tee-baglanti","15":"product_tag-su-hatti-spigot-tee","17":"first","18":"instock","19":"shipping-taxable","20":"product-type-simple"},"_links":{"self":[{"href":"https:\/\/www.yildizpolietilen.com\/fr\/wp-json\/wp\/v2\/product\/13237","targetHints":{"allow":["GET"]}}],"collection":[{"href":"https:\/\/www.yildizpolietilen.com\/fr\/wp-json\/wp\/v2\/product"}],"about":[{"href":"https:\/\/www.yildizpolietilen.com\/fr\/wp-json\/wp\/v2\/types\/product"}],"wp:featuredmedia":[{"embeddable":true,"href":"https:\/\/www.yildizpolietilen.com\/fr\/wp-json\/wp\/v2\/media\/13238"}],"wp:attachment":[{"href":"https:\/\/www.yildizpolietilen.com\/fr\/wp-json\/wp\/v2\/media?parent=13237"}],"wp:term":[{"taxonomy":"product_brand","embeddable":true,"href":"https:\/\/www.yildizpolietilen.com\/fr\/wp-json\/wp\/v2\/product_brand?post=13237"},{"taxonomy":"product_cat","embeddable":true,"href":"https:\/\/www.yildizpolietilen.com\/fr\/wp-json\/wp\/v2\/product_cat?post=13237"},{"taxonomy":"product_tag","embeddable":true,"href":"https:\/\/www.yildizpolietilen.com\/fr\/wp-json\/wp\/v2\/product_tag?post=13237"}],"curies":[{"name":"wp","href":"https:\/\/api.w.org\/{rel}","templated":true}]}}