{"id":13225,"date":"2024-08-02T23:09:34","date_gmt":"2024-08-02T20:09:34","guid":{"rendered":"https:\/\/yildizpolietilen.com\/urun\/ef-semer\/"},"modified":"2025-06-24T15:06:04","modified_gmt":"2025-06-24T12:06:04","slug":"ef-semer","status":"publish","type":"product","link":"https:\/\/www.yildizpolietilen.com\/fr\/urun\/ef-semer\/","title":{"rendered":"EF SEMER"},"content":{"rendered":"<p data-start=\"94\" data-end=\"166\"><strong data-start=\"94\" data-end=\"166\">Selle EF &#8211; Facile et fiable dans les syst\u00e8mes de tuyauterie HDPE  <\/strong><\/p>\n<p data-start=\"168\" data-end=\"500\"><strong data-start=\"168\" data-end=\"188\">Description du produit :<\/strong><br data-start=\"188\" data-end=\"191\">Les \u00e9l\u00e9ments chauffants int\u00e9gr\u00e9s \u00e0 la selle, lorsqu&#8217;ils sont connect\u00e9s \u00e0 l&#8217;unit\u00e9 de soudage, font fondre le mat\u00e9riau PEHD et forment un joint homog\u00e8ne et solide. Il peut \u00eatre produit dans diff\u00e9rents diam\u00e8tres et angles sp\u00e9cifiques au projet, offrant ainsi des solutions adapt\u00e9es aux besoins de votre pipeline.   <\/p>\n<p data-start=\"761\" data-end=\"785\"><strong data-start=\"761\" data-end=\"783\">Domaines d&#8217;utilisation :<\/strong><\/p>\n<ul data-start=\"786\" data-end=\"1035\">\n<li data-start=\"786\" data-end=\"821\">\n<p data-start=\"788\" data-end=\"821\">Distribution d&#8217;eau et conduites d&#8217;eau potable<\/p>\n<\/li>\n<li data-start=\"822\" data-end=\"857\">\n<p data-start=\"824\" data-end=\"857\">Syst\u00e8mes de canalisations de gaz naturel et de GPL<\/p>\n<\/li>\n<li data-start=\"858\" data-end=\"904\">\n<p data-start=\"860\" data-end=\"904\">Installations industrielles de transport de liquides et de gaz<\/p>\n<\/li>\n<li data-start=\"905\" data-end=\"948\">\n<p data-start=\"907\" data-end=\"948\">Infrastructures d&#8217;assainissement et d&#8217;eaux pluviales<\/p>\n<\/li>\n<li data-start=\"949\" data-end=\"976\">\n<p data-start=\"951\" data-end=\"976\">Lignes d&#8217;irrigation agricole<\/p>\n<\/li>\n<li data-start=\"977\" data-end=\"1035\">\n<p data-start=\"979\" data-end=\"1035\">Raccordement d&#8217;une nouvelle ligne ou d&#8217;un branchement sur une ligne existante<\/p>\n<\/li>\n<\/ul>\n<p data-start=\"1037\" data-end=\"1055\"><strong data-start=\"1037\" data-end=\"1053\">Avantages :<\/strong><\/p>\n<ul data-start=\"1056\" data-end=\"1378\">\n<li data-start=\"1056\" data-end=\"1123\">\n<p data-start=\"1058\" data-end=\"1123\">Connexion rapide, s\u00fbre et robuste gr\u00e2ce \u00e0 la technologie de l&#8217;\u00e9lectrofusion<\/p>\n<\/li>\n<li data-start=\"1124\" data-end=\"1179\">\n<p data-start=\"1126\" data-end=\"1179\">Assure l&#8217;\u00e9tanch\u00e9it\u00e9 au niveau de la ligne principale et de la connexion \u00e0 la ligne de touche<\/p>\n<\/li>\n<li data-start=\"1180\" data-end=\"1229\">\n<p data-start=\"1182\" data-end=\"1229\">R\u00e9sistant \u00e0 la haute pression et aux effets chimiques<\/p>\n<\/li>\n<li data-start=\"1230\" data-end=\"1277\">\n<p data-start=\"1232\" data-end=\"1277\">Longue dur\u00e9e de vie contre la corrosion et les facteurs externes<\/p>\n<\/li>\n<li data-start=\"1278\" data-end=\"1334\">\n<p data-start=\"1280\" data-end=\"1334\">Production de diam\u00e8tres et d&#8217;angles sp\u00e9ciaux selon les exigences du projet<\/p>\n<\/li>\n<li data-start=\"1335\" data-end=\"1378\">\n<p data-start=\"1337\" data-end=\"1378\">R\u00e9duit le temps de travail gr\u00e2ce \u00e0 un assemblage facile<\/p>\n<\/li>\n<\/ul>\n<p data-start=\"1380\" data-end=\"1404\"><strong data-start=\"1380\" data-end=\"1402\">Sp\u00e9cifications techniques :<\/strong><\/p>\n<ul data-start=\"1405\" data-end=\"1600\">\n<li data-start=\"1405\" data-end=\"1430\">\n<p data-start=\"1407\" data-end=\"1430\">Mat\u00e9riau : PEHD (PE100)<\/p>\n<\/li>\n<li data-start=\"1431\" data-end=\"1473\">\n<p data-start=\"1433\" data-end=\"1473\">M\u00e9thode de connexion : Soudage par \u00e9lectrofusion<\/p>\n<\/li>\n<li data-start=\"1474\" data-end=\"1529\">\n<p data-start=\"1476\" data-end=\"1529\">Gamme de diam\u00e8tres : \u00d820 mm &#8211; \u00d81200 mm (production sp\u00e9ciale possible)<\/p>\n<\/li>\n<li data-start=\"1530\" data-end=\"1560\">\n<p data-start=\"1532\" data-end=\"1560\">Classe de pression : PN10 \/ PN16<\/p>\n<\/li>\n<li data-start=\"1561\" data-end=\"1600\">\n<p data-start=\"1563\" data-end=\"1600\">Conformit\u00e9 ISO 4427, EN 12201, EN 1555<\/p>\n<\/li>\n<\/ul>\n<div id=\"footable_parent_16634\"\n         class=\" footable_parent ninja_table_wrapper loading_ninja_table wp_table_data_press_parent semantic_ui \">\n                <table data-ninja_table_instance=\"ninja_table_instance_0\" data-footable_id=\"16634\" data-filter-delay=\"1000\" aria-label=\"EF-Semer\"            id=\"footable_16634\"\n           data-unique_identifier=\"ninja_table_unique_id_1344820007_16634\"\n           class=\" foo-table ninja_footable foo_table_16634 ninja_table_unique_id_1344820007_16634 ui table  nt_type_legacy_table celled striped compact vertical_centered  footable-paging-right ninja_table_search_disabled ninja_table_pro\">\n                <colgroup>\n                            <col class=\"ninja_column_0 \">\n                            <col class=\"ninja_column_1 \">\n                            <col class=\"ninja_column_2 \">\n                            <col class=\"ninja_column_3 \">\n                            <col class=\"ninja_column_4 \">\n                            <col class=\"ninja_column_5 \">\n                            <col class=\"ninja_column_6 \">\n                            <col class=\"ninja_column_7 \">\n                            <col class=\"ninja_column_8 \">\n                    <\/colgroup>\n        <thead>\n<tr class=\"footable-header\">\n                                                                                                                                                        <th scope=\"col\"  class=\"ninja_column_0 ninja_clmn_nm_S\u0131ra \">S\u0131ra<\/th><th scope=\"col\"  class=\"ninja_column_1 ninja_clmn_nm_\u00dcr\u00fcn Kodu \">\u00dcr\u00fcn Kodu<\/th><th scope=\"col\"  class=\"ninja_column_2 ninja_clmn_nm_\u00dcr\u00fcn Ad\u0131 \">\u00dcr\u00fcn Ad\u0131<\/th><th scope=\"col\"  class=\"ninja_column_3 ninja_clmn_nm_d (mm) \">d (mm)<\/th><th scope=\"col\"  class=\"ninja_column_4 ninja_clmn_nm_d1 (mm) \">d1 (mm)<\/th><th scope=\"col\"  class=\"ninja_column_5 ninja_clmn_nm_z(mm) \">z(mm)<\/th><th scope=\"col\"  class=\"ninja_column_6 ninja_clmn_nm_l (mm) \">l (mm)<\/th><th scope=\"col\"  class=\"ninja_column_7 ninja_clmn_nm_l1 (mm) \">l1 (mm)<\/th><th scope=\"col\"  class=\"ninja_column_8 ninja_clmn_nm_A\u011f\u0131rl\u0131k (kg ) \">A\u011f\u0131rl\u0131k (kg )<\/th><\/tr>\n<\/thead>\n<tbody>\n\n        <tr data-row_id=\"7476\" class=\"ninja_table_row_0 nt_row_id_7476\">\n            <td>SEQ<\/td><td>PRODUCT CODE<\/td><td>PRODUCT NAME<\/td><td>d (mm)<\/td><td>d1 (mm)<\/td><td>z(mm)<\/td><td>l (mm)<\/td><td>l1 (mm)<\/td><td>WEIGHT [kg]<\/td>        <\/tr>\n            <tr data-row_id=\"7477\" class=\"ninja_table_row_1 nt_row_id_7477\">\n            <td>1<\/td><td>973376103240<\/td><td>40\/32 EF Semer<\/td><td>40<\/td><td>32<\/td><td>55<\/td><td>120<\/td><td>46<\/td><td>0.18<\/td>        <\/tr>\n            <tr data-row_id=\"7478\" class=\"ninja_table_row_2 nt_row_id_7478\">\n            <td>2<\/td><td>973376102040<\/td><td>40\/20 EF Semer<\/td><td>40<\/td><td>20<\/td><td>56<\/td><td>120<\/td><td>49<\/td><td>0.17<\/td>        <\/tr>\n            <tr data-row_id=\"7479\" class=\"ninja_table_row_3 nt_row_id_7479\">\n            <td>3<\/td><td>973376106363<\/td><td>63\/63 EF Semer<\/td><td>63<\/td><td>63<\/td><td>75<\/td><td>120<\/td><td>67<\/td><td>0.3<\/td>        <\/tr>\n            <tr data-row_id=\"7480\" class=\"ninja_table_row_4 nt_row_id_7480\">\n            <td>4<\/td><td>973376103263<\/td><td>63\/32 EF Semer<\/td><td>63<\/td><td>32<\/td><td>55<\/td><td>120<\/td><td>46<\/td><td>0.24<\/td>        <\/tr>\n            <tr data-row_id=\"7481\" class=\"ninja_table_row_5 nt_row_id_7481\">\n            <td>5<\/td><td>973376106375<\/td><td>75\/63 EF Semer<\/td><td>75<\/td><td>63<\/td><td>75<\/td><td>120<\/td><td>67<\/td><td>0.31<\/td>        <\/tr>\n            <tr data-row_id=\"7482\" class=\"ninja_table_row_6 nt_row_id_7482\">\n            <td>6<\/td><td>973376103275<\/td><td>75\/32 EF Semer<\/td><td>75<\/td><td>32<\/td><td>55<\/td><td>120<\/td><td>46<\/td><td>0.25<\/td>        <\/tr>\n            <tr data-row_id=\"7483\" class=\"ninja_table_row_7 nt_row_id_7483\">\n            <td>7<\/td><td>973376106390<\/td><td>90\/63 EF Semer<\/td><td>90<\/td><td>63<\/td><td>75<\/td><td>140<\/td><td>67<\/td><td>0.37<\/td>        <\/tr>\n            <tr data-row_id=\"7484\" class=\"ninja_table_row_8 nt_row_id_7484\">\n            <td>8<\/td><td>973376103290<\/td><td>90\/32 EF Semer<\/td><td>90<\/td><td>32<\/td><td>55<\/td><td>140<\/td><td>46<\/td><td>0.3<\/td>        <\/tr>\n            <tr data-row_id=\"7485\" class=\"ninja_table_row_9 nt_row_id_7485\">\n            <td>9<\/td><td>973376163110<\/td><td>110\/63 EF Semer<\/td><td>110<\/td><td>63<\/td><td>75<\/td><td>140<\/td><td>67<\/td><td>0.43<\/td>        <\/tr>\n            <tr data-row_id=\"7486\" class=\"ninja_table_row_10 nt_row_id_7486\">\n            <td>10<\/td><td>973376132110<\/td><td>110\/32 EF Semer<\/td><td>110<\/td><td>32<\/td><td>55<\/td><td>140<\/td><td>46<\/td><td>0.38<\/td>        <\/tr>\n            <tr data-row_id=\"7487\" class=\"ninja_table_row_11 nt_row_id_7487\">\n            <td>11<\/td><td>973376163125<\/td><td>125\/63 EF Semer<\/td><td>125<\/td><td>63<\/td><td>75<\/td><td>140<\/td><td>67<\/td><td>0.45<\/td>        <\/tr>\n            <tr data-row_id=\"7488\" class=\"ninja_table_row_12 nt_row_id_7488\">\n            <td>12<\/td><td>973376132125<\/td><td>125\/32 EF Semer<\/td><td>125<\/td><td>32<\/td><td>55<\/td><td>140<\/td><td>46<\/td><td>0.4<\/td>        <\/tr>\n            <tr data-row_id=\"7489\" class=\"ninja_table_row_13 nt_row_id_7489\">\n            <td>13<\/td><td>973376163140<\/td><td>140\/63 EF Semer<\/td><td>140<\/td><td>63<\/td><td>75<\/td><td>140<\/td><td>67<\/td><td>0.47<\/td>        <\/tr>\n            <tr data-row_id=\"7490\" class=\"ninja_table_row_14 nt_row_id_7490\">\n            <td>14<\/td><td>973376132140<\/td><td>140\/32 EF Semer<\/td><td>140<\/td><td>32<\/td><td>55<\/td><td>140<\/td><td>46<\/td><td>0.42<\/td>        <\/tr>\n            <tr data-row_id=\"7491\" class=\"ninja_table_row_15 nt_row_id_7491\">\n            <td>15<\/td><td>973376163160<\/td><td>160\/63 EF Semer<\/td><td>160<\/td><td>63<\/td><td>75<\/td><td>140<\/td><td>67<\/td><td>0.5<\/td>        <\/tr>\n            <tr data-row_id=\"7492\" class=\"ninja_table_row_16 nt_row_id_7492\">\n            <td>16<\/td><td>973376132160<\/td><td>160\/32 EF Semer<\/td><td>160<\/td><td>32<\/td><td>55<\/td><td>140<\/td><td>46<\/td><td>0.45<\/td>        <\/tr>\n            <tr data-row_id=\"7493\" class=\"ninja_table_row_17 nt_row_id_7493\">\n            <td>17<\/td><td>973376163180<\/td><td>180-200\/63 EF Semer<\/td><td>180-200<\/td><td>63<\/td><td>75<\/td><td>160<\/td><td>67<\/td><td>0.81<\/td>        <\/tr>\n            <tr data-row_id=\"7494\" class=\"ninja_table_row_18 nt_row_id_7494\">\n            <td>18<\/td><td>973376132180<\/td><td>180-200\/32 EF Semer<\/td><td>180-200<\/td><td>32<\/td><td>55<\/td><td>160<\/td><td>46<\/td><td>0.76<\/td>        <\/tr>\n            <tr data-row_id=\"7495\" class=\"ninja_table_row_19 nt_row_id_7495\">\n            <td>19<\/td><td>973376163225<\/td><td>225-250\/63 EF Semer<\/td><td>225-250<\/td><td>63<\/td><td>75<\/td><td>160<\/td><td>67<\/td><td>0.86<\/td>        <\/tr>\n            <tr data-row_id=\"7496\" class=\"ninja_table_row_20 nt_row_id_7496\">\n            <td>20<\/td><td>973376132225<\/td><td>225-250\/32 EF Semer<\/td><td>225-250<\/td><td>32<\/td><td>55<\/td><td>160<\/td><td>46<\/td><td>0.81<\/td>        <\/tr>\n            <tr data-row_id=\"7497\" class=\"ninja_table_row_21 nt_row_id_7497\">\n            <td>21<\/td><td>973376163280<\/td><td>280-315\/63 EF Semer<\/td><td>280-315<\/td><td>63<\/td><td>75<\/td><td>160<\/td><td>67<\/td><td>0.94<\/td>        <\/tr>\n            <tr data-row_id=\"7498\" class=\"ninja_table_row_22 nt_row_id_7498\">\n            <td>22<\/td><td>973376103240<\/td><td>280-315\/32 EF Semer<\/td><td>280-315<\/td><td>32<\/td><td>55<\/td><td>160<\/td><td>46<\/td><td>0.9<\/td>        <\/tr>\n    <\/tbody><!--ninja_tobody_rendering_done-->\n    <\/table>\n    \n    \n    \n<\/div>\n\n","protected":false},"excerpt":{"rendered":"<p data-start=\"168\" data-end=\"500\">La selle EF est un \u00e9l\u00e9ment de raccordement sp\u00e9cial soud\u00e9 par \u00e9lectrofusion utilis\u00e9 pour r\u00e9aliser un raccordement lat\u00e9ral \u00e0 la conduite principale dans les pipelines en PEHD (poly\u00e9thyl\u00e8ne haute densit\u00e9). Afin d&#8217;ouvrir une sortie lat\u00e9rale \u00e0 la canalisation, une selle est mont\u00e9e sur la canalisation principale et une connexion \u00e9tanche et durable est fournie par la m\u00e9thode d&#8217;\u00e9lectrofusion.   <\/p>\n<p data-start=\"502\" data-end=\"759\">\n","protected":false},"featured_media":11890,"template":"","meta":{"pgc_sgb_lightbox_settings":""},"product_brand":[152],"product_cat":[43],"product_tag":[491,483,484,489,488,485,487,486,490],"class_list":{"0":"post-13225","1":"product","2":"type-product","3":"status-publish","4":"has-post-thumbnail","6":"product_brand-yildiz-polietilen","7":"product_cat-hdpe-elektrofuzyon","8":"product_tag-dogalgaz-semer","9":"product_tag-ef-semer","10":"product_tag-elektrofuzyon-semer","11":"product_tag-elektrofuzyon-yan-hat-baglantisi","12":"product_tag-hdpe-bransman","13":"product_tag-hdpe-semer-baglanti","14":"product_tag-pn16-ef-semer","15":"product_tag-semer-boru-parcasi","16":"product_tag-su-hatti-semer","18":"first","19":"instock","20":"shipping-taxable","21":"product-type-simple"},"_links":{"self":[{"href":"https:\/\/www.yildizpolietilen.com\/fr\/wp-json\/wp\/v2\/product\/13225","targetHints":{"allow":["GET"]}}],"collection":[{"href":"https:\/\/www.yildizpolietilen.com\/fr\/wp-json\/wp\/v2\/product"}],"about":[{"href":"https:\/\/www.yildizpolietilen.com\/fr\/wp-json\/wp\/v2\/types\/product"}],"wp:featuredmedia":[{"embeddable":true,"href":"https:\/\/www.yildizpolietilen.com\/fr\/wp-json\/wp\/v2\/media\/11890"}],"wp:attachment":[{"href":"https:\/\/www.yildizpolietilen.com\/fr\/wp-json\/wp\/v2\/media?parent=13225"}],"wp:term":[{"taxonomy":"product_brand","embeddable":true,"href":"https:\/\/www.yildizpolietilen.com\/fr\/wp-json\/wp\/v2\/product_brand?post=13225"},{"taxonomy":"product_cat","embeddable":true,"href":"https:\/\/www.yildizpolietilen.com\/fr\/wp-json\/wp\/v2\/product_cat?post=13225"},{"taxonomy":"product_tag","embeddable":true,"href":"https:\/\/www.yildizpolietilen.com\/fr\/wp-json\/wp\/v2\/product_tag?post=13225"}],"curies":[{"name":"wp","href":"https:\/\/api.w.org\/{rel}","templated":true}]}}