{"id":13223,"date":"2024-08-02T23:08:54","date_gmt":"2024-08-02T20:08:54","guid":{"rendered":"https:\/\/yildizpolietilen.com\/urun\/ef-couvercle\/"},"modified":"2025-06-24T15:05:59","modified_gmt":"2025-06-24T12:05:59","slug":"ef-couvercle","status":"publish","type":"product","link":"https:\/\/www.yildizpolietilen.com\/fr\/urun\/ef-couvercle\/","title":{"rendered":"EF END CAP"},"content":{"rendered":"<p data-start=\"90\" data-end=\"155\"><strong data-start=\"90\" data-end=\"155\">Bouchon d&#8217;extr\u00e9mit\u00e9 \u00e9lectrofusion &#8211; Solution de terminaison sans fuite pour les syst\u00e8mes de tuyaux PEHD<\/strong><\/p>\n<p data-start=\"157\" data-end=\"458\"><strong data-start=\"157\" data-end=\"177\">Description du produit :<\/strong><br data-start=\"177\" data-end=\"180\">Les \u00e9l\u00e9ments chauffants int\u00e9gr\u00e9s au capuchon, lorsqu&#8217;ils sont connect\u00e9s \u00e0 l&#8217;unit\u00e9 de soudage par \u00e9lectrofusion, font fondre la surface du PEHD, cr\u00e9ant ainsi un joint de soudure homog\u00e8ne, solide et \u00e9tanche. Une production sp\u00e9ciale est disponible dans diff\u00e9rents diam\u00e8tres et selon les exigences du projet.   <\/p>\n<p data-start=\"713\" data-end=\"737\"><strong data-start=\"713\" data-end=\"735\">Domaines d&#8217;utilisation :<\/strong><\/p>\n<ul data-start=\"738\" data-end=\"939\">\n<li data-start=\"738\" data-end=\"776\">\n<p data-start=\"740\" data-end=\"776\">Syst\u00e8mes d&#8217;infrastructure pour l&#8217;eau et l&#8217;eau potable<\/p>\n<\/li>\n<li data-start=\"777\" data-end=\"809\">\n<p data-start=\"779\" data-end=\"809\">Gazoducs de gaz naturel et de GPL<\/p>\n<\/li>\n<li data-start=\"810\" data-end=\"849\">\n<p data-start=\"812\" data-end=\"849\">Installations de traitement des eaux us\u00e9es<\/p>\n<\/li>\n<li data-start=\"850\" data-end=\"899\">\n<p data-start=\"852\" data-end=\"899\">Fermeture temporaire pour des travaux d&#8217;essai et de maintenance<\/p>\n<\/li>\n<li data-start=\"900\" data-end=\"939\">\n<p data-start=\"902\" data-end=\"939\">Nouvelles lignes et terminaisons de r\u00e9seau<\/p>\n<\/li>\n<\/ul>\n<p data-start=\"941\" data-end=\"959\"><strong data-start=\"941\" data-end=\"957\">Avantages :<\/strong><\/p>\n<ul data-start=\"960\" data-end=\"1270\">\n<li data-start=\"960\" data-end=\"1017\">\n<p data-start=\"962\" data-end=\"1017\">Assemblage rapide et s\u00fbr gr\u00e2ce \u00e0 la technologie de l&#8217;\u00e9lectrofusion<\/p>\n<\/li>\n<li data-start=\"1018\" data-end=\"1066\">\n<p data-start=\"1020\" data-end=\"1066\">Raccordement \u00e9tanche et durable<\/p>\n<\/li>\n<li data-start=\"1067\" data-end=\"1126\">\n<p data-start=\"1069\" data-end=\"1126\">Haute r\u00e9sistance \u00e0 la corrosion, aux produits chimiques et aux facteurs externes<\/p>\n<\/li>\n<li data-start=\"1127\" data-end=\"1182\">\n<p data-start=\"1129\" data-end=\"1182\">D\u00e9montage et remontage faciles (certains types)<\/p>\n<\/li>\n<li data-start=\"1183\" data-end=\"1227\">\n<p data-start=\"1185\" data-end=\"1227\">Options de diam\u00e8tre et d&#8217;\u00e9paisseur sp\u00e9cifiques au projet<\/p>\n<\/li>\n<li data-start=\"1228\" data-end=\"1270\">\n<p data-start=\"1230\" data-end=\"1270\">Faible co\u00fbt de la main-d&#8217;\u0153uvre et mise en \u0153uvre rapide<\/p>\n<\/li>\n<\/ul>\n<p data-start=\"1272\" data-end=\"1296\"><strong data-start=\"1272\" data-end=\"1294\">Sp\u00e9cifications techniques :<\/strong><\/p>\n<ul data-start=\"1297\" data-end=\"1492\">\n<li data-start=\"1297\" data-end=\"1322\">\n<p data-start=\"1299\" data-end=\"1322\">Mat\u00e9riau : PEHD (PE100)<\/p>\n<\/li>\n<li data-start=\"1323\" data-end=\"1365\">\n<p data-start=\"1325\" data-end=\"1365\">M\u00e9thode de connexion : Soudage par \u00e9lectrofusion<\/p>\n<\/li>\n<li data-start=\"1422\" data-end=\"1452\">\n<p data-start=\"1424\" data-end=\"1452\">Classe de pression : PN10 \/ PN16<\/p>\n<\/li>\n<li data-start=\"1453\" data-end=\"1492\">\n<p data-start=\"1455\" data-end=\"1492\">Conformit\u00e9 ISO 4427, EN 12201, EN 1555<\/p>\n<\/li>\n<\/ul>\n<div id=\"footable_parent_16632\"\n         class=\" footable_parent ninja_table_wrapper loading_ninja_table wp_table_data_press_parent semantic_ui \">\n                <table data-ninja_table_instance=\"ninja_table_instance_0\" data-footable_id=\"16632\" data-filter-delay=\"1000\" aria-label=\"EF-Kep\"            id=\"footable_16632\"\n           data-unique_identifier=\"ninja_table_unique_id_3309388626_16632\"\n           class=\" foo-table ninja_footable foo_table_16632 ninja_table_unique_id_3309388626_16632 ui table  nt_type_legacy_table celled striped compact vertical_centered  footable-paging-right ninja_table_search_disabled ninja_table_pro\">\n                <colgroup>\n                            <col class=\"ninja_column_0 \">\n                            <col class=\"ninja_column_1 \">\n                            <col class=\"ninja_column_2 \">\n                            <col class=\"ninja_column_3 \">\n                            <col class=\"ninja_column_4 \">\n                            <col class=\"ninja_column_5 \">\n                            <col class=\"ninja_column_6 \">\n                            <col class=\"ninja_column_7 \">\n                    <\/colgroup>\n        <thead>\n<tr class=\"footable-header\">\n                                                                                                                                        <th scope=\"col\"  class=\"ninja_column_0 ninja_clmn_nm_S\u0131ra \">S\u0131ra<\/th><th scope=\"col\"  class=\"ninja_column_1 ninja_clmn_nm_\u00dcr\u00fcn Kodu \">\u00dcr\u00fcn Kodu<\/th><th scope=\"col\"  class=\"ninja_column_2 ninja_clmn_nm_\u00dcr\u00fcn Ad\u0131 \">\u00dcr\u00fcn Ad\u0131<\/th><th scope=\"col\"  class=\"ninja_column_3 ninja_clmn_nm_D (mm) \">D (mm)<\/th><th scope=\"col\"  class=\"ninja_column_4 ninja_clmn_nm_d (mm) \">d (mm)<\/th><th scope=\"col\"  class=\"ninja_column_5 ninja_clmn_nm_L (mm) \">L (mm)<\/th><th scope=\"col\"  class=\"ninja_column_6 ninja_clmn_nm_Le1 (mm) \">Le1 (mm)<\/th><th scope=\"col\"  class=\"ninja_column_7 ninja_clmn_nm_A\u011f\u0131rl\u0131k (kg) \">A\u011f\u0131rl\u0131k (kg)<\/th><\/tr>\n<\/thead>\n<tbody>\n\n        <tr data-row_id=\"7446\" class=\"ninja_table_row_0 nt_row_id_7446\">\n            <td>SEQ<\/td><td>Product Code<\/td><td>Product Name<\/td><td>D (mm)<\/td><td>d (mm)<\/td><td>L (mm)<\/td><td>Le1 (mm)<\/td><td>Weight (kg)<\/td>        <\/tr>\n            <tr data-row_id=\"7447\" class=\"ninja_table_row_1 nt_row_id_7447\">\n            <td>1<\/td><td>973355100020<\/td><td>20 EF Kep<\/td><td>36<\/td><td>20<\/td><td>85<\/td><td>80<\/td><td>0,06<\/td>        <\/tr>\n            <tr data-row_id=\"7448\" class=\"ninja_table_row_2 nt_row_id_7448\">\n            <td>2<\/td><td>973355100140<\/td><td>140 EF Kep<\/td><td>184<\/td><td>140<\/td><td>110.5<\/td><td>91.8<\/td><td>1.3<\/td>        <\/tr>\n            <tr data-row_id=\"7449\" class=\"ninja_table_row_3 nt_row_id_7449\">\n            <td>3<\/td><td>973355100160<\/td><td>160 EF Kep<\/td><td>202.8<\/td><td>160<\/td><td>118.4<\/td><td>95.9<\/td><td>1.74<\/td>        <\/tr>\n            <tr data-row_id=\"7450\" class=\"ninja_table_row_4 nt_row_id_7450\">\n            <td>4<\/td><td>973355100180<\/td><td>180 EF Kep<\/td><td>230.6<\/td><td>180<\/td><td>150<\/td><td>103<\/td><td>2.8<\/td>        <\/tr>\n            <tr data-row_id=\"7451\" class=\"ninja_table_row_5 nt_row_id_7451\">\n            <td>5<\/td><td>973355100200<\/td><td>200 EF Kep<\/td><td>256.1<\/td><td>200<\/td><td>143<\/td><td>107.5<\/td><td>3.1<\/td>        <\/tr>\n            <tr data-row_id=\"7452\" class=\"ninja_table_row_6 nt_row_id_7452\">\n            <td>6<\/td><td>973355100225<\/td><td>225 EF Kep<\/td><td>285.2<\/td><td>225<\/td><td>148.5<\/td><td>113<\/td><td>4.16<\/td>        <\/tr>\n    <\/tbody><!--ninja_tobody_rendering_done-->\n    <\/table>\n    \n    \n    \n<\/div>\n\n","protected":false},"excerpt":{"rendered":"<p data-start=\"157\" data-end=\"458\">Le bouchon d&#8217;extr\u00e9mit\u00e9 \u00e9lectrofusion est un raccord con\u00e7u par la m\u00e9thode de soudage \u00e9lectrofusion pour fermer les extr\u00e9mit\u00e9s des conduites en PEHD (poly\u00e9thyl\u00e8ne haute densit\u00e9) et pour terminer la ligne en toute s\u00e9curit\u00e9. Il est utilis\u00e9 pour la fermeture temporaire ou permanente des extr\u00e9mit\u00e9s ouvertes de la canalisation.   <\/p>\n<p data-start=\"460\" data-end=\"711\">\n","protected":false},"featured_media":13224,"template":"","meta":{"pgc_sgb_lightbox_settings":""},"product_brand":[152],"product_cat":[43],"product_tag":[493,498,492,495,449,496,446,494,497],"class_list":{"0":"post-13223","1":"product","2":"type-product","3":"status-publish","4":"has-post-thumbnail","6":"product_brand-yildiz-polietilen","7":"product_cat-hdpe-elektrofuzyon","8":"product_tag-boru-sonlandirma-kapagi","9":"product_tag-dogalgaz-kep","10":"product_tag-ef-kep","11":"product_tag-elektrofuzyon-kapak","12":"product_tag-elektrofuzyon-kep","13":"product_tag-hdpe-boru-kepi","14":"product_tag-hdpe-kep","15":"product_tag-pn16-ef-kep","16":"product_tag-su-hatti-sonlandirma","18":"first","19":"instock","20":"shipping-taxable","21":"product-type-simple"},"_links":{"self":[{"href":"https:\/\/www.yildizpolietilen.com\/fr\/wp-json\/wp\/v2\/product\/13223","targetHints":{"allow":["GET"]}}],"collection":[{"href":"https:\/\/www.yildizpolietilen.com\/fr\/wp-json\/wp\/v2\/product"}],"about":[{"href":"https:\/\/www.yildizpolietilen.com\/fr\/wp-json\/wp\/v2\/types\/product"}],"wp:featuredmedia":[{"embeddable":true,"href":"https:\/\/www.yildizpolietilen.com\/fr\/wp-json\/wp\/v2\/media\/13224"}],"wp:attachment":[{"href":"https:\/\/www.yildizpolietilen.com\/fr\/wp-json\/wp\/v2\/media?parent=13223"}],"wp:term":[{"taxonomy":"product_brand","embeddable":true,"href":"https:\/\/www.yildizpolietilen.com\/fr\/wp-json\/wp\/v2\/product_brand?post=13223"},{"taxonomy":"product_cat","embeddable":true,"href":"https:\/\/www.yildizpolietilen.com\/fr\/wp-json\/wp\/v2\/product_cat?post=13223"},{"taxonomy":"product_tag","embeddable":true,"href":"https:\/\/www.yildizpolietilen.com\/fr\/wp-json\/wp\/v2\/product_tag?post=13223"}],"curies":[{"name":"wp","href":"https:\/\/api.w.org\/{rel}","templated":true}]}}