{"id":11968,"date":"2024-09-25T21:07:20","date_gmt":"2024-09-25T18:07:20","guid":{"rendered":"https:\/\/yildizpolietilen.com\/urun\/catal-2\/"},"modified":"2024-12-11T02:23:20","modified_gmt":"2024-12-10T23:23:20","slug":"catal-2","status":"publish","type":"product","link":"https:\/\/www.yildizpolietilen.com\/fr\/urun\/catal-2\/","title":{"rendered":"\u00c7ATAL"},"content":{"rendered":"","protected":false},"excerpt":{"rendered":"<p><strong>BRANCHE :<\/strong> Contrairement \u00e0 l\u2019injection, la branche est produite de mani\u00e8re sp\u00e9ciale, non pas avec des machines d\u2019injection, mais en d\u00e9coupant les tuyaux et en les assemblant \u00e0 l\u2019aide de la m\u00e9thode de soudage bout \u00e0 bout avec des \u00e9quipements et outils sp\u00e9ciaux. La branche est un \u00e9l\u00e9ment de raccord utilis\u00e9 dans les syst\u00e8mes de conduites pour cr\u00e9er une ou plusieurs sorties sous un angle diff\u00e9rent de 90<\/p>\n","protected":false},"featured_media":0,"template":"","meta":{"pgc_sgb_lightbox_settings":""},"product_brand":[],"product_cat":[15],"product_tag":[],"class_list":{"0":"post-11968","1":"product","2":"type-product","3":"status-publish","5":"product_cat-genel","7":"first","8":"instock","9":"shipping-taxable","10":"product-type-simple"},"_links":{"self":[{"href":"https:\/\/www.yildizpolietilen.com\/fr\/wp-json\/wp\/v2\/product\/11968","targetHints":{"allow":["GET"]}}],"collection":[{"href":"https:\/\/www.yildizpolietilen.com\/fr\/wp-json\/wp\/v2\/product"}],"about":[{"href":"https:\/\/www.yildizpolietilen.com\/fr\/wp-json\/wp\/v2\/types\/product"}],"wp:attachment":[{"href":"https:\/\/www.yildizpolietilen.com\/fr\/wp-json\/wp\/v2\/media?parent=11968"}],"wp:term":[{"taxonomy":"product_brand","embeddable":true,"href":"https:\/\/www.yildizpolietilen.com\/fr\/wp-json\/wp\/v2\/product_brand?post=11968"},{"taxonomy":"product_cat","embeddable":true,"href":"https:\/\/www.yildizpolietilen.com\/fr\/wp-json\/wp\/v2\/product_cat?post=11968"},{"taxonomy":"product_tag","embeddable":true,"href":"https:\/\/www.yildizpolietilen.com\/fr\/wp-json\/wp\/v2\/product_tag?post=11968"}],"curies":[{"name":"wp","href":"https:\/\/api.w.org\/{rel}","templated":true}]}}