{"id":11958,"date":"2024-09-25T21:52:35","date_gmt":"2024-09-25T18:52:35","guid":{"rendered":"https:\/\/yildizpolietilen.com\/urun\/dortkose-te\/"},"modified":"2025-06-24T15:06:48","modified_gmt":"2025-06-24T12:06:48","slug":"dortkose-te","status":"publish","type":"product","link":"https:\/\/www.yildizpolietilen.com\/fr\/urun\/dortkose-te\/","title":{"rendered":"TEE A QUATRE VOIES"},"content":{"rendered":"<p data-start=\"82\" data-end=\"146\"><strong data-start=\"82\" data-end=\"146\">T\u00e9 \u00e0 quatre angles &#8211; Solution de raccordement multiple pour les syst\u00e8mes de tuyaux PEHD<\/strong><\/p>\n<p data-start=\"148\" data-end=\"557\">\n<p data-start=\"559\" data-end=\"583\"><strong data-start=\"559\" data-end=\"581\">Domaines d&#8217;utilisation :<\/strong><\/p>\n<ul data-start=\"584\" data-end=\"786\">\n<li data-start=\"584\" data-end=\"620\">\n<p data-start=\"586\" data-end=\"620\">Syst\u00e8mes de distribution d&#8217;eau et de traitement des eaux us\u00e9es<\/p>\n<\/li>\n<li data-start=\"621\" data-end=\"668\">\n<p data-start=\"623\" data-end=\"668\">Lignes de transport de gaz naturel et de liquides industriels<\/p>\n<\/li>\n<li data-start=\"669\" data-end=\"699\">\n<p data-start=\"671\" data-end=\"699\">Syst\u00e8mes d&#8217;irrigation agricole<\/p>\n<\/li>\n<li data-start=\"700\" data-end=\"746\">\n<p data-start=\"702\" data-end=\"746\">Exigences sp\u00e9cifiques au projet en mati\u00e8re de branches multiples<\/p>\n<\/li>\n<li data-start=\"747\" data-end=\"786\">\n<p data-start=\"749\" data-end=\"786\">Syst\u00e8mes de canalisations d&#8217;infrastructure et de superstructure<\/p>\n<\/li>\n<\/ul>\n<p data-start=\"788\" data-end=\"806\"><strong data-start=\"788\" data-end=\"804\">Avantages :<\/strong><\/p>\n<ul data-start=\"807\" data-end=\"1096\">\n<li data-start=\"807\" data-end=\"853\">\n<p data-start=\"809\" data-end=\"853\">Connexion simultan\u00e9e \u00e0 quatre lignes distinctes<\/p>\n<\/li>\n<li data-start=\"854\" data-end=\"914\">\n<p data-start=\"856\" data-end=\"914\">Grande durabilit\u00e9 et r\u00e9sistance chimique gr\u00e2ce au mat\u00e9riau PE100<\/p>\n<\/li>\n<li data-start=\"915\" data-end=\"968\">\n<p data-start=\"917\" data-end=\"968\">Options de raccordement par \u00e9lectrofusion et par soudure bout \u00e0 bout<\/p>\n<\/li>\n<li data-start=\"969\" data-end=\"1026\">\n<p data-start=\"971\" data-end=\"1026\">Longue dur\u00e9e de vie, \u00e9tanch\u00e9it\u00e9 et r\u00e9sistance aux influences environnementales<\/p>\n<\/li>\n<li data-start=\"1027\" data-end=\"1059\">\n<p data-start=\"1029\" data-end=\"1059\">Facilit\u00e9 d&#8217;installation et flexibilit\u00e9<\/p>\n<\/li>\n<li data-start=\"1060\" data-end=\"1096\">\n<p data-start=\"1062\" data-end=\"1096\">S&#8217;adapte aux conditions difficiles du terrain<\/p>\n<\/li>\n<\/ul>\n<p data-start=\"1098\" data-end=\"1341\"><strong data-start=\"1098\" data-end=\"1137\">Pourquoi choisir Four Corner Tee ?<\/strong><br data-start=\"1137\" data-end=\"1140\">Lorsque des branchements multiples et une distribution de la tuyauterie dans des directions diff\u00e9rentes sont n\u00e9cessaires, le t\u00e9 \u00e0 quatre coins augmente l&#8217;efficacit\u00e9 du syst\u00e8me et r\u00e9duit le temps d&#8217;installation. Gr\u00e2ce \u00e0 sa structure robuste, il offre une utilisation durable et sans probl\u00e8me.   <\/p>\n<p data-start=\"1343\" data-end=\"1367\"><strong data-start=\"1343\" data-end=\"1365\">Sp\u00e9cifications techniques :<\/strong><\/p>\n<ul data-start=\"1368\" data-end=\"1549\">\n<li data-start=\"1368\" data-end=\"1386\">\n<p data-start=\"1370\" data-end=\"1386\">Mat\u00e9riau : PE100<\/p>\n<\/li>\n<li data-start=\"1387\" data-end=\"1436\">\n<p data-start=\"1389\" data-end=\"1436\">M\u00e9thode de connexion : Electrofusion \/ Soudure bout \u00e0 bout<\/p>\n<\/li>\n<li data-start=\"1437\" data-end=\"1493\">\n<p data-start=\"1439\" data-end=\"1493\">Diam\u00e8tres standard : Production bas\u00e9e sur des projets dans diff\u00e9rentes tailles<\/p>\n<\/li>\n<li data-start=\"1494\" data-end=\"1524\">\n<p data-start=\"1496\" data-end=\"1524\">Classe de pression : PN10 \/ PN16<\/p>\n<\/li>\n<li data-start=\"1525\" data-end=\"1549\">\n<p data-start=\"1527\" data-end=\"1549\">Couleur : Noir (standard)<\/p>\n<\/li>\n<\/ul>\n<div id=\"footable_parent_16422\"\n         class=\" footable_parent ninja_table_wrapper loading_ninja_table wp_table_data_press_parent semantic_ui \">\n                <table data-ninja_table_instance=\"ninja_table_instance_0\" data-footable_id=\"16422\" data-filter-delay=\"1000\" aria-label=\"Spigot-Dort-Kose-TE\"            id=\"footable_16422\"\n           data-unique_identifier=\"ninja_table_unique_id_1608106074_16422\"\n           class=\" foo-table ninja_footable foo_table_16422 ninja_table_unique_id_1608106074_16422 ui table  nt_type_legacy_table celled striped compact vertical_centered  footable-paging-right ninja_table_search_disabled ninja_table_pro\">\n                <colgroup>\n                            <col class=\"ninja_column_0 \">\n                            <col class=\"ninja_column_1 \">\n                            <col class=\"ninja_column_2 \">\n                            <col class=\"ninja_column_3 \">\n                            <col class=\"ninja_column_4 \">\n                            <col class=\"ninja_column_5 \">\n                            <col class=\"ninja_column_6 \">\n                            <col class=\"ninja_column_7 \">\n                            <col class=\"ninja_column_8 \">\n                            <col class=\"ninja_column_9 \">\n                            <col class=\"ninja_column_10 \">\n                    <\/colgroup>\n        <thead>\n<tr class=\"footable-header\">\n                                                                                                                                                                                        <th scope=\"col\"  class=\"ninja_column_0 ninja_clmn_nm_SIRA \">SIRA<\/th><th scope=\"col\"  class=\"ninja_column_1 ninja_clmn_nm_\u00dcR\u00dcN KODU \">\u00dcR\u00dcN KODU<\/th><th scope=\"col\"  class=\"ninja_column_2 ninja_clmn_nm_\u00c7AP d [mm] \">\u00c7AP d [mm]<\/th><th scope=\"col\"  class=\"ninja_column_3 ninja_clmn_nm_BASIN\u00c7 [bar] \">BASIN\u00c7 [bar]<\/th><th scope=\"col\"  class=\"ninja_column_4 ninja_clmn_nm_L [mm] \">L [mm]<\/th><th scope=\"col\"  class=\"ninja_column_5 ninja_clmn_nm_z [mm] \">z [mm]<\/th><th scope=\"col\"  class=\"ninja_column_6 ninja_clmn_nm_L1 [mm] \">L1 [mm]<\/th><th scope=\"col\"  class=\"ninja_column_7 ninja_clmn_nm_e [mm] \">e [mm]<\/th><th scope=\"col\"  class=\"ninja_column_8 ninja_clmn_nm_A\u011eIRLIK [kg] \">A\u011eIRLIK [kg]<\/th><th scope=\"col\"  class=\"ninja_column_9 ninja_clmn_nm_KOL\u0130 ADED\u0130 \">KOL\u0130 ADED\u0130<\/th><th scope=\"col\"  class=\"ninja_column_10 ninja_clmn_nm_KOL\u0130 EBATI \">KOL\u0130 EBATI<\/th><\/tr>\n<\/thead>\n<tbody>\n\n        <tr data-row_id=\"4947\" class=\"ninja_table_row_0 nt_row_id_4947\">\n            <td>SEQ.<\/td><td>PRODUCT CODE<\/td><td>SIZE d [mm]<\/td><td>PRESSURE [bar]<\/td><td>L [mm]<\/td><td>z [mm]<\/td><td>L1 [mm]<\/td><td>e [mm]<\/td><td>WEIGHT [kg]<\/td><td>IN A PARCEL<\/td><td>PCS PRICE<\/td>        <\/tr>\n            <tr data-row_id=\"4948\" class=\"ninja_table_row_1 nt_row_id_4948\">\n            <td>1<\/td><td>974778700032<\/td><td>32<\/td><td>PN10<\/td><td>173<\/td><td>80<\/td><td>45<\/td><td>2.3<\/td><td>0.08<\/td><td>-<\/td><td>-<\/td>        <\/tr>\n            <tr data-row_id=\"4949\" class=\"ninja_table_row_2 nt_row_id_4949\">\n            <td>2<\/td><td>974778100032<\/td><td>32<\/td><td>PN16<\/td><td>173<\/td><td>80<\/td><td>45<\/td><td>3<\/td><td>0.13<\/td><td>-<\/td><td>-<\/td>        <\/tr>\n            <tr data-row_id=\"4950\" class=\"ninja_table_row_3 nt_row_id_4950\">\n            <td>3<\/td><td>974778700040<\/td><td>40<\/td><td>PN10<\/td><td>186<\/td><td>96.3<\/td><td>53<\/td><td>2.8<\/td><td>0.13<\/td><td>-<\/td><td>-<\/td>        <\/tr>\n            <tr data-row_id=\"4951\" class=\"ninja_table_row_4 nt_row_id_4951\">\n            <td>4<\/td><td>974778100040<\/td><td>40<\/td><td>PN16<\/td><td>186<\/td><td>96.3<\/td><td>53<\/td><td>4.05<\/td><td>0.19<\/td><td>-<\/td><td>-<\/td>        <\/tr>\n            <tr data-row_id=\"4952\" class=\"ninja_table_row_5 nt_row_id_4952\">\n            <td>5<\/td><td>974778700050<\/td><td>50<\/td><td>PN10<\/td><td>214<\/td><td>111.2<\/td><td>60.3<\/td><td>3.4<\/td><td>0.24<\/td><td>-<\/td><td>-<\/td>        <\/tr>\n            <tr data-row_id=\"4953\" class=\"ninja_table_row_6 nt_row_id_4953\">\n            <td>6<\/td><td>974778100050<\/td><td>50<\/td><td>PN16<\/td><td>214<\/td><td>111.2<\/td><td>60.3<\/td><td>4.8<\/td><td>0.36<\/td><td>-<\/td><td>-<\/td>        <\/tr>\n            <tr data-row_id=\"4954\" class=\"ninja_table_row_7 nt_row_id_4954\">\n            <td>7<\/td><td>974778700063<\/td><td>63<\/td><td>PN10<\/td><td>247<\/td><td>121.9<\/td><td>65<\/td><td>4.12<\/td><td>0.4<\/td><td>-<\/td><td>-<\/td>        <\/tr>\n            <tr data-row_id=\"4955\" class=\"ninja_table_row_8 nt_row_id_4955\">\n            <td>8<\/td><td>974778100063<\/td><td>63<\/td><td>PN16<\/td><td>247<\/td><td>121.9<\/td><td>65<\/td><td>6.37<\/td><td>0.6<\/td><td>-<\/td><td>-<\/td>        <\/tr>\n            <tr data-row_id=\"4956\" class=\"ninja_table_row_9 nt_row_id_4956\">\n            <td>9<\/td><td>974778700075<\/td><td>75<\/td><td>PN10<\/td><td>277.3<\/td><td>133.3<\/td><td>69.8<\/td><td>4.79<\/td><td>0.63<\/td><td>-<\/td><td>-<\/td>        <\/tr>\n            <tr data-row_id=\"4957\" class=\"ninja_table_row_10 nt_row_id_4957\">\n            <td>10<\/td><td>974778100075<\/td><td>75<\/td><td>PN16<\/td><td>277.3<\/td><td>133.3<\/td><td>69.8<\/td><td>7.4<\/td><td>0.94<\/td><td>-<\/td><td>-<\/td>        <\/tr>\n            <tr data-row_id=\"4958\" class=\"ninja_table_row_11 nt_row_id_4958\">\n            <td>11<\/td><td>974778700090<\/td><td>90<\/td><td>PN10<\/td><td>288.7<\/td><td>148<\/td><td>80<\/td><td>5.8<\/td><td>0.9<\/td><td>-<\/td><td>-<\/td>        <\/tr>\n            <tr data-row_id=\"4959\" class=\"ninja_table_row_12 nt_row_id_4959\">\n            <td>12<\/td><td>974778100090<\/td><td>90<\/td><td>PN16<\/td><td>288.7<\/td><td>148<\/td><td>80<\/td><td>9.2<\/td><td>1.35<\/td><td>-<\/td><td>-<\/td>        <\/tr>\n            <tr data-row_id=\"4960\" class=\"ninja_table_row_13 nt_row_id_4960\">\n            <td>13<\/td><td>974778700110<\/td><td>110<\/td><td>PN10<\/td><td>343<\/td><td>165.9<\/td><td>89.5<\/td><td>6.6<\/td><td>1.62<\/td><td>-<\/td><td>-<\/td>        <\/tr>\n            <tr data-row_id=\"4961\" class=\"ninja_table_row_14 nt_row_id_4961\">\n            <td>14<\/td><td>974778100110<\/td><td>110<\/td><td>PN16<\/td><td>343<\/td><td>165.9<\/td><td>89.5<\/td><td>10.2<\/td><td>1.83<\/td><td>-<\/td><td>-<\/td>        <\/tr>\n            <tr data-row_id=\"4962\" class=\"ninja_table_row_15 nt_row_id_4962\">\n            <td>15<\/td><td>974778700125<\/td><td>125<\/td><td>PN10<\/td><td>374<\/td><td>192.5<\/td><td>100.9<\/td><td>8.15<\/td><td>2.02<\/td><td>-<\/td><td>-<\/td>        <\/tr>\n            <tr data-row_id=\"4963\" class=\"ninja_table_row_16 nt_row_id_4963\">\n            <td>16<\/td><td>974778100125<\/td><td>125<\/td><td>PN16<\/td><td>374<\/td><td>192.5<\/td><td>100.9<\/td><td>12.6<\/td><td>3.03<\/td><td>-<\/td><td>-<\/td>        <\/tr>\n            <tr data-row_id=\"4964\" class=\"ninja_table_row_17 nt_row_id_4964\">\n            <td>17<\/td><td>974778700140<\/td><td>140<\/td><td>PN10<\/td><td>358<\/td><td>182<\/td><td>93<\/td><td>8.54<\/td><td>2.06<\/td><td>-<\/td><td>-<\/td>        <\/tr>\n            <tr data-row_id=\"4965\" class=\"ninja_table_row_18 nt_row_id_4965\">\n            <td>18<\/td><td>974778100140<\/td><td>140<\/td><td>PN16<\/td><td>358<\/td><td>182<\/td><td>93<\/td><td>13.2<\/td><td>3.1<\/td><td>-<\/td><td>-<\/td>        <\/tr>\n            <tr data-row_id=\"4966\" class=\"ninja_table_row_19 nt_row_id_4966\">\n            <td>19<\/td><td>974778700160<\/td><td>160<\/td><td>PN10<\/td><td>485<\/td><td>214<\/td><td>109.1<\/td><td>10.6<\/td><td>4.14<\/td><td>-<\/td><td>-<\/td>        <\/tr>\n            <tr data-row_id=\"4967\" class=\"ninja_table_row_20 nt_row_id_4967\">\n            <td>20<\/td><td>974778100160<\/td><td>160<\/td><td>PN16<\/td><td>485<\/td><td>214<\/td><td>109.1<\/td><td>14.65<\/td><td>5.68<\/td><td>-<\/td><td>-<\/td>        <\/tr>\n            <tr data-row_id=\"4968\" class=\"ninja_table_row_21 nt_row_id_4968\">\n            <td>21<\/td><td>974778700180<\/td><td>180<\/td><td>PN10<\/td><td>515<\/td><td>232<\/td><td>113.96<\/td><td>10.8<\/td><td>4.82<\/td><td>-<\/td><td>-<\/td>        <\/tr>\n            <tr data-row_id=\"4969\" class=\"ninja_table_row_22 nt_row_id_4969\">\n            <td>22<\/td><td>974778100180<\/td><td>180<\/td><td>PN16<\/td><td>515<\/td><td>232<\/td><td>113.96<\/td><td>16.5<\/td><td>7.22<\/td><td>-<\/td><td>-<\/td>        <\/tr>\n            <tr data-row_id=\"4970\" class=\"ninja_table_row_23 nt_row_id_4970\">\n            <td>23<\/td><td>974778700200<\/td><td>200<\/td><td>PN10<\/td><td>505<\/td><td>243<\/td><td>122.3<\/td><td>11.7<\/td><td>6.96<\/td><td>-<\/td><td>-<\/td>        <\/tr>\n            <tr data-row_id=\"4971\" class=\"ninja_table_row_24 nt_row_id_4971\">\n            <td>24<\/td><td>974778100200<\/td><td>200<\/td><td>PN16<\/td><td>505<\/td><td>243<\/td><td>122.3<\/td><td>18.7<\/td><td>9.4<\/td><td>-<\/td><td>-<\/td>        <\/tr>\n            <tr data-row_id=\"4972\" class=\"ninja_table_row_25 nt_row_id_4972\">\n            <td>25<\/td><td>974778700225<\/td><td>225<\/td><td>PN10<\/td><td>533<\/td><td>251.5<\/td><td>121.7<\/td><td>13.5<\/td><td>7.88<\/td><td>-<\/td><td>-<\/td>        <\/tr>\n            <tr data-row_id=\"4973\" class=\"ninja_table_row_26 nt_row_id_4973\">\n            <td>26<\/td><td>974778100225<\/td><td>225<\/td><td>PN16<\/td><td>533<\/td><td>251.5<\/td><td>121.7<\/td><td>20.6<\/td><td>10.86<\/td><td>-<\/td><td>-<\/td>        <\/tr>\n            <tr data-row_id=\"4974\" class=\"ninja_table_row_27 nt_row_id_4974\">\n            <td>27<\/td><td>974778700250<\/td><td>250<\/td><td>PN10<\/td><td>583<\/td><td>284<\/td><td>132.45<\/td><td>20.5<\/td><td>13.6<\/td><td>-<\/td><td>-<\/td>        <\/tr>\n            <tr data-row_id=\"4975\" class=\"ninja_table_row_28 nt_row_id_4975\">\n            <td>28<\/td><td>974778100250<\/td><td>250<\/td><td>PN16<\/td><td>583<\/td><td>284<\/td><td>132.45<\/td><td>23.2<\/td><td>15.65<\/td><td>-<\/td><td>-<\/td>        <\/tr>\n            <tr data-row_id=\"4976\" class=\"ninja_table_row_29 nt_row_id_4976\">\n            <td>29<\/td><td>974778700315<\/td><td>315<\/td><td>PN10<\/td><td>715<\/td><td>337.5<\/td><td>152.65<\/td><td>20.7<\/td><td>21.5<\/td><td>-<\/td><td>-<\/td>        <\/tr>\n            <tr data-row_id=\"4977\" class=\"ninja_table_row_30 nt_row_id_4977\">\n            <td>30<\/td><td>974778100315<\/td><td>315<\/td><td>PN16<\/td><td>715<\/td><td>337.5<\/td><td>152.65<\/td><td>31.2<\/td><td>32.25<\/td><td>-<\/td><td>-<\/td>        <\/tr>\n    <\/tbody><!--ninja_tobody_rendering_done-->\n    <\/table>\n    \n    \n    \n<\/div>\n\n","protected":false},"excerpt":{"rendered":"<p>Le t\u00e9 \u00e0 quatre angles est un raccord \u00e0 sorties multiples con\u00e7u pour assurer la connexion et l&#8217;acheminement de quatre lignes distinctes dans des canalisations en poly\u00e9thyl\u00e8ne haute densit\u00e9 (PE100). Ce produit est utilis\u00e9 pour distribuer les canalisations dans diff\u00e9rentes directions ou zones. Il est assembl\u00e9 par \u00e9lectrofusion ou par soudage bout \u00e0 bout et assure des connexions s\u00fbres, durables et \u00e9tanches dans les syst\u00e8mes de tuyauterie.    <\/p>\n","protected":false},"featured_media":11960,"template":"","meta":{"pgc_sgb_lightbox_settings":""},"product_brand":[152],"product_cat":[44],"product_tag":[290,292,293,287,285,289,291,286,288],"class_list":{"0":"post-11958","1":"product","2":"type-product","3":"status-publish","4":"has-post-thumbnail","6":"product_brand-yildiz-polietilen","7":"product_cat-hdpe-spigot","8":"product_tag-alin-kaynakli-coklu-tee","9":"product_tag-bransman-tee","10":"product_tag-cok-cikisli-tee","11":"product_tag-coklu-baglanti-te","12":"product_tag-dort-kose-te","13":"product_tag-elektrofuzyon-dort-kose-te","14":"product_tag-hdpe-boru-coklu-baglanti-elemani","15":"product_tag-hdpe-dort-cikisli-tee","16":"product_tag-pe100-bransman-tee","18":"first","19":"instock","20":"shipping-taxable","21":"product-type-simple"},"_links":{"self":[{"href":"https:\/\/www.yildizpolietilen.com\/fr\/wp-json\/wp\/v2\/product\/11958","targetHints":{"allow":["GET"]}}],"collection":[{"href":"https:\/\/www.yildizpolietilen.com\/fr\/wp-json\/wp\/v2\/product"}],"about":[{"href":"https:\/\/www.yildizpolietilen.com\/fr\/wp-json\/wp\/v2\/types\/product"}],"wp:featuredmedia":[{"embeddable":true,"href":"https:\/\/www.yildizpolietilen.com\/fr\/wp-json\/wp\/v2\/media\/11960"}],"wp:attachment":[{"href":"https:\/\/www.yildizpolietilen.com\/fr\/wp-json\/wp\/v2\/media?parent=11958"}],"wp:term":[{"taxonomy":"product_brand","embeddable":true,"href":"https:\/\/www.yildizpolietilen.com\/fr\/wp-json\/wp\/v2\/product_brand?post=11958"},{"taxonomy":"product_cat","embeddable":true,"href":"https:\/\/www.yildizpolietilen.com\/fr\/wp-json\/wp\/v2\/product_cat?post=11958"},{"taxonomy":"product_tag","embeddable":true,"href":"https:\/\/www.yildizpolietilen.com\/fr\/wp-json\/wp\/v2\/product_tag?post=11958"}],"curies":[{"name":"wp","href":"https:\/\/api.w.org\/{rel}","templated":true}]}}