{"id":11938,"date":"2024-09-27T21:22:26","date_gmt":"2024-09-27T18:22:26","guid":{"rendered":"https:\/\/yildizpolietilen.com\/urun\/ozel-uretim-hidrant\/"},"modified":"2025-06-24T15:06:56","modified_gmt":"2025-06-24T12:06:56","slug":"ozel-uretim-hidrant","status":"publish","type":"product","link":"https:\/\/www.yildizpolietilen.com\/fr\/urun\/ozel-uretim-hidrant\/","title":{"rendered":"PRODUCTION SP\u00c9CIALE &#8211; Hydrant"},"content":{"rendered":"<p data-start=\"135\" data-end=\"215\"><strong data-start=\"135\" data-end=\"215\">Hydrant HDPE de production sp\u00e9ciale &#8211; Solution s\u00fbre pour les incendies et les points d&#8217;intervention de ligne<\/strong><\/p>\n<p data-start=\"217\" data-end=\"823\"><br data-start=\"237\" data-end=\"240\"><\/p>\n<p data-start=\"825\" data-end=\"849\"><strong data-start=\"825\" data-end=\"847\">Domaines d&#8217;utilisation :<\/strong><\/p>\n<ul data-start=\"850\" data-end=\"1120\">\n<li data-start=\"850\" data-end=\"877\">\n<p data-start=\"852\" data-end=\"877\">Lignes d&#8217;extinction d&#8217;incendie<\/p>\n<\/li>\n<li data-start=\"878\" data-end=\"931\">\n<p data-start=\"880\" data-end=\"931\">Zones industrielles organis\u00e9es et installations industrielles<\/p>\n<\/li>\n<li data-start=\"932\" data-end=\"964\">\n<p data-start=\"934\" data-end=\"964\">Syst\u00e8mes d&#8217;infrastructures urbaines<\/p>\n<\/li>\n<li data-start=\"965\" data-end=\"1012\">\n<p data-start=\"967\" data-end=\"1012\">Prise d&#8217;eau de secours dans les syst\u00e8mes d&#8217;irrigation agricole<\/p>\n<\/li>\n<li data-start=\"1013\" data-end=\"1073\">\n<p data-start=\"1015\" data-end=\"1073\">D\u00e9charges, ports et zones de protection des espaces ouverts<\/p>\n<\/li>\n<li data-start=\"1074\" data-end=\"1120\">\n<p data-start=\"1076\" data-end=\"1120\">Points d&#8217;entretien et d&#8217;intervention dans les r\u00e9seaux d&#8217;eau<\/p>\n<\/li>\n<\/ul>\n<p data-start=\"1122\" data-end=\"1140\"><strong data-start=\"1122\" data-end=\"1138\">Avantages :<\/strong><\/p>\n<ul data-start=\"1141\" data-end=\"1470\">\n<li data-start=\"1141\" data-end=\"1215\">\n<p data-start=\"1143\" data-end=\"1215\">Haute r\u00e9sistance aux impacts chimiques et environnementaux gr\u00e2ce \u00e0 la mati\u00e8re premi\u00e8re PE100<\/p>\n<\/li>\n<li data-start=\"1216\" data-end=\"1258\">\n<p data-start=\"1218\" data-end=\"1258\">Transport et assemblage faciles gr\u00e2ce \u00e0 une construction l\u00e9g\u00e8re<\/p>\n<\/li>\n<li data-start=\"1259\" data-end=\"1296\">\n<p data-start=\"1261\" data-end=\"1296\">Pas de risque de corrosion et de rouille<\/p>\n<\/li>\n<li data-start=\"1297\" data-end=\"1357\">\n<p data-start=\"1299\" data-end=\"1357\">Production selon les dimensions et configurations de projets sp\u00e9ciaux<\/p>\n<\/li>\n<li data-start=\"1358\" data-end=\"1412\">\n<p data-start=\"1360\" data-end=\"1412\">Options de raccordement \u00e0 brides, EF ou \u00e0 soudure bout \u00e0 bout<\/p>\n<\/li>\n<li data-start=\"1413\" data-end=\"1470\">\n<p data-start=\"1415\" data-end=\"1470\">Conception de vannes et d&#8217;appareils de robinetterie garantissant la s\u00e9curit\u00e9 des op\u00e9rations<\/p>\n<\/li>\n<\/ul>\n<p data-start=\"1472\" data-end=\"1821\"><strong data-start=\"1472\" data-end=\"1523\">Pourquoi pr\u00e9f\u00e9rer les hydrants en PEHD de production sp\u00e9ciale ?<\/strong><br data-start=\"1523\" data-end=\"1526\">Dans les projets o\u00f9 les produits standard sont insuffisants, les bouches d&#8217;incendie en PEHD, sp\u00e9cialement con\u00e7ues en fonction des besoins du terrain, offrent une facilit\u00e9 d&#8217;installation, des performances \u00e9lev\u00e9es et des solutions durables. Gr\u00e2ce \u00e0 leur structure qui minimise les besoins d&#8217;entretien, elles sont id\u00e9ales pour les points d&#8217;intervention en cas d&#8217;incendie, en particulier dans les zones recul\u00e9es.   <\/p>\n","protected":false},"excerpt":{"rendered":"<p>L&#8217;hydrant HDPE de production sp\u00e9ciale est un \u00e9l\u00e9ment de connexion hors sol utilis\u00e9 comme point d&#8217;intervention d&#8217;urgence dans les syst\u00e8mes d&#8217;extinction d&#8217;incendie ou les conduites d&#8217;eau sous pression, qui peut \u00eatre enti\u00e8rement con\u00e7u en fonction des besoins du projet. Fabriqu\u00e9e en poly\u00e9thyl\u00e8ne haute densit\u00e9 (PE100), elle est \u00e0 la fois r\u00e9sistante \u00e0 la corrosion et durable. Il offre une grande souplesse d&#8217;installation dans les projets d&#8217;infrastructure gr\u00e2ce \u00e0 des options de raccordement \u00e0 brides, \u00e0 vannes ou par \u00e9lectrofusion. Sur demande, il peut \u00eatre fabriqu\u00e9 avec des configurations sp\u00e9ciales telles qu&#8217;une sortie simple, une sortie double, un couvercle verrouill\u00e9 ou une vanne de r\u00e9gulation de d\u00e9bit.     <\/p>\n","protected":false},"featured_media":11939,"template":"","meta":{"pgc_sgb_lightbox_settings":""},"product_brand":[152],"product_cat":[45],"product_tag":[244,246,243,239,247,238,240,241,245,242],"class_list":{"0":"post-11938","1":"product","2":"type-product","3":"status-publish","4":"has-post-thumbnail","6":"product_brand-yildiz-polietilen","7":"product_cat-hdpe-konfeksiyon","8":"product_tag-elektrofuzyon-yangin-baglanti-noktasi","9":"product_tag-endustriyel-hidrant-uretimi","10":"product_tag-flansli-hidrant","11":"product_tag-hdpe-hidrant","12":"product_tag-hdpe-ozel-vana-cikisi","13":"product_tag-ozel-uretim-hidrant","14":"product_tag-pe100-yangin-hidranti","15":"product_tag-polietilen-yangin-vanasi","16":"product_tag-yangin-mudahale-hidranti","17":"product_tag-yer-ustu-yangin-baglantisi","19":"first","20":"instock","21":"shipping-taxable","22":"product-type-simple"},"_links":{"self":[{"href":"https:\/\/www.yildizpolietilen.com\/fr\/wp-json\/wp\/v2\/product\/11938","targetHints":{"allow":["GET"]}}],"collection":[{"href":"https:\/\/www.yildizpolietilen.com\/fr\/wp-json\/wp\/v2\/product"}],"about":[{"href":"https:\/\/www.yildizpolietilen.com\/fr\/wp-json\/wp\/v2\/types\/product"}],"wp:featuredmedia":[{"embeddable":true,"href":"https:\/\/www.yildizpolietilen.com\/fr\/wp-json\/wp\/v2\/media\/11939"}],"wp:attachment":[{"href":"https:\/\/www.yildizpolietilen.com\/fr\/wp-json\/wp\/v2\/media?parent=11938"}],"wp:term":[{"taxonomy":"product_brand","embeddable":true,"href":"https:\/\/www.yildizpolietilen.com\/fr\/wp-json\/wp\/v2\/product_brand?post=11938"},{"taxonomy":"product_cat","embeddable":true,"href":"https:\/\/www.yildizpolietilen.com\/fr\/wp-json\/wp\/v2\/product_cat?post=11938"},{"taxonomy":"product_tag","embeddable":true,"href":"https:\/\/www.yildizpolietilen.com\/fr\/wp-json\/wp\/v2\/product_tag?post=11938"}],"curies":[{"name":"wp","href":"https:\/\/api.w.org\/{rel}","templated":true}]}}