{"id":11934,"date":"2024-09-27T22:04:09","date_gmt":"2024-09-27T19:04:09","guid":{"rendered":"https:\/\/yildizpolietilen.com\/urun\/hdpe-celik-flans-pn-16\/"},"modified":"2025-06-24T15:06:57","modified_gmt":"2025-06-24T12:06:57","slug":"hdpe-celik-flans-pn-16","status":"publish","type":"product","link":"https:\/\/www.yildizpolietilen.com\/fr\/urun\/hdpe-celik-flans-pn-16\/","title":{"rendered":"BRIDE EN ACIER PE PN 16"},"content":{"rendered":"<p data-start=\"136\" data-end=\"227\"><strong data-start=\"136\" data-end=\"227\">Bride en acier HDPE PN 16 &#8211; Compatible avec l&#8217;\u00e9lectrofusion, connexion \u00e0 bride r\u00e9sistante \u00e0 la haute pression<\/strong><\/p>\n<p data-start=\"229\" data-end=\"734\">\n<p data-start=\"736\" data-end=\"760\"><strong data-start=\"736\" data-end=\"758\">Domaines d&#8217;utilisation :<\/strong><\/p>\n<ul data-start=\"761\" data-end=\"992\">\n<li data-start=\"761\" data-end=\"799\">\n<p data-start=\"763\" data-end=\"799\">Conduites d&#8217;eau potable<\/p>\n<\/li>\n<li data-start=\"800\" data-end=\"831\">\n<p data-start=\"802\" data-end=\"831\">Syst\u00e8mes de distribution de gaz naturel<\/p>\n<\/li>\n<li data-start=\"832\" data-end=\"871\">\n<p data-start=\"834\" data-end=\"871\">Infrastructures de traitement des eaux us\u00e9es et d&#8217;assainissement<\/p>\n<\/li>\n<li data-start=\"872\" data-end=\"914\">\n<p data-start=\"874\" data-end=\"914\">Lignes de transport de liquides et de gaz industriels<\/p>\n<\/li>\n<li data-start=\"915\" data-end=\"945\">\n<p data-start=\"917\" data-end=\"945\">Syst\u00e8mes d&#8217;irrigation agricole<\/p>\n<\/li>\n<li data-start=\"946\" data-end=\"992\">\n<p data-start=\"948\" data-end=\"992\">Points de raccordement des vannes, des pompes et des \u00e9quipements<\/p>\n<\/li>\n<\/ul>\n<p data-start=\"994\" data-end=\"1012\"><strong data-start=\"994\" data-end=\"1010\">Avantages :<\/strong><\/p>\n<ul data-start=\"1013\" data-end=\"1360\">\n<li data-start=\"1013\" data-end=\"1073\">\n<p data-start=\"1015\" data-end=\"1073\">Combine les avantages du PEHD et de l&#8217;acier<\/p>\n<\/li>\n<li data-start=\"1074\" data-end=\"1128\">\n<p data-start=\"1076\" data-end=\"1128\">Enti\u00e8rement compatible avec les syst\u00e8mes de soudage par \u00e9lectrofusion et de soudage bout \u00e0 bout<\/p>\n<\/li>\n<li data-start=\"1129\" data-end=\"1159\">\n<p data-start=\"1131\" data-end=\"1159\">PN 16 r\u00e9sistant \u00e0 la pression<\/p>\n<\/li>\n<li data-start=\"1160\" data-end=\"1199\">\n<p data-start=\"1162\" data-end=\"1199\">Facilit\u00e9 de montage, de d\u00e9montage et d&#8217;entretien<\/p>\n<\/li>\n<li data-start=\"1200\" data-end=\"1251\">\n<p data-start=\"1202\" data-end=\"1251\">Structure durable contre les influences chimiques et ext\u00e9rieures<\/p>\n<\/li>\n<li data-start=\"1252\" data-end=\"1292\">\n<p data-start=\"1254\" data-end=\"1292\">Fournit une transition \u00e0 bride vers les syst\u00e8mes HDPE<\/p>\n<\/li>\n<li data-start=\"1293\" data-end=\"1360\">\n<p data-start=\"1295\" data-end=\"1360\">Construction r\u00e9sistante \u00e0 la corrosion (rev\u00eatement ou peinture en option)<\/p>\n<\/li>\n<\/ul>\n<p data-start=\"1362\" data-end=\"1677\"><strong data-start=\"1362\" data-end=\"1405\">Pourquoi choisir la bride en acier HDPE ?<\/strong><br data-start=\"1405\" data-end=\"1408\">Les brides en acier pour PEHD sont la solution id\u00e9ale pour garantir \u00e0 la fois la durabilit\u00e9 et l&#8217;\u00e9tanch\u00e9it\u00e9 lorsque les syst\u00e8mes PEHD n\u00e9cessitent une transition vers un \u00e9quipement m\u00e9tallique. Elles maintiennent l&#8217;int\u00e9grit\u00e9 du syst\u00e8me m\u00eame sous haute pression et peuvent \u00eatre utilis\u00e9es pendant de nombreuses ann\u00e9es sans entretien.   <\/p>\n<div id=\"footable_parent_16491\"\n         class=\" footable_parent ninja_table_wrapper loading_ninja_table wp_table_data_press_parent semantic_ui \">\n                <table data-ninja_table_instance=\"ninja_table_instance_0\" data-footable_id=\"16491\" data-filter-delay=\"1000\" aria-label=\"Flans-Celik-Flans-PN-16\"            id=\"footable_16491\"\n           data-unique_identifier=\"ninja_table_unique_id_4029757466_16491\"\n           class=\" foo-table ninja_footable foo_table_16491 ninja_table_unique_id_4029757466_16491 ui table  nt_type_legacy_table celled striped compact vertical_centered  footable-paging-right ninja_table_search_disabled ninja_table_pro\">\n                <colgroup>\n                            <col class=\"ninja_column_0 \">\n                            <col class=\"ninja_column_1 \">\n                            <col class=\"ninja_column_2 \">\n                            <col class=\"ninja_column_3 \">\n                            <col class=\"ninja_column_4 \">\n                            <col class=\"ninja_column_5 \">\n                            <col class=\"ninja_column_6 \">\n                            <col class=\"ninja_column_7 \">\n                            <col class=\"ninja_column_8 \">\n                            <col class=\"ninja_column_9 \">\n                            <col class=\"ninja_column_10 \">\n                            <col class=\"ninja_column_11 \">\n                            <col class=\"ninja_column_12 \">\n                    <\/colgroup>\n        <thead>\n<tr class=\"footable-header\">\n                                                                                                                                                                                                                        <th scope=\"col\"  class=\"ninja_column_0 ninja_clmn_nm_SIRA \">SIRA<\/th><th scope=\"col\"  class=\"ninja_column_1 ninja_clmn_nm_\u00dcR\u00dcN KODU \">\u00dcR\u00dcN KODU<\/th><th scope=\"col\"  class=\"ninja_column_2 ninja_clmn_nm_\u00c7EL\u0130K ANMA \u00c7API \">\u00c7EL\u0130K ANMA \u00c7API<\/th><th scope=\"col\"  class=\"ninja_column_3 ninja_clmn_nm_PE ANMA \u00c7API \">PE ANMA \u00c7API<\/th><th scope=\"col\"  class=\"ninja_column_4 ninja_clmn_nm_FLAN\u015e \u0130\u00c7 \u00c7API \">FLAN\u015e \u0130\u00c7 \u00c7API<\/th><th scope=\"col\"  class=\"ninja_column_5 ninja_clmn_nm_DEL\u0130KLER ARASI MESAFE \">DEL\u0130KLER ARASI MESAFE<\/th><th scope=\"col\"  class=\"ninja_column_6 ninja_clmn_nm_FLAN\u015e DI\u015e \u00c7API \">FLAN\u015e DI\u015e \u00c7API<\/th><th scope=\"col\"  class=\"ninja_column_7 ninja_clmn_nm_DEL\u0130K \u00c7API \">DEL\u0130K \u00c7API<\/th><th scope=\"col\"  class=\"ninja_column_8 ninja_clmn_nm_KALINLIK \">KALINLIK<\/th><th scope=\"col\"  class=\"ninja_column_9 ninja_clmn_nm_DEL\u0130K SAYISI \">DEL\u0130K SAYISI<\/th><th scope=\"col\"  class=\"ninja_column_10 ninja_clmn_nm_A\u011eIRLIK [kg] \">A\u011eIRLIK [kg]<\/th><th scope=\"col\"  class=\"ninja_column_11 ninja_clmn_nm_KOL\u0130 ADED\u0130 \">KOL\u0130 ADED\u0130<\/th><th scope=\"col\"  class=\"ninja_column_12 ninja_clmn_nm_KOL\u0130 EBATI \">KOL\u0130 EBATI<\/th><\/tr>\n<\/thead>\n<tbody>\n\n        <tr data-row_id=\"7172\" class=\"ninja_table_row_0 nt_row_id_7172\">\n            <td>SEQ<\/td><td>PRODUCT CODE<\/td><td>SIZE OF STEEL dN [mm]<\/td><td>SIZE OF PE dN [mm]<\/td><td>dp [mm]<\/td><td>K [mm]<\/td><td>D [mm]<\/td><td>d [mm]<\/td><td>b [mm]<\/td><td>n<\/td><td>WEIGHT [kg]<\/td><td>IN A PARCEL<\/td><td>PCS PRICE<\/td>        <\/tr>\n            <tr data-row_id=\"7173\" class=\"ninja_table_row_1 nt_row_id_7173\">\n            <td>1<\/td><td>970832100015<\/td><td>15<\/td><td>20<\/td><td>28<\/td><td>65<\/td><td>95<\/td><td>14<\/td><td>14<\/td><td>4<\/td><td>0.65<\/td><td>-<\/td><td>-<\/td>        <\/tr>\n            <tr data-row_id=\"7174\" class=\"ninja_table_row_2 nt_row_id_7174\">\n            <td>2<\/td><td>970832100020<\/td><td>20<\/td><td>25<\/td><td>34<\/td><td>75<\/td><td>105<\/td><td>14<\/td><td>16<\/td><td>4<\/td><td>0.91<\/td><td>-<\/td><td>-<\/td>        <\/tr>\n            <tr data-row_id=\"7175\" class=\"ninja_table_row_3 nt_row_id_7175\">\n            <td>3<\/td><td>970832100025<\/td><td>25<\/td><td>32<\/td><td>42<\/td><td>85<\/td><td>115<\/td><td>14<\/td><td>16<\/td><td>4<\/td><td>1.06<\/td><td>-<\/td><td>-<\/td>        <\/tr>\n            <tr data-row_id=\"7176\" class=\"ninja_table_row_4 nt_row_id_7176\">\n            <td>4<\/td><td>970832100032<\/td><td>32<\/td><td>40<\/td><td>51<\/td><td>100<\/td><td>140<\/td><td>18<\/td><td>16<\/td><td>4<\/td><td>1.55<\/td><td>-<\/td><td>-<\/td>        <\/tr>\n            <tr data-row_id=\"7177\" class=\"ninja_table_row_5 nt_row_id_7177\">\n            <td>5<\/td><td>970832100040<\/td><td>40<\/td><td>50<\/td><td>62<\/td><td>110<\/td><td>150<\/td><td>18<\/td><td>16<\/td><td>4<\/td><td>1.72<\/td><td>-<\/td><td>-<\/td>        <\/tr>\n            <tr data-row_id=\"7178\" class=\"ninja_table_row_6 nt_row_id_7178\">\n            <td>6<\/td><td>970832100050<\/td><td>50<\/td><td>63<\/td><td>78<\/td><td>125<\/td><td>165<\/td><td>18<\/td><td>18<\/td><td>4<\/td><td>2.21<\/td><td>-<\/td><td>-<\/td>        <\/tr>\n            <tr data-row_id=\"7179\" class=\"ninja_table_row_7 nt_row_id_7179\">\n            <td>7<\/td><td>970832100065<\/td><td>65<\/td><td>75<\/td><td>92<\/td><td>145<\/td><td>185<\/td><td>18<\/td><td>18<\/td><td>4<\/td><td>2.72<\/td><td>-<\/td><td>-<\/td>        <\/tr>\n            <tr data-row_id=\"7180\" class=\"ninja_table_row_8 nt_row_id_7180\">\n            <td>8<\/td><td>970832100080<\/td><td>80<\/td><td>90<\/td><td>108<\/td><td>160<\/td><td>200<\/td><td>18<\/td><td>20<\/td><td>8<\/td><td>3.18<\/td><td>-<\/td><td>-<\/td>        <\/tr>\n            <tr data-row_id=\"7181\" class=\"ninja_table_row_9 nt_row_id_7181\">\n            <td>9<\/td><td>970832100100<\/td><td>100<\/td><td>110<\/td><td>125<\/td><td>180<\/td><td>220<\/td><td>18<\/td><td>20<\/td><td>8<\/td><td>3.73<\/td><td>-<\/td><td>-<\/td>        <\/tr>\n            <tr data-row_id=\"7182\" class=\"ninja_table_row_10 nt_row_id_7182\">\n            <td>10<\/td><td>970832100100<\/td><td>100<\/td><td>125<\/td><td>135<\/td><td>180<\/td><td>220<\/td><td>18<\/td><td>20<\/td><td>8<\/td><td>3.41<\/td><td>-<\/td><td>-<\/td>        <\/tr>\n            <tr data-row_id=\"7183\" class=\"ninja_table_row_11 nt_row_id_7183\">\n            <td>11<\/td><td>970832100125<\/td><td>125<\/td><td>140<\/td><td>158<\/td><td>210<\/td><td>250<\/td><td>18<\/td><td>22<\/td><td>8<\/td><td>4.75<\/td><td>-<\/td><td>-<\/td>        <\/tr>\n            <tr data-row_id=\"7184\" class=\"ninja_table_row_12 nt_row_id_7184\">\n            <td>12<\/td><td>970832100150<\/td><td>150<\/td><td>160<\/td><td>178<\/td><td>240<\/td><td>285<\/td><td>22<\/td><td>22<\/td><td>8<\/td><td>6.21<\/td><td>-<\/td><td>-<\/td>        <\/tr>\n            <tr data-row_id=\"7185\" class=\"ninja_table_row_13 nt_row_id_7185\">\n            <td>13<\/td><td>970832100150<\/td><td>150<\/td><td>180<\/td><td>188<\/td><td>240<\/td><td>285<\/td><td>22<\/td><td>22<\/td><td>8<\/td><td>5.71<\/td><td>-<\/td><td>-<\/td>        <\/tr>\n            <tr data-row_id=\"7186\" class=\"ninja_table_row_14 nt_row_id_7186\">\n            <td>14<\/td><td>970832100200<\/td><td>200<\/td><td>200<\/td><td>235<\/td><td>295<\/td><td>340<\/td><td>22<\/td><td>24<\/td><td>12<\/td><td>8.09<\/td><td>-<\/td><td>-<\/td>        <\/tr>\n            <tr data-row_id=\"7187\" class=\"ninja_table_row_15 nt_row_id_7187\">\n            <td>15<\/td><td>970832100200<\/td><td>200<\/td><td>225<\/td><td>238<\/td><td>295<\/td><td>340<\/td><td>22<\/td><td>24<\/td><td>12<\/td><td>7.88<\/td><td>-<\/td><td>-<\/td>        <\/tr>\n            <tr data-row_id=\"7188\" class=\"ninja_table_row_16 nt_row_id_7188\">\n            <td>16<\/td><td>970832100250<\/td><td>250<\/td><td>250<\/td><td>288<\/td><td>355<\/td><td>405<\/td><td>26<\/td><td>26<\/td><td>12<\/td><td>11.72<\/td><td>-<\/td><td>-<\/td>        <\/tr>\n            <tr data-row_id=\"7189\" class=\"ninja_table_row_17 nt_row_id_7189\">\n            <td>17<\/td><td>970832100250<\/td><td>250<\/td><td>280<\/td><td>294<\/td><td>355<\/td><td>405<\/td><td>26<\/td><td>26<\/td><td>12<\/td><td>11.16<\/td><td>-<\/td><td>-<\/td>        <\/tr>\n            <tr data-row_id=\"7190\" class=\"ninja_table_row_18 nt_row_id_7190\">\n            <td>18<\/td><td>970832100300<\/td><td>300<\/td><td>315<\/td><td>338<\/td><td>410<\/td><td>460<\/td><td>26<\/td><td>28<\/td><td>12<\/td><td>15.44<\/td><td>-<\/td><td>-<\/td>        <\/tr>\n            <tr data-row_id=\"7191\" class=\"ninja_table_row_19 nt_row_id_7191\">\n            <td>19<\/td><td>970832100350<\/td><td>350<\/td><td>355<\/td><td>376<\/td><td>470<\/td><td>520<\/td><td>26<\/td><td>30<\/td><td>16<\/td><td>21.92<\/td><td>-<\/td><td>-<\/td>        <\/tr>\n            <tr data-row_id=\"7192\" class=\"ninja_table_row_20 nt_row_id_7192\">\n            <td>20<\/td><td>970832100400<\/td><td>400<\/td><td>400<\/td><td>430<\/td><td>525<\/td><td>580<\/td><td>30<\/td><td>32<\/td><td>16<\/td><td>27.11<\/td><td>-<\/td><td>-<\/td>        <\/tr>\n            <tr data-row_id=\"7193\" class=\"ninja_table_row_21 nt_row_id_7193\">\n            <td>21<\/td><td>970832100450<\/td><td>450<\/td><td>450<\/td><td>465<\/td><td>585<\/td><td>640<\/td><td>30<\/td><td>34<\/td><td>20<\/td><td>36.85<\/td><td>-<\/td><td>-<\/td>        <\/tr>\n            <tr data-row_id=\"7194\" class=\"ninja_table_row_22 nt_row_id_7194\">\n            <td>22<\/td><td>970832100500<\/td><td>500<\/td><td>500<\/td><td>533<\/td><td>650<\/td><td>715<\/td><td>33<\/td><td>34<\/td><td>20<\/td><td>43.15<\/td><td>-<\/td><td>-<\/td>        <\/tr>\n            <tr data-row_id=\"7195\" class=\"ninja_table_row_23 nt_row_id_7195\">\n            <td>23<\/td><td>970832100600<\/td><td>600<\/td><td>560<\/td><td>618<\/td><td>770<\/td><td>840<\/td><td>36<\/td><td>36<\/td><td>20<\/td><td>66.24<\/td><td>-<\/td><td>-<\/td>        <\/tr>\n            <tr data-row_id=\"7196\" class=\"ninja_table_row_24 nt_row_id_7196\">\n            <td>24<\/td><td>970832100600<\/td><td>600<\/td><td>630<\/td><td>645<\/td><td>770<\/td><td>840<\/td><td>36<\/td><td>36<\/td><td>20<\/td><td>58.66<\/td><td>-<\/td><td>-<\/td>        <\/tr>\n            <tr data-row_id=\"7197\" class=\"ninja_table_row_25 nt_row_id_7197\">\n            <td>25<\/td><td>970832100700<\/td><td>700<\/td><td>710<\/td><td>740<\/td><td>840<\/td><td>910<\/td><td>36<\/td><td>36<\/td><td>24<\/td><td>55.49<\/td><td>-<\/td><td>-<\/td>        <\/tr>\n            <tr data-row_id=\"7198\" class=\"ninja_table_row_26 nt_row_id_7198\">\n            <td>26<\/td><td>970832100800<\/td><td>800<\/td><td>800<\/td><td>843<\/td><td>950<\/td><td>1025<\/td><td>39<\/td><td>38<\/td><td>24<\/td><td>71.27<\/td><td>-<\/td><td>-<\/td>        <\/tr>\n            <tr data-row_id=\"7199\" class=\"ninja_table_row_27 nt_row_id_7199\">\n            <td>27<\/td><td>970832100900<\/td><td>900<\/td><td>900<\/td><td>947<\/td><td>1050<\/td><td>1125<\/td><td>39<\/td><td>40<\/td><td>28<\/td><td>80.64<\/td><td>-<\/td><td>-<\/td>        <\/tr>\n            <tr data-row_id=\"7200\" class=\"ninja_table_row_28 nt_row_id_7200\">\n            <td>28<\/td><td>970832101000<\/td><td>1000<\/td><td>1000<\/td><td>1050<\/td><td>1170<\/td><td>1255<\/td><td>42<\/td><td>42<\/td><td>28<\/td><td>110<\/td><td>-<\/td><td>-<\/td>        <\/tr>\n            <tr data-row_id=\"7201\" class=\"ninja_table_row_29 nt_row_id_7201\">\n            <td>29<\/td><td>970832101200<\/td><td>1200<\/td><td>1200<\/td><td>1250<\/td><td>1390<\/td><td>1485<\/td><td>48<\/td><td>48<\/td><td>32<\/td><td>169<\/td><td>-<\/td><td>-<\/td>        <\/tr>\n            <tr data-row_id=\"7202\" class=\"ninja_table_row_30 nt_row_id_7202\">\n            <td>30<\/td><td>970832101400<\/td><td>1400<\/td><td>1400<\/td><td>1460<\/td><td>1590<\/td><td>1685<\/td><td>48<\/td><td>52<\/td><td>36<\/td><td>201<\/td><td>-<\/td><td>-<\/td>        <\/tr>\n            <tr data-row_id=\"7203\" class=\"ninja_table_row_31 nt_row_id_7203\">\n            <td>31<\/td><td>970832101600<\/td><td>1600<\/td><td>1600<\/td><td>1650<\/td><td>1820<\/td><td>1930<\/td><td>56<\/td><td>58<\/td><td>40<\/td><td>316<\/td><td>-<\/td><td>-<\/td>        <\/tr>\n    <\/tbody><!--ninja_tobody_rendering_done-->\n    <\/table>\n    \n    \n    \n<\/div>\n\n","protected":false},"excerpt":{"rendered":"<p>La bride en acier HDPE PN 16 est un \u00e9l\u00e9ment de jonction compos\u00e9 de PE100 \u00e0 l&#8217;int\u00e9rieur et d&#8217;acier au carbone \u00e0 haute r\u00e9sistance \u00e0 l&#8217;ext\u00e9rieur, qui est utilis\u00e9 pour cr\u00e9er des connexions \u00e0 bride dans les syst\u00e8mes de tuyaux HDPE (poly\u00e9thyl\u00e8ne haute densit\u00e9). Il est assembl\u00e9 au tuyau PEHD par \u00e9lectrofusion ou par soudage bout \u00e0 bout, ce qui permet au syst\u00e8me d&#8217;effectuer des raccordements \u00e0 brides avec des vannes, des pompes, des tuyaux m\u00e9talliques ou des \u00e9quipements. Il est fabriqu\u00e9 conform\u00e9ment \u00e0 la classe de pression PN 16 et r\u00e9siste \u00e0 une pression allant jusqu&#8217;\u00e0 16 bars.    <\/p>\n","protected":false},"featured_media":18604,"template":"","meta":{"pgc_sgb_lightbox_settings":""},"product_brand":[152],"product_cat":[47],"product_tag":[232,235,231,236,233,228,237,230,229,234],"class_list":{"0":"post-11934","1":"product","2":"type-product","3":"status-publish","4":"has-post-thumbnail","6":"product_brand-yildiz-polietilen","7":"product_cat-flans","8":"product_tag-alin-kaynak-celik-flans","9":"product_tag-celik-destekli-hdpe-flans","10":"product_tag-elektrofuzyon-flans-adaptoru","11":"product_tag-flansli-vana-baglantisi","12":"product_tag-hdpe-boru-flans-baglantisi","13":"product_tag-hdpe-celik-flans","14":"product_tag-hdpe-metal-gecisli-flans","15":"product_tag-pe100-flans-baglanti","16":"product_tag-pn-16-celik-flans","17":"product_tag-yuksek-basincli-hdpe-flans","19":"first","20":"instock","21":"shipping-taxable","22":"product-type-simple"},"_links":{"self":[{"href":"https:\/\/www.yildizpolietilen.com\/fr\/wp-json\/wp\/v2\/product\/11934","targetHints":{"allow":["GET"]}}],"collection":[{"href":"https:\/\/www.yildizpolietilen.com\/fr\/wp-json\/wp\/v2\/product"}],"about":[{"href":"https:\/\/www.yildizpolietilen.com\/fr\/wp-json\/wp\/v2\/types\/product"}],"wp:featuredmedia":[{"embeddable":true,"href":"https:\/\/www.yildizpolietilen.com\/fr\/wp-json\/wp\/v2\/media\/18604"}],"wp:attachment":[{"href":"https:\/\/www.yildizpolietilen.com\/fr\/wp-json\/wp\/v2\/media?parent=11934"}],"wp:term":[{"taxonomy":"product_brand","embeddable":true,"href":"https:\/\/www.yildizpolietilen.com\/fr\/wp-json\/wp\/v2\/product_brand?post=11934"},{"taxonomy":"product_cat","embeddable":true,"href":"https:\/\/www.yildizpolietilen.com\/fr\/wp-json\/wp\/v2\/product_cat?post=11934"},{"taxonomy":"product_tag","embeddable":true,"href":"https:\/\/www.yildizpolietilen.com\/fr\/wp-json\/wp\/v2\/product_tag?post=11934"}],"curies":[{"name":"wp","href":"https:\/\/api.w.org\/{rel}","templated":true}]}}