{"id":11928,"date":"2024-09-28T00:11:43","date_gmt":"2024-09-27T21:11:43","guid":{"rendered":"https:\/\/yildizpolietilen.com\/urun\/celik-kor-flans-pn-16\/"},"modified":"2025-06-24T15:07:16","modified_gmt":"2025-06-24T12:07:16","slug":"celik-kor-flans-pn-16","status":"publish","type":"product","link":"https:\/\/www.yildizpolietilen.com\/fr\/urun\/celik-kor-flans-pn-16\/","title":{"rendered":"BRIDE AVEUGLE EN ACIER PN 16"},"content":{"rendered":"<p data-start=\"149\" data-end=\"209\"><strong data-start=\"149\" data-end=\"209\">Bride aveugle en acier PN 16 &#8211; Bride d&#8217;obturation r\u00e9sistante \u00e0 la pression<\/strong><\/p>\n<p data-start=\"211\" data-end=\"673\">\n<p data-start=\"675\" data-end=\"699\"><strong data-start=\"675\" data-end=\"697\">Domaines d&#8217;utilisation :<\/strong><\/p>\n<ul data-start=\"700\" data-end=\"932\">\n<li data-start=\"700\" data-end=\"734\">\n<p data-start=\"702\" data-end=\"734\">Stations d&#8217;\u00e9puration des eaux et des eaux us\u00e9es<\/p>\n<\/li>\n<li data-start=\"735\" data-end=\"775\">\n<p data-start=\"737\" data-end=\"775\">Syst\u00e8mes de gaz naturel et d&#8217;air comprim\u00e9<\/p>\n<\/li>\n<li data-start=\"776\" data-end=\"806\">\n<p data-start=\"778\" data-end=\"806\">Lignes de process industriel<\/p>\n<\/li>\n<li data-start=\"807\" data-end=\"834\">\n<p data-start=\"809\" data-end=\"834\">Syst\u00e8mes de lignes d&#8217;incendie<\/p>\n<\/li>\n<li data-start=\"835\" data-end=\"871\">\n<p data-start=\"837\" data-end=\"871\">Usines p\u00e9trochimiques et raffineries<\/p>\n<\/li>\n<li data-start=\"872\" data-end=\"932\">\n<p data-start=\"874\" data-end=\"932\">Points d&#8217;obturation \u00e0 bride des syst\u00e8mes de canalisations en PEHD et en acier<\/p>\n<\/li>\n<\/ul>\n<p data-start=\"934\" data-end=\"952\"><strong data-start=\"934\" data-end=\"950\">Avantages :<\/strong><\/p>\n<ul data-start=\"953\" data-end=\"1230\">\n<li data-start=\"953\" data-end=\"992\">\n<p data-start=\"955\" data-end=\"992\">Corps en acier au carbone \u00e0 haute r\u00e9sistance<\/p>\n<\/li>\n<li data-start=\"993\" data-end=\"1027\">\n<p data-start=\"995\" data-end=\"1027\">Conformit\u00e9 \u00e0 la classe de pression PN 16<\/p>\n<\/li>\n<li data-start=\"1028\" data-end=\"1074\">\n<p data-start=\"1030\" data-end=\"1074\">Assure une bonne \u00e9tanch\u00e9it\u00e9 aux extr\u00e9mit\u00e9s de la ligne<\/p>\n<\/li>\n<li data-start=\"1075\" data-end=\"1107\">\n<p data-start=\"1077\" data-end=\"1107\">Montage et d\u00e9montage faciles<\/p>\n<\/li>\n<li data-start=\"1108\" data-end=\"1174\">\n<p data-start=\"1110\" data-end=\"1174\">Permet d&#8217;isoler la ligne pendant l&#8217;entretien et la r\u00e9paration<\/p>\n<\/li>\n<li data-start=\"1175\" data-end=\"1230\">\n<p data-start=\"1177\" data-end=\"1230\">Durable et r\u00e9sistant aux influences environnementales<\/p>\n<\/li>\n<\/ul>\n<p data-start=\"1232\" data-end=\"1548\"><strong data-start=\"1232\" data-end=\"1269\">Pourquoi utiliser une bride aveugle en acier ?<\/strong><br data-start=\"1269\" data-end=\"1272\">Les brides aveugles sont utilis\u00e9es pour fermer n&#8217;importe quelle extr\u00e9mit\u00e9 du syst\u00e8me de tuyauterie et sont install\u00e9es avec ou sans joints pour assurer l&#8217;\u00e9tanch\u00e9it\u00e9. Elles sont essentielles pour assurer la s\u00e9curit\u00e9 lorsque la ligne n&#8217;est pas en service et pour maintenir la pression interne du syst\u00e8me sous contr\u00f4le.   <\/p>\n<div id=\"footable_parent_16497\"\n         class=\" footable_parent ninja_table_wrapper loading_ninja_table wp_table_data_press_parent semantic_ui \">\n                <table data-ninja_table_instance=\"ninja_table_instance_0\" data-footable_id=\"16497\" data-filter-delay=\"1000\" aria-label=\"Flans-Celik-Kor-Flans-PN-16\"            id=\"footable_16497\"\n           data-unique_identifier=\"ninja_table_unique_id_3434564137_16497\"\n           class=\" foo-table ninja_footable foo_table_16497 ninja_table_unique_id_3434564137_16497 ui table  nt_type_legacy_table celled striped compact vertical_centered  footable-paging-right ninja_table_search_disabled ninja_table_pro\">\n                <colgroup>\n                            <col class=\"ninja_column_0 \">\n                            <col class=\"ninja_column_1 \">\n                            <col class=\"ninja_column_2 \">\n                            <col class=\"ninja_column_3 \">\n                            <col class=\"ninja_column_4 \">\n                            <col class=\"ninja_column_5 \">\n                            <col class=\"ninja_column_6 \">\n                            <col class=\"ninja_column_7 \">\n                            <col class=\"ninja_column_8 \">\n                            <col class=\"ninja_column_9 \">\n                            <col class=\"ninja_column_10 \">\n                            <col class=\"ninja_column_11 \">\n                    <\/colgroup>\n        <thead>\n<tr class=\"footable-header\">\n                                                                                                                                                                                                        <th scope=\"col\"  class=\"ninja_column_0 ninja_clmn_nm_SIRA \">SIRA<\/th><th scope=\"col\"  class=\"ninja_column_1 ninja_clmn_nm_\u00dcR\u00dcN KODU \">\u00dcR\u00dcN KODU<\/th><th scope=\"col\"  class=\"ninja_column_2 ninja_clmn_nm_\u00c7EL\u0130K ANMA \u00c7API \">\u00c7EL\u0130K ANMA \u00c7API<\/th><th scope=\"col\"  class=\"ninja_column_3 ninja_clmn_nm_PE ANMA \u00c7API \">PE ANMA \u00c7API<\/th><th scope=\"col\"  class=\"ninja_column_4 ninja_clmn_nm_DEL\u0130KLER ARASI MESAFE \">DEL\u0130KLER ARASI MESAFE<\/th><th scope=\"col\"  class=\"ninja_column_5 ninja_clmn_nm_FLAN\u015e DI\u015e \u00c7API \">FLAN\u015e DI\u015e \u00c7API<\/th><th scope=\"col\"  class=\"ninja_column_6 ninja_clmn_nm_DEL\u0130K \u00c7API \">DEL\u0130K \u00c7API<\/th><th scope=\"col\"  class=\"ninja_column_7 ninja_clmn_nm_KALINLIK \">KALINLIK<\/th><th scope=\"col\"  class=\"ninja_column_8 ninja_clmn_nm_DEL\u0130K SAYISI \">DEL\u0130K SAYISI<\/th><th scope=\"col\"  class=\"ninja_column_9 ninja_clmn_nm_A\u011eIRLIK [kg] \">A\u011eIRLIK [kg]<\/th><th scope=\"col\"  class=\"ninja_column_10 ninja_clmn_nm_KOL\u0130 ADED\u0130 \">KOL\u0130 ADED\u0130<\/th><th scope=\"col\"  class=\"ninja_column_11 ninja_clmn_nm_KOL\u0130 EBATI \">KOL\u0130 EBATI<\/th><\/tr>\n<\/thead>\n<tbody>\n\n        <tr data-row_id=\"7226\" class=\"ninja_table_row_0 nt_row_id_7226\">\n            <td>SEQ<\/td><td>PRODUCT CODE<\/td><td>SIZE OF STEEL dN [mm]<\/td><td>SIZE OF PE dN [mm]<\/td><td>K [mm]<\/td><td>D [mm]<\/td><td>d [mm]<\/td><td>b [mm]<\/td><td>n<\/td><td>WEIGHT [kg]<\/td><td>IN A PARCEL<\/td><td>PCS PRICE<\/td>        <\/tr>\n            <tr data-row_id=\"7227\" class=\"ninja_table_row_1 nt_row_id_7227\">\n            <td>1<\/td><td>970835100015<\/td><td>15<\/td><td>20<\/td><td>65<\/td><td>95<\/td><td>14<\/td><td>14<\/td><td>4<\/td><td>0.71<\/td><td>-<\/td><td>-<\/td>        <\/tr>\n            <tr data-row_id=\"7228\" class=\"ninja_table_row_2 nt_row_id_7228\">\n            <td>2<\/td><td>970835100020<\/td><td>20<\/td><td>25<\/td><td>75<\/td><td>105<\/td><td>14<\/td><td>16<\/td><td>4<\/td><td>1.01<\/td><td>-<\/td><td>-<\/td>        <\/tr>\n            <tr data-row_id=\"7229\" class=\"ninja_table_row_3 nt_row_id_7229\">\n            <td>3<\/td><td>970835100025<\/td><td>25<\/td><td>32<\/td><td>85<\/td><td>115<\/td><td>14<\/td><td>16<\/td><td>4<\/td><td>1.23<\/td><td>-<\/td><td>-<\/td>        <\/tr>\n            <tr data-row_id=\"7230\" class=\"ninja_table_row_4 nt_row_id_7230\">\n            <td>4<\/td><td>970835100032<\/td><td>32<\/td><td>40<\/td><td>100<\/td><td>140<\/td><td>18<\/td><td>16<\/td><td>4<\/td><td>1.81<\/td><td>-<\/td><td>-<\/td>        <\/tr>\n            <tr data-row_id=\"7231\" class=\"ninja_table_row_5 nt_row_id_7231\">\n            <td>5<\/td><td>970835100040<\/td><td>40<\/td><td>50<\/td><td>110<\/td><td>150<\/td><td>18<\/td><td>16<\/td><td>4<\/td><td>2.1<\/td><td>-<\/td><td>-<\/td>        <\/tr>\n            <tr data-row_id=\"7232\" class=\"ninja_table_row_6 nt_row_id_7232\">\n            <td>6<\/td><td>970835100050<\/td><td>50<\/td><td>63<\/td><td>125<\/td><td>165<\/td><td>18<\/td><td>18<\/td><td>4<\/td><td>2.88<\/td><td>-<\/td><td>-<\/td>        <\/tr>\n            <tr data-row_id=\"7233\" class=\"ninja_table_row_7 nt_row_id_7233\">\n            <td>7<\/td><td>970835100065<\/td><td>65<\/td><td>75<\/td><td>145<\/td><td>185<\/td><td>18<\/td><td>18<\/td><td>4<\/td><td>3.66<\/td><td>-<\/td><td>-<\/td>        <\/tr>\n            <tr data-row_id=\"7234\" class=\"ninja_table_row_8 nt_row_id_7234\">\n            <td>8<\/td><td>970835100080<\/td><td>80<\/td><td>90<\/td><td>160<\/td><td>200<\/td><td>18<\/td><td>20<\/td><td>8<\/td><td>4.62<\/td><td>-<\/td><td>-<\/td>        <\/tr>\n            <tr data-row_id=\"7235\" class=\"ninja_table_row_9 nt_row_id_7235\">\n            <td>9<\/td><td>970835100100<\/td><td>100<\/td><td>110<\/td><td>180<\/td><td>220<\/td><td>18<\/td><td>20<\/td><td>8<\/td><td>5.66<\/td><td>-<\/td><td>-<\/td>        <\/tr>\n            <tr data-row_id=\"7236\" class=\"ninja_table_row_10 nt_row_id_7236\">\n            <td>10<\/td><td>970835100100<\/td><td>100<\/td><td>125<\/td><td>180<\/td><td>220<\/td><td>18<\/td><td>20<\/td><td>8<\/td><td>5.66<\/td><td>-<\/td><td>-<\/td>        <\/tr>\n            <tr data-row_id=\"7237\" class=\"ninja_table_row_11 nt_row_id_7237\">\n            <td>11<\/td><td>970835100125<\/td><td>125<\/td><td>140<\/td><td>210<\/td><td>250<\/td><td>18<\/td><td>22<\/td><td>8<\/td><td>8.15<\/td><td>-<\/td><td>-<\/td>        <\/tr>\n            <tr data-row_id=\"7238\" class=\"ninja_table_row_12 nt_row_id_7238\">\n            <td>12<\/td><td>970835100150<\/td><td>150<\/td><td>160<\/td><td>240<\/td><td>285<\/td><td>22<\/td><td>22<\/td><td>8<\/td><td>10.52<\/td><td>-<\/td><td>-<\/td>        <\/tr>\n            <tr data-row_id=\"7239\" class=\"ninja_table_row_13 nt_row_id_7239\">\n            <td>13<\/td><td>970835100150<\/td><td>150<\/td><td>180<\/td><td>240<\/td><td>285<\/td><td>22<\/td><td>22<\/td><td>8<\/td><td>10.52<\/td><td>-<\/td><td>-<\/td>        <\/tr>\n            <tr data-row_id=\"7240\" class=\"ninja_table_row_14 nt_row_id_7240\">\n            <td>14<\/td><td>970835100200<\/td><td>200<\/td><td>200<\/td><td>295<\/td><td>340<\/td><td>22<\/td><td>24<\/td><td>12<\/td><td>16.28<\/td><td>-<\/td><td>-<\/td>        <\/tr>\n            <tr data-row_id=\"7241\" class=\"ninja_table_row_15 nt_row_id_7241\">\n            <td>15<\/td><td>970835100200<\/td><td>200<\/td><td>225<\/td><td>295<\/td><td>340<\/td><td>22<\/td><td>24<\/td><td>12<\/td><td>16.28<\/td><td>-<\/td><td>-<\/td>        <\/tr>\n            <tr data-row_id=\"7242\" class=\"ninja_table_row_16 nt_row_id_7242\">\n            <td>16<\/td><td>970835100250<\/td><td>250<\/td><td>250<\/td><td>355<\/td><td>405<\/td><td>26<\/td><td>26<\/td><td>12<\/td><td>25.05<\/td><td>-<\/td><td>-<\/td>        <\/tr>\n            <tr data-row_id=\"7243\" class=\"ninja_table_row_17 nt_row_id_7243\">\n            <td>17<\/td><td>970835100250<\/td><td>250<\/td><td>280<\/td><td>355<\/td><td>405<\/td><td>26<\/td><td>26<\/td><td>12<\/td><td>25.05<\/td><td>-<\/td><td>-<\/td>        <\/tr>\n            <tr data-row_id=\"7244\" class=\"ninja_table_row_18 nt_row_id_7244\">\n            <td>18<\/td><td>970835100300<\/td><td>300<\/td><td>315<\/td><td>410<\/td><td>460<\/td><td>26<\/td><td>28<\/td><td>12<\/td><td>35.21<\/td><td>-<\/td><td>-<\/td>        <\/tr>\n            <tr data-row_id=\"7245\" class=\"ninja_table_row_19 nt_row_id_7245\">\n            <td>19<\/td><td>970835100350<\/td><td>350<\/td><td>355<\/td><td>470<\/td><td>520<\/td><td>26<\/td><td>30<\/td><td>16<\/td><td>48.13<\/td><td>-<\/td><td>-<\/td>        <\/tr>\n            <tr data-row_id=\"7246\" class=\"ninja_table_row_20 nt_row_id_7246\">\n            <td>20<\/td><td>970835100400<\/td><td>400<\/td><td>400<\/td><td>525<\/td><td>580<\/td><td>30<\/td><td>32<\/td><td>16<\/td><td>63.68<\/td><td>-<\/td><td>-<\/td>        <\/tr>\n            <tr data-row_id=\"7247\" class=\"ninja_table_row_21 nt_row_id_7247\">\n            <td>21<\/td><td>970835100450<\/td><td>450<\/td><td>450<\/td><td>585<\/td><td>640<\/td><td>30<\/td><td>34<\/td><td>20<\/td><td>82.28<\/td><td>-<\/td><td>-<\/td>        <\/tr>\n            <tr data-row_id=\"7248\" class=\"ninja_table_row_22 nt_row_id_7248\">\n            <td>22<\/td><td>970835100500<\/td><td>500<\/td><td>500<\/td><td>650<\/td><td>715<\/td><td>33<\/td><td>34<\/td><td>20<\/td><td>102.84<\/td><td>-<\/td><td>-<\/td>        <\/tr>\n            <tr data-row_id=\"7249\" class=\"ninja_table_row_23 nt_row_id_7249\">\n            <td>23<\/td><td>970835100600<\/td><td>600<\/td><td>560<\/td><td>770<\/td><td>840<\/td><td>36<\/td><td>36<\/td><td>20<\/td><td>151.22<\/td><td>-<\/td><td>-<\/td>        <\/tr>\n            <tr data-row_id=\"7250\" class=\"ninja_table_row_24 nt_row_id_7250\">\n            <td>24<\/td><td>970835100600<\/td><td>600<\/td><td>630<\/td><td>770<\/td><td>840<\/td><td>36<\/td><td>36<\/td><td>20<\/td><td>151.22<\/td><td>-<\/td><td>-<\/td>        <\/tr>\n            <tr data-row_id=\"7251\" class=\"ninja_table_row_25 nt_row_id_7251\">\n            <td>25<\/td><td>970835100700<\/td><td>700<\/td><td>710<\/td><td>840<\/td><td>910<\/td><td>36<\/td><td>36<\/td><td>24<\/td><td>177.32<\/td><td>-<\/td><td>-<\/td>        <\/tr>\n            <tr data-row_id=\"7252\" class=\"ninja_table_row_26 nt_row_id_7252\">\n            <td>26<\/td><td>970835100800<\/td><td>800<\/td><td>800<\/td><td>950<\/td><td>1025<\/td><td>39<\/td><td>38<\/td><td>24<\/td><td>238.16<\/td><td>-<\/td><td>-<\/td>        <\/tr>\n            <tr data-row_id=\"7253\" class=\"ninja_table_row_27 nt_row_id_7253\">\n            <td>27<\/td><td>970835100900<\/td><td>900<\/td><td>900<\/td><td>1050<\/td><td>1125<\/td><td>39<\/td><td>40<\/td><td>28<\/td><td>302.33<\/td><td>-<\/td><td>-<\/td>        <\/tr>\n            <tr data-row_id=\"7254\" class=\"ninja_table_row_28 nt_row_id_7254\">\n            <td>28<\/td><td>970835101000<\/td><td>1000<\/td><td>1000<\/td><td>1170<\/td><td>1255<\/td><td>42<\/td><td>42<\/td><td>28<\/td><td>395.99<\/td><td>-<\/td><td>-<\/td>        <\/tr>\n            <tr data-row_id=\"7255\" class=\"ninja_table_row_29 nt_row_id_7255\">\n            <td>29<\/td><td>970835101200<\/td><td>1200<\/td><td>1200<\/td><td>1390<\/td><td>1485<\/td><td>48<\/td><td>48<\/td><td>32<\/td><td>632.29<\/td><td>-<\/td><td>-<\/td>        <\/tr>\n            <tr data-row_id=\"7256\" class=\"ninja_table_row_30 nt_row_id_7256\">\n            <td>30<\/td><td>970835101400<\/td><td>1400<\/td><td>1400<\/td><td>1590<\/td><td>1685<\/td><td>48<\/td><td>52<\/td><td>36<\/td><td>885.76<\/td><td>-<\/td><td>-<\/td>        <\/tr>\n            <tr data-row_id=\"7257\" class=\"ninja_table_row_31 nt_row_id_7257\">\n            <td>31<\/td><td>970835101600<\/td><td>1600<\/td><td>1600<\/td><td>1820<\/td><td>1930<\/td><td>56<\/td><td>58<\/td><td>40<\/td><td>1291.78<\/td><td>-<\/td><td>-<\/td>        <\/tr>\n    <\/tbody><!--ninja_tobody_rendering_done-->\n    <\/table>\n    \n    \n    \n<\/div>\n\n","protected":false},"excerpt":{"rendered":"<p>La bride aveugle en acier PN 16 est un raccord en acier au carbone \u00e0 haute r\u00e9sistance utilis\u00e9 pour fermer (aveugler) les extr\u00e9mit\u00e9s des pipelines. Il s&#8217;agit d&#8217;une solution id\u00e9ale lorsqu&#8217;il est n\u00e9cessaire d&#8217;interrompre le flux dans des syst\u00e8mes de liquides et de gaz sous pression, pour maintenir le syst\u00e8me ou pour mettre temporairement la ligne hors service. Fabriqu\u00e9es conform\u00e9ment \u00e0 la classe de pression PN 16, ces brides peuvent \u00eatre utilis\u00e9es en toute s\u00e9curit\u00e9 dans des conduites sous pression jusqu&#8217;\u00e0 16 bars.    <\/p>\n","protected":false},"featured_media":11930,"template":"","meta":{"pgc_sgb_lightbox_settings":""},"product_brand":[152],"product_cat":[47],"product_tag":[227,218,222,224,220,225,223,226,219,221],"class_list":{"0":"post-11928","1":"product","2":"type-product","3":"status-publish","4":"has-post-thumbnail","6":"product_brand-yildiz-polietilen","7":"product_cat-flans","8":"product_tag-basinca-dayanikli-flans-kapagi","9":"product_tag-celik-kor-flans","10":"product_tag-din-pn16-celik-flans","11":"product_tag-endustriyel-boru-kapama-flansi","12":"product_tag-flansli-boru-korleme","13":"product_tag-flansli-hat-sonlandirma","14":"product_tag-karbon-celik-kor-flans","15":"product_tag-kor-flans-fiyatlari","16":"product_tag-pn16-kor-flans","17":"product_tag-yuksek-basincli-kor-flans","19":"first","20":"instock","21":"shipping-taxable","22":"product-type-simple"},"_links":{"self":[{"href":"https:\/\/www.yildizpolietilen.com\/fr\/wp-json\/wp\/v2\/product\/11928","targetHints":{"allow":["GET"]}}],"collection":[{"href":"https:\/\/www.yildizpolietilen.com\/fr\/wp-json\/wp\/v2\/product"}],"about":[{"href":"https:\/\/www.yildizpolietilen.com\/fr\/wp-json\/wp\/v2\/types\/product"}],"wp:featuredmedia":[{"embeddable":true,"href":"https:\/\/www.yildizpolietilen.com\/fr\/wp-json\/wp\/v2\/media\/11930"}],"wp:attachment":[{"href":"https:\/\/www.yildizpolietilen.com\/fr\/wp-json\/wp\/v2\/media?parent=11928"}],"wp:term":[{"taxonomy":"product_brand","embeddable":true,"href":"https:\/\/www.yildizpolietilen.com\/fr\/wp-json\/wp\/v2\/product_brand?post=11928"},{"taxonomy":"product_cat","embeddable":true,"href":"https:\/\/www.yildizpolietilen.com\/fr\/wp-json\/wp\/v2\/product_cat?post=11928"},{"taxonomy":"product_tag","embeddable":true,"href":"https:\/\/www.yildizpolietilen.com\/fr\/wp-json\/wp\/v2\/product_tag?post=11928"}],"curies":[{"name":"wp","href":"https:\/\/api.w.org\/{rel}","templated":true}]}}