{"id":11903,"date":"2024-09-28T15:19:29","date_gmt":"2024-09-28T12:19:29","guid":{"rendered":"https:\/\/yildizpolietilen.com\/urun\/ef-te\/"},"modified":"2025-06-24T15:07:25","modified_gmt":"2025-06-24T12:07:25","slug":"ef-te","status":"publish","type":"product","link":"https:\/\/www.yildizpolietilen.com\/fr\/urun\/ef-te\/","title":{"rendered":"T\u00e9 \u00e9gal EF"},"content":{"rendered":"<p data-start=\"199\" data-end=\"259\"><strong data-start=\"199\" data-end=\"259\">T\u00e9 \u00e9gal HDPE EF &#8211; Raccord en t\u00e9 \u00e9gal par \u00e9lectrofusion<\/strong><\/p>\n<p data-start=\"261\" data-end=\"687\">\n<p data-start=\"689\" data-end=\"713\"><strong data-start=\"689\" data-end=\"711\">Domaines d&#8217;utilisation :<\/strong><\/p>\n<ul data-start=\"714\" data-end=\"938\">\n<li data-start=\"714\" data-end=\"784\">\n<p data-start=\"716\" data-end=\"784\">Raccordement des conduites principales et interm\u00e9diaires dans les syst\u00e8mes de conduites en PEHD<\/p>\n<\/li>\n<li data-start=\"785\" data-end=\"823\">\n<p data-start=\"787\" data-end=\"823\">Cr\u00e9ation d&#8217;un nouvel embranchement<\/p>\n<\/li>\n<li data-start=\"824\" data-end=\"862\">\n<p data-start=\"826\" data-end=\"862\">Cr\u00e9er des points de connexion pour les vannes<\/p>\n<\/li>\n<li data-start=\"863\" data-end=\"938\">\n<p data-start=\"865\" data-end=\"938\">Augmentation des lignes de distribution dans les projets d&#8217;eau, de gaz, d&#8217;assainissement et d&#8217;infrastructure<\/p>\n<\/li>\n<\/ul>\n<p data-start=\"940\" data-end=\"958\"><strong data-start=\"940\" data-end=\"956\">Avantages :<\/strong><\/p>\n<ul data-start=\"959\" data-end=\"1202\">\n<li data-start=\"959\" data-end=\"1043\">\n<p data-start=\"961\" data-end=\"1043\">Le soudage par \u00e9lectrofusion assure une connexion \u00e9tanche, robuste et durable.<\/p>\n<\/li>\n<li data-start=\"1044\" data-end=\"1080\">\n<p data-start=\"1046\" data-end=\"1080\">100% compatible avec les tuyaux de m\u00eame diam\u00e8tre<\/p>\n<\/li>\n<li data-start=\"1081\" data-end=\"1114\">\n<p data-start=\"1083\" data-end=\"1114\">Assemblage facile, travail minimum<\/p>\n<\/li>\n<li data-start=\"1115\" data-end=\"1164\">\n<p data-start=\"1117\" data-end=\"1164\">Haute r\u00e9sistance \u00e0 la corrosion et aux produits chimiques<\/p>\n<\/li>\n<li data-start=\"1165\" data-end=\"1202\">\n<p data-start=\"1167\" data-end=\"1202\">Convient aux syst\u00e8mes \u00e0 haute pression<\/p>\n<\/li>\n<\/ul>\n<p data-start=\"1204\" data-end=\"1449\"><strong data-start=\"1204\" data-end=\"1247\">Pourquoi choisir le HDPE EF Equal Tee ?<\/strong><br data-start=\"1247\" data-end=\"1250\">Le t\u00e9 \u00e9gal HDPE EF offre des performances et une s\u00e9curit\u00e9 \u00e9lev\u00e9es, en particulier dans les espaces restreints et les syst\u00e8mes de tuyauterie complexes. Il offre la solution id\u00e9ale en fonction des besoins de votre projet et r\u00e9duit les co\u00fbts de maintenance du syst\u00e8me.   <\/p>\n<p data-start=\"1451\" data-end=\"1475\"><strong data-start=\"1451\" data-end=\"1473\">Domaines d&#8217;application :<\/strong><\/p>\n<ul data-start=\"1476\" data-end=\"1652\">\n<li data-start=\"1476\" data-end=\"1508\">\n<p data-start=\"1478\" data-end=\"1508\">Conduites d&#8217;eau potable et d&#8217;eaux us\u00e9es<\/p>\n<\/li>\n<li data-start=\"1509\" data-end=\"1540\">\n<p data-start=\"1511\" data-end=\"1540\">Syst\u00e8mes de distribution de gaz naturel<\/p>\n<\/li>\n<li data-start=\"1541\" data-end=\"1571\">\n<p data-start=\"1543\" data-end=\"1571\">Syst\u00e8mes d&#8217;irrigation agricole<\/p>\n<\/li>\n<li data-start=\"1572\" data-end=\"1612\">\n<p data-start=\"1574\" data-end=\"1612\">Applications industrielles de transport de liquides<\/p>\n<\/li>\n<li data-start=\"1613\" data-end=\"1652\">\n<p data-start=\"1615\" data-end=\"1652\">Projets d&#8217;infrastructure et r\u00e9seaux urbains<\/p>\n<\/li>\n<\/ul>\n<div id=\"footable_parent_16394\"\n         class=\" footable_parent ninja_table_wrapper loading_ninja_table wp_table_data_press_parent semantic_ui \">\n                <table data-ninja_table_instance=\"ninja_table_instance_0\" data-footable_id=\"16394\" data-filter-delay=\"1000\" aria-label=\"EF-TE\"            id=\"footable_16394\"\n           data-unique_identifier=\"ninja_table_unique_id_1811959743_16394\"\n           class=\" foo-table ninja_footable foo_table_16394 ninja_table_unique_id_1811959743_16394 ui table  nt_type_legacy_table celled striped compact vertical_centered  footable-paging-right ninja_table_search_disabled ninja_table_pro\">\n                <colgroup>\n                            <col class=\"ninja_column_0 \">\n                            <col class=\"ninja_column_1 \">\n                            <col class=\"ninja_column_2 \">\n                            <col class=\"ninja_column_3 \">\n                            <col class=\"ninja_column_4 \">\n                            <col class=\"ninja_column_5 \">\n                            <col class=\"ninja_column_6 \">\n                            <col class=\"ninja_column_7 \">\n                            <col class=\"ninja_column_8 \">\n                            <col class=\"ninja_column_9 \">\n                    <\/colgroup>\n        <thead>\n<tr class=\"footable-header\">\n                                                                                                                                                                        <th scope=\"col\"  class=\"ninja_column_0 ninja_clmn_nm_S\u0131ra \">S\u0131ra<\/th><th scope=\"col\"  class=\"ninja_column_1 ninja_clmn_nm_\u00dcr\u00fcn Kodu \">\u00dcr\u00fcn Kodu<\/th><th scope=\"col\"  class=\"ninja_column_2 ninja_clmn_nm_\u00dcr\u00fcn Ad\u0131 \">\u00dcr\u00fcn Ad\u0131<\/th><th scope=\"col\"  class=\"ninja_column_3 ninja_clmn_nm_D (mm) \">D (mm)<\/th><th scope=\"col\"  class=\"ninja_column_4 ninja_clmn_nm_d (mm) \">d (mm)<\/th><th scope=\"col\"  class=\"ninja_column_5 ninja_clmn_nm_L1 (mm) \">L1 (mm)<\/th><th scope=\"col\"  class=\"ninja_column_6 ninja_clmn_nm_L2 (mm) \">L2 (mm)<\/th><th scope=\"col\"  class=\"ninja_column_7 ninja_clmn_nm_L (mm) \">L (mm)<\/th><th scope=\"col\"  class=\"ninja_column_8 ninja_clmn_nm_Z (mm) \">Z (mm)<\/th><th scope=\"col\"  class=\"ninja_column_9 ninja_clmn_nm_A\u011f\u0131rl\u0131k (kg) \">A\u011f\u0131rl\u0131k (kg)<\/th><\/tr>\n<\/thead>\n<tbody>\n\n        <tr data-row_id=\"4436\" class=\"ninja_table_row_0 nt_row_id_4436\">\n            <td>SEQ<\/td><td>Product Code<\/td><td>Product Name<\/td><td>D (mm)<\/td><td>d (mm)<\/td><td>L1 (mm)<\/td><td>L2 (mm)<\/td><td>L (mm)<\/td><td>Z (mm)<\/td><td>Weight (kg)<\/td>        <\/tr>\n            <tr data-row_id=\"4437\" class=\"ninja_table_row_1 nt_row_id_4437\">\n            <td>1<\/td><td>973338100025<\/td><td>25 EF E\u015fit TE<\/td><td>32<\/td><td>25<\/td><td>39.3<\/td><td>36.2<\/td><td>53<\/td><td>96<\/td><td>0.064<\/td>        <\/tr>\n            <tr data-row_id=\"4438\" class=\"ninja_table_row_2 nt_row_id_4438\">\n            <td>2<\/td><td>973338100032<\/td><td>32 EF E\u015fit TE<\/td><td>41<\/td><td>32<\/td><td>38.9<\/td><td>45.5<\/td><td>68<\/td><td>102.7<\/td><td>0.096<\/td>        <\/tr>\n            <tr data-row_id=\"4439\" class=\"ninja_table_row_3 nt_row_id_4439\">\n            <td>3<\/td><td>973338100063<\/td><td>63 EF e\u015fit TE<\/td><td>81.4<\/td><td>63<\/td><td>47.2<\/td><td>44<\/td><td>83.5<\/td><td>171.1<\/td><td>0.378<\/td>        <\/tr>\n            <tr data-row_id=\"4440\" class=\"ninja_table_row_4 nt_row_id_4440\">\n            <td>4<\/td><td>973338100075<\/td><td>75 EF E\u015fit TE<\/td><td>98.7<\/td><td>75<\/td><td>53.5<\/td><td>70.7<\/td><td>120<\/td><td>207.5<\/td><td>0.98<\/td>        <\/tr>\n            <tr data-row_id=\"4441\" class=\"ninja_table_row_5 nt_row_id_4441\">\n            <td>5<\/td><td>973338100090<\/td><td>90 EF e\u015fit TE<\/td><td>109<\/td><td>90<\/td><td>65.5<\/td><td>62.1<\/td><td>116<\/td><td>233.8<\/td><td>0.82<\/td>        <\/tr>\n            <tr data-row_id=\"4442\" class=\"ninja_table_row_6 nt_row_id_4442\">\n            <td>6<\/td><td>973338100110<\/td><td>110 EF E\u015fit TE<\/td><td>136.2<\/td><td>110<\/td><td>78.1<\/td><td>77<\/td><td>148.5<\/td><td>294.2<\/td><td>1.61<\/td>        <\/tr>\n            <tr data-row_id=\"4443\" class=\"ninja_table_row_7 nt_row_id_4443\">\n            <td>7<\/td><td>973338100160<\/td><td>160 EF E\u015fit TE<\/td><td>193.5<\/td><td>160<\/td><td>109.5<\/td><td>107.4<\/td><td>206<\/td><td>422<\/td><td>4.38<\/td>        <\/tr>\n            <tr data-row_id=\"4444\" class=\"ninja_table_row_8 nt_row_id_4444\">\n            <td>8<\/td><td>973338100180<\/td><td>180 EF E\u015fit TE<\/td><td>227<\/td><td>180<\/td><td>92.4<\/td><td>115<\/td><td>245<\/td><td>532<\/td><td>9.35<\/td>        <\/tr>\n            <tr data-row_id=\"4445\" class=\"ninja_table_row_9 nt_row_id_4445\">\n            <td>9<\/td><td>973338100200<\/td><td>200 EF E\u015fit TE<\/td><td>254.2<\/td><td>200<\/td><td>112<\/td><td>108.4<\/td><td>248<\/td><td>579<\/td><td>12.45<\/td>        <\/tr>\n    <\/tbody><!--ninja_tobody_rendering_done-->\n    <\/table>\n    \n    \n    \n<\/div>\n\n","protected":false},"excerpt":{"rendered":"<p>Le t\u00e9 \u00e9gal EF est un raccord d&#8217;\u00e9lectrofusion en poly\u00e9thyl\u00e8ne haute densit\u00e9 (PEHD) r\u00e9pondant \u00e0 la norme de qualit\u00e9 PE100. Il est con\u00e7u de mani\u00e8re \u00e0 ce que les trois points de connexion aient le m\u00eame diam\u00e8tre. Il est utilis\u00e9 dans les canalisations en PEHD pour cr\u00e9er des connexions \u00e0 angle droit entre des tuyaux de m\u00eame diam\u00e8tre et pour cr\u00e9er de nouvelles lignes. Il s&#8217;assemble facilement et en toute s\u00e9curit\u00e9 par la m\u00e9thode de soudage par \u00e9lectrofusion.     <\/p>\n","protected":false},"featured_media":11904,"template":"","meta":{"pgc_sgb_lightbox_settings":""},"product_brand":[152],"product_cat":[43],"product_tag":[155,156,163,158,161,160,162,166,157,164,165,159],"class_list":{"0":"post-11903","1":"product","2":"type-product","3":"status-publish","4":"has-post-thumbnail","6":"product_brand-yildiz-polietilen","7":"product_cat-hdpe-elektrofuzyon","8":"product_tag-ef-esit-te","9":"product_tag-ef-te","10":"product_tag-elektrofuzyon-kaynak","11":"product_tag-elektrofuzyon-te-ek-parcasi","12":"product_tag-esit-tee-fitting","13":"product_tag-hdpe-boru-baglanti-parcalari","14":"product_tag-hdpe-boru-sistemleri","15":"product_tag-hdpe-bransman-baglanti","16":"product_tag-hdpe-ef-esit-tee","17":"product_tag-hdpe-te-fitting","18":"product_tag-pe100-esit-tee","19":"product_tag-pe100-tee-baglanti","21":"first","22":"instock","23":"shipping-taxable","24":"product-type-simple"},"_links":{"self":[{"href":"https:\/\/www.yildizpolietilen.com\/fr\/wp-json\/wp\/v2\/product\/11903","targetHints":{"allow":["GET"]}}],"collection":[{"href":"https:\/\/www.yildizpolietilen.com\/fr\/wp-json\/wp\/v2\/product"}],"about":[{"href":"https:\/\/www.yildizpolietilen.com\/fr\/wp-json\/wp\/v2\/types\/product"}],"wp:featuredmedia":[{"embeddable":true,"href":"https:\/\/www.yildizpolietilen.com\/fr\/wp-json\/wp\/v2\/media\/11904"}],"wp:attachment":[{"href":"https:\/\/www.yildizpolietilen.com\/fr\/wp-json\/wp\/v2\/media?parent=11903"}],"wp:term":[{"taxonomy":"product_brand","embeddable":true,"href":"https:\/\/www.yildizpolietilen.com\/fr\/wp-json\/wp\/v2\/product_brand?post=11903"},{"taxonomy":"product_cat","embeddable":true,"href":"https:\/\/www.yildizpolietilen.com\/fr\/wp-json\/wp\/v2\/product_cat?post=11903"},{"taxonomy":"product_tag","embeddable":true,"href":"https:\/\/www.yildizpolietilen.com\/fr\/wp-json\/wp\/v2\/product_tag?post=11903"}],"curies":[{"name":"wp","href":"https:\/\/api.w.org\/{rel}","templated":true}]}}