{"id":11899,"date":"2024-09-28T13:33:37","date_gmt":"2024-09-28T10:33:37","guid":{"rendered":"https:\/\/yildizpolietilen.com\/urun\/ef-dirsek-45-2\/"},"modified":"2025-06-24T15:07:23","modified_gmt":"2025-06-24T12:07:23","slug":"ef-dirsek-45-2","status":"publish","type":"product","link":"https:\/\/www.yildizpolietilen.com\/fr\/urun\/ef-dirsek-45-2\/","title":{"rendered":"EF ELBOW \u00b045"},"content":{"rendered":"<p data-start=\"117\" data-end=\"169\"><strong data-start=\"117\" data-end=\"169\">Coude HDPE EF &#8211; Raccord coud\u00e9 \u00e0 \u00e9lectrofusion<\/strong><\/p>\n<p data-start=\"738\" data-end=\"762\"><strong data-start=\"738\" data-end=\"760\">Domaines d&#8217;utilisation :<\/strong><\/p>\n<ul data-start=\"763\" data-end=\"951\">\n<li data-start=\"763\" data-end=\"790\">\n<p data-start=\"765\" data-end=\"790\">R\u00e9seaux d&#8217;eau potable<\/p>\n<\/li>\n<li data-start=\"791\" data-end=\"825\">\n<p data-start=\"793\" data-end=\"825\">Dans les syst\u00e8mes de distribution de gaz naturel<\/p>\n<\/li>\n<li data-start=\"826\" data-end=\"864\">\n<p data-start=\"828\" data-end=\"864\">Conduites d&#8217;eau et d&#8217;\u00e9gouts<\/p>\n<\/li>\n<li data-start=\"865\" data-end=\"898\">\n<p data-start=\"867\" data-end=\"898\">Syst\u00e8mes d&#8217;irrigation agricole<\/p>\n<\/li>\n<li data-start=\"899\" data-end=\"951\">\n<p data-start=\"901\" data-end=\"951\">Applications industrielles de transport de liquides et d&#8217;infrastructures<\/p>\n<\/li>\n<\/ul>\n<p data-start=\"953\" data-end=\"971\"><strong data-start=\"953\" data-end=\"969\">Avantages :<\/strong><\/p>\n<ul data-start=\"972\" data-end=\"1226\">\n<li data-start=\"972\" data-end=\"1013\">\n<p data-start=\"974\" data-end=\"1013\">Possibilit\u00e9 de changer de direction sous diff\u00e9rents angles<\/p>\n<\/li>\n<li data-start=\"1014\" data-end=\"1076\">\n<p data-start=\"1016\" data-end=\"1076\">Assemblage robuste et durable par \u00e9lectrofusion<\/p>\n<\/li>\n<li data-start=\"1077\" data-end=\"1126\">\n<p data-start=\"1079\" data-end=\"1126\">Haute r\u00e9sistance \u00e0 la corrosion et aux produits chimiques<\/p>\n<\/li>\n<li data-start=\"1127\" data-end=\"1167\">\n<p data-start=\"1129\" data-end=\"1167\">Assemblage facile, faible co\u00fbt de main d&#8217;\u0153uvre<\/p>\n<\/li>\n<li data-start=\"1168\" data-end=\"1201\">\n<p data-start=\"1170\" data-end=\"1201\">Construction r\u00e9sistante \u00e0 la haute pression<\/p>\n<\/li>\n<li data-start=\"1202\" data-end=\"1226\">\n<p data-start=\"1204\" data-end=\"1226\">Garantie d&#8217;\u00e9tanch\u00e9it\u00e9<\/p>\n<\/li>\n<\/ul>\n<p data-start=\"1228\" data-end=\"1548\"><strong data-start=\"1228\" data-end=\"1266\">Pourquoi utiliser le coude HDPE EF ?<\/strong><br data-start=\"1266\" data-end=\"1269\">Lorsqu&#8217;il est n\u00e9cessaire de modifier la direction de la canalisation dans le cadre d&#8217;un projet, le coude HDPE EF est une solution id\u00e9ale gr\u00e2ce \u00e0 son utilisation pratique et \u00e0 sa grande r\u00e9sistance. Il s&#8217;agit d&#8217;un raccord indispensable pour effectuer des changements de direction sans compromettre l&#8217;int\u00e9grit\u00e9 du syst\u00e8me, en particulier sur des terrains et dans des conditions de sol difficiles.   <\/p>\n<p data-start=\"1550\" data-end=\"1577\"><strong data-start=\"1550\" data-end=\"1575\">Sc\u00e9narios de mise en \u0153uvre :<\/strong><\/p>\n<ul data-start=\"1578\" data-end=\"1778\">\n<li data-start=\"1578\" data-end=\"1625\">\n<p data-start=\"1580\" data-end=\"1625\">R\u00e9seau de distribution d&#8217;eau potable de la ville<\/p>\n<\/li>\n<li data-start=\"1626\" data-end=\"1666\">\n<p data-start=\"1628\" data-end=\"1666\">Tourner en toute s\u00e9curit\u00e9 sur les conduites de gaz naturel<\/p>\n<\/li>\n<li data-start=\"1667\" data-end=\"1724\">\n<p data-start=\"1669\" data-end=\"1724\">N\u00e9cessit\u00e9 de raccords coud\u00e9s dans les lignes de process industrielles<\/p>\n<\/li>\n<li data-start=\"1725\" data-end=\"1778\">\n<p data-start=\"1727\" data-end=\"1778\">Acheminement des lignes d&#8217;irrigation dans les zones agricoles<\/p>\n<\/li>\n<\/ul>\n<div id=\"footable_parent_16388\"\n         class=\" footable_parent ninja_table_wrapper loading_ninja_table wp_table_data_press_parent semantic_ui \">\n                <table data-ninja_table_instance=\"ninja_table_instance_0\" data-footable_id=\"16388\" data-filter-delay=\"1000\" aria-label=\"EF-Dirsek-\u00b045\"            id=\"footable_16388\"\n           data-unique_identifier=\"ninja_table_unique_id_737437228_16388\"\n           class=\" foo-table ninja_footable foo_table_16388 ninja_table_unique_id_737437228_16388 ui table  nt_type_legacy_table celled striped compact vertical_centered  footable-paging-right ninja_table_search_disabled ninja_table_pro\">\n                <colgroup>\n                            <col class=\"ninja_column_0 \">\n                            <col class=\"ninja_column_1 \">\n                            <col class=\"ninja_column_2 \">\n                            <col class=\"ninja_column_3 \">\n                            <col class=\"ninja_column_4 \">\n                            <col class=\"ninja_column_5 \">\n                            <col class=\"ninja_column_6 \">\n                            <col class=\"ninja_column_7 \">\n                    <\/colgroup>\n        <thead>\n<tr class=\"footable-header\">\n                                                                                                                                        <th scope=\"col\"  class=\"ninja_column_0 ninja_clmn_nm_S\u0131ra \">S\u0131ra<\/th><th scope=\"col\"  class=\"ninja_column_1 ninja_clmn_nm_\u00dcr\u00fcn Kodu \">\u00dcr\u00fcn Kodu<\/th><th scope=\"col\"  class=\"ninja_column_2 ninja_clmn_nm_\u00dcr\u00fcn Ad\u0131 \">\u00dcr\u00fcn Ad\u0131<\/th><th scope=\"col\"  class=\"ninja_column_3 ninja_clmn_nm_D (mm) \">D (mm)<\/th><th scope=\"col\"  class=\"ninja_column_4 ninja_clmn_nm_d (mm) \">d (mm)<\/th><th scope=\"col\"  class=\"ninja_column_5 ninja_clmn_nm_le (mm) \">le (mm)<\/th><th scope=\"col\"  class=\"ninja_column_6 ninja_clmn_nm_Z (mm) \">Z (mm)<\/th><th scope=\"col\"  class=\"ninja_column_7 ninja_clmn_nm_A\u011f\u0131rl\u0131k (Kg) \">A\u011f\u0131rl\u0131k (Kg)<\/th><\/tr>\n<\/thead>\n<tbody>\n\n        <tr data-row_id=\"4424\" class=\"ninja_table_row_0 nt_row_id_4424\">\n            <td>SEQ<\/td><td>Product Code<\/td><td>Product Name<\/td><td>D (mm)<\/td><td>d (mm)<\/td><td>le (mm)<\/td><td>Z (mm)<\/td><td>Weight (kg )<\/td>        <\/tr>\n            <tr data-row_id=\"4425\" class=\"ninja_table_row_1 nt_row_id_4425\">\n            <td>1<\/td><td>973335104590<\/td><td>90\/45 EF Dirsek<\/td><td>108<\/td><td>90<\/td><td>67.7<\/td><td>142<\/td><td>0.48<\/td>        <\/tr>\n            <tr data-row_id=\"4426\" class=\"ninja_table_row_2 nt_row_id_4426\">\n            <td>2<\/td><td>973335145110<\/td><td>110\/45 EF Dirsek<\/td><td>134.5<\/td><td>110<\/td><td>83<\/td><td>175.5<\/td><td>0.94<\/td>        <\/tr>\n            <tr data-row_id=\"4427\" class=\"ninja_table_row_3 nt_row_id_4427\">\n            <td>3<\/td><td>973335145160<\/td><td>160\/45 Ef Dirsek<\/td><td>190<\/td><td>160<\/td><td>119.2<\/td><td>270<\/td><td>2.33<\/td>        <\/tr>\n            <tr data-row_id=\"4428\" class=\"ninja_table_row_4 nt_row_id_4428\">\n            <td>4<\/td><td>973335145200<\/td><td>200\/45 Ef Dirsek<\/td><td>251.3<\/td><td>200<\/td><td>155<\/td><td>338<\/td><td>7.4<\/td>        <\/tr>\n    <\/tbody><!--ninja_tobody_rendering_done-->\n    <\/table>\n    \n    \n    \n<\/div>\n\n","protected":false},"excerpt":{"rendered":"<p>Le coude HDPE EF est un \u00e9l\u00e9ment de jonction par \u00e9lectrofusion fabriqu\u00e9 en poly\u00e9thyl\u00e8ne haute densit\u00e9 (PE100) et sp\u00e9cialement con\u00e7u pour les changements de direction dans les canalisations. Ces coudes, qui sont produits dans des angles standard tels que 30\u00b0, 45\u00b0, 60\u00b0 et 90\u00b0 dans les syst\u00e8mes de tuyauterie HDPE, peuvent \u00e9galement \u00eatre fournis avec diff\u00e9rents angles sp\u00e9cifiques au projet. Ces pi\u00e8ces sont assembl\u00e9es par la m\u00e9thode de soudage par \u00e9lectrofusion et, gr\u00e2ce aux fils chauffants int\u00e9gr\u00e9s, elles forment une connexion parfaite, \u00e9tanche et durable avec le tuyau PEHD au moyen d&#8217;une machine \u00e0 souder par \u00e9lectrofusion.    <\/p>\n","protected":false},"featured_media":11900,"template":"","meta":{"pgc_sgb_lightbox_settings":""},"product_brand":[152],"product_cat":[43],"product_tag":[172,174,168,171,170,167,175,169,173],"class_list":{"0":"post-11899","1":"product","2":"type-product","3":"status-publish","4":"has-post-thumbnail","6":"product_brand-yildiz-polietilen","7":"product_cat-hdpe-elektrofuzyon","8":"product_tag-90-derece-hdpe-dirsek","9":"product_tag-dogalgaz-boru-dirsegi","10":"product_tag-elektrofuzyon-dirsek","11":"product_tag-elektrofuzyon-kaynak-dirsek","12":"product_tag-hdpe-boru-donus-baglantisi","13":"product_tag-hdpe-ef-dirsek","14":"product_tag-hdpe-elektrofuzyon-fitting","15":"product_tag-pe100-dirsek-ek-parcasi","16":"product_tag-su-borusu-dirsek-baglanti","18":"first","19":"instock","20":"shipping-taxable","21":"product-type-simple"},"_links":{"self":[{"href":"https:\/\/www.yildizpolietilen.com\/fr\/wp-json\/wp\/v2\/product\/11899","targetHints":{"allow":["GET"]}}],"collection":[{"href":"https:\/\/www.yildizpolietilen.com\/fr\/wp-json\/wp\/v2\/product"}],"about":[{"href":"https:\/\/www.yildizpolietilen.com\/fr\/wp-json\/wp\/v2\/types\/product"}],"wp:featuredmedia":[{"embeddable":true,"href":"https:\/\/www.yildizpolietilen.com\/fr\/wp-json\/wp\/v2\/media\/11900"}],"wp:attachment":[{"href":"https:\/\/www.yildizpolietilen.com\/fr\/wp-json\/wp\/v2\/media?parent=11899"}],"wp:term":[{"taxonomy":"product_brand","embeddable":true,"href":"https:\/\/www.yildizpolietilen.com\/fr\/wp-json\/wp\/v2\/product_brand?post=11899"},{"taxonomy":"product_cat","embeddable":true,"href":"https:\/\/www.yildizpolietilen.com\/fr\/wp-json\/wp\/v2\/product_cat?post=11899"},{"taxonomy":"product_tag","embeddable":true,"href":"https:\/\/www.yildizpolietilen.com\/fr\/wp-json\/wp\/v2\/product_tag?post=11899"}],"curies":[{"name":"wp","href":"https:\/\/api.w.org\/{rel}","templated":true}]}}