{"id":9834,"date":"2024-10-23T21:43:57","date_gmt":"2024-10-23T18:43:57","guid":{"rendered":"https:\/\/yildizpolietilen.com\/politique-en-matiere-de-protection-de-la-vie-privee-et-de-cookies\/"},"modified":"2025-06-24T15:09:17","modified_gmt":"2025-06-24T12:09:17","slug":"politique-en-matiere-de-protection-de-la-vie-privee-et-de-cookies","status":"publish","type":"page","link":"https:\/\/www.yildizpolietilen.com\/fr\/politique-en-matiere-de-protection-de-la-vie-privee-et-de-cookies\/","title":{"rendered":"Politique en mati\u00e8re de protection de la vie priv\u00e9e et de cookies"},"content":{"rendered":"\t\t<div data-elementor-type=\"wp-page\" data-elementor-id=\"9834\" class=\"elementor elementor-9834 elementor-9835\" data-elementor-post-type=\"page\">\n\t\t\t\t\t\t<section class=\"elementor-section elementor-top-section elementor-element elementor-element-747687e0 elementor-section-full_width elementor-section-height-default elementor-section-height-default\" data-id=\"747687e0\" data-element_type=\"section\">\n\t\t\t\t\t\t<div class=\"elementor-container elementor-column-gap-no\">\n\t\t\t\t\t<div class=\"elementor-column elementor-col-100 elementor-top-column elementor-element elementor-element-68126d42\" data-id=\"68126d42\" data-element_type=\"column\">\n\t\t\t<div class=\"elementor-widget-wrap elementor-element-populated\">\n\t\t\t\t\r\n\t\t<div class=\"elementor-element elementor-element-4bd746c elementor-widget elementor-widget-drillerbanner\" data-id=\"4bd746c\" data-element_type=\"widget\" data-widget_type=\"drillerbanner.default\">\n\t\t\t\t<div class=\"elementor-widget-container\">\n\t\t\t\t\t<div class=\"th-hero-wrapper hero-7\" id=\"hero\"><div class=\"hero-slider-7 th-carousel\" data-fade=\"true\" data-slide-show=\"1\" data-md-slide-show=\"1\"><div class=\"th-hero-slide\"><div class=\"th-hero-bg\" data-bg-src=\"https:\/\/sysoly.xyz\/tema4\/wp-content\/uploads\/2024\/08\/12.png\"><\/div><div class=\"big-text\" data-ani=\"slideindown\" data-ani-delay=\"0.2s\">Y\u0131ld\u0131z<\/div><div class=\"container z-index-common\"><div class=\"hero-style7\"><div class=\"hero-meta\" data-ani=\"slideindown\" data-ani-delay=\"0.2s\"><span>Y\u0131ld\u0131z Polietilen<\/span><\/div><h1 class=\"hero-title\" data-ani=\"slideindown\" data-ani-delay=\"0.3s\">Privacy and Cookie<\/h1><h1 class=\"hero-title\" data-ani=\"slideindown\" data-ani-delay=\"0.5s\">Policy<\/h1><div class=\"btn-group\" data-ani=\"slideindown\" data-ani-delay=\"0.6s\"><\/div><\/div><\/div><\/div><\/div><div class=\"icon-box\"><button data-slick-prev=\".hero-slider-7\" class=\"icon-btn\"><i class=\"far fa-long-arrow-left\"><\/i><\/button><button data-slick-next=\".hero-slider-7\" class=\"icon-btn\"><i class=\"far fa-long-arrow-right\"><\/i><\/button><\/div><\/div>\t\t\t\t<\/div>\n\t\t\t\t<\/div>\n\t\t\t\t\t<\/div>\n\t\t<\/div>\n\t\t\t\t\t<\/div>\n\t\t<\/section>\n\t\t\t\t<section class=\"elementor-section elementor-top-section elementor-element elementor-element-594486df elementor-section-full_width elementor-section-height-default elementor-section-height-default\" data-id=\"594486df\" data-element_type=\"section\">\n\t\t\t\t\t\t<div class=\"elementor-container elementor-column-gap-no\">\n\t\t\t\t\t<div class=\"elementor-column elementor-col-100 elementor-top-column elementor-element elementor-element-7fe40e08\" data-id=\"7fe40e08\" data-element_type=\"column\">\n\t\t\t<div class=\"elementor-widget-wrap elementor-element-populated\">\n\t\t\t\t\t\t\t<\/div>\n\t\t<\/div>\n\t\t\t\t\t<\/div>\n\t\t<\/section>\n\t\t\t\t<section class=\"elementor-section elementor-top-section elementor-element elementor-element-32c68510 elementor-section-boxed elementor-section-height-default elementor-section-height-default\" data-id=\"32c68510\" data-element_type=\"section\" data-settings=\"{&quot;background_background&quot;:&quot;classic&quot;}\">\n\t\t\t\t\t\t<div class=\"elementor-container elementor-column-gap-no\">\n\t\t\t\t\t<div class=\"elementor-column elementor-col-100 elementor-top-column elementor-element elementor-element-7c20f316\" data-id=\"7c20f316\" data-element_type=\"column\">\n\t\t\t<div class=\"elementor-widget-wrap elementor-element-populated\">\n\t\t\t\t\t\t<div class=\"elementor-element elementor-element-24b0d00 elementor-widget elementor-widget-text-editor\" data-id=\"24b0d00\" data-element_type=\"widget\" data-widget_type=\"text-editor.default\">\n\t\t\t\t<div class=\"elementor-widget-container\">\n\t\t\t\t\t\t\t\t\t<div id=\"information-information\" class=\"container\"><div class=\"row\"><div id=\"content\" class=\"col-sm-12\"><p>Les principes que Y\u0131ld\u0131z Poliethylene Ltd. \u015eti suit lors de la collecte et de l&#8217;utilisation des donn\u00e9es personnelles obtenues par le biais du site web (\u00ab site web \u00bb) \u00e0 la demande des utilisateurs sont r\u00e9glement\u00e9s dans la pr\u00e9sente politique de confidentialit\u00e9. <\/p><p>Donn\u00e9es personnelles susceptibles d&#8217;\u00eatre collect\u00e9es<\/p><p>Y\u0131ld\u0131z Poliethylene Ltd. \u015eti peut collecter sur le site Web ; &#8211; Informations sur l&#8217;identit\u00e9 <\/p><p>&#8211; Informations sur la s\u00e9curit\u00e9 des transactions<br>&#8211; Informations sur la propri\u00e9t\u00e9 intellectuelle<\/p><p>&#8211; Informations sur les transactions juridiques et la conformit\u00e9<br>&#8211; Coordonn\u00e9es<\/p><p>&#8211; Informations sur la gestion des demandes\/plaintes<br>&#8211; Informations sur les utilisateurs<br>&#8211; Informations sur la gestion des incidents<br>&#8211; Informations sur les transactions des utilisateurs<\/p><p>D&#8217;autres informations qui peuvent \u00eatre n\u00e9cessaires \u00e0 l&#8217;ex\u00e9cution des services sur le site Web et qui sont consid\u00e9r\u00e9es comme des donn\u00e9es personnelles conform\u00e9ment \u00e0 la loi sur la protection des donn\u00e9es personnelles et \u00e0 toute l\u00e9gislation pertinente. L&#8217;utilisateur peut collecter sur le site Web Y\u0131ld\u0131z Poliethylene Ltd. \u015eti. \u015eti. les donn\u00e9es qu&#8217;il peut partager avec la Soci\u00e9t\u00e9 sont explicitement consenties \u00e0 \u00eatre trait\u00e9es dans le cadre et aux fins sp\u00e9cifi\u00e9es dans la pr\u00e9sente politique de confidentialit\u00e9.<\/p><p>Conform\u00e9ment aux articles 3 et 7 de la loi sur la protection des donn\u00e9es \u00e0 caract\u00e8re personnel, les donn\u00e9es rendues anonymes de mani\u00e8re irr\u00e9versible ne sont pas consid\u00e9r\u00e9es comme des donn\u00e9es \u00e0 caract\u00e8re personnel conform\u00e9ment aux dispositions de ladite loi, et les activit\u00e9s de traitement li\u00e9es \u00e0 ces donn\u00e9es sont effectu\u00e9es sans \u00eatre li\u00e9es par les dispositions de la pr\u00e9sente politique de confidentialit\u00e9.<\/p><p>Utilisation de &#8220;cookies<\/p><p>Y\u0131ld\u0131z Poliethylene Ltd. \u015eti recueille automatiquement des donn\u00e9es telles que les sections visit\u00e9es et les zones cliqu\u00e9es lors de la navigation des utilisateurs sur le site Web. Ces donn\u00e9es obtenues \u00e0 l&#8217;aide de la technologie appel\u00e9e \u00ab Cookie \u00bb sont des informations statistiques. L&#8217;objectif de cette technologie est de rendre le contenu des sections visit\u00e9es par les utilisateurs plus accessible \u00e0 l&#8217;utilisateur d\u00e8s sa premi\u00e8re visite sur le site. La plupart des navigateurs sont con\u00e7us pour accepter ces \u00ab cookies \u00bb, qui sont principalement des fichiers de communication technique, mais l&#8217;utilisateur peut toujours modifier les param\u00e8tres de son navigateur afin que le fichier de communication technique n&#8217;arrive pas ou qu&#8217;un avertissement soit donn\u00e9 lors de l&#8217;envoi du fichier de communication technique.    <\/p><p>Y\u0131ld\u0131z Poliethylene Ltd. \u015eti a le droit d&#8217;associer le comportement des utilisateurs sur le site Web \u00e0 un \u00ab cookie \u00bb dans le navigateur dans le but de faire de la publicit\u00e9 comportementale et du marketing en ligne, et de d\u00e9finir des listes de remarketing bas\u00e9es sur des mesures telles que le nombre de pages consult\u00e9es, la dur\u00e9e des visites et le nombre d&#8217;objectifs atteints. L&#8217;utilisateur peut alors se voir pr\u00e9senter un contenu publicitaire cibl\u00e9 sur le site web ou d&#8217;autres sites du r\u00e9seau d&#8217;affichage publicitaire en fonction de ses int\u00e9r\u00eats.  <\/p><p>Objectif de l&#8217;utilisation des donn\u00e9es<\/p><p>Y\u0131ld\u0131z Poliethylene Ltd. \u015eti peut traiter les donn\u00e9es personnelles collect\u00e9es pour permettre \u00e0 l&#8217;utilisateur de b\u00e9n\u00e9ficier du site Web, de s&#8217;inscrire pour devenir membre du site Web s&#8217;il y a une adh\u00e9sion, d&#8217;am\u00e9liorer les services offerts, de d\u00e9velopper le service, d&#8217;introduire et d&#8217;informer sur de nouveaux services, de fournir \u00e0 l&#8217;utilisateur les informations n\u00e9cessaires dans ce cadre, de contacter l&#8217;utilisateur et de remplir les obligations d\u00e9coulant de la nature des services offerts. <\/p><p>Ces donn\u00e9es personnelles peuvent \u00eatre trait\u00e9es dans le cadre des activit\u00e9s de Y\u0131ld\u0131z Poliethylene Ltd. \u015eti, et peuvent \u00e9galement \u00eatre utilis\u00e9es pour effectuer diverses \u00e9valuations statistiques, cr\u00e9er une base de donn\u00e9es et mener des \u00e9tudes de march\u00e9 sans divulguer l&#8217;identit\u00e9 de l&#8217;utilisateur. Si l&#8217;utilisateur donne \u00e9galement son consentement, les informations en question peuvent \u00eatre trait\u00e9es, stock\u00e9es et transmises \u00e0 des tiers \u00e0 des fins de marketing direct par Y\u0131ld\u0131z Poliethylene Ltd. \u015eti et ses collaborateurs, et l&#8217;utilisateur peut \u00eatre contact\u00e9 dans le but de pr\u00e9senter diverses applications, produits et services, et de fournir des notifications concernant les activit\u00e9s de maintenance et d&#8217;assistance.   <\/p><p>Y\u0131ld\u0131z Poliethylene Ltd. \u015eti peut \u00e9galement traiter des donn\u00e9es personnelles et les partager avec des tiers sans obtenir le consentement de l&#8217;utilisateur conform\u00e9ment aux articles 5 et 8 de la loi sur la protection des donn\u00e9es personnelles et\/ou en pr\u00e9sence d&#8217;exceptions dans la l\u00e9gislation pertinente. Les principaux cas sont \u00e9num\u00e9r\u00e9s ci-dessous :  <\/p><p>Les lois le pr\u00e9voient clairement,<\/p><p>Il est obligatoire de prot\u00e9ger la vie ou l&#8217;int\u00e9grit\u00e9 physique de la personne qui n&#8217;est pas en mesure de donner son consentement en raison d&#8217;une impossibilit\u00e9 de fait ou dont le consentement n&#8217;est pas juridiquement valable, ou d&#8217;une autre personne, il est n\u00e9cessaire de traiter les donn\u00e9es \u00e0 caract\u00e8re personnel, \u00e0 condition qu&#8217;elles soient directement li\u00e9es \u00e0 l \u00ab \u00e9tablissement ou \u00e0 l&#8217;ex\u00e9cution de tout contrat entre l&#8217;utilisateur et Y\u0131ld\u0131z Poliethylene Ltd. \u015eti, qu&#8217;elles soient obligatoires pour l&#8217;ex\u00e9cution d&#8217;obligations l\u00e9gales, qu&#8217;elles soient rendues publiques par l&#8217;utilisateur lui-m\u00eame, qu&#8217;elles soient obligatoires pour l \u00bb \u00e9tablissement, l&#8217;exercice ou la protection d&#8217;un droit, qu&#8217;elles soient obligatoires pour les int\u00e9r\u00eats l\u00e9gitimes de Y\u0131ld\u0131z Poliethylene Ltd. \u015eti, \u00e0 condition qu&#8217;elle ne porte pas atteinte aux droits et libert\u00e9s fondamentaux de l&#8217;utilisateur.  <\/p><p>Partage des donn\u00e9es<\/p><p>Y\u0131ld\u0131z Poliethylene Ltd. \u015eti peut transf\u00e9rer les donn\u00e9es personnelles des utilisateurs et les nouvelles donn\u00e9es obtenues en utilisant ces donn\u00e9es personnelles \u00e0 des tiers dont elle b\u00e9n\u00e9ficie dans le but d&#8217;ex\u00e9cuter les services offerts \u00e0 l&#8217;utilisateur dans le cadre du site Web, limit\u00e9 \u00e0 la fourniture desdits services. Dans ce contexte, Y\u0131ld\u0131z Poliethylene Ltd. Ltd. \u015eti peut partager les donn\u00e9es de l&#8217;utilisateur avec des tiers tels que des fournisseurs de services d&#8217;externalisation, des fournisseurs de services d&#8217;h\u00e9bergement (services d'&#8221;h\u00e9bergement&#8221;), des cabinets d&#8217;avocats, des soci\u00e9t\u00e9s de recherche, des centres d&#8217;appels, etc. dans le but d&#8217;am\u00e9liorer l&#8217;exp\u00e9rience de l&#8217;utilisateur (y compris l&#8217;am\u00e9lioration et la personnalisation), d&#8217;assurer la s\u00e9curit\u00e9 de l&#8217;utilisateur, de d\u00e9tecter l&#8217;utilisation frauduleuse ou non autoris\u00e9e, de mener des recherches d&#8217;\u00e9valuation op\u00e9rationnelle, d&#8217;\u00e9liminer les erreurs li\u00e9es au site Web ou au site Web de Y\u0131ld\u0131z Poliethylene Ltd. \u015eti, et la r\u00e9alisation de tout objectif \u00e9nonc\u00e9 dans la pr\u00e9sente politique de confidentialit\u00e9 ou dans d&#8217;autres textes sur la confidentialit\u00e9 fournis \u00e0 l&#8217;utilisateur.     <\/p><p>L&#8217;utilisateur accepte que, dans la limite des finalit\u00e9s pr\u00e9cis\u00e9es ci-dessus, les tiers susmentionn\u00e9s puissent stocker les donn\u00e9es personnelles de l&#8217;utilisateur sur leurs serveurs situ\u00e9s n&#8217;importe o\u00f9 dans le monde, et qu&#8217;il y consente \u00e0 l&#8217;avance.<\/p><p>Droit d&#8217;acc\u00e8s de l&#8217;utilisateur aux donn\u00e9es et demandes de correction<\/p><p>L&#8217;utilisateur, Y\u0131ld\u0131z Poliethylene Ltd. En s&#8217;adressant \u00e0 \u015eti, l&#8217;utilisateur a le droit de :<\/p><p>&#8211; Sachez si des donn\u00e9es \u00e0 caract\u00e8re personnel sont trait\u00e9es,<br>&#8211; Demandez des informations si des donn\u00e9es personnelles ont \u00e9t\u00e9 trait\u00e9es,<br>&#8211; Renseignez-vous sur la finalit\u00e9 du traitement des donn\u00e9es \u00e0 caract\u00e8re personnel et v\u00e9rifiez si elles sont utilis\u00e9es conform\u00e9ment \u00e0 cette finalit\u00e9,<br>&#8211; Conna\u00eetre les tiers auxquels les donn\u00e9es \u00e0 caract\u00e8re personnel sont transf\u00e9r\u00e9es au niveau national ou international,<br>&#8211; Demander la rectification des donn\u00e9es personnelles si elles sont trait\u00e9es de mani\u00e8re incompl\u00e8te ou incorrecte,<br>&#8211; Demander l&#8217;effacement ou la destruction des donn\u00e9es personnelles dans le cadre des conditions pr\u00e9vues par la l\u00e9gislation pertinente,<br>&#8211; Demander la notification aux tiers auxquels les donn\u00e9es personnelles sont transf\u00e9r\u00e9es des processus de correction, d&#8217;effacement et de destruction effectu\u00e9s conform\u00e9ment \u00e0 la l\u00e9gislation pertinente,<br>&#8211; S&#8217;opposer \u00e0 l&#8217;\u00e9mergence d&#8217;un r\u00e9sultat contre la personne en analysant exclusivement les donn\u00e9es trait\u00e9es par le biais de syst\u00e8mes automatis\u00e9s,<br>&#8211; Demander des dommages-int\u00e9r\u00eats en cas de dommages dus \u00e0 un traitement ill\u00e9gal des donn\u00e9es personnelles.<br>L&#8217;utilisateur peut soumettre les demandes susmentionn\u00e9es par le biais des m\u00e9thodes incluses dans le formulaire de demande du propri\u00e9taire des donn\u00e9es. Y\u0131ld\u0131z Poliethylene Ltd. Conform\u00e9ment aux demandes \u00e9num\u00e9r\u00e9es ci-dessus, l&#8217;entreprise peut fournir une r\u00e9ponse positive\/n\u00e9gative motiv\u00e9e par \u00e9crit ou sous forme num\u00e9rique. Il est essentiel qu&#8217;aucun frais ne soit factur\u00e9 pour les proc\u00e9dures n\u00e9cessaires concernant les demandes. Toutefois, si les proc\u00e9dures requi\u00e8rent un co\u00fbt, il est possible que la Commission de protection des donn\u00e9es personnelles per\u00e7oive une redevance bas\u00e9e sur le tarif d\u00e9termin\u00e9 conform\u00e9ment \u00e0 l&#8217;article 13 de la loi sur la protection des donn\u00e9es personnelles.    <\/p><p>L&#8217;utilisateur s&#8217;engage \u00e0 ce que les informations qu&#8217;il fournit \u00e0 Y\u0131ld\u0131z Poliethylene Ltd. \u015eti par lui, qui font l&#8217;objet de la pr\u00e9sente politique de confidentialit\u00e9, sont compl\u00e8tes, exactes et \u00e0 jour, et qu&#8217;il mettra imm\u00e9diatement \u00e0 jour ces informations en cas de changement. Y\u0131ld\u0131z Poliethylene Ltd. \u015eti n&#8217;aura aucune responsabilit\u00e9 si l&#8217;utilisateur ne fournit pas d&#8217;informations \u00e0 jour.   <\/p><p>Si l&#8217;utilisateur fait une demande qui aura pour cons\u00e9quence que Y\u0131ld\u0131z Poliethylene Ltd. \u015eti de ne pas pouvoir utiliser ses donn\u00e9es personnelles, Y\u0131ld\u0131z Poliethylene Ltd. \u015eti. \u015eti. accepte et d\u00e9clare qu&#8217;il pourrait ne pas \u00eatre en mesure de b\u00e9n\u00e9ficier pleinement des services qu&#8217;il s&#8217;est engag\u00e9 \u00e0 fournir et qu&#8217;il sera responsable de toutes les responsabilit\u00e9s qui en d\u00e9coulent.    <\/p><p>P\u00e9riode de conservation des donn\u00e9es \u00e0 caract\u00e8re personnel<\/p><p>Y\u0131ld\u0131z Poliethylene Ltd. \u015eti conservera les donn\u00e9es personnelles fournies par l&#8217;Utilisateur pendant la dur\u00e9e des services fournis afin de remplir les obligations d\u00e9coulant de la nature des services qu&#8217;elle offre. <\/p><p>En outre, Y\u0131ld\u0131z Poliethylene Ltd. \u015eti peut conserver les donn\u00e9es personnelles pendant la p\u00e9riode de prescription d\u00e9termin\u00e9e conform\u00e9ment \u00e0 la l\u00e9gislation pertinente et limit\u00e9e \u00e0 l&#8217;objectif d&#8217;\u00e9tablir les d\u00e9fenses n\u00e9cessaires dans le cadre du litige en cas de litige pouvant survenir entre l&#8217;utilisateur et Y\u0131ld\u0131z Poliethylene Ltd. \u015eti.  <\/p><p>Mesures relatives \u00e0 la s\u00e9curit\u00e9 des donn\u00e9es, engagement<\/p><p>et responsabilit\u00e9<\/p><p>Y\u0131ld\u0131z Poliethylene Ltd. \u015eti, s&#8217;engage \u00e0 : <\/p><p>&#8211; Ne pas traiter ill\u00e9galement des donn\u00e9es \u00e0 caract\u00e8re personnel,<br>&#8211; Ne pas acc\u00e9der ill\u00e9galement \u00e0 des donn\u00e9es \u00e0 caract\u00e8re personnel, et<br>&#8211; Prendre les mesures techniques et administratives n\u00e9cessaires et effectuer les inspections n\u00e9cessaires pour garantir le niveau de s\u00e9curit\u00e9 appropri\u00e9 afin d&#8217;assurer la pr\u00e9servation des donn\u00e9es \u00e0 caract\u00e8re personnel, dans les conditions sp\u00e9cifi\u00e9es dans la l\u00e9gislation pertinente ou exprim\u00e9es dans la pr\u00e9sente politique de confidentialit\u00e9.<\/p><p>Si des liens sont fournis vers d&#8217;autres applications sur le site, Y\u0131ld\u0131z Poliethylene Ltd. \u015eti n&#8217;assume aucune responsabilit\u00e9 quant aux politiques de confidentialit\u00e9 et au contenu des applications. <\/p><p>Y\u0131ld\u0131z Poliethylene Ltd. \u015eti n&#8217;accepte aucune responsabilit\u00e9 pour les dommages pouvant r\u00e9sulter de l&#8217;utilisation des donn\u00e9es personnelles dans le cadre des conditions susmentionn\u00e9es. <\/p><p>Modifications de la politique de confidentialit\u00e9<\/p><p>Les personnes qui b\u00e9n\u00e9ficient des services offerts sur le site web sont r\u00e9put\u00e9es avoir lu et accept\u00e9 l&#8217;ensemble de ces conditions. Y\u0131ld\u0131z Poliethylene Ltd. \u015eti se r\u00e9serve le droit de modifier les dispositions de la politique de confidentialit\u00e9 sans pr\u00e9avis. La politique de confidentialit\u00e9 actuelle entre en vigueur \u00e0 la date \u00e0 laquelle elle est pr\u00e9sent\u00e9e \u00e0 l&#8217;utilisateur par quelque moyen que ce soit.   <\/p><table><tbody><tr><td class=\"s18\"><div><p class=\"s20\"><span class=\"s19\">TITRE :<\/span><\/p><\/div><\/td><td class=\"s21\"><div><p class=\"s20\"><span class=\"s22\">Y\u0131ld\u0131z Polietilen Ltd. \u015eti. <\/span><\/p><\/div><\/td><\/tr><tr><td class=\"s23\"><div><p class=\"s20\"><span class=\"s19\">ADRESSE :<\/span><\/p><\/div><\/td><td class=\"s24\"><div><p class=\"s20\"><span class=\"s22\">\u0130vedik<\/span><span class=\"s22\"><span class=\"Apple-converted-space\"> <\/span>Organize Sanayi B\u00f6lgesi 1467.<span class=\"Apple-converted-space\"> <\/span><\/span><span class=\"s22\">Cadde , 1444<\/span><span class=\"s22\">. Sok. No. 1 <span class=\"Apple-converted-space\"> <\/span><\/span><span class=\"s22\">Ostim<\/span><span class=\"s22\">Ankara, T\u00fcrkiye<\/span><\/p><\/div><\/td><\/tr><tr><td class=\"s25\"><div><p class=\"s20\"><span class=\"s19\">BUREAU DES IMP\u00d4TS\/NUM\u00c9RO D&#8217;IDENTIFICATION FISCALE :<\/span><\/p><\/div><\/td><td class=\"s26\"><div><p class=\"s20\"><span class=\"s22\">\u0130vedik<\/span><span class=\"s22\"><span class=\"Apple-converted-space\"> <\/span>V.D. Vergi No :<span class=\"Apple-converted-space\"> <\/span><\/span><span class=\"s22\">965 059 63 30<\/span><\/p><\/div><\/td><\/tr><tr><td class=\"s27\"><div><p class=\"s20\"><span class=\"s19\">E-<\/span><span class=\"s19\">MAIL :<\/span><\/p><\/div><\/td><td class=\"s28\"><div><p class=\"s20\"><span class=\"s22\">info@<\/span><span class=\"s22\">yildizpolietilen<\/span><span class=\"s22\">.com.tr<\/span><\/p><\/div><\/td><\/tr><tr><td class=\"s18\"><div><p class=\"s20\"><span class=\"s19\">SITE WEB :<\/span><\/p><\/div><\/td><td class=\"s21\"><div><p class=\"s20\"><span class=\"s29\">www.yildizpolietilen.com.tr<\/span><\/p><\/div><\/td><\/tr><tr><td class=\"s27\"><div><p class=\"s20\"><span class=\"s19\">KEP<span class=\"Apple-converted-space\"> <\/span><\/span><span class=\"s19\">ADRESSE :<\/span><\/p><\/div><\/td><td class=\"s28\"><div><p class=\"s20\"><span class=\"s29\">yp@hs01.kep.tr<\/span><\/p><\/div><\/td><\/tr><tr><td class=\"s30\"><div><p class=\"s20\"><span class=\"s19\">NUM\u00c9RO :<\/span><\/p><\/div><\/td><td class=\"s31\"><div><p class=\"s20\"><span class=\"s22\">+90 [312] 394 07 90<\/span><\/p><\/div><\/td><\/tr><tr><td class=\"s27\"><div><p class=\"s20\"><span class=\"s19\">FAX :<\/span><\/p><\/div><\/td><td class=\"s28\"><div><p class=\"s20\"><span class=\"s22\">+90 [312] 394 07 59<\/span><\/p><\/div><\/td><\/tr><\/tbody><\/table><\/div><\/div><\/div>\t\t\t\t\t\t\t\t<\/div>\n\t\t\t\t<\/div>\n\t\t\t\t\t<\/div>\n\t\t<\/div>\n\t\t\t\t\t<\/div>\n\t\t<\/section>\n\t\t\t\t<\/div>\n\t\t","protected":false},"excerpt":{"rendered":"<p>Y\u0131ld\u0131zY\u0131ld\u0131z Polietilen Privacy and Cookie Policy Les principes que Y\u0131ld\u0131z Poliethylene Ltd. \u015eti suit lors de la collecte et de l&#8217;utilisation des donn\u00e9es personnelles obtenues par le biais du site web (\u00ab site web \u00bb) \u00e0 la demande des utilisateurs sont r\u00e9glement\u00e9s dans la pr\u00e9sente politique de confidentialit\u00e9. Donn\u00e9es personnelles susceptibles d&#8217;\u00eatre collect\u00e9es Y\u0131ld\u0131z Poliethylene&#8230;<\/p>\n","protected":false},"author":1,"featured_media":0,"parent":0,"menu_order":0,"comment_status":"closed","ping_status":"closed","template":"template-builder.php","meta":{"pgc_sgb_lightbox_settings":"","footnotes":""},"class_list":["post-9834","page","type-page","status-publish","hentry"],"_links":{"self":[{"href":"https:\/\/www.yildizpolietilen.com\/fr\/wp-json\/wp\/v2\/pages\/9834","targetHints":{"allow":["GET"]}}],"collection":[{"href":"https:\/\/www.yildizpolietilen.com\/fr\/wp-json\/wp\/v2\/pages"}],"about":[{"href":"https:\/\/www.yildizpolietilen.com\/fr\/wp-json\/wp\/v2\/types\/page"}],"author":[{"embeddable":true,"href":"https:\/\/www.yildizpolietilen.com\/fr\/wp-json\/wp\/v2\/users\/1"}],"replies":[{"embeddable":true,"href":"https:\/\/www.yildizpolietilen.com\/fr\/wp-json\/wp\/v2\/comments?post=9834"}],"version-history":[{"count":2,"href":"https:\/\/www.yildizpolietilen.com\/fr\/wp-json\/wp\/v2\/pages\/9834\/revisions"}],"predecessor-version":[{"id":19559,"href":"https:\/\/www.yildizpolietilen.com\/fr\/wp-json\/wp\/v2\/pages\/9834\/revisions\/19559"}],"wp:attachment":[{"href":"https:\/\/www.yildizpolietilen.com\/fr\/wp-json\/wp\/v2\/media?parent=9834"}],"curies":[{"name":"wp","href":"https:\/\/api.w.org\/{rel}","templated":true}]}}