{"id":13344,"date":"2023-09-24T06:36:27","date_gmt":"2023-09-24T03:36:27","guid":{"rendered":"https:\/\/yildizpolietilen.com\/kariyer-2\/"},"modified":"2025-06-24T15:08:02","modified_gmt":"2025-06-24T12:08:02","slug":"kariyer-2","status":"publish","type":"page","link":"https:\/\/www.yildizpolietilen.com\/fr\/kariyer-2\/","title":{"rendered":"Carri\u00e8re"},"content":{"rendered":"\t\t<div data-elementor-type=\"wp-page\" data-elementor-id=\"13344\" class=\"elementor elementor-13344 elementor-11828\" data-elementor-post-type=\"page\">\n\t\t\t\t\t\t<section class=\"elementor-section elementor-top-section elementor-element elementor-element-0e2ac9b elementor-section-full_width elementor-section-height-default elementor-section-height-default\" data-id=\"0e2ac9b\" data-element_type=\"section\">\n\t\t\t\t\t\t<div class=\"elementor-container elementor-column-gap-no\">\n\t\t\t\t\t<div class=\"elementor-column elementor-col-100 elementor-top-column elementor-element elementor-element-40c96aa\" data-id=\"40c96aa\" data-element_type=\"column\">\n\t\t\t<div class=\"elementor-widget-wrap elementor-element-populated\">\n\t\t\t\t\r\n\t\t<div class=\"elementor-element elementor-element-97bab0b elementor-widget elementor-widget-kontabanner\" data-id=\"97bab0b\" data-element_type=\"widget\" data-widget_type=\"kontabanner.default\">\n\t\t\t\t<div class=\"elementor-widget-container\">\n\t\t\t\t\t<div class=\"th-hero-wrapper hero-4\" id=\"hero\"><div class=\"hero-slider-4 th-carousel\" data-fade=\"true\" data-slide-show=\"1\" data-md-slide-show=\"1\" data-dots=\"false\" data-arrows=\"true\" data-adaptive-height=\"true\"><div class=\"th-hero-slide\"><div class=\"th-hero-bg\" data-bg-src=\"https:\/\/images.unsplash.com\/photo-1462826303086-329426d1aef5?q=80&#038;w=2940&#038;auto=format&#038;fit=crop&#038;ixlib=rb-4.0.3&#038;ixid=M3wxMjA3fDB8MHxwaG90by1wYWdlfHx8fGVufDB8fHx8fA%3D%3D\"><img decoding=\"async\" src=\"https:\/\/themeholy.com\/wordpress\/konta\/wp-content\/uploads\/2023\/09\/hero_overlay_4_1.png\" alt=\"hero_overlay_4_1\"  \/><\/div><div class=\"container\"><div class=\"row align-items-center justify-content-center\"><div class=\"col-lg-10\"><div class=\"hero-style4 text-center\"><span class=\"hero-subtitle\" data-ani=\"slideinup\" data-ani-delay=\"0.1s\">Kariyer<\/span><h1 class=\"hero-title text-white\" data-ani=\"slideinup\" data-ani-delay=\"0.4s\">Y\u0131ld\u0131z Polietilen Ailesine Kat\u0131l\u0131n<\/h1><div class=\"btn-group justify-content-center\" data-ani=\"slideinup\" data-ani-delay=\"0.8s\"><a href=\"\/hakkimizda\/\" class=\"th-btn style3\">Kurumsal<i class=\"fas fa-arrow-right ms-2\"><\/i><\/a><a href=\"\/contact-2\" class=\"th-btn style2\">\u0130leti\u015fim<i class=\"fas fa-arrow-right ms-2\"><\/i><\/a><\/div><\/div><\/div><\/div><\/div><\/div><\/div><\/div>\t\t\t\t<\/div>\n\t\t\t\t<\/div>\n\t\t\t\t\t<\/div>\n\t\t<\/div>\n\t\t\t\t\t<\/div>\n\t\t<\/section>\n\t\t\t\t<section class=\"elementor-section elementor-top-section elementor-element elementor-element-38b9b9a elementor-section-full_width elementor-section-height-default elementor-section-height-default\" data-id=\"38b9b9a\" data-element_type=\"section\">\n\t\t\t\t\t\t<div class=\"elementor-container elementor-column-gap-no\">\n\t\t\t\t\t<div class=\"elementor-column elementor-col-100 elementor-top-column elementor-element elementor-element-f992a96\" data-id=\"f992a96\" data-element_type=\"column\">\n\t\t\t<div class=\"elementor-widget-wrap elementor-element-populated\">\n\t\t\t\t\t\t<section class=\"elementor-section elementor-inner-section elementor-element elementor-element-5a620d8 elementor-section-boxed elementor-section-height-default elementor-section-height-default\" data-id=\"5a620d8\" data-element_type=\"section\">\n\t\t\t\t\t\t<div class=\"elementor-container elementor-column-gap-no\">\n\t\t\t\t\t<div class=\"elementor-column elementor-col-100 elementor-inner-column elementor-element elementor-element-3e6f8d3\" data-id=\"3e6f8d3\" data-element_type=\"column\">\n\t\t\t<div class=\"elementor-widget-wrap elementor-element-populated\">\n\t\t\t\t\t\t<div class=\"elementor-element elementor-element-064bbb1 elementor-widget elementor-widget-kontaservice\" data-id=\"064bbb1\" data-element_type=\"widget\" data-widget_type=\"kontaservice.default\">\n\t\t\t\t<div class=\"elementor-widget-container\">\n\t\t\t\t\t<div class=\"feature-area-2 \"><div class=\"row th-carousel g-0 justify-content-center\" data-slide-show=\"3\" data-lg-slide-show=\"2\" data-md-slide-show=\"2\"><!-- Single Item --><div class=\"col-lg-4 col-md-6\"><div class=\"feature-card2 \"><div class=\"feature-card2-icon\"><img decoding=\"async\" src=\"https:\/\/yildizpolietilen.com\/wp-content\/uploads\/2023\/09\/service-icon-4-2.svg\" alt=\"service icon 4 2\"  \/><\/div><div class=\"media-body\"><h3 class=\"box-title title-selector\"><a href=\"\">S\u00fcrekli Geli\u015fim ve Yenilik\u00e7ilik<\/a><\/h3><p class=\"feature-card2-text desc-selector\">Sekt\u00f6rdeki en son teknolojileri takip ederek, \u00e7al\u0131\u015fanlar\u0131na s\u00fcrekli \u00f6\u011frenme ve geli\u015fme imkan\u0131 sunuyoruz.<\/p><\/div><\/div><\/div><!-- Single Item --><div class=\"col-lg-4 col-md-6\"><div class=\"feature-card2 feature-card2-active\"><div class=\"feature-card2-icon\"><img decoding=\"async\" src=\"https:\/\/yildizpolietilen.com\/wp-content\/uploads\/2023\/09\/process-icon-1-4.svg\" alt=\"process icon 1 4\"  \/><\/div><div class=\"media-body\"><h3 class=\"box-title title-selector\"><a href=\"\">G\u00fc\u00e7l\u00fc Ekip Ruhu<\/a><\/h3><p class=\"feature-card2-text desc-selector\">Aile ortam\u0131nda \u00e7al\u0131\u015fan, birbirine destek olan bir ekibimiz var. \u0130\u015fbirli\u011fi ve dayan\u0131\u015fma bizim i\u00e7in \u00f6nemli de\u011ferler.<\/p><\/div><\/div><\/div><!-- Single Item --><div class=\"col-lg-4 col-md-6\"><div class=\"feature-card2 \"><div class=\"feature-card2-icon\"><img decoding=\"async\" src=\"https:\/\/yildizpolietilen.com\/wp-content\/uploads\/2023\/09\/service-icon-4-1.svg\" alt=\"service icon 4 1\"  \/><\/div><div class=\"media-body\"><h3 class=\"box-title title-selector\"><a href=\"\">Kariyer Olanaklar\u0131<\/a><\/h3><p class=\"feature-card2-text desc-selector\">\u00c7al\u0131\u015fanlar\u0131m\u0131z\u0131n potansiyellerini en \u00fcst d\u00fczeye \u00e7\u0131karmalar\u0131n\u0131 destekliyoruz. Farkl\u0131 departmanlarda ve pozisyonlarda ilerlemek i\u00e7in bir\u00e7ok f\u0131rsat sunuyoruz.<\/p><\/div><\/div><\/div><\/div><\/div>\t\t\t\t<\/div>\n\t\t\t\t<\/div>\n\t\t\t\t\t<\/div>\n\t\t<\/div>\n\t\t\t\t\t<\/div>\n\t\t<\/section>\n\t\t\t\t\t<\/div>\n\t\t<\/div>\n\t\t\t\t\t<\/div>\n\t\t<\/section>\n\t\t\t\t<section class=\"elementor-section elementor-top-section elementor-element elementor-element-198c62f elementor-section-full_width elementor-section-height-default elementor-section-height-default\" data-id=\"198c62f\" data-element_type=\"section\">\n\t\t\t\t\t\t<div class=\"elementor-container elementor-column-gap-no\">\n\t\t\t\t\t<div class=\"elementor-column elementor-col-100 elementor-top-column elementor-element elementor-element-3ceda49\" data-id=\"3ceda49\" data-element_type=\"column\">\n\t\t\t<div class=\"elementor-widget-wrap elementor-element-populated\">\n\t\t\t\t\t\t<section class=\"elementor-section elementor-inner-section elementor-element elementor-element-67c5cb5 elementor-section-boxed elementor-section-height-default elementor-section-height-default\" data-id=\"67c5cb5\" data-element_type=\"section\">\n\t\t\t\t\t\t<div class=\"elementor-container elementor-column-gap-no\">\n\t\t\t\t\t<div class=\"elementor-column elementor-col-50 elementor-inner-column elementor-element elementor-element-9b4af42\" data-id=\"9b4af42\" data-element_type=\"column\">\n\t\t\t<div class=\"elementor-widget-wrap elementor-element-populated\">\n\t\t\t\t\t\t<div class=\"elementor-element elementor-element-d348568 elementor-widget elementor-widget-kontagroupimage\" data-id=\"d348568\" data-element_type=\"widget\" data-widget_type=\"kontagroupimage.default\">\n\t\t\t\t<div class=\"elementor-widget-container\">\n\t\t\t\t\t<div class=\"img-box4\"><div class=\"img1\"><img decoding=\"async\" src=\"https:\/\/themeholy.com\/wordpress\/konta\/wp-content\/uploads\/2023\/09\/about_5_1.png\" alt=\"about_5_1\"  class=\"tilt-active\" \/><\/div><div class=\"img2 tilt-active\"><img decoding=\"async\" src=\"https:\/\/themeholy.com\/wordpress\/konta\/wp-content\/uploads\/2023\/09\/about_5_2.png\" alt=\"about_5_2\"  class=\"tilt-active\" \/><\/div><a href=\"#\" class=\"play-btn style4 popup-video\" tabindex=\"-1\"><i class=\"fa-sharp fa-solid fa-play\"><\/i><\/a><div class=\"shape1 shape-mockup jump\" data-bottom=\"57px\" data-left=\"-57px\"><img decoding=\"async\" src=\"https:\/\/themeholy.com\/wordpress\/konta\/wp-content\/uploads\/2023\/09\/about_5_shape1.png\" alt=\"about_5_shape1\"  \/><\/div><div class=\"shape2 shape-mockup movingX\" data-top=\"0\" data-right=\"75px\"><img decoding=\"async\" src=\"https:\/\/themeholy.com\/wordpress\/konta\/wp-content\/uploads\/2023\/09\/about_5_shape1.png\" alt=\"about_5_shape1\"  \/><\/div><\/div>\t\t\t\t<\/div>\n\t\t\t\t<\/div>\n\t\t\t\t\t<\/div>\n\t\t<\/div>\n\t\t\t\t<div class=\"elementor-column elementor-col-50 elementor-inner-column elementor-element elementor-element-441c16f\" data-id=\"441c16f\" data-element_type=\"column\">\n\t\t\t<div class=\"elementor-widget-wrap elementor-element-populated\">\n\t\t\t\t\t\t<div class=\"elementor-element elementor-element-c74fc0a elementor-widget elementor-widget-kontasectiontitle\" data-id=\"c74fc0a\" data-element_type=\"widget\" data-widget_type=\"kontasectiontitle.default\">\n\t\t\t\t<div class=\"elementor-widget-container\">\n\t\t\t\t\t<div class=\"title-area mb-30\" ><span class=\" sub-title4 subtitle-selector\">Y\u0131ld\u0131z Polietilen<\/span><h2 class=\"sec-title fw-semibold title-selector\">Kariyer F\u0131rsatlar\u0131<\/h2><\/div><p class=\"desc-selector\">Y\u0131ld\u0131z Polietilen ailesi olarak, sekt\u00f6rde b\u00fcy\u00fcmeye ve geli\u015fmeye devam ediyoruz. Bu b\u00fcy\u00fcme yolculu\u011funda bize e\u015flik edecek yeni yetenekler ar\u0131yoruz. E\u011fer siz de dinamik bir ortamda \u00e7al\u0131\u015fmak, kariyerinizi geli\u015ftirmek ve sekt\u00f6re y\u00f6n vermek istiyorsan\u0131z, do\u011fru yerdesiniz!<\/p>\t\t\t\t<\/div>\n\t\t\t\t<\/div>\n\t\t\t\t<div class=\"elementor-element elementor-element-72c21a6 elementor-widget elementor-widget-kontabutton\" data-id=\"72c21a6\" data-element_type=\"widget\" data-widget_type=\"kontabutton.default\">\n\t\t\t\t<div class=\"elementor-widget-container\">\n\t\t\t\t\t<!-- Button --><div class=\"btn-wrapper \"><a class=\"th-btn\" href=\"https:\/\/www.kariyer.net\/firma-profil\/yildiz-polietilen-ltd-sti-155370-80127\" target=\"_blank\" rel=\"noopener\">A\u00e7\u0131k Pozisyonlar<i class=\"fa-regular fa-arrow-right ms-2\"><\/i><\/a><\/div><!-- End Button -->\t\t\t\t<\/div>\n\t\t\t\t<\/div>\n\t\t\t\t\t<\/div>\n\t\t<\/div>\n\t\t\t\t\t<\/div>\n\t\t<\/section>\n\t\t\t\t\t<\/div>\n\t\t<\/div>\n\t\t\t\t\t<\/div>\n\t\t<\/section>\n\t\t\t\t<section class=\"elementor-section elementor-top-section elementor-element elementor-element-94b115f elementor-section-full_width elementor-section-height-default elementor-section-height-default\" data-id=\"94b115f\" data-element_type=\"section\">\n\t\t\t\t\t\t<div class=\"elementor-container elementor-column-gap-no\">\n\t\t\t\t\t<div class=\"elementor-column elementor-col-100 elementor-top-column elementor-element elementor-element-a177ad3\" data-id=\"a177ad3\" data-element_type=\"column\">\n\t\t\t<div class=\"elementor-widget-wrap\">\n\t\t\t\t\t\t\t<\/div>\n\t\t<\/div>\n\t\t\t\t\t<\/div>\n\t\t<\/section>\n\t\t\t\t<section class=\"elementor-section elementor-top-section elementor-element elementor-element-959ddc5 elementor-section-full_width elementor-section-height-default elementor-section-height-default\" data-id=\"959ddc5\" data-element_type=\"section\">\n\t\t\t\t\t\t<div class=\"elementor-container elementor-column-gap-no\">\n\t\t\t\t\t<div class=\"elementor-column elementor-col-100 elementor-top-column elementor-element elementor-element-96ee02c\" data-id=\"96ee02c\" data-element_type=\"column\">\n\t\t\t<div class=\"elementor-widget-wrap elementor-element-populated\">\n\t\t\t\t\t\t<section class=\"elementor-section elementor-inner-section elementor-element elementor-element-f905242 elementor-section-boxed elementor-section-height-default elementor-section-height-default\" data-id=\"f905242\" data-element_type=\"section\" data-settings=\"{&quot;background_background&quot;:&quot;classic&quot;}\">\n\t\t\t\t\t\t<div class=\"elementor-container elementor-column-gap-no\">\n\t\t\t\t\t<div class=\"elementor-column elementor-col-100 elementor-inner-column elementor-element elementor-element-5f7e3b0\" data-id=\"5f7e3b0\" data-element_type=\"column\">\n\t\t\t<div class=\"elementor-widget-wrap elementor-element-populated\">\n\t\t\t\t\t\t<div class=\"elementor-element elementor-element-5172e14 elementor-widget elementor-widget-kontasectiontitle\" data-id=\"5172e14\" data-element_type=\"widget\" data-widget_type=\"kontasectiontitle.default\">\n\t\t\t\t<div class=\"elementor-widget-container\">\n\t\t\t\t\t<div class=\"title-area mb-md-0\" ><span class=\" sub-title4 subtitle-selector\">Y\u0131ld\u0131z Polietilen<\/span><h2 class=\"sec-title fw-semibold title-selector\">Sekt\u00f6r\u00fcn Liderinde Kariyer<\/h2><\/div>\t\t\t\t<\/div>\n\t\t\t\t<\/div>\n\t\t\t\t\t<\/div>\n\t\t<\/div>\n\t\t\t\t\t<\/div>\n\t\t<\/section>\n\t\t\t\t<section class=\"elementor-section elementor-inner-section elementor-element elementor-element-de8bbca elementor-section-boxed elementor-section-height-default elementor-section-height-default\" data-id=\"de8bbca\" data-element_type=\"section\" data-settings=\"{&quot;background_background&quot;:&quot;classic&quot;}\">\n\t\t\t\t\t\t<div class=\"elementor-container elementor-column-gap-no\">\n\t\t\t\t\t<div class=\"elementor-column elementor-col-100 elementor-inner-column elementor-element elementor-element-cd3e4cb\" data-id=\"cd3e4cb\" data-element_type=\"column\">\n\t\t\t<div class=\"elementor-widget-wrap elementor-element-populated\">\n\t\t\t\t\t\t<div class=\"elementor-element elementor-element-42ad40c elementor-widget elementor-widget-kontaservice\" data-id=\"42ad40c\" data-element_type=\"widget\" data-widget_type=\"kontaservice.default\">\n\t\t\t\t<div class=\"elementor-widget-container\">\n\t\t\t\t\t<div class=\"service-tab-1 th-carousel row arrow-style4 g-0\" data-slide-show=\"4\" data-ml-slide-show=\"3\" data-lg-slide-show=\"3\" data-md-slide-show=\"2\" data-sm-slide-show=\"1\" data-arrows=\"true\" id=\"serviceTab-1\" data-asnavfor=\"#service-tab-content\"><div class=\"col-lg-3\"><a class=\"tab-btn\"><span class=\"icon\"><img decoding=\"async\" src=\"https:\/\/yildizpolietilen.com\/wp-content\/uploads\/2024\/08\/resource-3-1.png\" alt=\"img\"><\/span><span class=\"details\"><span class=\"box-title\">\u0130nsan Kaynaklar\u0131 Politikam\u0131z<\/span><\/span><\/a><\/div><div class=\"col-lg-3\"><a class=\"tab-btn\"><span class=\"icon\"><img decoding=\"async\" src=\"https:\/\/yildizpolietilen.com\/wp-content\/uploads\/2024\/08\/third-party-1.png\" alt=\"img\"><\/span><span class=\"details\"><span class=\"box-title\">\u0130\u015fe Al\u0131m S\u00fcreci<\/span><\/span><\/a><\/div><div class=\"col-lg-3\"><a class=\"tab-btn\"><span class=\"icon\"><img decoding=\"async\" src=\"https:\/\/yildizpolietilen.com\/wp-content\/uploads\/2024\/08\/income-1.png\" alt=\"img\"><\/span><span class=\"details\"><span class=\"box-title\">\u00dccret Y\u00f6netimi<\/span><\/span><\/a><\/div><div class=\"col-lg-3\"><a class=\"tab-btn\"><span class=\"icon\"><img decoding=\"async\" src=\"https:\/\/yildizpolietilen.com\/wp-content\/uploads\/2024\/08\/good-feedback-1.png\" alt=\"img\"><\/span><span class=\"details\"><span class=\"box-title\">Performans Y\u00f6netimi<\/span><\/span><\/a><\/div><div class=\"col-lg-3\"><a class=\"tab-btn\"><span class=\"icon\"><img decoding=\"async\" src=\"https:\/\/yildizpolietilen.com\/wp-content\/uploads\/2024\/08\/advancement-1.png\" alt=\"img\"><\/span><span class=\"details\"><span class=\"box-title\">Kariyer Y\u00f6netimi<\/span><\/span><\/a><\/div><div class=\"col-lg-3\"><a class=\"tab-btn\"><span class=\"icon\"><img decoding=\"async\" src=\"https:\/\/yildizpolietilen.com\/wp-content\/uploads\/2024\/08\/education-1.png\" alt=\"img\"><\/span><span class=\"details\"><span class=\"box-title\">E\u011fitim Y\u00f6netimi<\/span><\/span><\/a><\/div><\/div><div class=\"th-carousel\" data-fade=\"true\" id=\"service-tab-content\" data-adaptive-height=\"true\" data-asnavfor=\"#serviceTab-1\"><div><div class=\"service4-content-wrap\"><div class=\"row\"><div class=\"col-lg-6\"><div class=\"service-content\"><h3 class=\"service-title\">\u0130nsan Kaynaklar\u0131 Politikam\u0131z<\/h3><p>\u00c7al\u0131\u015fanlar\u0131m\u0131z, \u015firket ba\u015far\u0131m\u0131z\u0131n temel yap\u0131 ta\u015f\u0131d\u0131r. Bu nedenle, t\u00fcm \u00e7al\u0131\u015fanlar\u0131m\u0131za e\u015fit f\u0131rsatlar sunar, adil ve \u015feffaf bir \u00e7al\u0131\u015fma ortam\u0131 sa\u011flar\u0131z. S\u00fcrekli geli\u015fim ve \u00f6\u011frenmeyi destekler, \u00e7al\u0131\u015fanlar\u0131m\u0131z\u0131n potansiyellerini en \u00fcst d\u00fczeye \u00e7\u0131karmalar\u0131na yard\u0131mc\u0131 oluruz. G\u00fc\u00e7l\u00fc bir ekip ruhu i\u00e7inde \u00e7al\u0131\u015farak, birlikte daha b\u00fcy\u00fck ba\u015far\u0131lara imza atar\u0131z.<\/p><a href=\"\" class=\"th-btn style2\" tabindex=\"0\">Daha Fazla Bilgi <i class=\"fas fa-arrow-right ms-2\"><\/i><\/a><\/div><\/div><div class=\"col-lg-6\"><div class=\"service-img\"><img decoding=\"async\" src=\"https:\/\/images.unsplash.com\/photo-1521791136064-7986c2920216?q=80&#038;w=2969&#038;auto=format&#038;fit=crop&#038;ixlib=rb-4.0.3&#038;ixid=M3wxMjA3fDB8MHxwaG90by1wYWdlfHx8fGVufDB8fHx8fA%3D%3D\" alt=\"photo 1521791136064 7986c2920216?q=80&#038;w=2969&#038;auto=format&#038;fit=crop&#038;ixlib=rb 4.0\"  \/><\/div><\/div><\/div><\/div><\/div><div><div class=\"service4-content-wrap\"><div class=\"row\"><div class=\"col-lg-6\"><div class=\"service-content\"><h3 class=\"service-title\">\u0130\u015fe Al\u0131m S\u00fcreci<\/h3><p>Ba\u015fvurunuzun ard\u0131ndan, \u00f6zge\u00e7mi\u015finiz insan kaynaklar\u0131 ekibimiz taraf\u0131ndan dikkatlice incelenecektir. Niteliklerinizin pozisyonun gerektirdi\u011fi \u00f6zellikler ile uygunlu\u011fu de\u011ferlendirildikten sonra, uygun bulunan adaylarla telefon veya y\u00fcz y\u00fcze g\u00f6r\u00fc\u015fme ger\u00e7ekle\u015ftirilecektir. G\u00f6r\u00fc\u015fmelerde, hem sizin kariyer hedefleriniz ve beklentileriniz hem de pozisyonun detaylar\u0131 hakk\u0131nda bilgi al\u0131\u015fveri\u015finde bulunaca\u011f\u0131z. Baz\u0131 pozisyonlar i\u00e7in yetenek testleri uygulayabiliriz. S\u00fcre\u00e7 boyunca size d\u00fczenli olarak bilgi vererek, \u015feffaf bir ileti\u015fim kurmay\u0131 hedefliyoruz.<\/p><a href=\"\/ise-alim-sureci\/\" class=\"th-btn style2\" tabindex=\"0\">Daha Fazla Bilgi <i class=\"fas fa-arrow-right ms-2\"><\/i><\/a><\/div><\/div><div class=\"col-lg-6\"><div class=\"service-img\"><img decoding=\"async\" src=\"https:\/\/images.unsplash.com\/photo-1454165804606-c3d57bc86b40?q=80&#038;w=2940&#038;auto=format&#038;fit=crop&#038;ixlib=rb-4.0.3&#038;ixid=M3wxMjA3fDB8MHxwaG90by1wYWdlfHx8fGVufDB8fHx8fA%3D%3D\" alt=\"photo 1454165804606 c3d57bc86b40?q=80&#038;w=2940&#038;auto=format&#038;fit=crop&#038;ixlib=rb 4.0\"  \/><\/div><\/div><\/div><\/div><\/div><div><div class=\"service4-content-wrap\"><div class=\"row\"><div class=\"col-lg-6\"><div class=\"service-content\"><h3 class=\"service-title\">\u00dccret Y\u00f6netimi<\/h3><p data-sourcepos=\"3:1-3:202\"><strong>Y\u0131ld\u0131z Polietilen'de \u00e7al\u0131\u015fanlar\u0131m\u0131z\u0131n ba\u015far\u0131s\u0131, bizim ba\u015far\u0131m\u0131zd\u0131r.<\/strong> Bu nedenle, \u00e7al\u0131\u015fanlar\u0131m\u0131za sundu\u011fumuz \u00fccretler,performanslar\u0131na, deneyimlerine ve sekt\u00f6rdeki piyasa ko\u015fullar\u0131na g\u00f6re belirlenir.<\/p><a href=\"\/ucret-yonetimi\/\" class=\"th-btn style2\" tabindex=\"0\">Daha Fazla Bilgi <i class=\"fas fa-arrow-right ms-2\"><\/i><\/a><\/div><\/div><div class=\"col-lg-6\"><div class=\"service-img\"><img decoding=\"async\" src=\"https:\/\/images.unsplash.com\/photo-1434626881859-194d67b2b86f?q=80&#038;w=2948&#038;auto=format&#038;fit=crop&#038;ixlib=rb-4.0.3&#038;ixid=M3wxMjA3fDB8MHxwaG90by1wYWdlfHx8fGVufDB8fHx8fA%3D%3D\" alt=\"photo 1434626881859 194d67b2b86f?q=80&#038;w=2948&#038;auto=format&#038;fit=crop&#038;ixlib=rb 4.0\"  \/><\/div><\/div><\/div><\/div><\/div><div><div class=\"service4-content-wrap\"><div class=\"row\"><div class=\"col-lg-6\"><div class=\"service-content\"><h3 class=\"service-title\">Performans Y\u00f6netimi<\/h3><p>Y\u0131ld\u0131z Polietilen'de ba\u015far\u0131, bireysel ve kurumsal hedeflere ula\u015fmak i\u00e7in birlikte \u00e7al\u0131\u015fman\u0131n \u00fcr\u00fcn\u00fcd\u00fcr. Performans y\u00f6netimi sistemimiz, \u00e7al\u0131\u015fanlar\u0131m\u0131z\u0131n potansiyellerini en \u00fcst d\u00fczeye \u00e7\u0131karmalar\u0131n\u0131, geli\u015fimlerini desteklemeyi ve ba\u015far\u0131lar\u0131n\u0131 takdir etmeyi ama\u00e7lar. D\u00fczenli performans de\u011ferlendirmeleri, hedef belirleme ve geri bildirim mekanizmalar\u0131yla \u00e7al\u0131\u015fanlar\u0131m\u0131z\u0131n kariyerlerinde ilerlemelerini sa\u011flar\u0131z.<\/p><a href=\"\/performans-yonetimi\/\" class=\"th-btn style2\" tabindex=\"0\">Daha Fazla Bilgi <i class=\"fas fa-arrow-right ms-2\"><\/i><\/a><\/div><\/div><div class=\"col-lg-6\"><div class=\"service-img\"><img decoding=\"async\" src=\"https:\/\/images.unsplash.com\/photo-1711097383282-28097ae16b1d?q=80&#038;w=2940&#038;auto=format&#038;fit=crop&#038;ixlib=rb-4.0.3&#038;ixid=M3wxMjA3fDB8MHxwaG90by1wYWdlfHx8fGVufDB8fHx8fA%3D%3D\" alt=\"photo 1711097383282 28097ae16b1d?q=80&#038;w=2940&#038;auto=format&#038;fit=crop&#038;ixlib=rb 4.0\"  \/><\/div><\/div><\/div><\/div><\/div><div><div class=\"service4-content-wrap\"><div class=\"row\"><div class=\"col-lg-6\"><div class=\"service-content\"><h3 class=\"service-title\">Kariyer Y\u00f6netimi<\/h3><p>Y\u0131ld\u0131z Polietilen'de, \u00e7al\u0131\u015fanlar\u0131m\u0131z\u0131n potansiyellerini en \u00fcst d\u00fczeye \u00e7\u0131karmalar\u0131n\u0131 ve kariyer hedeflerine ula\u015fmalar\u0131n\u0131 destekliyoruz. <strong>Bireysel geli\u015fim planlar\u0131<\/strong>, <strong>ment\u00f6rl\u00fck programlar\u0131<\/strong> ve <strong>i\u00e7 e\u011fitim f\u0131rsatlar\u0131<\/strong> ile \u00e7al\u0131\u015fanlar\u0131m\u0131za s\u00fcrekli \u00f6\u011frenme ve b\u00fcy\u00fcme imkan\u0131 sunuyoruz.<\/p><a href=\"\/kariyer-yonetimi\/\" class=\"th-btn style2\" tabindex=\"0\">Daha Fazla Bilgi <i class=\"fas fa-arrow-right ms-2\"><\/i><\/a><\/div><\/div><div class=\"col-lg-6\"><div class=\"service-img\"><img decoding=\"async\" src=\"https:\/\/images.unsplash.com\/photo-1470135343847-c68fe38b176e?q=80&#038;w=2940&#038;auto=format&#038;fit=crop&#038;ixlib=rb-4.0.3&#038;ixid=M3wxMjA3fDB8MHxwaG90by1wYWdlfHx8fGVufDB8fHx8fA%3D%3D\" alt=\"photo 1470135343847 c68fe38b176e?q=80&#038;w=2940&#038;auto=format&#038;fit=crop&#038;ixlib=rb 4.0\"  \/><\/div><\/div><\/div><\/div><\/div><div><div class=\"service4-content-wrap\"><div class=\"row\"><div class=\"col-lg-6\"><div class=\"service-content\"><h3 class=\"service-title\">E\u011fitim Y\u00f6netimi<\/h3><p>Y\u0131ld\u0131z Polietilen olarak, en b\u00fcy\u00fck yat\u0131r\u0131m\u0131m\u0131z \u00e7al\u0131\u015fanlar\u0131m\u0131zd\u0131r. \u00c7al\u0131\u015fanlar\u0131m\u0131z\u0131n s\u00fcrekli geli\u015fimini sa\u011flayarak, \u015firket olarak daha da ileriye ta\u015f\u0131yoruz. Bu nedenle, kapsaml\u0131 bir e\u011fitim program\u0131yla \u00e7al\u0131\u015fanlar\u0131m\u0131z\u0131n bilgi ve becerilerini s\u00fcrekli g\u00fcncel tutuyoruz.<\/p><p data-sourcepos=\"11:1-11:46\">\u00a0<\/p><a href=\"\/egitim-yonetimi\/\" class=\"th-btn style2\" tabindex=\"0\">Daha Fazla Bilgi <i class=\"fas fa-arrow-right ms-2\"><\/i><\/a><\/div><\/div><div class=\"col-lg-6\"><div class=\"service-img\"><img decoding=\"async\" src=\"https:\/\/images.unsplash.com\/photo-1502465771179-51f3535da42c?q=80&#038;w=2969&#038;auto=format&#038;fit=crop&#038;ixlib=rb-4.0.3&#038;ixid=M3wxMjA3fDB8MHxwaG90by1wYWdlfHx8fGVufDB8fHx8fA%3D%3D\" alt=\"photo 1502465771179 51f3535da42c?q=80&#038;w=2969&#038;auto=format&#038;fit=crop&#038;ixlib=rb 4.0\"  \/><\/div><\/div><\/div><\/div><\/div><\/div>\t\t\t\t<\/div>\n\t\t\t\t<\/div>\n\t\t\t\t\t<\/div>\n\t\t<\/div>\n\t\t\t\t\t<\/div>\n\t\t<\/section>\n\t\t\t\t\t<\/div>\n\t\t<\/div>\n\t\t\t\t\t<\/div>\n\t\t<\/section>\n\t\t\t\t<\/div>\n\t\t","protected":false},"excerpt":{"rendered":"<p>Kariyer Y\u0131ld\u0131z Polietilen Ailesine Kat\u0131l\u0131n Kurumsal\u0130leti\u015fim S\u00fcrekli Geli\u015fim ve Yenilik\u00e7ilik Sekt\u00f6rdeki en son teknolojileri takip ederek, \u00e7al\u0131\u015fanlar\u0131na s\u00fcrekli \u00f6\u011frenme ve geli\u015fme imkan\u0131 sunuyoruz. G\u00fc\u00e7l\u00fc Ekip Ruhu Aile ortam\u0131nda \u00e7al\u0131\u015fan, birbirine destek olan bir ekibimiz var. \u0130\u015fbirli\u011fi ve dayan\u0131\u015fma bizim i\u00e7in \u00f6nemli de\u011ferler. Kariyer Olanaklar\u0131 \u00c7al\u0131\u015fanlar\u0131m\u0131z\u0131n potansiyellerini en \u00fcst d\u00fczeye \u00e7\u0131karmalar\u0131n\u0131 destekliyoruz. Farkl\u0131 departmanlarda ve pozisyonlarda&#8230;<\/p>\n","protected":false},"author":1,"featured_media":0,"parent":0,"menu_order":0,"comment_status":"closed","ping_status":"closed","template":"template-builder.php","meta":{"pgc_sgb_lightbox_settings":"","footnotes":""},"class_list":["post-13344","page","type-page","status-publish","hentry"],"_links":{"self":[{"href":"https:\/\/www.yildizpolietilen.com\/fr\/wp-json\/wp\/v2\/pages\/13344","targetHints":{"allow":["GET"]}}],"collection":[{"href":"https:\/\/www.yildizpolietilen.com\/fr\/wp-json\/wp\/v2\/pages"}],"about":[{"href":"https:\/\/www.yildizpolietilen.com\/fr\/wp-json\/wp\/v2\/types\/page"}],"author":[{"embeddable":true,"href":"https:\/\/www.yildizpolietilen.com\/fr\/wp-json\/wp\/v2\/users\/1"}],"replies":[{"embeddable":true,"href":"https:\/\/www.yildizpolietilen.com\/fr\/wp-json\/wp\/v2\/comments?post=13344"}],"version-history":[{"count":8,"href":"https:\/\/www.yildizpolietilen.com\/fr\/wp-json\/wp\/v2\/pages\/13344\/revisions"}],"predecessor-version":[{"id":19493,"href":"https:\/\/www.yildizpolietilen.com\/fr\/wp-json\/wp\/v2\/pages\/13344\/revisions\/19493"}],"wp:attachment":[{"href":"https:\/\/www.yildizpolietilen.com\/fr\/wp-json\/wp\/v2\/media?parent=13344"}],"curies":[{"name":"wp","href":"https:\/\/api.w.org\/{rel}","templated":true}]}}