{"id":10407,"date":"2023-10-09T14:50:56","date_gmt":"2023-10-09T11:50:56","guid":{"rendered":"https:\/\/yildizpolietilen.com\/team-2\/"},"modified":"2025-06-24T15:08:09","modified_gmt":"2025-06-24T12:08:09","slug":"team-2","status":"publish","type":"page","link":"https:\/\/www.yildizpolietilen.com\/fr\/team-2\/","title":{"rendered":"Conseil d&#8217;administration"},"content":{"rendered":"\t\t<div data-elementor-type=\"wp-page\" data-elementor-id=\"10407\" class=\"elementor elementor-10407 elementor-10406\" data-elementor-post-type=\"page\">\n\t\t\t\t\t\t<section class=\"elementor-section elementor-top-section elementor-element elementor-element-c66a155 elementor-section-full_width elementor-section-height-default elementor-section-height-default\" data-id=\"c66a155\" data-element_type=\"section\" data-settings=\"{&quot;background_background&quot;:&quot;classic&quot;}\">\n\t\t\t\t\t\t<div class=\"elementor-container elementor-column-gap-no\">\n\t\t\t\t\t<div class=\"elementor-column elementor-col-100 elementor-top-column elementor-element elementor-element-1f19b38\" data-id=\"1f19b38\" data-element_type=\"column\">\n\t\t\t<div class=\"elementor-widget-wrap elementor-element-populated\">\n\t\t\t\t\t\t<section class=\"elementor-section elementor-inner-section elementor-element elementor-element-8f7f1f7 elementor-section-boxed elementor-section-height-default elementor-section-height-default\" data-id=\"8f7f1f7\" data-element_type=\"section\">\n\t\t\t\t\t\t<div class=\"elementor-container elementor-column-gap-no\">\n\t\t\t\t\t<div class=\"elementor-column elementor-col-100 elementor-inner-column elementor-element elementor-element-2505759\" data-id=\"2505759\" data-element_type=\"column\">\n\t\t\t<div class=\"elementor-widget-wrap elementor-element-populated\">\n\t\t\t\t\r\n\t\t<div class=\"elementor-element elementor-element-52b2a86 elementor-widget elementor-widget-kontasectiontitle\" data-id=\"52b2a86\" data-element_type=\"widget\" data-widget_type=\"kontasectiontitle.default\">\n\t\t\t\t<div class=\"elementor-widget-container\">\n\t\t\t\t\t<div class=\"title-area mb-md-0\" ><span class=\" sub-title2 subtitle-selector\"><img decoding=\"async\" src=\"https:\/\/themeholy.com\/wordpress\/konta\/wp-content\/uploads\/2023\/09\/subtitle-img2-1.svg\" alt=\"subtitle img2 1\"  class=\"icon\" \/>Y\u0131ld\u0131z Polietilen<\/span><h2 class=\"sec-title  title-selector\">Board of Directors<\/h2><\/div>\t\t\t\t<\/div>\n\t\t\t\t<\/div>\n\t\t\t\t\t<\/div>\n\t\t<\/div>\n\t\t\t\t\t<\/div>\n\t\t<\/section>\n\t\t\t\t<section class=\"elementor-section elementor-inner-section elementor-element elementor-element-864eb13 elementor-section-boxed elementor-section-height-default elementor-section-height-default\" data-id=\"864eb13\" data-element_type=\"section\">\n\t\t\t\t\t\t<div class=\"elementor-container elementor-column-gap-no\">\n\t\t\t\t\t<div class=\"elementor-column elementor-col-100 elementor-inner-column elementor-element elementor-element-04e78b0\" data-id=\"04e78b0\" data-element_type=\"column\">\n\t\t\t<div class=\"elementor-widget-wrap elementor-element-populated\">\n\t\t\t\t\t\t<div class=\"elementor-element elementor-element-f769412 elementor-widget elementor-widget-kontateam\" data-id=\"f769412\" data-element_type=\"widget\" data-widget_type=\"kontateam.default\">\n\t\t\t\t<div class=\"elementor-widget-container\">\n\t\t\t\t\t<div class=\"row gy-4\"><!-- Single Item --><div class=\"col-xl-3 col-lg-4 col-md-6\"><div class=\"team-card style2\"><div class=\"team-content\"><h3 class=\"box-title title-selector\"><a  href=\"#\">Abdulrezzak Y\u0131ld\u0131z<\/a><\/h3><span class=\"team-desig desig-selector\">Founding President<\/span><div class=\"team-social\"><button class=\"icon-btn\"><i class=\"far fa-plus\"><\/i><\/button><div class=\"th-social\"><a href=\"http:\/\/facebook.com\" target=\"_blank\" rel=\"noopener\"><i class=\"fab fa-facebook-f\"><\/i><\/a><a href=\"http:\/\/twitter.com\" target=\"_blank\" rel=\"noopener\"><i class=\"fab fa-twitter\"><\/i><\/a><a href=\"http:\/\/linkedin.com\" target=\"_blank\" rel=\"noopener\"><i class=\"fab fa-linkedin-in\"><\/i><\/a><\/div><\/div><\/div><\/div><\/div><!-- Single Item --><div class=\"col-xl-3 col-lg-4 col-md-6\"><div class=\"team-card style2\"><div class=\"team-content\"><h3 class=\"box-title title-selector\"><a  href=\"#\">M. Ali Y\u0131ld\u0131z<\/a><\/h3><span class=\"team-desig desig-selector\">Director<\/span><div class=\"team-social\"><button class=\"icon-btn\"><i class=\"far fa-plus\"><\/i><\/button><div class=\"th-social\"><a href=\"http:\/\/facebook.com\" target=\"_blank\" rel=\"noopener\"><i class=\"fab fa-facebook-f\"><\/i><\/a><a href=\"http:\/\/twitter.com\" target=\"_blank\" rel=\"noopener\"><i class=\"fab fa-twitter\"><\/i><\/a><a href=\"http:\/\/linkedin.com\" target=\"_blank\" rel=\"noopener\"><i class=\"fab fa-linkedin-in\"><\/i><\/a><\/div><\/div><\/div><\/div><\/div><\/div>\t\t\t\t<\/div>\n\t\t\t\t<\/div>\n\t\t\t\t\t<\/div>\n\t\t<\/div>\n\t\t\t\t\t<\/div>\n\t\t<\/section>\n\t\t\t\t\t<\/div>\n\t\t<\/div>\n\t\t\t\t\t<\/div>\n\t\t<\/section>\n\t\t\t\t<\/div>\n\t\t","protected":false},"excerpt":{"rendered":"<p>Y\u0131ld\u0131z Polietilen Board of Directors Abdulrezzak Y\u0131ld\u0131z Founding President M. Ali Y\u0131ld\u0131z Director<\/p>\n","protected":false},"author":1,"featured_media":0,"parent":0,"menu_order":0,"comment_status":"closed","ping_status":"closed","template":"template-builder.php","meta":{"pgc_sgb_lightbox_settings":"","footnotes":""},"class_list":["post-10407","page","type-page","status-publish","hentry"],"_links":{"self":[{"href":"https:\/\/www.yildizpolietilen.com\/fr\/wp-json\/wp\/v2\/pages\/10407","targetHints":{"allow":["GET"]}}],"collection":[{"href":"https:\/\/www.yildizpolietilen.com\/fr\/wp-json\/wp\/v2\/pages"}],"about":[{"href":"https:\/\/www.yildizpolietilen.com\/fr\/wp-json\/wp\/v2\/types\/page"}],"author":[{"embeddable":true,"href":"https:\/\/www.yildizpolietilen.com\/fr\/wp-json\/wp\/v2\/users\/1"}],"replies":[{"embeddable":true,"href":"https:\/\/www.yildizpolietilen.com\/fr\/wp-json\/wp\/v2\/comments?post=10407"}],"version-history":[{"count":2,"href":"https:\/\/www.yildizpolietilen.com\/fr\/wp-json\/wp\/v2\/pages\/10407\/revisions"}],"predecessor-version":[{"id":19497,"href":"https:\/\/www.yildizpolietilen.com\/fr\/wp-json\/wp\/v2\/pages\/10407\/revisions\/19497"}],"wp:attachment":[{"href":"https:\/\/www.yildizpolietilen.com\/fr\/wp-json\/wp\/v2\/media?parent=10407"}],"curies":[{"name":"wp","href":"https:\/\/api.w.org\/{rel}","templated":true}]}}