{"id":10394,"date":"2024-07-25T09:41:53","date_gmt":"2024-07-25T06:41:53","guid":{"rendered":"https:\/\/yildizpolietilen.com\/vizyon-misyon-ve-temel-degerler\/"},"modified":"2025-06-24T15:08:34","modified_gmt":"2025-06-24T12:08:34","slug":"vision-mission-et-valeurs-fondamentales","status":"publish","type":"page","link":"https:\/\/www.yildizpolietilen.com\/fr\/vision-mission-et-valeurs-fondamentales\/","title":{"rendered":"Vision, mission et valeurs fondamentales"},"content":{"rendered":"\t\t<div data-elementor-type=\"wp-page\" data-elementor-id=\"10394\" class=\"elementor elementor-10394 elementor-10393\" data-elementor-post-type=\"page\">\n\t\t\t\t<div class=\"elementor-element elementor-element-3dc7b80 e-flex e-con-boxed e-con e-parent\" data-id=\"3dc7b80\" data-element_type=\"container\">\n\t\t\t\t\t<div class=\"e-con-inner\">\n\t\t\r\n\t\t<div class=\"elementor-element elementor-element-86525bf elementor-widget elementor-widget-text-editor\" data-id=\"86525bf\" data-element_type=\"widget\" data-widget_type=\"text-editor.default\">\n\t\t\t\t<div class=\"elementor-widget-container\">\n\t\t\t\t\t\t\t\t\t<div class=\"e-con-inner\">\n<div class=\"elementor-element elementor-element-24b7f6e elementor-widget elementor-widget-kontafeature\" data-id=\"24b7f6e\" data-element_type=\"widget\" data-settings=\"{\" ekit_we_effect_on=\"\" data-widget_type=\"kontafeature.default\">\n<div class=\"elementor-widget-container\">\n<div class=\"about-grid2\">\n<div class=\"icon\"><img decoding=\"async\" class=\" lazyloaded\" src=\"https:\/\/yildizpolietilen.com\/wp-content\/uploads\/2024\/10\/yp1.png\" alt=\"yp1\" data-src=\"https:\/\/yildizpolietilen.com\/wp-content\/uploads\/2024\/10\/yp1.png\"><noscript><img decoding=\"async\" src=\"https:\/\/yildizpolietilen.com\/wp-content\/uploads\/2024\/10\/yp1.png\" alt=\"yp1\"><\/noscript><\/div>\n<div class=\"about-grid-details\">\n<h3 class=\"about-grid_title title-selector h6\">Notre vision<\/h3>\n<p class=\"desc-selector\">Devenir la marque la plus fiable et la plus appr\u00e9ci\u00e9e, ainsi qu&#8217;une entreprise pionni\u00e8re dans le secteur gr\u00e2ce \u00e0 des produits robustes et de haute qualit\u00e9.<\/p>\n\n<\/div>\n<\/div>\n<div class=\"about-grid2\">\n<div class=\"icon\"><img decoding=\"async\" class=\" lazyloaded\" src=\"https:\/\/yildizpolietilen.com\/wp-content\/uploads\/2024\/10\/yp1.png\" alt=\"yp1\" data-src=\"https:\/\/yildizpolietilen.com\/wp-content\/uploads\/2024\/10\/yp1.png\"><noscript><img decoding=\"async\" src=\"https:\/\/yildizpolietilen.com\/wp-content\/uploads\/2024\/10\/yp1.png\" alt=\"yp1\"><\/noscript><\/div>\n<div class=\"about-grid-details\">\n<h3 class=\"about-grid_title title-selector h6\">Notre mission<\/h3>\n<p class=\"desc-selector\">Produire et proposer des raccords de tuyauterie d&#8217;infrastructure accessibles, de haute qualit\u00e9 et respectueux de l&#8217;environnement, conform\u00e9ment aux normes internationales, \u00e0 un niveau qui r\u00e9ponde aux besoins et aux attentes des clients.<\/p>\n\n<\/div>\n<\/div>\n<div class=\"about-grid2\">\n<div class=\"icon\"><img decoding=\"async\" class=\" lazyloaded\" src=\"https:\/\/yildizpolietilen.com\/wp-content\/uploads\/2024\/10\/yp1.png\" alt=\"yp1\" data-src=\"https:\/\/yildizpolietilen.com\/wp-content\/uploads\/2024\/10\/yp1.png\">\n<noscript><img decoding=\"async\" src=\"https:\/\/www.yildizpolietilen.com\/wp-content\/uploads\/2024\/09\/yp-1-e1726675363663.png\" alt=\"yp 1 e1726675363663\"><\/noscript><\/div>\n<div class=\"about-grid-details\">\n<h3 class=\"about-grid_title title-selector h6\">Nos valeurs fondamentales<\/h3>\n<p class=\"desc-selector\">&#8211; S&#8217;engager en faveur des valeurs nationales et spirituelles<br>&#8211; Orientation client<br>&#8211; \u00catre juste et \u00e9quitable<br>&#8211; \u00catre respectueux, tol\u00e9rant et modeste<br>&#8211; \u00catre fiable, honn\u00eate, sinc\u00e8re et loyal<\/p>\n\n<\/div>\n<\/div>\n<\/div>\n<\/div>\n<\/div>\t\t\t\t\t\t\t\t<\/div>\n\t\t\t\t<\/div>\n\t\t\t\t\t<\/div>\n\t\t\t\t<\/div>\n\t\t\t\t<\/div>\n\t\t","protected":false},"excerpt":{"rendered":"<p>Notre vision Devenir la marque la plus fiable et la plus appr\u00e9ci\u00e9e, ainsi qu&#8217;une entreprise pionni\u00e8re dans le secteur gr\u00e2ce \u00e0 des produits robustes et de haute qualit\u00e9. Notre mission Produire et proposer des raccords de tuyauterie d&#8217;infrastructure accessibles, de haute qualit\u00e9 et respectueux de l&#8217;environnement, conform\u00e9ment aux normes internationales, \u00e0 un niveau qui r\u00e9ponde&#8230;<\/p>\n","protected":false},"author":1,"featured_media":0,"parent":0,"menu_order":0,"comment_status":"closed","ping_status":"closed","template":"","meta":{"pgc_sgb_lightbox_settings":"","footnotes":""},"class_list":["post-10394","page","type-page","status-publish","hentry"],"_links":{"self":[{"href":"https:\/\/www.yildizpolietilen.com\/fr\/wp-json\/wp\/v2\/pages\/10394","targetHints":{"allow":["GET"]}}],"collection":[{"href":"https:\/\/www.yildizpolietilen.com\/fr\/wp-json\/wp\/v2\/pages"}],"about":[{"href":"https:\/\/www.yildizpolietilen.com\/fr\/wp-json\/wp\/v2\/types\/page"}],"author":[{"embeddable":true,"href":"https:\/\/www.yildizpolietilen.com\/fr\/wp-json\/wp\/v2\/users\/1"}],"replies":[{"embeddable":true,"href":"https:\/\/www.yildizpolietilen.com\/fr\/wp-json\/wp\/v2\/comments?post=10394"}],"version-history":[{"count":3,"href":"https:\/\/www.yildizpolietilen.com\/fr\/wp-json\/wp\/v2\/pages\/10394\/revisions"}],"predecessor-version":[{"id":19523,"href":"https:\/\/www.yildizpolietilen.com\/fr\/wp-json\/wp\/v2\/pages\/10394\/revisions\/19523"}],"wp:attachment":[{"href":"https:\/\/www.yildizpolietilen.com\/fr\/wp-json\/wp\/v2\/media?parent=10394"}],"curies":[{"name":"wp","href":"https:\/\/api.w.org\/{rel}","templated":true}]}}