{"id":10290,"date":"2024-08-01T03:20:02","date_gmt":"2024-08-01T00:20:02","guid":{"rendered":"https:\/\/yildizpolietilen.com\/belges\/"},"modified":"2025-06-24T15:08:48","modified_gmt":"2025-06-24T12:08:48","slug":"jalons","status":"publish","type":"page","link":"https:\/\/www.yildizpolietilen.com\/fr\/jalons\/","title":{"rendered":"Jalons"},"content":{"rendered":"\t\t<div data-elementor-type=\"wp-page\" data-elementor-id=\"10290\" class=\"elementor elementor-10290 elementor-10289\" data-elementor-post-type=\"page\">\n\t\t\t\t<div class=\"elementor-element elementor-element-c6e2e82 e-con-full e-flex e-con e-parent\" data-id=\"c6e2e82\" data-element_type=\"container\">\n\t\t\t\t<div class=\"elementor-element elementor-element-9aa1aee elementor-widget elementor-widget-image\" data-id=\"9aa1aee\" data-element_type=\"widget\" data-widget_type=\"image.default\">\n\t\t\t\t<div class=\"elementor-widget-container\">\n\t\t\t\t\t\t\t\t\t\t\t\t\t\t\t<img fetchpriority=\"high\" decoding=\"async\" width=\"7801\" height=\"3001\" src=\"https:\/\/www.yildizpolietilen.com\/wp-content\/uploads\/2024\/12\/banners2.png\" class=\"attachment-full size-full wp-image-16755\" alt=\"\" srcset=\"https:\/\/www.yildizpolietilen.com\/wp-content\/uploads\/2024\/12\/banners2.png 7801w, https:\/\/www.yildizpolietilen.com\/wp-content\/uploads\/2024\/12\/banners2-300x115.png 300w, https:\/\/www.yildizpolietilen.com\/wp-content\/uploads\/2024\/12\/banners2-1024x394.png 1024w, https:\/\/www.yildizpolietilen.com\/wp-content\/uploads\/2024\/12\/banners2-768x295.png 768w, https:\/\/www.yildizpolietilen.com\/wp-content\/uploads\/2024\/12\/banners2-1536x591.png 1536w, https:\/\/www.yildizpolietilen.com\/wp-content\/uploads\/2024\/12\/banners2-2048x788.png 2048w, https:\/\/www.yildizpolietilen.com\/wp-content\/uploads\/2024\/12\/banners2-600x231.png 600w\" sizes=\"(max-width: 7801px) 100vw, 7801px\" \/>\t\t\t\t\t\t\t\t\t\t\t\t\t\t\t<\/div>\n\t\t\t\t<\/div>\n\t\t\t\t<\/div>\n\t\t<div class=\"elementor-element elementor-element-f44c387 e-flex e-con-boxed e-con e-parent\" data-id=\"f44c387\" data-element_type=\"container\">\n\t\t\t\t\t<div class=\"e-con-inner\">\n\t\t\t\t\t<\/div>\n\t\t\t\t<\/div>\n\t\t\t\t<\/div>\n\t\t","protected":false},"excerpt":{"rendered":"<p>Yildiz Polyethylene a commenc\u00e9 \u00e0 op\u00e9rer dans la zone industrielle organis\u00e9e d&#8217;Ankara Ivedik en mettant en place une \u00e9quipe d&#8217;experts dans la production de raccords de tuyauterie en PEHD. 2008 Elle a augment\u00e9 sa capacit\u00e9 de production en achevant ses installations modernes sur une surface de 10 000 m\u00b2 dans la zone industrielle organis\u00e9e de&#8230;<\/p>\n","protected":false},"author":1,"featured_media":0,"parent":0,"menu_order":0,"comment_status":"closed","ping_status":"closed","template":"elementor_header_footer","meta":{"pgc_sgb_lightbox_settings":"","footnotes":""},"class_list":["post-10290","page","type-page","status-publish","hentry"],"_links":{"self":[{"href":"https:\/\/www.yildizpolietilen.com\/fr\/wp-json\/wp\/v2\/pages\/10290","targetHints":{"allow":["GET"]}}],"collection":[{"href":"https:\/\/www.yildizpolietilen.com\/fr\/wp-json\/wp\/v2\/pages"}],"about":[{"href":"https:\/\/www.yildizpolietilen.com\/fr\/wp-json\/wp\/v2\/types\/page"}],"author":[{"embeddable":true,"href":"https:\/\/www.yildizpolietilen.com\/fr\/wp-json\/wp\/v2\/users\/1"}],"replies":[{"embeddable":true,"href":"https:\/\/www.yildizpolietilen.com\/fr\/wp-json\/wp\/v2\/comments?post=10290"}],"version-history":[{"count":3,"href":"https:\/\/www.yildizpolietilen.com\/fr\/wp-json\/wp\/v2\/pages\/10290\/revisions"}],"predecessor-version":[{"id":19528,"href":"https:\/\/www.yildizpolietilen.com\/fr\/wp-json\/wp\/v2\/pages\/10290\/revisions\/19528"}],"wp:attachment":[{"href":"https:\/\/www.yildizpolietilen.com\/fr\/wp-json\/wp\/v2\/media?parent=10290"}],"curies":[{"name":"wp","href":"https:\/\/api.w.org\/{rel}","templated":true}]}}