{"id":10276,"date":"2024-08-13T16:45:45","date_gmt":"2024-08-13T13:45:45","guid":{"rendered":"https:\/\/yildizpolietilen.com\/kariyer-yonetimi\/"},"modified":"2025-06-24T15:08:57","modified_gmt":"2025-06-24T12:08:57","slug":"gestion-des-carrieres","status":"publish","type":"page","link":"https:\/\/www.yildizpolietilen.com\/fr\/gestion-des-carrieres\/","title":{"rendered":"Gestion de carri\u00e8re"},"content":{"rendered":"\t\t<div data-elementor-type=\"wp-page\" data-elementor-id=\"10276\" class=\"elementor elementor-10276 elementor-10275\" data-elementor-post-type=\"page\">\n\t\t\t\t\t\t<section class=\"elementor-section elementor-top-section elementor-element elementor-element-6089c940 elementor-section-full_width elementor-section-height-default elementor-section-height-default\" data-id=\"6089c940\" data-element_type=\"section\">\n\t\t\t\t\t\t<div class=\"elementor-container elementor-column-gap-no\">\n\t\t\t\t\t<div class=\"elementor-column elementor-col-100 elementor-top-column elementor-element elementor-element-3e556b33\" data-id=\"3e556b33\" data-element_type=\"column\">\n\t\t\t<div class=\"elementor-widget-wrap elementor-element-populated\">\n\t\t\t\t\r\n\t\t<div class=\"elementor-element elementor-element-562a6dbd elementor-widget elementor-widget-kontabanner\" data-id=\"562a6dbd\" data-element_type=\"widget\" data-widget_type=\"kontabanner.default\">\n\t\t\t\t<div class=\"elementor-widget-container\">\n\t\t\t\t\t<div class=\"th-hero-wrapper hero-2\" id=\"hero\"><div class=\"hero-slider-2 th-carousel\" id=\"heroSlide6\" data-slide-show=\"1\" data-md-slide-show=\"1\" data-fade=\"true\"><div class=\"th-hero-slide\"><div class=\"th-hero-bg\" data-bg-src=\"https:\/\/yildizpolietilen.com\/wp-content\/uploads\/2024\/11\/pexels-photo-3184418.webp\"><img decoding=\"async\" src=\"https:\/\/themeholy.com\/wordpress\/konta\/wp-content\/uploads\/2023\/09\/hero_overlay_2.png\" alt=\"hero_overlay_2\"  \/><\/div><div class=\"big-text\" data-ani=\"slideindown\" data-ani-delay=\"0.2s\">Y\u0131ld\u0131z Polietilen<\/div><div class=\"container th-container\"><div class=\"hero-style2\"><h1 class=\"hero-title text-white\" data-ani=\"slideindown\" data-ani-delay=\"0.4s\">Kariyer<\/h1><h1 class=\"hero-title text-white\" data-ani=\"slideindown\" data-ani-delay=\"0.1s\"><span class=\"text-theme\"> Y\u00f6netimi <\/span><\/h1><p class=\"hero-text\" data-ani=\"slideinup\" data-ani-delay=\"0.1s\">Y\u0131ld\u0131z Polietilen olarak, \u00e7al\u0131\u015fanlar\u0131m\u0131z\u0131n kariyer hedeflerini destekleyerek uzun vadeli geli\u015fimlerine katk\u0131 sa\u011flamay\u0131 ama\u00e7l\u0131yoruz.<\/p><div class=\"btn-group\" data-ani=\"slideinup\" data-ani-delay=\"0.5s\"><\/div><\/div><\/div><\/div><\/div><div class=\"icon-box\"><button data-slick-prev=\"#heroSlide6\" class=\"slick-arrow default\"><i class=\"far fa-chevron-left\"><\/i><\/button><button data-slick-next=\"#heroSlide6\" class=\"slick-arrow default\"><i class=\"far fa-chevron-right\"><\/i><\/button><\/div><\/div>\t\t\t\t<\/div>\n\t\t\t\t<\/div>\n\t\t\t\t\t<\/div>\n\t\t<\/div>\n\t\t\t\t\t<\/div>\n\t\t<\/section>\n\t\t<div class=\"elementor-element elementor-element-d38089d e-flex e-con-boxed e-con e-parent\" data-id=\"d38089d\" data-element_type=\"container\">\n\t\t\t\t\t<div class=\"e-con-inner\">\n\t\t\t\t<div class=\"elementor-element elementor-element-f1e1dfd elementor-widget elementor-widget-spacer\" data-id=\"f1e1dfd\" data-element_type=\"widget\" data-widget_type=\"spacer.default\">\n\t\t\t\t<div class=\"elementor-widget-container\">\n\t\t\t\t\t\t\t<div class=\"elementor-spacer\">\n\t\t\t<div class=\"elementor-spacer-inner\"><\/div>\n\t\t<\/div>\n\t\t\t\t\t\t<\/div>\n\t\t\t\t<\/div>\n\t\t\t\t\t<\/div>\n\t\t\t\t<\/div>\n\t\t<div class=\"elementor-element elementor-element-723cc03 e-flex e-con-boxed e-con e-parent\" data-id=\"723cc03\" data-element_type=\"container\">\n\t\t\t\t\t<div class=\"e-con-inner\">\n\t\t<div class=\"elementor-element elementor-element-01873ab e-con-full e-flex e-con e-child\" data-id=\"01873ab\" data-element_type=\"container\">\n\t\t\t\t<\/div>\n\t\t<div class=\"elementor-element elementor-element-2ff4c08 e-con-full e-flex e-con e-child\" data-id=\"2ff4c08\" data-element_type=\"container\">\n\t\t\t\t<div class=\"elementor-element elementor-element-f5b0f12 elementor-widget elementor-widget-text-editor\" data-id=\"f5b0f12\" data-element_type=\"widget\" data-widget_type=\"text-editor.default\">\n\t\t\t\t<div class=\"elementor-widget-container\">\n\t\t\t\t\t\t\t\t\t<h3 data-sourcepos=\"3:1-3:281\">Gestion de carri\u00e8re<\/h3><p data-sourcepos=\"3:1-3:281\"><span style=\"color: #4d5765;\">Nous proposons un syst\u00e8me complet de gestion des carri\u00e8res pour aider nos employ\u00e9s \u00e0 atteindre leurs objectifs professionnels. Nous sommes l\u00e0 pour vous guider dans votre parcours professionnel, maximiser votre potentiel et vous permettre de progresser au sein de l&#8217;entreprise.   <\/span>nous sommes ici.<\/p><h3 class=\"\" data-sourcepos=\"5:1-5:30\">Notre processus de gestion de carri\u00e8re<\/h3><p data-sourcepos=\"7:1-7:114\"><span style=\"color: #4d5765;\">Notre processus de gestion de carri\u00e8re est con\u00e7u pour soutenir le d\u00e9veloppement personnel et professionnel de nos employ\u00e9s. Ce processus comprend les \u00e9tapes suivantes   <\/span>:<\/p><ul data-sourcepos=\"9:1-10:201\"><li data-sourcepos=\"9:1-9:232\"><strong>D\u00e9termination des objectifs de carri\u00e8re :<\/strong> Dans un premier temps, nous menons des entretiens individuels avec nos employ\u00e9s afin de d\u00e9terminer leurs objectifs de carri\u00e8re. Ces objectifs sont d\u00e9finis en fonction des int\u00e9r\u00eats, des talents et des projets \u00e0 long terme des employ\u00e9s.   <\/li><li><strong>Cr\u00e9ation de plans de d\u00e9veloppement :<\/strong> En fonction des objectifs fix\u00e9s, des plans de d\u00e9veloppement personnalis\u00e9s sont \u00e9labor\u00e9s pour les employ\u00e9s. Ces plans comprennent les formations n\u00e9cessaires, les programmes de mentorat et les rotations.   <\/li><li><strong>\u00c9valuations r\u00e9guli\u00e8res des performances :<\/strong> Les performances des employ\u00e9s sont r\u00e9guli\u00e8rement \u00e9valu\u00e9es et les plans de d\u00e9veloppement sont mis \u00e0 jour en fonction de ces \u00e9valuations.<\/li><li><strong>Mentorat et coaching :<\/strong> dans le cadre du programme de mentorat, nos employ\u00e9s exp\u00e9riment\u00e9s donnent des conseils aux nouveaux employ\u00e9s ou \u00e0 ceux qui assument des r\u00f4les diff\u00e9rents. En outre, des services de coaching professionnel sont propos\u00e9s en cas de besoin.   <\/li><li><strong>Offrir des opportunit\u00e9s de carri\u00e8re :<\/strong> Nos employ\u00e9s sont inform\u00e9s des nouveaux postes et projets au sein de l&#8217;entreprise et sont encourag\u00e9s \u00e0 profiter de ces opportunit\u00e9s.<\/li><li><strong>Rotations internes :<\/strong> En permettant aux employ\u00e9s de travailler dans diff\u00e9rents d\u00e9partements\/unit\u00e9s ou postes, nous leur permettons d&#8217;acqu\u00e9rir des comp\u00e9tences diff\u00e9rentes et une perspective plus large de l&#8217;entreprise.<\/li><\/ul><h3 class=\"\" data-sourcepos=\"16:1-16:33\">Avantages de la gestion de carri\u00e8re<\/h3><p data-sourcepos=\"18:1-18:90\">Les avantages de notre syst\u00e8me de gestion des carri\u00e8res pour nos employ\u00e9s et notre entreprise sont les suivants :<\/p><ul data-sourcepos=\"20:1-20:59\"><li data-sourcepos=\"20:1-20:59\"><strong>Satisfaction des employ\u00e9s :<\/strong> Aider les employ\u00e9s \u00e0 atteindre leurs objectifs de carri\u00e8re augmente leur satisfaction au travail et renforce leur engagement envers leur entreprise.<\/li><li><strong>Efficacit\u00e9 des processus :<\/strong> Le fait que les employ\u00e9s occupent les postes ad\u00e9quats et se d\u00e9veloppent continuellement am\u00e9liore les performances globales de l&#8217;entreprise.<\/li><li><strong>Gestion des comp\u00e9tences :<\/strong> Veille \u00e0 ce que les employ\u00e9s poss\u00e9dant les comp\u00e9tences requises par l&#8217;entreprise soient form\u00e9s.<\/li><li><strong>Adaptation au changement :<\/strong> Elle garantit que nous disposons d&#8217;employ\u00e9s ayant les comp\u00e9tences n\u00e9cessaires pour s&#8217;adapter rapidement \u00e0 l&#8217;\u00e9volution des besoins de l&#8217;entreprise.<\/li><li><strong>Fid\u00e9lisation des employ\u00e9s :<\/strong> Pr\u00e9vient l&#8217;attrition des employ\u00e9s en leur offrant des opportunit\u00e9s de carri\u00e8re et veille \u00e0 ce qu&#8217;ils restent plus longtemps dans l&#8217;entreprise.<\/li><\/ul><h3 class=\"\" data-sourcepos=\"26:1-26:44\">Faire un pas en avant dans votre carri\u00e8re<\/h3><p data-sourcepos=\"28:1-28:293\">Dans votre carri\u00e8re<span style=\"color: #4d5765;\">  Si vous souhaitez progresser et maximiser votre potentiel, Y\u0131ld\u0131z Polietilen est l&#8217;entreprise qu&#8217;il vous faut. Vous pouvez contacter notre service des ressources humaines pour d\u00e9finir vos objectifs de carri\u00e8re, \u00e9laborer vos plans de d\u00e9veloppement et tirer parti des possibilit\u00e9s offertes par l&#8217;entreprise.   <\/span>.<\/p>\t\t\t\t\t\t\t\t<\/div>\n\t\t\t\t<\/div>\n\t\t\t\t<\/div>\n\t\t<div class=\"elementor-element elementor-element-d87c099 e-con-full e-flex e-con e-child\" data-id=\"d87c099\" data-element_type=\"container\">\n\t\t\t\t<\/div>\n\t\t\t\t\t<\/div>\n\t\t\t\t<\/div>\n\t\t\t\t<section class=\"elementor-section elementor-top-section elementor-element elementor-element-28c114cb elementor-section-full_width elementor-section-height-default elementor-section-height-default\" data-id=\"28c114cb\" data-element_type=\"section\" id=\"blog\" data-settings=\"{&quot;background_background&quot;:&quot;classic&quot;}\">\n\t\t\t\t\t\t<div class=\"elementor-container elementor-column-gap-no\">\n\t\t\t\t\t<div class=\"elementor-column elementor-col-100 elementor-top-column elementor-element elementor-element-54e5e1e6\" data-id=\"54e5e1e6\" data-element_type=\"column\">\n\t\t\t<div class=\"elementor-widget-wrap\">\n\t\t\t\t\t\t\t<\/div>\n\t\t<\/div>\n\t\t\t\t\t<\/div>\n\t\t<\/section>\n\t\t\t\t<section class=\"elementor-section elementor-top-section elementor-element elementor-element-dfeedd2 elementor-section-boxed elementor-section-height-default elementor-section-height-default\" data-id=\"dfeedd2\" data-element_type=\"section\">\n\t\t\t\t\t\t<div class=\"elementor-container elementor-column-gap-default\">\n\t\t\t\t\t<div class=\"elementor-column elementor-col-100 elementor-top-column elementor-element elementor-element-215fe6b\" data-id=\"215fe6b\" data-element_type=\"column\">\n\t\t\t<div class=\"elementor-widget-wrap elementor-element-populated\">\n\t\t\t\t\t\t<div class=\"elementor-element elementor-element-35d1cd0 elementor-widget elementor-widget-spacer\" data-id=\"35d1cd0\" data-element_type=\"widget\" data-widget_type=\"spacer.default\">\n\t\t\t\t<div class=\"elementor-widget-container\">\n\t\t\t\t\t\t\t<div class=\"elementor-spacer\">\n\t\t\t<div class=\"elementor-spacer-inner\"><\/div>\n\t\t<\/div>\n\t\t\t\t\t\t<\/div>\n\t\t\t\t<\/div>\n\t\t\t\t\t<\/div>\n\t\t<\/div>\n\t\t\t\t\t<\/div>\n\t\t<\/section>\n\t\t\t\t<\/div>\n\t\t","protected":false},"excerpt":{"rendered":"<p>Y\u0131ld\u0131z Polietilen Kariyer Y\u00f6netimi Y\u0131ld\u0131z Polietilen olarak, \u00e7al\u0131\u015fanlar\u0131m\u0131z\u0131n kariyer hedeflerini destekleyerek uzun vadeli geli\u015fimlerine katk\u0131 sa\u011flamay\u0131 ama\u00e7l\u0131yoruz. Gestion de carri\u00e8re Nous proposons un syst\u00e8me complet de gestion des carri\u00e8res pour aider nos employ\u00e9s \u00e0 atteindre leurs objectifs professionnels. Nous sommes l\u00e0 pour vous guider dans votre parcours professionnel, maximiser votre potentiel et vous permettre de&#8230;<\/p>\n","protected":false},"author":1,"featured_media":0,"parent":0,"menu_order":0,"comment_status":"closed","ping_status":"closed","template":"template-builder.php","meta":{"pgc_sgb_lightbox_settings":"","footnotes":""},"class_list":["post-10276","page","type-page","status-publish","hentry"],"_links":{"self":[{"href":"https:\/\/www.yildizpolietilen.com\/fr\/wp-json\/wp\/v2\/pages\/10276","targetHints":{"allow":["GET"]}}],"collection":[{"href":"https:\/\/www.yildizpolietilen.com\/fr\/wp-json\/wp\/v2\/pages"}],"about":[{"href":"https:\/\/www.yildizpolietilen.com\/fr\/wp-json\/wp\/v2\/types\/page"}],"author":[{"embeddable":true,"href":"https:\/\/www.yildizpolietilen.com\/fr\/wp-json\/wp\/v2\/users\/1"}],"replies":[{"embeddable":true,"href":"https:\/\/www.yildizpolietilen.com\/fr\/wp-json\/wp\/v2\/comments?post=10276"}],"version-history":[{"count":3,"href":"https:\/\/www.yildizpolietilen.com\/fr\/wp-json\/wp\/v2\/pages\/10276\/revisions"}],"predecessor-version":[{"id":19532,"href":"https:\/\/www.yildizpolietilen.com\/fr\/wp-json\/wp\/v2\/pages\/10276\/revisions\/19532"}],"wp:attachment":[{"href":"https:\/\/www.yildizpolietilen.com\/fr\/wp-json\/wp\/v2\/media?parent=10276"}],"curies":[{"name":"wp","href":"https:\/\/api.w.org\/{rel}","templated":true}]}}