{"id":10262,"date":"2024-03-31T09:39:36","date_gmt":"2024-03-31T06:39:36","guid":{"rendered":"https:\/\/yildizpolietilen.com\/kalite-politikasi\/"},"modified":"2025-06-24T15:08:23","modified_gmt":"2025-06-24T12:08:23","slug":"politique-de-qualite","status":"publish","type":"page","link":"https:\/\/www.yildizpolietilen.com\/fr\/politique-de-qualite\/","title":{"rendered":"Politique de qualit\u00e9"},"content":{"rendered":"\t\t<div data-elementor-type=\"wp-page\" data-elementor-id=\"10262\" class=\"elementor elementor-10262 elementor-10261\" data-elementor-post-type=\"page\">\n\t\t\t\t\t\t<section class=\"elementor-section elementor-top-section elementor-element elementor-element-747687e0 elementor-section-full_width elementor-section-height-default elementor-section-height-default\" data-id=\"747687e0\" data-element_type=\"section\">\n\t\t\t\t\t\t<div class=\"elementor-container elementor-column-gap-no\">\n\t\t\t\t\t<div class=\"elementor-column elementor-col-100 elementor-top-column elementor-element elementor-element-68126d42\" data-id=\"68126d42\" data-element_type=\"column\">\n\t\t\t<div class=\"elementor-widget-wrap elementor-element-populated\">\n\t\t\t\t\r\n\t\t<div class=\"elementor-element elementor-element-4bd746c elementor-widget elementor-widget-drillerbanner\" data-id=\"4bd746c\" data-element_type=\"widget\" data-widget_type=\"drillerbanner.default\">\n\t\t\t\t<div class=\"elementor-widget-container\">\n\t\t\t\t\t<div class=\"th-hero-wrapper hero-7\" id=\"hero\"><div class=\"hero-slider-7 th-carousel\" data-fade=\"true\" data-slide-show=\"1\" data-md-slide-show=\"1\"><div class=\"th-hero-slide\"><div class=\"th-hero-bg\" data-bg-src=\"https:\/\/yildizpolietilen.com\/wp-content\/uploads\/2024\/08\/12-1.png\"><\/div><div class=\"big-text\" data-ani=\"slideindown\" data-ani-delay=\"0.2s\">Y\u0131ld\u0131z<\/div><div class=\"container z-index-common\"><div class=\"hero-style7\"><div class=\"hero-meta\" data-ani=\"slideindown\" data-ani-delay=\"0.2s\"><span>Y\u0131ld\u0131z Polietilen<\/span><\/div><h1 class=\"hero-title\" data-ani=\"slideindown\" data-ani-delay=\"0.3s\">Kalite<\/h1><h1 class=\"hero-title\" data-ani=\"slideindown\" data-ani-delay=\"0.5s\">Politikas\u0131<\/h1><p class=\"hero-text\" data-ani=\"slideindown\" data-ani-delay=\"0.6s\">\u00dcr\u00fcnlerimizin ve hizmetlerimizin her zaman en y\u00fcksek kalitede olmas\u0131n\u0131 sa\u011flar\u0131z. M\u00fc\u015fterilerimizin g\u00fcvenini kazanmak ve s\u00fcrd\u00fcrmek en b\u00fcy\u00fck \u00f6nceli\u011fimizdir.<\/p><div class=\"btn-group\" data-ani=\"slideindown\" data-ani-delay=\"0.6s\"><\/div><\/div><\/div><\/div><\/div><div class=\"icon-box\"><button data-slick-prev=\".hero-slider-7\" class=\"icon-btn\"><i class=\"far fa-long-arrow-left\"><\/i><\/button><button data-slick-next=\".hero-slider-7\" class=\"icon-btn\"><i class=\"far fa-long-arrow-right\"><\/i><\/button><\/div><\/div>\t\t\t\t<\/div>\n\t\t\t\t<\/div>\n\t\t\t\t\t<\/div>\n\t\t<\/div>\n\t\t\t\t\t<\/div>\n\t\t<\/section>\n\t\t\t\t<section class=\"elementor-section elementor-top-section elementor-element elementor-element-48a49c5a elementor-section-boxed elementor-section-height-default elementor-section-height-default\" data-id=\"48a49c5a\" data-element_type=\"section\" data-settings=\"{&quot;background_background&quot;:&quot;classic&quot;}\">\n\t\t\t\t\t\t<div class=\"elementor-container elementor-column-gap-no\">\n\t\t\t\t\t<div class=\"elementor-column elementor-col-100 elementor-top-column elementor-element elementor-element-4306fe59\" data-id=\"4306fe59\" data-element_type=\"column\">\n\t\t\t<div class=\"elementor-widget-wrap elementor-element-populated\">\n\t\t\t\t\t\t<div class=\"elementor-element elementor-element-2fee869d elementor-widget elementor-widget-drillerfeature\" data-id=\"2fee869d\" data-element_type=\"widget\" data-widget_type=\"drillerfeature.default\">\n\t\t\t\t<div class=\"elementor-widget-container\">\n\t\t\t\t\t<div class=\"feature-grid-wrap\"><div class=\"feature-grid\"><div class=\"feature-grid_icon\"><img decoding=\"async\" src=\"https:\/\/themeholy.com\/wordpress\/konta\/wp-content\/uploads\/2023\/10\/feature_1_1.svg\" alt=\"feature_1_1\"  \/><\/div><div><h3 class=\"feature-grid_title\">Kalite Politikas\u0131<\/h3><p class=\"feature-grid_text\">Y\u00fcksek kalitede \u00fcr\u00fcnleri, geli\u015fen teknolojiyle do\u011fru ve zaman\u0131nda \u00fcretmek  ilkemizdir.<\/p><\/div><\/div><div class=\"feature-grid\"><div class=\"feature-grid_icon\"><img decoding=\"async\" src=\"https:\/\/themeholy.com\/wordpress\/konta\/wp-content\/uploads\/2023\/10\/feature_1_2.svg\" alt=\"feature_1_2\"  \/><\/div><div><h3 class=\"feature-grid_title\">Kalite Politikas\u0131<\/h3><p class=\"feature-grid_text\">S\u00fcrekli iyile\u015ftirme ve yenilikle g\u00fcvenilir \u00e7\u00f6z\u00fcmler sunuyoruz.<\/p><\/div><\/div><div class=\"feature-grid\"><div class=\"feature-grid_icon\"><img decoding=\"async\" src=\"https:\/\/themeholy.com\/wordpress\/konta\/wp-content\/uploads\/2023\/10\/feature_1_3.svg\" alt=\"feature_1_3\"  \/><\/div><div><h3 class=\"feature-grid_title\">Kalite Politikas\u0131<\/h3><p class=\"feature-grid_text\">Uluslararas\u0131 standartlara uyumla k\u00fcresel pazarda g\u00fcven in\u015fa ediyoruz.<\/p><\/div><\/div><\/div>\t\t\t\t<\/div>\n\t\t\t\t<\/div>\n\t\t\t\t\t<\/div>\n\t\t<\/div>\n\t\t\t\t\t<\/div>\n\t\t<\/section>\n\t\t<div class=\"elementor-element elementor-element-6b42cf1 e-flex e-con-boxed e-con e-parent\" data-id=\"6b42cf1\" data-element_type=\"container\">\n\t\t\t\t\t<div class=\"e-con-inner\">\n\t\t<div class=\"elementor-element elementor-element-b238bae e-con-full e-flex e-con e-child\" data-id=\"b238bae\" data-element_type=\"container\">\n\t\t\t\t<\/div>\n\t\t<div class=\"elementor-element elementor-element-e2c0547 e-con-full e-flex e-con e-child\" data-id=\"e2c0547\" data-element_type=\"container\">\n\t\t\t\t<div class=\"elementor-element elementor-element-4b48803 elementor-widget elementor-widget-text-editor\" data-id=\"4b48803\" data-element_type=\"widget\" data-widget_type=\"text-editor.default\">\n\t\t\t\t<div class=\"elementor-widget-container\">\n\t\t\t\t\t\t\t\t\t<h3>&nbsp; &nbsp; &nbsp; &nbsp; &nbsp;  NOTRE POLITIQUE DE QUALIT\u00c9<\/h3>\n<ul>\n<li>Y\u0131ld\u0131z Polietilen, qui fabrique des raccords de tuyauterie en poly\u00e9thyl\u00e8ne, a adopt\u00e9 le principe de la production de produits de haute qualit\u00e9 pour ses clients actuels et futurs, de mani\u00e8re pr\u00e9cise et opportune, avec une technologie en d\u00e9veloppement.<\/li>\n<p><br><\/p>\n<li>Notre objectif ultime est la satisfaction du client. Notre objectif est de fabriquer des produits fiables et de devenir une marque pr\u00e9f\u00e9r\u00e9e dans tous les pays du monde.   <\/li>\n<p><br><\/p>\n<li>L&#8217;am\u00e9lioration continue est la pierre angulaire de notre politique de qualit\u00e9. Nous sommes conscients des besoins et des attentes de nos clients. Nous examinons et am\u00e9liorons r\u00e9guli\u00e8rement nos processus, nos produits et nos services afin de faire de notre mieux pour les satisfaire et les d\u00e9passer.    <\/li>\n<p><br><\/p>\n<li>Nous sommes conscients que nos employ\u00e9s font partie de notre qualit\u00e9. Nous veillons \u00e0 leur formation continue, \u00e0 leur d\u00e9veloppement et \u00e0 leur participation. Nous encourageons une culture de l&#8217;innovation, de la collaboration et de l&#8217;am\u00e9lioration continue en renfor\u00e7ant notre \u00e9quipe.    <\/li>\n<p><br><\/p>\n<li>Nous accordons une grande importance \u00e0 nos relations avec nos fournisseurs, nos partenaires commerciaux et toutes les autres parties concern\u00e9es. Nous travaillons en \u00e9troite collaboration et en partenariat avec eux afin d&#8217;am\u00e9liorer continuellement nos processus et nos services.   <\/li>\n<p><br><\/p>\n<li>Nous nous engageons \u00e0 respecter toutes les exigences l\u00e9gales applicables, les normes de produits et les exigences du syst\u00e8me de gestion de la qualit\u00e9 ISO 9001:2015, ainsi qu&#8217;\u00e0 nous am\u00e9liorer en permanence.<br><\/li>\n<\/ul>\t\t\t\t\t\t\t\t<\/div>\n\t\t\t\t<\/div>\n\t\t\t\t<\/div>\n\t\t<div class=\"elementor-element elementor-element-c9ecbec e-con-full e-flex e-con e-child\" data-id=\"c9ecbec\" data-element_type=\"container\">\n\t\t\t\t<\/div>\n\t\t\t\t\t<\/div>\n\t\t\t\t<\/div>\n\t\t\t\t<\/div>\n\t\t","protected":false},"excerpt":{"rendered":"<p>Y\u0131ld\u0131zY\u0131ld\u0131z Polietilen Kalite Politikas\u0131 \u00dcr\u00fcnlerimizin ve hizmetlerimizin her zaman en y\u00fcksek kalitede olmas\u0131n\u0131 sa\u011flar\u0131z. M\u00fc\u015fterilerimizin g\u00fcvenini kazanmak ve s\u00fcrd\u00fcrmek en b\u00fcy\u00fck \u00f6nceli\u011fimizdir. Kalite Politikas\u0131 Y\u00fcksek kalitede \u00fcr\u00fcnleri, geli\u015fen teknolojiyle do\u011fru ve zaman\u0131nda \u00fcretmek ilkemizdir. Kalite Politikas\u0131 S\u00fcrekli iyile\u015ftirme ve yenilikle g\u00fcvenilir \u00e7\u00f6z\u00fcmler sunuyoruz. Kalite Politikas\u0131 Uluslararas\u0131 standartlara uyumla k\u00fcresel pazarda g\u00fcven in\u015fa ediyoruz. &nbsp; &nbsp;&#8230;<\/p>\n","protected":false},"author":1,"featured_media":0,"parent":0,"menu_order":0,"comment_status":"closed","ping_status":"closed","template":"elementor_header_footer","meta":{"pgc_sgb_lightbox_settings":"","footnotes":""},"class_list":["post-10262","page","type-page","status-publish","hentry"],"_links":{"self":[{"href":"https:\/\/www.yildizpolietilen.com\/fr\/wp-json\/wp\/v2\/pages\/10262","targetHints":{"allow":["GET"]}}],"collection":[{"href":"https:\/\/www.yildizpolietilen.com\/fr\/wp-json\/wp\/v2\/pages"}],"about":[{"href":"https:\/\/www.yildizpolietilen.com\/fr\/wp-json\/wp\/v2\/types\/page"}],"author":[{"embeddable":true,"href":"https:\/\/www.yildizpolietilen.com\/fr\/wp-json\/wp\/v2\/users\/1"}],"replies":[{"embeddable":true,"href":"https:\/\/www.yildizpolietilen.com\/fr\/wp-json\/wp\/v2\/comments?post=10262"}],"version-history":[{"count":3,"href":"https:\/\/www.yildizpolietilen.com\/fr\/wp-json\/wp\/v2\/pages\/10262\/revisions"}],"predecessor-version":[{"id":19506,"href":"https:\/\/www.yildizpolietilen.com\/fr\/wp-json\/wp\/v2\/pages\/10262\/revisions\/19506"}],"wp:attachment":[{"href":"https:\/\/www.yildizpolietilen.com\/fr\/wp-json\/wp\/v2\/media?parent=10262"}],"curies":[{"name":"wp","href":"https:\/\/api.w.org\/{rel}","templated":true}]}}