{"id":10250,"date":"2024-08-13T16:33:03","date_gmt":"2024-08-13T13:33:03","guid":{"rendered":"https:\/\/yildizpolietilen.com\/ise-alim-sureci\/"},"modified":"2025-06-24T15:08:57","modified_gmt":"2025-06-24T12:08:57","slug":"processus-de-recrutement","status":"publish","type":"page","link":"https:\/\/www.yildizpolietilen.com\/fr\/processus-de-recrutement\/","title":{"rendered":"Processus de recrutement"},"content":{"rendered":"\t\t<div data-elementor-type=\"wp-page\" data-elementor-id=\"10250\" class=\"elementor elementor-10250 elementor-10249\" data-elementor-post-type=\"page\">\n\t\t\t\t\t\t<section class=\"elementor-section elementor-top-section elementor-element elementor-element-6089c940 elementor-section-full_width elementor-section-height-default elementor-section-height-default\" data-id=\"6089c940\" data-element_type=\"section\">\n\t\t\t\t\t\t<div class=\"elementor-container elementor-column-gap-no\">\n\t\t\t\t\t<div class=\"elementor-column elementor-col-100 elementor-top-column elementor-element elementor-element-3e556b33\" data-id=\"3e556b33\" data-element_type=\"column\">\n\t\t\t<div class=\"elementor-widget-wrap elementor-element-populated\">\n\t\t\t\t\r\n\t\t<div class=\"elementor-element elementor-element-562a6dbd elementor-widget elementor-widget-kontabanner\" data-id=\"562a6dbd\" data-element_type=\"widget\" data-widget_type=\"kontabanner.default\">\n\t\t\t\t<div class=\"elementor-widget-container\">\n\t\t\t\t\t<div class=\"th-hero-wrapper hero-2\" id=\"hero\"><div class=\"hero-slider-2 th-carousel\" id=\"heroSlide6\" data-slide-show=\"1\" data-md-slide-show=\"1\" data-fade=\"true\"><div class=\"th-hero-slide\"><div class=\"th-hero-bg\" data-bg-src=\"https:\/\/images.pexels.com\/photos\/3184418\/pexels-photo-3184418.jpeg?auto=compress&#038;cs=tinysrgb&#038;w=1260&#038;h=750&#038;dpr=2\"><img decoding=\"async\" src=\"https:\/\/themeholy.com\/wordpress\/konta\/wp-content\/uploads\/2023\/09\/hero_overlay_2.png\" alt=\"hero_overlay_2\"  \/><\/div><div class=\"big-text\" data-ani=\"slideindown\" data-ani-delay=\"0.2s\">Y\u0131ld\u0131z Polietilen<\/div><div class=\"container th-container\"><div class=\"hero-style2\"><h1 class=\"hero-title text-white\" data-ani=\"slideindown\" data-ani-delay=\"0.4s\">\u0130\u015fe Al\u0131m<\/h1><h1 class=\"hero-title text-white\" data-ani=\"slideindown\" data-ani-delay=\"0.1s\"><span class=\"text-theme\"> S\u00fcreci <\/span><\/h1><p class=\"hero-text\" data-ani=\"slideinup\" data-ani-delay=\"0.1s\">Y\u0131ld\u0131z Polietilen olarak, \u015feffaf ve adil bir i\u015fe al\u0131m s\u00fcreciyle do\u011fru yetenekleri \u015firketimize kazand\u0131rmay\u0131 hedefliyoruz.<\/p><div class=\"btn-group\" data-ani=\"slideinup\" data-ani-delay=\"0.5s\"><\/div><\/div><\/div><\/div><\/div><div class=\"icon-box\"><button data-slick-prev=\"#heroSlide6\" class=\"slick-arrow default\"><i class=\"far fa-chevron-left\"><\/i><\/button><button data-slick-next=\"#heroSlide6\" class=\"slick-arrow default\"><i class=\"far fa-chevron-right\"><\/i><\/button><\/div><\/div>\t\t\t\t<\/div>\n\t\t\t\t<\/div>\n\t\t\t\t\t<\/div>\n\t\t<\/div>\n\t\t\t\t\t<\/div>\n\t\t<\/section>\n\t\t<div class=\"elementor-element elementor-element-baee000 e-flex e-con-boxed e-con e-parent\" data-id=\"baee000\" data-element_type=\"container\">\n\t\t\t\t\t<div class=\"e-con-inner\">\n\t\t<div class=\"elementor-element elementor-element-67c5002 e-con-full e-flex e-con e-child\" data-id=\"67c5002\" data-element_type=\"container\">\n\t\t\t\t<div class=\"elementor-element elementor-element-793d8a9 elementor-widget elementor-widget-spacer\" data-id=\"793d8a9\" data-element_type=\"widget\" data-widget_type=\"spacer.default\">\n\t\t\t\t<div class=\"elementor-widget-container\">\n\t\t\t\t\t\t\t<div class=\"elementor-spacer\">\n\t\t\t<div class=\"elementor-spacer-inner\"><\/div>\n\t\t<\/div>\n\t\t\t\t\t\t<\/div>\n\t\t\t\t<\/div>\n\t\t\t\t<\/div>\n\t\t\t\t\t<\/div>\n\t\t\t\t<\/div>\n\t\t<div class=\"elementor-element elementor-element-723cc03 e-flex e-con-boxed e-con e-parent\" data-id=\"723cc03\" data-element_type=\"container\">\n\t\t\t\t\t<div class=\"e-con-inner\">\n\t\t<div class=\"elementor-element elementor-element-01873ab e-con-full e-flex e-con e-child\" data-id=\"01873ab\" data-element_type=\"container\">\n\t\t\t\t<\/div>\n\t\t<div class=\"elementor-element elementor-element-2ff4c08 e-con-full e-flex e-con e-child\" data-id=\"2ff4c08\" data-element_type=\"container\">\n\t\t\t\t<div class=\"elementor-element elementor-element-f5b0f12 elementor-widget elementor-widget-text-editor\" data-id=\"f5b0f12\" data-element_type=\"widget\" data-widget_type=\"text-editor.default\">\n\t\t\t\t<div class=\"elementor-widget-container\">\n\t\t\t\t\t\t\t\t\t<h3 data-sourcepos=\"3:1-3:206\">Processus de recrutement<\/h3><p data-sourcepos=\"3:1-3:206\">Si vous souhaitez participer au changement, \u00e0 la transformation et \u00e0 la r\u00e9ussite, vous \u00eates au bon endroit ! Y\u0131ld\u0131z Polyethylene, en tant qu&#8217;entreprise qui se d\u00e9veloppe gr\u00e2ce \u00e0 la satisfaction de ses employ\u00e9s et au d\u00e9veloppement continu, invite les professionnels talentueux qui veulent \u00e9crire une histoire de succ\u00e8s \u00e0 rejoindre son \u00e9quipe dynamique.   <\/p><h3>Comment fonctionne notre processus de recrutement ?<\/h3><ul data-sourcepos=\"7:1-7:117\"><li data-sourcepos=\"7:1-7:117\"><strong>\u00c9valuation de votre candidature :<\/strong> Votre candidature sera soigneusement examin\u00e9e et \u00e9valu\u00e9e en fonction des pr\u00e9dispositions, des comp\u00e9tences et des qualifications (qualifications) requises pour le poste \u00e0 pourvoir.<\/li><li><strong>\u00c9valuation initiale : <\/strong>Apr\u00e8s examen et \u00e9valuation, les candidatures admissibles sont pr\u00e9s\u00e9lectionn\u00e9es. Les candidats pr\u00e9s\u00e9lectionn\u00e9s passent un entretien par t\u00e9l\u00e9phone ou en ligne. \u00c0 ce stade, des informations plus d\u00e9taill\u00e9es sont obtenues sur l&#8217;objectif de carri\u00e8re du candidat et sur sa compatibilit\u00e9 avec la culture de l&#8217;entreprise.    <\/li><li><strong>\u00c9valuation des comp\u00e9tences : <\/strong>Au cours de la deuxi\u00e8me \u00e9tape, diverses m\u00e9thodes d&#8217;\u00e9valuation (tests psychom\u00e9triques, entretiens, simulations, etc.) sont appliqu\u00e9es pour mesurer les comp\u00e9tences requises par le poste (elles diff\u00e8rent en fonction du poste).<\/li><li><strong>Entretien avec les responsables : <\/strong>Au cours de la derni\u00e8re \u00e9tape, les directeurs de d\u00e9partement ou d&#8217;unit\u00e9 concern\u00e9s sont interrog\u00e9s afin de discuter en d\u00e9tail des responsabilit\u00e9s techniques et des attentes li\u00e9es au poste.<\/li><li><strong>Offre et contrat :<\/strong> apr\u00e8s examen, \u00e9valuation et entretiens, une offre d&#8217;emploi \u00e9crite est pr\u00e9sent\u00e9e au candidat s\u00e9lectionn\u00e9. Une fois l&#8217;offre accept\u00e9e, un contrat contenant les exigences du poste est sign\u00e9.   <\/li><\/ul><h3 data-sourcepos=\"13:1-13:43\">Pourquoi choisir le poly\u00e9thyl\u00e8ne de Yildiz ?<\/h3><ul data-sourcepos=\"15:1-19:14\"><li data-sourcepos=\"15:1-15:128\"><strong>Opportunit\u00e9s de carri\u00e8re<\/strong><strong>:<\/strong> De nombreuses opportunit\u00e9s de carri\u00e8re sont offertes pour faire progresser votre carri\u00e8re en participant \u00e0 une entreprise leader dans le secteur.<\/li><li><strong>Culture ax\u00e9e sur les employ\u00e9s :<\/strong> Les efforts visant \u00e0 assurer la satisfaction et le bonheur des employ\u00e9s sont planifi\u00e9s et mis en \u0153uvre.<\/li><li><strong>D\u00e9veloppement continu :<\/strong> Les efforts visant \u00e0 aider les employ\u00e9s \u00e0 s&#8217;am\u00e9liorer continuellement sont planifi\u00e9s et mis en \u0153uvre.<\/li><li><strong>R\u00e9mun\u00e9ration et avantages sociaux :<\/strong> Une politique de r\u00e9mun\u00e9ration et d&#8217;avantages sociaux \u00e9quitable et transparente est en place.<\/li><\/ul><h3 data-sourcepos=\"21:1-21:37\">Comment faire votre demande ?<\/h3><p data-sourcepos=\"23:1-23:96\">Vous pouvez nous contacter en postulant aux offres d&#8217;emploi correspondantes via le <strong>menu carri\u00e8re de<\/strong> notre site web.<\/p><h3 data-sourcepos=\"25:1-25:47\">Quels sont les \u00e9l\u00e9ments \u00e0 prendre en compte lors de la candidature ?<\/h3><ul data-sourcepos=\"27:1-30:0\"><li data-sourcepos=\"27:1-27:140\"><strong>CV :<\/strong> Il est important d&#8217;inclure des informations pr\u00e9cises et actualis\u00e9es sur votre exp\u00e9rience professionnelle, votre formation et vos comp\u00e9tences.<\/li><li><strong>Un CV complet :<\/strong> Les comp\u00e9tences et l&#8217;exp\u00e9rience requises pour le poste \u00e0 pourvoir doivent \u00eatre mises en \u00e9vidence.<\/li><li><strong>Lettre de motivation :<\/strong> Il est important d&#8217;\u00e9noncer clairement les contributions \u00e0 apporter \u00e0 Y\u0131ld\u0131z Polietilen pour le poste concern\u00e9.<\/li><\/ul><p><strong>Rejoindre la famille Y\u0131ld\u0131z Polyethylene signifie un nouveau d\u00e9part dans votre carri\u00e8re.  <\/strong><\/p><p><strong>Rejoignez la famille Y\u0131ld\u0131z Polyethylene et participez au changement, \u00e0 la transformation et \u00e0 la r\u00e9ussite.<\/strong><strong>!<\/strong><\/p>\t\t\t\t\t\t\t\t<\/div>\n\t\t\t\t<\/div>\n\t\t\t\t<\/div>\n\t\t<div class=\"elementor-element elementor-element-d87c099 e-con-full e-flex e-con e-child\" data-id=\"d87c099\" data-element_type=\"container\">\n\t\t\t\t<\/div>\n\t\t\t\t\t<\/div>\n\t\t\t\t<\/div>\n\t\t\t\t<section class=\"elementor-section elementor-top-section elementor-element elementor-element-dfeedd2 elementor-section-boxed elementor-section-height-default elementor-section-height-default\" data-id=\"dfeedd2\" data-element_type=\"section\">\n\t\t\t\t\t\t<div class=\"elementor-container elementor-column-gap-default\">\n\t\t\t\t\t<div class=\"elementor-column elementor-col-100 elementor-top-column elementor-element elementor-element-215fe6b\" data-id=\"215fe6b\" data-element_type=\"column\">\n\t\t\t<div class=\"elementor-widget-wrap elementor-element-populated\">\n\t\t\t\t\t\t<div class=\"elementor-element elementor-element-35d1cd0 elementor-widget elementor-widget-spacer\" data-id=\"35d1cd0\" data-element_type=\"widget\" data-widget_type=\"spacer.default\">\n\t\t\t\t<div class=\"elementor-widget-container\">\n\t\t\t\t\t\t\t<div class=\"elementor-spacer\">\n\t\t\t<div class=\"elementor-spacer-inner\"><\/div>\n\t\t<\/div>\n\t\t\t\t\t\t<\/div>\n\t\t\t\t<\/div>\n\t\t\t\t\t<\/div>\n\t\t<\/div>\n\t\t\t\t\t<\/div>\n\t\t<\/section>\n\t\t\t\t<\/div>\n\t\t","protected":false},"excerpt":{"rendered":"<p>Y\u0131ld\u0131z Polietilen \u0130\u015fe Al\u0131m S\u00fcreci Y\u0131ld\u0131z Polietilen olarak, \u015feffaf ve adil bir i\u015fe al\u0131m s\u00fcreciyle do\u011fru yetenekleri \u015firketimize kazand\u0131rmay\u0131 hedefliyoruz. Processus de recrutement Si vous souhaitez participer au changement, \u00e0 la transformation et \u00e0 la r\u00e9ussite, vous \u00eates au bon endroit ! Y\u0131ld\u0131z Polyethylene, en tant qu&#8217;entreprise qui se d\u00e9veloppe gr\u00e2ce \u00e0 la satisfaction de&#8230;<\/p>\n","protected":false},"author":1,"featured_media":0,"parent":0,"menu_order":0,"comment_status":"closed","ping_status":"closed","template":"template-builder.php","meta":{"pgc_sgb_lightbox_settings":"","footnotes":""},"class_list":["post-10250","page","type-page","status-publish","hentry"],"_links":{"self":[{"href":"https:\/\/www.yildizpolietilen.com\/fr\/wp-json\/wp\/v2\/pages\/10250","targetHints":{"allow":["GET"]}}],"collection":[{"href":"https:\/\/www.yildizpolietilen.com\/fr\/wp-json\/wp\/v2\/pages"}],"about":[{"href":"https:\/\/www.yildizpolietilen.com\/fr\/wp-json\/wp\/v2\/types\/page"}],"author":[{"embeddable":true,"href":"https:\/\/www.yildizpolietilen.com\/fr\/wp-json\/wp\/v2\/users\/1"}],"replies":[{"embeddable":true,"href":"https:\/\/www.yildizpolietilen.com\/fr\/wp-json\/wp\/v2\/comments?post=10250"}],"version-history":[{"count":3,"href":"https:\/\/www.yildizpolietilen.com\/fr\/wp-json\/wp\/v2\/pages\/10250\/revisions"}],"predecessor-version":[{"id":19529,"href":"https:\/\/www.yildizpolietilen.com\/fr\/wp-json\/wp\/v2\/pages\/10250\/revisions\/19529"}],"wp:attachment":[{"href":"https:\/\/www.yildizpolietilen.com\/fr\/wp-json\/wp\/v2\/media?parent=10250"}],"curies":[{"name":"wp","href":"https:\/\/api.w.org\/{rel}","templated":true}]}}