{"id":9835,"date":"2024-10-23T21:43:57","date_gmt":"2024-10-23T18:43:57","guid":{"rendered":"https:\/\/yildizpolietilen.com\/privacy-and-cookie-policy\/"},"modified":"2024-10-31T07:26:21","modified_gmt":"2024-10-31T04:26:21","slug":"privacy-and-cookie-policy","status":"publish","type":"page","link":"https:\/\/www.yildizpolietilen.com\/en\/privacy-and-cookie-policy\/","title":{"rendered":"Privacy and Cookie Policy"},"content":{"rendered":"\t\t<div data-elementor-type=\"wp-page\" data-elementor-id=\"9835\" class=\"elementor elementor-9835 elementor-8215\" data-elementor-post-type=\"page\">\n\t\t\t\t\t\t<section class=\"elementor-section elementor-top-section elementor-element elementor-element-747687e0 elementor-section-full_width elementor-section-height-default elementor-section-height-default\" data-id=\"747687e0\" data-element_type=\"section\">\n\t\t\t\t\t\t<div class=\"elementor-container elementor-column-gap-no\">\n\t\t\t\t\t<div class=\"elementor-column elementor-col-100 elementor-top-column elementor-element elementor-element-68126d42\" data-id=\"68126d42\" data-element_type=\"column\">\n\t\t\t<div class=\"elementor-widget-wrap elementor-element-populated\">\n\t\t\t\t\r\n\t\t<div class=\"elementor-element elementor-element-4bd746c elementor-widget elementor-widget-drillerbanner\" data-id=\"4bd746c\" data-element_type=\"widget\" data-settings=\"{&quot;ekit_we_effect_on&quot;:&quot;none&quot;}\" data-widget_type=\"drillerbanner.default\">\n\t\t\t\t<div class=\"elementor-widget-container\">\n\t\t\t\t\t<div class=\"th-hero-wrapper hero-7\" id=\"hero\"><div class=\"hero-slider-7 th-carousel\" data-fade=\"true\" data-slide-show=\"1\" data-md-slide-show=\"1\"><div class=\"th-hero-slide\"><div class=\"th-hero-bg\" data-bg-src=\"https:\/\/sysoly.xyz\/tema4\/wp-content\/uploads\/2024\/08\/12.png\"><\/div><div class=\"big-text\" data-ani=\"slideindown\" data-ani-delay=\"0.2s\">Y\u0131ld\u0131z<\/div><div class=\"container z-index-common\"><div class=\"hero-style7\"><div class=\"hero-meta\" data-ani=\"slideindown\" data-ani-delay=\"0.2s\"><span>Y\u0131ld\u0131z Polietilen<\/span><\/div><h1 class=\"hero-title\" data-ani=\"slideindown\" data-ani-delay=\"0.3s\">Privacy and Cookie<\/h1><h1 class=\"hero-title\" data-ani=\"slideindown\" data-ani-delay=\"0.5s\">Policy<\/h1><div class=\"btn-group\" data-ani=\"slideindown\" data-ani-delay=\"0.6s\"><\/div><\/div><\/div><\/div><\/div><div class=\"icon-box\"><button data-slick-prev=\".hero-slider-7\" class=\"icon-btn\"><i class=\"far fa-long-arrow-left\"><\/i><\/button><button data-slick-next=\".hero-slider-7\" class=\"icon-btn\"><i class=\"far fa-long-arrow-right\"><\/i><\/button><\/div><\/div>\t\t\t\t<\/div>\n\t\t\t\t<\/div>\n\t\t\t\t\t<\/div>\n\t\t<\/div>\n\t\t\t\t\t<\/div>\n\t\t<\/section>\n\t\t\t\t<section class=\"elementor-section elementor-top-section elementor-element elementor-element-594486df elementor-section-full_width elementor-section-height-default elementor-section-height-default\" data-id=\"594486df\" data-element_type=\"section\">\n\t\t\t\t\t\t<div class=\"elementor-container elementor-column-gap-no\">\n\t\t\t\t\t<div class=\"elementor-column elementor-col-100 elementor-top-column elementor-element elementor-element-7fe40e08\" data-id=\"7fe40e08\" data-element_type=\"column\">\n\t\t\t<div class=\"elementor-widget-wrap elementor-element-populated\">\n\t\t\t\t\t\t\t<\/div>\n\t\t<\/div>\n\t\t\t\t\t<\/div>\n\t\t<\/section>\n\t\t\t\t<section class=\"elementor-section elementor-top-section elementor-element elementor-element-32c68510 elementor-section-boxed elementor-section-height-default elementor-section-height-default\" data-id=\"32c68510\" data-element_type=\"section\" data-settings=\"{&quot;background_background&quot;:&quot;classic&quot;}\">\n\t\t\t\t\t\t<div class=\"elementor-container elementor-column-gap-no\">\n\t\t\t\t\t<div class=\"elementor-column elementor-col-100 elementor-top-column elementor-element elementor-element-7c20f316\" data-id=\"7c20f316\" data-element_type=\"column\">\n\t\t\t<div class=\"elementor-widget-wrap elementor-element-populated\">\n\t\t\t\t\t\t<div class=\"elementor-element elementor-element-24b0d00 elementor-widget elementor-widget-text-editor\" data-id=\"24b0d00\" data-element_type=\"widget\" data-settings=\"{&quot;ekit_we_effect_on&quot;:&quot;none&quot;}\" data-widget_type=\"text-editor.default\">\n\t\t\t\t<div class=\"elementor-widget-container\">\n\t\t\t\t\t\t\t\t\t<div id=\"information-information\" class=\"container\"><div class=\"row\"><div id=\"content\" class=\"col-sm-12\"><p>The principles that Y\u0131ld\u0131z Poliethylene Ltd. \u015eti follows when collecting and using personal data obtained through the website (\u201cWebsite\u201d) upon the request of the users are regulated in this Privacy Policy.<\/p><p>Personal Data That May Be Collected<\/p><p>Y\u0131ld\u0131z Poliethylene Ltd. \u015eti may collect on the Website; \u2022 Identity Information<\/p><p>\u2022 Transaction Security Information<br \/>\u2022 IP Information<\/p><p>\u2022 Legal Transaction and Compliance Information<br \/>\u2022 Contact Information<\/p><p>\u2022 Request\/Complaint Management Information<br \/>\u2022 User Information<br \/>\u2022 Incident Management Information<br \/>\u2022 User Transaction Information<\/p><p>Other information that may be necessary for the performance of the services on the Website and that is considered personal data in accordance with the Personal Data Protection Law and all relevant legislation. The User may collect on the Website Y\u0131ld\u0131z Poliethylene Ltd. \u015eti. \u015eti., the data it may share with the Company is explicitly consented to be processed within the scope and for the purposes specified in this Privacy Policy.<\/p><p>Pursuant to Articles 3 and 7 of the Personal Data Protection Law, data that is rendered anonymous in a way that cannot be reversed will not be considered personal data in accordance with the provisions of the said law, and processing activities related to this data will be carried out without being bound by the provisions of this Privacy Policy.<\/p><p>Use of \u201cCookies\u201d<\/p><p>Y\u0131ld\u0131z Poliethylene Ltd. \u015eti automatically collects data such as sections visited and areas clicked during users\u2019 navigation on the Website. This data obtained using the technology called \u201cCookie\u201d is statistical information. The aim of this technology is to make the content of the sections visited by users more accessible to the user from the first visit to the site. Most browsers are designed to accept these \u201ccookies\u201d, which are primarily technical communication files, but users can always change their browser settings so that the technical communication file does not arrive or a warning is given when the technical communication file is sent.<\/p><p>Y\u0131ld\u0131z Poliethylene Ltd. \u015eti has the right to associate users\u2019 behavior on the Website with a \u201ccookie\u201d in the browser for the purpose of conducting online behavioral advertising and marketing, and to define remarketing lists based on metrics such as the number of pages viewed, duration of visits, and number of goal completions. The user may then be shown targeted advertising content on the Website or other sites in the display advertising network based on their interests.<\/p><p>Purpose of Using the Data<\/p><p>Y\u0131ld\u0131z Poliethylene Ltd. \u015eti may process the collected personal data for the user to benefit from the Website, to register for membership in the Website if there is a membership, to improve the services offered, to develop the service, to introduce and inform about new services, to provide the User with the necessary information within this scope, to contact the User, and to fulfill the obligations arising from the nature of the services offered.<\/p><p>These personal data may be processed within the scope of Y\u0131ld\u0131z Poliethylene Ltd. \u015eti reporting and business development activities, and may also be used for the purposes of making various statistical evaluations, creating a database, and conducting market research without disclosing the user\u2019s identity. If the user also gives his\/her consent, the information in question may be processed, stored, and transmitted to third parties for direct marketing purposes by Y\u0131ld\u0131z Poliethylene Ltd. \u015eti and its collaborators, and the User may be contacted for the purpose of introducing various applications, products and services, and providing notifications regarding maintenance and support activities.<\/p><p>Y\u0131ld\u0131z Poliethylene Ltd. \u015eti may also process personal data and share it with third parties without obtaining the user&#8217;s consent in accordance with Articles 5 and 8 of the Personal Data Protection Law and\/or in the presence of exceptions in the relevant legislation. The main cases of these are listed below:<\/p><p>It is clearly foreseen by the laws,<\/p><p>It is mandatory for the protection of the life or physical integrity of the person who is unable to give his\/her consent due to a de facto impossibility or whose consent is not legally valid, or of another person, it is necessary to process personal data, provided that it is directly related to the establishment or performance of any contract between the user and Y\u0131ld\u0131z Poliethylene Ltd. \u015eti, it is mandatory for the fulfillment of legal obligations, it is made public by the user himself\/herself, it is mandatory for the establishment, exercise or protection of a right, it is mandatory for the legitimate interests of Y\u0131ld\u0131z Poliethylene Ltd. \u015eti, provided that it does not harm the fundamental rights and freedoms of the user.<\/p><p>Sharing of Data<\/p><p>Y\u0131ld\u0131z Poliethylene Ltd. \u015eti may transfer the personal data of the users and the new data obtained by using this personal data to third parties from whom it benefits for the purpose of performing the services offered to the user within the scope of the Website, limited to the provision of the said services. In this context, Y\u0131ld\u0131z Poliethylene Ltd. Ltd. \u015eti may share User data with third parties such as outsourcing service providers, hosting service providers (\u201chosting\u201d services), law firms, research companies, call centers, etc. for the purposes of improving user experience (including improvement and personalization), ensuring user security, detecting fraudulent or unauthorized use, conducting operational evaluation research, eliminating errors related to the Website or Y\u0131ld\u0131z Poliethylene Ltd. \u015eti services, and achieving any of the purposes set forth in this Privacy Policy or other privacy texts provided to the user.<\/p><p>The User agrees that, limited to the purposes specified above, the aforementioned third parties may store the User\u2019s personal data on their servers located anywhere in the world, and that they consent to this in advance.<\/p><p>The User\u2019s Right to Access Data and Correction Requests<\/p><p>The User, Y\u0131ld\u0131z Poliethylene Ltd. By applying to \u015eti., the user has the right to:<\/p><p>\u2022 Learn whether personal data is being processed,<br \/>\u2022 Request information if personal data has been processed,<br \/>\u2022 Learn the purpose of processing personal data and whether they are being used in accordance with their purpose,<br \/>\u2022 Know the third parties to whom personal data is transferred domestically or abroad,<br \/>\u2022 Request correction of personal data if they are processed incompletely or incorrectly,<br \/>\u2022 Request deletion or destruction of personal data within the framework of the conditions stipulated in the relevant legislation,<br \/>\u2022 Request notification of third parties to whom personal data is transferred of corrections, deletions and destruction processes carried out in accordance with the relevant legislation,<br \/>\u2022 Object to the emergence of a result against the person by exclusively analyzing the processed data through automated systems,<br \/>\u2022 Request compensation for damages in the event of damages due to unlawful processing of personal data.<br \/>The user may submit the above-mentioned requests through the methods included in the Data Owner Application Form. Y\u0131ld\u0131z Poliethylene Ltd. In accordance with the requests listed above, the Company may provide a reasoned positive\/negative response in writing or digitally. It is essential that no fee is charged for the necessary procedures regarding the requests. However, if the procedures require a cost, it is possible for the Personal Data Protection Board to charge a fee based on the tariff determined in accordance with Article 13 of the Personal Data Protection Law.<\/p><p>The User undertakes that the information provided to Y\u0131ld\u0131z Poliethylene Ltd. \u015eti by him\/her, which is the subject of this Privacy Policy, is complete, accurate and up-to-date, and that he\/she will immediately update this information in case of any change. Y\u0131ld\u0131z Poliethylene Ltd. \u015eti will not have any liability if the User does not provide up-to-date information.<\/p><p>If the User makes a request that will result in Y\u0131ld\u0131z Poliethylene Ltd. \u015eti not being able to use any of his\/her personal data, Y\u0131ld\u0131z Poliethylene Ltd. \u015eti. \u015eti. accepts and declares that it may not be able to fully benefit from the services it has committed to itself and that it will be responsible for any and all responsibilities arising from this.<\/p><p>Storage Period of Personal Data<\/p><p>Y\u0131ld\u0131z Poliethylene Ltd. \u015eti will store the personal data provided by the User for the duration of the services provided in order to fulfill the obligations arising from the nature of the services it offers.<\/p><p>In addition, Y\u0131ld\u0131z Poliethylene Ltd. \u015eti may store personal data for the period of limitation determined in accordance with the relevant legislation and limited to the purpose of establishing the necessary defenses within the scope of the dispute in the event of any dispute that may arise between the User and Y\u0131ld\u0131z Poliethylene Ltd. \u015eti.<\/p><p>Measures Regarding Data Security, Commitment<\/p><p>s and Responsibility<\/p><p>Y\u0131ld\u0131z Poliethylene Ltd. \u015eti, undertakes to:<\/p><p>\u2022 Not to process personal data illegally,<br \/>\u2022 Not to access personal data illegally, and<br \/>\u2022 To take the necessary technical and administrative measures and conduct the necessary inspections to ensure the appropriate level of security in order to ensure the preservation of personal data, under the conditions specified in the relevant legislation or expressed in this Privacy Policy.<\/p><p>If links are provided to other applications on the site, Y\u0131ld\u0131z Poliethylene Ltd. \u015eti does not bear any responsibility for the privacy policies and contents of the applications.<\/p><p>Y\u0131ld\u0131z Poliethylene Ltd. \u015eti does not accept any liability for any damages that may occur as a result of the use of personal data within the framework of the above conditions.<\/p><p>Changes in the Privacy Policy<\/p><p>Those who benefit from the services offered on the Website are deemed to have read and accepted all these terms. Y\u0131ld\u0131z Poliethylene Ltd. \u015eti reserves the right to change the provisions of the Privacy Policy without prior notice. The current Privacy Policy shall enter into force on the date it is presented to the user by any means.<\/p><table><tbody><tr><td class=\"s18\"><div><p class=\"s20\"><span class=\"s19\">TITLE :<\/span><\/p><\/div><\/td><td class=\"s21\"><div><p class=\"s20\"><span class=\"s22\">Y\u0131ld\u0131z Polietilen Ltd. \u015eti.<\/span><\/p><\/div><\/td><\/tr><tr><td class=\"s23\"><div><p class=\"s20\"><span class=\"s19\">ADRESS :<\/span><\/p><\/div><\/td><td class=\"s24\"><div><p class=\"s20\"><span class=\"s22\">\u0130vedik<\/span><span class=\"s22\"><span class=\"Apple-converted-space\">\u00a0<\/span>Organize Sanayi B\u00f6lgesi 1467.<span class=\"Apple-converted-space\">\u00a0<\/span><\/span><span class=\"s22\">Cadde , 1444<\/span><span class=\"s22\">. Sok. No: 1<span class=\"Apple-converted-space\">\u00a0<\/span><\/span><span class=\"s22\">Ostim<\/span><span class=\"s22\">, Ankara, T\u00fcrkiye<\/span><\/p><\/div><\/td><\/tr><tr><td class=\"s25\"><div><p class=\"s20\"><span class=\"s19\">TAX OFFICE\/TAX NUMBER :<\/span><\/p><\/div><\/td><td class=\"s26\"><div><p class=\"s20\"><span class=\"s22\">\u0130vedik<\/span><span class=\"s22\"><span class=\"Apple-converted-space\">\u00a0<\/span>V.D. Vergi No:<span class=\"Apple-converted-space\">\u00a0<\/span><\/span><span class=\"s22\">965 059 63 30<\/span><\/p><\/div><\/td><\/tr><tr><td class=\"s27\"><div><p class=\"s20\"><span class=\"s19\">E-<\/span><span class=\"s19\">MAIL :<\/span><\/p><\/div><\/td><td class=\"s28\"><div><p class=\"s20\"><span class=\"s22\">info@<\/span><span class=\"s22\">yildizpolietilen<\/span><span class=\"s22\">.com.tr<\/span><\/p><\/div><\/td><\/tr><tr><td class=\"s18\"><div><p class=\"s20\"><span class=\"s19\">WEBSITE :<\/span><\/p><\/div><\/td><td class=\"s21\"><div><p class=\"s20\"><span class=\"s29\">www.yildizpolietilen.com.tr<\/span><\/p><\/div><\/td><\/tr><tr><td class=\"s27\"><div><p class=\"s20\"><span class=\"s19\">KEP<span class=\"Apple-converted-space\">\u00a0<\/span><\/span><span class=\"s19\">ADRESS :<\/span><\/p><\/div><\/td><td class=\"s28\"><div><p class=\"s20\"><span class=\"s29\">yp@hs01.kep.tr<\/span><\/p><\/div><\/td><\/tr><tr><td class=\"s30\"><div><p class=\"s20\"><span class=\"s19\">NUMBER :<\/span><\/p><\/div><\/td><td class=\"s31\"><div><p class=\"s20\"><span class=\"s22\">+90 [312] 394 07 90<\/span><\/p><\/div><\/td><\/tr><tr><td class=\"s27\"><div><p class=\"s20\"><span class=\"s19\">FAX :<\/span><\/p><\/div><\/td><td class=\"s28\"><div><p class=\"s20\"><span class=\"s22\">+90 [312] 394 07 59<\/span><\/p><\/div><\/td><\/tr><\/tbody><\/table><\/div><\/div><\/div>\t\t\t\t\t\t\t\t<\/div>\n\t\t\t\t<\/div>\n\t\t\t\t\t<\/div>\n\t\t<\/div>\n\t\t\t\t\t<\/div>\n\t\t<\/section>\n\t\t\t\t<\/div>\n\t\t","protected":false},"excerpt":{"rendered":"<p>Y\u0131ld\u0131zY\u0131ld\u0131z Polietilen Privacy and Cookie Policy The principles that Y\u0131ld\u0131z Poliethylene Ltd. \u015eti follows when collecting and using personal data obtained through the website (\u201cWebsite\u201d) upon the request of the users are regulated in this Privacy Policy. Personal Data That May Be Collected Y\u0131ld\u0131z Poliethylene Ltd. \u015eti may collect on the Website; \u2022 Identity Information&#8230;<\/p>\n","protected":false},"author":1,"featured_media":0,"parent":0,"menu_order":0,"comment_status":"closed","ping_status":"closed","template":"template-builder.php","meta":{"pgc_sgb_lightbox_settings":"","footnotes":""},"class_list":["post-9835","page","type-page","status-publish","hentry"],"_links":{"self":[{"href":"https:\/\/www.yildizpolietilen.com\/en\/wp-json\/wp\/v2\/pages\/9835","targetHints":{"allow":["GET"]}}],"collection":[{"href":"https:\/\/www.yildizpolietilen.com\/en\/wp-json\/wp\/v2\/pages"}],"about":[{"href":"https:\/\/www.yildizpolietilen.com\/en\/wp-json\/wp\/v2\/types\/page"}],"author":[{"embeddable":true,"href":"https:\/\/www.yildizpolietilen.com\/en\/wp-json\/wp\/v2\/users\/1"}],"replies":[{"embeddable":true,"href":"https:\/\/www.yildizpolietilen.com\/en\/wp-json\/wp\/v2\/comments?post=9835"}],"version-history":[{"count":0,"href":"https:\/\/www.yildizpolietilen.com\/en\/wp-json\/wp\/v2\/pages\/9835\/revisions"}],"wp:attachment":[{"href":"https:\/\/www.yildizpolietilen.com\/en\/wp-json\/wp\/v2\/media?parent=9835"}],"curies":[{"name":"wp","href":"https:\/\/api.w.org\/{rel}","templated":true}]}}