{"id":10249,"date":"2024-08-13T16:33:03","date_gmt":"2024-08-13T13:33:03","guid":{"rendered":"https:\/\/yildizpolietilen.com\/ise-alim-sureci\/"},"modified":"2025-06-24T11:07:38","modified_gmt":"2025-06-24T08:07:38","slug":"recruitment-process","status":"publish","type":"page","link":"https:\/\/www.yildizpolietilen.com\/en\/recruitment-process\/","title":{"rendered":"Recruitment Process"},"content":{"rendered":"\t\t<div data-elementor-type=\"wp-page\" data-elementor-id=\"10249\" class=\"elementor elementor-10249 elementor-6756\" data-elementor-post-type=\"page\">\n\t\t\t\t\t\t<section class=\"elementor-section elementor-top-section elementor-element elementor-element-6089c940 elementor-section-full_width elementor-section-height-default elementor-section-height-default\" data-id=\"6089c940\" data-element_type=\"section\">\n\t\t\t\t\t\t<div class=\"elementor-container elementor-column-gap-no\">\n\t\t\t\t\t<div class=\"elementor-column elementor-col-100 elementor-top-column elementor-element elementor-element-3e556b33\" data-id=\"3e556b33\" data-element_type=\"column\">\n\t\t\t<div class=\"elementor-widget-wrap elementor-element-populated\">\n\t\t\t\t\r\n\t\t<div class=\"elementor-element elementor-element-562a6dbd elementor-widget elementor-widget-kontabanner\" data-id=\"562a6dbd\" data-element_type=\"widget\" data-settings=\"{&quot;ekit_we_effect_on&quot;:&quot;none&quot;}\" data-widget_type=\"kontabanner.default\">\n\t\t\t\t<div class=\"elementor-widget-container\">\n\t\t\t\t\t<div class=\"th-hero-wrapper hero-2\" id=\"hero\"><div class=\"hero-slider-2 th-carousel\" id=\"heroSlide6\" data-slide-show=\"1\" data-md-slide-show=\"1\" data-fade=\"true\"><div class=\"th-hero-slide\"><div class=\"th-hero-bg\" data-bg-src=\"https:\/\/images.pexels.com\/photos\/3184418\/pexels-photo-3184418.jpeg?auto=compress&#038;cs=tinysrgb&#038;w=1260&#038;h=750&#038;dpr=2\"><img decoding=\"async\" src=\"https:\/\/themeholy.com\/wordpress\/konta\/wp-content\/uploads\/2023\/09\/hero_overlay_2.png\" alt=\"hero_overlay_2\"  \/><\/div><div class=\"big-text\" data-ani=\"slideindown\" data-ani-delay=\"0.2s\">Y\u0131ld\u0131z Polietilen<\/div><div class=\"container th-container\"><div class=\"hero-style2\"><h1 class=\"hero-title text-white\" data-ani=\"slideindown\" data-ani-delay=\"0.4s\">\u0130\u015fe Al\u0131m<\/h1><h1 class=\"hero-title text-white\" data-ani=\"slideindown\" data-ani-delay=\"0.1s\"><span class=\"text-theme\"> S\u00fcreci <\/span><\/h1><p class=\"hero-text\" data-ani=\"slideinup\" data-ani-delay=\"0.1s\">Y\u0131ld\u0131z Polietilen olarak, \u015feffaf ve adil bir i\u015fe al\u0131m s\u00fcreciyle do\u011fru yetenekleri \u015firketimize kazand\u0131rmay\u0131 hedefliyoruz.<\/p><div class=\"btn-group\" data-ani=\"slideinup\" data-ani-delay=\"0.5s\"><\/div><\/div><\/div><\/div><\/div><div class=\"icon-box\"><button data-slick-prev=\"#heroSlide6\" class=\"slick-arrow default\"><i class=\"far fa-chevron-left\"><\/i><\/button><button data-slick-next=\"#heroSlide6\" class=\"slick-arrow default\"><i class=\"far fa-chevron-right\"><\/i><\/button><\/div><\/div>\t\t\t\t<\/div>\n\t\t\t\t<\/div>\n\t\t\t\t\t<\/div>\n\t\t<\/div>\n\t\t\t\t\t<\/div>\n\t\t<\/section>\n\t\t<div class=\"elementor-element elementor-element-baee000 e-flex e-con-boxed e-con e-parent\" data-id=\"baee000\" data-element_type=\"container\">\n\t\t\t\t\t<div class=\"e-con-inner\">\n\t\t<div class=\"elementor-element elementor-element-67c5002 e-con-full e-flex e-con e-child\" data-id=\"67c5002\" data-element_type=\"container\">\n\t\t\t\t<div class=\"elementor-element elementor-element-793d8a9 elementor-widget elementor-widget-spacer\" data-id=\"793d8a9\" data-element_type=\"widget\" data-settings=\"{&quot;ekit_we_effect_on&quot;:&quot;none&quot;}\" data-widget_type=\"spacer.default\">\n\t\t\t\t<div class=\"elementor-widget-container\">\n\t\t\t\t\t\t\t<div class=\"elementor-spacer\">\n\t\t\t<div class=\"elementor-spacer-inner\"><\/div>\n\t\t<\/div>\n\t\t\t\t\t\t<\/div>\n\t\t\t\t<\/div>\n\t\t\t\t<\/div>\n\t\t\t\t\t<\/div>\n\t\t\t\t<\/div>\n\t\t<div class=\"elementor-element elementor-element-723cc03 e-flex e-con-boxed e-con e-parent\" data-id=\"723cc03\" data-element_type=\"container\">\n\t\t\t\t\t<div class=\"e-con-inner\">\n\t\t<div class=\"elementor-element elementor-element-01873ab e-con-full e-flex e-con e-child\" data-id=\"01873ab\" data-element_type=\"container\">\n\t\t\t\t<\/div>\n\t\t<div class=\"elementor-element elementor-element-2ff4c08 e-con-full e-flex e-con e-child\" data-id=\"2ff4c08\" data-element_type=\"container\">\n\t\t\t\t<div class=\"elementor-element elementor-element-f5b0f12 elementor-widget elementor-widget-text-editor\" data-id=\"f5b0f12\" data-element_type=\"widget\" data-settings=\"{&quot;ekit_we_effect_on&quot;:&quot;none&quot;}\" data-widget_type=\"text-editor.default\">\n\t\t\t\t<div class=\"elementor-widget-container\">\n\t\t\t\t\t\t\t\t\t<h3 data-sourcepos=\"3:1-3:206\">Recruitment Process<\/h3><p data-sourcepos=\"3:1-3:206\">If you want to be a part of change, transformation and success, you are in the right place! Y\u0131ld\u0131z Polyethylene, as a company that grows with employee satisfaction and continuous development, invites talented professionals who want to write a success story to its dynamic team. <\/p><h3>How Does Our Recruitment Process Work?<\/h3><ul data-sourcepos=\"7:1-7:117\"><li data-sourcepos=\"7:1-7:117\"><strong>Evaluation of Your Application:<\/strong> Your application will be carefully reviewed and evaluated in line with the predispositions, competencies and qualifications (qualifications) required by the vacant position.<\/li><li><strong>Initial Evaluation: <\/strong>After review and evaluation, eligible applications are shortlisted. Shortlisted candidates are interviewed by phone or online. At this stage, more detailed information is obtained about the candidate&#8217;s career goal and compatibility with the company culture.  <\/li><li><strong>Competency Assessments: <\/strong>In the second stage, various assessment methods (psychometric tests, interviews, simulations, etc.) are applied to measure the competencies required by the position (differs depending on the position).<\/li><li><strong>Interview with Managers: <\/strong>In the final stage, the relevant Department\/Unit Managers are interviewed to discuss in detail the technical responsibilities and expectations required by the position.<\/li><li><strong>Offer and Contract:<\/strong> After review, evaluation and interviews, a written job offer is presented to the selected candidate. After the offer is accepted, a contract containing the requirements of the position is signed. <\/li><\/ul><h3 data-sourcepos=\"13:1-13:43\">Why Choose Yildiz Polyethylene?<\/h3><ul data-sourcepos=\"15:1-19:14\"><li data-sourcepos=\"15:1-15:128\"><strong>Career Opportunities<\/strong><strong>:<\/strong> Many career opportunities are offered to advance your career by taking part in a company that is a leader in the sector.<\/li><li><strong>Employee-Oriented Culture:<\/strong> Efforts to ensure employee satisfaction and happiness are planned and implemented.<\/li><li><strong>Continuous Development:<\/strong> Efforts to support employees to continuously improve themselves are planned and implemented.<\/li><li><strong>Remuneration and Social Benefits:<\/strong> A fair and transparent remuneration and benefits policy is in place.<\/li><\/ul><h3 data-sourcepos=\"21:1-21:37\">How can you make your application?<\/h3><p data-sourcepos=\"23:1-23:96\">You can contact us by applying for the relevant job postings via the <strong>career menu<\/strong> on our website.<\/p><h3 data-sourcepos=\"25:1-25:47\">What Should You Consider When Applying?<\/h3><ul data-sourcepos=\"27:1-30:0\"><li data-sourcepos=\"27:1-27:140\"><strong>CV-Resume:<\/strong> It is important to include accurate and up-to-date information about your previous work experience, educational background and competencies.<\/li><li><strong>A Comprehensive CV-Resume:<\/strong> Skills and experience required for the position applied for should be emphasized.<\/li><li><strong>Motivation Letter:<\/strong> It is important to clearly state the contributions to be made to Y\u0131ld\u0131z Polietilen for the relevant position.<\/li><\/ul><p><strong>Joining the Y\u0131ld\u0131z Polyethylene family means a new start in your career.  <\/strong><\/p><p><strong>Join the Y\u0131ld\u0131z Polyethylene family to be a part of change, transformation and success<\/strong><strong>!<\/strong><\/p>\t\t\t\t\t\t\t\t<\/div>\n\t\t\t\t<\/div>\n\t\t\t\t<\/div>\n\t\t<div class=\"elementor-element elementor-element-d87c099 e-con-full e-flex e-con e-child\" data-id=\"d87c099\" data-element_type=\"container\">\n\t\t\t\t<\/div>\n\t\t\t\t\t<\/div>\n\t\t\t\t<\/div>\n\t\t\t\t<section class=\"elementor-section elementor-top-section elementor-element elementor-element-dfeedd2 elementor-section-boxed elementor-section-height-default elementor-section-height-default\" data-id=\"dfeedd2\" data-element_type=\"section\">\n\t\t\t\t\t\t<div class=\"elementor-container elementor-column-gap-default\">\n\t\t\t\t\t<div class=\"elementor-column elementor-col-100 elementor-top-column elementor-element elementor-element-215fe6b\" data-id=\"215fe6b\" data-element_type=\"column\">\n\t\t\t<div class=\"elementor-widget-wrap elementor-element-populated\">\n\t\t\t\t\t\t<div class=\"elementor-element elementor-element-35d1cd0 elementor-widget elementor-widget-spacer\" data-id=\"35d1cd0\" data-element_type=\"widget\" data-settings=\"{&quot;ekit_we_effect_on&quot;:&quot;none&quot;}\" data-widget_type=\"spacer.default\">\n\t\t\t\t<div class=\"elementor-widget-container\">\n\t\t\t\t\t\t\t<div class=\"elementor-spacer\">\n\t\t\t<div class=\"elementor-spacer-inner\"><\/div>\n\t\t<\/div>\n\t\t\t\t\t\t<\/div>\n\t\t\t\t<\/div>\n\t\t\t\t\t<\/div>\n\t\t<\/div>\n\t\t\t\t\t<\/div>\n\t\t<\/section>\n\t\t\t\t<\/div>\n\t\t","protected":false},"excerpt":{"rendered":"<p>Y\u0131ld\u0131z Polietilen \u0130\u015fe Al\u0131m S\u00fcreci Y\u0131ld\u0131z Polietilen olarak, \u015feffaf ve adil bir i\u015fe al\u0131m s\u00fcreciyle do\u011fru yetenekleri \u015firketimize kazand\u0131rmay\u0131 hedefliyoruz. Recruitment Process If you want to be a part of change, transformation and success, you are in the right place! Y\u0131ld\u0131z Polyethylene, as a company that grows with employee satisfaction and continuous development, invites talented&#8230;<\/p>\n","protected":false},"author":1,"featured_media":0,"parent":0,"menu_order":0,"comment_status":"closed","ping_status":"closed","template":"template-builder.php","meta":{"pgc_sgb_lightbox_settings":"","footnotes":""},"class_list":["post-10249","page","type-page","status-publish","hentry"],"_links":{"self":[{"href":"https:\/\/www.yildizpolietilen.com\/en\/wp-json\/wp\/v2\/pages\/10249","targetHints":{"allow":["GET"]}}],"collection":[{"href":"https:\/\/www.yildizpolietilen.com\/en\/wp-json\/wp\/v2\/pages"}],"about":[{"href":"https:\/\/www.yildizpolietilen.com\/en\/wp-json\/wp\/v2\/types\/page"}],"author":[{"embeddable":true,"href":"https:\/\/www.yildizpolietilen.com\/en\/wp-json\/wp\/v2\/users\/1"}],"replies":[{"embeddable":true,"href":"https:\/\/www.yildizpolietilen.com\/en\/wp-json\/wp\/v2\/comments?post=10249"}],"version-history":[{"count":2,"href":"https:\/\/www.yildizpolietilen.com\/en\/wp-json\/wp\/v2\/pages\/10249\/revisions"}],"predecessor-version":[{"id":19094,"href":"https:\/\/www.yildizpolietilen.com\/en\/wp-json\/wp\/v2\/pages\/10249\/revisions\/19094"}],"wp:attachment":[{"href":"https:\/\/www.yildizpolietilen.com\/en\/wp-json\/wp\/v2\/media?parent=10249"}],"curies":[{"name":"wp","href":"https:\/\/api.w.org\/{rel}","templated":true}]}}