{"id":10238,"date":"2024-08-15T15:22:22","date_gmt":"2024-08-15T12:22:22","guid":{"rendered":"https:\/\/yildizpolietilen.com\/is-sagligi-ve-guvenligi-politikamiz\/"},"modified":"2024-11-24T04:20:44","modified_gmt":"2024-11-24T01:20:44","slug":"occupational-health-and-safety-policy","status":"publish","type":"page","link":"https:\/\/www.yildizpolietilen.com\/en\/occupational-health-and-safety-policy\/","title":{"rendered":"Occupational Health and Safety Policy"},"content":{"rendered":"\t\t<div data-elementor-type=\"wp-page\" data-elementor-id=\"10238\" class=\"elementor elementor-10238 elementor-7130\" data-elementor-post-type=\"page\">\n\t\t\t\t\t\t<section class=\"elementor-section elementor-top-section elementor-element elementor-element-6089c940 elementor-section-full_width elementor-section-height-default elementor-section-height-default\" data-id=\"6089c940\" data-element_type=\"section\">\n\t\t\t\t\t\t<div class=\"elementor-container elementor-column-gap-no\">\n\t\t\t\t\t<div class=\"elementor-column elementor-col-100 elementor-top-column elementor-element elementor-element-3e556b33\" data-id=\"3e556b33\" data-element_type=\"column\">\n\t\t\t<div class=\"elementor-widget-wrap elementor-element-populated\">\n\t\t\t\t\r\n\t\t<div class=\"elementor-element elementor-element-562a6dbd elementor-widget elementor-widget-kontabanner\" data-id=\"562a6dbd\" data-element_type=\"widget\" data-widget_type=\"kontabanner.default\">\n\t\t\t\t<div class=\"elementor-widget-container\">\n\t\t\t\t\t<div class=\"th-hero-wrapper hero-2\" id=\"hero\"><div class=\"hero-slider-2 th-carousel\" id=\"heroSlide6\" data-slide-show=\"1\" data-md-slide-show=\"1\" data-fade=\"true\"><div class=\"th-hero-slide\"><div class=\"th-hero-bg\" data-bg-src=\"https:\/\/images.pexels.com\/photos\/1366942\/pexels-photo-1366942.jpeg?auto=compress&#038;cs=tinysrgb&#038;w=1260&#038;h=750&#038;dpr=1\"><img decoding=\"async\" src=\"https:\/\/themeholy.com\/wordpress\/konta\/wp-content\/uploads\/2023\/09\/hero_overlay_2.png\" alt=\"hero_overlay_2\"  \/><\/div><div class=\"big-text\" data-ani=\"slideindown\" data-ani-delay=\"0.2s\">Y\u0131ld\u0131z Polietilen<\/div><div class=\"container th-container\"><div class=\"hero-style2\"><h1 class=\"hero-title text-white\" data-ani=\"slideindown\" data-ani-delay=\"0.4s\">Occupational Health<\/h1><h1 class=\"hero-title text-white\" data-ani=\"slideindown\" data-ani-delay=\"0.1s\"><span class=\"text-theme\">and Safety Policy<\/span><\/h1><p class=\"hero-text\" data-ani=\"slideinup\" data-ani-delay=\"0.1s\">As Y\u0131ld\u0131z Polietilen, we aim to produce in accordance with occupational health and safety standards, to ensure the safety of our employees and to keep customer satisfaction at the highest level.<\/p><div class=\"btn-group\" data-ani=\"slideinup\" data-ani-delay=\"0.5s\"><\/div><\/div><\/div><\/div><\/div><div class=\"icon-box\"><button data-slick-prev=\"#heroSlide6\" class=\"slick-arrow default\"><i class=\"far fa-chevron-left\"><\/i><\/button><button data-slick-next=\"#heroSlide6\" class=\"slick-arrow default\"><i class=\"far fa-chevron-right\"><\/i><\/button><\/div><\/div>\t\t\t\t<\/div>\n\t\t\t\t<\/div>\n\t\t\t\t\t<\/div>\n\t\t<\/div>\n\t\t\t\t\t<\/div>\n\t\t<\/section>\n\t\t<div class=\"elementor-element elementor-element-d4a2852 e-flex e-con-boxed e-con e-parent\" data-id=\"d4a2852\" data-element_type=\"container\">\n\t\t\t\t\t<div class=\"e-con-inner\">\n\t\t\t\t<div class=\"elementor-element elementor-element-b2a3370 elementor-widget elementor-widget-spacer\" data-id=\"b2a3370\" data-element_type=\"widget\" data-widget_type=\"spacer.default\">\n\t\t\t\t<div class=\"elementor-widget-container\">\n\t\t\t\t\t\t\t<div class=\"elementor-spacer\">\n\t\t\t<div class=\"elementor-spacer-inner\"><\/div>\n\t\t<\/div>\n\t\t\t\t\t\t<\/div>\n\t\t\t\t<\/div>\n\t\t\t\t\t<\/div>\n\t\t\t\t<\/div>\n\t\t<div class=\"elementor-element elementor-element-723cc03 e-flex e-con-boxed e-con e-parent\" data-id=\"723cc03\" data-element_type=\"container\">\n\t\t\t\t\t<div class=\"e-con-inner\">\n\t\t<div class=\"elementor-element elementor-element-01873ab e-con-full e-flex e-con e-child\" data-id=\"01873ab\" data-element_type=\"container\">\n\t\t\t\t<\/div>\n\t\t<div class=\"elementor-element elementor-element-2ff4c08 e-con-full e-flex e-con e-child\" data-id=\"2ff4c08\" data-element_type=\"container\">\n\t\t\t\t<div class=\"elementor-element elementor-element-f5b0f12 elementor-widget elementor-widget-text-editor\" data-id=\"f5b0f12\" data-element_type=\"widget\" data-widget_type=\"text-editor.default\">\n\t\t\t\t<div class=\"elementor-widget-container\">\n\t\t\t\t\t\t\t\t\t<h3>OCCUPATIONAL HEALTH AND SAFETY POLICY<\/h3>\n<ul>\n \t<li>Ensuring the sustainability of safe and healthy working conditions,<\/li>\n \t<li>Take necessary measures to prevent accidents and work-related health problems,<\/li>\n \t<li>Identify and reduce health and safety risks arising from the activities we undertake,<\/li>\n \t<li>Valuing the suggestions of employees and all other stakeholders on issues affecting health and safety,<\/li>\n \t<li>Ensure that all employees are competent to do their jobs,<\/li>\n \t<li>Comply with all applicable legal requirements and ISO 45001:2018 requirements,<\/li>\n \t<li>Measure and continuously improve Occupational Health and Safety Management System performance.<\/li>\n<\/ul>\t\t\t\t\t\t\t\t<\/div>\n\t\t\t\t<\/div>\n\t\t\t\t<\/div>\n\t\t<div class=\"elementor-element elementor-element-d87c099 e-con-full e-flex e-con e-child\" data-id=\"d87c099\" data-element_type=\"container\">\n\t\t\t\t<\/div>\n\t\t\t\t\t<\/div>\n\t\t\t\t<\/div>\n\t\t\t\t<section class=\"elementor-section elementor-top-section elementor-element elementor-element-dfeedd2 elementor-section-boxed elementor-section-height-default elementor-section-height-default\" data-id=\"dfeedd2\" data-element_type=\"section\">\n\t\t\t\t\t\t<div class=\"elementor-container elementor-column-gap-default\">\n\t\t\t\t\t<div class=\"elementor-column elementor-col-100 elementor-top-column elementor-element elementor-element-215fe6b\" data-id=\"215fe6b\" data-element_type=\"column\">\n\t\t\t<div class=\"elementor-widget-wrap elementor-element-populated\">\n\t\t\t\t\t\t<div class=\"elementor-element elementor-element-35d1cd0 elementor-widget elementor-widget-spacer\" data-id=\"35d1cd0\" data-element_type=\"widget\" data-widget_type=\"spacer.default\">\n\t\t\t\t<div class=\"elementor-widget-container\">\n\t\t\t\t\t\t\t<div class=\"elementor-spacer\">\n\t\t\t<div class=\"elementor-spacer-inner\"><\/div>\n\t\t<\/div>\n\t\t\t\t\t\t<\/div>\n\t\t\t\t<\/div>\n\t\t\t\t\t<\/div>\n\t\t<\/div>\n\t\t\t\t\t<\/div>\n\t\t<\/section>\n\t\t\t\t<\/div>\n\t\t","protected":false},"excerpt":{"rendered":"<p>Y\u0131ld\u0131z Polietilen Occupational Health and Safety Policy As Y\u0131ld\u0131z Polietilen, we aim to produce in accordance with occupational health and safety standards, to ensure the safety of our employees and to keep customer satisfaction at the highest level. OCCUPATIONAL HEALTH AND SAFETY POLICY Ensuring the sustainability of safe and healthy working conditions, Take necessary measures&#8230;<\/p>\n","protected":false},"author":1,"featured_media":0,"parent":0,"menu_order":0,"comment_status":"closed","ping_status":"closed","template":"template-builder.php","meta":{"pgc_sgb_lightbox_settings":"","footnotes":""},"class_list":["post-10238","page","type-page","status-publish","hentry"],"_links":{"self":[{"href":"https:\/\/www.yildizpolietilen.com\/en\/wp-json\/wp\/v2\/pages\/10238","targetHints":{"allow":["GET"]}}],"collection":[{"href":"https:\/\/www.yildizpolietilen.com\/en\/wp-json\/wp\/v2\/pages"}],"about":[{"href":"https:\/\/www.yildizpolietilen.com\/en\/wp-json\/wp\/v2\/types\/page"}],"author":[{"embeddable":true,"href":"https:\/\/www.yildizpolietilen.com\/en\/wp-json\/wp\/v2\/users\/1"}],"replies":[{"embeddable":true,"href":"https:\/\/www.yildizpolietilen.com\/en\/wp-json\/wp\/v2\/comments?post=10238"}],"version-history":[{"count":0,"href":"https:\/\/www.yildizpolietilen.com\/en\/wp-json\/wp\/v2\/pages\/10238\/revisions"}],"wp:attachment":[{"href":"https:\/\/www.yildizpolietilen.com\/en\/wp-json\/wp\/v2\/media?parent=10238"}],"curies":[{"name":"wp","href":"https:\/\/api.w.org\/{rel}","templated":true}]}}