{"id":10204,"date":"2024-08-13T16:09:42","date_gmt":"2024-08-13T13:09:42","guid":{"rendered":"https:\/\/yildizpolietilen.com\/insan-kaynaklari-politikamiz\/"},"modified":"2025-06-24T11:07:34","modified_gmt":"2025-06-24T08:07:34","slug":"our-human-resources-policy","status":"publish","type":"page","link":"https:\/\/www.yildizpolietilen.com\/en\/our-human-resources-policy\/","title":{"rendered":"Our Human Resources Policy"},"content":{"rendered":"\t\t<div data-elementor-type=\"wp-page\" data-elementor-id=\"10204\" class=\"elementor elementor-10204 elementor-6726\" data-elementor-post-type=\"page\">\n\t\t\t\t\t\t<section class=\"elementor-section elementor-top-section elementor-element elementor-element-6089c940 elementor-section-full_width elementor-section-height-default elementor-section-height-default\" data-id=\"6089c940\" data-element_type=\"section\">\n\t\t\t\t\t\t<div class=\"elementor-container elementor-column-gap-no\">\n\t\t\t\t\t<div class=\"elementor-column elementor-col-100 elementor-top-column elementor-element elementor-element-3e556b33\" data-id=\"3e556b33\" data-element_type=\"column\">\n\t\t\t<div class=\"elementor-widget-wrap elementor-element-populated\">\n\t\t\t\t\r\n\t\t<div class=\"elementor-element elementor-element-562a6dbd elementor-widget elementor-widget-kontabanner\" data-id=\"562a6dbd\" data-element_type=\"widget\" data-widget_type=\"kontabanner.default\">\n\t\t\t\t<div class=\"elementor-widget-container\">\n\t\t\t\t\t<div class=\"th-hero-wrapper hero-2\" id=\"hero\"><div class=\"hero-slider-2 th-carousel\" id=\"heroSlide6\" data-slide-show=\"1\" data-md-slide-show=\"1\" data-fade=\"true\"><div class=\"th-hero-slide\"><div class=\"th-hero-bg\" data-bg-src=\"https:\/\/yildizpolietilen.com\/wp-content\/uploads\/2024\/11\/pexels-photo-3184418.webp\"><img decoding=\"async\" src=\"https:\/\/themeholy.com\/wordpress\/konta\/wp-content\/uploads\/2023\/09\/hero_overlay_2.png\" alt=\"hero_overlay_2\"  \/><\/div><div class=\"big-text\" data-ani=\"slideindown\" data-ani-delay=\"0.2s\">Y\u0131ld\u0131z Polietilen<\/div><div class=\"container th-container\"><div class=\"hero-style2\"><h1 class=\"hero-title text-white\" data-ani=\"slideindown\" data-ani-delay=\"0.4s\">\u0130nsan Kaynaklar\u0131<\/h1><h1 class=\"hero-title text-white\" data-ani=\"slideindown\" data-ani-delay=\"0.1s\"><span class=\"text-theme\"> Politikam\u0131z <\/span><\/h1><p class=\"hero-text\" data-ani=\"slideinup\" data-ani-delay=\"0.1s\">Y\u0131ld\u0131z Polietilen olarak, insan kayna\u011f\u0131m\u0131z\u0131n geli\u015fimini desteklemek amac\u0131yla yenilik\u00e7i \u00e7\u00f6z\u00fcmler \u00fcretir, sekt\u00f6rdeki en son teknolojileri takip eder ve hayata ge\u00e7iririz. \u0130novasyon, b\u00fcy\u00fcmemizin ve ba\u015far\u0131m\u0131z\u0131n temelini olu\u015fturur.<\/p><div class=\"btn-group\" data-ani=\"slideinup\" data-ani-delay=\"0.5s\"><\/div><\/div><\/div><\/div><\/div><div class=\"icon-box\"><button data-slick-prev=\"#heroSlide6\" class=\"slick-arrow default\"><i class=\"far fa-chevron-left\"><\/i><\/button><button data-slick-next=\"#heroSlide6\" class=\"slick-arrow default\"><i class=\"far fa-chevron-right\"><\/i><\/button><\/div><\/div>\t\t\t\t<\/div>\n\t\t\t\t<\/div>\n\t\t\t\t\t<\/div>\n\t\t<\/div>\n\t\t\t\t\t<\/div>\n\t\t<\/section>\n\t\t<div class=\"elementor-element elementor-element-d4a2852 e-flex e-con-boxed e-con e-parent\" data-id=\"d4a2852\" data-element_type=\"container\">\n\t\t\t\t\t<div class=\"e-con-inner\">\n\t\t\t\t<div class=\"elementor-element elementor-element-b2a3370 elementor-widget elementor-widget-spacer\" data-id=\"b2a3370\" data-element_type=\"widget\" data-widget_type=\"spacer.default\">\n\t\t\t\t<div class=\"elementor-widget-container\">\n\t\t\t\t\t\t\t<div class=\"elementor-spacer\">\n\t\t\t<div class=\"elementor-spacer-inner\"><\/div>\n\t\t<\/div>\n\t\t\t\t\t\t<\/div>\n\t\t\t\t<\/div>\n\t\t\t\t\t<\/div>\n\t\t\t\t<\/div>\n\t\t<div class=\"elementor-element elementor-element-723cc03 e-flex e-con-boxed e-con e-parent\" data-id=\"723cc03\" data-element_type=\"container\">\n\t\t\t\t\t<div class=\"e-con-inner\">\n\t\t<div class=\"elementor-element elementor-element-01873ab e-con-full e-flex e-con e-child\" data-id=\"01873ab\" data-element_type=\"container\">\n\t\t\t\t<\/div>\n\t\t<div class=\"elementor-element elementor-element-2ff4c08 e-con-full e-flex e-con e-child\" data-id=\"2ff4c08\" data-element_type=\"container\">\n\t\t\t\t<div class=\"elementor-element elementor-element-f5b0f12 elementor-widget elementor-widget-text-editor\" data-id=\"f5b0f12\" data-element_type=\"widget\" data-widget_type=\"text-editor.default\">\n\t\t\t\t<div class=\"elementor-widget-container\">\n\t\t\t\t\t\t\t\t\t<h3 data-sourcepos=\"5:1-5:544\">Our Human Resources Policy<\/h3><p data-sourcepos=\"5:1-5:544\">The happiness and success of our employees is our greatest value. The satisfaction, motivation and continuous development of our employees form the basis of our success. For this reason, we have established a Human Resources Policy that aims to establish a long-term and mutual trust relationship with our employees. Our policy aims to ensure that our employees have equal opportunities, develop their talents and support their continuous development. Our Human Resources Policy aims to ensure that employees have equal opportunities in all processes, maximize the use of their talents and support their continuous development in line with the company&#8217;s vision, mission and values.    <\/p><h3 data-sourcepos=\"7:1-7:27\">Selection, Placement and Orientation<\/h3><ul><li><strong>Equal Opportunities<\/strong> Every candidate is given an equal chance in the recruitment process and no discrimination is made for any reason under any circumstances.<\/li><li><strong>Selection and Placement:<\/strong> Candidates are assessed based on aptitude, ability, competence and qualifications.<\/li><li><strong>Orientation<\/strong> Comprehensive orientation programs on company culture, business processes and employee rights are implemented.<\/li><\/ul><h3 data-sourcepos=\"13:1-13:23\">Performance Management<\/h3><ul><li><strong>Goal Setting:<\/strong> Individual and team goals are set. They are regularly monitored and feedback is provided. <\/li><li><strong>Performance Evaluations:<\/strong> Through objective and fair performance evaluations, the development of employees is supported and their achievements are rewarded.<\/li><li><strong>Career Planning:<\/strong> Employees are encouraged to set their career goals and are provided with the necessary support and training to realize these goals.<\/li><\/ul><h3 data-sourcepos=\"19:1-19:21\">Training and Development<\/h3><ul data-sourcepos=\"21:1-24:0\"><li data-sourcepos=\"21:1-21:133\"><strong><strong>Su<\/strong><\/strong><strong>Continuous Learning Culture:<\/strong> Employees are encouraged to learn continuously, and internal and external training programs are planned and carried out for this purpose.<\/li><li data-sourcepos=\"21:1-21:133\"><strong>Personalized Development Plans:<\/strong> Personalized development plans are created and implemented in accordance with the development needs of our employees.<p><strong>Mentoring Program:<\/strong> Experienced employees are paired with new employees to transfer knowledge and experience.<\/p><\/li><\/ul><h3 data-sourcepos=\"25:1-25:34\">Remuneration and Social Benefits<\/h3><ul><li><strong><strong>A<\/strong><\/strong><strong>Language Remuneration: <\/strong>A fair and transparent remuneration system is applied in accordance with the performance, seniority and market conditions of the employees.<\/li><li><strong>Extensive Social Benefits:<\/strong> Efforts are made to improve the quality of life of employees with a wide range of social benefits such as health insurance, cafeteria\/dining card, and transportation support.<\/li><li data-sourcepos=\"27:1-27:139\"><p><strong>Bonus and Reward Systems:<\/strong> Employees are supported with various bonuses and rewards in line with their achievements and contributions.<\/p><\/li><\/ul><h3 data-sourcepos=\"31:1-31:18\">Working Environment<\/h3><ul><li><strong>Safe and Healthy Working Environment:<\/strong> All necessary measures are taken to prevent occupational accidents, and efforts are made to protect the physical and psychological health of employees.<\/li><li><strong>Work and Private Life Balance:<\/strong> Policies are implemented to help employees balance work and private life.<\/li><li><strong>Diversity and Inclusion:<\/strong> Differences are seen as richness and all employees are enabled to use their potential.<\/li><\/ul><h3 data-sourcepos=\"37:1-37:25\">Communication and Transparency<\/h3><ul><li><strong>Open and Transparent Communication:<\/strong> Employees are regularly communicated with and work-related developments are shared through internal communication channels.<\/li><li><strong>Feedback Mechanisms:<\/strong> Feedback mechanisms have been established to evaluate employees&#8217; ideas and suggestions.<\/li><\/ul><h3 data-sourcepos=\"42:1-42:23\">Employee Satisfaction<\/h3><ul><li><strong><strong>Employee Satisfaction Surveys:<\/strong><\/strong> Employee satisfaction surveys are conducted on a regular basis to obtain the opinions of employees. Improvement and development activities are carried out accordingly. <\/li><li><strong>Employee Assistance Programs:<\/strong> Various support programs are offered to help employees deal with personal issues.<\/li><\/ul><h3 data-sourcepos=\"47:1-47:22\">Change and Development<\/h3><ul data-sourcepos=\"49:1-51:0\"><li data-sourcepos=\"49:1-49:138\"><strong>Continuous Improvement<\/strong>: A culture of continuous improvement is adopted and new ideas and practices are developed with the participation of employees.<\/li><li data-sourcepos=\"49:1-49:138\"><p><strong>Following Technological Developments:<\/strong> Technological developments in the sector are closely monitored and support is provided for employees to adapt to these developments.<\/p><\/li><\/ul>\t\t\t\t\t\t\t\t<\/div>\n\t\t\t\t<\/div>\n\t\t\t\t<\/div>\n\t\t<div class=\"elementor-element elementor-element-d87c099 e-con-full e-flex e-con e-child\" data-id=\"d87c099\" data-element_type=\"container\">\n\t\t\t\t<\/div>\n\t\t\t\t\t<\/div>\n\t\t\t\t<\/div>\n\t\t\t\t<section class=\"elementor-section elementor-top-section elementor-element elementor-element-dfeedd2 elementor-section-boxed elementor-section-height-default elementor-section-height-default\" data-id=\"dfeedd2\" data-element_type=\"section\">\n\t\t\t\t\t\t<div class=\"elementor-container elementor-column-gap-default\">\n\t\t\t\t\t<div class=\"elementor-column elementor-col-100 elementor-top-column elementor-element elementor-element-215fe6b\" data-id=\"215fe6b\" data-element_type=\"column\">\n\t\t\t<div class=\"elementor-widget-wrap elementor-element-populated\">\n\t\t\t\t\t\t<div class=\"elementor-element elementor-element-35d1cd0 elementor-widget elementor-widget-spacer\" data-id=\"35d1cd0\" data-element_type=\"widget\" data-widget_type=\"spacer.default\">\n\t\t\t\t<div class=\"elementor-widget-container\">\n\t\t\t\t\t\t\t<div class=\"elementor-spacer\">\n\t\t\t<div class=\"elementor-spacer-inner\"><\/div>\n\t\t<\/div>\n\t\t\t\t\t\t<\/div>\n\t\t\t\t<\/div>\n\t\t\t\t\t<\/div>\n\t\t<\/div>\n\t\t\t\t\t<\/div>\n\t\t<\/section>\n\t\t\t\t<\/div>\n\t\t","protected":false},"excerpt":{"rendered":"<p>Y\u0131ld\u0131z Polietilen \u0130nsan Kaynaklar\u0131 Politikam\u0131z Y\u0131ld\u0131z Polietilen olarak, insan kayna\u011f\u0131m\u0131z\u0131n geli\u015fimini desteklemek amac\u0131yla yenilik\u00e7i \u00e7\u00f6z\u00fcmler \u00fcretir, sekt\u00f6rdeki en son teknolojileri takip eder ve hayata ge\u00e7iririz. \u0130novasyon, b\u00fcy\u00fcmemizin ve ba\u015far\u0131m\u0131z\u0131n temelini olu\u015fturur. Our Human Resources Policy The happiness and success of our employees is our greatest value. The satisfaction, motivation and continuous development of our employees&#8230;<\/p>\n","protected":false},"author":1,"featured_media":0,"parent":0,"menu_order":0,"comment_status":"closed","ping_status":"closed","template":"template-builder.php","meta":{"pgc_sgb_lightbox_settings":"","footnotes":""},"class_list":["post-10204","page","type-page","status-publish","hentry"],"_links":{"self":[{"href":"https:\/\/www.yildizpolietilen.com\/en\/wp-json\/wp\/v2\/pages\/10204","targetHints":{"allow":["GET"]}}],"collection":[{"href":"https:\/\/www.yildizpolietilen.com\/en\/wp-json\/wp\/v2\/pages"}],"about":[{"href":"https:\/\/www.yildizpolietilen.com\/en\/wp-json\/wp\/v2\/types\/page"}],"author":[{"embeddable":true,"href":"https:\/\/www.yildizpolietilen.com\/en\/wp-json\/wp\/v2\/users\/1"}],"replies":[{"embeddable":true,"href":"https:\/\/www.yildizpolietilen.com\/en\/wp-json\/wp\/v2\/comments?post=10204"}],"version-history":[{"count":2,"href":"https:\/\/www.yildizpolietilen.com\/en\/wp-json\/wp\/v2\/pages\/10204\/revisions"}],"predecessor-version":[{"id":19087,"href":"https:\/\/www.yildizpolietilen.com\/en\/wp-json\/wp\/v2\/pages\/10204\/revisions\/19087"}],"wp:attachment":[{"href":"https:\/\/www.yildizpolietilen.com\/en\/wp-json\/wp\/v2\/media?parent=10204"}],"curies":[{"name":"wp","href":"https:\/\/api.w.org\/{rel}","templated":true}]}}