{"id":10092,"date":"2024-08-13T16:48:30","date_gmt":"2024-08-13T13:48:30","guid":{"rendered":"https:\/\/yildizpolietilen.com\/egitim-yonetimi\/"},"modified":"2025-06-24T11:07:21","modified_gmt":"2025-06-24T08:07:21","slug":"education-management","status":"publish","type":"page","link":"https:\/\/www.yildizpolietilen.com\/en\/education-management\/","title":{"rendered":"Education Management"},"content":{"rendered":"\t\t<div data-elementor-type=\"wp-page\" data-elementor-id=\"10092\" class=\"elementor elementor-10092 elementor-6780\" data-elementor-post-type=\"page\">\n\t\t\t\t\t\t<section class=\"elementor-section elementor-top-section elementor-element elementor-element-6089c940 elementor-section-full_width elementor-section-height-default elementor-section-height-default\" data-id=\"6089c940\" data-element_type=\"section\">\n\t\t\t\t\t\t<div class=\"elementor-container elementor-column-gap-no\">\n\t\t\t\t\t<div class=\"elementor-column elementor-col-100 elementor-top-column elementor-element elementor-element-3e556b33\" data-id=\"3e556b33\" data-element_type=\"column\">\n\t\t\t<div class=\"elementor-widget-wrap elementor-element-populated\">\n\t\t\t\t\r\n\t\t<div class=\"elementor-element elementor-element-562a6dbd elementor-widget elementor-widget-kontabanner\" data-id=\"562a6dbd\" data-element_type=\"widget\" data-widget_type=\"kontabanner.default\">\n\t\t\t\t<div class=\"elementor-widget-container\">\n\t\t\t\t\t<div class=\"th-hero-wrapper hero-2\" id=\"hero\"><div class=\"hero-slider-2 th-carousel\" id=\"heroSlide6\" data-slide-show=\"1\" data-md-slide-show=\"1\" data-fade=\"true\"><div class=\"th-hero-slide\"><div class=\"th-hero-bg\" data-bg-src=\"https:\/\/yildizpolietilen.com\/wp-content\/uploads\/2024\/11\/pexels-photo-3184418.webp\"><img decoding=\"async\" src=\"https:\/\/themeholy.com\/wordpress\/konta\/wp-content\/uploads\/2023\/09\/hero_overlay_2.png\" alt=\"hero_overlay_2\"  \/><\/div><div class=\"big-text\" data-ani=\"slideindown\" data-ani-delay=\"0.2s\">Y\u0131ld\u0131z Polietilen<\/div><div class=\"container th-container\"><div class=\"hero-style2\"><h1 class=\"hero-title text-white\" data-ani=\"slideindown\" data-ani-delay=\"0.4s\">E\u011fitim<\/h1><h1 class=\"hero-title text-white\" data-ani=\"slideindown\" data-ani-delay=\"0.1s\"><span class=\"text-theme\"> Y\u00f6netimi <\/span><\/h1><p class=\"hero-text\" data-ani=\"slideinup\" data-ani-delay=\"0.1s\">Y\u0131ld\u0131z Polietilen olarak, \u00e7al\u0131\u015fanlar\u0131m\u0131z\u0131n yetkinliklerini art\u0131rmak i\u00e7in s\u00fcrekli \u00f6\u011frenme ve geli\u015fim f\u0131rsatlar\u0131 sunuyoruz.<\/p><div class=\"btn-group\" data-ani=\"slideinup\" data-ani-delay=\"0.5s\"><\/div><\/div><\/div><\/div><\/div><div class=\"icon-box\"><button data-slick-prev=\"#heroSlide6\" class=\"slick-arrow default\"><i class=\"far fa-chevron-left\"><\/i><\/button><button data-slick-next=\"#heroSlide6\" class=\"slick-arrow default\"><i class=\"far fa-chevron-right\"><\/i><\/button><\/div><\/div>\t\t\t\t<\/div>\n\t\t\t\t<\/div>\n\t\t\t\t\t<\/div>\n\t\t<\/div>\n\t\t\t\t\t<\/div>\n\t\t<\/section>\n\t\t<div class=\"elementor-element elementor-element-d4a2852 e-flex e-con-boxed e-con e-parent\" data-id=\"d4a2852\" data-element_type=\"container\">\n\t\t\t\t\t<div class=\"e-con-inner\">\n\t\t\t\t<div class=\"elementor-element elementor-element-b2a3370 elementor-widget elementor-widget-spacer\" data-id=\"b2a3370\" data-element_type=\"widget\" data-widget_type=\"spacer.default\">\n\t\t\t\t<div class=\"elementor-widget-container\">\n\t\t\t\t\t\t\t<div class=\"elementor-spacer\">\n\t\t\t<div class=\"elementor-spacer-inner\"><\/div>\n\t\t<\/div>\n\t\t\t\t\t\t<\/div>\n\t\t\t\t<\/div>\n\t\t\t\t\t<\/div>\n\t\t\t\t<\/div>\n\t\t<div class=\"elementor-element elementor-element-723cc03 e-flex e-con-boxed e-con e-parent\" data-id=\"723cc03\" data-element_type=\"container\">\n\t\t\t\t\t<div class=\"e-con-inner\">\n\t\t<div class=\"elementor-element elementor-element-01873ab e-con-full e-flex e-con e-child\" data-id=\"01873ab\" data-element_type=\"container\">\n\t\t\t\t<\/div>\n\t\t<div class=\"elementor-element elementor-element-2ff4c08 e-con-full e-flex e-con e-child\" data-id=\"2ff4c08\" data-element_type=\"container\">\n\t\t\t\t<div class=\"elementor-element elementor-element-f5b0f12 elementor-widget elementor-widget-text-editor\" data-id=\"f5b0f12\" data-element_type=\"widget\" data-widget_type=\"text-editor.default\">\n\t\t\t\t<div class=\"elementor-widget-container\">\n\t\t\t\t\t\t\t\t\t<h3 data-sourcepos=\"3:1-3:356\">Education Management<\/h3>\n<p>As Y\u0131ld\u0131z Polietilen, we aim to achieve our company goals by supporting the continuous learning and development of our employees. Our training management system, which we have created in this direction, aims to help our employees keep their knowledge and skills up-to-date, gain new competencies and achieve their career goals. <\/p>\n<h3 class=\"\" data-sourcepos=\"5:1-5:29\">Our Education Management Process<\/h3>\n<p data-sourcepos=\"7:1-7:106\">Our training management process is designed in line with the needs of our employees and the company&#8217;s objectives. The process includes the following steps: <\/p>\n<ol data-sourcepos=\"9:1-10:231\">\n<li data-sourcepos=\"9:1-9:223\"><strong>Needs Analysis:<\/strong> The development needs of employees and the company are regularly analyzed. These analyses are conducted by taking into account performance evaluation results, employee feedback and company strategies. <\/li>\n<li data-sourcepos=\"10:1-10:231\"><strong>Training Program Design:<\/strong> Various training programs are designed in accordance with the identified needs. These programs may include face-to-face trainings, online trainings, seminars, workshops and mentoring programs. <\/li>\n<li data-sourcepos=\"11:1-11:164\"><strong>Training Implementation:<\/strong> Designed training programs are implemented by experienced trainers. Trainings are realized through interactive and participatory methods. <\/li>\n<li data-sourcepos=\"12:1-12:159\"><strong>Training Evaluation:<\/strong> The effectiveness of the trainings is evaluated in line with the feedback of the participants and the results obtained after the training.<\/li>\n<li data-sourcepos=\"13:1-14:0\"><strong>Knowledge Sharing:<\/strong> The information obtained in trainings is shared with all employees and a culture of information sharing is created throughout the company.<\/li>\n<\/ol>\n<h3 class=\"\" data-sourcepos=\"15:1-15:22\">Education Areas<\/h3>\n<p data-sourcepos=\"17:1-17:95\">In order to contribute to the development of our employees, we organize trainings on the following topics:<\/p>\n<ul data-sourcepos=\"19:1-21:54\">\n<li data-sourcepos=\"19:1-19:169\"><strong>Technical Trainings:<\/strong> Trainings aimed at developing the technical knowledge and skills necessary for our employees to better fulfill their duties.<\/li>\n<li data-sourcepos=\"20:1-20:143\"><strong>Soft Skills Trainings:<\/strong> Trainings to develop soft skills such as leadership, communication, teamwork, problem solving.<\/li>\n<li data-sourcepos=\"21:1-21:54\"><strong>Management (Leadership) Trainings:<\/strong> Trainings for our managers on topics such as management skills, strategic thinking and decision making.<\/li>\n<li data-sourcepos=\"22:1-22:134\"><strong>Language Trainings:<\/strong> With foreign language trainings, we enable our employees to communicate more effectively in the international arena.<\/li>\n<li data-sourcepos=\"23:1-24:0\"><strong>Personal Development Trainings:<\/strong> We support the personal development of our employees by organizing trainings on topics such as stress management, time management and motivation.<\/li>\n<\/ul>\n<h3 class=\"\" data-sourcepos=\"25:1-25:18\">Access to Education<\/h3>\n<p data-sourcepos=\"27:1-27:223\">All our employees can easily access the trainings they deem appropriate in line with their career goals. They can access detailed information about our internal and external training programs through our in-house training portal. <\/p>\t\t\t\t\t\t\t\t<\/div>\n\t\t\t\t<\/div>\n\t\t\t\t<\/div>\n\t\t<div class=\"elementor-element elementor-element-d87c099 e-con-full e-flex e-con e-child\" data-id=\"d87c099\" data-element_type=\"container\">\n\t\t\t\t<\/div>\n\t\t\t\t\t<\/div>\n\t\t\t\t<\/div>\n\t\t\t\t<section class=\"elementor-section elementor-top-section elementor-element elementor-element-dfeedd2 elementor-section-boxed elementor-section-height-default elementor-section-height-default\" data-id=\"dfeedd2\" data-element_type=\"section\">\n\t\t\t\t\t\t<div class=\"elementor-container elementor-column-gap-default\">\n\t\t\t\t\t<div class=\"elementor-column elementor-col-100 elementor-top-column elementor-element elementor-element-215fe6b\" data-id=\"215fe6b\" data-element_type=\"column\">\n\t\t\t<div class=\"elementor-widget-wrap elementor-element-populated\">\n\t\t\t\t\t\t<div class=\"elementor-element elementor-element-35d1cd0 elementor-widget elementor-widget-spacer\" data-id=\"35d1cd0\" data-element_type=\"widget\" data-widget_type=\"spacer.default\">\n\t\t\t\t<div class=\"elementor-widget-container\">\n\t\t\t\t\t\t\t<div class=\"elementor-spacer\">\n\t\t\t<div class=\"elementor-spacer-inner\"><\/div>\n\t\t<\/div>\n\t\t\t\t\t\t<\/div>\n\t\t\t\t<\/div>\n\t\t\t\t\t<\/div>\n\t\t<\/div>\n\t\t\t\t\t<\/div>\n\t\t<\/section>\n\t\t\t\t<\/div>\n\t\t","protected":false},"excerpt":{"rendered":"<p>Y\u0131ld\u0131z Polietilen E\u011fitim Y\u00f6netimi Y\u0131ld\u0131z Polietilen olarak, \u00e7al\u0131\u015fanlar\u0131m\u0131z\u0131n yetkinliklerini art\u0131rmak i\u00e7in s\u00fcrekli \u00f6\u011frenme ve geli\u015fim f\u0131rsatlar\u0131 sunuyoruz. Education Management As Y\u0131ld\u0131z Polietilen, we aim to achieve our company goals by supporting the continuous learning and development of our employees. Our training management system, which we have created in this direction, aims to help our employees&#8230;<\/p>\n","protected":false},"author":1,"featured_media":0,"parent":0,"menu_order":0,"comment_status":"closed","ping_status":"closed","template":"template-builder.php","meta":{"pgc_sgb_lightbox_settings":"","footnotes":""},"class_list":["post-10092","page","type-page","status-publish","hentry"],"_links":{"self":[{"href":"https:\/\/www.yildizpolietilen.com\/en\/wp-json\/wp\/v2\/pages\/10092","targetHints":{"allow":["GET"]}}],"collection":[{"href":"https:\/\/www.yildizpolietilen.com\/en\/wp-json\/wp\/v2\/pages"}],"about":[{"href":"https:\/\/www.yildizpolietilen.com\/en\/wp-json\/wp\/v2\/types\/page"}],"author":[{"embeddable":true,"href":"https:\/\/www.yildizpolietilen.com\/en\/wp-json\/wp\/v2\/users\/1"}],"replies":[{"embeddable":true,"href":"https:\/\/www.yildizpolietilen.com\/en\/wp-json\/wp\/v2\/comments?post=10092"}],"version-history":[{"count":2,"href":"https:\/\/www.yildizpolietilen.com\/en\/wp-json\/wp\/v2\/pages\/10092\/revisions"}],"predecessor-version":[{"id":19067,"href":"https:\/\/www.yildizpolietilen.com\/en\/wp-json\/wp\/v2\/pages\/10092\/revisions\/19067"}],"wp:attachment":[{"href":"https:\/\/www.yildizpolietilen.com\/en\/wp-json\/wp\/v2\/media?parent=10092"}],"curies":[{"name":"wp","href":"https:\/\/api.w.org\/{rel}","templated":true}]}}