{"id":10055,"date":"2024-07-25T09:41:26","date_gmt":"2024-07-25T06:41:26","guid":{"rendered":"https:\/\/yildizpolietilen.com\/baskanin-mesaji\/"},"modified":"2025-06-24T11:08:11","modified_gmt":"2025-06-24T08:08:11","slug":"message-from-the-president","status":"publish","type":"page","link":"https:\/\/www.yildizpolietilen.com\/en\/message-from-the-president\/","title":{"rendered":"Message from the President"},"content":{"rendered":"\t\t<div data-elementor-type=\"wp-page\" data-elementor-id=\"10055\" class=\"elementor elementor-10055 elementor-4966\" data-elementor-post-type=\"page\">\n\t\t\t\t<div class=\"elementor-element elementor-element-537dd43 e-flex e-con-boxed e-con e-parent\" data-id=\"537dd43\" data-element_type=\"container\">\n\t\t\t\t\t<div class=\"e-con-inner\">\n\t\t\r\n\t\t<div class=\"elementor-element elementor-element-337fa72 elementor-widget elementor-widget-drillersectiontitle\" data-id=\"337fa72\" data-element_type=\"widget\" data-widget_type=\"drillersectiontitle.default\">\n\t\t\t\t<div class=\"elementor-widget-container\">\n\t\t\t\t\t<div class=\"title-area\" ><span class=\"sub-title6 title-selector justify-content-center\"><span class=\"shape left\"><span class=\"dots\"><\/span><\/span>Ba\u015fkan\u0131n Mesaj\u0131<span class=\"shape right\"><span class=\"dots\"><\/span><\/span><\/span><\/div>\t\t\t\t<\/div>\n\t\t\t\t<\/div>\n\t\t\t\t\t<\/div>\n\t\t\t\t<\/div>\n\t\t<div class=\"elementor-element elementor-element-1c21c583 e-flex e-con-boxed e-con e-parent\" data-id=\"1c21c583\" data-element_type=\"container\">\n\t\t\t\t\t<div class=\"e-con-inner\">\n\t\t\t\t<div class=\"elementor-element elementor-element-afcb3c9 elementor-widget elementor-widget-drillerteam\" data-id=\"afcb3c9\" data-element_type=\"widget\" data-widget_type=\"drillerteam.default\">\n\t\t\t\t<div class=\"elementor-widget-container\">\n\t\t\t\t\t<div class=\"team_1 arrow-wrap\"><div class=\"row team_slider_3 slider-shadow\"><div class=\"col-md-6 col-lg-4 col-xl-3\"><div class=\"th-team team-grid\"><div class=\"team-content\"><h3 class=\"team-title box-title\"><a  href=\"#\">Abdurrezzak Y\u0131ld\u0131z<\/a><\/h3><span class=\"team-desig\">Y\u00f6netim Kurulu Ba\u015fkan\u0131<\/span><\/div><\/div><\/div><\/div><\/div>\t\t\t\t<\/div>\n\t\t\t\t<\/div>\n\t\t\t\t<div class=\"elementor-element elementor-element-775033c8 elementor-widget elementor-widget-text-editor\" data-id=\"775033c8\" data-element_type=\"widget\" data-widget_type=\"text-editor.default\">\n\t\t\t\t<div class=\"elementor-widget-container\">\n\t\t\t\t\t\t\t\t\t<div style=\"text-align: left;\"><p><strong>Dear Business Partners, Dear Friends and Dear Employees,<\/strong><\/p><p>We have reached today with the quality and trust-based organization and brand target that we have built with nearly half a century of commercial experience. We continue to produce and grow with our principle of sustainable product and service quality. <\/p><p>In line with our principle of sustainable product and service quality, we continue our investments to contribute to the welfare of our country through innovation and innovation. By closely following the national, regional and international conjuncture, we adapt to the changing world and prepare for the future. <\/p><p>As we prepare our employees, with whom we have come this far together, for the world of the future, we aim to provide them with new competencies in line with the requirements of the new world. Simultaneously with our facility and building investments, we will continue to invest in all kinds of investments for our employees. We aim to be a company that our employees are happy to work for and a preferred choice for new employee candidates.  <\/p><p>We are proud to provide added value to the sector and our country with the investments we make and the employment we provide. With our product and service quality, we have ranked high among the companies that create value. We are determined to continue this success with creativity and innovation.  <\/p><p>As we have done so far, we will grow and develop together with all our stakeholders, business partners and especially our employees.<\/p><p>I would like to take this opportunity to thank all our valuable business partners, dear friends and dear employees who have contributed to our success since 2008.<\/p><p>Greetings, respect and love.<\/p><p><strong>Abdulrezzak YILDIZ<\/strong><br>Chairman of the Board of Directors \/ General Manager<\/p><\/div>\t\t\t\t\t\t\t\t<\/div>\n\t\t\t\t<\/div>\n\t\t\t\t\t<\/div>\n\t\t\t\t<\/div>\n\t\t\t\t<\/div>\n\t\t","protected":false},"excerpt":{"rendered":"<p>Ba\u015fkan\u0131n Mesaj\u0131 Abdurrezzak Y\u0131ld\u0131z Y\u00f6netim Kurulu Ba\u015fkan\u0131 Dear Business Partners, Dear Friends and Dear Employees, We have reached today with the quality and trust-based organization and brand target that we have built with nearly half a century of commercial experience. We continue to produce and grow with our principle of sustainable product and service quality&#8230;.<\/p>\n","protected":false},"author":1,"featured_media":0,"parent":0,"menu_order":0,"comment_status":"closed","ping_status":"closed","template":"","meta":{"pgc_sgb_lightbox_settings":"","footnotes":""},"class_list":["post-10055","page","type-page","status-publish","hentry"],"_links":{"self":[{"href":"https:\/\/www.yildizpolietilen.com\/en\/wp-json\/wp\/v2\/pages\/10055","targetHints":{"allow":["GET"]}}],"collection":[{"href":"https:\/\/www.yildizpolietilen.com\/en\/wp-json\/wp\/v2\/pages"}],"about":[{"href":"https:\/\/www.yildizpolietilen.com\/en\/wp-json\/wp\/v2\/types\/page"}],"author":[{"embeddable":true,"href":"https:\/\/www.yildizpolietilen.com\/en\/wp-json\/wp\/v2\/users\/1"}],"replies":[{"embeddable":true,"href":"https:\/\/www.yildizpolietilen.com\/en\/wp-json\/wp\/v2\/comments?post=10055"}],"version-history":[{"count":2,"href":"https:\/\/www.yildizpolietilen.com\/en\/wp-json\/wp\/v2\/pages\/10055\/revisions"}],"predecessor-version":[{"id":19142,"href":"https:\/\/www.yildizpolietilen.com\/en\/wp-json\/wp\/v2\/pages\/10055\/revisions\/19142"}],"wp:attachment":[{"href":"https:\/\/www.yildizpolietilen.com\/en\/wp-json\/wp\/v2\/media?parent=10055"}],"curies":[{"name":"wp","href":"https:\/\/api.w.org\/{rel}","templated":true}]}}