{"id":12169,"date":"2024-08-04T04:51:47","date_gmt":"2024-08-04T01:51:47","guid":{"rendered":"https:\/\/yildizpolietilen.com\/urun\/hdpe-stahl-flansch-pn-10\/"},"modified":"2025-06-24T15:06:33","modified_gmt":"2025-06-24T12:06:33","slug":"hdpe-stahl-flansch-pn-10","status":"publish","type":"product","link":"https:\/\/www.yildizpolietilen.com\/de\/urun\/hdpe-stahl-flansch-pn-10\/","title":{"rendered":"PE STAHL FLANSCH PN 10"},"content":{"rendered":"<p data-start=\"92\" data-end=\"180\"><strong data-start=\"92\" data-end=\"180\">HDPE-Stahlflansch PN 10 &#8211; Zuverl\u00e4ssiges Verbindungselement f\u00fcr HDPE- und Metallrohrsysteme<\/strong><\/p>\n<p data-start=\"740\" data-end=\"764\"><strong data-start=\"740\" data-end=\"762\">Einsatzgebiete:<\/strong><\/p>\n<ul data-start=\"765\" data-end=\"945\">\n<li data-start=\"765\" data-end=\"801\">\n<p data-start=\"767\" data-end=\"801\">Wasser- und Abwasserversorgungssysteme<\/p>\n<\/li>\n<li data-start=\"802\" data-end=\"822\">\n<p data-start=\"804\" data-end=\"822\">Erdgasleitungen<\/p>\n<\/li>\n<li data-start=\"823\" data-end=\"870\">\n<p data-start=\"825\" data-end=\"870\">Industrieanlagen und Prozesspipelines<\/p>\n<\/li>\n<li data-start=\"871\" data-end=\"916\">\n<p data-start=\"873\" data-end=\"916\">Kraftwerke und Fabrikinfrastrukturen<\/p>\n<\/li>\n<li data-start=\"917\" data-end=\"945\">\n<p data-start=\"919\" data-end=\"945\">Landwirtschaftliche Bew\u00e4sserungssysteme<\/p>\n<\/li>\n<\/ul>\n<p data-start=\"947\" data-end=\"965\"><strong data-start=\"947\" data-end=\"963\">Vorteile:<\/strong><\/p>\n<ul data-start=\"966\" data-end=\"1203\">\n<li data-start=\"966\" data-end=\"1014\">\n<p data-start=\"968\" data-end=\"1014\">Kompatible Verbindung von HDPE und Stahlmaterialien<\/p>\n<\/li>\n<li data-start=\"1015\" data-end=\"1040\">\n<p data-start=\"1017\" data-end=\"1040\">Druckfestigkeit PN 10<\/p>\n<\/li>\n<li data-start=\"1041\" data-end=\"1070\">\n<p data-start=\"1043\" data-end=\"1070\">Einfache und zuverl\u00e4ssige Montage<\/p>\n<\/li>\n<li data-start=\"1071\" data-end=\"1113\">\n<p data-start=\"1073\" data-end=\"1113\">Korrosionsbest\u00e4ndige Stahlflanschkonstruktion<\/p>\n<\/li>\n<li data-start=\"1114\" data-end=\"1151\">\n<p data-start=\"1116\" data-end=\"1151\">Langlebige und auslaufsichere Verbindung<\/p>\n<\/li>\n<li data-start=\"1152\" data-end=\"1203\">\n<p data-start=\"1154\" data-end=\"1203\">Projektbezogene Produktion in verschiedenen Durchmessern und Dimensionen<\/p>\n<\/li>\n<\/ul>\n<div id=\"footable_parent_16500\"\n         class=\" footable_parent ninja_table_wrapper loading_ninja_table wp_table_data_press_parent semantic_ui \">\n                <table data-ninja_table_instance=\"ninja_table_instance_0\" data-footable_id=\"16500\" data-filter-delay=\"1000\" aria-label=\"Flans-Celik-Flans-PN-10\"            id=\"footable_16500\"\n           data-unique_identifier=\"ninja_table_unique_id_2958738837_16500\"\n           class=\" foo-table ninja_footable foo_table_16500 ninja_table_unique_id_2958738837_16500 ui table  nt_type_legacy_table celled striped compact vertical_centered  footable-paging-right ninja_table_search_disabled ninja_table_pro\">\n                <colgroup>\n                            <col class=\"ninja_column_0 \">\n                            <col class=\"ninja_column_1 \">\n                            <col class=\"ninja_column_2 \">\n                            <col class=\"ninja_column_3 \">\n                            <col class=\"ninja_column_4 \">\n                            <col class=\"ninja_column_5 \">\n                            <col class=\"ninja_column_6 \">\n                            <col class=\"ninja_column_7 \">\n                            <col class=\"ninja_column_8 \">\n                            <col class=\"ninja_column_9 \">\n                            <col class=\"ninja_column_10 \">\n                            <col class=\"ninja_column_11 \">\n                            <col class=\"ninja_column_12 \">\n                    <\/colgroup>\n        <thead>\n<tr class=\"footable-header\">\n                                                                                                                                                                                                                        <th scope=\"col\"  class=\"ninja_column_0 ninja_clmn_nm_SIRA \">SIRA<\/th><th scope=\"col\"  class=\"ninja_column_1 ninja_clmn_nm_\u00dcR\u00dcN KODU \">\u00dcR\u00dcN KODU<\/th><th scope=\"col\"  class=\"ninja_column_2 ninja_clmn_nm_\u00c7EL\u0130K ANMA \u00c7API \">\u00c7EL\u0130K ANMA \u00c7API<\/th><th scope=\"col\"  class=\"ninja_column_3 ninja_clmn_nm_PE ANMA \u00c7API \">PE ANMA \u00c7API<\/th><th scope=\"col\"  class=\"ninja_column_4 ninja_clmn_nm_FLAN\u015e \u0130\u00c7 \u00c7API \">FLAN\u015e \u0130\u00c7 \u00c7API<\/th><th scope=\"col\"  class=\"ninja_column_5 ninja_clmn_nm_DEL\u0130KLER ARASI MESAFE \">DEL\u0130KLER ARASI MESAFE<\/th><th scope=\"col\"  class=\"ninja_column_6 ninja_clmn_nm_FLAN\u015e DI\u015e \u00c7API \">FLAN\u015e DI\u015e \u00c7API<\/th><th scope=\"col\"  class=\"ninja_column_7 ninja_clmn_nm_DEL\u0130K \u00c7API \">DEL\u0130K \u00c7API<\/th><th scope=\"col\"  class=\"ninja_column_8 ninja_clmn_nm_KALINLIK \">KALINLIK<\/th><th scope=\"col\"  class=\"ninja_column_9 ninja_clmn_nm_DEL\u0130K SAYISI \">DEL\u0130K SAYISI<\/th><th scope=\"col\"  class=\"ninja_column_10 ninja_clmn_nm_A\u011eIRLIK [kg] \">A\u011eIRLIK [kg]<\/th><th scope=\"col\"  class=\"ninja_column_11 ninja_clmn_nm_KOL\u0130 ADED\u0130 \">KOL\u0130 ADED\u0130<\/th><th scope=\"col\"  class=\"ninja_column_12 ninja_clmn_nm_KOL\u0130 EBATI \">KOL\u0130 EBATI<\/th><\/tr>\n<\/thead>\n<tbody>\n\n        <tr data-row_id=\"7290\" class=\"ninja_table_row_0 nt_row_id_7290\">\n            <td>SEQ<\/td><td>PRODUCT CODE<\/td><td>SIZE OF STEEL dN [mm]<\/td><td>SIZE OF PE dN [mm]<\/td><td>dp [mm]<\/td><td>K [mm]<\/td><td>D [mm]<\/td><td>d [mm]<\/td><td>b [mm]<\/td><td>n<\/td><td>WEIGHT [kg]<\/td><td>IN A PARCEL<\/td><td>PCS PRICE<\/td>        <\/tr>\n            <tr data-row_id=\"7291\" class=\"ninja_table_row_1 nt_row_id_7291\">\n            <td>1<\/td><td>970032700020<\/td><td>15<\/td><td>20<\/td><td>28<\/td><td>65<\/td><td>95<\/td><td>14<\/td><td>14<\/td><td>4<\/td><td>0.65<\/td><td>-<\/td><td>-<\/td>        <\/tr>\n            <tr data-row_id=\"7292\" class=\"ninja_table_row_2 nt_row_id_7292\">\n            <td>2<\/td><td>970032700025<\/td><td>20<\/td><td>25<\/td><td>34<\/td><td>75<\/td><td>105<\/td><td>14<\/td><td>16<\/td><td>4<\/td><td>0.91<\/td><td>-<\/td><td>-<\/td>        <\/tr>\n            <tr data-row_id=\"7293\" class=\"ninja_table_row_3 nt_row_id_7293\">\n            <td>3<\/td><td>970032700032<\/td><td>25<\/td><td>32<\/td><td>42<\/td><td>85<\/td><td>115<\/td><td>14<\/td><td>16<\/td><td>4<\/td><td>1.06<\/td><td>-<\/td><td>-<\/td>        <\/tr>\n            <tr data-row_id=\"7294\" class=\"ninja_table_row_4 nt_row_id_7294\">\n            <td>4<\/td><td>970032700040<\/td><td>32<\/td><td>40<\/td><td>51<\/td><td>100<\/td><td>140<\/td><td>18<\/td><td>16<\/td><td>4<\/td><td>1.55<\/td><td>-<\/td><td>-<\/td>        <\/tr>\n            <tr data-row_id=\"7295\" class=\"ninja_table_row_5 nt_row_id_7295\">\n            <td>5<\/td><td>970032700050<\/td><td>40<\/td><td>50<\/td><td>62<\/td><td>110<\/td><td>150<\/td><td>18<\/td><td>16<\/td><td>4<\/td><td>1.72<\/td><td>-<\/td><td>-<\/td>        <\/tr>\n            <tr data-row_id=\"7296\" class=\"ninja_table_row_6 nt_row_id_7296\">\n            <td>6<\/td><td>970032700063<\/td><td>50<\/td><td>63<\/td><td>78<\/td><td>125<\/td><td>165<\/td><td>18<\/td><td>18<\/td><td>4<\/td><td>2.21<\/td><td>-<\/td><td>-<\/td>        <\/tr>\n            <tr data-row_id=\"7297\" class=\"ninja_table_row_7 nt_row_id_7297\">\n            <td>7<\/td><td>970032700075<\/td><td>65<\/td><td>75<\/td><td>92<\/td><td>145<\/td><td>185<\/td><td>18<\/td><td>18<\/td><td>4<\/td><td>2.72<\/td><td>-<\/td><td>-<\/td>        <\/tr>\n            <tr data-row_id=\"7298\" class=\"ninja_table_row_8 nt_row_id_7298\">\n            <td>8<\/td><td>970032700090<\/td><td>80<\/td><td>90<\/td><td>108<\/td><td>160<\/td><td>200<\/td><td>18<\/td><td>20<\/td><td>8<\/td><td>3.18<\/td><td>-<\/td><td>-<\/td>        <\/tr>\n            <tr data-row_id=\"7299\" class=\"ninja_table_row_9 nt_row_id_7299\">\n            <td>9<\/td><td>970032700110<\/td><td>100<\/td><td>110<\/td><td>125<\/td><td>180<\/td><td>220<\/td><td>18<\/td><td>20<\/td><td>8<\/td><td>3.73<\/td><td>-<\/td><td>-<\/td>        <\/tr>\n            <tr data-row_id=\"7300\" class=\"ninja_table_row_10 nt_row_id_7300\">\n            <td>10<\/td><td>970032700125<\/td><td>100<\/td><td>125<\/td><td>135<\/td><td>180<\/td><td>220<\/td><td>18<\/td><td>20<\/td><td>8<\/td><td>3.41<\/td><td>-<\/td><td>-<\/td>        <\/tr>\n            <tr data-row_id=\"7301\" class=\"ninja_table_row_11 nt_row_id_7301\">\n            <td>11<\/td><td>970032700140<\/td><td>125<\/td><td>140<\/td><td>158<\/td><td>210<\/td><td>250<\/td><td>18<\/td><td>22<\/td><td>8<\/td><td>4.75<\/td><td>-<\/td><td>-<\/td>        <\/tr>\n            <tr data-row_id=\"7302\" class=\"ninja_table_row_12 nt_row_id_7302\">\n            <td>12<\/td><td>970032700160<\/td><td>150<\/td><td>160<\/td><td>178<\/td><td>240<\/td><td>285<\/td><td>22<\/td><td>22<\/td><td>8<\/td><td>6.21<\/td><td>-<\/td><td>-<\/td>        <\/tr>\n            <tr data-row_id=\"7303\" class=\"ninja_table_row_13 nt_row_id_7303\">\n            <td>13<\/td><td>970032700180<\/td><td>150<\/td><td>180<\/td><td>188<\/td><td>240<\/td><td>285<\/td><td>22<\/td><td>22<\/td><td>8<\/td><td>5.71<\/td><td>-<\/td><td>-<\/td>        <\/tr>\n            <tr data-row_id=\"7304\" class=\"ninja_table_row_14 nt_row_id_7304\">\n            <td>14<\/td><td>970032700200<\/td><td>200<\/td><td>200<\/td><td>235<\/td><td>295<\/td><td>340<\/td><td>22<\/td><td>24<\/td><td>8<\/td><td>8.38<\/td><td>-<\/td><td>-<\/td>        <\/tr>\n            <tr data-row_id=\"7305\" class=\"ninja_table_row_15 nt_row_id_7305\">\n            <td>15<\/td><td>970032700225<\/td><td>200<\/td><td>225<\/td><td>238<\/td><td>295<\/td><td>340<\/td><td>22<\/td><td>24<\/td><td>8<\/td><td>8.17<\/td><td>-<\/td><td>-<\/td>        <\/tr>\n            <tr data-row_id=\"7306\" class=\"ninja_table_row_16 nt_row_id_7306\">\n            <td>16<\/td><td>970032700250<\/td><td>250<\/td><td>250<\/td><td>288<\/td><td>350<\/td><td>395<\/td><td>22<\/td><td>26<\/td><td>12<\/td><td>10.81<\/td><td>-<\/td><td>-<\/td>        <\/tr>\n            <tr data-row_id=\"7307\" class=\"ninja_table_row_17 nt_row_id_7307\">\n            <td>17<\/td><td>970032700280<\/td><td>250<\/td><td>280<\/td><td>294<\/td><td>350<\/td><td>395<\/td><td>22<\/td><td>26<\/td><td>12<\/td><td>10.25<\/td><td>-<\/td><td>-<\/td>        <\/tr>\n            <tr data-row_id=\"7308\" class=\"ninja_table_row_18 nt_row_id_7308\">\n            <td>18<\/td><td>970032700315<\/td><td>300<\/td><td>315<\/td><td>338<\/td><td>400<\/td><td>445<\/td><td>22<\/td><td>26<\/td><td>12<\/td><td>12.53<\/td><td>-<\/td><td>-<\/td>        <\/tr>\n            <tr data-row_id=\"7309\" class=\"ninja_table_row_19 nt_row_id_7309\">\n            <td>19<\/td><td>970032700355<\/td><td>350<\/td><td>355<\/td><td>376<\/td><td>460<\/td><td>505<\/td><td>22<\/td><td>26<\/td><td>16<\/td><td>17.02<\/td><td>-<\/td><td>-<\/td>        <\/tr>\n            <tr data-row_id=\"7310\" class=\"ninja_table_row_20 nt_row_id_7310\">\n            <td>20<\/td><td>970032700400<\/td><td>400<\/td><td>400<\/td><td>430<\/td><td>515<\/td><td>565<\/td><td>26<\/td><td>26<\/td><td>16<\/td><td>19.85<\/td><td>-<\/td><td>-<\/td>        <\/tr>\n            <tr data-row_id=\"7311\" class=\"ninja_table_row_21 nt_row_id_7311\">\n            <td>21<\/td><td>970032700450<\/td><td>450<\/td><td>450<\/td><td>465<\/td><td>565<\/td><td>615<\/td><td>26<\/td><td>28<\/td><td>20<\/td><td>25.69<\/td><td>-<\/td><td>-<\/td>        <\/tr>\n            <tr data-row_id=\"7312\" class=\"ninja_table_row_22 nt_row_id_7312\">\n            <td>22<\/td><td>970032700500<\/td><td>500<\/td><td>500<\/td><td>533<\/td><td>620<\/td><td>670<\/td><td>26<\/td><td>28<\/td><td>20<\/td><td>26.18<\/td><td>-<\/td><td>-<\/td>        <\/tr>\n            <tr data-row_id=\"7313\" class=\"ninja_table_row_23 nt_row_id_7313\">\n            <td>23<\/td><td>970032700560<\/td><td>600<\/td><td>560<\/td><td>618<\/td><td>725<\/td><td>780<\/td><td>30<\/td><td>28<\/td><td>20<\/td><td>36.07<\/td><td>-<\/td><td>-<\/td>        <\/tr>\n            <tr data-row_id=\"7314\" class=\"ninja_table_row_24 nt_row_id_7314\">\n            <td>24<\/td><td>970032700630<\/td><td>600<\/td><td>630<\/td><td>645<\/td><td>725<\/td><td>780<\/td><td>30<\/td><td>28<\/td><td>20<\/td><td>30.17<\/td><td>-<\/td><td>-<\/td>        <\/tr>\n            <tr data-row_id=\"7315\" class=\"ninja_table_row_25 nt_row_id_7315\">\n            <td>25<\/td><td>970032700710<\/td><td>700<\/td><td>710<\/td><td>740<\/td><td>840<\/td><td>895<\/td><td>30<\/td><td>30<\/td><td>24<\/td><td>42.98<\/td><td>-<\/td><td>-<\/td>        <\/tr>\n            <tr data-row_id=\"7316\" class=\"ninja_table_row_26 nt_row_id_7316\">\n            <td>26<\/td><td>970032700800<\/td><td>800<\/td><td>800<\/td><td>843<\/td><td>950<\/td><td>1015<\/td><td>33<\/td><td>32<\/td><td>24<\/td><td>58.03<\/td><td>-<\/td><td>-<\/td>        <\/tr>\n            <tr data-row_id=\"7317\" class=\"ninja_table_row_27 nt_row_id_7317\">\n            <td>27<\/td><td>970032700900<\/td><td>900<\/td><td>900<\/td><td>947<\/td><td>1050<\/td><td>1115<\/td><td>33<\/td><td>34<\/td><td>28<\/td><td>66.38<\/td><td>-<\/td><td>-<\/td>        <\/tr>\n            <tr data-row_id=\"7318\" class=\"ninja_table_row_28 nt_row_id_7318\">\n            <td>28<\/td><td>970032701000<\/td><td>1000<\/td><td>1000<\/td><td>1050<\/td><td>1160<\/td><td>1230<\/td><td>36<\/td><td>34<\/td><td>28<\/td><td>78.61<\/td><td>-<\/td><td>-<\/td>        <\/tr>\n            <tr data-row_id=\"7319\" class=\"ninja_table_row_29 nt_row_id_7319\">\n            <td>29<\/td><td>970032701200<\/td><td>1200<\/td><td>1200<\/td><td>1250<\/td><td>1380<\/td><td>1455<\/td><td>39<\/td><td>38<\/td><td>32<\/td><td>118.79<\/td><td>-<\/td><td>-<\/td>        <\/tr>\n            <tr data-row_id=\"7320\" class=\"ninja_table_row_30 nt_row_id_7320\">\n            <td>30<\/td><td>970032701400<\/td><td>1400<\/td><td>1400<\/td><td>1460<\/td><td>1590<\/td><td>1675<\/td><td>42<\/td><td>42<\/td><td>36<\/td><td>158.47<\/td><td>-<\/td><td>-<\/td>        <\/tr>\n            <tr data-row_id=\"7321\" class=\"ninja_table_row_31 nt_row_id_7321\">\n            <td>31<\/td><td>970032701600<\/td><td>1600<\/td><td>1600<\/td><td>1650<\/td><td>1820<\/td><td>1915<\/td><td>48<\/td><td>46<\/td><td>40<\/td><td>242.37<\/td><td>-<\/td><td>-<\/td>        <\/tr>\n    <\/tbody><!--ninja_tobody_rendering_done-->\n    <\/table>\n    \n    \n    \n<\/div>\n\n","protected":false},"excerpt":{"rendered":"<p>Der HDPE-Stahlflansch PN 10 ist ein Spezialfitting, das f\u00fcr eine sichere und dichte Verbindung zwischen Rohrleitungen aus hochdichtem Polyethylen (PE100) und Metallrohren und -ger\u00e4ten entwickelt wurde. Er wird an den Verbindungsstellen von Kunststoff- und Metallsystemen verwendet. Es wird in \u00dcbereinstimmung mit der Druckklasse PN 10 hergestellt. W\u00e4hrend die HDPE-Seite durch Elektroschwei\u00dfen oder Stumpfschwei\u00dfen verbunden wird, wird der Stahlflansch mit der Metallseite verschwei\u00dft oder verschraubt. Aufgrund seiner dauerhaften Struktur und der einfachen Montage wird es bevorzugt in Industrie- und Infrastrukturprojekten eingesetzt.      <\/p>\n","protected":false},"featured_media":18605,"template":"","meta":{"pgc_sgb_lightbox_settings":""},"product_brand":[152],"product_cat":[47],"product_tag":[359,356,216,353,357,355,358,354],"class_list":{"0":"post-12169","1":"product","2":"type-product","3":"status-publish","4":"has-post-thumbnail","6":"product_brand-yildiz-polietilen","7":"product_cat-flans","8":"product_tag-celik-flansli-hdpe-boru-baglantisi","9":"product_tag-elektrofuzyon-celik-flans","10":"product_tag-endustriyel-flans-baglantisi","11":"product_tag-hdpe-celik-flans-pn-10","12":"product_tag-hdpe-metal-flans-baglantisi","13":"product_tag-pe100-celik-flans-baglantisi","14":"product_tag-pn-10-boru-flans-adaptoru","15":"product_tag-pn-10-hdpe-flans-adaptoru","17":"first","18":"instock","19":"shipping-taxable","20":"product-type-simple"},"_links":{"self":[{"href":"https:\/\/www.yildizpolietilen.com\/de\/wp-json\/wp\/v2\/product\/12169","targetHints":{"allow":["GET"]}}],"collection":[{"href":"https:\/\/www.yildizpolietilen.com\/de\/wp-json\/wp\/v2\/product"}],"about":[{"href":"https:\/\/www.yildizpolietilen.com\/de\/wp-json\/wp\/v2\/types\/product"}],"wp:featuredmedia":[{"embeddable":true,"href":"https:\/\/www.yildizpolietilen.com\/de\/wp-json\/wp\/v2\/media\/18605"}],"wp:attachment":[{"href":"https:\/\/www.yildizpolietilen.com\/de\/wp-json\/wp\/v2\/media?parent=12169"}],"wp:term":[{"taxonomy":"product_brand","embeddable":true,"href":"https:\/\/www.yildizpolietilen.com\/de\/wp-json\/wp\/v2\/product_brand?post=12169"},{"taxonomy":"product_cat","embeddable":true,"href":"https:\/\/www.yildizpolietilen.com\/de\/wp-json\/wp\/v2\/product_cat?post=12169"},{"taxonomy":"product_tag","embeddable":true,"href":"https:\/\/www.yildizpolietilen.com\/de\/wp-json\/wp\/v2\/product_tag?post=12169"}],"curies":[{"name":"wp","href":"https:\/\/api.w.org\/{rel}","templated":true}]}}