{"id":12166,"date":"2024-08-04T04:52:31","date_gmt":"2024-08-04T01:52:31","guid":{"rendered":"https:\/\/yildizpolietilen.com\/urun\/stahlflansch-pn10\/"},"modified":"2025-06-24T15:06:35","modified_gmt":"2025-06-24T12:06:35","slug":"stahlflansch-pn10","status":"publish","type":"product","link":"https:\/\/www.yildizpolietilen.com\/de\/urun\/stahlflansch-pn10\/","title":{"rendered":"STAHLFLANSCH PN10"},"content":{"rendered":"<p data-start=\"81\" data-end=\"149\"><strong data-start=\"81\" data-end=\"149\">Stahlflansch PN 10 &#8211; Langlebige und zuverl\u00e4ssige Rohrverschraubung<\/strong><\/p>\n<p data-start=\"151\" data-end=\"550\"><br data-start=\"171\" data-end=\"174\"><\/p>\n<p data-start=\"552\" data-end=\"576\"><strong data-start=\"552\" data-end=\"574\">Einsatzgebiete:<\/strong><\/p>\n<ul data-start=\"577\" data-end=\"749\">\n<li data-start=\"577\" data-end=\"613\">\n<p data-start=\"579\" data-end=\"613\">Wasser- und Abwasserversorgungssysteme<\/p>\n<\/li>\n<li data-start=\"614\" data-end=\"646\">\n<p data-start=\"616\" data-end=\"646\">Erdgas und Energieanlagen<\/p>\n<\/li>\n<li data-start=\"647\" data-end=\"682\">\n<p data-start=\"649\" data-end=\"682\">Industrielle Prozesspipelines<\/p>\n<\/li>\n<li data-start=\"683\" data-end=\"718\">\n<p data-start=\"685\" data-end=\"718\">Chemische Anlagen und Fabriken<\/p>\n<\/li>\n<li data-start=\"719\" data-end=\"749\">\n<p data-start=\"721\" data-end=\"749\">Infrastruktur- und Suprastrukturprojekte<\/p>\n<\/li>\n<\/ul>\n<p data-start=\"751\" data-end=\"769\"><strong data-start=\"751\" data-end=\"767\">Vorteile:<\/strong><\/p>\n<ul data-start=\"770\" data-end=\"1030\">\n<li data-start=\"770\" data-end=\"816\">\n<p data-start=\"772\" data-end=\"816\">Sichere Verbindung mit Druckfestigkeit PN 10<\/p>\n<\/li>\n<li data-start=\"817\" data-end=\"861\">\n<p data-start=\"819\" data-end=\"861\">Hohe mechanische Best\u00e4ndigkeit und lange Lebensdauer<\/p>\n<\/li>\n<li data-start=\"862\" data-end=\"901\">\n<p data-start=\"864\" data-end=\"901\">Exakte Passform mit Standardflanschgr\u00f6\u00dfen<\/p>\n<\/li>\n<li data-start=\"902\" data-end=\"950\">\n<p data-start=\"904\" data-end=\"950\">Optionen f\u00fcr Korrosionsschutzbeschichtungen<\/p>\n<\/li>\n<li data-start=\"951\" data-end=\"983\">\n<p data-start=\"953\" data-end=\"983\">Einfache Installation und Wartung<\/p>\n<\/li>\n<li data-start=\"984\" data-end=\"1030\">\n<p data-start=\"986\" data-end=\"1030\">Produktionsm\u00f6glichkeit in verschiedenen Durchmessern und Dicken<\/p>\n<\/li>\n<\/ul>\n","protected":false},"excerpt":{"rendered":"<p>Der Stahlflansch PN 10 ist ein haltbarer und zuverl\u00e4ssiger Fitting, der in Rohrleitungssystemen verwendet wird und f\u00fcr die Druckklasse PN 10 geeignet ist. Dieser aus Kohlenstoffstahl gefertigte Flansch sorgt f\u00fcr die Abdichtung bei der Verbindung von Rohren, Ventilen, Pumpen und anderen Ger\u00e4ten in verschiedenen industriellen Anwendungen. Er bietet flexible L\u00f6sungen f\u00fcr die Anforderungen von Projekten, da er in Standardgr\u00f6\u00dfen und verschiedenen Durchmessern hergestellt wird.    <\/p>\n","protected":false},"featured_media":11898,"template":"","meta":{"pgc_sgb_lightbox_settings":""},"product_brand":[152],"product_cat":[47],"product_tag":[347,350,344,351,348,346,352,349,345],"class_list":{"0":"post-12166","1":"product","2":"type-product","3":"status-publish","4":"has-post-thumbnail","6":"product_brand-yildiz-polietilen","7":"product_cat-flans","8":"product_tag-boru-flansi-pn-10","9":"product_tag-celik-flans-cesitleri","10":"product_tag-celik-flans-pn-10","11":"product_tag-dayanikli-flans","12":"product_tag-endustriyel-flans","13":"product_tag-karbon-celik-flans","14":"product_tag-pn-10-basinc-flansi","15":"product_tag-pn-10-boru-baglanti-elemani","16":"product_tag-pn-10-flans","18":"first","19":"instock","20":"shipping-taxable","21":"product-type-simple"},"_links":{"self":[{"href":"https:\/\/www.yildizpolietilen.com\/de\/wp-json\/wp\/v2\/product\/12166","targetHints":{"allow":["GET"]}}],"collection":[{"href":"https:\/\/www.yildizpolietilen.com\/de\/wp-json\/wp\/v2\/product"}],"about":[{"href":"https:\/\/www.yildizpolietilen.com\/de\/wp-json\/wp\/v2\/types\/product"}],"wp:featuredmedia":[{"embeddable":true,"href":"https:\/\/www.yildizpolietilen.com\/de\/wp-json\/wp\/v2\/media\/11898"}],"wp:attachment":[{"href":"https:\/\/www.yildizpolietilen.com\/de\/wp-json\/wp\/v2\/media?parent=12166"}],"wp:term":[{"taxonomy":"product_brand","embeddable":true,"href":"https:\/\/www.yildizpolietilen.com\/de\/wp-json\/wp\/v2\/product_brand?post=12166"},{"taxonomy":"product_cat","embeddable":true,"href":"https:\/\/www.yildizpolietilen.com\/de\/wp-json\/wp\/v2\/product_cat?post=12166"},{"taxonomy":"product_tag","embeddable":true,"href":"https:\/\/www.yildizpolietilen.com\/de\/wp-json\/wp\/v2\/product_tag?post=12166"}],"curies":[{"name":"wp","href":"https:\/\/api.w.org\/{rel}","templated":true}]}}