{"id":12149,"date":"2024-08-04T04:47:24","date_gmt":"2024-08-04T01:47:24","guid":{"rendered":"https:\/\/yildizpolietilen.com\/urun\/zahnrad-pressfitting\/"},"modified":"2025-06-24T15:06:28","modified_gmt":"2025-06-24T12:06:28","slug":"aussengewinde-messinguebergang","status":"publish","type":"product","link":"https:\/\/www.yildizpolietilen.com\/de\/urun\/aussengewinde-messinguebergang\/","title":{"rendered":"AUSSENGEWINDE MESSING \u00dcBERGANG"},"content":{"rendered":"<div id=\"footable_parent_16485\"\n         class=\" footable_parent ninja_table_wrapper loading_ninja_table wp_table_data_press_parent semantic_ui \">\n                <table data-ninja_table_instance=\"ninja_table_instance_0\" data-footable_id=\"16485\" data-filter-delay=\"1000\" aria-label=\"GP-Dis-Disli-Princ-Gecis\"            id=\"footable_16485\"\n           data-unique_identifier=\"ninja_table_unique_id_1053900674_16485\"\n           class=\" foo-table ninja_footable foo_table_16485 ninja_table_unique_id_1053900674_16485 ui table  nt_type_legacy_table celled striped compact vertical_centered  footable-paging-right ninja_table_search_disabled ninja_table_pro\">\n                <colgroup>\n                            <col class=\"ninja_column_0 \">\n                            <col class=\"ninja_column_1 \">\n                            <col class=\"ninja_column_2 \">\n                            <col class=\"ninja_column_3 \">\n                            <col class=\"ninja_column_4 \">\n                            <col class=\"ninja_column_5 \">\n                            <col class=\"ninja_column_6 \">\n                            <col class=\"ninja_column_7 \">\n                    <\/colgroup>\n        <thead>\n<tr class=\"footable-header\">\n                                                                                                                                        <th scope=\"col\"  class=\"ninja_column_0 ninja_clmn_nm_SIRA \">SIRA<\/th><th scope=\"col\"  class=\"ninja_column_1 ninja_clmn_nm_\u00dcR\u00dcN KODU \">\u00dcR\u00dcN KODU<\/th><th scope=\"col\"  class=\"ninja_column_2 ninja_clmn_nm_\u00c7AP d [mm] \">\u00c7AP d [mm]<\/th><th scope=\"col\"  class=\"ninja_column_3 ninja_clmn_nm_L [mm] \">L [mm]<\/th><th scope=\"col\"  class=\"ninja_column_4 ninja_clmn_nm_L1 [mm] \">L1 [mm]<\/th><th scope=\"col\"  class=\"ninja_column_5 ninja_clmn_nm_A\u011eIRLIK [kg] \">A\u011eIRLIK [kg]<\/th><th scope=\"col\"  class=\"ninja_column_6 ninja_clmn_nm_KOL\u0130 ADED\u0130 \">KOL\u0130 ADED\u0130<\/th><th scope=\"col\"  class=\"ninja_column_7 ninja_clmn_nm_KOL\u0130 EBATI \">KOL\u0130 EBATI<\/th><\/tr>\n<\/thead>\n<tbody>\n\n        <tr data-row_id=\"7158\" class=\"ninja_table_row_0 nt_row_id_7158\">\n            <td>SEQ<\/td><td>PRODUCT CODE<\/td><td>SIZE d [mm]<\/td><td>L [mm]<\/td><td>L1 [mm]<\/td><td>WEIGHT [kg]<\/td><td>IN A PARCEL<\/td><td>PCS PRICE<\/td>        <\/tr>\n            <tr data-row_id=\"7159\" class=\"ninja_table_row_1 nt_row_id_7159\">\n            <td>1<\/td><td>974872100025<\/td><td>3\/4<\/td><td>83<\/td><td>39.3<\/td><td>0.104<\/td><td>170<\/td><td>27*33*27<\/td>        <\/tr>\n            <tr data-row_id=\"7160\" class=\"ninja_table_row_2 nt_row_id_7160\">\n            <td>2<\/td><td>974872100032<\/td><td>32\/1<\/td><td>95<\/td><td>48.2<\/td><td>0.144<\/td><td>90<\/td><td>27*33*27<\/td>        <\/tr>\n            <tr data-row_id=\"7161\" class=\"ninja_table_row_3 nt_row_id_7161\">\n            <td>3<\/td><td>974872102532<\/td><td>32\/\u00be<\/td><td>81.1<\/td><td>38.2<\/td><td>0.112<\/td><td>150<\/td><td>27*33*27<\/td>        <\/tr>\n            <tr data-row_id=\"7162\" class=\"ninja_table_row_4 nt_row_id_7162\">\n            <td>4<\/td><td>974872100040<\/td><td>40\/1\u00bc<\/td><td>111.5<\/td><td>52.7<\/td><td>0.34<\/td><td>40<\/td><td>27*33*27<\/td>        <\/tr>\n            <tr data-row_id=\"7163\" class=\"ninja_table_row_5 nt_row_id_7163\">\n            <td>5<\/td><td>974872100050<\/td><td>50\/1\u00bd<\/td><td>111.5<\/td><td>56.6<\/td><td>0.274<\/td><td>40<\/td><td>27*33*27<\/td>        <\/tr>\n            <tr data-row_id=\"7164\" class=\"ninja_table_row_6 nt_row_id_7164\">\n            <td>6<\/td><td>974872100063<\/td><td>63\/2<\/td><td>135.9<\/td><td>67.8<\/td><td>0.502<\/td><td>24<\/td><td>27*33*27<\/td>        <\/tr>\n    <\/tbody><!--ninja_tobody_rendering_done-->\n    <\/table>\n    \n    \n    \n<\/div>\n\n","protected":false},"excerpt":{"rendered":"<p data-start=\"121\" data-end=\"217\"><strong data-start=\"121\" data-end=\"217\">\u00dcbergangsst\u00fcck mit Au\u00dfengewinde aus Messing &#8211; Langlebige und lecksichere Verbindung in Kunststoff- und Metallrohrleitungssystemen<\/strong><\/p>\n<p data-start=\"219\" data-end=\"664\"><strong data-start=\"219\" data-end=\"239\">Produktbeschreibung:<\/strong><br data-start=\"239\" data-end=\"242\">Messing\u00fcbergang mit Au\u00dfengewinde ist ein Fitting, das f\u00fcr den \u00dcbergang zwischen Kunststoffrohren aus Polyethylen (PE) und Metallrohren entwickelt wurde. Die Gewinde auf der Au\u00dfenfl\u00e4che des Messingteils sind speziell hergestellt, um die Verbindung zu verst\u00e4rken und abzudichten. Aufgrund seiner hohen Haltbarkeit, \u00fcberlegenen Korrosionsbest\u00e4ndigkeit und Bearbeitbarkeit ist Messing das Material der Wahl f\u00fcr diese Art von Fittings.    <\/p>\n<p data-start=\"666\" data-end=\"1028\">Der Kunststoffteil wird mit dem Kunststoffteil der Rohrleitung durch Stumpfschwei\u00dfen oder geeignete Elektroschwei\u00dffittings (EF) verbunden. Dank seiner breiten Produktpalette, die f\u00fcr verschiedene Rohrdurchmesser und Gewindegr\u00f6\u00dfen geeignet ist, bietet es ideale L\u00f6sungen f\u00fcr alle Arten von Verbindungen, die in verschiedenen Projekten ben\u00f6tigt werden. Es kann bei vielen Anwendungen sicher eingesetzt werden, insbesondere bei Erdgas- und Wasserleitungen.    <\/p>\n<p data-start=\"1030\" data-end=\"1054\"><strong data-start=\"1030\" data-end=\"1052\">Einsatzgebiete:<\/strong><\/p>\n<ul data-start=\"1055\" data-end=\"1225\">\n<li data-start=\"1055\" data-end=\"1086\">\n<p data-start=\"1057\" data-end=\"1086\">Erdgasverteilungssysteme<\/p>\n<\/li>\n<li data-start=\"1087\" data-end=\"1120\">\n<p data-start=\"1089\" data-end=\"1120\">Trink- und Brauchwasserleitungen<\/p>\n<\/li>\n<li data-start=\"1121\" data-end=\"1163\">\n<p data-start=\"1123\" data-end=\"1163\">Transportleitungen f\u00fcr industrielle Fl\u00fcssigkeiten und Gase<\/p>\n<\/li>\n<li data-start=\"1164\" data-end=\"1194\">\n<p data-start=\"1166\" data-end=\"1194\">Landwirtschaftliche Bew\u00e4sserungssysteme<\/p>\n<\/li>\n<li data-start=\"1195\" data-end=\"1225\">\n<p data-start=\"1197\" data-end=\"1225\">Infrastruktur- und Installationsprojekte<\/p>\n<\/li>\n<\/ul>\n<p data-start=\"1227\" data-end=\"1245\"><strong data-start=\"1227\" data-end=\"1243\">Vorteile:<\/strong><\/p>\n<ul data-start=\"1246\" data-end=\"1555\">\n<li data-start=\"1246\" data-end=\"1300\">\n<p data-start=\"1248\" data-end=\"1300\">Hochfeste und korrosionsbest\u00e4ndige Messingkonstruktion<\/p>\n<\/li>\n<li data-start=\"1301\" data-end=\"1352\">\n<p data-start=\"1303\" data-end=\"1352\">Einfache und zuverl\u00e4ssige Montage mit Au\u00dfengewinde<\/p>\n<\/li>\n<li data-start=\"1353\" data-end=\"1424\">\n<p data-start=\"1355\" data-end=\"1424\">Robuster und leckfreier \u00dcbergang zwischen Kunststoff- und Metallrohrsystemen<\/p>\n<\/li>\n<li data-start=\"1425\" data-end=\"1479\">\n<p data-start=\"1427\" data-end=\"1479\">Schnelle Verbindung durch Elektroschwei\u00dfen oder Stumpfschwei\u00dfen<\/p>\n<\/li>\n<li data-start=\"1480\" data-end=\"1519\">\n<p data-start=\"1482\" data-end=\"1519\">Gro\u00dfe Auswahl an Durchmessern und Gewindegr\u00f6\u00dfen<\/p>\n<\/li>\n<li data-start=\"1520\" data-end=\"1555\">\n<p data-start=\"1522\" data-end=\"1555\">Langlebige und dauerhafte Verbindung<\/p>\n<\/li>\n<\/ul>\n<p data-start=\"1557\" data-end=\"1581\"><strong data-start=\"1557\" data-end=\"1579\">Technische Daten:<\/strong><\/p>\n<ul data-start=\"1582\" data-end=\"1838\">\n<li data-start=\"1582\" data-end=\"1601\">\n<p data-start=\"1584\" data-end=\"1601\">Material: Messing<\/p>\n<\/li>\n<li data-start=\"1602\" data-end=\"1647\">\n<p data-start=\"1604\" data-end=\"1647\">Anschlussart: \u00dcbergangsanschluss mit Au\u00dfengewinde<\/p>\n<\/li>\n<li data-start=\"1648\" data-end=\"1710\">\n<p data-start=\"1650\" data-end=\"1710\">Kunststoffverbindung: Stumpfschwei\u00df- oder Elektroschwei\u00dffitting<\/p>\n<\/li>\n<li data-start=\"1711\" data-end=\"1749\">\n<p data-start=\"1713\" data-end=\"1749\">Durchmesserbereich: Variabel je nach Projekt<\/p>\n<\/li>\n<li data-start=\"1750\" data-end=\"1780\">\n<p data-start=\"1752\" data-end=\"1780\">Druckklasse: PN10 \/ PN16<\/p>\n<\/li>\n<li data-start=\"1781\" data-end=\"1838\">\n<p data-start=\"1783\" data-end=\"1838\">Oberfl\u00e4chenbehandlung: Polierte oder verchromte Optionen<\/p>\n<\/li>\n<\/ul>\n","protected":false},"featured_media":10162,"template":"","meta":{"pgc_sgb_lightbox_settings":""},"product_brand":[152],"product_cat":[46],"product_tag":[380,384,386,382,381,383,385],"class_list":{"0":"post-12149","1":"product","2":"type-product","3":"status-publish","4":"has-post-thumbnail","6":"product_brand-yildiz-polietilen","7":"product_cat-hdpe-gecis-parcalari","8":"product_tag-dis-disli-pirinc-gecis","9":"product_tag-dogalgaz-pirinc-adaptor","10":"product_tag-elektrofuzyon-pirinc-gecis","11":"product_tag-pe-plastik-boru-pirinc-gecis","12":"product_tag-pirinc-dis-disli-baglanti","13":"product_tag-pn10-pirinc-gecis-parcasi","14":"product_tag-su-hatti-pirinc-dis-disli","16":"first","17":"instock","18":"shipping-taxable","19":"product-type-simple"},"_links":{"self":[{"href":"https:\/\/www.yildizpolietilen.com\/de\/wp-json\/wp\/v2\/product\/12149","targetHints":{"allow":["GET"]}}],"collection":[{"href":"https:\/\/www.yildizpolietilen.com\/de\/wp-json\/wp\/v2\/product"}],"about":[{"href":"https:\/\/www.yildizpolietilen.com\/de\/wp-json\/wp\/v2\/types\/product"}],"wp:featuredmedia":[{"embeddable":true,"href":"https:\/\/www.yildizpolietilen.com\/de\/wp-json\/wp\/v2\/media\/10162"}],"wp:attachment":[{"href":"https:\/\/www.yildizpolietilen.com\/de\/wp-json\/wp\/v2\/media?parent=12149"}],"wp:term":[{"taxonomy":"product_brand","embeddable":true,"href":"https:\/\/www.yildizpolietilen.com\/de\/wp-json\/wp\/v2\/product_brand?post=12149"},{"taxonomy":"product_cat","embeddable":true,"href":"https:\/\/www.yildizpolietilen.com\/de\/wp-json\/wp\/v2\/product_cat?post=12149"},{"taxonomy":"product_tag","embeddable":true,"href":"https:\/\/www.yildizpolietilen.com\/de\/wp-json\/wp\/v2\/product_tag?post=12149"}],"curies":[{"name":"wp","href":"https:\/\/api.w.org\/{rel}","templated":true}]}}