{"id":12147,"date":"2024-08-04T04:48:20","date_gmt":"2024-08-04T01:48:20","guid":{"rendered":"https:\/\/yildizpolietilen.com\/urun\/uebergangsinnenverzahnungausstahl\/"},"modified":"2025-06-24T15:06:29","modified_gmt":"2025-06-24T12:06:29","slug":"uebergangsinnenverzahnungausstahl","status":"publish","type":"product","link":"https:\/\/www.yildizpolietilen.com\/de\/urun\/uebergangsinnenverzahnungausstahl\/","title":{"rendered":"STAHL INNENGEWINDE \u00dcBERGANG"},"content":{"rendered":"<div id=\"footable_parent_16484\"\n         class=\" footable_parent ninja_table_wrapper loading_ninja_table wp_table_data_press_parent semantic_ui \">\n                <table data-ninja_table_instance=\"ninja_table_instance_0\" data-footable_id=\"16484\" data-filter-delay=\"1000\" aria-label=\"GP-Celik-Gecis-Ic-Disli\"            id=\"footable_16484\"\n           data-unique_identifier=\"ninja_table_unique_id_574155129_16484\"\n           class=\" foo-table ninja_footable foo_table_16484 ninja_table_unique_id_574155129_16484 ui table  nt_type_legacy_table celled striped compact vertical_centered  footable-paging-right ninja_table_search_disabled ninja_table_pro\">\n                <colgroup>\n                            <col class=\"ninja_column_0 \">\n                            <col class=\"ninja_column_1 \">\n                            <col class=\"ninja_column_2 \">\n                            <col class=\"ninja_column_3 \">\n                            <col class=\"ninja_column_4 \">\n                            <col class=\"ninja_column_5 \">\n                            <col class=\"ninja_column_6 \">\n                            <col class=\"ninja_column_7 \">\n                            <col class=\"ninja_column_8 \">\n                    <\/colgroup>\n        <thead>\n<tr class=\"footable-header\">\n                                                                                                                                                        <th scope=\"col\"  class=\"ninja_column_0 ninja_clmn_nm_SIRA \">SIRA<\/th><th scope=\"col\"  class=\"ninja_column_1 ninja_clmn_nm_\u00dcR\u00dcN KODU \">\u00dcR\u00dcN KODU<\/th><th scope=\"col\"  class=\"ninja_column_2 ninja_clmn_nm_\u00c7AP d [mm] \">\u00c7AP d [mm]<\/th><th scope=\"col\"  class=\"ninja_column_3 ninja_clmn_nm_L [mm] \">L [mm]<\/th><th scope=\"col\"  class=\"ninja_column_4 ninja_clmn_nm_L1 [mm] \">L1 [mm]<\/th><th scope=\"col\"  class=\"ninja_column_5 ninja_clmn_nm_L2 [mm] \">L2 [mm]<\/th><th scope=\"col\"  class=\"ninja_column_6 ninja_clmn_nm_A\u011eIRLIK [kg] \">A\u011eIRLIK [kg]<\/th><th scope=\"col\"  class=\"ninja_column_7 ninja_clmn_nm_KOL\u0130 ADED\u0130 \">KOL\u0130 ADED\u0130<\/th><th scope=\"col\"  class=\"ninja_column_8 ninja_clmn_nm_KOL\u0130 EBATI \">KOL\u0130 EBATI<\/th><\/tr>\n<\/thead>\n<tbody>\n\n        <tr data-row_id=\"7155\" class=\"ninja_table_row_0 nt_row_id_7155\">\n            <td>SEQ<\/td><td>PRODUCT CODE<\/td><td>SIZE d [mm]<\/td><td>L [mm]<\/td><td>L1 [mm]<\/td><td>L2 [mm]<\/td><td>WEIGHT [kg]<\/td><td>IN A PARCEL<\/td><td>PCS PRICE<\/td>        <\/tr>\n            <tr data-row_id=\"7156\" class=\"ninja_table_row_1 nt_row_id_7156\">\n            <td>1<\/td><td>974822100063<\/td><td>63<\/td><td>212.8<\/td><td>106.8<\/td><td>44.5<\/td><td>1.84<\/td><td>12<\/td><td>27*33\/27<\/td>        <\/tr>\n            <tr data-row_id=\"7157\" class=\"ninja_table_row_2 nt_row_id_7157\">\n            <td>2<\/td><td>974822100090<\/td><td>90<\/td><td>188<\/td><td>84.5<\/td><td>43.8<\/td><td>2.67<\/td><td>6<\/td><td>27*33*27<\/td>        <\/tr>\n    <\/tbody><!--ninja_tobody_rendering_done-->\n    <\/table>\n    \n    \n    \n<\/div>\n\n","protected":false},"excerpt":{"rendered":"<p data-start=\"108\" data-end=\"199\"><strong data-start=\"108\" data-end=\"199\">Stahl-\u00dcbergangs-Innengewinde &#8211; Robuste und lecksichere Verbindung in Kunststoff- und Metall-Rohrleitungssystemen<\/strong><\/p>\n<p data-start=\"201\" data-end=\"631\"><strong data-start=\"201\" data-end=\"221\">Produktbeschreibung:<\/strong><br data-start=\"221\" data-end=\"224\">Stahl\u00fcbergangs-Innengewinde ist ein Fitting, das f\u00fcr den \u00dcbergang zwischen Kunststoffrohren aus Polyethylen (PE) und Metallrohren entwickelt wurde. Die Gewinde auf der Innenseite des Stahlteils sind speziell gefertigt, um die Verbindung zu verst\u00e4rken und die Dichtheit zu erh\u00f6hen. Stahl ist aufgrund seiner hohen Festigkeit, Haltbarkeit und Korrosionsbest\u00e4ndigkeit das Material der Wahl f\u00fcr solche Fittings.    <\/p>\n<p data-start=\"633\" data-end=\"979\">Der Kunststoffteil wird mit dem Kunststoffteil der Rohrleitung durch Stumpfschwei\u00dfen oder geeignete Elektroschwei\u00dffittings (EF) verbunden. Dank seiner breiten Produktpalette, die f\u00fcr verschiedene Durchmesser und Gewindegr\u00f6\u00dfen geeignet ist, bietet es ideale L\u00f6sungen f\u00fcr alle Arten von Verbindungen, die in verschiedenen Projekten ben\u00f6tigt werden. Es gibt viele Anwendungsbereiche, insbesondere Erdgas- und Wasserleitungen.    <\/p>\n<p data-start=\"981\" data-end=\"1005\"><strong data-start=\"981\" data-end=\"1003\">Einsatzgebiete:<\/strong><\/p>\n<ul data-start=\"1006\" data-end=\"1176\">\n<li data-start=\"1006\" data-end=\"1037\">\n<p data-start=\"1008\" data-end=\"1037\">Erdgasverteilungssysteme<\/p>\n<\/li>\n<li data-start=\"1038\" data-end=\"1071\">\n<p data-start=\"1040\" data-end=\"1071\">Trink- und Brauchwasserleitungen<\/p>\n<\/li>\n<li data-start=\"1072\" data-end=\"1114\">\n<p data-start=\"1074\" data-end=\"1114\">Transportleitungen f\u00fcr industrielle Fl\u00fcssigkeiten und Gase<\/p>\n<\/li>\n<li data-start=\"1115\" data-end=\"1145\">\n<p data-start=\"1117\" data-end=\"1145\">Landwirtschaftliche Bew\u00e4sserungssysteme<\/p>\n<\/li>\n<li data-start=\"1146\" data-end=\"1176\">\n<p data-start=\"1148\" data-end=\"1176\">Infrastruktur- und Installationsprojekte<\/p>\n<\/li>\n<\/ul>\n<p data-start=\"1178\" data-end=\"1196\"><strong data-start=\"1178\" data-end=\"1194\">Vorteile:<\/strong><\/p>\n<ul data-start=\"1197\" data-end=\"1509\">\n<li data-start=\"1197\" data-end=\"1248\">\n<p data-start=\"1199\" data-end=\"1248\">Hochfeste, korrosionsbest\u00e4ndige Stahlkonstruktion<\/p>\n<\/li>\n<li data-start=\"1249\" data-end=\"1297\">\n<p data-start=\"1251\" data-end=\"1297\">Verbesserte Abdichtung durch Innengewinde<\/p>\n<\/li>\n<li data-start=\"1298\" data-end=\"1356\">\n<p data-start=\"1300\" data-end=\"1356\">Robuster \u00dcbergang zwischen Kunststoff- und Metallrohrsystemen<\/p>\n<\/li>\n<li data-start=\"1357\" data-end=\"1420\">\n<p data-start=\"1359\" data-end=\"1420\">Einfache und sichere Montage durch Elektroschwei\u00dfen oder Stumpfschwei\u00dfen<\/p>\n<\/li>\n<li data-start=\"1421\" data-end=\"1473\">\n<p data-start=\"1423\" data-end=\"1473\">Produktionsm\u00f6glichkeiten in verschiedenen Durchmessern und Gewindegr\u00f6\u00dfen<\/p>\n<\/li>\n<li data-start=\"1474\" data-end=\"1509\">\n<p data-start=\"1476\" data-end=\"1509\">Langlebige und dauerhafte Verbindung<\/p>\n<\/li>\n<\/ul>\n<p data-start=\"1511\" data-end=\"1535\"><strong data-start=\"1511\" data-end=\"1533\">Technische Daten:<\/strong><\/p>\n<ul data-start=\"1536\" data-end=\"1794\">\n<li data-start=\"1536\" data-end=\"1561\">\n<p data-start=\"1538\" data-end=\"1561\">Material: Kohlenstoffstahl<\/p>\n<\/li>\n<li data-start=\"1562\" data-end=\"1606\">\n<p data-start=\"1564\" data-end=\"1606\">Anschlussart: \u00dcbergangsverbindung mit Innengewinde<\/p>\n<\/li>\n<li data-start=\"1607\" data-end=\"1669\">\n<p data-start=\"1609\" data-end=\"1669\">Kunststoffverbindung: Stumpfschwei\u00df- oder Elektroschwei\u00dffitting<\/p>\n<\/li>\n<li data-start=\"1670\" data-end=\"1708\">\n<p data-start=\"1672\" data-end=\"1708\">Durchmesserbereich: Variabel je nach Projekt<\/p>\n<\/li>\n<li data-start=\"1709\" data-end=\"1739\">\n<p data-start=\"1711\" data-end=\"1739\">Druckklasse: PN10 \/ PN16<\/p>\n<\/li>\n<li data-start=\"1740\" data-end=\"1794\">\n<p data-start=\"1742\" data-end=\"1794\">Oberfl\u00e4chenbehandlung: Verzinkt oder spezielle Beschichtungsoptionen<\/p>\n<\/li>\n<\/ul>\n","protected":false},"featured_media":10168,"template":"","meta":{"pgc_sgb_lightbox_settings":""},"product_brand":[152],"product_cat":[46],"product_tag":[371,376,374,372,377,369,378,379],"class_list":{"0":"post-12147","1":"product","2":"type-product","3":"status-publish","4":"has-post-thumbnail","6":"product_brand-yildiz-polietilen","7":"product_cat-hdpe-gecis-parcalari","8":"product_tag-alin-kaynakli-gecis-adaptoru","9":"product_tag-celik-gecis-ic-disli","10":"product_tag-dogalgaz-boru-gecisi","11":"product_tag-elektrofuzyon-gecis-parcasi","12":"product_tag-ic-disli-gecis-baglantisi","13":"product_tag-pe-plastik-boru-gecis-parcasi","14":"product_tag-pn10-ic-disli-baglanti","15":"product_tag-su-hatti-ic-disli-adaptor","17":"first","18":"instock","19":"shipping-taxable","20":"product-type-simple"},"_links":{"self":[{"href":"https:\/\/www.yildizpolietilen.com\/de\/wp-json\/wp\/v2\/product\/12147","targetHints":{"allow":["GET"]}}],"collection":[{"href":"https:\/\/www.yildizpolietilen.com\/de\/wp-json\/wp\/v2\/product"}],"about":[{"href":"https:\/\/www.yildizpolietilen.com\/de\/wp-json\/wp\/v2\/types\/product"}],"wp:featuredmedia":[{"embeddable":true,"href":"https:\/\/www.yildizpolietilen.com\/de\/wp-json\/wp\/v2\/media\/10168"}],"wp:attachment":[{"href":"https:\/\/www.yildizpolietilen.com\/de\/wp-json\/wp\/v2\/media?parent=12147"}],"wp:term":[{"taxonomy":"product_brand","embeddable":true,"href":"https:\/\/www.yildizpolietilen.com\/de\/wp-json\/wp\/v2\/product_brand?post=12147"},{"taxonomy":"product_cat","embeddable":true,"href":"https:\/\/www.yildizpolietilen.com\/de\/wp-json\/wp\/v2\/product_cat?post=12147"},{"taxonomy":"product_tag","embeddable":true,"href":"https:\/\/www.yildizpolietilen.com\/de\/wp-json\/wp\/v2\/product_tag?post=12147"}],"curies":[{"name":"wp","href":"https:\/\/api.w.org\/{rel}","templated":true}]}}