{"id":12084,"date":"2024-08-04T04:34:59","date_gmt":"2024-08-04T01:34:59","guid":{"rendered":"https:\/\/yildizpolietilen.com\/urun\/elbow-90\/"},"modified":"2025-06-24T15:06:06","modified_gmt":"2025-06-24T12:06:06","slug":"elbow-90","status":"publish","type":"product","link":"https:\/\/www.yildizpolietilen.com\/de\/urun\/elbow-90\/","title":{"rendered":"ELBOW \u00b090"},"content":{"rendered":"<p data-start=\"87\" data-end=\"167\"><strong data-start=\"87\" data-end=\"167\">Einspritzbogen 90\u00b0 &#8211; Pr\u00e4zise und leistungsstarke R\u00fccklaufl\u00f6sung f\u00fcr HDPE-Rohrsysteme<\/strong><\/p>\n<p data-start=\"169\" data-end=\"491\"><strong data-start=\"169\" data-end=\"189\">Produktbeschreibung:<\/strong><br data-start=\"189\" data-end=\"192\">Dieses Winkelst\u00fcck, das mit seiner kompakten und standardisierten Struktur eine einfache Installation erm\u00f6glicht, kann sowohl durch Elektroschwei\u00dfen als auch durch Stumpfschwei\u00dfen verwendet werden. Es ist eine ideale L\u00f6sung f\u00fcr langlebige und dichte Verbindungen in Wasser-, Erdgas-, Abwasser- und industriellen Fl\u00fcssigkeitsleitungen.   <\/p>\n<p data-start=\"747\" data-end=\"771\"><strong data-start=\"747\" data-end=\"769\">Einsatzgebiete:<\/strong><\/p>\n<ul data-start=\"772\" data-end=\"988\">\n<li data-start=\"772\" data-end=\"808\">\n<p data-start=\"774\" data-end=\"808\">Trink- und Trinkwassersysteme<\/p>\n<\/li>\n<li data-start=\"809\" data-end=\"837\">\n<p data-start=\"811\" data-end=\"837\">Erdgasverteilungsleitungen<\/p>\n<\/li>\n<li data-start=\"838\" data-end=\"866\">\n<p data-start=\"840\" data-end=\"866\">Kanalisationsinfrastrukturen<\/p>\n<\/li>\n<li data-start=\"867\" data-end=\"906\">\n<p data-start=\"869\" data-end=\"906\">Industrielle Fl\u00fcssigkeits- und Gasanlagen<\/p>\n<\/li>\n<li data-start=\"907\" data-end=\"934\">\n<p data-start=\"909\" data-end=\"934\">Landwirtschaftliche Bew\u00e4sserungsanlagen<\/p>\n<\/li>\n<li data-start=\"935\" data-end=\"988\">\n<p data-start=\"937\" data-end=\"988\">Bereiche, in denen eine abgewinkelte Verlegung in Pipelines erforderlich ist<\/p>\n<\/li>\n<\/ul>\n<p data-start=\"990\" data-end=\"1008\"><strong data-start=\"990\" data-end=\"1006\">Vorteile:<\/strong><\/p>\n<ul data-start=\"1009\" data-end=\"1318\">\n<li data-start=\"1009\" data-end=\"1061\">\n<p data-start=\"1011\" data-end=\"1061\">Hohe Ma\u00dfgenauigkeit beim Spritzgie\u00dfen<\/p>\n<\/li>\n<li data-start=\"1062\" data-end=\"1124\">\n<p data-start=\"1064\" data-end=\"1124\">Wechselt sanft die Flussrichtung mit einem Standardwinkel von 90\u00b0<\/p>\n<\/li>\n<li data-start=\"1125\" data-end=\"1184\">\n<p data-start=\"1127\" data-end=\"1184\">Langlebige, korrosions- und chemikalienbest\u00e4ndige HDPE-Konstruktion<\/p>\n<\/li>\n<li data-start=\"1185\" data-end=\"1224\">\n<p data-start=\"1187\" data-end=\"1224\">Einfache Montage, minimale Schwei\u00dffehler<\/p>\n<\/li>\n<li data-start=\"1225\" data-end=\"1270\">\n<p data-start=\"1227\" data-end=\"1270\">Auslaufsichere, robuste und dauerhafte Verbindung<\/p>\n<\/li>\n<li data-start=\"1271\" data-end=\"1318\">\n<p data-start=\"1273\" data-end=\"1318\">Schnelle Lieferung ab Lager oder kundenspezifische Produktion<\/p>\n<\/li>\n<\/ul>\n<p data-start=\"1320\" data-end=\"1344\"><strong data-start=\"1320\" data-end=\"1342\">Technische Daten:<\/strong><\/p>\n<ul data-start=\"1345\" data-end=\"1558\">\n<li data-start=\"1345\" data-end=\"1370\">\n<p data-start=\"1347\" data-end=\"1370\">Material: HDPE (PE100)<\/p>\n<\/li>\n<li data-start=\"1371\" data-end=\"1389\">\n<p data-start=\"1373\" data-end=\"1389\">Winkel 90 Grad<\/p>\n<\/li>\n<li data-start=\"1390\" data-end=\"1442\">\n<p data-start=\"1392\" data-end=\"1442\">Verbindungsmethode: Elektroschwei\u00dfen oder Stumpfschwei\u00dfen<\/p>\n<\/li>\n<li data-start=\"1488\" data-end=\"1518\">\n<p data-start=\"1490\" data-end=\"1518\">Druckklasse: PN10 \/ PN16<\/p>\n<\/li>\n<li data-start=\"1519\" data-end=\"1558\">\n<p data-start=\"1521\" data-end=\"1558\">Konformit\u00e4t ISO 4427, EN 12201, EN 1555<\/p>\n<\/li>\n<\/ul>\n<div id=\"footable_parent_16404\"\n         class=\" footable_parent ninja_table_wrapper loading_ninja_table wp_table_data_press_parent semantic_ui \">\n                <table data-ninja_table_instance=\"ninja_table_instance_0\" data-footable_id=\"16404\" data-filter-delay=\"1000\" aria-label=\"Spigot-90\u00b0-Dirsek\"            id=\"footable_16404\"\n           data-unique_identifier=\"ninja_table_unique_id_715665428_16404\"\n           class=\" foo-table ninja_footable foo_table_16404 ninja_table_unique_id_715665428_16404 ui table  nt_type_legacy_table celled striped compact vertical_centered  footable-paging-right ninja_table_search_disabled ninja_table_pro\">\n                <colgroup>\n                            <col class=\"ninja_column_0 \">\n                            <col class=\"ninja_column_1 \">\n                            <col class=\"ninja_column_2 \">\n                            <col class=\"ninja_column_3 \">\n                            <col class=\"ninja_column_4 \">\n                            <col class=\"ninja_column_5 \">\n                            <col class=\"ninja_column_6 \">\n                            <col class=\"ninja_column_7 \">\n                            <col class=\"ninja_column_8 \">\n                            <col class=\"ninja_column_9 \">\n                            <col class=\"ninja_column_10 \">\n                    <\/colgroup>\n        <thead>\n<tr class=\"footable-header\">\n                                                                                                                                                                                        <th scope=\"col\"  class=\"ninja_column_0 ninja_clmn_nm_SIRA \">SIRA<\/th><th scope=\"col\"  class=\"ninja_column_1 ninja_clmn_nm_\u00dcR\u00dcN KODU \">\u00dcR\u00dcN KODU<\/th><th scope=\"col\"  class=\"ninja_column_2 ninja_clmn_nm_\u00c7AP d [mm] \">\u00c7AP d [mm]<\/th><th scope=\"col\"  class=\"ninja_column_3 ninja_clmn_nm_BASIN\u00c7 [bar] \">BASIN\u00c7 [bar]<\/th><th scope=\"col\"  class=\"ninja_column_4 ninja_clmn_nm_L [mm] \">L [mm]<\/th><th scope=\"col\"  class=\"ninja_column_5 ninja_clmn_nm_z [mm] \">z [mm]<\/th><th scope=\"col\"  class=\"ninja_column_6 ninja_clmn_nm_L1 [mm] \">L1 [mm]<\/th><th scope=\"col\"  class=\"ninja_column_7 ninja_clmn_nm_e [mm] \">e [mm]<\/th><th scope=\"col\"  class=\"ninja_column_8 ninja_clmn_nm_A\u011eIRLIK [kg] \">A\u011eIRLIK [kg]<\/th><th scope=\"col\"  class=\"ninja_column_9 ninja_clmn_nm_KOL\u0130 ADED\u0130 \">KOL\u0130 ADED\u0130<\/th><th scope=\"col\"  class=\"ninja_column_10 ninja_clmn_nm_KOL\u0130 EBATI \">KOL\u0130 EBATI<\/th><\/tr>\n<\/thead>\n<tbody>\n\n        <tr data-row_id=\"4668\" class=\"ninja_table_row_0 nt_row_id_4668\">\n            <td>SEQ<\/td><td>PRODUCT CODE<\/td><td>SIZE d [mm]<\/td><td>PRESSURE [bar]<\/td><td>L [mm]<\/td><td>z [mm]<\/td><td>L1 [mm]<\/td><td>e [mm]<\/td><td>WEIGHT [kg]<\/td><td>IN A PARCEL<\/td><td>PCS PRICE<\/td>        <\/tr>\n            <tr data-row_id=\"4669\" class=\"ninja_table_row_1 nt_row_id_4669\">\n            <td>1<\/td><td>974639700032<\/td><td>32<\/td><td>PN10<\/td><td>67.1<\/td><td>51.1<\/td><td>28.8<\/td><td>2.3<\/td><td>0.02<\/td><td>200<\/td><td>30\/60\/41<\/td>        <\/tr>\n            <tr data-row_id=\"4670\" class=\"ninja_table_row_2 nt_row_id_4670\">\n            <td>2<\/td><td>974639100032<\/td><td>32<\/td><td>PN16<\/td><td>67.1<\/td><td>51.1<\/td><td>28.8<\/td><td>3.2<\/td><td>0.03<\/td><td>200<\/td><td>30\/60\/41<\/td>        <\/tr>\n            <tr data-row_id=\"4671\" class=\"ninja_table_row_3 nt_row_id_4671\">\n            <td>3<\/td><td>974639700040<\/td><td>40<\/td><td>PN10<\/td><td>105.5<\/td><td>85.3<\/td><td>49.5<\/td><td>2.8<\/td><td>0.08<\/td><td>70<\/td><td>30\/60\/41<\/td>        <\/tr>\n            <tr data-row_id=\"4672\" class=\"ninja_table_row_4 nt_row_id_4672\">\n            <td>4<\/td><td>974639100040<\/td><td>40<\/td><td>PN16<\/td><td>105.5<\/td><td>85.3<\/td><td>49.5<\/td><td>4.05<\/td><td>0.12<\/td><td>70<\/td><td>30\/60\/41<\/td>        <\/tr>\n            <tr data-row_id=\"4673\" class=\"ninja_table_row_5 nt_row_id_4673\">\n            <td>5<\/td><td>974639700050<\/td><td>50<\/td><td>PN10<\/td><td>128.8<\/td><td>103.2<\/td><td>61.3<\/td><td>3.4<\/td><td>0.11<\/td><td>65<\/td><td>30\/60\/41<\/td>        <\/tr>\n            <tr data-row_id=\"4674\" class=\"ninja_table_row_6 nt_row_id_4674\">\n            <td>6<\/td><td>974639100050<\/td><td>50<\/td><td>PN16<\/td><td>128.8<\/td><td>103.2<\/td><td>61.3<\/td><td>4.65<\/td><td>0.17<\/td><td>65<\/td><td>30\/60\/41<\/td>        <\/tr>\n            <tr data-row_id=\"4675\" class=\"ninja_table_row_7 nt_row_id_4675\">\n            <td>7<\/td><td>974639700063<\/td><td>63<\/td><td>PN10<\/td><td>147.6<\/td><td>115.9<\/td><td>64.6<\/td><td>3.8<\/td><td>0.22<\/td><td>52<\/td><td>30\/60\/41<\/td>        <\/tr>\n            <tr data-row_id=\"4676\" class=\"ninja_table_row_8 nt_row_id_4676\">\n            <td>8<\/td><td>974639100063<\/td><td>63<\/td><td>PN16<\/td><td>147.6<\/td><td>115.9<\/td><td>64.6<\/td><td>6.5<\/td><td>0.33<\/td><td>52<\/td><td>30\/60\/41<\/td>        <\/tr>\n            <tr data-row_id=\"4677\" class=\"ninja_table_row_9 nt_row_id_4677\">\n            <td>9<\/td><td>974639700075<\/td><td>75<\/td><td>PN10<\/td><td>165<\/td><td>127.4<\/td><td>67.3<\/td><td>4.5<\/td><td>0.29<\/td><td>40<\/td><td>30\/60\/41<\/td>        <\/tr>\n            <tr data-row_id=\"4678\" class=\"ninja_table_row_10 nt_row_id_4678\">\n            <td>10<\/td><td>974639100075<\/td><td>75<\/td><td>PN16<\/td><td>165<\/td><td>127.4<\/td><td>67.3<\/td><td>7.4<\/td><td>0.44<\/td><td>40<\/td><td>30\/60\/41<\/td>        <\/tr>\n            <tr data-row_id=\"4679\" class=\"ninja_table_row_11 nt_row_id_4679\">\n            <td>11<\/td><td>974639700090<\/td><td>90<\/td><td>PN10<\/td><td>202.7<\/td><td>157.2<\/td><td>85<\/td><td>5.4<\/td><td>0.51<\/td><td>24<\/td><td>30\/60\/41<\/td>        <\/tr>\n            <tr data-row_id=\"4680\" class=\"ninja_table_row_12 nt_row_id_4680\">\n            <td>12<\/td><td>974639100090<\/td><td>90<\/td><td>PN16<\/td><td>202.7<\/td><td>157.2<\/td><td>85<\/td><td>8.6<\/td><td>0.77<\/td><td>24<\/td><td>30\/60\/41<\/td>        <\/tr>\n            <tr data-row_id=\"4681\" class=\"ninja_table_row_13 nt_row_id_4681\">\n            <td>13<\/td><td>974639700110<\/td><td>110<\/td><td>PN10<\/td><td>217<\/td><td>161.8<\/td><td>85.2<\/td><td>6.7<\/td><td>0.96<\/td><td>20<\/td><td>41\/60\/46<\/td>        <\/tr>\n            <tr data-row_id=\"4682\" class=\"ninja_table_row_14 nt_row_id_4682\">\n            <td>14<\/td><td>974639100110<\/td><td>110<\/td><td>PN16<\/td><td>217<\/td><td>161.8<\/td><td>85.2<\/td><td>10.1<\/td><td>1.06<\/td><td>20<\/td><td>41\/60\/46<\/td>        <\/tr>\n            <tr data-row_id=\"4683\" class=\"ninja_table_row_15 nt_row_id_4683\">\n            <td>15<\/td><td>974639700125<\/td><td>125<\/td><td>PN10<\/td><td>242.4<\/td><td>179.6<\/td><td>95.3<\/td><td>7.5<\/td><td>1.04<\/td><td>10<\/td><td>30\/60\/41<\/td>        <\/tr>\n            <tr data-row_id=\"4684\" class=\"ninja_table_row_16 nt_row_id_4684\">\n            <td>16<\/td><td>974639100125<\/td><td>125<\/td><td>PN16<\/td><td>242.4<\/td><td>179.6<\/td><td>95.3<\/td><td>12.5<\/td><td>1.56<\/td><td>10<\/td><td>30\/60\/41<\/td>        <\/tr>\n            <tr data-row_id=\"4685\" class=\"ninja_table_row_17 nt_row_id_4685\">\n            <td>17<\/td><td>974639700140<\/td><td>140<\/td><td>PN10<\/td><td>252.4<\/td><td>182.2<\/td><td>96.5<\/td><td>8.8<\/td><td>1.31<\/td><td>12<\/td><td>41\/60\/46<\/td>        <\/tr>\n            <tr data-row_id=\"4686\" class=\"ninja_table_row_18 nt_row_id_4686\">\n            <td>18<\/td><td>974639100140<\/td><td>140<\/td><td>PN16<\/td><td>252.4<\/td><td>182.2<\/td><td>96.5<\/td><td>14.1<\/td><td>1.97<\/td><td>12<\/td><td>41\/60\/46<\/td>        <\/tr>\n            <tr data-row_id=\"4687\" class=\"ninja_table_row_19 nt_row_id_4687\">\n            <td>19<\/td><td>974639700160<\/td><td>160<\/td><td>PN10<\/td><td>285.6<\/td><td>205.4<\/td><td>107.2<\/td><td>10.15<\/td><td>2.1<\/td><td>8<\/td><td>41\/60\/46<\/td>        <\/tr>\n            <tr data-row_id=\"4688\" class=\"ninja_table_row_20 nt_row_id_4688\">\n            <td>20<\/td><td>974639100160<\/td><td>160<\/td><td>PN16<\/td><td>285.6<\/td><td>205.4<\/td><td>107.2<\/td><td>15.4<\/td><td>2.76<\/td><td>8<\/td><td>41\/60\/46<\/td>        <\/tr>\n            <tr data-row_id=\"4689\" class=\"ninja_table_row_21 nt_row_id_4689\">\n            <td>21<\/td><td>974639700180<\/td><td>180<\/td><td>PN10<\/td><td>312<\/td><td>222<\/td><td>109.5<\/td><td>11.7<\/td><td>2.47<\/td><td>6<\/td><td>41\/60\/46<\/td>        <\/tr>\n            <tr data-row_id=\"4690\" class=\"ninja_table_row_22 nt_row_id_4690\">\n            <td>22<\/td><td>974639100180<\/td><td>180<\/td><td>PN16<\/td><td>312<\/td><td>222<\/td><td>109.5<\/td><td>16.6<\/td><td>3.71<\/td><td>6<\/td><td>41\/60\/46<\/td>        <\/tr>\n            <tr data-row_id=\"4691\" class=\"ninja_table_row_23 nt_row_id_4691\">\n            <td>23<\/td><td>974639700200<\/td><td>200<\/td><td>PN10<\/td><td>345.5<\/td><td>245.1<\/td><td>122.2<\/td><td>12.1<\/td><td>3.55<\/td><td>4<\/td><td>41\/60\/46<\/td>        <\/tr>\n            <tr data-row_id=\"4692\" class=\"ninja_table_row_24 nt_row_id_4692\">\n            <td>24<\/td><td>974639100200<\/td><td>200<\/td><td>PN16<\/td><td>345.5<\/td><td>245.1<\/td><td>122.2<\/td><td>19.42<\/td><td>5.33<\/td><td>4<\/td><td>41\/60\/46<\/td>        <\/tr>\n            <tr data-row_id=\"4693\" class=\"ninja_table_row_25 nt_row_id_4693\">\n            <td>25<\/td><td>974639700225<\/td><td>225<\/td><td>PN10<\/td><td>379<\/td><td>265.2<\/td><td>125.9<\/td><td>14<\/td><td>4.32<\/td><td>6<\/td><td>50\/60\/50<\/td>        <\/tr>\n            <tr data-row_id=\"4694\" class=\"ninja_table_row_26 nt_row_id_4694\">\n            <td>26<\/td><td>974639100225<\/td><td>225<\/td><td>PN16<\/td><td>379<\/td><td>265.2<\/td><td>125.9<\/td><td>21.6<\/td><td>6.48<\/td><td>6<\/td><td>50\/60\/50<\/td>        <\/tr>\n            <tr data-row_id=\"4695\" class=\"ninja_table_row_27 nt_row_id_4695\">\n            <td>27<\/td><td>974639700250<\/td><td>250<\/td><td>PN10<\/td><td>404.5<\/td><td>279<\/td><td>128.7<\/td><td>15.4<\/td><td>5.57<\/td><td>4<\/td><td>50\/60\/50<\/td>        <\/tr>\n            <tr data-row_id=\"4696\" class=\"ninja_table_row_28 nt_row_id_4696\">\n            <td>28<\/td><td>974639100250<\/td><td>250<\/td><td>PN16<\/td><td>404.5<\/td><td>279<\/td><td>128.7<\/td><td>22.8<\/td><td>8.35<\/td><td>4<\/td><td>50\/60\/50<\/td>        <\/tr>\n            <tr data-row_id=\"4697\" class=\"ninja_table_row_29 nt_row_id_4697\">\n            <td>29<\/td><td>974639700280<\/td><td>280<\/td><td>PN10<\/td><td>410<\/td><td>269.5<\/td><td>112.8<\/td><td>17<\/td><td>7.24<\/td><td>1<\/td><td>50\/60\/50<\/td>        <\/tr>\n            <tr data-row_id=\"4698\" class=\"ninja_table_row_30 nt_row_id_4698\">\n            <td>30<\/td><td>974639100280<\/td><td>280<\/td><td>PN16<\/td><td>410<\/td><td>269.5<\/td><td>112.8<\/td><td>26<\/td><td>10.86<\/td><td>1<\/td><td>50\/60\/50<\/td>        <\/tr>\n            <tr data-row_id=\"4699\" class=\"ninja_table_row_31 nt_row_id_4699\">\n            <td>31<\/td><td>974639700315<\/td><td>315<\/td><td>PN10<\/td><td>502<\/td><td>344<\/td><td>148.7<\/td><td>20.4<\/td><td>12.9<\/td><td>1<\/td><td>50\/60\/50<\/td>        <\/tr>\n            <tr data-row_id=\"4700\" class=\"ninja_table_row_32 nt_row_id_4700\">\n            <td>32<\/td><td>974639100315<\/td><td>315<\/td><td>PN16<\/td><td>502<\/td><td>344<\/td><td>148.7<\/td><td>30<\/td><td>19.35<\/td><td>1<\/td><td>50\/60\/50<\/td>        <\/tr>\n    <\/tbody><!--ninja_tobody_rendering_done-->\n    <\/table>\n    \n    \n    \n<\/div>\n\n","protected":false},"excerpt":{"rendered":"<p data-start=\"169\" data-end=\"491\">Der Spritzgussbogen 90\u00b0 ist ein Verbindungselement, das durch ein spezielles Spritzgussverfahren hergestellt wird, um eine Richtungs\u00e4nderung von 90\u00b0 in HDPE (High Density Polyethylene) Rohrsystemen zu erm\u00f6glichen. Dank des Spritzgussverfahrens verf\u00fcgt er \u00fcber eine hohe Ma\u00dfgenauigkeit, eine glatte Innenfl\u00e4che und mechanische Best\u00e4ndigkeit.   <\/p>\n<p data-start=\"493\" data-end=\"745\">\n","protected":false},"featured_media":18616,"template":"","meta":{"pgc_sgb_lightbox_settings":""},"product_brand":[152],"product_cat":[44],"product_tag":[468],"class_list":{"0":"post-12084","1":"product","2":"type-product","3":"status-publish","4":"has-post-thumbnail","6":"product_brand-yildiz-polietilen","7":"product_cat-hdpe-spigot","8":"product_tag-enjeksiyon-dirsek","10":"first","11":"instock","12":"shipping-taxable","13":"product-type-simple"},"_links":{"self":[{"href":"https:\/\/www.yildizpolietilen.com\/de\/wp-json\/wp\/v2\/product\/12084","targetHints":{"allow":["GET"]}}],"collection":[{"href":"https:\/\/www.yildizpolietilen.com\/de\/wp-json\/wp\/v2\/product"}],"about":[{"href":"https:\/\/www.yildizpolietilen.com\/de\/wp-json\/wp\/v2\/types\/product"}],"wp:featuredmedia":[{"embeddable":true,"href":"https:\/\/www.yildizpolietilen.com\/de\/wp-json\/wp\/v2\/media\/18616"}],"wp:attachment":[{"href":"https:\/\/www.yildizpolietilen.com\/de\/wp-json\/wp\/v2\/media?parent=12084"}],"wp:term":[{"taxonomy":"product_brand","embeddable":true,"href":"https:\/\/www.yildizpolietilen.com\/de\/wp-json\/wp\/v2\/product_brand?post=12084"},{"taxonomy":"product_cat","embeddable":true,"href":"https:\/\/www.yildizpolietilen.com\/de\/wp-json\/wp\/v2\/product_cat?post=12084"},{"taxonomy":"product_tag","embeddable":true,"href":"https:\/\/www.yildizpolietilen.com\/de\/wp-json\/wp\/v2\/product_tag?post=12084"}],"curies":[{"name":"wp","href":"https:\/\/api.w.org\/{rel}","templated":true}]}}