{"id":12080,"date":"2024-08-04T04:35:38","date_gmt":"2024-08-04T01:35:38","guid":{"rendered":"https:\/\/yildizpolietilen.com\/urun\/elbow-45\/"},"modified":"2025-06-24T15:06:07","modified_gmt":"2025-06-24T12:06:07","slug":"elbow-45","status":"publish","type":"product","link":"https:\/\/www.yildizpolietilen.com\/de\/urun\/elbow-45\/","title":{"rendered":"ELBOW \u00b045"},"content":{"rendered":"<div id=\"footable_parent_16399\"\n         class=\" footable_parent ninja_table_wrapper loading_ninja_table wp_table_data_press_parent semantic_ui \">\n                <table data-ninja_table_instance=\"ninja_table_instance_0\" data-footable_id=\"16399\" data-filter-delay=\"1000\" aria-label=\"Spigot-45\u00b0-Dirsek\"            id=\"footable_16399\"\n           data-unique_identifier=\"ninja_table_unique_id_354630346_16399\"\n           class=\" foo-table ninja_footable foo_table_16399 ninja_table_unique_id_354630346_16399 ui table  nt_type_legacy_table celled striped compact vertical_centered  footable-paging-right ninja_table_search_disabled ninja_table_pro\">\n                <colgroup>\n                            <col class=\"ninja_column_0 \">\n                            <col class=\"ninja_column_1 \">\n                            <col class=\"ninja_column_2 \">\n                            <col class=\"ninja_column_3 \">\n                            <col class=\"ninja_column_4 \">\n                            <col class=\"ninja_column_5 \">\n                            <col class=\"ninja_column_6 \">\n                            <col class=\"ninja_column_7 \">\n                            <col class=\"ninja_column_8 \">\n                            <col class=\"ninja_column_9 \">\n                            <col class=\"ninja_column_10 \">\n                    <\/colgroup>\n        <thead>\n<tr class=\"footable-header\">\n                                                                                                                                                                                        <th scope=\"col\"  class=\"ninja_column_0 ninja_clmn_nm_SIRA \">SIRA<\/th><th scope=\"col\"  class=\"ninja_column_1 ninja_clmn_nm_\u00dcR\u00dcN KODU \">\u00dcR\u00dcN KODU<\/th><th scope=\"col\"  class=\"ninja_column_2 ninja_clmn_nm_\u00c7AP d [mm] \">\u00c7AP d [mm]<\/th><th scope=\"col\"  class=\"ninja_column_3 ninja_clmn_nm_BASIN\u00c7 [bar] \">BASIN\u00c7 [bar]<\/th><th scope=\"col\"  class=\"ninja_column_4 ninja_clmn_nm_L [mm] \">L [mm]<\/th><th scope=\"col\"  class=\"ninja_column_5 ninja_clmn_nm_z [mm] \">z [mm]<\/th><th scope=\"col\"  class=\"ninja_column_6 ninja_clmn_nm_L1 [mm] \">L1 [mm]<\/th><th scope=\"col\"  class=\"ninja_column_7 ninja_clmn_nm_e [mm] \">e [mm]<\/th><th scope=\"col\"  class=\"ninja_column_8 ninja_clmn_nm_A\u011eIRLIK [kg] \">A\u011eIRLIK [kg]<\/th><th scope=\"col\"  class=\"ninja_column_9 ninja_clmn_nm_KOL\u0130 ADED\u0130 \">KOL\u0130 ADED\u0130<\/th><th scope=\"col\"  class=\"ninja_column_10 ninja_clmn_nm_KOL\u0130 EBATI \">KOL\u0130 EBATI<\/th><\/tr>\n<\/thead>\n<tbody>\n\n        <tr data-row_id=\"4635\" class=\"ninja_table_row_0 nt_row_id_4635\">\n            <td>SEQ.<\/td><td>PRODUCT CODE<\/td><td>SIZE d [mm]<\/td><td>PRESSURE [bar]<\/td><td>L [mm]<\/td><td>z [mm]<\/td><td>L1 [mm]<\/td><td>e [mm]<\/td><td>WEIGHT [kg]<\/td><td>IN A PARCEL<\/td><td>PCS PRICE<\/td>        <\/tr>\n            <tr data-row_id=\"4636\" class=\"ninja_table_row_1 nt_row_id_4636\">\n            <td>1<\/td><td>974635700032<\/td><td>32<\/td><td>PN10<\/td><td>102.37<\/td><td>53.34<\/td><td>40.4<\/td><td>2.3<\/td><td>0.03<\/td><td>220<\/td><td>30\/60\/41<\/td>        <\/tr>\n            <tr data-row_id=\"4637\" class=\"ninja_table_row_2 nt_row_id_4637\">\n            <td>2<\/td><td>974635100032<\/td><td>32<\/td><td>PN16<\/td><td>102.37<\/td><td>53.34<\/td><td>40.4<\/td><td>3.1<\/td><td>0.05<\/td><td>220<\/td><td>30\/60\/41<\/td>        <\/tr>\n            <tr data-row_id=\"4638\" class=\"ninja_table_row_3 nt_row_id_4638\">\n            <td>3<\/td><td>974635700040<\/td><td>40<\/td><td>PN10<\/td><td>132.8<\/td><td>71.4<\/td><td>51<\/td><td>2.8<\/td><td>0.05<\/td><td>80<\/td><td>30\/60\/41<\/td>        <\/tr>\n            <tr data-row_id=\"4639\" class=\"ninja_table_row_4 nt_row_id_4639\">\n            <td>4<\/td><td>974635100040<\/td><td>40<\/td><td>PN16<\/td><td>132.8<\/td><td>71.4<\/td><td>51<\/td><td>3.8<\/td><td>0.08<\/td><td>80<\/td><td>30\/60\/41<\/td>        <\/tr>\n            <tr data-row_id=\"4640\" class=\"ninja_table_row_5 nt_row_id_4640\">\n            <td>5<\/td><td>974635700050<\/td><td>50<\/td><td>PN10<\/td><td>152.8<\/td><td>80.2<\/td><td>58.1<\/td><td>3.4<\/td><td>0.09<\/td><td>65<\/td><td>30\/60\/41<\/td>        <\/tr>\n            <tr data-row_id=\"4641\" class=\"ninja_table_row_6 nt_row_id_4641\">\n            <td>6<\/td><td>974635100050<\/td><td>50<\/td><td>PN16<\/td><td>152.8<\/td><td>80.2<\/td><td>58.1<\/td><td>5.15<\/td><td>0.14<\/td><td>65<\/td><td>30\/60\/41<\/td>        <\/tr>\n            <tr data-row_id=\"4642\" class=\"ninja_table_row_7 nt_row_id_4642\">\n            <td>7<\/td><td>974635700063<\/td><td>63<\/td><td>PN10<\/td><td>188.7<\/td><td>98.4<\/td><td>69.9<\/td><td>4.3<\/td><td>0.15<\/td><td>60<\/td><td>30\/60\/41<\/td>        <\/tr>\n            <tr data-row_id=\"4643\" class=\"ninja_table_row_8 nt_row_id_4643\">\n            <td>8<\/td><td>974635100063<\/td><td>63<\/td><td>PN16<\/td><td>188.7<\/td><td>98.4<\/td><td>69.9<\/td><td>5.8<\/td><td>0.23<\/td><td>60<\/td><td>30\/60\/41<\/td>        <\/tr>\n            <tr data-row_id=\"4644\" class=\"ninja_table_row_9 nt_row_id_4644\">\n            <td>9<\/td><td>974635700075<\/td><td>75<\/td><td>PN10<\/td><td>194<\/td><td>100.9<\/td><td>71.3<\/td><td>4.8<\/td><td>0.19<\/td><td>40<\/td><td>30\/60\/41<\/td>        <\/tr>\n            <tr data-row_id=\"4645\" class=\"ninja_table_row_10 nt_row_id_4645\">\n            <td>10<\/td><td>974635100075<\/td><td>75<\/td><td>PN16<\/td><td>194<\/td><td>100.9<\/td><td>71.3<\/td><td>6.8<\/td><td>0.29<\/td><td>40<\/td><td>30\/60\/41<\/td>        <\/tr>\n            <tr data-row_id=\"4646\" class=\"ninja_table_row_11 nt_row_id_4646\">\n            <td>11<\/td><td>974635700090<\/td><td>90<\/td><td>PN10<\/td><td>222.2<\/td><td>112.3<\/td><td>82.9<\/td><td>5.5<\/td><td>0.33<\/td><td>28<\/td><td>30\/60\/41<\/td>        <\/tr>\n            <tr data-row_id=\"4647\" class=\"ninja_table_row_12 nt_row_id_4647\">\n            <td>12<\/td><td>974635100090<\/td><td>90<\/td><td>PN16<\/td><td>222.2<\/td><td>112.3<\/td><td>82.9<\/td><td>8.45<\/td><td>0.5<\/td><td>28<\/td><td>30\/60\/41<\/td>        <\/tr>\n            <tr data-row_id=\"4648\" class=\"ninja_table_row_13 nt_row_id_4648\">\n            <td>13<\/td><td>974635700110<\/td><td>110<\/td><td>PN10<\/td><td>262.4<\/td><td>129.5<\/td><td>86.4<\/td><td>6.8<\/td><td>0.55<\/td><td>22<\/td><td>41\/60\/46<\/td>        <\/tr>\n            <tr data-row_id=\"4649\" class=\"ninja_table_row_14 nt_row_id_4649\">\n            <td>14<\/td><td>974635100110<\/td><td>110<\/td><td>PN16<\/td><td>262.4<\/td><td>129.5<\/td><td>86.4<\/td><td>10.1<\/td><td>0.82<\/td><td>22<\/td><td>41\/60\/46<\/td>        <\/tr>\n            <tr data-row_id=\"4650\" class=\"ninja_table_row_15 nt_row_id_4650\">\n            <td>15<\/td><td>974635700125<\/td><td>125<\/td><td>PN10<\/td><td>265.5<\/td><td>132.3<\/td><td>89<\/td><td>7.6<\/td><td>0.77<\/td><td>18<\/td><td>41\/60\/46<\/td>        <\/tr>\n            <tr data-row_id=\"4651\" class=\"ninja_table_row_16 nt_row_id_4651\">\n            <td>16<\/td><td>974635100125<\/td><td>125<\/td><td>PN16<\/td><td>265.5<\/td><td>132.3<\/td><td>89<\/td><td>11.7<\/td><td>1.225<\/td><td>18<\/td><td>41\/60\/46<\/td>        <\/tr>\n            <tr data-row_id=\"4652\" class=\"ninja_table_row_17 nt_row_id_4652\">\n            <td>17<\/td><td>974635700140<\/td><td>140<\/td><td>PN10<\/td><td>288.7<\/td><td>140<\/td><td>97<\/td><td>8.4<\/td><td>0.99<\/td><td>14<\/td><td>41\/60\/46<\/td>        <\/tr>\n            <tr data-row_id=\"4653\" class=\"ninja_table_row_18 nt_row_id_4653\">\n            <td>18<\/td><td>974635100140<\/td><td>140<\/td><td>PN16<\/td><td>288.7<\/td><td>140<\/td><td>97<\/td><td>12.8<\/td><td>1.6<\/td><td>14<\/td><td>41\/60\/46<\/td>        <\/tr>\n            <tr data-row_id=\"4654\" class=\"ninja_table_row_19 nt_row_id_4654\">\n            <td>19<\/td><td>974635700160<\/td><td>160<\/td><td>PN10<\/td><td>329.5<\/td><td>162<\/td><td>107.8<\/td><td>9.5<\/td><td>1.47<\/td><td>8<\/td><td>41\/60\/46<\/td>        <\/tr>\n            <tr data-row_id=\"4655\" class=\"ninja_table_row_20 nt_row_id_4655\">\n            <td>20<\/td><td>974635100160<\/td><td>160<\/td><td>PN16<\/td><td>329.5<\/td><td>162<\/td><td>107.8<\/td><td>14.7<\/td><td>2.43<\/td><td>8<\/td><td>41\/60\/46<\/td>        <\/tr>\n            <tr data-row_id=\"4656\" class=\"ninja_table_row_21 nt_row_id_4656\">\n            <td>21<\/td><td>974635700180<\/td><td>180<\/td><td>PN10<\/td><td>340<\/td><td>167.3<\/td><td>106<\/td><td>11.25<\/td><td>2<\/td><td>6<\/td><td>41\/60\/46<\/td>        <\/tr>\n            <tr data-row_id=\"4657\" class=\"ninja_table_row_22 nt_row_id_4657\">\n            <td>22<\/td><td>974635100180<\/td><td>180<\/td><td>PN16<\/td><td>340<\/td><td>167.3<\/td><td>106<\/td><td>17.4<\/td><td>2.84<\/td><td>6<\/td><td>41\/60\/46<\/td>        <\/tr>\n            <tr data-row_id=\"4658\" class=\"ninja_table_row_23 nt_row_id_4658\">\n            <td>23<\/td><td>974635700200<\/td><td>200<\/td><td>PN10<\/td><td>360<\/td><td>189<\/td><td>118.5<\/td><td>12.3<\/td><td>2.8<\/td><td>6<\/td><td>41\/60\/46<\/td>        <\/tr>\n            <tr data-row_id=\"4659\" class=\"ninja_table_row_24 nt_row_id_4659\">\n            <td>24<\/td><td>974635100200<\/td><td>200<\/td><td>PN16<\/td><td>360<\/td><td>189<\/td><td>118.5<\/td><td>19<\/td><td>4.19<\/td><td>6<\/td><td>41\/60\/46<\/td>        <\/tr>\n            <tr data-row_id=\"4660\" class=\"ninja_table_row_25 nt_row_id_4660\">\n            <td>25<\/td><td>974635700225<\/td><td>225<\/td><td>PN10<\/td><td>382<\/td><td>186.5<\/td><td>124.7<\/td><td>14<\/td><td>3.4<\/td><td>6<\/td><td>50\/60\/50<\/td>        <\/tr>\n            <tr data-row_id=\"4661\" class=\"ninja_table_row_26 nt_row_id_4661\">\n            <td>26<\/td><td>974635100225<\/td><td>225<\/td><td>PN16<\/td><td>382<\/td><td>186.5<\/td><td>124.7<\/td><td>21<\/td><td>5.18<\/td><td>6<\/td><td>50\/60\/50<\/td>        <\/tr>\n            <tr data-row_id=\"4662\" class=\"ninja_table_row_27 nt_row_id_4662\">\n            <td>27<\/td><td>974635700250<\/td><td>250<\/td><td>PN10<\/td><td>425<\/td><td>207.5<\/td><td>138<\/td><td>16.2<\/td><td>4.8<\/td><td>4<\/td><td>50\/60\/50<\/td>        <\/tr>\n            <tr data-row_id=\"4663\" class=\"ninja_table_row_28 nt_row_id_4663\">\n            <td>28<\/td><td>974635100250<\/td><td>250<\/td><td>PN16<\/td><td>425<\/td><td>207.5<\/td><td>138<\/td><td>25<\/td><td>7.32<\/td><td>4<\/td><td>50\/60\/50<\/td>        <\/tr>\n            <tr data-row_id=\"4664\" class=\"ninja_table_row_29 nt_row_id_4664\">\n            <td>29<\/td><td>974635700280<\/td><td>280<\/td><td>PN10<\/td><td>425<\/td><td>207.5<\/td><td>138<\/td><td>25<\/td><td>7.32<\/td><td>4<\/td><td>50\/60\/50<\/td>        <\/tr>\n            <tr data-row_id=\"4665\" class=\"ninja_table_row_30 nt_row_id_4665\">\n            <td>30<\/td><td>974635100280<\/td><td>280<\/td><td>PN16<\/td><td>425<\/td><td>207.5<\/td><td>138<\/td><td>25<\/td><td>7.32<\/td><td>4<\/td><td>50\/60\/50<\/td>        <\/tr>\n            <tr data-row_id=\"4666\" class=\"ninja_table_row_31 nt_row_id_4666\">\n            <td>31<\/td><td>974635700315<\/td><td>315<\/td><td>PN10<\/td><td>504.5<\/td><td>235.5<\/td><td>156.8<\/td><td>25<\/td><td>9.12<\/td><td>4<\/td><td>50\/60\/50<\/td>        <\/tr>\n            <tr data-row_id=\"4667\" class=\"ninja_table_row_32 nt_row_id_4667\">\n            <td>32<\/td><td>974635100315<\/td><td>315<\/td><td>PN16<\/td><td>504.5<\/td><td>235.5<\/td><td>156.8<\/td><td>25<\/td><td>9.12<\/td><td>4<\/td><td>50\/60\/50<\/td>        <\/tr>\n    <\/tbody><!--ninja_tobody_rendering_done-->\n    <\/table>\n    \n    \n    \n<\/div>\n\n","protected":false},"excerpt":{"rendered":"<p><strong>HDPE SPIGOT ELBOW (SPIGOT ELBOW):<\/strong><\/p>\n<p><strong>Beschreibung des Produkts<\/strong>: Hdpe-Spigot-B\u00f6gen werden mit hohen Qualit\u00e4tsstandards hergestellt und sind zu einem unverzichtbaren Bestandteil der Projekte geworden. Hdpe-Spigot-B\u00f6gen sind ein spigot-Bogen-Verbindungsst\u00fcck, das zur Richtungs\u00e4nderung der Rohrleitung verwendet wird. Da HDPE-Rohre im Stumpfschwei\u00dfverfahren verbunden werden, sind sie im Allgemeinen eine der bevorzugten Produktgruppen. Das Verbindungsverfahren ist einfacher anzuwenden und schneller.   <\/p>\n<p><strong>Einsatzgebiete:<\/strong> Wird in F\u00e4llen verwendet, in denen Richtungs\u00e4nderungen in Rohrsystemen erforderlich sind.<\/p>\n","protected":false},"featured_media":12081,"template":"","meta":{"pgc_sgb_lightbox_settings":""},"product_brand":[],"product_cat":[44],"product_tag":[],"class_list":{"0":"post-12080","1":"product","2":"type-product","3":"status-publish","4":"has-post-thumbnail","6":"product_cat-hdpe-spigot","8":"first","9":"instock","10":"shipping-taxable","11":"product-type-simple"},"_links":{"self":[{"href":"https:\/\/www.yildizpolietilen.com\/de\/wp-json\/wp\/v2\/product\/12080","targetHints":{"allow":["GET"]}}],"collection":[{"href":"https:\/\/www.yildizpolietilen.com\/de\/wp-json\/wp\/v2\/product"}],"about":[{"href":"https:\/\/www.yildizpolietilen.com\/de\/wp-json\/wp\/v2\/types\/product"}],"wp:featuredmedia":[{"embeddable":true,"href":"https:\/\/www.yildizpolietilen.com\/de\/wp-json\/wp\/v2\/media\/12081"}],"wp:attachment":[{"href":"https:\/\/www.yildizpolietilen.com\/de\/wp-json\/wp\/v2\/media?parent=12080"}],"wp:term":[{"taxonomy":"product_brand","embeddable":true,"href":"https:\/\/www.yildizpolietilen.com\/de\/wp-json\/wp\/v2\/product_brand?post=12080"},{"taxonomy":"product_cat","embeddable":true,"href":"https:\/\/www.yildizpolietilen.com\/de\/wp-json\/wp\/v2\/product_cat?post=12080"},{"taxonomy":"product_tag","embeddable":true,"href":"https:\/\/www.yildizpolietilen.com\/de\/wp-json\/wp\/v2\/product_tag?post=12080"}],"curies":[{"name":"wp","href":"https:\/\/api.w.org\/{rel}","templated":true}]}}