{"id":12037,"date":"2024-09-25T17:02:47","date_gmt":"2024-09-25T14:02:47","guid":{"rendered":"https:\/\/yildizpolietilen.com\/urun\/elbow-60\/"},"modified":"2025-06-24T15:06:40","modified_gmt":"2025-06-24T12:06:40","slug":"elbow-60","status":"publish","type":"product","link":"https:\/\/www.yildizpolietilen.com\/de\/urun\/elbow-60\/","title":{"rendered":"ELBOW \u00b060"},"content":{"rendered":"<p data-start=\"80\" data-end=\"166\"><strong data-start=\"80\" data-end=\"166\">Bogen \u00b060 &#8211; Elektroschwei\u00dfbogen f\u00fcr scharfe Richtungs\u00e4nderungen in HDPE-Rohrsystemen<\/strong><\/p>\n<p data-start=\"603\" data-end=\"627\"><strong data-start=\"603\" data-end=\"625\">Einsatzgebiete:<\/strong><\/p>\n<ul data-start=\"628\" data-end=\"825\">\n<li data-start=\"628\" data-end=\"661\">\n<p data-start=\"630\" data-end=\"661\">Wasserverteilung und Abwasserleitungen<\/p>\n<\/li>\n<li data-start=\"662\" data-end=\"693\">\n<p data-start=\"664\" data-end=\"693\">Erdgas-Infrastruktursysteme<\/p>\n<\/li>\n<li data-start=\"694\" data-end=\"738\">\n<p data-start=\"696\" data-end=\"738\">Industrielle Fl\u00fcssigkeits- und Gastransportprojekte<\/p>\n<\/li>\n<li data-start=\"739\" data-end=\"769\">\n<p data-start=\"741\" data-end=\"769\">Landwirtschaftliche Bew\u00e4sserungssysteme<\/p>\n<\/li>\n<li data-start=\"770\" data-end=\"825\">\n<p data-start=\"772\" data-end=\"825\">Anwendungen, die eine Rohrverlegung in einem spitzen Winkel erfordern<\/p>\n<\/li>\n<\/ul>\n<p data-start=\"827\" data-end=\"845\"><strong data-start=\"827\" data-end=\"843\">Vorteile:<\/strong><\/p>\n<ul data-start=\"846\" data-end=\"1135\">\n<li data-start=\"846\" data-end=\"883\">\n<p data-start=\"848\" data-end=\"883\">Effektiver Richtungswechsel mit 60\u00b0 Winkel<\/p>\n<\/li>\n<li data-start=\"884\" data-end=\"950\">\n<p data-start=\"886\" data-end=\"950\">Hohe Haltbarkeit und chemische Best\u00e4ndigkeit dank PE100-Material<\/p>\n<\/li>\n<li data-start=\"951\" data-end=\"1004\">\n<p data-start=\"953\" data-end=\"1004\">Optionen f\u00fcr Elektroschwei\u00df- und Stumpfschwei\u00dfverbindungen<\/p>\n<\/li>\n<li data-start=\"1005\" data-end=\"1051\">\n<p data-start=\"1007\" data-end=\"1051\">Langlebig und resistent gegen Umwelteinfl\u00fcsse<\/p>\n<\/li>\n<li data-start=\"1052\" data-end=\"1092\">\n<p data-start=\"1054\" data-end=\"1092\">Einfache Montage und sichere Versiegelung<\/p>\n<\/li>\n<li data-start=\"1093\" data-end=\"1135\">\n<p data-start=\"1095\" data-end=\"1135\">\u00dcberlegene Leistung unter rauen Feldbedingungen<\/p>\n<\/li>\n<\/ul>\n<p data-start=\"1137\" data-end=\"1161\"><strong data-start=\"1137\" data-end=\"1159\">Technische Daten:<\/strong><\/p>\n<ul data-start=\"1162\" data-end=\"1347\">\n<li data-start=\"1162\" data-end=\"1180\">\n<p data-start=\"1164\" data-end=\"1180\">Material: PE100<\/p>\n<\/li>\n<li data-start=\"1181\" data-end=\"1195\">\n<p data-start=\"1183\" data-end=\"1195\">Winkel 60\u00b0<\/p>\n<\/li>\n<li data-start=\"1196\" data-end=\"1242\">\n<p data-start=\"1198\" data-end=\"1242\">Verbindungstyp: Elektroschwei\u00dfen \/ Stumpfschwei\u00dfen<\/p>\n<\/li>\n<li data-start=\"1243\" data-end=\"1291\">\n<p data-start=\"1245\" data-end=\"1291\">Durchmesserbereich: Kann je nach Projekt angepasst werden<\/p>\n<\/li>\n<li data-start=\"1292\" data-end=\"1322\">\n<p data-start=\"1294\" data-end=\"1322\">Druckklasse: PN10 \/ PN16<\/p>\n<\/li>\n<li data-start=\"1323\" data-end=\"1347\">\n<p data-start=\"1325\" data-end=\"1347\">Farbe: Schwarz (Standard)<\/p>\n<\/li>\n<\/ul>\n<div id=\"footable_parent_16507\"\n         class=\" footable_parent ninja_table_wrapper loading_ninja_table wp_table_data_press_parent semantic_ui \">\n                <table data-ninja_table_instance=\"ninja_table_instance_0\" data-footable_id=\"16507\" data-filter-delay=\"1000\" aria-label=\"Spigot-60\u00b0-Dirsek\"            id=\"footable_16507\"\n           data-unique_identifier=\"ninja_table_unique_id_1581566654_16507\"\n           class=\" foo-table ninja_footable foo_table_16507 ninja_table_unique_id_1581566654_16507 ui table  nt_type_legacy_table celled striped compact vertical_centered  footable-paging-right ninja_table_search_disabled ninja_table_pro\">\n                <colgroup>\n                            <col class=\"ninja_column_0 \">\n                            <col class=\"ninja_column_1 \">\n                            <col class=\"ninja_column_2 \">\n                            <col class=\"ninja_column_3 \">\n                            <col class=\"ninja_column_4 \">\n                            <col class=\"ninja_column_5 \">\n                            <col class=\"ninja_column_6 \">\n                            <col class=\"ninja_column_7 \">\n                            <col class=\"ninja_column_8 \">\n                            <col class=\"ninja_column_9 \">\n                            <col class=\"ninja_column_10 \">\n                    <\/colgroup>\n        <thead>\n<tr class=\"footable-header\">\n                                                                                                                                                                                        <th scope=\"col\"  class=\"ninja_column_0 ninja_clmn_nm_SIRA \">SIRA<\/th><th scope=\"col\"  class=\"ninja_column_1 ninja_clmn_nm_\u00dcR\u00dcN KODU \">\u00dcR\u00dcN KODU<\/th><th scope=\"col\"  class=\"ninja_column_2 ninja_clmn_nm_\u00c7AP d [mm] \">\u00c7AP d [mm]<\/th><th scope=\"col\"  class=\"ninja_column_3 ninja_clmn_nm_BASIN\u00c7 [bar] \">BASIN\u00c7 [bar]<\/th><th scope=\"col\"  class=\"ninja_column_4 ninja_clmn_nm_L [mm] \">L [mm]<\/th><th scope=\"col\"  class=\"ninja_column_5 ninja_clmn_nm_z [mm] \">z [mm]<\/th><th scope=\"col\"  class=\"ninja_column_6 ninja_clmn_nm_L1 [mm] \">L1 [mm]<\/th><th scope=\"col\"  class=\"ninja_column_7 ninja_clmn_nm_e [mm] \">e [mm]<\/th><th scope=\"col\"  class=\"ninja_column_8 ninja_clmn_nm_A\u011eIRLIK [kg] \">A\u011eIRLIK [kg]<\/th><th scope=\"col\"  class=\"ninja_column_9 ninja_clmn_nm_KOL\u0130 ADED\u0130 \">KOL\u0130 ADED\u0130<\/th><th scope=\"col\"  class=\"ninja_column_10 ninja_clmn_nm_KOL\u0130 EBATI \">KOL\u0130 EBATI<\/th><\/tr>\n<\/thead>\n<tbody>\n\n        <tr data-row_id=\"7344\" class=\"ninja_table_row_0 nt_row_id_7344\">\n            <td>SEQ<\/td><td>PRODUCT CODE<\/td><td>SIZE d [mm]<\/td><td>PRESSURE [bar]<\/td><td>L [mm]<\/td><td>z [mm]<\/td><td>L1 [mm]<\/td><td>e [mm]<\/td><td>WEIGHT [kg]<\/td><td>IN A PARCEL<\/td><td>PCS PRICE<\/td>        <\/tr>\n            <tr data-row_id=\"7345\" class=\"ninja_table_row_1 nt_row_id_7345\">\n            <td>1<\/td><td>974636700090<\/td><td>90<\/td><td>PN10<\/td><td>217.93<\/td><td>104.73<\/td><td>85.6<\/td><td>5.4<\/td><td>0.31<\/td><td>28<\/td><td>30\/60\/41<\/td>        <\/tr>\n            <tr data-row_id=\"7346\" class=\"ninja_table_row_2 nt_row_id_7346\">\n            <td>2<\/td><td>974636100090<\/td><td>90<\/td><td>PN16<\/td><td>217.93<\/td><td>104.73<\/td><td>85.6<\/td><td>8.6<\/td><td>0.45<\/td><td>28<\/td><td>30\/60\/41<\/td>        <\/tr>\n            <tr data-row_id=\"7347\" class=\"ninja_table_row_3 nt_row_id_7347\">\n            <td>3<\/td><td>974636700110<\/td><td>110<\/td><td>PN10<\/td><td>217.56<\/td><td>101.85<\/td><td>82.4<\/td><td>6.7<\/td><td>0.45<\/td><td>22<\/td><td>41\/60\/46<\/td>        <\/tr>\n            <tr data-row_id=\"7348\" class=\"ninja_table_row_4 nt_row_id_7348\">\n            <td>4<\/td><td>974636100110<\/td><td>110<\/td><td>PN16<\/td><td>217.56<\/td><td>101.85<\/td><td>82.4<\/td><td>10.1<\/td><td>0.65<\/td><td>22<\/td><td>41\/60\/46<\/td>        <\/tr>\n            <tr data-row_id=\"7349\" class=\"ninja_table_row_5 nt_row_id_7349\">\n            <td>5<\/td><td>974636700125<\/td><td>125<\/td><td>PN10<\/td><td>248.41<\/td><td>116.37<\/td><td>94<\/td><td>7.5<\/td><td>0.65<\/td><td>18<\/td><td>41\/60\/46<\/td>        <\/tr>\n            <tr data-row_id=\"7350\" class=\"ninja_table_row_6 nt_row_id_7350\">\n            <td>6<\/td><td>974636100125<\/td><td>125<\/td><td>PN16<\/td><td>248.41<\/td><td>116.37<\/td><td>94<\/td><td>12.5<\/td><td>0.97<\/td><td>18<\/td><td>41\/60\/46<\/td>        <\/tr>\n            <tr data-row_id=\"7351\" class=\"ninja_table_row_7 nt_row_id_7351\">\n            <td>7<\/td><td>974636700140<\/td><td>140<\/td><td>PN10<\/td><td>256<\/td><td>118.43<\/td><td>95.9<\/td><td>8.8<\/td><td>0.83<\/td><td>14<\/td><td>41\/60\/46<\/td>        <\/tr>\n            <tr data-row_id=\"7352\" class=\"ninja_table_row_8 nt_row_id_7352\">\n            <td>8<\/td><td>974636100140<\/td><td>140<\/td><td>PN16<\/td><td>256<\/td><td>118.43<\/td><td>95.9<\/td><td>14.1<\/td><td>1.23<\/td><td>14<\/td><td>41\/60\/46<\/td>        <\/tr>\n            <tr data-row_id=\"7353\" class=\"ninja_table_row_9 nt_row_id_7353\">\n            <td>9<\/td><td>974636700160<\/td><td>160<\/td><td>PN10<\/td><td>292.53<\/td><td>135.33<\/td><td>108<\/td><td>10.15<\/td><td>1.25<\/td><td>8<\/td><td>41\/60\/46<\/td>        <\/tr>\n            <tr data-row_id=\"7354\" class=\"ninja_table_row_10 nt_row_id_7354\">\n            <td>10<\/td><td>974636100160<\/td><td>160<\/td><td>PN16<\/td><td>292.53<\/td><td>135.33<\/td><td>108<\/td><td>15.4<\/td><td>1.84<\/td><td>8<\/td><td>41\/60\/46<\/td>        <\/tr>\n            <tr data-row_id=\"7355\" class=\"ninja_table_row_11 nt_row_id_7355\">\n            <td>11<\/td><td>974636700180<\/td><td>180<\/td><td>PN10<\/td><td>303.63<\/td><td>138.6<\/td><td>108.8<\/td><td>11.7<\/td><td>1.62<\/td><td>6<\/td><td>41\/60\/46<\/td>        <\/tr>\n            <tr data-row_id=\"7356\" class=\"ninja_table_row_12 nt_row_id_7356\">\n            <td>12<\/td><td>974636100180<\/td><td>180<\/td><td>PN16<\/td><td>303.63<\/td><td>138.6<\/td><td>108.8<\/td><td>16.6<\/td><td>2.38<\/td><td>6<\/td><td>41\/60\/46<\/td>        <\/tr>\n            <tr data-row_id=\"7357\" class=\"ninja_table_row_13 nt_row_id_7357\">\n            <td>13<\/td><td>974636700200<\/td><td>200<\/td><td>PN10<\/td><td>338.79<\/td><td>154.76<\/td><td>121<\/td><td>12.1<\/td><td>2.23<\/td><td>6<\/td><td>41\/60\/46<\/td>        <\/tr>\n            <tr data-row_id=\"7358\" class=\"ninja_table_row_14 nt_row_id_7358\">\n            <td>14<\/td><td>974636100200<\/td><td>200<\/td><td>PN16<\/td><td>338.79<\/td><td>154.76<\/td><td>121<\/td><td>19.42<\/td><td>3.28<\/td><td>6<\/td><td>41\/60\/46<\/td>        <\/tr>\n            <tr data-row_id=\"7359\" class=\"ninja_table_row_15 nt_row_id_7359\">\n            <td>15<\/td><td>974636700225<\/td><td>225<\/td><td>PN10<\/td><td>358.14<\/td><td>161.78<\/td><td>124<\/td><td>14<\/td><td>2.95<\/td><td>6<\/td><td>50\/60\/50<\/td>        <\/tr>\n            <tr data-row_id=\"7360\" class=\"ninja_table_row_16 nt_row_id_7360\">\n            <td>16<\/td><td>974636100225<\/td><td>225<\/td><td>PN16<\/td><td>358.14<\/td><td>161.78<\/td><td>124<\/td><td>21.6<\/td><td>4.33<\/td><td>6<\/td><td>50\/60\/50<\/td>        <\/tr>\n            <tr data-row_id=\"7361\" class=\"ninja_table_row_17 nt_row_id_7361\">\n            <td>17<\/td><td>974636700250<\/td><td>250<\/td><td>PN10<\/td><td>373.49<\/td><td>166.66<\/td><td>127<\/td><td>15.4<\/td><td>3.75<\/td><td>4<\/td><td>50\/60\/50<\/td>        <\/tr>\n            <tr data-row_id=\"7362\" class=\"ninja_table_row_18 nt_row_id_7362\">\n            <td>18<\/td><td>974636100250<\/td><td>250<\/td><td>PN16<\/td><td>373.49<\/td><td>166.66<\/td><td>127<\/td><td>22.8<\/td><td>5.53<\/td><td>4<\/td><td>50\/60\/50<\/td>        <\/tr>\n            <tr data-row_id=\"7363\" class=\"ninja_table_row_19 nt_row_id_7363\">\n            <td>19<\/td><td>974636700280<\/td><td>280<\/td><td>PN10<\/td><td>381.51<\/td><td>165.34<\/td><td>120<\/td><td>16.7<\/td><td>4.65<\/td><td>1<\/td><td>50\/60\/50<\/td>        <\/tr>\n            <tr data-row_id=\"7364\" class=\"ninja_table_row_20 nt_row_id_7364\">\n            <td>20<\/td><td>974636100280<\/td><td>280<\/td><td>PN16<\/td><td>381.51<\/td><td>165.34<\/td><td>120<\/td><td>25.5<\/td><td>6.89<\/td><td>1<\/td><td>50\/60\/50<\/td>        <\/tr>\n            <tr data-row_id=\"7365\" class=\"ninja_table_row_21 nt_row_id_7365\">\n            <td>21<\/td><td>974636700315<\/td><td>315<\/td><td>PN10<\/td><td>459.73<\/td><td>204.16<\/td><td>151.7<\/td><td>20.4<\/td><td>7.28<\/td><td>1<\/td><td>50\/60\/50<\/td>        <\/tr>\n            <tr data-row_id=\"7366\" class=\"ninja_table_row_22 nt_row_id_7366\">\n            <td>22<\/td><td>974636100315<\/td><td>315<\/td><td>PN16<\/td><td>459.73<\/td><td>204.16<\/td><td>151.7<\/td><td>30<\/td><td>10.71<\/td><td>1<\/td><td>50\/60\/50<\/td>        <\/tr>\n    <\/tbody><!--ninja_tobody_rendering_done-->\n    <\/table>\n    \n    \n    \n<\/div>\n\n","protected":false},"excerpt":{"rendered":"<p>Das Winkelst\u00fcck \u00b060 ist ein Elektroschwei\u00dffitting, das f\u00fcr eine Richtungs\u00e4nderung von 60 Grad in Rohrleitungen aus Polyethylen hoher Dichte (PE100) konzipiert ist. Er wird insbesondere an Stellen verwendet, an denen die Rohrleitung eine scharfe Kurve machen muss. Es wird durch Elektroschwei\u00dfen oder Stumpfschwei\u00dfen montiert und bietet eine dichte und dauerhafte Verbindung. Es kann in verschiedenen Durchmessern hergestellt werden, je nach Projekt und den Bedingungen vor Ort.     <\/p>\n","protected":false},"featured_media":18621,"template":"","meta":{"pgc_sgb_lightbox_settings":""},"product_brand":[152],"product_cat":[44],"product_tag":[296,297,294,168,283,295,298,299,279],"class_list":{"0":"post-12037","1":"product","2":"type-product","3":"status-publish","4":"has-post-thumbnail","6":"product_brand-yildiz-polietilen","7":"product_cat-hdpe-spigot","8":"product_tag-60-derece-boru-baglantisi","9":"product_tag-alin-kaynak-dirsek","10":"product_tag-dirsek-60-derece","11":"product_tag-elektrofuzyon-dirsek","12":"product_tag-hdpe-boru-yon-degistirme","13":"product_tag-hdpe-dirsek-60","14":"product_tag-keskin-aci-boru-dirsegi","15":"product_tag-ozel-acili-dirsek","16":"product_tag-pe100-boru-dirsegi","18":"first","19":"instock","20":"shipping-taxable","21":"product-type-external"},"_links":{"self":[{"href":"https:\/\/www.yildizpolietilen.com\/de\/wp-json\/wp\/v2\/product\/12037","targetHints":{"allow":["GET"]}}],"collection":[{"href":"https:\/\/www.yildizpolietilen.com\/de\/wp-json\/wp\/v2\/product"}],"about":[{"href":"https:\/\/www.yildizpolietilen.com\/de\/wp-json\/wp\/v2\/types\/product"}],"wp:featuredmedia":[{"embeddable":true,"href":"https:\/\/www.yildizpolietilen.com\/de\/wp-json\/wp\/v2\/media\/18621"}],"wp:attachment":[{"href":"https:\/\/www.yildizpolietilen.com\/de\/wp-json\/wp\/v2\/media?parent=12037"}],"wp:term":[{"taxonomy":"product_brand","embeddable":true,"href":"https:\/\/www.yildizpolietilen.com\/de\/wp-json\/wp\/v2\/product_brand?post=12037"},{"taxonomy":"product_cat","embeddable":true,"href":"https:\/\/www.yildizpolietilen.com\/de\/wp-json\/wp\/v2\/product_cat?post=12037"},{"taxonomy":"product_tag","embeddable":true,"href":"https:\/\/www.yildizpolietilen.com\/de\/wp-json\/wp\/v2\/product_tag?post=12037"}],"curies":[{"name":"wp","href":"https:\/\/api.w.org\/{rel}","templated":true}]}}