{"id":12023,"date":"2024-08-02T23:10:09","date_gmt":"2024-08-02T20:10:09","guid":{"rendered":"https:\/\/yildizpolietilen.com\/urun\/ef-reduktion\/"},"modified":"2025-06-24T15:06:05","modified_gmt":"2025-06-24T12:06:05","slug":"ef-reduktion","status":"publish","type":"product","link":"https:\/\/www.yildizpolietilen.com\/de\/urun\/ef-reduktion\/","title":{"rendered":"EF-Reduzierer"},"content":{"rendered":"<p data-start=\"99\" data-end=\"189\"><strong data-start=\"99\" data-end=\"189\">Elektroschwei\u00dfreduzierer &#8211; Robuste und leckfreie Verbindung verschiedener Durchmesser in HDPE-Rohrsystemen<\/strong><\/p>\n<p data-start=\"191\" data-end=\"514\"><strong data-start=\"191\" data-end=\"211\">Produktbeschreibung:<\/strong><br data-start=\"211\" data-end=\"214\">Dank der Elektroschwei\u00dftechnik verf\u00fcgt die Innenfl\u00e4che der Reduzierung \u00fcber integrierte Heizelemente. Beim Anschluss an das Schwei\u00dfger\u00e4t werden die Heizelemente aktiviert, schmelzen die Oberfl\u00e4che des Rohrs und des Reduzierst\u00fccks und erzeugen eine starke Schwei\u00dfnaht. Diese Methode erm\u00f6glicht eine einfache und schnelle Installation sowie eine hohe Festigkeit und Haltbarkeit der Verbindung.    <\/p>\n<p data-start=\"833\" data-end=\"857\"><strong data-start=\"833\" data-end=\"855\">Einsatzgebiete:<\/strong><\/p>\n<ul data-start=\"858\" data-end=\"1034\">\n<li data-start=\"858\" data-end=\"893\">\n<p data-start=\"860\" data-end=\"893\">Wasser- und Trinkwasserversorgungsleitungen<\/p>\n<\/li>\n<li data-start=\"894\" data-end=\"923\">\n<p data-start=\"896\" data-end=\"923\">Installationen von Erdgasleitungen<\/p>\n<\/li>\n<li data-start=\"924\" data-end=\"966\">\n<p data-start=\"926\" data-end=\"966\">Transportleitungen f\u00fcr industrielle Fl\u00fcssigkeiten und Gase<\/p>\n<\/li>\n<li data-start=\"967\" data-end=\"1004\">\n<p data-start=\"969\" data-end=\"1004\">Kanalisation und Entw\u00e4sserungssysteme<\/p>\n<\/li>\n<li data-start=\"1005\" data-end=\"1034\">\n<p data-start=\"1007\" data-end=\"1034\">Landwirtschaftliche Bew\u00e4sserungsinfrastrukturen<\/p>\n<\/li>\n<\/ul>\n<p data-start=\"1036\" data-end=\"1054\"><strong data-start=\"1036\" data-end=\"1052\">Vorteile:<\/strong><\/p>\n<ul data-start=\"1055\" data-end=\"1341\">\n<li data-start=\"1055\" data-end=\"1107\">\n<p data-start=\"1057\" data-end=\"1107\">Schnelle und sichere Montage durch Elektroschwei\u00dfen<\/p>\n<\/li>\n<li data-start=\"1108\" data-end=\"1156\">\n<p data-start=\"1110\" data-end=\"1156\">Nahtloser \u00dcbergang zwischen verschiedenen Durchmessern<\/p>\n<\/li>\n<li data-start=\"1157\" data-end=\"1196\">\n<p data-start=\"1159\" data-end=\"1196\">Hohe Haltbarkeit und Undurchl\u00e4ssigkeit<\/p>\n<\/li>\n<li data-start=\"1197\" data-end=\"1252\">\n<p data-start=\"1199\" data-end=\"1252\">Widerstandsf\u00e4hig gegen Korrosion, St\u00f6\u00dfe und Chemikalien<\/p>\n<\/li>\n<li data-start=\"1253\" data-end=\"1302\">\n<p data-start=\"1255\" data-end=\"1302\">Produktion in verschiedenen Durchmessern je nach Projektanforderungen<\/p>\n<\/li>\n<li data-start=\"1303\" data-end=\"1341\">\n<p data-start=\"1305\" data-end=\"1341\">Wartungsfreie, langlebige Konstruktion<\/p>\n<\/li>\n<\/ul>\n<p data-start=\"1343\" data-end=\"1367\"><strong data-start=\"1343\" data-end=\"1365\">Technische Daten:<\/strong><\/p>\n<ul data-start=\"1368\" data-end=\"1568\">\n<li data-start=\"1368\" data-end=\"1393\">\n<p data-start=\"1370\" data-end=\"1393\">Material: HDPE (PE100)<\/p>\n<\/li>\n<li data-start=\"1394\" data-end=\"1433\">\n<p data-start=\"1396\" data-end=\"1433\">Verbindungstyp: Elektrofusionsschwei\u00dfen<\/p>\n<\/li>\n<li data-start=\"1434\" data-end=\"1494\">\n<p data-start=\"1436\" data-end=\"1494\">Durchmesserbereich: \u00d820 mm &#8211; \u00d81200 mm (Sonderanfertigungen sind m\u00f6glich)<\/p>\n<\/li>\n<li data-start=\"1495\" data-end=\"1525\">\n<p data-start=\"1497\" data-end=\"1525\">Druckklasse: PN10 \/ PN16<\/p>\n<\/li>\n<li data-start=\"1526\" data-end=\"1568\">\n<p data-start=\"1528\" data-end=\"1568\">Normen ISO 4427, EN 12201, EN 1555<\/p>\n<\/li>\n<\/ul>\n<div id=\"footable_parent_16395\"\n         class=\" footable_parent ninja_table_wrapper loading_ninja_table wp_table_data_press_parent semantic_ui \">\n                <table data-ninja_table_instance=\"ninja_table_instance_0\" data-footable_id=\"16395\" data-filter-delay=\"1000\" aria-label=\"EF-Red\u00fcksiyon\"            id=\"footable_16395\"\n           data-unique_identifier=\"ninja_table_unique_id_782611020_16395\"\n           class=\" foo-table ninja_footable foo_table_16395 ninja_table_unique_id_782611020_16395 ui table  nt_type_legacy_table celled striped compact vertical_centered  footable-paging-right ninja_table_search_disabled ninja_table_pro\">\n                <colgroup>\n                            <col class=\"ninja_column_0 \">\n                            <col class=\"ninja_column_1 \">\n                            <col class=\"ninja_column_2 \">\n                            <col class=\"ninja_column_3 \">\n                            <col class=\"ninja_column_4 \">\n                            <col class=\"ninja_column_5 \">\n                            <col class=\"ninja_column_6 \">\n                            <col class=\"ninja_column_7 \">\n                            <col class=\"ninja_column_8 \">\n                            <col class=\"ninja_column_9 \">\n                            <col class=\"ninja_column_10 \">\n                    <\/colgroup>\n        <thead>\n<tr class=\"footable-header\">\n                                                                                                                                                                                        <th scope=\"col\"  class=\"ninja_column_0 ninja_clmn_nm_S\u0131ra \">S\u0131ra<\/th><th scope=\"col\"  class=\"ninja_column_1 ninja_clmn_nm_\u00dcr\u00fcn Kodu \">\u00dcr\u00fcn Kodu<\/th><th scope=\"col\"  class=\"ninja_column_2 ninja_clmn_nm_\u00dcr\u00fcn Ad\u0131 \">\u00dcr\u00fcn Ad\u0131<\/th><th scope=\"col\"  class=\"ninja_column_3 ninja_clmn_nm_D1 (mm) \">D1 (mm)<\/th><th scope=\"col\"  class=\"ninja_column_4 ninja_clmn_nm_d1 (mm) \">d1 (mm)<\/th><th scope=\"col\"  class=\"ninja_column_5 ninja_clmn_nm_D2 (mm) \">D2 (mm)<\/th><th scope=\"col\"  class=\"ninja_column_6 ninja_clmn_nm_d2 (mm) \">d2 (mm)<\/th><th scope=\"col\"  class=\"ninja_column_7 ninja_clmn_nm_L1 (mm) \">L1 (mm)<\/th><th scope=\"col\"  class=\"ninja_column_8 ninja_clmn_nm_L2 (mm) \">L2 (mm)<\/th><th scope=\"col\"  class=\"ninja_column_9 ninja_clmn_nm_Z (mm) \">Z (mm)<\/th><th scope=\"col\"  class=\"ninja_column_10 ninja_clmn_nm_A\u011f\u0131rl\u0131k (Kg) \">A\u011f\u0131rl\u0131k (Kg)<\/th><\/tr>\n<\/thead>\n<tbody>\n\n        <tr data-row_id=\"4446\" class=\"ninja_table_row_0 nt_row_id_4446\">\n            <td>SEQ<\/td><td>Product Code<\/td><td>Product Name<\/td><td>D1 (mm)<\/td><td>d1 (mm)<\/td><td>D2 (mm)<\/td><td>d2 (mm)<\/td><td>L1 (mm)<\/td><td>L2 (mm)<\/td><td>Z (mm)<\/td><td>Weight (kg)<\/td>        <\/tr>\n            <tr data-row_id=\"4447\" class=\"ninja_table_row_1 nt_row_id_4447\">\n            <td>1<\/td><td>973373109063<\/td><td>90\/63 EF Red\u00fcksiyon<\/td><td>112.4<\/td><td>90<\/td><td>78.2<\/td><td>63<\/td><td>67.5<\/td><td>83.8<\/td><td>151<\/td><td>0.42<\/td>        <\/tr>\n            <tr data-row_id=\"4448\" class=\"ninja_table_row_2 nt_row_id_4448\">\n            <td>2<\/td><td>973338111063<\/td><td>110\/63 EF Red\u00fcksiyon<\/td><td>142.5<\/td><td>110<\/td><td>90.4<\/td><td>63<\/td><td>60.3<\/td><td>67.1<\/td><td>155<\/td><td>0.82<\/td>        <\/tr>\n            <tr data-row_id=\"4449\" class=\"ninja_table_row_3 nt_row_id_4449\">\n            <td>3<\/td><td>973338111090<\/td><td>110\/90 EF Red\u00fcksiyon<\/td><td>142.2<\/td><td>110<\/td><td>112.2<\/td><td>90<\/td><td>79.5<\/td><td>59.5<\/td><td>168.5<\/td><td>0.95<\/td>        <\/tr>\n    <\/tbody><!--ninja_tobody_rendering_done-->\n    <\/table>\n    \n    \n    \n<\/div>\n\n","protected":false},"excerpt":{"rendered":"<p data-start=\"191\" data-end=\"514\">EF Reducer ist ein spezielles Formst\u00fcck, mit dem zwei Rohre mit unterschiedlichen Durchmessern in HDPE-Rohrsystemen (High Density Polyethylene) sicher und dicht durch Elektroschwei\u00dfverfahren verbunden werden k\u00f6nnen. Es wird im Allgemeinen bei \u00dcberg\u00e4ngen von Rohren mit gro\u00dfem Durchmesser auf Rohre mit kleinerem Durchmesser verwendet.   <\/p>\n<p data-start=\"516\" data-end=\"831\">\n","protected":false},"featured_media":12024,"template":"","meta":{"pgc_sgb_lightbox_settings":""},"product_brand":[152],"product_cat":[43],"product_tag":[479,476,457,480,477,482,478,481],"class_list":{"0":"post-12023","1":"product","2":"type-product","3":"status-publish","4":"has-post-thumbnail","6":"product_brand-yildiz-polietilen","7":"product_cat-hdpe-elektrofuzyon","8":"product_tag-cap-kucultme-boru-parcasi","9":"product_tag-ef-reduksiyon","10":"product_tag-elektrofuzyon-reduksiyon","11":"product_tag-hdpe-boru-reduksiyon","12":"product_tag-hdpe-reduksiyon-baglanti","13":"product_tag-hizli-kaynak-reduksiyon","14":"product_tag-pn16-ef-reduksiyon","15":"product_tag-sizdirmaz-reduksiyon","17":"first","18":"instock","19":"shipping-taxable","20":"product-type-simple"},"_links":{"self":[{"href":"https:\/\/www.yildizpolietilen.com\/de\/wp-json\/wp\/v2\/product\/12023","targetHints":{"allow":["GET"]}}],"collection":[{"href":"https:\/\/www.yildizpolietilen.com\/de\/wp-json\/wp\/v2\/product"}],"about":[{"href":"https:\/\/www.yildizpolietilen.com\/de\/wp-json\/wp\/v2\/types\/product"}],"wp:featuredmedia":[{"embeddable":true,"href":"https:\/\/www.yildizpolietilen.com\/de\/wp-json\/wp\/v2\/media\/12024"}],"wp:attachment":[{"href":"https:\/\/www.yildizpolietilen.com\/de\/wp-json\/wp\/v2\/media?parent=12023"}],"wp:term":[{"taxonomy":"product_brand","embeddable":true,"href":"https:\/\/www.yildizpolietilen.com\/de\/wp-json\/wp\/v2\/product_brand?post=12023"},{"taxonomy":"product_cat","embeddable":true,"href":"https:\/\/www.yildizpolietilen.com\/de\/wp-json\/wp\/v2\/product_cat?post=12023"},{"taxonomy":"product_tag","embeddable":true,"href":"https:\/\/www.yildizpolietilen.com\/de\/wp-json\/wp\/v2\/product_tag?post=12023"}],"curies":[{"name":"wp","href":"https:\/\/api.w.org\/{rel}","templated":true}]}}