{"id":11971,"date":"2024-09-25T21:07:20","date_gmt":"2024-09-25T18:07:20","guid":{"rendered":"https:\/\/yildizpolietilen.com\/urun\/catal-2\/"},"modified":"2025-06-24T15:06:48","modified_gmt":"2025-06-24T12:06:48","slug":"t-stueck-2","status":"publish","type":"product","link":"https:\/\/www.yildizpolietilen.com\/de\/urun\/t-stueck-2\/","title":{"rendered":"Y-BRANCH"},"content":{"rendered":"<p data-start=\"80\" data-end=\"142\"><strong data-start=\"80\" data-end=\"142\">HDPE-Gabel &#8211; L\u00f6sung f\u00fcr mehrere Abzweigungen in HDPE-Rohrsystemen<\/strong><\/p>\n<p data-start=\"577\" data-end=\"601\"><strong data-start=\"577\" data-end=\"599\">Einsatzgebiete:<\/strong><\/p>\n<ul data-start=\"602\" data-end=\"762\">\n<li data-start=\"602\" data-end=\"638\">\n<p data-start=\"604\" data-end=\"638\">Wasser- und Abwasserversorgungssysteme<\/p>\n<\/li>\n<li data-start=\"639\" data-end=\"659\">\n<p data-start=\"641\" data-end=\"659\">Erdgasleitungen<\/p>\n<\/li>\n<li data-start=\"660\" data-end=\"695\">\n<p data-start=\"662\" data-end=\"695\">Transportleitungen f\u00fcr industrielle Fl\u00fcssigkeiten<\/p>\n<\/li>\n<li data-start=\"696\" data-end=\"726\">\n<p data-start=\"698\" data-end=\"726\">Landwirtschaftliche Bew\u00e4sserungssysteme<\/p>\n<\/li>\n<li data-start=\"727\" data-end=\"762\">\n<p data-start=\"729\" data-end=\"762\">Projektspezifische Pipeline-Trennungen<\/p>\n<\/li>\n<\/ul>\n<p data-start=\"764\" data-end=\"782\"><strong data-start=\"764\" data-end=\"780\">Vorteile:<\/strong><\/p>\n<ul data-start=\"783\" data-end=\"1019\">\n<li data-start=\"783\" data-end=\"822\">\n<p data-start=\"785\" data-end=\"822\">Einfache Montage und hohe Dichtigkeit<\/p>\n<\/li>\n<li data-start=\"823\" data-end=\"876\">\n<p data-start=\"825\" data-end=\"876\">Langlebigkeit und chemische Best\u00e4ndigkeit mit PE100-Material<\/p>\n<\/li>\n<li data-start=\"877\" data-end=\"921\">\n<p data-start=\"879\" data-end=\"921\">Optionen f\u00fcr Elektroschwei\u00dfen und Stumpfschwei\u00dfen<\/p>\n<\/li>\n<li data-start=\"922\" data-end=\"968\">\n<p data-start=\"924\" data-end=\"968\">Langlebig und resistent gegen Umwelteinfl\u00fcsse<\/p>\n<\/li>\n<li data-start=\"969\" data-end=\"1019\">\n<p data-start=\"971\" data-end=\"1019\">Flexibler Einsatz mit verschiedenen Durchmessern und Winkeloptionen<\/p>\n<\/li>\n<\/ul>\n<p data-start=\"1021\" data-end=\"1045\"><strong data-start=\"1021\" data-end=\"1043\">Technische Daten:<\/strong><\/p>\n<ul data-start=\"1046\" data-end=\"1209\">\n<li data-start=\"1046\" data-end=\"1064\">\n<p data-start=\"1048\" data-end=\"1064\">Material: PE100<\/p>\n<\/li>\n<li data-start=\"1065\" data-end=\"1114\">\n<p data-start=\"1067\" data-end=\"1114\">Verbindungsmethode: Elektroschwei\u00dfen \/ Stumpfschwei\u00dfen<\/p>\n<\/li>\n<li data-start=\"1115\" data-end=\"1153\">\n<p data-start=\"1117\" data-end=\"1153\">Durchmesserbereich: Variabel je nach Projekt<\/p>\n<\/li>\n<li data-start=\"1154\" data-end=\"1184\">\n<p data-start=\"1156\" data-end=\"1184\">Druckklasse: PN10 \/ PN16<\/p>\n<\/li>\n<li data-start=\"1185\" data-end=\"1209\">\n<p data-start=\"1187\" data-end=\"1209\">Farbe: Schwarz (Standard)<\/p>\n<\/li>\n<\/ul>\n","protected":false},"excerpt":{"rendered":"<p>Die HDPE-Gabel ist ein Verbindungselement, das zur Trennung oder Verbindung von einer Rohrleitung zu zwei verschiedenen Leitungen in Rohrleitungen aus Polyethylen hoher Dichte (PE100) dient. Sie wird an Verteilungs- und Abzweigungspunkten in Rohrsystemen verwendet. Es wird im Elektroschwei\u00df- oder Stumpfschwei\u00dfverfahren montiert und bietet eine robuste, leckagefreie Verbindung. Es kann je nach Projektanforderungen in verschiedenen Durchmessern und Winkeln hergestellt werden.     <\/p>\n","protected":false},"featured_media":11972,"template":"","meta":{"pgc_sgb_lightbox_settings":""},"product_brand":[152],"product_cat":[44],"product_tag":[314,315,312,317,313,310,316,311,318],"class_list":{"0":"post-11971","1":"product","2":"type-product","3":"status-publish","4":"has-post-thumbnail","6":"product_brand-yildiz-polietilen","7":"product_cat-hdpe-spigot","8":"product_tag-alin-kaynakli-catal","9":"product_tag-boru-hatti-catal-baglantisi","10":"product_tag-elektrofuzyon-catal","11":"product_tag-hdpe-boru-yonlendirme-catali","12":"product_tag-hdpe-bransman-catal","13":"product_tag-hdpe-catal","14":"product_tag-ozel-olcu-hdpe-catal","15":"product_tag-pe100-catal-baglanti","16":"product_tag-polietilen-catal-parca","18":"first","19":"instock","20":"shipping-taxable","21":"product-type-simple"},"_links":{"self":[{"href":"https:\/\/www.yildizpolietilen.com\/de\/wp-json\/wp\/v2\/product\/11971","targetHints":{"allow":["GET"]}}],"collection":[{"href":"https:\/\/www.yildizpolietilen.com\/de\/wp-json\/wp\/v2\/product"}],"about":[{"href":"https:\/\/www.yildizpolietilen.com\/de\/wp-json\/wp\/v2\/types\/product"}],"wp:featuredmedia":[{"embeddable":true,"href":"https:\/\/www.yildizpolietilen.com\/de\/wp-json\/wp\/v2\/media\/11972"}],"wp:attachment":[{"href":"https:\/\/www.yildizpolietilen.com\/de\/wp-json\/wp\/v2\/media?parent=11971"}],"wp:term":[{"taxonomy":"product_brand","embeddable":true,"href":"https:\/\/www.yildizpolietilen.com\/de\/wp-json\/wp\/v2\/product_brand?post=11971"},{"taxonomy":"product_cat","embeddable":true,"href":"https:\/\/www.yildizpolietilen.com\/de\/wp-json\/wp\/v2\/product_cat?post=11971"},{"taxonomy":"product_tag","embeddable":true,"href":"https:\/\/www.yildizpolietilen.com\/de\/wp-json\/wp\/v2\/product_tag?post=11971"}],"curies":[{"name":"wp","href":"https:\/\/api.w.org\/{rel}","templated":true}]}}