{"id":11940,"date":"2024-09-27T21:22:26","date_gmt":"2024-09-27T18:22:26","guid":{"rendered":"https:\/\/yildizpolietilen.com\/urun\/ozel-uretim-hidrant\/"},"modified":"2025-06-24T15:06:55","modified_gmt":"2025-06-24T12:06:55","slug":"special-production-hydrant","status":"publish","type":"product","link":"https:\/\/www.yildizpolietilen.com\/de\/urun\/special-production-hydrant\/","title":{"rendered":"SONDERPRODUKTION &#8211; Hydrant"},"content":{"rendered":"<p data-start=\"135\" data-end=\"215\"><strong data-start=\"135\" data-end=\"215\">Sonderanfertigung HDPE Hydrant &#8211; Sichere L\u00f6sung f\u00fcr Brand- und Leitungsinterventionspunkte<\/strong><\/p>\n<p data-start=\"217\" data-end=\"823\"><br data-start=\"237\" data-end=\"240\"><\/p>\n<p data-start=\"825\" data-end=\"849\"><strong data-start=\"825\" data-end=\"847\">Einsatzgebiete:<\/strong><\/p>\n<ul data-start=\"850\" data-end=\"1120\">\n<li data-start=\"850\" data-end=\"877\">\n<p data-start=\"852\" data-end=\"877\">Feuerl\u00f6schleitungen<\/p>\n<\/li>\n<li data-start=\"878\" data-end=\"931\">\n<p data-start=\"880\" data-end=\"931\">Organisierte Industriezonen und Industrieanlagen<\/p>\n<\/li>\n<li data-start=\"932\" data-end=\"964\">\n<p data-start=\"934\" data-end=\"964\">St\u00e4dtische Infrastruktursysteme<\/p>\n<\/li>\n<li data-start=\"965\" data-end=\"1012\">\n<p data-start=\"967\" data-end=\"1012\">Notwasserzufuhr in landwirtschaftlichen Bew\u00e4sserungssystemen<\/p>\n<\/li>\n<li data-start=\"1013\" data-end=\"1073\">\n<p data-start=\"1015\" data-end=\"1073\">M\u00fclldeponien, H\u00e4fen und Freiraumschutzgebiete<\/p>\n<\/li>\n<li data-start=\"1074\" data-end=\"1120\">\n<p data-start=\"1076\" data-end=\"1120\">Wartungs- und Eingriffspunkte in Wassernetzen<\/p>\n<\/li>\n<\/ul>\n<p data-start=\"1122\" data-end=\"1140\"><strong data-start=\"1122\" data-end=\"1138\">Vorteile:<\/strong><\/p>\n<ul data-start=\"1141\" data-end=\"1470\">\n<li data-start=\"1141\" data-end=\"1215\">\n<p data-start=\"1143\" data-end=\"1215\">Hohe Widerstandsf\u00e4higkeit gegen chemische Einfl\u00fcsse und Umwelteinfl\u00fcsse durch das Rohmaterial PE100<\/p>\n<\/li>\n<li data-start=\"1216\" data-end=\"1258\">\n<p data-start=\"1218\" data-end=\"1258\">Einfacher Transport und Aufbau durch leichte Konstruktion<\/p>\n<\/li>\n<li data-start=\"1259\" data-end=\"1296\">\n<p data-start=\"1261\" data-end=\"1296\">Kein Risiko von Korrosion und Rost<\/p>\n<\/li>\n<li data-start=\"1297\" data-end=\"1357\">\n<p data-start=\"1299\" data-end=\"1357\">Produktion nach speziellen Projektma\u00dfen und Konfigurationen<\/p>\n<\/li>\n<li data-start=\"1358\" data-end=\"1412\">\n<p data-start=\"1360\" data-end=\"1412\">Flansch-, EF- oder Stumpfschwei\u00dfanschlussoptionen<\/p>\n<\/li>\n<li data-start=\"1413\" data-end=\"1470\">\n<p data-start=\"1415\" data-end=\"1470\">Schieber- und Ventilkonstruktionen, die Betriebssicherheit gew\u00e4hrleisten<\/p>\n<\/li>\n<\/ul>\n<p data-start=\"1472\" data-end=\"1821\"><strong data-start=\"1472\" data-end=\"1523\">Warum sollten Sie HDPE-Hydranten aus Sonderproduktion bevorzugen?<\/strong><br data-start=\"1523\" data-end=\"1526\">Bei Projekten, bei denen Standardprodukte nicht ausreichen, bieten HDPE-Hydranten, die speziell nach den Anforderungen vor Ort entwickelt wurden, eine einfache Installation, hohe Leistung und langlebige L\u00f6sungen. Dank seiner Struktur, die den Wartungsaufwand minimiert, ist er ideal f\u00fcr Brandbek\u00e4mpfungsstellen, insbesondere in abgelegenen Gebieten.   <\/p>\n","protected":false},"excerpt":{"rendered":"<p>Der speziell angefertigte HDPE-Hydrant ist ein oberirdisches Anschlusselement, das als Notfalleinsatzpunkt in Feuerl\u00f6schsystemen oder Druckwasserleitungen verwendet wird und ganz nach den Bed\u00fcrfnissen des Projekts gestaltet werden kann. Er besteht aus hochdichtem Polyethylen (PE100) und ist sowohl korrosionsbest\u00e4ndig als auch langlebig. Es bietet eine flexible Installation in Infrastrukturprojekten mit Flansch-, Ventil- oder elektrogeschwei\u00dften Anschlussm\u00f6glichkeiten. Er kann auf Anfrage mit speziellen Konfigurationen wie Einzelauslass, Doppelauslass, verschlossenem Deckel und Durchflussregelventil hergestellt werden.     <\/p>\n","protected":false},"featured_media":11942,"template":"","meta":{"pgc_sgb_lightbox_settings":""},"product_brand":[152],"product_cat":[45],"product_tag":[244,246,243,239,247,238,240,241,245,242],"class_list":{"0":"post-11940","1":"product","2":"type-product","3":"status-publish","4":"has-post-thumbnail","6":"product_brand-yildiz-polietilen","7":"product_cat-hdpe-konfeksiyon","8":"product_tag-elektrofuzyon-yangin-baglanti-noktasi","9":"product_tag-endustriyel-hidrant-uretimi","10":"product_tag-flansli-hidrant","11":"product_tag-hdpe-hidrant","12":"product_tag-hdpe-ozel-vana-cikisi","13":"product_tag-ozel-uretim-hidrant","14":"product_tag-pe100-yangin-hidranti","15":"product_tag-polietilen-yangin-vanasi","16":"product_tag-yangin-mudahale-hidranti","17":"product_tag-yer-ustu-yangin-baglantisi","19":"first","20":"instock","21":"shipping-taxable","22":"product-type-simple"},"_links":{"self":[{"href":"https:\/\/www.yildizpolietilen.com\/de\/wp-json\/wp\/v2\/product\/11940","targetHints":{"allow":["GET"]}}],"collection":[{"href":"https:\/\/www.yildizpolietilen.com\/de\/wp-json\/wp\/v2\/product"}],"about":[{"href":"https:\/\/www.yildizpolietilen.com\/de\/wp-json\/wp\/v2\/types\/product"}],"wp:featuredmedia":[{"embeddable":true,"href":"https:\/\/www.yildizpolietilen.com\/de\/wp-json\/wp\/v2\/media\/11942"}],"wp:attachment":[{"href":"https:\/\/www.yildizpolietilen.com\/de\/wp-json\/wp\/v2\/media?parent=11940"}],"wp:term":[{"taxonomy":"product_brand","embeddable":true,"href":"https:\/\/www.yildizpolietilen.com\/de\/wp-json\/wp\/v2\/product_brand?post=11940"},{"taxonomy":"product_cat","embeddable":true,"href":"https:\/\/www.yildizpolietilen.com\/de\/wp-json\/wp\/v2\/product_cat?post=11940"},{"taxonomy":"product_tag","embeddable":true,"href":"https:\/\/www.yildizpolietilen.com\/de\/wp-json\/wp\/v2\/product_tag?post=11940"}],"curies":[{"name":"wp","href":"https:\/\/api.w.org\/{rel}","templated":true}]}}