{"id":11921,"date":"2024-09-28T13:06:34","date_gmt":"2024-09-28T10:06:34","guid":{"rendered":"https:\/\/yildizpolietilen.com\/urun\/beton-gecis\/"},"modified":"2025-06-24T15:07:18","modified_gmt":"2025-06-24T12:07:18","slug":"konkreter-uebergang","status":"publish","type":"product","link":"https:\/\/www.yildizpolietilen.com\/de\/urun\/konkreter-uebergang\/","title":{"rendered":"KONKRETER \u00dcBERGANG"},"content":{"rendered":"<p data-start=\"132\" data-end=\"206\"><strong data-start=\"132\" data-end=\"206\">HDPE-Beton\u00fcbergangsst\u00fcck &#8211; Polyethylen-Rohr\u00fcbergangselement f\u00fcr Betonleitungen<\/strong><\/p>\n<p data-start=\"208\" data-end=\"760\"><br data-start=\"228\" data-end=\"231\"><\/p>\n<p data-start=\"762\" data-end=\"786\"><strong data-start=\"762\" data-end=\"784\">Einsatzgebiete:<\/strong><\/p>\n<ul data-start=\"787\" data-end=\"1012\">\n<li data-start=\"787\" data-end=\"821\">\n<p data-start=\"789\" data-end=\"821\">Systeme zur Ableitung von Regenwasser<\/p>\n<\/li>\n<li data-start=\"822\" data-end=\"850\">\n<p data-start=\"824\" data-end=\"850\">Kanalisationsinfrastrukturen<\/p>\n<\/li>\n<li data-start=\"851\" data-end=\"879\">\n<p data-start=\"853\" data-end=\"879\">Kl\u00e4ranlagen<\/p>\n<\/li>\n<li data-start=\"880\" data-end=\"924\">\n<p data-start=\"882\" data-end=\"924\">Infrastrukturkreuzungen und Schachtverbindungen<\/p>\n<\/li>\n<li data-start=\"925\" data-end=\"966\">\n<p data-start=\"927\" data-end=\"966\">Landwirtschaftliche Entw\u00e4sserung und Entw\u00e4sserungssysteme<\/p>\n<\/li>\n<li data-start=\"967\" data-end=\"1012\">\n<p data-start=\"969\" data-end=\"1012\">HDPE &#8211; spezielle Infrastrukturprojekte mit Beton\u00fcbergang<\/p>\n<\/li>\n<\/ul>\n<p data-start=\"1014\" data-end=\"1032\"><strong data-start=\"1014\" data-end=\"1030\">Vorteile:<\/strong><\/p>\n<ul data-start=\"1033\" data-end=\"1364\">\n<li data-start=\"1033\" data-end=\"1086\">\n<p data-start=\"1035\" data-end=\"1086\">Hohe Kompatibilit\u00e4t zwischen HDPE- und Betonsystemen<\/p>\n<\/li>\n<li data-start=\"1087\" data-end=\"1120\">\n<p data-start=\"1089\" data-end=\"1120\">Auslaufsichere und sichere Verbindung<\/p>\n<\/li>\n<li data-start=\"1121\" data-end=\"1162\">\n<p data-start=\"1123\" data-end=\"1162\">Langlebige, wartungsfreie Struktur<\/p>\n<\/li>\n<li data-start=\"1163\" data-end=\"1235\">\n<p data-start=\"1165\" data-end=\"1235\">Hohe Best\u00e4ndigkeit gegen Chemikalien, korrosive Fl\u00fcssigkeiten und UV-Strahlung<\/p>\n<\/li>\n<li data-start=\"1236\" data-end=\"1302\">\n<p data-start=\"1238\" data-end=\"1302\">Reduziert das Risiko von Rissen durch seine Flexibilit\u00e4t gegen\u00fcber Bodenbewegungen<\/p>\n<\/li>\n<li data-start=\"1303\" data-end=\"1364\">\n<p data-start=\"1305\" data-end=\"1364\">M\u00f6glichkeit der Produktion in verschiedenen Durchmessern und Anschlussarten auf Anfrage<\/p>\n<\/li>\n<\/ul>\n<p data-start=\"1366\" data-end=\"1717\"><strong data-start=\"1366\" data-end=\"1417\">Warum sollten Sie sich f\u00fcr HDPE-Beton\u00fcbergangsst\u00fccke entscheiden?<\/strong><br data-start=\"1417\" data-end=\"1420\">Bei der Kombination von Infrastruktursystemen mit unterschiedlichen Materialgruppen ist es entscheidend, die Kontinuit\u00e4t und Haltbarkeit des Systems zu erhalten. Das HDPE-Beton\u00fcbergangsst\u00fcck bietet sowohl technische Kompatibilit\u00e4t als auch Abdichtungsvorteile bei diesen \u00dcberg\u00e4ngen. Es minimiert das Risiko von Verformungen selbst bei schwierigen Bodenverh\u00e4ltnissen.    <\/p>\n<div id=\"footable_parent_16469\"\n         class=\" footable_parent ninja_table_wrapper loading_ninja_table wp_table_data_press_parent semantic_ui \">\n                <table data-ninja_table_instance=\"ninja_table_instance_0\" data-footable_id=\"16469\" data-filter-delay=\"1000\" aria-label=\"Konfeksiyon-Beton-Gecis\"            id=\"footable_16469\"\n           data-unique_identifier=\"ninja_table_unique_id_286712320_16469\"\n           class=\" foo-table ninja_footable foo_table_16469 ninja_table_unique_id_286712320_16469 ui table  nt_type_legacy_table celled striped compact vertical_centered  footable-paging-right ninja_table_search_disabled ninja_table_pro\">\n                <colgroup>\n                            <col class=\"ninja_column_0 \">\n                            <col class=\"ninja_column_1 \">\n                            <col class=\"ninja_column_2 \">\n                            <col class=\"ninja_column_3 \">\n                            <col class=\"ninja_column_4 \">\n                            <col class=\"ninja_column_5 \">\n                            <col class=\"ninja_column_6 \">\n                            <col class=\"ninja_column_7 \">\n                            <col class=\"ninja_column_8 \">\n                            <col class=\"ninja_column_9 \">\n                    <\/colgroup>\n        <thead>\n<tr class=\"footable-header\">\n                                                                                                                                                                        <th scope=\"col\"  class=\"ninja_column_0 ninja_clmn_nm_SIRA \">SIRA<\/th><th scope=\"col\"  class=\"ninja_column_1 ninja_clmn_nm_\u00dcR\u00dcN KODU \">\u00dcR\u00dcN KODU<\/th><th scope=\"col\"  class=\"ninja_column_2 ninja_clmn_nm_\u00c7AP d [mm] \">\u00c7AP d [mm]<\/th><th scope=\"col\"  class=\"ninja_column_3 ninja_clmn_nm_L [mm] \">L [mm]<\/th><th scope=\"col\"  class=\"ninja_column_4 ninja_clmn_nm_L1 [mm] \">L1 [mm]<\/th><th scope=\"col\"  class=\"ninja_column_5 ninja_clmn_nm_e [mm] \">e [mm]<\/th><th scope=\"col\"  class=\"ninja_column_6 ninja_clmn_nm_e1 [mm] \">e1 [mm]<\/th><th scope=\"col\"  class=\"ninja_column_7 ninja_clmn_nm_A\u011eIRLIK [kg] \">A\u011eIRLIK [kg]<\/th><th scope=\"col\"  class=\"ninja_column_8 ninja_clmn_nm_KOL\u0130 ADED\u0130 \">KOL\u0130 ADED\u0130<\/th><th scope=\"col\"  class=\"ninja_column_9 ninja_clmn_nm_KOL\u0130 EBATI \">KOL\u0130 EBATI<\/th><\/tr>\n<\/thead>\n<tbody>\n\n        <tr data-row_id=\"6058\" class=\"ninja_table_row_0 nt_row_id_6058\">\n            <td>SEQ<\/td><td>PRODUCT CODE<\/td><td>SIZE d [mm]<\/td><td>L [mm]<\/td><td>L1 [mm]<\/td><td>e [mm]<\/td><td>e1 [mm]<\/td><td>WEIGHT [kg]<\/td><td>IN A PARCEL<\/td><td>PCS PRICE<\/td>        <\/tr>\n            <tr data-row_id=\"6059\" class=\"ninja_table_row_1 nt_row_id_6059\">\n            <td>1<\/td><td>974803700110<\/td><td>110<\/td><td>750<\/td><td>250<\/td><td>100<\/td><td>6.6<\/td><td>1.63<\/td><td>-<\/td><td>-<\/td>        <\/tr>\n            <tr data-row_id=\"6060\" class=\"ninja_table_row_2 nt_row_id_6060\">\n            <td>2<\/td><td>974803100110<\/td><td>110<\/td><td>750<\/td><td>250<\/td><td>100<\/td><td>10<\/td><td>2.36<\/td><td>-<\/td><td>-<\/td>        <\/tr>\n            <tr data-row_id=\"6061\" class=\"ninja_table_row_3 nt_row_id_6061\">\n            <td>3<\/td><td>974803700125<\/td><td>125<\/td><td>750<\/td><td>250<\/td><td>100<\/td><td>7.4<\/td><td>2.06<\/td><td>-<\/td><td>-<\/td>        <\/tr>\n            <tr data-row_id=\"6062\" class=\"ninja_table_row_4 nt_row_id_6062\">\n            <td>4<\/td><td>974803100125<\/td><td>125<\/td><td>750<\/td><td>250<\/td><td>100<\/td><td>11.4<\/td><td>3.06<\/td><td>-<\/td><td>-<\/td>        <\/tr>\n            <tr data-row_id=\"6063\" class=\"ninja_table_row_5 nt_row_id_6063\">\n            <td>5<\/td><td>974803700140<\/td><td>140<\/td><td>750<\/td><td>250<\/td><td>100<\/td><td>8.3<\/td><td>2.6<\/td><td>-<\/td><td>-<\/td>        <\/tr>\n            <tr data-row_id=\"6064\" class=\"ninja_table_row_6 nt_row_id_6064\">\n            <td>6<\/td><td>974803100140<\/td><td>140<\/td><td>750<\/td><td>250<\/td><td>100<\/td><td>12.7<\/td><td>3.81<\/td><td>-<\/td><td>-<\/td>        <\/tr>\n            <tr data-row_id=\"6065\" class=\"ninja_table_row_7 nt_row_id_6065\">\n            <td>7<\/td><td>974803700160<\/td><td>160<\/td><td>750<\/td><td>250<\/td><td>100<\/td><td>9.5<\/td><td>3.39<\/td><td>-<\/td><td>-<\/td>        <\/tr>\n            <tr data-row_id=\"6066\" class=\"ninja_table_row_8 nt_row_id_6066\">\n            <td>8<\/td><td>974803100160<\/td><td>160<\/td><td>750<\/td><td>250<\/td><td>100<\/td><td>14.6<\/td><td>5<\/td><td>-<\/td><td>-<\/td>        <\/tr>\n            <tr data-row_id=\"6067\" class=\"ninja_table_row_9 nt_row_id_6067\">\n            <td>9<\/td><td>974803700180<\/td><td>180<\/td><td>750<\/td><td>250<\/td><td>100<\/td><td>10.7<\/td><td>4.28<\/td><td>-<\/td><td>-<\/td>        <\/tr>\n            <tr data-row_id=\"6068\" class=\"ninja_table_row_10 nt_row_id_6068\">\n            <td>10<\/td><td>974803100180<\/td><td>180<\/td><td>750<\/td><td>250<\/td><td>100<\/td><td>16.4<\/td><td>6.32<\/td><td>-<\/td><td>-<\/td>        <\/tr>\n            <tr data-row_id=\"6069\" class=\"ninja_table_row_11 nt_row_id_6069\">\n            <td>11<\/td><td>974803700200<\/td><td>200<\/td><td>750<\/td><td>250<\/td><td>100<\/td><td>11.9<\/td><td>5.29<\/td><td>-<\/td><td>-<\/td>        <\/tr>\n            <tr data-row_id=\"6070\" class=\"ninja_table_row_12 nt_row_id_6070\">\n            <td>12<\/td><td>974803100200<\/td><td>200<\/td><td>750<\/td><td>250<\/td><td>100<\/td><td>18.2<\/td><td>7.8<\/td><td>-<\/td><td>-<\/td>        <\/tr>\n            <tr data-row_id=\"6071\" class=\"ninja_table_row_13 nt_row_id_6071\">\n            <td>13<\/td><td>974803700225<\/td><td>225<\/td><td>750<\/td><td>250<\/td><td>100<\/td><td>13.4<\/td><td>6.7<\/td><td>-<\/td><td>-<\/td>        <\/tr>\n            <tr data-row_id=\"6072\" class=\"ninja_table_row_14 nt_row_id_6072\">\n            <td>14<\/td><td>974803100225<\/td><td>225<\/td><td>750<\/td><td>250<\/td><td>100<\/td><td>20.5<\/td><td>9.83<\/td><td>-<\/td><td>-<\/td>        <\/tr>\n            <tr data-row_id=\"6073\" class=\"ninja_table_row_15 nt_row_id_6073\">\n            <td>15<\/td><td>974803700250<\/td><td>250<\/td><td>750<\/td><td>250<\/td><td>100<\/td><td>14.8<\/td><td>8.25<\/td><td>-<\/td><td>-<\/td>        <\/tr>\n            <tr data-row_id=\"6074\" class=\"ninja_table_row_16 nt_row_id_6074\">\n            <td>16<\/td><td>974803100250<\/td><td>250<\/td><td>750<\/td><td>250<\/td><td>100<\/td><td>22.7<\/td><td>12.15<\/td><td>-<\/td><td>-<\/td>        <\/tr>\n            <tr data-row_id=\"6075\" class=\"ninja_table_row_17 nt_row_id_6075\">\n            <td>17<\/td><td>974803700280<\/td><td>280<\/td><td>750<\/td><td>250<\/td><td>100<\/td><td>16.6<\/td><td>10.28<\/td><td>-<\/td><td>-<\/td>        <\/tr>\n            <tr data-row_id=\"6076\" class=\"ninja_table_row_18 nt_row_id_6076\">\n            <td>18<\/td><td>974803100280<\/td><td>280<\/td><td>750<\/td><td>250<\/td><td>100<\/td><td>25.4<\/td><td>15.23<\/td><td>-<\/td><td>-<\/td>        <\/tr>\n            <tr data-row_id=\"6077\" class=\"ninja_table_row_19 nt_row_id_6077\">\n            <td>19<\/td><td>974803700315<\/td><td>315<\/td><td>750<\/td><td>250<\/td><td>100<\/td><td>18.7<\/td><td>13.05<\/td><td>-<\/td><td>-<\/td>        <\/tr>\n            <tr data-row_id=\"6078\" class=\"ninja_table_row_20 nt_row_id_6078\">\n            <td>20<\/td><td>974803100315<\/td><td>315<\/td><td>750<\/td><td>250<\/td><td>100<\/td><td>28.6<\/td><td>19.2<\/td><td>-<\/td><td>-<\/td>        <\/tr>\n            <tr data-row_id=\"6079\" class=\"ninja_table_row_21 nt_row_id_6079\">\n            <td>21<\/td><td>974803700355<\/td><td>355<\/td><td>750<\/td><td>250<\/td><td>100<\/td><td>21.1<\/td><td>16.58<\/td><td>-<\/td><td>-<\/td>        <\/tr>\n            <tr data-row_id=\"6080\" class=\"ninja_table_row_22 nt_row_id_6080\">\n            <td>22<\/td><td>974803100355<\/td><td>355<\/td><td>750<\/td><td>250<\/td><td>100<\/td><td>32.2<\/td><td>24.38<\/td><td>-<\/td><td>-<\/td>        <\/tr>\n            <tr data-row_id=\"6081\" class=\"ninja_table_row_23 nt_row_id_6081\">\n            <td>23<\/td><td>974803700400<\/td><td>400<\/td><td>750<\/td><td>250<\/td><td>100<\/td><td>23.7<\/td><td>21<\/td><td>-<\/td><td>-<\/td>        <\/tr>\n            <tr data-row_id=\"6082\" class=\"ninja_table_row_24 nt_row_id_6082\">\n            <td>24<\/td><td>974803100400<\/td><td>400<\/td><td>750<\/td><td>250<\/td><td>100<\/td><td>36.3<\/td><td>30.98<\/td><td>-<\/td><td>-<\/td>        <\/tr>\n            <tr data-row_id=\"6083\" class=\"ninja_table_row_25 nt_row_id_6083\">\n            <td>25<\/td><td>974803700500<\/td><td>500<\/td><td>750<\/td><td>250<\/td><td>100<\/td><td>26.7<\/td><td>26.55<\/td><td>-<\/td><td>-<\/td>        <\/tr>\n            <tr data-row_id=\"6084\" class=\"ninja_table_row_26 nt_row_id_6084\">\n            <td>26<\/td><td>974803100500<\/td><td>500<\/td><td>750<\/td><td>250<\/td><td>100<\/td><td>40.9<\/td><td>39.23<\/td><td>-<\/td><td>-<\/td>        <\/tr>\n    <\/tbody><!--ninja_tobody_rendering_done-->\n    <\/table>\n    \n    \n    \n<\/div>\n\n","protected":false},"excerpt":{"rendered":"<p>Das HDPE-Beton\u00fcbergangsst\u00fcck ist ein spezielles Adapterteil, das eine dichte und robuste Verbindung zwischen HDPE-Rohrsystemen (Polyethylen hoher Dichte) und Betonrohren oder Stahlbetonleitungen herstellt. Diese Teile werden in der Regel bei Abwasser-, Regenwasser- und Infrastrukturprojekten eingesetzt und sorgen f\u00fcr einen sicheren \u00dcbergang zwischen HDPE-Rohr und Betonstruktur. Bei der Verbindung wird sowohl die Polyethylenseite durch Stumpfschwei\u00dfen oder Elektroschwei\u00dfen zusammengef\u00fcgt als auch die Betonseite mit speziellen Dichtungen oder Montageverfahren an der Betonstruktur befestigt.    <\/p>\n","protected":false},"featured_media":11922,"template":"","meta":{"pgc_sgb_lightbox_settings":""},"product_brand":[152],"product_cat":[45],"product_tag":[204,200,208,205,203,206,202,201,207],"class_list":{"0":"post-11921","1":"product","2":"type-product","3":"status-publish","4":"has-post-thumbnail","6":"product_brand-yildiz-polietilen","7":"product_cat-hdpe-konfeksiyon","8":"product_tag-altyapi-boru-baglantisi","9":"product_tag-hdpe-beton-gecis-parcasi","10":"product_tag-hdpe-rogar-baglantisi","11":"product_tag-hdpe-beton-adaptor","12":"product_tag-kanalizasyon-gecis-parcasi","13":"product_tag-pe-beton-boru-baglantisi","14":"product_tag-pe100-beton-baglanti","15":"product_tag-polietilen-beton-gecis-elemani","16":"product_tag-yagmur-suyu-gecis-parcasi","18":"first","19":"instock","20":"shipping-taxable","21":"product-type-simple"},"_links":{"self":[{"href":"https:\/\/www.yildizpolietilen.com\/de\/wp-json\/wp\/v2\/product\/11921","targetHints":{"allow":["GET"]}}],"collection":[{"href":"https:\/\/www.yildizpolietilen.com\/de\/wp-json\/wp\/v2\/product"}],"about":[{"href":"https:\/\/www.yildizpolietilen.com\/de\/wp-json\/wp\/v2\/types\/product"}],"wp:featuredmedia":[{"embeddable":true,"href":"https:\/\/www.yildizpolietilen.com\/de\/wp-json\/wp\/v2\/media\/11922"}],"wp:attachment":[{"href":"https:\/\/www.yildizpolietilen.com\/de\/wp-json\/wp\/v2\/media?parent=11921"}],"wp:term":[{"taxonomy":"product_brand","embeddable":true,"href":"https:\/\/www.yildizpolietilen.com\/de\/wp-json\/wp\/v2\/product_brand?post=11921"},{"taxonomy":"product_cat","embeddable":true,"href":"https:\/\/www.yildizpolietilen.com\/de\/wp-json\/wp\/v2\/product_cat?post=11921"},{"taxonomy":"product_tag","embeddable":true,"href":"https:\/\/www.yildizpolietilen.com\/de\/wp-json\/wp\/v2\/product_tag?post=11921"}],"curies":[{"name":"wp","href":"https:\/\/api.w.org\/{rel}","templated":true}]}}