{"id":11917,"date":"2024-09-28T13:10:26","date_gmt":"2024-09-28T10:10:26","guid":{"rendered":"https:\/\/yildizpolietilen.com\/urun\/krepin\/"},"modified":"2025-06-24T15:07:16","modified_gmt":"2025-06-24T12:07:16","slug":"crepin","status":"publish","type":"product","link":"https:\/\/www.yildizpolietilen.com\/de\/urun\/crepin\/","title":{"rendered":"KREPIN"},"content":{"rendered":"<p data-start=\"144\" data-end=\"201\"><strong data-start=\"144\" data-end=\"201\">HDPE Crepin &#8211; Filtrationskopf \/ Unteres Filterelement<\/strong><\/p>\n<p data-start=\"203\" data-end=\"656\"><br data-start=\"223\" data-end=\"226\"><\/p>\n<p data-start=\"658\" data-end=\"682\"><strong data-start=\"658\" data-end=\"680\">Einsatzgebiete:<\/strong><\/p>\n<ul data-start=\"683\" data-end=\"926\">\n<li data-start=\"683\" data-end=\"707\">\n<p data-start=\"685\" data-end=\"707\">Systeme zur Wasseraufbereitung<\/p>\n<\/li>\n<li data-start=\"708\" data-end=\"738\">\n<p data-start=\"710\" data-end=\"738\">Landwirtschaftliche Bew\u00e4sserungssysteme<\/p>\n<\/li>\n<li data-start=\"739\" data-end=\"770\">\n<p data-start=\"741\" data-end=\"770\">Regenwasser-Sammelleitungen<\/p>\n<\/li>\n<li data-start=\"771\" data-end=\"804\">\n<p data-start=\"773\" data-end=\"804\">Industrielle Entw\u00e4sserungssysteme<\/p>\n<\/li>\n<li data-start=\"805\" data-end=\"847\">\n<p data-start=\"807\" data-end=\"847\">Kl\u00e4ranlagen und biologische Teiche<\/p>\n<\/li>\n<li data-start=\"848\" data-end=\"926\">\n<p data-start=\"850\" data-end=\"926\">Als Partikelfalle am Einlass oder Auslass von HDPE-Rohrsystemen<\/p>\n<\/li>\n<\/ul>\n<p data-start=\"928\" data-end=\"946\"><strong data-start=\"928\" data-end=\"944\">Vorteile:<\/strong><\/p>\n<ul data-start=\"947\" data-end=\"1271\">\n<li data-start=\"947\" data-end=\"1010\">\n<p data-start=\"949\" data-end=\"1010\">Hohe Schlagz\u00e4higkeit und chemische Best\u00e4ndigkeit dank des Rohstoffs PE100<\/p>\n<\/li>\n<li data-start=\"1011\" data-end=\"1050\">\n<p data-start=\"1013\" data-end=\"1050\">Einfache Montage dank der leichten Struktur<\/p>\n<\/li>\n<li data-start=\"1051\" data-end=\"1100\">\n<p data-start=\"1053\" data-end=\"1100\">Best\u00e4ndigkeit gegen Korrosion und UV-Strahlung<\/p>\n<\/li>\n<li data-start=\"1101\" data-end=\"1136\">\n<p data-start=\"1103\" data-end=\"1136\">Auslaufsichere und sichere Filtration<\/p>\n<\/li>\n<li data-start=\"1137\" data-end=\"1202\">\n<p data-start=\"1139\" data-end=\"1202\">Kann r\u00fcckgesp\u00fclt oder gereinigt werden, wiederverwendbar<\/p>\n<\/li>\n<li data-start=\"1203\" data-end=\"1271\">\n<p data-start=\"1205\" data-end=\"1271\">Produktionsm\u00f6glichkeit entsprechend verschiedener Rohrdurchmesser und Systemanforderungen<\/p>\n<\/li>\n<\/ul>\n<p data-start=\"1273\" data-end=\"1579\"><strong data-start=\"1273\" data-end=\"1311\">Warum HDPE-Krepp?<\/strong><br data-start=\"1311\" data-end=\"1314\">HDPE Crepin ist ein ideales Schutzmaterial, um Verstopfungen und Sch\u00e4den am System zu verhindern. Es kann viele Jahre lang ohne das Risiko von Korrosion und Verfall verwendet werden, insbesondere in Systemen, die mit Wasser in Ber\u00fchrung kommen. Es h\u00e4lt das Wasser und die Fl\u00fcssigkeit sauber und reduziert die Wartungskosten.    <\/p>\n<div id=\"footable_parent_16473\"\n         class=\" footable_parent ninja_table_wrapper loading_ninja_table wp_table_data_press_parent semantic_ui \">\n                <table data-ninja_table_instance=\"ninja_table_instance_0\" data-footable_id=\"16473\" data-filter-delay=\"1000\" aria-label=\"Konfeksiyon-Krepin\"            id=\"footable_16473\"\n           data-unique_identifier=\"ninja_table_unique_id_3972615630_16473\"\n           class=\" foo-table ninja_footable foo_table_16473 ninja_table_unique_id_3972615630_16473 ui table  nt_type_legacy_table celled striped compact vertical_centered  footable-paging-right ninja_table_search_disabled ninja_table_pro\">\n                <colgroup>\n                            <col class=\"ninja_column_0 \">\n                            <col class=\"ninja_column_1 \">\n                            <col class=\"ninja_column_2 \">\n                            <col class=\"ninja_column_3 \">\n                            <col class=\"ninja_column_4 \">\n                            <col class=\"ninja_column_5 \">\n                            <col class=\"ninja_column_6 \">\n                            <col class=\"ninja_column_7 \">\n                            <col class=\"ninja_column_8 \">\n                            <col class=\"ninja_column_9 \">\n                            <col class=\"ninja_column_10 \">\n                    <\/colgroup>\n        <thead>\n<tr class=\"footable-header\">\n                                                                                                                                                                                        <th scope=\"col\"  class=\"ninja_column_0 ninja_clmn_nm_SIRA \">SIRA<\/th><th scope=\"col\"  class=\"ninja_column_1 ninja_clmn_nm_\u00dcR\u00dcN KODU \">\u00dcR\u00dcN KODU<\/th><th scope=\"col\"  class=\"ninja_column_2 ninja_clmn_nm_\u00c7AP d1 [mm] \">\u00c7AP d1 [mm]<\/th><th scope=\"col\"  class=\"ninja_column_3 ninja_clmn_nm_d [mm] \">d [mm]<\/th><th scope=\"col\"  class=\"ninja_column_4 ninja_clmn_nm_L [mm] \">L [mm]<\/th><th scope=\"col\"  class=\"ninja_column_5 ninja_clmn_nm_L1 [mm] \">L1 [mm]<\/th><th scope=\"col\"  class=\"ninja_column_6 ninja_clmn_nm_e [mm] \">e [mm]<\/th><th scope=\"col\"  class=\"ninja_column_7 ninja_clmn_nm_e1 [mm] \">e1 [mm]<\/th><th scope=\"col\"  class=\"ninja_column_8 ninja_clmn_nm_A\u011eIRLIK [kg] \">A\u011eIRLIK [kg]<\/th><th scope=\"col\"  class=\"ninja_column_9 ninja_clmn_nm_KOL\u0130 ADED\u0130 \">KOL\u0130 ADED\u0130<\/th><th scope=\"col\"  class=\"ninja_column_10 ninja_clmn_nm_KOL\u0130 EBATI \">KOL\u0130 EBATI<\/th><\/tr>\n<\/thead>\n<tbody>\n\n        <tr data-row_id=\"6151\" class=\"ninja_table_row_0 nt_row_id_6151\">\n            <td>SEQ<\/td><td>PRODUCT CODE<\/td><td>SIZE d1 [mm]<\/td><td>d [mm]<\/td><td>L [mm]<\/td><td>L1 [mm]<\/td><td>e [mm]<\/td><td>e1 [mm]<\/td><td>WEIGHT [kg]<\/td><td>IN A PARCEL<\/td><td>PCS PRICE<\/td>        <\/tr>\n            <tr data-row_id=\"6152\" class=\"ninja_table_row_1 nt_row_id_6152\">\n            <td>1<\/td><td>975657100110<\/td><td>110<\/td><td>200<\/td><td>250<\/td><td>145<\/td><td>5<\/td><td>4.5<\/td><td>0.79<\/td><td>-<\/td><td>-<\/td>        <\/tr>\n            <tr data-row_id=\"6153\" class=\"ninja_table_row_2 nt_row_id_6153\">\n            <td>2<\/td><td>975657100125<\/td><td>125<\/td><td>200<\/td><td>250<\/td><td>135<\/td><td>5<\/td><td>4.5<\/td><td>1.02<\/td><td>-<\/td><td>-<\/td>        <\/tr>\n            <tr data-row_id=\"6154\" class=\"ninja_table_row_3 nt_row_id_6154\">\n            <td>3<\/td><td>975657100140<\/td><td>140<\/td><td>200<\/td><td>250<\/td><td>127.5<\/td><td>5<\/td><td>4.5<\/td><td>1.27<\/td><td>-<\/td><td>-<\/td>        <\/tr>\n            <tr data-row_id=\"6155\" class=\"ninja_table_row_4 nt_row_id_6155\">\n            <td>4<\/td><td>975657100160<\/td><td>160<\/td><td>250<\/td><td>350<\/td><td>180<\/td><td>5<\/td><td>5<\/td><td>2.33<\/td><td>-<\/td><td>-<\/td>        <\/tr>\n            <tr data-row_id=\"6156\" class=\"ninja_table_row_5 nt_row_id_6156\">\n            <td>5<\/td><td>975657100180<\/td><td>180<\/td><td>250<\/td><td>350<\/td><td>195<\/td><td>5<\/td><td>5<\/td><td>2.95<\/td><td>-<\/td><td>-<\/td>        <\/tr>\n            <tr data-row_id=\"6157\" class=\"ninja_table_row_6 nt_row_id_6157\">\n            <td>6<\/td><td>975657100200<\/td><td>200<\/td><td>350<\/td><td>500<\/td><td>185<\/td><td>5<\/td><td>5<\/td><td>5.2<\/td><td>-<\/td><td>-<\/td>        <\/tr>\n            <tr data-row_id=\"6158\" class=\"ninja_table_row_7 nt_row_id_6158\">\n            <td>7<\/td><td>975657100225<\/td><td>225<\/td><td>350<\/td><td>500<\/td><td>200<\/td><td>5<\/td><td>5<\/td><td>6.55<\/td><td>-<\/td><td>-<\/td>        <\/tr>\n            <tr data-row_id=\"6159\" class=\"ninja_table_row_8 nt_row_id_6159\">\n            <td>8<\/td><td>975657100250<\/td><td>250<\/td><td>450<\/td><td>600<\/td><td>207.5<\/td><td>5<\/td><td>5<\/td><td>9.72<\/td><td>-<\/td><td>-<\/td>        <\/tr>\n            <tr data-row_id=\"6160\" class=\"ninja_table_row_9 nt_row_id_6160\">\n            <td>9<\/td><td>975657100280<\/td><td>280<\/td><td>450<\/td><td>600<\/td><td>195<\/td><td>5<\/td><td>5<\/td><td>12.18<\/td><td>-<\/td><td>-<\/td>        <\/tr>\n            <tr data-row_id=\"6161\" class=\"ninja_table_row_10 nt_row_id_6161\">\n            <td>10<\/td><td>975657100315<\/td><td>315<\/td><td>500<\/td><td>700<\/td><td>200<\/td><td>6<\/td><td>5.6<\/td><td>17.92<\/td><td>-<\/td><td>-<\/td>        <\/tr>\n            <tr data-row_id=\"6162\" class=\"ninja_table_row_11 nt_row_id_6162\">\n            <td>11<\/td><td>975657100355<\/td><td>355<\/td><td>600<\/td><td>800<\/td><td>217.5<\/td><td>6<\/td><td>6.3<\/td><td>26<\/td><td>-<\/td><td>-<\/td>        <\/tr>\n            <tr data-row_id=\"6163\" class=\"ninja_table_row_12 nt_row_id_6163\">\n            <td>12<\/td><td>975657100400<\/td><td>400<\/td><td>700<\/td><td>950<\/td><td>222.5<\/td><td>7<\/td><td>6.3<\/td><td>39.24<\/td><td>-<\/td><td>-<\/td>        <\/tr>\n            <tr data-row_id=\"6164\" class=\"ninja_table_row_13 nt_row_id_6164\">\n            <td>13<\/td><td>975657100500<\/td><td>500<\/td><td>850<\/td><td>1200<\/td><td>225<\/td><td>8<\/td><td>7.1<\/td><td>77.4<\/td><td>-<\/td><td>-<\/td>        <\/tr>\n    <\/tbody><!--ninja_tobody_rendering_done-->\n    <\/table>\n    \n    \n    \n<\/div>\n\n","protected":false},"excerpt":{"rendered":"<p>HDPE Krepin ist ein Bodenfilter- und Entl\u00fcftungselement aus hochdichtem Polyethylen (PE100), das speziell f\u00fcr die Filtration in Fl\u00fcssigkeitssystemen verwendet wird. Er wird in der Regel an den Enden von Rohrleitungen installiert, um das Eindringen von Feststoffpartikeln in die Rohrleitung zu verhindern und einen gesunden Betrieb des Systems zu gew\u00e4hrleisten. HDPE-Krepps, die gegen Umwelteinfl\u00fcsse und Chemikalien resistent sind, zeichnen sich durch ihre langlebige und rostfreie Struktur aus.    <\/p>\n","protected":false},"featured_media":11918,"template":"","meta":{"pgc_sgb_lightbox_settings":""},"product_brand":[152],"product_cat":[45],"product_tag":[195,198,194,199,197,191,193,192,196],"class_list":{"0":"post-11917","1":"product","2":"type-product","3":"status-publish","4":"has-post-thumbnail","6":"product_brand-yildiz-polietilen","7":"product_cat-hdpe-konfeksiyon","8":"product_tag-boru-ucu-krepin","9":"product_tag-drenaj-sistemi-krepin","10":"product_tag-hdpe-filtre-baslik","11":"product_tag-hdpe-filtreleme-ekipmani","12":"product_tag-hdpe-hava-alma-elemani","13":"product_tag-hdpe-krepin","14":"product_tag-krepin-baslik","15":"product_tag-pe100-dip-filtre","16":"product_tag-su-aritma-krepin","18":"first","19":"instock","20":"shipping-taxable","21":"product-type-simple"},"_links":{"self":[{"href":"https:\/\/www.yildizpolietilen.com\/de\/wp-json\/wp\/v2\/product\/11917","targetHints":{"allow":["GET"]}}],"collection":[{"href":"https:\/\/www.yildizpolietilen.com\/de\/wp-json\/wp\/v2\/product"}],"about":[{"href":"https:\/\/www.yildizpolietilen.com\/de\/wp-json\/wp\/v2\/types\/product"}],"wp:featuredmedia":[{"embeddable":true,"href":"https:\/\/www.yildizpolietilen.com\/de\/wp-json\/wp\/v2\/media\/11918"}],"wp:attachment":[{"href":"https:\/\/www.yildizpolietilen.com\/de\/wp-json\/wp\/v2\/media?parent=11917"}],"wp:term":[{"taxonomy":"product_brand","embeddable":true,"href":"https:\/\/www.yildizpolietilen.com\/de\/wp-json\/wp\/v2\/product_brand?post=11917"},{"taxonomy":"product_cat","embeddable":true,"href":"https:\/\/www.yildizpolietilen.com\/de\/wp-json\/wp\/v2\/product_cat?post=11917"},{"taxonomy":"product_tag","embeddable":true,"href":"https:\/\/www.yildizpolietilen.com\/de\/wp-json\/wp\/v2\/product_tag?post=11917"}],"curies":[{"name":"wp","href":"https:\/\/api.w.org\/{rel}","templated":true}]}}