{"id":11913,"date":"2024-09-28T13:17:21","date_gmt":"2024-09-28T10:17:21","guid":{"rendered":"https:\/\/yildizpolietilen.com\/urun\/celik-gecis-kaynak-agizli\/"},"modified":"2025-06-24T15:07:18","modified_gmt":"2025-06-24T12:07:18","slug":"stahl-uebergang-geschweisst","status":"publish","type":"product","link":"https:\/\/www.yildizpolietilen.com\/de\/urun\/stahl-uebergang-geschweisst\/","title":{"rendered":"STAHL GESCHWEISSTER \u00dcBERGANG"},"content":{"rendered":"<p data-start=\"152\" data-end=\"206\"><strong data-start=\"152\" data-end=\"206\">Stahl\u00fcbergang geschwei\u00dft &#8211; PE-Metall-Rohr\u00fcbergangselement<\/strong><\/p>\n<p data-start=\"755\" data-end=\"779\">\n<p data-start=\"755\" data-end=\"779\"><strong data-start=\"755\" data-end=\"777\">Einsatzgebiete:<\/strong><\/p>\n<ul data-start=\"780\" data-end=\"1062\">\n<li data-start=\"780\" data-end=\"838\">\n<p data-start=\"782\" data-end=\"838\">PE-Stahlrohr\u00fcberg\u00e4nge in Erdgasverteilungsleitungen<\/p>\n<\/li>\n<li data-start=\"839\" data-end=\"891\">\n<p data-start=\"841\" data-end=\"891\">Trinkwasser und Trinkwasserinfrastruktursysteme<\/p>\n<\/li>\n<li data-start=\"892\" data-end=\"963\">\n<p data-start=\"894\" data-end=\"963\">In Systemen, in denen verschiedene Materialien in industriellen Anlagen miteinander verbunden sind<\/p>\n<\/li>\n<li data-start=\"964\" data-end=\"1062\">\n<p data-start=\"966\" data-end=\"1062\">\u00dcbergangsverbindungen mit verschiedenen Metallrohren wie Gusseisen, Edelstahl oder Kohlenstoffstahl<\/p>\n<\/li>\n<\/ul>\n<p data-start=\"1064\" data-end=\"1082\"><strong data-start=\"1064\" data-end=\"1080\">Vorteile:<\/strong><\/p>\n<ul data-start=\"1083\" data-end=\"1419\">\n<li data-start=\"1083\" data-end=\"1149\">\n<p data-start=\"1085\" data-end=\"1149\">Sichere und dichte Verbindung zwischen Kunststoff- und Metallleitungen<\/p>\n<\/li>\n<li data-start=\"1150\" data-end=\"1224\">\n<p data-start=\"1152\" data-end=\"1224\">Einfache Integration der Kunststoffseite durch Elektrofusion oder Stumpfschwei\u00dfen<\/p>\n<\/li>\n<li data-start=\"1225\" data-end=\"1277\">\n<p data-start=\"1227\" data-end=\"1277\">Hohe mechanische Festigkeit und lange Lebensdauer<\/p>\n<\/li>\n<li data-start=\"1278\" data-end=\"1371\">\n<p data-start=\"1280\" data-end=\"1371\">Korrosionsbest\u00e4ndige Stahlkonstruktion (verzinkt, Edelstahl optional)<\/p>\n<\/li>\n<li data-start=\"1372\" data-end=\"1419\">\n<p data-start=\"1374\" data-end=\"1419\">Volle Kompatibilit\u00e4t mit unter Druck stehenden Leitungen wie Gas und Wasser<\/p>\n<\/li>\n<\/ul>\n<p data-start=\"1421\" data-end=\"1748\"><strong data-start=\"1421\" data-end=\"1469\">Warum Stahl-\u00dcbergangsschwei\u00dfteile verwenden?<\/strong><br data-start=\"1469\" data-end=\"1472\">Bei Infrastruktur- und Oberbauprojekten, bei denen unterschiedliche Rohrmaterialien verwendet werden, sind geschwei\u00dfte \u00dcbergangsfittings aus Stahl die ideale L\u00f6sung, um einen \u00dcbergang zu schaffen, ohne die Systemsicherheit zu gef\u00e4hrden. Es sch\u00fctzt die Integrit\u00e4t des Systems, indem es sich an die technischen Spezifikationen sowohl von Kunststoff- als auch von Metallrohren anpasst.   <\/p>\n<p data-start=\"1750\" data-end=\"1774\"><strong data-start=\"1750\" data-end=\"1772\">Technische Daten:<\/strong><\/p>\n<ul data-start=\"1775\" data-end=\"2042\">\n<li data-start=\"1775\" data-end=\"1828\">\n<p data-start=\"1777\" data-end=\"1828\">PE100 Polyethylen und hochwertiges Stahlmaterial<\/p>\n<\/li>\n<li data-start=\"1829\" data-end=\"1880\">\n<p data-start=\"1831\" data-end=\"1880\">Stahlseite: schwei\u00dfbares glattes Ende<\/p>\n<\/li>\n<li data-start=\"1881\" data-end=\"1932\">\n<p data-start=\"1883\" data-end=\"1932\">PE-Seite Kompatibel mit EF-Fitting oder Stumpfschwei\u00dfung<\/p>\n<\/li>\n<li data-start=\"1933\" data-end=\"1968\">\n<p data-start=\"1935\" data-end=\"1968\">Standardabmessungen: SDR11 \/ SDR17<\/p>\n<\/li>\n<li data-start=\"1969\" data-end=\"2042\">\n<p data-start=\"1971\" data-end=\"2042\">Sonderl\u00e4ngen, -dicken und -flansche k\u00f6nnen auf Anfrage gefertigt werden.<\/p>\n<\/li>\n<\/ul>\n<div id=\"footable_parent_16481\"\n         class=\" footable_parent ninja_table_wrapper loading_ninja_table wp_table_data_press_parent semantic_ui \">\n                <table data-ninja_table_instance=\"ninja_table_instance_0\" data-footable_id=\"16481\" data-filter-delay=\"1000\" aria-label=\"GP-Celik-Gecis-Kaynakl\u0131\"            id=\"footable_16481\"\n           data-unique_identifier=\"ninja_table_unique_id_192409371_16481\"\n           class=\" foo-table ninja_footable foo_table_16481 ninja_table_unique_id_192409371_16481 ui table  nt_type_legacy_table celled striped compact vertical_centered  footable-paging-right ninja_table_search_disabled ninja_table_pro\">\n                <colgroup>\n                            <col class=\"ninja_column_0 \">\n                            <col class=\"ninja_column_1 \">\n                            <col class=\"ninja_column_2 \">\n                            <col class=\"ninja_column_3 \">\n                            <col class=\"ninja_column_4 \">\n                            <col class=\"ninja_column_5 \">\n                            <col class=\"ninja_column_6 \">\n                            <col class=\"ninja_column_7 \">\n                            <col class=\"ninja_column_8 \">\n                    <\/colgroup>\n        <thead>\n<tr class=\"footable-header\">\n                                                                                                                                                        <th scope=\"col\"  class=\"ninja_column_0 ninja_clmn_nm_SIRA \">SIRA<\/th><th scope=\"col\"  class=\"ninja_column_1 ninja_clmn_nm_\u00dcR\u00dcN KODU \">\u00dcR\u00dcN KODU<\/th><th scope=\"col\"  class=\"ninja_column_2 ninja_clmn_nm_\u00c7AP d [mm] \">\u00c7AP d [mm]<\/th><th scope=\"col\"  class=\"ninja_column_3 ninja_clmn_nm_L [mm] \">L [mm]<\/th><th scope=\"col\"  class=\"ninja_column_4 ninja_clmn_nm_L1 [mm] \">L1 [mm]<\/th><th scope=\"col\"  class=\"ninja_column_5 ninja_clmn_nm_L2 [mm] \">L2 [mm]<\/th><th scope=\"col\"  class=\"ninja_column_6 ninja_clmn_nm_A\u011eIRLIK [kg] \">A\u011eIRLIK [kg]<\/th><th scope=\"col\"  class=\"ninja_column_7 ninja_clmn_nm_KOL\u0130 ADED\u0130 \">KOL\u0130 ADED\u0130<\/th><th scope=\"col\"  class=\"ninja_column_8 ninja_clmn_nm_KOL\u0130 EBATI \">KOL\u0130 EBATI<\/th><\/tr>\n<\/thead>\n<tbody>\n\n        <tr data-row_id=\"7127\" class=\"ninja_table_row_0 nt_row_id_7127\">\n            <td>SEQ<\/td><td>PRODUCT CODE<\/td><td>SIZE d [mm]<\/td><td>L [mm]<\/td><td>L1 [mm]<\/td><td>L2 [mm]<\/td><td>WEIGHT [kg]<\/td><td>IN A PARCEL<\/td><td>PCS PRICE<\/td>        <\/tr>\n            <tr data-row_id=\"7128\" class=\"ninja_table_row_1 nt_row_id_7128\">\n            <td>1<\/td><td>974820100025<\/td><td>25\/3\/4''<\/td><td>262.7<\/td><td>102<\/td><td>123.7<\/td><td>0.38<\/td><td>80<\/td><td>23\/35\/26<\/td>        <\/tr>\n            <tr data-row_id=\"7129\" class=\"ninja_table_row_2 nt_row_id_7129\">\n            <td>2<\/td><td>974820100032<\/td><td>32\/1\"<\/td><td>267<\/td><td>85.6<\/td><td>137.7<\/td><td>0.59<\/td><td>24<\/td><td>23\/35\/26<\/td>        <\/tr>\n            <tr data-row_id=\"7130\" class=\"ninja_table_row_3 nt_row_id_7130\">\n            <td>3<\/td><td>974820100040<\/td><td>40\/11\/4<\/td><td>293<\/td><td>96.8<\/td><td>153.2<\/td><td>0.82<\/td><td>20<\/td><td>23\/35\/26<\/td>        <\/tr>\n            <tr data-row_id=\"7131\" class=\"ninja_table_row_4 nt_row_id_7131\">\n            <td>4<\/td><td>974820100050<\/td><td>50\/1\/2<\/td><td>336<\/td><td>82.8<\/td><td>193.8<\/td><td>1.36<\/td><td>16<\/td><td>23\/35\/26<\/td>        <\/tr>\n            <tr data-row_id=\"7132\" class=\"ninja_table_row_5 nt_row_id_7132\">\n            <td>5<\/td><td>974820100063<\/td><td>63\/2\"<\/td><td>307.3<\/td><td>108<\/td><td>135.3<\/td><td>1.68<\/td><td>25<\/td><td>41\/60\/46<\/td>        <\/tr>\n            <tr data-row_id=\"7133\" class=\"ninja_table_row_6 nt_row_id_7133\">\n            <td>6<\/td><td>974820100075<\/td><td>75\/2 1\/2<\/td><td>280.7<\/td><td>81.6<\/td><td>132.2<\/td><td>2.25<\/td><td>20<\/td><td>41\/60\/46<\/td>        <\/tr>\n            <tr data-row_id=\"7134\" class=\"ninja_table_row_7 nt_row_id_7134\">\n            <td>7<\/td><td>974820100090<\/td><td>90\/3\"<\/td><td>392<\/td><td>101<\/td><td>209.2<\/td><td>3.39<\/td><td>10<\/td><td>41\/60\/46<\/td>        <\/tr>\n            <tr data-row_id=\"7135\" class=\"ninja_table_row_8 nt_row_id_7135\">\n            <td>8<\/td><td>974820100110<\/td><td>110\/4\"<\/td><td>417<\/td><td>109<\/td><td>222.5<\/td><td>5<\/td><td>4<\/td><td>41\/60\/46<\/td>        <\/tr>\n            <tr data-row_id=\"7136\" class=\"ninja_table_row_9 nt_row_id_7136\">\n            <td>9<\/td><td>974820100125<\/td><td>125\/4\"<\/td><td>730<\/td><td>370<\/td><td>190<\/td><td>13.8<\/td><td>3<\/td><td>41\/60\/46<\/td>        <\/tr>\n            <tr data-row_id=\"7137\" class=\"ninja_table_row_10 nt_row_id_7137\">\n            <td>10<\/td><td>974820100160<\/td><td>160\/6\"<\/td><td>496<\/td><td>148.5<\/td><td>226.3<\/td><td>18.32<\/td><td>-<\/td><td>-<\/td>        <\/tr>\n            <tr data-row_id=\"7138\" class=\"ninja_table_row_11 nt_row_id_7138\">\n            <td>11<\/td><td>974820100200<\/td><td>200\/8\"<\/td><td>720<\/td><td>360<\/td><td>170<\/td><td>35.8<\/td><td>-<\/td><td>-<\/td>        <\/tr>\n            <tr data-row_id=\"7139\" class=\"ninja_table_row_12 nt_row_id_7139\">\n            <td>12<\/td><td>974820100225<\/td><td>225\/8\"<\/td><td>568<\/td><td>162<\/td><td>256<\/td><td>43<\/td><td>-<\/td><td>-<\/td>        <\/tr>\n            <tr data-row_id=\"7140\" class=\"ninja_table_row_13 nt_row_id_7140\">\n            <td>13<\/td><td>974820100250<\/td><td>250\/10\"<\/td><td>625<\/td><td>134<\/td><td>360<\/td><td>52.5<\/td><td>-<\/td><td>-<\/td>        <\/tr>\n            <tr data-row_id=\"7141\" class=\"ninja_table_row_14 nt_row_id_7141\">\n            <td>14<\/td><td>974820100280<\/td><td>280\/10\"<\/td><td>840<\/td><td>400<\/td><td>220<\/td><td>74<\/td><td>-<\/td><td>-<\/td>        <\/tr>\n            <tr data-row_id=\"7142\" class=\"ninja_table_row_15 nt_row_id_7142\">\n            <td>15<\/td><td>974820100315<\/td><td>315\/12\"<\/td><td>880<\/td><td>400<\/td><td>230<\/td><td>76<\/td><td>-<\/td><td>-<\/td>        <\/tr>\n            <tr data-row_id=\"7143\" class=\"ninja_table_row_16 nt_row_id_7143\">\n            <td>16<\/td><td>974820100355<\/td><td>355\/14\"<\/td><td>900<\/td><td>420<\/td><td>250<\/td><td>92<\/td><td>-<\/td><td>-<\/td>        <\/tr>\n            <tr data-row_id=\"7144\" class=\"ninja_table_row_17 nt_row_id_7144\">\n            <td>17<\/td><td>974820100400<\/td><td>400\/16\"<\/td><td>900<\/td><td>450<\/td><td>250<\/td><td>132<\/td><td>-<\/td><td>-<\/td>        <\/tr>\n            <tr data-row_id=\"7145\" class=\"ninja_table_row_18 nt_row_id_7145\">\n            <td>18<\/td><td>974820100450<\/td><td>450\/18\"<\/td><td>900<\/td><td>450<\/td><td>250<\/td><td>163<\/td><td>-<\/td><td>-<\/td>        <\/tr>\n    <\/tbody><!--ninja_tobody_rendering_done-->\n    <\/table>\n    \n    \n    \n<\/div>\n\n","protected":false},"excerpt":{"rendered":"<p>Stahl-\u00dcbergangsschwei\u00dffittings wurden entwickelt, um einen sicheren und leckfreien \u00dcbergang zwischen Kunststoffrohren aus Polyethylen (PE100) und Metallrohren zu schaffen. Die Stahlseite des Produkts wird durch geeignete Schwei\u00dfverfahren (z.B. Lichtbogenschwei\u00dfen, WIG, MIG usw.) mit der Metallleitung im System verbunden, w\u00e4hrend die Polyethylenseite durch Stumpfschwei\u00dfen oder Elektroschwei\u00dftechnik (EF) in die HDPE-Rohrleitung integriert wird. Auf diese Weise wird ein integrierter Betrieb von Kunststoff- und Metallrohrsystemen gew\u00e4hrleistet.    <\/p>\n","protected":false},"featured_media":11589,"template":"","meta":{"pgc_sgb_lightbox_settings":""},"product_brand":[152],"product_cat":[46],"product_tag":[189,182,187,188,184,190,183,185,186],"class_list":{"0":"post-11913","1":"product","2":"type-product","3":"status-publish","4":"has-post-thumbnail","6":"product_brand-yildiz-polietilen","7":"product_cat-hdpe-gecis-parcalari","8":"product_tag-alin-kaynak-celik-gecis","9":"product_tag-celik-gecis-kaynakli","10":"product_tag-dogalgaz-celik-gecis-parcasi","11":"product_tag-elektrofuzyon-celik-gecis","12":"product_tag-hdpe-metal-boru-gecisi","13":"product_tag-pe-boru-celik-baglanti","14":"product_tag-pe-celik-gecis-fitting","15":"product_tag-pe100-celik-adaptor","16":"product_tag-plastik-metal-gecis-parcasi","18":"first","19":"instock","20":"shipping-taxable","21":"product-type-simple"},"_links":{"self":[{"href":"https:\/\/www.yildizpolietilen.com\/de\/wp-json\/wp\/v2\/product\/11913","targetHints":{"allow":["GET"]}}],"collection":[{"href":"https:\/\/www.yildizpolietilen.com\/de\/wp-json\/wp\/v2\/product"}],"about":[{"href":"https:\/\/www.yildizpolietilen.com\/de\/wp-json\/wp\/v2\/types\/product"}],"wp:featuredmedia":[{"embeddable":true,"href":"https:\/\/www.yildizpolietilen.com\/de\/wp-json\/wp\/v2\/media\/11589"}],"wp:attachment":[{"href":"https:\/\/www.yildizpolietilen.com\/de\/wp-json\/wp\/v2\/media?parent=11913"}],"wp:term":[{"taxonomy":"product_brand","embeddable":true,"href":"https:\/\/www.yildizpolietilen.com\/de\/wp-json\/wp\/v2\/product_brand?post=11913"},{"taxonomy":"product_cat","embeddable":true,"href":"https:\/\/www.yildizpolietilen.com\/de\/wp-json\/wp\/v2\/product_cat?post=11913"},{"taxonomy":"product_tag","embeddable":true,"href":"https:\/\/www.yildizpolietilen.com\/de\/wp-json\/wp\/v2\/product_tag?post=11913"}],"curies":[{"name":"wp","href":"https:\/\/api.w.org\/{rel}","templated":true}]}}