{"id":9831,"date":"2024-10-23T21:43:57","date_gmt":"2024-10-23T18:43:57","guid":{"rendered":"https:\/\/yildizpolietilen.com\/datenschutz-und-cookie-richtlinie\/"},"modified":"2025-06-24T15:09:17","modified_gmt":"2025-06-24T12:09:17","slug":"datenschutz-und-cookie-richtlinie","status":"publish","type":"page","link":"https:\/\/www.yildizpolietilen.com\/de\/datenschutz-und-cookie-richtlinie\/","title":{"rendered":"Datenschutz und Cookie-Richtlinie"},"content":{"rendered":"\t\t<div data-elementor-type=\"wp-page\" data-elementor-id=\"9831\" class=\"elementor elementor-9831 elementor-9835\" data-elementor-post-type=\"page\">\n\t\t\t\t\t\t<section class=\"elementor-section elementor-top-section elementor-element elementor-element-747687e0 elementor-section-full_width elementor-section-height-default elementor-section-height-default\" data-id=\"747687e0\" data-element_type=\"section\">\n\t\t\t\t\t\t<div class=\"elementor-container elementor-column-gap-no\">\n\t\t\t\t\t<div class=\"elementor-column elementor-col-100 elementor-top-column elementor-element elementor-element-68126d42\" data-id=\"68126d42\" data-element_type=\"column\">\n\t\t\t<div class=\"elementor-widget-wrap elementor-element-populated\">\n\t\t\t\t\r\n\t\t<div class=\"elementor-element elementor-element-4bd746c elementor-widget elementor-widget-drillerbanner\" data-id=\"4bd746c\" data-element_type=\"widget\" data-widget_type=\"drillerbanner.default\">\n\t\t\t\t<div class=\"elementor-widget-container\">\n\t\t\t\t\t<div class=\"th-hero-wrapper hero-7\" id=\"hero\"><div class=\"hero-slider-7 th-carousel\" data-fade=\"true\" data-slide-show=\"1\" data-md-slide-show=\"1\"><div class=\"th-hero-slide\"><div class=\"th-hero-bg\" data-bg-src=\"https:\/\/sysoly.xyz\/tema4\/wp-content\/uploads\/2024\/08\/12.png\"><\/div><div class=\"big-text\" data-ani=\"slideindown\" data-ani-delay=\"0.2s\">Y\u0131ld\u0131z<\/div><div class=\"container z-index-common\"><div class=\"hero-style7\"><div class=\"hero-meta\" data-ani=\"slideindown\" data-ani-delay=\"0.2s\"><span>Y\u0131ld\u0131z Polietilen<\/span><\/div><h1 class=\"hero-title\" data-ani=\"slideindown\" data-ani-delay=\"0.3s\">Privacy and Cookie<\/h1><h1 class=\"hero-title\" data-ani=\"slideindown\" data-ani-delay=\"0.5s\">Policy<\/h1><div class=\"btn-group\" data-ani=\"slideindown\" data-ani-delay=\"0.6s\"><\/div><\/div><\/div><\/div><\/div><div class=\"icon-box\"><button data-slick-prev=\".hero-slider-7\" class=\"icon-btn\"><i class=\"far fa-long-arrow-left\"><\/i><\/button><button data-slick-next=\".hero-slider-7\" class=\"icon-btn\"><i class=\"far fa-long-arrow-right\"><\/i><\/button><\/div><\/div>\t\t\t\t<\/div>\n\t\t\t\t<\/div>\n\t\t\t\t\t<\/div>\n\t\t<\/div>\n\t\t\t\t\t<\/div>\n\t\t<\/section>\n\t\t\t\t<section class=\"elementor-section elementor-top-section elementor-element elementor-element-594486df elementor-section-full_width elementor-section-height-default elementor-section-height-default\" data-id=\"594486df\" data-element_type=\"section\">\n\t\t\t\t\t\t<div class=\"elementor-container elementor-column-gap-no\">\n\t\t\t\t\t<div class=\"elementor-column elementor-col-100 elementor-top-column elementor-element elementor-element-7fe40e08\" data-id=\"7fe40e08\" data-element_type=\"column\">\n\t\t\t<div class=\"elementor-widget-wrap elementor-element-populated\">\n\t\t\t\t\t\t\t<\/div>\n\t\t<\/div>\n\t\t\t\t\t<\/div>\n\t\t<\/section>\n\t\t\t\t<section class=\"elementor-section elementor-top-section elementor-element elementor-element-32c68510 elementor-section-boxed elementor-section-height-default elementor-section-height-default\" data-id=\"32c68510\" data-element_type=\"section\" data-settings=\"{&quot;background_background&quot;:&quot;classic&quot;}\">\n\t\t\t\t\t\t<div class=\"elementor-container elementor-column-gap-no\">\n\t\t\t\t\t<div class=\"elementor-column elementor-col-100 elementor-top-column elementor-element elementor-element-7c20f316\" data-id=\"7c20f316\" data-element_type=\"column\">\n\t\t\t<div class=\"elementor-widget-wrap elementor-element-populated\">\n\t\t\t\t\t\t<div class=\"elementor-element elementor-element-24b0d00 elementor-widget elementor-widget-text-editor\" data-id=\"24b0d00\" data-element_type=\"widget\" data-widget_type=\"text-editor.default\">\n\t\t\t\t<div class=\"elementor-widget-container\">\n\t\t\t\t\t\t\t\t\t<div id=\"information-information\" class=\"container\"><div class=\"row\"><div id=\"content\" class=\"col-sm-12\"><p>Die Grunds\u00e4tze, die Y\u0131ld\u0131z Poliethylene Ltd. \u015eti bei der Erhebung und Verwendung personenbezogener Daten befolgt, die \u00fcber die Website (\u201eWebsite\u201c) auf Wunsch der Nutzer erhoben werden, sind in dieser Datenschutzrichtlinie geregelt. <\/p><p>Pers\u00f6nliche Daten, die gesammelt werden k\u00f6nnen<\/p><p>Y\u0131ld\u0131z Poliethylene Ltd. \u015eti auf der Website erfassen kann; &#8211; Identit\u00e4tsinformationen <\/p><p>&#8211; Informationen zur Transaktionssicherheit<br>&#8211; IP-Informationen<\/p><p>&#8211; Informationen zu Rechtsgesch\u00e4ften und Compliance<br>&#8211; Kontaktinformationen<\/p><p>&#8211; Informationen zum Anfrage-\/Beschwerdemanagement<br>&#8211; Benutzerinformationen<br>&#8211; Informationen zum Vorfallmanagement<br>&#8211; Informationen zu Benutzertransaktionen<\/p><p>Sonstige Informationen, die f\u00fcr die Erbringung der Dienstleistungen auf der Website erforderlich sein k\u00f6nnen und die gem\u00e4\u00df dem Gesetz zum Schutz personenbezogener Daten und allen einschl\u00e4gigen Rechtsvorschriften als personenbezogene Daten gelten. Der Benutzer kann auf der Website Y\u0131ld\u0131z Poliethylene Ltd. \u015eti. \u015eti. die Daten, die er an das Unternehmen weitergeben kann, ausdr\u00fccklich in die Verarbeitung im Rahmen und zu den Zwecken ein, die in dieser Datenschutzrichtlinie angegeben sind.<\/p><p>Gem\u00e4\u00df Artikel 3 und 7 des Gesetzes zum Schutz personenbezogener Daten gelten Daten, die auf nicht r\u00fcckg\u00e4ngig zu machende Weise anonymisiert werden, nicht als personenbezogene Daten im Sinne des genannten Gesetzes, und die Verarbeitung dieser Daten erfolgt ohne Bindung an die Bestimmungen dieser Datenschutzerkl\u00e4rung.<\/p><p>Verwendung von \u201eCookies\u201c<\/p><p>Y\u0131ld\u0131z Poliethylene Ltd. \u015eti sammelt automatisch Daten wie die besuchten Abschnitte und die angeklickten Bereiche w\u00e4hrend der Navigation der Benutzer auf der Website. Bei diesen Daten, die mithilfe der \u201eCookie\u201c genannten Technologie gewonnen werden, handelt es sich um statistische Informationen. Das Ziel dieser Technologie ist es, den Inhalt der von den Nutzern besuchten Bereiche f\u00fcr den Nutzer beim ersten Besuch der Website leichter zug\u00e4nglich zu machen. Die meisten Browser sind so konzipiert, dass sie diese \u201eCookies\u201c, bei denen es sich in erster Linie um technische Kommunikationsdateien handelt, akzeptieren, aber die Benutzer k\u00f6nnen ihre Browsereinstellungen jederzeit so \u00e4ndern, dass die technische Kommunikationsdatei nicht ankommt oder eine Warnung ausgegeben wird, wenn die technische Kommunikationsdatei gesendet wird.    <\/p><p>Y\u0131ld\u0131z Poliethylene Ltd. \u015eti hat das Recht, das Verhalten der Nutzer auf der Website mit einem \u201eCookie\u201c im Browser zu verkn\u00fcpfen, um verhaltensorientierte Online-Werbung und -Marketing zu betreiben und Remarketing-Listen zu definieren, die auf Kennzahlen wie der Anzahl der aufgerufenen Seiten, der Dauer der Besuche und der Anzahl der Zielabschl\u00fcsse basieren. Dem Nutzer k\u00f6nnen dann auf der Grundlage seiner Interessen gezielte Werbeinhalte auf der Website oder anderen Websites im Display-Werbenetzwerk angezeigt werden.  <\/p><p>Zweck der Verwendung der Daten<\/p><p>Y\u0131ld\u0131z Poliethylene Ltd. \u015eti kann die gesammelten personenbezogenen Daten verarbeiten, damit der Nutzer die Website nutzen kann, um sich f\u00fcr eine Mitgliedschaft auf der Website zu registrieren, falls eine Mitgliedschaft besteht, um die angebotenen Dienstleistungen zu verbessern, den Service weiterzuentwickeln, neue Dienstleistungen einzuf\u00fchren und dar\u00fcber zu informieren, um dem Nutzer in diesem Rahmen die notwendigen Informationen zukommen zu lassen, um den Nutzer zu kontaktieren und um die Verpflichtungen zu erf\u00fcllen, die sich aus der Art der angebotenen Dienstleistungen ergeben. <\/p><p>Diese personenbezogenen Daten k\u00f6nnen im Rahmen der Y\u0131ld\u0131z Poliethylene Ltd. \u015eti im Rahmen der Berichterstattung und der Gesch\u00e4ftsentwicklung verarbeitet werden. Sie k\u00f6nnen auch f\u00fcr verschiedene statistische Auswertungen, die Erstellung einer Datenbank und die Durchf\u00fchrung von Marktforschungen verwendet werden, ohne dass die Identit\u00e4t des Nutzers offengelegt wird. Wenn der Nutzer au\u00dferdem sein Einverst\u00e4ndnis gibt, k\u00f6nnen die betreffenden Informationen verarbeitet, gespeichert und an Dritte zu Direktmarketingzwecken von Y\u0131ld\u0131z Poliethylene Ltd. \u015eti und seinen Mitarbeitern verarbeitet, gespeichert und an Dritte zu Direktmarketingzwecken weitergegeben werden. Der Nutzer kann kontaktiert werden, um verschiedene Anwendungen, Produkte und Dienstleistungen vorzustellen und um Benachrichtigungen \u00fcber Wartungs- und Supportaktivit\u00e4ten zu erhalten.   <\/p><p>Y\u0131ld\u0131z Poliethylene Ltd. \u015eti kann auch personenbezogene Daten verarbeiten und an Dritte weitergeben, ohne die Zustimmung des Nutzers gem\u00e4\u00df Artikel 5 und 8 des Gesetzes zum Schutz personenbezogener Daten und\/oder bei Vorliegen von Ausnahmen in der einschl\u00e4gigen Gesetzgebung einzuholen. Die wichtigsten dieser F\u00e4lle sind im Folgenden aufgef\u00fchrt:  <\/p><p>Das ist in den Gesetzen eindeutig vorgesehen,<\/p><p>Es ist zwingend erforderlich f\u00fcr den Schutz des Lebens oder der k\u00f6rperlichen Unversehrtheit der Person, die aufgrund einer faktischen Unm\u00f6glichkeit nicht in der Lage ist, ihre Einwilligung zu geben, oder deren Einwilligung nicht rechtsg\u00fcltig ist, oder einer anderen Person, es ist notwendig, personenbezogene Daten zu verarbeiten, sofern dies in direktem Zusammenhang mit der Begr\u00fcndung oder Erf\u00fcllung eines Vertrags zwischen dem Nutzer und Y\u0131ld\u0131z Poliethylene Ltd. \u015eti stehen, sie f\u00fcr die Erf\u00fcllung gesetzlicher Verpflichtungen zwingend erforderlich sind, sie vom Nutzer selbst bekannt gegeben werden, sie f\u00fcr die Begr\u00fcndung, Aus\u00fcbung oder den Schutz eines Rechts zwingend erforderlich sind, sie f\u00fcr die berechtigten Interessen von Y\u0131ld\u0131z Poliethylene Ltd. \u015eti, vorausgesetzt, dass sie die Grundrechte und -freiheiten des Nutzers nicht beeintr\u00e4chtigt.  <\/p><p>Gemeinsame Nutzung von Daten<\/p><p>Y\u0131ld\u0131z Poliethylene Ltd. \u015eti kann die personenbezogenen Daten der Nutzer und die durch die Verwendung dieser personenbezogenen Daten gewonnenen neuen Daten an Dritte weitergeben, von denen sie zum Zweck der Erbringung der dem Nutzer im Rahmen der Website angebotenen Dienstleistungen profitiert, beschr\u00e4nkt auf die Erbringung der genannten Dienstleistungen. In diesem Zusammenhang wird Y\u0131ld\u0131z Poliethylene Ltd. Ltd. \u015eti die Nutzerdaten an Dritte weitergeben, z.B. an Outsourcing-Dienstleister, Hosting-Dienstleister (\u201eHosting\u201c-Dienste), Anwaltskanzleien, Forschungsunternehmen, Callcenter usw., um die Nutzererfahrung zu verbessern (einschlie\u00dflich Verbesserung und Personalisierung), die Sicherheit der Nutzer zu gew\u00e4hrleisten, betr\u00fcgerische oder unbefugte Nutzung aufzudecken, betriebliche Evaluierungsforschung durchzuf\u00fchren, Fehler im Zusammenhang mit der Website oder Y\u0131ld\u0131z Poliethylene Ltd. \u015eti Dienstleistungen und zur Erreichung der in dieser Datenschutzrichtlinie oder anderen dem Nutzer zur Verf\u00fcgung gestellten Datenschutztexten genannten Zwecke.     <\/p><p>Der Nutzer erkl\u00e4rt sich damit einverstanden, dass die oben genannten Dritten die personenbezogenen Daten des Nutzers auf ihren Servern an einem beliebigen Ort in der Welt speichern d\u00fcrfen, und dass er dem im Voraus zustimmt.<\/p><p>Das Recht des Nutzers auf Zugang zu Daten und Korrekturanfragen<\/p><p>Der Benutzer, Y\u0131ld\u0131z Poliethylene Ltd. Mit der Anmeldung bei \u015eti. hat der Nutzer das Recht auf:<\/p><p>&#8211; Erfahren Sie, ob personenbezogene Daten verarbeitet werden,<br>&#8211; Fordern Sie Informationen an, wenn personenbezogene Daten verarbeitet wurden,<br>&#8211; Informieren Sie sich \u00fcber den Zweck der Verarbeitung personenbezogener Daten und dar\u00fcber, ob die Daten entsprechend ihrem Zweck verwendet werden,<br>&#8211; Sie kennen die Dritten, an die personenbezogene Daten im In- oder Ausland \u00fcbermittelt werden,<br>&#8211; die Berichtigung personenbezogener Daten zu verlangen, wenn diese unvollst\u00e4ndig oder unrichtig verarbeitet werden,<br>&#8211; die L\u00f6schung oder Vernichtung personenbezogener Daten im Rahmen der in der einschl\u00e4gigen Gesetzgebung festgelegten Bedingungen zu verlangen,<br>&#8211; die Benachrichtigung Dritter, an die personenbezogene Daten \u00fcbermittelt werden, \u00fcber die gem\u00e4\u00df der einschl\u00e4gigen Gesetzgebung durchgef\u00fchrten Berichtigungen, L\u00f6schungen und Vernichtungsvorg\u00e4nge zu verlangen,<br>&#8211; sich der Entstehung eines Ergebnisses gegen die Person zu widersetzen, indem ausschlie\u00dflich die verarbeiteten Daten durch automatisierte Systeme analysiert werden,<br>&#8211; Schadensersatz zu verlangen, falls ein Schaden aufgrund einer unrechtm\u00e4\u00dfigen Verarbeitung personenbezogener Daten entsteht.<br>Der Nutzer kann die oben genannten Anfragen \u00fcber die im Antragsformular f\u00fcr Dateneigent\u00fcmer enthaltenen Methoden einreichen. Y\u0131ld\u0131z Poliethylene Ltd. In \u00dcbereinstimmung mit den oben aufgef\u00fchrten Anfragen kann das Unternehmen eine begr\u00fcndete positive\/negative Antwort in schriftlicher oder digitaler Form geben. Es ist wichtig, dass f\u00fcr die notwendigen Verfahren bez\u00fcglich der Anfragen keine Geb\u00fchren erhoben werden. Sollten die Verfahren jedoch Kosten verursachen, kann die Datenschutzbeh\u00f6rde eine Geb\u00fchr auf der Grundlage des gem\u00e4\u00df Artikel 13 des Gesetzes zum Schutz personenbezogener Daten festgelegten Tarifs erheben.    <\/p><p>Der Nutzer verpflichtet sich, dass die Informationen, die er Y\u0131ld\u0131z Poliethylene Ltd. \u015eti zur Verf\u00fcgung gestellten Informationen, die Gegenstand dieser Datenschutzrichtlinie sind, vollst\u00e4ndig, richtig und aktuell sind und dass er diese Informationen im Falle einer \u00c4nderung unverz\u00fcglich aktualisieren wird. Y\u0131ld\u0131z Poliethylene Ltd. \u015eti \u00fcbernimmt keine Haftung, wenn der Nutzer keine aktuellen Informationen zur Verf\u00fcgung stellt.   <\/p><p>Wenn der Nutzer eine Anfrage stellt, die dazu f\u00fchrt, dass Y\u0131ld\u0131z Poliethylene Ltd. \u015eti nicht in der Lage ist, seine pers\u00f6nlichen Daten zu verwenden, wird Y\u0131ld\u0131z Poliethylene Ltd. \u015eti. \u015eti. akzeptiert und erkl\u00e4rt, dass sie m\u00f6glicherweise nicht in der Lage ist, die Dienstleistungen, zu denen sie sich verpflichtet hat, in vollem Umfang zu nutzen, und dass sie f\u00fcr alle sich daraus ergebenden Verpflichtungen verantwortlich ist.    <\/p><p>Aufbewahrungsfrist f\u00fcr pers\u00f6nliche Daten<\/p><p>Y\u0131ld\u0131z Poliethylene Ltd. \u015eti speichert die vom Nutzer zur Verf\u00fcgung gestellten personenbezogenen Daten f\u00fcr die Dauer der erbrachten Dienstleistungen, um die Verpflichtungen zu erf\u00fcllen, die sich aus der Art der von ihr angebotenen Dienstleistungen ergeben. <\/p><p>Dar\u00fcber hinaus kann Y\u0131ld\u0131z Poliethylene Ltd. \u015eti personenbezogene Daten f\u00fcr die Dauer der Verj\u00e4hrungsfrist speichern, die in \u00dcbereinstimmung mit der einschl\u00e4gigen Gesetzgebung festgelegt wird und auf den Zweck beschr\u00e4nkt ist, die notwendigen Verteidigungsmittel im Rahmen des Rechtsstreits im Falle eines Rechtsstreits, der zwischen dem Nutzer und Y\u0131ld\u0131z Poliethylene Ltd. \u015eti.  <\/p><p>Ma\u00dfnahmen in Bezug auf Datensicherheit, Verbindlichkeit<\/p><p>s und Verantwortung<\/p><p>Y\u0131ld\u0131z Poliethylene Ltd. \u015eti, verpflichtet sich dazu: <\/p><p>&#8211; personenbezogene Daten nicht unrechtm\u00e4\u00dfig zu verarbeiten,<br>&#8211; nicht unrechtm\u00e4\u00dfig auf personenbezogene Daten zuzugreifen und<br>&#8211; die erforderlichen technischen und administrativen Ma\u00dfnahmen zu ergreifen und die notwendigen Kontrollen durchzuf\u00fchren, um ein angemessenes Sicherheitsniveau zu gew\u00e4hrleisten, um den Schutz personenbezogener Daten unter den in der einschl\u00e4gigen Gesetzgebung oder in dieser Datenschutzrichtlinie genannten Bedingungen zu gew\u00e4hrleisten.<\/p><p>Wenn auf der Website Links zu anderen Anwendungen bereitgestellt werden, \u00fcbernimmt Y\u0131ld\u0131z Poliethylene Ltd. \u015eti keine Verantwortung f\u00fcr die Datenschutzrichtlinien und Inhalte der Anwendungen. <\/p><p>Y\u0131ld\u0131z Poliethylene Ltd. \u015eti \u00fcbernimmt keine Haftung f\u00fcr Sch\u00e4den, die durch die Verwendung personenbezogener Daten im Rahmen der oben genannten Bedingungen entstehen k\u00f6nnen. <\/p><p>\u00c4nderungen der Datenschutzbestimmungen<\/p><p>Von denjenigen, die die auf der Website angebotenen Dienstleistungen in Anspruch nehmen, wird angenommen, dass sie alle diese Bedingungen gelesen und akzeptiert haben. Y\u0131ld\u0131z Poliethylene Ltd. \u015eti beh\u00e4lt sich das Recht vor, die Bestimmungen der Datenschutzrichtlinie ohne vorherige Ank\u00fcndigung zu \u00e4ndern. Die aktuelle Datenschutzrichtlinie tritt an dem Tag in Kraft, an dem sie dem Nutzer auf irgendeine Weise vorgelegt wird.   <\/p><table><tbody><tr><td class=\"s18\"><div><p class=\"s20\"><span class=\"s19\">TITEL :<\/span><\/p><\/div><\/td><td class=\"s21\"><div><p class=\"s20\"><span class=\"s22\">Y\u0131ld\u0131z Polietilen Ltd. \u015eti. <\/span><\/p><\/div><\/td><\/tr><tr><td class=\"s23\"><div><p class=\"s20\"><span class=\"s19\">ADRESSE :<\/span><\/p><\/div><\/td><td class=\"s24\"><div><p class=\"s20\"><span class=\"s22\">\u0130vedik<\/span><span class=\"s22\"><span class=\"Apple-converted-space\"> <\/span>Organisieren Sanayi B\u00f6lgesi 1467.<span class=\"Apple-converted-space\"> <\/span><\/span><span class=\"s22\">Cadde , 1444<\/span><span class=\"s22\">. Sok. Nr.: 1 <span class=\"Apple-converted-space\"> <\/span><\/span><span class=\"s22\">Ostim<\/span><span class=\"s22\">, Ankara, T\u00fcrkiye<\/span><\/p><\/div><\/td><\/tr><tr><td class=\"s25\"><div><p class=\"s20\"><span class=\"s19\">FINANZAMT\/STEUERNUMMER :<\/span><\/p><\/div><\/td><td class=\"s26\"><div><p class=\"s20\"><span class=\"s22\">\u0130vedik<\/span><span class=\"s22\"><span class=\"Apple-converted-space\"> <\/span>V.D. Vergi Nr:<span class=\"Apple-converted-space\"> <\/span><\/span><span class=\"s22\">965 059 63 30<\/span><\/p><\/div><\/td><\/tr><tr><td class=\"s27\"><div><p class=\"s20\"><span class=\"s19\">E-<\/span><span class=\"s19\">MAIL :<\/span><\/p><\/div><\/td><td class=\"s28\"><div><p class=\"s20\"><span class=\"s22\">info@<\/span><span class=\"s22\">yildizpolietilen<\/span><span class=\"s22\">.com.tr<\/span><\/p><\/div><\/td><\/tr><tr><td class=\"s18\"><div><p class=\"s20\"><span class=\"s19\">WEBSITE :<\/span><\/p><\/div><\/td><td class=\"s21\"><div><p class=\"s20\"><span class=\"s29\">www.yildizpolietilen.com.tr<\/span><\/p><\/div><\/td><\/tr><tr><td class=\"s27\"><div><p class=\"s20\"><span class=\"s19\">KEP<span class=\"Apple-converted-space\"> <\/span><\/span><span class=\"s19\">ADRESSE :<\/span><\/p><\/div><\/td><td class=\"s28\"><div><p class=\"s20\"><span class=\"s29\">yp@hs01.kep.tr<\/span><\/p><\/div><\/td><\/tr><tr><td class=\"s30\"><div><p class=\"s20\"><span class=\"s19\">NUMMER :<\/span><\/p><\/div><\/td><td class=\"s31\"><div><p class=\"s20\"><span class=\"s22\">+90 [312] 394 07 90<\/span><\/p><\/div><\/td><\/tr><tr><td class=\"s27\"><div><p class=\"s20\"><span class=\"s19\">FAX :<\/span><\/p><\/div><\/td><td class=\"s28\"><div><p class=\"s20\"><span class=\"s22\">+90 [312] 394 07 59<\/span><\/p><\/div><\/td><\/tr><\/tbody><\/table><\/div><\/div><\/div>\t\t\t\t\t\t\t\t<\/div>\n\t\t\t\t<\/div>\n\t\t\t\t\t<\/div>\n\t\t<\/div>\n\t\t\t\t\t<\/div>\n\t\t<\/section>\n\t\t\t\t<\/div>\n\t\t","protected":false},"excerpt":{"rendered":"<p>Y\u0131ld\u0131zY\u0131ld\u0131z Polietilen Privacy and Cookie Policy Die Grunds\u00e4tze, die Y\u0131ld\u0131z Poliethylene Ltd. \u015eti bei der Erhebung und Verwendung personenbezogener Daten befolgt, die \u00fcber die Website (\u201eWebsite\u201c) auf Wunsch der Nutzer erhoben werden, sind in dieser Datenschutzrichtlinie geregelt. Pers\u00f6nliche Daten, die gesammelt werden k\u00f6nnen Y\u0131ld\u0131z Poliethylene Ltd. \u015eti auf der Website erfassen kann; &#8211; Identit\u00e4tsinformationen &#8211;&#8230;<\/p>\n","protected":false},"author":1,"featured_media":0,"parent":0,"menu_order":0,"comment_status":"closed","ping_status":"closed","template":"template-builder.php","meta":{"pgc_sgb_lightbox_settings":"","footnotes":""},"class_list":["post-9831","page","type-page","status-publish","hentry"],"_links":{"self":[{"href":"https:\/\/www.yildizpolietilen.com\/de\/wp-json\/wp\/v2\/pages\/9831","targetHints":{"allow":["GET"]}}],"collection":[{"href":"https:\/\/www.yildizpolietilen.com\/de\/wp-json\/wp\/v2\/pages"}],"about":[{"href":"https:\/\/www.yildizpolietilen.com\/de\/wp-json\/wp\/v2\/types\/page"}],"author":[{"embeddable":true,"href":"https:\/\/www.yildizpolietilen.com\/de\/wp-json\/wp\/v2\/users\/1"}],"replies":[{"embeddable":true,"href":"https:\/\/www.yildizpolietilen.com\/de\/wp-json\/wp\/v2\/comments?post=9831"}],"version-history":[{"count":2,"href":"https:\/\/www.yildizpolietilen.com\/de\/wp-json\/wp\/v2\/pages\/9831\/revisions"}],"predecessor-version":[{"id":19557,"href":"https:\/\/www.yildizpolietilen.com\/de\/wp-json\/wp\/v2\/pages\/9831\/revisions\/19557"}],"wp:attachment":[{"href":"https:\/\/www.yildizpolietilen.com\/de\/wp-json\/wp\/v2\/media?parent=9831"}],"curies":[{"name":"wp","href":"https:\/\/api.w.org\/{rel}","templated":true}]}}