{"id":9822,"date":"2024-10-23T21:36:08","date_gmt":"2024-10-23T18:36:08","guid":{"rendered":"https:\/\/yildizpolietilen.com\/kvkk-erlauterungstext\/"},"modified":"2025-06-24T15:09:17","modified_gmt":"2025-06-24T12:09:17","slug":"kvkk-erlauterungstext","status":"publish","type":"page","link":"https:\/\/www.yildizpolietilen.com\/de\/kvkk-erlauterungstext\/","title":{"rendered":"KVKK Erl\u00e4uterungstext"},"content":{"rendered":"\t\t<div data-elementor-type=\"wp-page\" data-elementor-id=\"9822\" class=\"elementor elementor-9822 elementor-9826\" data-elementor-post-type=\"page\">\n\t\t\t\t\t\t<section class=\"elementor-section elementor-top-section elementor-element elementor-element-747687e0 elementor-section-full_width elementor-section-height-default elementor-section-height-default\" data-id=\"747687e0\" data-element_type=\"section\">\n\t\t\t\t\t\t<div class=\"elementor-container elementor-column-gap-no\">\n\t\t\t\t\t<div class=\"elementor-column elementor-col-100 elementor-top-column elementor-element elementor-element-68126d42\" data-id=\"68126d42\" data-element_type=\"column\">\n\t\t\t<div class=\"elementor-widget-wrap elementor-element-populated\">\n\t\t\t\t\r\n\t\t<div class=\"elementor-element elementor-element-4bd746c elementor-widget elementor-widget-drillerbanner\" data-id=\"4bd746c\" data-element_type=\"widget\" data-widget_type=\"drillerbanner.default\">\n\t\t\t\t<div class=\"elementor-widget-container\">\n\t\t\t\t\t<div class=\"th-hero-wrapper hero-7\" id=\"hero\"><div class=\"hero-slider-7 th-carousel\" data-fade=\"true\" data-slide-show=\"1\" data-md-slide-show=\"1\"><div class=\"th-hero-slide\"><div class=\"th-hero-bg\" data-bg-src=\"https:\/\/sysoly.xyz\/tema4\/wp-content\/uploads\/2024\/08\/12.png\"><\/div><div class=\"big-text\" data-ani=\"slideindown\" data-ani-delay=\"0.2s\">Y\u0131ld\u0131z<\/div><div class=\"container z-index-common\"><div class=\"hero-style7\"><div class=\"hero-meta\" data-ani=\"slideindown\" data-ani-delay=\"0.2s\"><span>Y\u0131ld\u0131z Polietilen<\/span><\/div><h1 class=\"hero-title\" data-ani=\"slideindown\" data-ani-delay=\"0.3s\">KVKK Clarification<\/h1><h1 class=\"hero-title\" data-ani=\"slideindown\" data-ani-delay=\"0.5s\">Text<\/h1><div class=\"btn-group\" data-ani=\"slideindown\" data-ani-delay=\"0.6s\"><\/div><\/div><\/div><\/div><\/div><div class=\"icon-box\"><button data-slick-prev=\".hero-slider-7\" class=\"icon-btn\"><i class=\"far fa-long-arrow-left\"><\/i><\/button><button data-slick-next=\".hero-slider-7\" class=\"icon-btn\"><i class=\"far fa-long-arrow-right\"><\/i><\/button><\/div><\/div>\t\t\t\t<\/div>\n\t\t\t\t<\/div>\n\t\t\t\t\t<\/div>\n\t\t<\/div>\n\t\t\t\t\t<\/div>\n\t\t<\/section>\n\t\t\t\t<section class=\"elementor-section elementor-top-section elementor-element elementor-element-594486df elementor-section-full_width elementor-section-height-default elementor-section-height-default\" data-id=\"594486df\" data-element_type=\"section\">\n\t\t\t\t\t\t<div class=\"elementor-container elementor-column-gap-no\">\n\t\t\t\t\t<div class=\"elementor-column elementor-col-100 elementor-top-column elementor-element elementor-element-7fe40e08\" data-id=\"7fe40e08\" data-element_type=\"column\">\n\t\t\t<div class=\"elementor-widget-wrap elementor-element-populated\">\n\t\t\t\t\t\t\t<\/div>\n\t\t<\/div>\n\t\t\t\t\t<\/div>\n\t\t<\/section>\n\t\t\t\t<section class=\"elementor-section elementor-top-section elementor-element elementor-element-32c68510 elementor-section-boxed elementor-section-height-default elementor-section-height-default\" data-id=\"32c68510\" data-element_type=\"section\" data-settings=\"{&quot;background_background&quot;:&quot;classic&quot;}\">\n\t\t\t\t\t\t<div class=\"elementor-container elementor-column-gap-no\">\n\t\t\t\t\t<div class=\"elementor-column elementor-col-100 elementor-top-column elementor-element elementor-element-7c20f316\" data-id=\"7c20f316\" data-element_type=\"column\">\n\t\t\t<div class=\"elementor-widget-wrap elementor-element-populated\">\n\t\t\t\t\t\t<div class=\"elementor-element elementor-element-24b0d00 elementor-widget elementor-widget-text-editor\" data-id=\"24b0d00\" data-element_type=\"widget\" data-widget_type=\"text-editor.default\">\n\t\t\t\t<div class=\"elementor-widget-container\">\n\t\t\t\t\t\t\t\t\t<div id=\"information-information\" class=\"container\"><div class=\"row\"><div id=\"content\" class=\"col-sm-12\"><h1 class=\"title page-title\"><span style=\"font-size: 16px;\">INFORMATIONSTEXT ZUM SCHUTZ PERSONENBEZOGENER DATEN<\/span><\/h1><div class=\"content\"><p>DATENSCHUTZBESTIMMUNGEN, NUTZUNGSBEDINGUNGEN DER WEBSITE UND MITTEILUNGEN UND INFORMATIONEN \u00dcBER IHRE PERS\u00d6NLICHEN DATEN<\/p><p>Zur Erf\u00fcllung der Offenlegungspflicht, die sich aus Artikel 10 des Gesetzes \u00fcber den Schutz personenbezogener Daten Nr. 6698 (\u201eGesetz\u201c) ergibt, legt unser Unternehmen unseren Kunden und Dritten, die unsere Website und\/oder mobilen Anwendungen nutzen, die folgenden Erkl\u00e4rungen zur Kenntnisnahme vor. Unser Unternehmen beh\u00e4lt sich das Recht vor, diesen Informationstext zum Schutz personenbezogener Daten jederzeit im Rahmen von \u00c4nderungen, die an der geltenden Gesetzgebung vorgenommen werden, zu aktualisieren. <\/p><p>Wir nehmen die Sicherheit Ihrer pers\u00f6nlichen Daten sehr ernst. In diesem Bewusstsein legen wir gro\u00dfen Wert auf die Verarbeitung und Speicherung aller personenbezogenen Daten aller mit uns verbundenen Personen in \u00dcbereinstimmung mit dem Gesetz. In vollem Bewusstsein dieser Verantwortung m\u00f6chten wir darauf hinweisen, dass die Richtlinie zum Schutz, zur Verarbeitung, zur Speicherung und zur Vernichtung personenbezogener Daten auf unserer Website (einschlie\u00dflich der mobilen Anwendung) in Bezug auf den Schutz von Besucherinformationen, den Schutz, die Speicherung, die Verarbeitung, die Verwendung und die Vernichtung personenbezogener Daten, die kommerzielle elektronische Kommunikation und andere Fragen g\u00fcltig ist.  <\/p><p>Auf unserer Website verarbeiten wir (aber nicht nur) Name, Vorname, E-Mail, Adresse, Telefonnummer, Lebenslauf und andere pers\u00f6nliche Daten, die Sie uns \u00fcber Cookies und Kommunikationsboxen zur Verf\u00fcgung stellen.<\/p><p>Personenbezogene Daten besonderer Art sind personenbezogene Daten, die in direktem Zusammenhang mit der Privatsph\u00e4re der Person stehen und die im Gesetz in einer begrenzten Anzahl aufgef\u00fchrt sind, wie z.B. Ethnie, ethnische Herkunft, politische Meinung, philosophische Meinung, Religion, Sekte oder andere \u00dcberzeugungen, Mitgliedschaft in einem Verein, einer Stiftung oder Gewerkschaft, Gesundheit oder Sexualleben, Aussehen und Kleidung, \u00dcberzeugung, genetische und biometrische Daten. F\u00fcr die Verwendung anderer personenbezogener Daten besonderer Art, mit Ausnahme von Gesundheit und Sexualleben, ist die ausdr\u00fcckliche Zustimmung erforderlich. Wenn das Gesetz die Erhebung dieser Daten vorschreibt, ist eine ausdr\u00fcckliche Zustimmung nicht erforderlich. In den F\u00e4llen, in denen Einrichtungen des Gesundheitswesens Informationen \u00fcber Gesundheit und Sexualleben im Rahmen des Dienstes speichern, ist eine ausdr\u00fcckliche Zustimmung nicht erforderlich.   <\/p><p>SCHUTZ VON INFORMATIONEN<\/p><p>Auf dieser Website wurden die notwendigen Ma\u00dfnahmen zur Sicherheit der von den Besuchern bereitgestellten und von ihnen erhaltenen Informationen und Transaktionen von uns oder der zust\u00e4ndigen Institution in den Systemen und der Internet-Infrastruktur im Rahmen der technischen M\u00f6glichkeiten und Kostenelemente mit geeigneten technischen und administrativen Methoden getroffen, je nach Art der Informationen und Transaktionen.<\/p><p>Die Informationen, die Sie auf unserer Website eingeben, um Ihre Anfragen und Beschwerden einzureichen oder Informationen zu aktualisieren, k\u00f6nnen von anderen Internetnutzern nicht eingesehen werden.<\/p><p>METHODEN DER INFORMATIONSERFASSUNG, ZWECK DER VERARBEITUNG &#8211; \u00dcBERMITTLUNG UND TRANSAKTIONEN PERS\u00d6NLICHER DATEN<\/p><p>Ergreifung der erforderlichen Ma\u00dfnahmen zum Schutz ihrer Vertraulichkeit und Einhaltung aller rechtlichen Grunds\u00e4tze in Bezug auf die Verarbeitung personenbezogener Daten und die Speicherung und Vernichtung personenbezogener Daten;<\/p><p>&#8211; Wenn es gesetzlich vorgeschrieben ist oder f\u00fcr einige nicht-obligatorische Anwendungen wird ebenfalls eine Erlaubnis eingeholt; die physischen und virtuellen Besuchs- und Kontaktinformationen unserer Besucher und andere pers\u00f6nliche Informationen, die weiter unten aufgef\u00fchrt sind,<br>&#8211; Als Datenverantwortlicher, wir und unsere Partner, Gesch\u00e4fts- und L\u00f6sungspartner, Nachfolger, Dienstleister, Lieferanten und andere zu bestimmende Dritte\/Organisationen (Datenverantwortliche, Verarbeiter und\/oder Empf\u00e4ngergruppen, je nach Fall) (einschlie\u00dflich Betreiber von Social Media-Online-Werbung), wie es der Zweck der Verarbeitung erfordert und zwischen ihnen,<br>&#8211; In den hier genannten F\u00e4llen und auch in F\u00e4llen, in denen es in den Gesetzen eindeutig vorgesehen ist, dass personenbezogene Daten verarbeitet und \u00fcbertragen werden k\u00f6nnen, in F\u00e4llen, in denen die Informationen von der Partei ver\u00f6ffentlicht werden, in F\u00e4llen, in denen es notwendig ist, personenbezogene Daten zu verarbeiten, die den Vertragsparteien geh\u00f6ren, sowie in zwingenden F\u00e4llen, um alle Arten von gesetzlichen Verpflichtungen als Datenverantwortlicher\/-verarbeiter zu erf\u00fcllen, in F\u00e4llen, in denen die Datenverarbeitung und -\u00fcbermittlung f\u00fcr die Begr\u00fcndung, die Nutzung oder den Schutz von Rechten zwingend erforderlich ist, und in F\u00e4llen, in denen die Datenverarbeitung und -\u00fcbermittlung f\u00fcr die hierin und in den Gesetzen vorgesehenen berechtigten Interessen als Datenverantwortlicher\/-verarbeiter zwingend erforderlich ist, vorausgesetzt, dass sie die Grundrechte und -freiheiten nicht beeintr\u00e4chtigt,<\/p><p>Innerhalb des vorgegebenen Rahmens, durch die oben genannten Organisationen in der T\u00fcrkei und im Ausland bearbeitbar, \u00fcbertragbar.<\/p><p>ANWENDUNG VON COOKIES (PL\u00c4TZCHEN USW.) AUF UNSERER WEBSITE<\/p><p>Auf unserer Website (alle digitalen Plattformen, einschlie\u00dflich mobiler Anwendungen) werden verschiedene Arten von Cookies verwendet. Dies sind Sitzungscookies, dauerhafte Cookies, obligatorische Cookies, Funktionscookies, Analysecookies, kommerzielle Cookies und Cookies von Dritten. <\/p><p>Cookies sind kleine Daten, die auf Computern und mobilen Ger\u00e4ten gespeichert werden, um sicherzustellen, dass die besuchte Website ordnungsgem\u00e4\u00df funktioniert und sich weiterentwickelt, dass das Benutzererlebnis personalisiert und verbessert wird, dass Websites besucht werden k\u00f6nnen, ohne sich einzuloggen, und\/oder dass kommerziell-soziale Benachrichtigungen an den Benutzer gesendet werden (die der Benutzer je nach Situation auch dann sehen kann, wenn der Internetbrowser und\/oder die betreffende mobile Anwendung geschlossen ist) und dass den Besuchern der Website allgemeine oder ma\u00dfgeschneiderte Informationen, Anzeigen und Werbeaktionen sowohl auf der betreffenden Website als auch auf Websites anderer Anbieter (einschlie\u00dflich sozialer Mediennetzwerke und Online-Werbenetzwerke) pr\u00e4sentiert werden.<\/p><p>Cookies werden auf Computern und Ger\u00e4ten f\u00fcr einen dem Zweck angemessenen Zeitraum gespeichert, vorausgesetzt, dass der gesetzliche H\u00f6chstzeitraum, falls vorhanden, nicht \u00fcberschritten wird.<\/p><p>Besucher, die unsere Website (einschlie\u00dflich der mobilen Versionen) nutzen, erkl\u00e4ren sich mit der oben genannten Anwendung sowie mit der Verarbeitung der entsprechenden Cookies zu den hier, in der Gesetzgebung \u00fcber personenbezogene Daten und in anderen Teilen dieses Informationstextes festgelegten Zwecken und Umfangsbedingungen f\u00fcr Ihre verschiedenen Informationen einverstanden (einschlie\u00dflich der Weitergabe und Nutzung an Dritte in diesem Rahmen).<\/p><p>Besucher k\u00f6nnen Cookies jederzeit durch Bearbeiten der Einstellungen des Programms und\/oder des Betriebssystems und\/oder des Internetbrowsers auf ihren Ger\u00e4ten entfernen und\/oder die vorgenannten Benachrichtigungen stoppen (es ist zu beachten, dass in diesem Fall unsere Website\/das betreffende Ger\u00e4t\/Programm m\u00f6glicherweise nicht wie gew\u00fcnscht funktioniert und\/oder der Inhalt der Benachrichtigungen nicht bekannt ist).<\/p><p>KOMMUNIKATION<\/p><p>Mit unseren Besuchern k\u00f6nnen wir, unsere Gesch\u00e4fts- und L\u00f6sungspartner sowie \u00f6ffentliche Einrichtungen und Organisationen, mit denen wir gesetzlich verpflichtet sind, Daten auszutauschen, in \u00dcbereinstimmung mit den Gesetzen zum Zwecke der F\u00f6rderung, Werbung und Kommunikation in Bezug auf alle Arten von Produkten und Dienstleistungen \u00fcber SMS\/Kurznachrichten, Sofortnachrichten, automatische Anrufe, Computer, Telefon, E-Mail\/Post, Fax, (wenn auf Ihrem Ger\u00e4t ge\u00f6ffnet) alle Arten von Benachrichtigungen und andere elektronische Kommunikationsmittel kommunizieren und es k\u00f6nnen elektronische Nachrichten an Besucher gesendet werden.<\/p><p>IHRE VERARBEITETEN &#8211; \u00dcBERTRAGENEN PERS\u00d6NLICHEN DATEN UND IHRE GESETZLICHEN RECHTE IN BEZUG AUF IHRE PERS\u00d6NLICHEN DATEN<\/p><p>Neben der Information \u00fcber die Erhebungsmethode und den Rechtsgrund, den Zweck, zu dem sie verarbeitet werden und an wen sie zu welchem Zweck weitergegeben werden k\u00f6nnen, Ihren Vor- und Nachnamen, Ihre E-Mail, Adresse, Telefonnummer und andere pers\u00f6nliche Daten, die Sie uns \u00fcber Cookies und Kommunikationsboxen in unserer Einrichtung zur Verf\u00fcgung gestellt haben; ob Ihre personenbezogenen Daten verarbeitet wurden, falls sie verarbeitet wurden, Informationen dar\u00fcber, ob sie entsprechend ihrem Zweck verwendet wurden, die Dritten, an die sie im In- und Ausland weitergegeben wurden, und das Recht, Informationen zu all diesen Fragen anzufordern sowie die Berichtigung unvollst\u00e4ndiger oder unrichtiger Verarbeitung zu verlangen, die L\u00f6schung oder Vernichtung gem\u00e4\u00df den gesetzlichen Bestimmungen und Methoden und die Mitteilung dieser Situation an Dritte, an die die Daten weitergegeben wurden, sowie das Recht, sich der Entstehung eines Ergebnisses gegen Sie durch die Analyse Ihrer Daten mit automatischen Systemen zu widersetzen und Schadenersatz zu verlangen, falls Sie aufgrund einer gesetzeswidrigen Verarbeitung einen Schaden erleiden, und unsere Rechte aus der Gesetzgebung und diesem Formular sind vorbehalten. Wir m\u00f6chten Sie dar\u00fcber informieren, dass Sie sich in all diesen Fragen an uns als den f\u00fcr die Datenverarbeitung Verantwortlichen wenden k\u00f6nnen. <\/p><p>Wir m\u00f6chten darauf hinweisen, dass wir uns das Recht vorbehalten, Anfragen abzulehnen, die sich unangemessen oft wiederholen, einen unverh\u00e4ltnism\u00e4\u00dfig hohen technischen Aufwand erfordern, die Privatsph\u00e4re anderer gef\u00e4hrden oder anderweitig \u00fcberm\u00e4\u00dfig schwierig sind.<\/p><p>Wir m\u00f6chten Sie jedoch darauf hinweisen, dass f\u00fcr alle Arten von Transaktionen mit personenbezogenen Daten eine Genehmigung eingeholt wird, mit Ausnahme der F\u00e4lle, in denen die Gesetzgebung eine Verarbeitung ohne ausdr\u00fcckliche Zustimmung der betroffenen Person zul\u00e4sst (einschlie\u00dflich \u00dcbertragungen), und dass eine Verarbeitung ohne Genehmigung nicht durchgef\u00fchrt wird.<\/p><p>In diesem Zusammenhang k\u00f6nnen Sie in den F\u00e4llen, in denen Sie um Ihre Einwilligung gebeten werden, die betreffende Einwilligung pers\u00f6nlich oder auf unserer entsprechenden Website, falls zutreffend, oder in einer digitalen Umgebung, falls zutreffend, erteilen (die denselben rechtlichen Wert und dieselbe Qualit\u00e4t wie eine schriftlich unterzeichnete Einwilligung hat). Nachdem Sie die Informationen \u00fcber die Verarbeitung Ihrer pers\u00f6nlichen Daten auf unserer Website ausgewertet haben, k\u00f6nnen Sie den Text der Erlaubnis \u00fcberpr\u00fcfen, der Ihnen in gedruckter Form oder als Link, den Sie per SMS an Ihr Mobiltelefon schicken, vorgelegt wird, und wenn Sie ihn f\u00fcr angemessen halten, wird der Prozess der Erlaubniserteilung abgeschlossen, nachdem Sie die Richtigkeit Ihrer Angaben m\u00fcndlich oder auf dem Bildschirm oder in einer digitalen Umgebung best\u00e4tigt haben. Abgesehen davon,  <\/p><p>aber f\u00fcr die bestehenden, k\u00f6nnen Sie jederzeit auf die entsprechende Seite unserer Partei zugreifen und Genehmigungsverfahren durchf\u00fchren.<\/p><p>Unsere Einrichtung kann personenbezogene Daten in \u00dcbereinstimmung mit der einschl\u00e4gigen Gesetzgebung und in den Zeitr\u00e4umen, die in den Richtlinien zur Speicherung und Vernichtung personenbezogener Daten vorgesehen sind, teilweise\/vollst\u00e4ndig vernichten (l\u00f6schen, zerst\u00f6ren oder anonymisieren). Besucher k\u00f6nnen die Verarbeitung personenbezogener Daten und\/oder die kommerzielle elektronische Kommunikation an ihre Parteien stoppen, indem sie sich \u00fcber die unten angegebenen Kommunikationskan\u00e4le an unsere Einrichtung wenden und die erforderlichen rechtlich-technischen Verfahren einhalten, wann immer sie dies w\u00fcnschen und ohne Angabe von Gr\u00fcnden. Gem\u00e4\u00df ihren diesbez\u00fcglichen eindeutigen Benachrichtigungsanforderungen werden die Transaktionen mit personenbezogenen Daten und\/oder die Mitteilungen an die von ihnen angegebenen Kan\u00e4le innerhalb der gesetzlichen H\u00f6chstfrist gestoppt (die Verarbeitung personenbezogener Daten und die Mitteilungen, die nach dem Gesetz m\u00f6glich-notwendig oder obligatorisch sind, werden fortgesetzt). <\/p><p>Wenn der Besucher es w\u00fcnscht, werden seine Daten, au\u00dfer denen, deren Aufbewahrung gesetzlich vorgeschrieben und\/oder m\u00f6glich ist, aus dem Datenerfassungssystem gel\u00f6scht oder vernichtet oder auf eine Weise anonymisiert, die seine Identit\u00e4t nicht preisgibt, um denselben Zweck zu erreichen. Diesbez\u00fcgliche Antr\u00e4ge und Forderungen werden innerhalb der gesetzlichen H\u00f6chstfristen erf\u00fcllt oder k\u00f6nnen unter Angabe des rechtlichen Grundes nicht akzeptiert werden. <\/p><p>WEBSITES VON DRITTEN &#8211; DIGITALE PLATTFORMEN UND ANWENDUNGEN<\/p><p>Wir sind nicht verantwortlich f\u00fcr Streitigkeiten, materielle und moralische Sch\u00e4den und Verluste, die aufgrund der Nutzung von Informationen von Websites entstehen k\u00f6nnen, die f\u00fcr Werbung, Banner, das Betrachten von Inhalten oder zu anderen Zwecken aufgerufen werden, sowie f\u00fcr die ethischen Grunds\u00e4tze, die Grunds\u00e4tze zum Schutz der Privatsph\u00e4re, die Richtlinien zur Speicherung und Vernichtung personenbezogener Daten, die Servicequalit\u00e4t, die Nutzungsbedingungen, Cookies, Web-Beacons und dergleichen, Benachrichtigungen, Vorschl\u00e4ge und andere Anwendungen der Websites (und anderer digitaler Plattformen).<\/p><p>VERANTWORTUNG<\/p><p>Die Besucher sind verantwortlich f\u00fcr die Informationen, die sie von unserer Website oder anderen mit unserer Website verlinkten Websites\/Mobilanwendungen\/allen Arten von Benachrichtigungen und anderen Einheiten-Medien unserer Einrichtung erhalten, f\u00fcr die Informationen, Promotionen und Werbung, die ihnen elektronisch zugesandt werden, sowie f\u00fcr alle Arten von Vorschl\u00e4gen und f\u00fcr alle Arten von Transaktionen und Anwendungen und Ergebnissen, die sie dementsprechend vornehmen.<\/p><p>Da wir den Status der Gesch\u00e4ftsf\u00e4higkeit eines Besuchers unserer Website nicht kennen k\u00f6nnen, liegt die Verantwortung f\u00fcr die Nutzung, Information und Verarbeitung dieser Daten durch Kinder und andere Minderj\u00e4hrige bei ihren gesetzlichen Vertretern, und sie k\u00f6nnen ihre Rechte in Bezug auf ihre pers\u00f6nlichen Daten (und ggf. Mitteilungen) auch durch ihre gesetzlichen Vertreter wahrnehmen.<\/p><p>RECHTE AM INHALT DER WEBSITE<\/p><p>Was alle Arten von Informationen und Inhalten auf unserer Website sowie deren Anordnung, \u00dcberarbeitung und teilweise\/vollst\u00e4ndige Nutzung betrifft, so geh\u00f6ren alle geistig-industriellen Rechte und Eigentumsrechte uns, unserer Institution, mit Ausnahme derer, die gem\u00e4\u00df unserer Vereinbarung anderen Dritten geh\u00f6ren.<\/p><p>\u00c4NDERUNGEN<\/p><p>Wir behalten uns das Recht vor, alle \u00c4nderungen vorzunehmen, die wir f\u00fcr notwendig erachten, z.B. in Bezug auf den Schutz der Privatsph\u00e4re, die Verwendung und Vernichtung personenbezogener Daten, die Nutzungsbedingungen der Website sowie die angebotenen Produkte, Dienstleistungen und M\u00f6glichkeiten, Kampagnen usw.; diese \u00c4nderungen sind ab dem Zeitpunkt g\u00fcltig, an dem sie von uns auf der Website oder auf andere geeignete Weise bekannt gegeben werden.<\/p><p>Sie k\u00f6nnen uns Ihre Anfragen nach zus\u00e4tzlichen Informationen, alle Arten von Anfragen und Beschwerden zu all diesen Angelegenheiten mitteilen, indem Sie uns \u00fcber die unten aufgef\u00fchrten Kommunikationskan\u00e4le erreichen. In F\u00e4llen, in denen die betreffende Anfrage per Gesetz in einem bestimmten Verfahren (in einer Methode-Zeit-Form) gestellt werden muss, ist das betreffende Verfahren einzuhalten. <\/p><table><tbody><tr><td class=\"s11\"><div><p class=\"s13\">TITEL<a name=\"_GoBack\"><\/a>:<\/p><\/div><\/td><td class=\"s14\"><div><p class=\"s13\"><span class=\"s15\">Y\u0131ld\u0131z Polietilen<span class=\"Apple-converted-space\"> <\/span><\/span><span class=\"s15\">Ltd.\u015eti<\/span><span class=\"s15\">.<\/span><\/p><\/div><\/td><\/tr><tr><td class=\"s16\"><div><p class=\"s13\"><span class=\"s12\">ADRESSE :<\/span><\/p><\/div><\/td><td class=\"s17\"><div><p class=\"s13\"><span class=\"s18\"> <\/span><a href=\"https:\/\/www.google.com\/maps?q=39.9867314,32.731542%20%5Co%20Y%C4%B1ld%C4%B1z%20Polietilen%20Adresi%20%5Ct%20_blank\" target=\"_blank\" rel=\"noopener\"><span class=\"s19\">\u0130vedik<\/span><span class=\"s19\"><span class=\"Apple-converted-space\"> <\/span>Organisieren Sanayi B\u00f6lgesi 1467.<span class=\"Apple-converted-space\"> <\/span><\/span><span class=\"s19\">Cadde , 1444<\/span><span class=\"s19\">. Sok. Nr.: 1 <span class=\"Apple-converted-space\"> <\/span><\/span><span class=\"s19\">Ostim<\/span><span class=\"s19\">, Ankara, T\u00fcrkiye<\/span><\/a><\/p><\/div><\/td><\/tr><tr><td class=\"s11\"><div><p class=\"s13\"><span class=\"s12\"><span class=\"Apple-converted-space\">FINANZAMT\/STEUERNUMMER <\/span><\/span><span class=\"s12\">:<\/span><\/p><\/div><\/td><td class=\"s14\"><div><p class=\"s13\"><span class=\"s15\">Anadolu Kurumlar V.D. Vergi Nr: 782 007 1099<\/span><\/p><\/div><\/td><\/tr><tr><td class=\"s16\"><div><p class=\"s13\"><span class=\"s12\">E-<\/span><span class=\"s12\">POSTA :<\/span><\/p><\/div><\/td><td class=\"s17\"><div><p class=\"s13\"><span class=\"s15\">info@yildizpolietilen<\/span><span class=\"s15\">.com.tr<\/span><\/p><\/div><\/td><\/tr><tr><td class=\"s11\"><div><p class=\"s13\"><span class=\"s12\">WEBSITE :<\/span><\/p><\/div><\/td><td class=\"s14\"><div><p class=\"s13\"><span class=\"s20\">www.yildizpolietilen.com<\/span><\/p><\/div><\/td><\/tr><tr><td class=\"s16\"><div><p class=\"s13\"><span class=\"s12\">KEP<span class=\"Apple-converted-space\"> <\/span><\/span><span class=\"s12\">ADRESSE :<\/span><\/p><\/div><\/td><td class=\"s17\"><div><p class=\"s13\"><span class=\"s20\">yp@hs01.kep.tr<\/span><\/p><\/div><\/td><\/tr><tr><td class=\"s11\"><div><p class=\"s13\"><span class=\"s12\">NUMMER :<\/span><\/p><\/div><\/td><td class=\"s14\"><div><p class=\"s13\"><span class=\"s15\">+90 [312] 394 07 90<\/span><\/p><\/div><\/td><\/tr><tr><td class=\"s16\"><div><p class=\"s13\"><span class=\"s12\">FAX :<\/span><\/p><\/div><\/td><td class=\"s17\"><div><p class=\"s13\"><span class=\"s15\">+90 [312] 394 07 59<\/span><\/p><\/div><\/td><\/tr><\/tbody><\/table><\/div><\/div><\/div><\/div><footer><div class=\"grid-rows\"><div class=\"grid-row grid-row-1\"><div class=\"grid-cols\"><div class=\"grid-col grid-col-1\" data-dimensions=\"256 x 365 (Admin Only)\"><div class=\"grid-items\"><div class=\"grid-item grid-item-1\"><div class=\"links-menu links-menu-390\"> <\/div><\/div><\/div><\/div><\/div><\/div><\/div><\/footer>\t\t\t\t\t\t\t\t<\/div>\n\t\t\t\t<\/div>\n\t\t\t\t\t<\/div>\n\t\t<\/div>\n\t\t\t\t\t<\/div>\n\t\t<\/section>\n\t\t\t\t<\/div>\n\t\t","protected":false},"excerpt":{"rendered":"<p>Y\u0131ld\u0131zY\u0131ld\u0131z Polietilen KVKK Clarification Text INFORMATIONSTEXT ZUM SCHUTZ PERSONENBEZOGENER DATEN DATENSCHUTZBESTIMMUNGEN, NUTZUNGSBEDINGUNGEN DER WEBSITE UND MITTEILUNGEN UND INFORMATIONEN \u00dcBER IHRE PERS\u00d6NLICHEN DATEN Zur Erf\u00fcllung der Offenlegungspflicht, die sich aus Artikel 10 des Gesetzes \u00fcber den Schutz personenbezogener Daten Nr. 6698 (\u201eGesetz\u201c) ergibt, legt unser Unternehmen unseren Kunden und Dritten, die unsere Website und\/oder mobilen Anwendungen&#8230;<\/p>\n","protected":false},"author":1,"featured_media":0,"parent":0,"menu_order":0,"comment_status":"closed","ping_status":"closed","template":"template-builder.php","meta":{"pgc_sgb_lightbox_settings":"","footnotes":""},"class_list":["post-9822","page","type-page","status-publish","hentry"],"_links":{"self":[{"href":"https:\/\/www.yildizpolietilen.com\/de\/wp-json\/wp\/v2\/pages\/9822","targetHints":{"allow":["GET"]}}],"collection":[{"href":"https:\/\/www.yildizpolietilen.com\/de\/wp-json\/wp\/v2\/pages"}],"about":[{"href":"https:\/\/www.yildizpolietilen.com\/de\/wp-json\/wp\/v2\/types\/page"}],"author":[{"embeddable":true,"href":"https:\/\/www.yildizpolietilen.com\/de\/wp-json\/wp\/v2\/users\/1"}],"replies":[{"embeddable":true,"href":"https:\/\/www.yildizpolietilen.com\/de\/wp-json\/wp\/v2\/comments?post=9822"}],"version-history":[{"count":2,"href":"https:\/\/www.yildizpolietilen.com\/de\/wp-json\/wp\/v2\/pages\/9822\/revisions"}],"predecessor-version":[{"id":19553,"href":"https:\/\/www.yildizpolietilen.com\/de\/wp-json\/wp\/v2\/pages\/9822\/revisions\/19553"}],"wp:attachment":[{"href":"https:\/\/www.yildizpolietilen.com\/de\/wp-json\/wp\/v2\/media?parent=9822"}],"curies":[{"name":"wp","href":"https:\/\/api.w.org\/{rel}","templated":true}]}}