{"id":11873,"date":"2024-08-13T17:24:27","date_gmt":"2024-08-13T14:24:27","guid":{"rendered":"https:\/\/yildizpolietilen.com\/acik-pozisyonlar\/"},"modified":"2025-06-24T11:07:09","modified_gmt":"2025-06-24T08:07:09","slug":"acik-pozisyonlar","status":"publish","type":"page","link":"https:\/\/www.yildizpolietilen.com\/de\/acik-pozisyonlar\/","title":{"rendered":"A\u00e7\u0131k Pozisyonlar"},"content":{"rendered":"\t\t<div data-elementor-type=\"wp-page\" data-elementor-id=\"11873\" class=\"elementor elementor-11873 elementor-6796\" data-elementor-post-type=\"page\">\n\t\t\t\t\t\t<section class=\"elementor-section elementor-top-section elementor-element elementor-element-6089c940 elementor-section-full_width elementor-section-height-default elementor-section-height-default\" data-id=\"6089c940\" data-element_type=\"section\">\n\t\t\t\t\t\t<div class=\"elementor-container elementor-column-gap-no\">\n\t\t\t\t\t<div class=\"elementor-column elementor-col-100 elementor-top-column elementor-element elementor-element-3e556b33\" data-id=\"3e556b33\" data-element_type=\"column\">\n\t\t\t<div class=\"elementor-widget-wrap elementor-element-populated\">\n\t\t\t\t\r\n\t\t<div class=\"elementor-element elementor-element-562a6dbd elementor-widget elementor-widget-kontabanner\" data-id=\"562a6dbd\" data-element_type=\"widget\" data-settings=\"{&quot;ekit_we_effect_on&quot;:&quot;none&quot;}\" data-widget_type=\"kontabanner.default\">\n\t\t\t\t<div class=\"elementor-widget-container\">\n\t\t\t\t\t<div class=\"th-hero-wrapper hero-2\" id=\"hero\"><div class=\"hero-slider-2 th-carousel\" id=\"heroSlide6\" data-slide-show=\"1\" data-md-slide-show=\"1\" data-fade=\"true\"><div class=\"th-hero-slide\"><div class=\"th-hero-bg\" data-bg-src=\"https:\/\/images.pexels.com\/photos\/3184418\/pexels-photo-3184418.jpeg?auto=compress&#038;cs=tinysrgb&#038;w=1260&#038;h=750&#038;dpr=2\"><img decoding=\"async\" src=\"https:\/\/themeholy.com\/wordpress\/konta\/wp-content\/uploads\/2023\/09\/hero_overlay_2.png\" alt=\"hero_overlay_2\"  \/><\/div><div class=\"big-text\" data-ani=\"slideindown\" data-ani-delay=\"0.2s\">Y\u0131ld\u0131z Polietilen<\/div><div class=\"container th-container\"><div class=\"hero-style2\"><h1 class=\"hero-title text-white\" data-ani=\"slideindown\" data-ani-delay=\"0.4s\">A\u00e7\u0131k<\/h1><h1 class=\"hero-title text-white\" data-ani=\"slideindown\" data-ani-delay=\"0.1s\"><span class=\"text-theme\"> Pozisyonlar <\/span><\/h1><p class=\"hero-text\" data-ani=\"slideinup\" data-ani-delay=\"0.1s\">S\u00fcrekli olarak yenilik\u00e7i \u00e7\u00f6z\u00fcmler geli\u015ftirir, sekt\u00f6rdeki en son teknolojileri takip eder ve uygular\u0131z. \u0130novasyon, b\u00fcy\u00fcmemizin ve ba\u015far\u0131m\u0131z\u0131n temelidir.<\/p><div class=\"btn-group\" data-ani=\"slideinup\" data-ani-delay=\"0.5s\"><\/div><\/div><\/div><\/div><\/div><div class=\"icon-box\"><button data-slick-prev=\"#heroSlide6\" class=\"slick-arrow default\"><i class=\"far fa-chevron-left\"><\/i><\/button><button data-slick-next=\"#heroSlide6\" class=\"slick-arrow default\"><i class=\"far fa-chevron-right\"><\/i><\/button><\/div><\/div>\t\t\t\t<\/div>\n\t\t\t\t<\/div>\n\t\t\t\t\t<\/div>\n\t\t<\/div>\n\t\t\t\t\t<\/div>\n\t\t<\/section>\n\t\t\t\t<section class=\"elementor-section elementor-top-section elementor-element elementor-element-66db07dc elementor-section-full_width elementor-section-height-default elementor-section-height-default\" data-id=\"66db07dc\" data-element_type=\"section\" id=\"project\" data-settings=\"{&quot;background_background&quot;:&quot;classic&quot;}\">\n\t\t\t\t\t\t<div class=\"elementor-container elementor-column-gap-no\">\n\t\t\t\t\t<div class=\"elementor-column elementor-col-100 elementor-top-column elementor-element elementor-element-1a8ce7a3\" data-id=\"1a8ce7a3\" data-element_type=\"column\">\n\t\t\t<div class=\"elementor-widget-wrap elementor-element-populated\">\n\t\t\t\t\t\t<section class=\"elementor-section elementor-inner-section elementor-element elementor-element-4bf6b52e elementor-section-boxed elementor-section-height-default elementor-section-height-default\" data-id=\"4bf6b52e\" data-element_type=\"section\">\n\t\t\t\t\t\t<div class=\"elementor-container elementor-column-gap-no\">\n\t\t\t\t\t<div class=\"elementor-column elementor-col-100 elementor-inner-column elementor-element elementor-element-6bbe60ca\" data-id=\"6bbe60ca\" data-element_type=\"column\">\n\t\t\t<div class=\"elementor-widget-wrap elementor-element-populated\">\n\t\t\t\t\t\t<div class=\"elementor-element elementor-element-7a6e7154 elementor-widget elementor-widget-kontasectiontitle\" data-id=\"7a6e7154\" data-element_type=\"widget\" data-settings=\"{&quot;ekit_we_effect_on&quot;:&quot;none&quot;}\" data-widget_type=\"kontasectiontitle.default\">\n\t\t\t\t<div class=\"elementor-widget-container\">\n\t\t\t\t\t<div class=\"title-area mb-md-0\" ><span class=\" sub-title2 subtitle-selector\"><img decoding=\"async\" src=\"https:\/\/themeholy.com\/wordpress\/konta\/wp-content\/uploads\/2023\/09\/subtitle-img2-1.svg\" alt=\"subtitle img2 1\"  class=\"icon\" \/>Y\u0131ld\u0131z Polietilen<\/span><h2 class=\"sec-title  title-selector\">A\u00e7\u0131k Pozisyonlar<\/h2><\/div>\t\t\t\t<\/div>\n\t\t\t\t<\/div>\n\t\t\t\t\t<\/div>\n\t\t<\/div>\n\t\t\t\t\t<\/div>\n\t\t<\/section>\n\t\t\t\t\t<\/div>\n\t\t<\/div>\n\t\t\t\t\t<\/div>\n\t\t<\/section>\n\t\t<div class=\"elementor-element elementor-element-5e54c46 e-flex e-con-boxed e-con e-parent\" data-id=\"5e54c46\" data-element_type=\"container\">\n\t\t\t\t\t<div class=\"e-con-inner\">\n\t\t<div class=\"elementor-element elementor-element-8840339 e-con-full e-flex e-con e-child\" data-id=\"8840339\" data-element_type=\"container\">\n\t\t\t\t<div class=\"elementor-element elementor-element-e95034c elementor-widget elementor-widget-heading\" data-id=\"e95034c\" data-element_type=\"widget\" data-settings=\"{&quot;ekit_we_effect_on&quot;:&quot;none&quot;}\" data-widget_type=\"heading.default\">\n\t\t\t\t<div class=\"elementor-widget-container\">\n\t\t\t\t\t<h2 class=\"elementor-heading-title elementor-size-default\">A\u00e7\u0131k Pozisyon Bulunmamaktad\u0131r\n<\/h2>\t\t\t\t<\/div>\n\t\t\t\t<\/div>\n\t\t\t\t<\/div>\n\t\t<div class=\"elementor-element elementor-element-60f7807 e-con-full e-flex e-con e-child\" data-id=\"60f7807\" data-element_type=\"container\">\n\t\t\t\t<\/div>\n\t\t<div class=\"elementor-element elementor-element-fe5f50e e-con-full e-flex e-con e-child\" data-id=\"fe5f50e\" data-element_type=\"container\">\n\t\t\t\t<\/div>\n\t\t\t\t\t<\/div>\n\t\t\t\t<\/div>\n\t\t<div class=\"elementor-element elementor-element-d4a2852 e-flex e-con-boxed e-con e-parent\" data-id=\"d4a2852\" data-element_type=\"container\">\n\t\t\t\t\t<div class=\"e-con-inner\">\n\t\t\t\t<div class=\"elementor-element elementor-element-b2a3370 elementor-widget elementor-widget-spacer\" data-id=\"b2a3370\" data-element_type=\"widget\" data-settings=\"{&quot;ekit_we_effect_on&quot;:&quot;none&quot;}\" data-widget_type=\"spacer.default\">\n\t\t\t\t<div class=\"elementor-widget-container\">\n\t\t\t\t\t\t\t<div class=\"elementor-spacer\">\n\t\t\t<div class=\"elementor-spacer-inner\"><\/div>\n\t\t<\/div>\n\t\t\t\t\t\t<\/div>\n\t\t\t\t<\/div>\n\t\t\t\t\t<\/div>\n\t\t\t\t<\/div>\n\t\t\t\t<section class=\"elementor-section elementor-top-section elementor-element elementor-element-dfeedd2 elementor-section-boxed elementor-section-height-default elementor-section-height-default\" data-id=\"dfeedd2\" data-element_type=\"section\">\n\t\t\t\t\t\t<div class=\"elementor-container elementor-column-gap-default\">\n\t\t\t\t\t<div class=\"elementor-column elementor-col-100 elementor-top-column elementor-element elementor-element-215fe6b\" data-id=\"215fe6b\" data-element_type=\"column\">\n\t\t\t<div class=\"elementor-widget-wrap elementor-element-populated\">\n\t\t\t\t\t\t<div class=\"elementor-element elementor-element-35d1cd0 elementor-widget elementor-widget-spacer\" data-id=\"35d1cd0\" data-element_type=\"widget\" data-settings=\"{&quot;ekit_we_effect_on&quot;:&quot;none&quot;}\" data-widget_type=\"spacer.default\">\n\t\t\t\t<div class=\"elementor-widget-container\">\n\t\t\t\t\t\t\t<div class=\"elementor-spacer\">\n\t\t\t<div class=\"elementor-spacer-inner\"><\/div>\n\t\t<\/div>\n\t\t\t\t\t\t<\/div>\n\t\t\t\t<\/div>\n\t\t\t\t\t<\/div>\n\t\t<\/div>\n\t\t\t\t\t<\/div>\n\t\t<\/section>\n\t\t\t\t<\/div>\n\t\t","protected":false},"excerpt":{"rendered":"<p>Y\u0131ld\u0131z Polietilen A\u00e7\u0131k Pozisyonlar S\u00fcrekli olarak yenilik\u00e7i \u00e7\u00f6z\u00fcmler geli\u015ftirir, sekt\u00f6rdeki en son teknolojileri takip eder ve uygular\u0131z. \u0130novasyon, b\u00fcy\u00fcmemizin ve ba\u015far\u0131m\u0131z\u0131n temelidir. Y\u0131ld\u0131z Polietilen A\u00e7\u0131k Pozisyonlar A\u00e7\u0131k Pozisyon Bulunmamaktad\u0131r<\/p>\n","protected":false},"author":1,"featured_media":0,"parent":0,"menu_order":0,"comment_status":"closed","ping_status":"closed","template":"template-builder.php","meta":{"pgc_sgb_lightbox_settings":"","footnotes":""},"class_list":["post-11873","page","type-page","status-publish","hentry"],"_links":{"self":[{"href":"https:\/\/www.yildizpolietilen.com\/de\/wp-json\/wp\/v2\/pages\/11873","targetHints":{"allow":["GET"]}}],"collection":[{"href":"https:\/\/www.yildizpolietilen.com\/de\/wp-json\/wp\/v2\/pages"}],"about":[{"href":"https:\/\/www.yildizpolietilen.com\/de\/wp-json\/wp\/v2\/types\/page"}],"author":[{"embeddable":true,"href":"https:\/\/www.yildizpolietilen.com\/de\/wp-json\/wp\/v2\/users\/1"}],"replies":[{"embeddable":true,"href":"https:\/\/www.yildizpolietilen.com\/de\/wp-json\/wp\/v2\/comments?post=11873"}],"version-history":[{"count":2,"href":"https:\/\/www.yildizpolietilen.com\/de\/wp-json\/wp\/v2\/pages\/11873\/revisions"}],"predecessor-version":[{"id":19061,"href":"https:\/\/www.yildizpolietilen.com\/de\/wp-json\/wp\/v2\/pages\/11873\/revisions\/19061"}],"wp:attachment":[{"href":"https:\/\/www.yildizpolietilen.com\/de\/wp-json\/wp\/v2\/media?parent=11873"}],"curies":[{"name":"wp","href":"https:\/\/api.w.org\/{rel}","templated":true}]}}